{"id":7836,"date":"2023-09-07T12:44:22","date_gmt":"2023-09-07T12:44:22","guid":{"rendered":"https:\/\/oceansignal.com\/products\/rescueme-epirb2\/"},"modified":"2026-05-08T10:09:43","modified_gmt":"2026-05-08T10:09:43","slug":"rescueme-epirb2","status":"publish","type":"product","link":"https:\/\/oceansignal.com\/it\/products\/rescueme-epirb2\/","title":{"rendered":"rescueME EPIRB2"},"content":{"rendered":"<p class=\"ai-optimize-36\"><a href=\"https:\/\/www.dropbox.com\/s\/8343nj28z0d7bxa\/Prop%2065%20-%20BPA.pdf?dl=0\" data-cke-saved-href=\"https:\/\/www.dropbox.com\/s\/8343nj28z0d7bxa\/Prop%2065%20-%20BPA.pdf?dl=0\">ATTENZIONE: PROP 65<\/a><\/p>\n<p>Con l&#8217;introduzione della tecnologia Return Link Service (RLS) e delle funzionalit\u00e0 Near Field Communication (NFC), l&#8217; EPIRB2 offre vantaggi significativi rispetto ai suoi predecessori. Gli EPIRB con Return Link Service rassicurano chi attiva il radiofaro confermando la ricezione del messaggio di soccorso e l&#8217;inclusione della funzionalit\u00e0 NFC consente l&#8217;utilizzo di un&#8217;app per smartphone per monitorare la batteria e altre funzioni EPIRB , assicurandone il corretto funzionamento. Le nuove e innovative funzionalit\u00e0 EPIRB2 lo rendono una scelta eccellente per un&#8217;ampia gamma di applicazioni marine, specifiche sia per imbarcazioni da diporto che commerciali.  <\/p>\n<p><iframe loading=\"lazy\" title=\"EPIRB3 and EPIRB2  | Activation\" width=\"500\" height=\"281\" src=\"https:\/\/www.youtube.com\/embed\/P5KBMhmPYjQ?feature=oembed\" frameborder=\"0\" allow=\"accelerometer; autoplay; clipboard-write; encrypted-media; gyroscope; picture-in-picture; web-share\" referrerpolicy=\"strict-origin-when-cross-origin\" allowfullscreen><\/iframe><\/p>\n<p class=\"ai-optimize-37\">\n<p class=\"ai-optimize-38\">Nello sviluppo <a href=\"https:\/\/oceansignal.com\/it\/news\/ocean-signal-lancia-la-nuova-serie-epirb2\/\">EPIRB2<\/a> , Ocean Signal ha attinto alla sua consolidata esperienza nella progettazione e produzione di EPIRB Return Link Service di alta qualit\u00e0 e ricchi di funzionalit\u00e0, caratterizzati da un design compatto e pratico. Grazie a diversi livelli di tecnologia di segnalazione integrata, tra cui il posizionamento GNSS (GPS, Galileo, Glonass) a 406 MHz e un segnale di homing a 121,5 MHz, l&#8217; EPIRB2 guida senza problemi le forze di ricerca e soccorso verso la vostra posizione. L&#8217;aggiunta della tecnologia Return Link Service (RLS) e della funzionalit\u00e0 Near Field Communication completano l&#8217;impressionante gamma di funzionalit\u00e0 EPIRB2 .  <\/p>\n<p>&nbsp;<\/p>\n<p class=\"ai-optimize-39\"><strong>Connettivit\u00e0 per smartphone tramite Near Field Communication (NFC)<\/strong><\/p>\n<p>&nbsp;<\/p>\n<p class=\"ai-optimize-40\">L&#8217;integrazione della <a href=\"https:\/\/www.youtube.com\/watch?v=MRXLii6r3n4&#038;t=42s\">tecnologia NFC<\/a> offre agli utenti la possibilit\u00e0 di accedere comodamente ai dati del beacon dai loro telefoni cellulari. Semplicemente posizionando un telefono vicino al beacon si apre automaticamente l&#8217;app Ocean Signal Product e si accede a una vasta gamma di dati di utilizzo, tra cui la durata attuale della batteria, il numero di autotest completati, il numero di test GNSS completati e, se applicabile, la quantit\u00e0 di tempo in cui il beacon \u00e8 stato attivato. <\/p>\n<p>&nbsp;<\/p>\n<p class=\"ai-optimize-41\">Sono inoltre disponibili informazioni dettagliate su ogni autotest e test GNSS eseguito dal beacon. Le informazioni accessibili per ogni test GNSS riuscito includono l&#8217;accesso a una mappa che mostra esattamente dove \u00e8 stato eseguito il test, la data e l&#8217;ora del test, il tempo impiegato dal beacon per ottenere una correzione delle coordinate GNSS, il numero di satelliti utilizzati dal beacon per ottenere tale correzione e l&#8217;accuratezza della posizione. <\/p>\n<p>&nbsp;<\/p>\n<p class=\"ai-optimize-42\"><strong>Copertura globale tramite la rete satellitare Cospas-Sarsat<\/strong><\/p>\n<p>&nbsp;<\/p>\n<p class=\"ai-optimize-43\">Sfruttando la portata globale della <a href=\"https:\/\/www.cospas-sarsat.int\/en\/\">rete satellitare Cospas-Sarsat<\/a> , l&#8217; EPIRB2 pu\u00f2 essere attivato ovunque, in qualsiasi momento, e trasmetter\u00e0 il tuo messaggio di soccorso a 406 MHz. La trasmissione del messaggio di soccorso include le coordinate del radiofaro derivate dal ricevitore GNSS integrato EPIRB , con una precisione di 100 metri. <\/p>\n<p>&nbsp;<\/p>\n<p class=\"ai-optimize-44\">RLS rassicura gli utenti inviando un segnale di ritorno tramite la rete satellitare <a href=\"https:\/\/www.euspa.europa.eu\/european-space\/galileo\/services\/search-and-rescue-sar-galileo-service\">Galileo<\/a> direttamente al faro per confermare che il messaggio di soccorso \u00e8 stato ricevuto e che la posizione del faro \u00e8 stata rilevata. La conferma dell&#8217;utente \u00e8 chiaramente indicata da una luce blu lampeggiante. <\/p>\n<p>&nbsp;<\/p>\n<p class=\"ai-optimize-45\"><strong>Servizio di collegamento per il ritorno (RLS)<\/strong><\/p>\n<p class=\"ai-optimize-46\"><strong> <\/strong><\/p>\n<p class=\"ai-optimize-47\">Lo stress intrinseco associato a un&#8217;emergenza marittima \u00e8 un sintomo impegnativo che tutti i diportisti devono purtroppo affrontare quando si trovano in una situazione di pericolo. Fortunatamente, l&#8217;inclusione della funzione RLS EPIRB2 offre un mezzo per ridurre al minimo lo stress in tali situazioni. Gli EPIRB con servizio di collegamento di ritorno forniscono una conferma diretta al radiofaro, informando l&#8217;utente che il suo messaggio di soccorso \u00e8 stato ricevuto e la sua posizione \u00e8 stata rilevata. L&#8217;indicazione della funzionalit\u00e0 RLS \u00e8 rappresentata da una luce blu distintiva, che consente agli utenti di verificare facilmente il momento esatto in cui \u00e8 stata ricevuta la conferma RLS.   <\/p>\n<p>&nbsp;<\/p>\n<p class=\"ai-optimize-48\">Ocean Signal \u00e8 orgogliosa di continuare a offrire funzionalit\u00e0 innovative come RLS e NFC, mantenendo l&#8217;obiettivo di offrire prodotti di sicurezza innovativi di altissima qualit\u00e0. Qualunque sia il motivo del tuo prossimo viaggio o la destinazione scelta, garantisci la tua sicurezza con l&#8217; EPIRB2 . <\/p>\n<p>&nbsp;<\/p>\n<p class=\"ai-optimize-49\"><strong>Tratti somatici:<\/strong><\/p>\n<p>&nbsp;<\/p>\n<ul>\n<li class=\"ai-optimize-50\">30% (tipico) pi\u00f9 piccolo<\/li>\n<li class=\"ai-optimize-51\">Servizio di collegamento per il ritorno (RLS)<\/li>\n<li class=\"ai-optimize-52\">Connettivit\u00e0 mobile tramite Near Field Communication (NFC)<\/li>\n<li class=\"ai-optimize-53\">App gratuita (Apple e Android)<\/li>\n<li class=\"ai-optimize-54\">Durata della batteria di 10 anni<\/li>\n<li class=\"ai-optimize-55\">48+ ore di vita operativa<\/li>\n<li class=\"ai-optimize-56\">Garanzia di 2 anni (\u00e8 possibile estendere la garanzia a 5 anni tramite la registrazione del prodotto con Ocean Signal ) \u2020<\/li>\n<li class=\"ai-optimize-57\">Posizionamento rapido e preciso con GPS a 72 canali<\/li>\n<li class=\"ai-optimize-58\">Antenna retrattile<\/li>\n<li class=\"ai-optimize-59\">Staffa a sgancio rapido<\/li>\n<li class=\"ai-optimize-60\">Cordino di sicurezza<\/li>\n<\/ul>\n<p>&nbsp;<\/p>\n<p class=\"ai-optimize-61\">\u2020 Soggetto a dichiarazione di garanzia<\/p>\n","protected":false},"excerpt":{"rendered":"<p class=\"ai-optimize-63\">L&#8217; EPIRB pi\u00f9 compatto al mondo, ora con RLS e NFC<\/p>\n<ul>\n<li class=\"ai-optimize-64\">Invia un allarme di soccorso globale a 406 MHz ai servizi di ricerca e soccorso in qualsiasi parte del mondo: la conferma del servizio di collegamento di ritorno (RLS) ti avvisa dell&#8217;avvenuta ricezione del segnale.<\/li>\n<li class=\"ai-optimize-65\">Compatto, predisposto per l&#8217;utilizzo senza galleggiamento e costruito per la vita in mare aperto, con oltre 48 ore di autonomia della batteria, posizionamento GPS rapido e una durata della batteria di 10 anni per la massima tranquillit\u00e0 a lungo termine.<\/li>\n<li class=\"ai-optimize-66\">Nessun costo di abbonamento. Basta registrare il proprio beacon e collegarlo all&#8217;app gratuita Ocean Signal tramite NFC per una facile configurazione, test e manutenzione direttamente dal telefono. <\/li>\n<\/ul>\n","protected":false},"featured_media":20473,"template":"","meta":{"_acf_changed":false,"om_disable_all_campaigns":false},"product_brand":[],"product_cat":[729,474],"product_tag":[730,802,732,731,801],"class_list":{"0":"post-7836","1":"product","2":"type-product","3":"status-publish","4":"has-post-thumbnail","6":"product_cat-epirb-it","7":"product_cat-rescueme-it-2","8":"product_tag-epirb-it","9":"product_tag-epirb2-it","10":"product_tag-la-sindrome-delle-gambe-senza-riposo","11":"product_tag-non-fc","12":"product_tag-radiofaro-di-segnalazione-della-posizione-di-emergenza","14":"first","15":"instock","16":"taxable","17":"shipping-taxable","18":"purchasable","19":"product-type-simple"},"acf":[],"yoast_head":"<!-- This site is optimized with the Yoast SEO Premium plugin v25.2 (Yoast SEO v26.4) - https:\/\/yoast.com\/wordpress\/plugins\/seo\/ -->\n<title>rescueME EPIRB2 - Ocean Signal<\/title>\n<meta name=\"description\" content=\"Ocean Signal rescueME EPIRB2 : EPIRB Essential Return Link Service per la sicurezza in mare. Affidati a un sistema di segnalazione di emergenza affidabile. Acquistalo ora per la massima tranquillit\u00e0!\" \/>\n<meta name=\"robots\" content=\"index, follow, max-snippet:-1, max-image-preview:large, max-video-preview:-1\" \/>\n<link rel=\"canonical\" href=\"https:\/\/oceansignal.com\/it\/products\/rescueme-epirb2\/\" \/>\n<meta property=\"og:locale\" content=\"it_IT\" \/>\n<meta property=\"og:type\" content=\"article\" \/>\n<meta property=\"og:title\" content=\"rescueME EPIRB2\" \/>\n<meta property=\"og:description\" content=\"Ocean Signal rescueME EPIRB2 : EPIRB Essential Return Link Service per la sicurezza in mare. Affidati a un sistema di segnalazione di emergenza affidabile. Acquistalo ora per la massima tranquillit\u00e0!\" \/>\n<meta property=\"og:url\" content=\"https:\/\/oceansignal.com\/it\/products\/rescueme-epirb2\/\" \/>\n<meta property=\"og:site_name\" content=\"Ocean Signal\" \/>\n<meta property=\"article:modified_time\" content=\"2026-05-08T10:09:43+00:00\" \/>\n<meta property=\"og:image\" content=\"https:\/\/oceansignal.com\/wp-content\/uploads\/2023\/09\/OSL-Phone-App-EPERB2-PRO-001-1.png\" \/>\n\t<meta property=\"og:image:width\" content=\"432\" \/>\n\t<meta property=\"og:image:height\" content=\"432\" \/>\n\t<meta property=\"og:image:type\" content=\"image\/png\" \/>\n<meta name=\"twitter:card\" content=\"summary_large_image\" \/>\n<meta name=\"twitter:label1\" content=\"Tempo di lettura stimato\" \/>\n\t<meta name=\"twitter:data1\" content=\"3 minuti\" \/>\n<script type=\"application\/ld+json\" class=\"yoast-schema-graph\">{\"@context\":\"https:\/\/schema.org\",\"@graph\":[{\"@type\":\"WebPage\",\"@id\":\"https:\/\/oceansignal.com\/it\/products\/rescueme-epirb2\/\",\"url\":\"https:\/\/oceansignal.com\/it\/products\/rescueme-epirb2\/\",\"name\":\"rescueME EPIRB2 - Ocean Signal\",\"isPartOf\":{\"@id\":\"https:\/\/oceansignal.com\/it\/#website\"},\"primaryImageOfPage\":{\"@id\":\"https:\/\/oceansignal.com\/it\/products\/rescueme-epirb2\/#primaryimage\"},\"image\":{\"@id\":\"https:\/\/oceansignal.com\/it\/products\/rescueme-epirb2\/#primaryimage\"},\"thumbnailUrl\":\"https:\/\/oceansignal.com\/wp-content\/uploads\/2023\/09\/OSL-Phone-App-EPERB2-PRO-001-1.png\",\"datePublished\":\"2023-09-07T12:44:22+00:00\",\"dateModified\":\"2026-05-08T10:09:43+00:00\",\"description\":\"Ocean Signal rescueME EPIRB2 : EPIRB Essential Return Link Service per la sicurezza in mare. Affidati a un sistema di segnalazione di emergenza affidabile. Acquistalo ora per la massima tranquillit\u00e0!\",\"breadcrumb\":{\"@id\":\"https:\/\/oceansignal.com\/it\/products\/rescueme-epirb2\/#breadcrumb\"},\"inLanguage\":\"it-IT\",\"potentialAction\":[{\"@type\":\"ReadAction\",\"target\":[\"https:\/\/oceansignal.com\/it\/products\/rescueme-epirb2\/\"]}]},{\"@type\":\"ImageObject\",\"inLanguage\":\"it-IT\",\"@id\":\"https:\/\/oceansignal.com\/it\/products\/rescueme-epirb2\/#primaryimage\",\"url\":\"https:\/\/oceansignal.com\/wp-content\/uploads\/2023\/09\/OSL-Phone-App-EPERB2-PRO-001-1.png\",\"contentUrl\":\"https:\/\/oceansignal.com\/wp-content\/uploads\/2023\/09\/OSL-Phone-App-EPERB2-PRO-001-1.png\",\"width\":432,\"height\":432,\"caption\":\"Proteggi le tue avventure marittime con Ocean Signal SafeSea EPIRB3 Pro : un faro di soccorso affidabile per una risposta rapida alle emergenze\"},{\"@type\":\"BreadcrumbList\",\"@id\":\"https:\/\/oceansignal.com\/it\/products\/rescueme-epirb2\/#breadcrumb\",\"itemListElement\":[{\"@type\":\"ListItem\",\"position\":1,\"name\":\"Prodotti\",\"item\":\"https:\/\/oceansignal.com\/it\/prodotti\/\"},{\"@type\":\"ListItem\",\"position\":2,\"name\":\"rescueME EPIRB2\"}]},{\"@type\":\"WebSite\",\"@id\":\"https:\/\/oceansignal.com\/it\/#website\",\"url\":\"https:\/\/oceansignal.com\/it\/\",\"name\":\"Ocean Signal\",\"description\":\"A leading manufacturer of EPIRBs, AIS, SARTs, Personal Locator Beacons, Man Overboard Beacon for the Marine and Outdoor Markets.\",\"potentialAction\":[{\"@type\":\"SearchAction\",\"target\":{\"@type\":\"EntryPoint\",\"urlTemplate\":\"https:\/\/oceansignal.com\/it\/?s={search_term_string}\"},\"query-input\":{\"@type\":\"PropertyValueSpecification\",\"valueRequired\":true,\"valueName\":\"search_term_string\"}}],\"inLanguage\":\"it-IT\"}]}<\/script>\n<!-- \/ Yoast SEO Premium plugin. -->","yoast_head_json":{"title":"rescueME EPIRB2 - Ocean Signal","description":"Ocean Signal rescueME EPIRB2 : EPIRB Essential Return Link Service per la sicurezza in mare. Affidati a un sistema di segnalazione di emergenza affidabile. Acquistalo ora per la massima tranquillit\u00e0!","robots":{"index":"index","follow":"follow","max-snippet":"max-snippet:-1","max-image-preview":"max-image-preview:large","max-video-preview":"max-video-preview:-1"},"canonical":"https:\/\/oceansignal.com\/it\/products\/rescueme-epirb2\/","og_locale":"it_IT","og_type":"article","og_title":"rescueME EPIRB2","og_description":"Ocean Signal rescueME EPIRB2 : EPIRB Essential Return Link Service per la sicurezza in mare. Affidati a un sistema di segnalazione di emergenza affidabile. Acquistalo ora per la massima tranquillit\u00e0!","og_url":"https:\/\/oceansignal.com\/it\/products\/rescueme-epirb2\/","og_site_name":"Ocean Signal","article_modified_time":"2026-05-08T10:09:43+00:00","og_image":[{"width":432,"height":432,"url":"https:\/\/oceansignal.com\/wp-content\/uploads\/2023\/09\/OSL-Phone-App-EPERB2-PRO-001-1.png","type":"image\/png"}],"twitter_card":"summary_large_image","twitter_misc":{"Tempo di lettura stimato":"3 minuti"},"schema":{"@context":"https:\/\/schema.org","@graph":[{"@type":"WebPage","@id":"https:\/\/oceansignal.com\/it\/products\/rescueme-epirb2\/","url":"https:\/\/oceansignal.com\/it\/products\/rescueme-epirb2\/","name":"rescueME EPIRB2 - Ocean Signal","isPartOf":{"@id":"https:\/\/oceansignal.com\/it\/#website"},"primaryImageOfPage":{"@id":"https:\/\/oceansignal.com\/it\/products\/rescueme-epirb2\/#primaryimage"},"image":{"@id":"https:\/\/oceansignal.com\/it\/products\/rescueme-epirb2\/#primaryimage"},"thumbnailUrl":"https:\/\/oceansignal.com\/wp-content\/uploads\/2023\/09\/OSL-Phone-App-EPERB2-PRO-001-1.png","datePublished":"2023-09-07T12:44:22+00:00","dateModified":"2026-05-08T10:09:43+00:00","description":"Ocean Signal rescueME EPIRB2 : EPIRB Essential Return Link Service per la sicurezza in mare. Affidati a un sistema di segnalazione di emergenza affidabile. Acquistalo ora per la massima tranquillit\u00e0!","breadcrumb":{"@id":"https:\/\/oceansignal.com\/it\/products\/rescueme-epirb2\/#breadcrumb"},"inLanguage":"it-IT","potentialAction":[{"@type":"ReadAction","target":["https:\/\/oceansignal.com\/it\/products\/rescueme-epirb2\/"]}]},{"@type":"ImageObject","inLanguage":"it-IT","@id":"https:\/\/oceansignal.com\/it\/products\/rescueme-epirb2\/#primaryimage","url":"https:\/\/oceansignal.com\/wp-content\/uploads\/2023\/09\/OSL-Phone-App-EPERB2-PRO-001-1.png","contentUrl":"https:\/\/oceansignal.com\/wp-content\/uploads\/2023\/09\/OSL-Phone-App-EPERB2-PRO-001-1.png","width":432,"height":432,"caption":"Proteggi le tue avventure marittime con Ocean Signal SafeSea EPIRB3 Pro : un faro di soccorso affidabile per una risposta rapida alle emergenze"},{"@type":"BreadcrumbList","@id":"https:\/\/oceansignal.com\/it\/products\/rescueme-epirb2\/#breadcrumb","itemListElement":[{"@type":"ListItem","position":1,"name":"Prodotti","item":"https:\/\/oceansignal.com\/it\/prodotti\/"},{"@type":"ListItem","position":2,"name":"rescueME EPIRB2"}]},{"@type":"WebSite","@id":"https:\/\/oceansignal.com\/it\/#website","url":"https:\/\/oceansignal.com\/it\/","name":"Ocean Signal","description":"A leading manufacturer of EPIRBs, AIS, SARTs, Personal Locator Beacons, Man Overboard Beacon for the Marine and Outdoor Markets.","potentialAction":[{"@type":"SearchAction","target":{"@type":"EntryPoint","urlTemplate":"https:\/\/oceansignal.com\/it\/?s={search_term_string}"},"query-input":{"@type":"PropertyValueSpecification","valueRequired":true,"valueName":"search_term_string"}}],"inLanguage":"it-IT"}]}},"_links":{"self":[{"href":"https:\/\/oceansignal.com\/it\/wp-json\/wp\/v2\/product\/7836","targetHints":{"allow":["GET"]}}],"collection":[{"href":"https:\/\/oceansignal.com\/it\/wp-json\/wp\/v2\/product"}],"about":[{"href":"https:\/\/oceansignal.com\/it\/wp-json\/wp\/v2\/types\/product"}],"wp:featuredmedia":[{"embeddable":true,"href":"https:\/\/oceansignal.com\/it\/wp-json\/wp\/v2\/media\/20473"}],"wp:attachment":[{"href":"https:\/\/oceansignal.com\/it\/wp-json\/wp\/v2\/media?parent=7836"}],"wp:term":[{"taxonomy":"product_brand","embeddable":true,"href":"https:\/\/oceansignal.com\/it\/wp-json\/wp\/v2\/product_brand?post=7836"},{"taxonomy":"product_cat","embeddable":true,"href":"https:\/\/oceansignal.com\/it\/wp-json\/wp\/v2\/product_cat?post=7836"},{"taxonomy":"product_tag","embeddable":true,"href":"https:\/\/oceansignal.com\/it\/wp-json\/wp\/v2\/product_tag?post=7836"}],"curies":[{"name":"wp","href":"https:\/\/api.w.org\/{rel}","templated":true}]}}