{"id":7847,"date":"2023-09-07T12:15:25","date_gmt":"2023-09-07T12:15:25","guid":{"rendered":"https:\/\/oceansignal.com\/products\/rescueme-epirb1-pro\/"},"modified":"2026-01-21T19:35:36","modified_gmt":"2026-01-21T19:35:36","slug":"rescueme-epirb1-pro","status":"publish","type":"product","link":"https:\/\/oceansignal.com\/it\/products\/rescueme-epirb1-pro\/","title":{"rendered":"rescueME EPIRB1 Pro"},"content":{"rendered":"<p class=\"ai-optimize-43 ai-optimize-introduction\">L&#8217;EPIRB1 Pro, il radiofaro di emergenza con indicatore di posizione pi\u00f9 compatto al mondo, unisce le sue dimensioni compatte a un design resistente, rendendolo un&#8217;opzione pratica per soddisfare le esigenze di tutte le imbarcazioni commerciali, da pesca e da diporto. Il prodotto \u00e8 stato progettato per la massima efficienza e vanta una batteria con una durata di 10 anni, oltre a un&#8217;eccellente autonomia una volta attivato, mantenendo i servizi di soccorso aggiornati sulla tua posizione pi\u00f9 a lungo. <\/p>\n<p><iframe loading=\"lazy\" title=\"Ocean Signal GMDSS Suite: SafeSea EPIRB1Pro Overview\" width=\"500\" height=\"281\" src=\"https:\/\/www.youtube.com\/embed\/BRNTAX6pNq4?feature=oembed\" frameborder=\"0\" allow=\"accelerometer; autoplay; clipboard-write; encrypted-media; gyroscope; picture-in-picture; web-share\" referrerpolicy=\"strict-origin-when-cross-origin\" allowfullscreen><\/iframe><\/p>\n<p>&nbsp;<\/p>\n<p class=\"ai-optimize-44\">Descrizione:<\/p>\n<p class=\"ai-optimize-45\">Il rescueMe EPIRB1 Pro opera nella banda satellitare 406 MHz. Questa banda comprende le frequenze di soccorso internazionali che sono costantemente monitorate da <a href=\"https:\/\/www.cospas-sarsat.int\/en\/\">Cospas-Sarsat<\/a> , l&#8217;operatore satellitare internazionale di ricerca e soccorso, assicurando una risposta rapida quando viene ricevuto un segnale, indipendentemente da dove si trovi nel mondo. <\/p>\n<p class=\"ai-optimize-46\">Questo EPIRB \u00e8 dotato di un radiofaro di localizzazione da 121,5 MHz utilizzato dai servizi di soccorso per la localizzazione ravvicinata di imbarcazioni in difficolt\u00e0. Inoltre, l&#8217; EPIRB \u00e8 dotato di una luce stroboscopica a LED ad alta luminosit\u00e0 per un impatto aggiuntivo, soprattutto di notte. Per le situazioni di emergenza in cui un utente non \u00e8 fisicamente in grado di raggiungere l&#8217; EPIRB in tempo, l&#8217; EPIRB1 Pro \u00e8 dotato anche di un alloggiamento di rilascio automatico di categoria I (comunemente denominato &#8220;float free&#8221;). Ci\u00f2 garantisce che l&#8217; EPIRB venga automaticamente dispiegato dalla staffa dall&#8217;unit\u00e0 di rilascio idrostatico interna e quindi si attivi automaticamente e galleggi in superficie per inviare il messaggio di soccorso alla rete satellitare.   <\/p>\n<p class=\"ai-optimize-47\">L&#8217;Automatic Release Housing (ARH) include anche un comodo adattatore che fornisce molteplici opzioni di retrofit. Utilizza l&#8217;adattatore per montare facilmente l&#8217;ARH utilizzando gli stessi fori di montaggio precedentemente utilizzati per gli EPIRB pi\u00f9 vecchi e pi\u00f9 grandi, come Ocean Signal E100\/E100G, Jotron Tron 60s e McMurdo E5\/G5. <\/p>\n<p class=\"ai-optimize-48\">Hai bisogno di passare a un EPIRB abilitato AIS? Scopri il nuovo <a href=\"https:\/\/oceansignal.com\/products\/safesea-epirb3-pro\/\">EPIRB3<\/a> <\/p>\n<p class=\"ai-optimize-49\"><strong>Tratti somatici:<\/strong><\/p>\n<ul>\n<li class=\"ai-optimize-50\">Conforme alla direttiva MED (2014\/90\/UE)<\/li>\n<li class=\"ai-optimize-51\">406 MHz (collegamento via satellite ai servizi di emergenza)<\/li>\n<li class=\"ai-optimize-52\">Segnale di homing a 121,5 MHz (per facilitare la localizzazione finale durante la ricerca e il salvataggio)<\/li>\n<li class=\"ai-optimize-53\">Strobo ad alta intensit\u00e0<\/li>\n<li class=\"ai-optimize-54\">30% (tipico) Pi\u00f9 piccolo<\/li>\n<li class=\"ai-optimize-55\">Durata della batteria di 10 anni<\/li>\n<li class=\"ai-optimize-56\">Garanzia di 2 anni (\u00e8 possibile estendere la garanzia a 5 anni tramite la registrazione del prodotto con Ocean Signal )<\/li>\n<li class=\"ai-optimize-57\">GPS a 66 canali (posizionamento accurato)<\/li>\n<\/ul>\n<h3 class=\"ai-optimize-58\">Sostituzione EPIRB McMurdo con l&#8217; EPIRB1 Ocean Signal<\/h3>\n<p><iframe loading=\"lazy\" title=\"Replacing your McMurdo with the EPIRB1\" width=\"500\" height=\"281\" src=\"https:\/\/www.youtube.com\/embed\/7o7i59BIpQs?feature=oembed\" frameborder=\"0\" allow=\"accelerometer; autoplay; clipboard-write; encrypted-media; gyroscope; picture-in-picture; web-share\" referrerpolicy=\"strict-origin-when-cross-origin\" allowfullscreen><\/iframe><\/p>\n","protected":false},"excerpt":{"rendered":"<p>L&#8217; EPIRB pi\u00f9 compatto al mondo con alloggiamento a sgancio automatico di categoria I<\/p>\n<ul>\n<li>Acquisto una tantum. Nessun costo di abbonamento. <\/li>\n<li>Include un alloggiamento di rilascio automatico di categoria I (comunemente denominato &#8220;float free&#8221;)<\/li>\n<li>Conforme alla direttiva sulle apparecchiature radio: 2014\/53\/UE<\/li>\n<li>406 MHz (collegamento via satellite ai servizi di emergenza)<\/li>\n<li>Segnale di homing a 121,5 MHz (per facilitare la localizzazione finale durante la ricerca e il salvataggio)<\/li>\n<li>Strobo ad alta intensit\u00e0<\/li>\n<li>30% (tipico) Pi\u00f9 piccolo<\/li>\n<li>Durata della batteria di 10 anni<\/li>\n<li>Garanzia di 2 anni (\u00e8 possibile estendere la garanzia a 5 anni tramite la registrazione del prodotto con Ocean Signal )<\/li>\n<li>GPS a 66 canali (posizionamento accurato)<\/li>\n<\/ul>\n<p><a href=\"https:\/\/www.dropbox.com\/s\/fk04stqsp2hgk5f\/Prop%2065%20-%20DEHP.pdf?dl=0\">ATTENZIONE (USA\/CA): PROP 65<\/a><\/p>\n","protected":false},"featured_media":12439,"template":"","meta":{"_acf_changed":false,"om_disable_all_campaigns":false},"product_brand":[],"product_cat":[729,474],"product_tag":[1287,1286,730,786,788],"class_list":{"0":"post-7847","1":"product","2":"type-product","3":"status-publish","4":"has-post-thumbnail","6":"product_cat-epirb-it","7":"product_cat-rescueme-it-2","8":"product_tag-alloggiamento-con-sgancio-automatico","9":"product_tag-categoria-1","10":"product_tag-epirb-it","11":"product_tag-epirb1-it","12":"product_tag-epirb1-pro-it","14":"first","15":"instock","16":"taxable","17":"shipping-taxable","18":"purchasable","19":"product-type-simple"},"acf":[],"yoast_head":"<!-- This site is optimized with the Yoast SEO Premium plugin v25.2 (Yoast SEO v26.4) - https:\/\/yoast.com\/wordpress\/plugins\/seo\/ -->\n<title>rescueME EPIRB1 Pro - Ocean Signal<\/title>\n<meta name=\"description\" content=\"Ocean Signal EPIRB1 Pro con staffa anti-galleggiamento: il tuo compagno fidato per la sicurezza in mare, che garantisce una rapida segnalazione di soccorso in mare.\" \/>\n<meta name=\"robots\" content=\"index, follow, max-snippet:-1, max-image-preview:large, max-video-preview:-1\" \/>\n<link rel=\"canonical\" href=\"https:\/\/oceansignal.com\/it\/products\/rescueme-epirb1-pro\/\" \/>\n<meta property=\"og:locale\" content=\"it_IT\" \/>\n<meta property=\"og:type\" content=\"article\" \/>\n<meta property=\"og:title\" content=\"rescueME EPIRB1 Pro\" \/>\n<meta property=\"og:description\" content=\"Ocean Signal EPIRB1 Pro con staffa anti-galleggiamento: il tuo compagno fidato per la sicurezza in mare, che garantisce una rapida segnalazione di soccorso in mare.\" \/>\n<meta property=\"og:url\" content=\"https:\/\/oceansignal.com\/it\/products\/rescueme-epirb1-pro\/\" \/>\n<meta property=\"og:site_name\" content=\"Ocean Signal\" \/>\n<meta property=\"article:modified_time\" content=\"2026-01-21T19:35:36+00:00\" \/>\n<meta property=\"og:image\" content=\"https:\/\/oceansignal.com\/wp-content\/uploads\/2023\/09\/EPRIB1-PRO-Front.png\" \/>\n\t<meta property=\"og:image:width\" content=\"800\" \/>\n\t<meta property=\"og:image:height\" content=\"800\" \/>\n\t<meta property=\"og:image:type\" content=\"image\/png\" \/>\n<meta name=\"twitter:card\" content=\"summary_large_image\" \/>\n<meta name=\"twitter:label1\" content=\"Tempo di lettura stimato\" \/>\n\t<meta name=\"twitter:data1\" content=\"2 minuti\" \/>\n<script type=\"application\/ld+json\" class=\"yoast-schema-graph\">{\"@context\":\"https:\/\/schema.org\",\"@graph\":[{\"@type\":\"WebPage\",\"@id\":\"https:\/\/oceansignal.com\/it\/products\/rescueme-epirb1-pro\/\",\"url\":\"https:\/\/oceansignal.com\/it\/products\/rescueme-epirb1-pro\/\",\"name\":\"rescueME EPIRB1 Pro - Ocean Signal\",\"isPartOf\":{\"@id\":\"https:\/\/oceansignal.com\/it\/#website\"},\"primaryImageOfPage\":{\"@id\":\"https:\/\/oceansignal.com\/it\/products\/rescueme-epirb1-pro\/#primaryimage\"},\"image\":{\"@id\":\"https:\/\/oceansignal.com\/it\/products\/rescueme-epirb1-pro\/#primaryimage\"},\"thumbnailUrl\":\"https:\/\/oceansignal.com\/wp-content\/uploads\/2023\/09\/EPRIB1-PRO-Front.png\",\"datePublished\":\"2023-09-07T12:15:25+00:00\",\"dateModified\":\"2026-01-21T19:35:36+00:00\",\"description\":\"Ocean Signal EPIRB1 Pro con staffa anti-galleggiamento: il tuo compagno fidato per la sicurezza in mare, che garantisce una rapida segnalazione di soccorso in mare.\",\"breadcrumb\":{\"@id\":\"https:\/\/oceansignal.com\/it\/products\/rescueme-epirb1-pro\/#breadcrumb\"},\"inLanguage\":\"it-IT\",\"potentialAction\":[{\"@type\":\"ReadAction\",\"target\":[\"https:\/\/oceansignal.com\/it\/products\/rescueme-epirb1-pro\/\"]}]},{\"@type\":\"ImageObject\",\"inLanguage\":\"it-IT\",\"@id\":\"https:\/\/oceansignal.com\/it\/products\/rescueme-epirb1-pro\/#primaryimage\",\"url\":\"https:\/\/oceansignal.com\/wp-content\/uploads\/2023\/09\/EPRIB1-PRO-Front.png\",\"contentUrl\":\"https:\/\/oceansignal.com\/wp-content\/uploads\/2023\/09\/EPRIB1-PRO-Front.png\",\"width\":800,\"height\":800},{\"@type\":\"BreadcrumbList\",\"@id\":\"https:\/\/oceansignal.com\/it\/products\/rescueme-epirb1-pro\/#breadcrumb\",\"itemListElement\":[{\"@type\":\"ListItem\",\"position\":1,\"name\":\"Prodotti\",\"item\":\"https:\/\/oceansignal.com\/it\/prodotti\/\"},{\"@type\":\"ListItem\",\"position\":2,\"name\":\"rescueME EPIRB1 Pro\"}]},{\"@type\":\"WebSite\",\"@id\":\"https:\/\/oceansignal.com\/it\/#website\",\"url\":\"https:\/\/oceansignal.com\/it\/\",\"name\":\"Ocean Signal\",\"description\":\"A leading manufacturer of EPIRBs, AIS, SARTs, Personal Locator Beacons, Man Overboard Beacon for the Marine and Outdoor Markets.\",\"potentialAction\":[{\"@type\":\"SearchAction\",\"target\":{\"@type\":\"EntryPoint\",\"urlTemplate\":\"https:\/\/oceansignal.com\/it\/?s={search_term_string}\"},\"query-input\":{\"@type\":\"PropertyValueSpecification\",\"valueRequired\":true,\"valueName\":\"search_term_string\"}}],\"inLanguage\":\"it-IT\"}]}<\/script>\n<!-- \/ Yoast SEO Premium plugin. -->","yoast_head_json":{"title":"rescueME EPIRB1 Pro - Ocean Signal","description":"Ocean Signal EPIRB1 Pro con staffa anti-galleggiamento: il tuo compagno fidato per la sicurezza in mare, che garantisce una rapida segnalazione di soccorso in mare.","robots":{"index":"index","follow":"follow","max-snippet":"max-snippet:-1","max-image-preview":"max-image-preview:large","max-video-preview":"max-video-preview:-1"},"canonical":"https:\/\/oceansignal.com\/it\/products\/rescueme-epirb1-pro\/","og_locale":"it_IT","og_type":"article","og_title":"rescueME EPIRB1 Pro","og_description":"Ocean Signal EPIRB1 Pro con staffa anti-galleggiamento: il tuo compagno fidato per la sicurezza in mare, che garantisce una rapida segnalazione di soccorso in mare.","og_url":"https:\/\/oceansignal.com\/it\/products\/rescueme-epirb1-pro\/","og_site_name":"Ocean Signal","article_modified_time":"2026-01-21T19:35:36+00:00","og_image":[{"width":800,"height":800,"url":"https:\/\/oceansignal.com\/wp-content\/uploads\/2023\/09\/EPRIB1-PRO-Front.png","type":"image\/png"}],"twitter_card":"summary_large_image","twitter_misc":{"Tempo di lettura stimato":"2 minuti"},"schema":{"@context":"https:\/\/schema.org","@graph":[{"@type":"WebPage","@id":"https:\/\/oceansignal.com\/it\/products\/rescueme-epirb1-pro\/","url":"https:\/\/oceansignal.com\/it\/products\/rescueme-epirb1-pro\/","name":"rescueME EPIRB1 Pro - Ocean Signal","isPartOf":{"@id":"https:\/\/oceansignal.com\/it\/#website"},"primaryImageOfPage":{"@id":"https:\/\/oceansignal.com\/it\/products\/rescueme-epirb1-pro\/#primaryimage"},"image":{"@id":"https:\/\/oceansignal.com\/it\/products\/rescueme-epirb1-pro\/#primaryimage"},"thumbnailUrl":"https:\/\/oceansignal.com\/wp-content\/uploads\/2023\/09\/EPRIB1-PRO-Front.png","datePublished":"2023-09-07T12:15:25+00:00","dateModified":"2026-01-21T19:35:36+00:00","description":"Ocean Signal EPIRB1 Pro con staffa anti-galleggiamento: il tuo compagno fidato per la sicurezza in mare, che garantisce una rapida segnalazione di soccorso in mare.","breadcrumb":{"@id":"https:\/\/oceansignal.com\/it\/products\/rescueme-epirb1-pro\/#breadcrumb"},"inLanguage":"it-IT","potentialAction":[{"@type":"ReadAction","target":["https:\/\/oceansignal.com\/it\/products\/rescueme-epirb1-pro\/"]}]},{"@type":"ImageObject","inLanguage":"it-IT","@id":"https:\/\/oceansignal.com\/it\/products\/rescueme-epirb1-pro\/#primaryimage","url":"https:\/\/oceansignal.com\/wp-content\/uploads\/2023\/09\/EPRIB1-PRO-Front.png","contentUrl":"https:\/\/oceansignal.com\/wp-content\/uploads\/2023\/09\/EPRIB1-PRO-Front.png","width":800,"height":800},{"@type":"BreadcrumbList","@id":"https:\/\/oceansignal.com\/it\/products\/rescueme-epirb1-pro\/#breadcrumb","itemListElement":[{"@type":"ListItem","position":1,"name":"Prodotti","item":"https:\/\/oceansignal.com\/it\/prodotti\/"},{"@type":"ListItem","position":2,"name":"rescueME EPIRB1 Pro"}]},{"@type":"WebSite","@id":"https:\/\/oceansignal.com\/it\/#website","url":"https:\/\/oceansignal.com\/it\/","name":"Ocean Signal","description":"A leading manufacturer of EPIRBs, AIS, SARTs, Personal Locator Beacons, Man Overboard Beacon for the Marine and Outdoor Markets.","potentialAction":[{"@type":"SearchAction","target":{"@type":"EntryPoint","urlTemplate":"https:\/\/oceansignal.com\/it\/?s={search_term_string}"},"query-input":{"@type":"PropertyValueSpecification","valueRequired":true,"valueName":"search_term_string"}}],"inLanguage":"it-IT"}]}},"_links":{"self":[{"href":"https:\/\/oceansignal.com\/it\/wp-json\/wp\/v2\/product\/7847","targetHints":{"allow":["GET"]}}],"collection":[{"href":"https:\/\/oceansignal.com\/it\/wp-json\/wp\/v2\/product"}],"about":[{"href":"https:\/\/oceansignal.com\/it\/wp-json\/wp\/v2\/types\/product"}],"wp:featuredmedia":[{"embeddable":true,"href":"https:\/\/oceansignal.com\/it\/wp-json\/wp\/v2\/media\/12439"}],"wp:attachment":[{"href":"https:\/\/oceansignal.com\/it\/wp-json\/wp\/v2\/media?parent=7847"}],"wp:term":[{"taxonomy":"product_brand","embeddable":true,"href":"https:\/\/oceansignal.com\/it\/wp-json\/wp\/v2\/product_brand?post=7847"},{"taxonomy":"product_cat","embeddable":true,"href":"https:\/\/oceansignal.com\/it\/wp-json\/wp\/v2\/product_cat?post=7847"},{"taxonomy":"product_tag","embeddable":true,"href":"https:\/\/oceansignal.com\/it\/wp-json\/wp\/v2\/product_tag?post=7847"}],"curies":[{"name":"wp","href":"https:\/\/api.w.org\/{rel}","templated":true}]}}