{"id":7860,"date":"2023-09-07T11:09:06","date_gmt":"2023-09-07T11:09:06","guid":{"rendered":"https:\/\/oceansignal.com\/products\/rescueme-epirb1\/"},"modified":"2026-01-21T19:36:24","modified_gmt":"2026-01-21T19:36:24","slug":"rescueme-epirb1","status":"publish","type":"product","link":"https:\/\/oceansignal.com\/it\/products\/rescueme-epirb1\/","title":{"rendered":"rescueME EPIRB1"},"content":{"rendered":"<p>Riepilogo:<\/p>\n<p>rescueME EPIRB1 garantisce tranquillit\u00e0 grazie alla straordinaria durata della batteria di 10 anni.<\/p>\n<p>Il radiofaro di segnalazione della posizione di emergenza o EPIRB pi\u00f9 compatto al mondo pu\u00f2 essere sempre a portata di mano, poich\u00e9 le sue dimensioni ridotte consentono di tenerlo facilmente all&#8217;interno della sua staffa manuale a sgancio rapido o di posizionarlo in una borsa di emergenza o in una zattera di salvataggio. Una semplice linguetta protettiva sui tasti operativi impedisce l&#8217;attivazione involontaria, ma consente un facile utilizzo quando necessario. <\/p>\n<p>L&#8217; EPIRB1 rescueME \u00e8 dotato anche di due stroboscopi ad alta luminosit\u00e0 per massimizzare la visibilit\u00e0 in condizioni di scarsa illuminazione, mentre l&#8217;antenna retrattile offre la massima protezione e un ingombro ridotto per lo stivaggio. Quando necessario, l&#8217;antenna si estrae facilmente con una leggera trazione. <\/p>\n<p>Blog consigliato: <a href=\"https:\/\/oceansignal.com\/it\/news\/che-cose-un-radiofaro-o-epirb-che-indica-la-posizione-di-emergenza\/\">Che cos&#8217;\u00e8 un EPIRB ?<\/a><\/p>\n<p>Descrizione del prodotto:<\/p>\n<p>Vi presentiamo l&#8217; EPIRB1 di Ocean Signal rescueME : il vostro compagno affidabile per la sicurezza in mare.<\/p>\n<p>Progettato per allertare rapidamente le squadre di ricerca e soccorso in caso di emergenza in mare, questo radiofaro di emergenza ( EPIRB ) compatto \u00e8 la tua ancora di salvezza in acqua. Che tu sia un marinaio, un pescatore o un avventuriero, l&#8217; EPIRB1 rescueME garantisce che il tuo segnale di soccorso venga trasmesso con precisione, facilitando una risposta rapida alla tua posizione. Grazie alla sua tecnologia all&#8217;avanguardia e al design intuitivo, questo dispositivo essenziale offre una tranquillit\u00e0 senza pari, consentendoti di navigare per mare in tutta sicurezza.  <\/p>\n<p>L&#8217; EPIRB1 rescueME \u00e8 dotato di un GPS integrato a 66 canali di serie, che fornisce informazioni precise sulla posizione ai servizi di emergenza per agevolare un rapido soccorso. Una volta attivato, l&#8217; EPIRB1 trasmette la posizione e il codice identificativo univoco a un Centro di Coordinamento Soccorso tramite collegamento satellitare. Queste informazioni vengono quindi inoltrate ai servizi di Ricerca e Soccorso locali competenti, comunicando loro la posizione esatta, grazie al GPS a 66 canali.  <\/p>\n<p>Hai bisogno di passare a un EPIRB con AIS? Scopri il nuovo <a href=\"https:\/\/oceansignal.com\/products\/safesea-epirb3-pro\/\">EPIRB3<\/a> <\/p>\n<p>&nbsp;<\/p>\n<p><strong>Tratti somatici:<\/strong><\/p>\n<ul>\n<li>30% (tipico) pi\u00f9 piccolo*<\/li>\n<li>Durata della batteria di 10 anni<\/li>\n<li>48+ ore di vita operativa<\/li>\n<li>Garanzia di 2 anni \u2020 (\u00e8 possibile estendere la garanzia a 5 anni tramite la registrazione del prodotto)<\/li>\n<li>Posizionamento rapido e preciso con GPS a 66 canali<\/li>\n<li>Antenna retrattile<\/li>\n<li>Staffa a sgancio rapido<\/li>\n<li>Cordino di sicurezza<\/li>\n<li>Prodotto nel Regno Unito (UK)<\/li>\n<\/ul>\n<p>&nbsp;<\/p>\n<p>*30% pi\u00f9 piccolo rispetto ad altri prodotti omologati secondo standard riconosciuti (luglio 2014)<\/p>\n<p>\u2020 Soggetto a dichiarazione di garanzia<\/p>\n<p>Per le traversate pi\u00f9 lunghe in mare aperto o in mare aperto, l&#8217; <a href=\"http:\/\/oceansignal.com\/products\/rescueme-epirb1-pro\/\">EPIRB1 Pro<\/a> Ocean Signal \u00e8 dotato di un alloggiamento con rilascio automatico.<\/p>\n<p>&nbsp;<\/p>\n","protected":false},"excerpt":{"rendered":"<p>Il radiofaro di segnalazione della posizione di emergenza ( EPIRB ) pi\u00f9 compatto al mondo<\/p>\n<p><strong>Tratti somatici:<\/strong><\/p>\n<ul>\n<li>Acquisto una tantum. Nessun costo di abbonamento. <\/li>\n<li>Durata della batteria di 10 anni<\/li>\n<li>48+ ore di vita operativa<\/li>\n<li>Posizionamento rapido e preciso con GPS a 66 canali e 406 MHz + 121,5 MHz<\/li>\n<li>Garanzia di 2 anni \u2020 (\u00e8 possibile estendere la garanzia a 5 anni tramite la registrazione del prodotto)<\/li>\n<li>Antenna retrattile<\/li>\n<li>Staffa a sgancio rapido<\/li>\n<li>Cordino di sicurezza<\/li>\n<li>Prodotto nel Regno Unito (UK)<\/li>\n<\/ul>\n<p><a href=\"https:\/\/www.dropbox.com\/s\/fk04stqsp2hgk5f\/Prop%2065%20-%20DEHP.pdf?dl=0\">ATTENZIONE: PROP 65<\/a><\/p>\n<p>&nbsp;<\/p>\n","protected":false},"featured_media":35483,"template":"","meta":{"_acf_changed":false,"om_disable_all_campaigns":false},"product_brand":[],"product_cat":[729,474],"product_tag":[730,786,1011,801,1012],"class_list":{"0":"post-7860","1":"product","2":"type-product","3":"status-publish","4":"has-post-thumbnail","6":"product_cat-epirb-it","7":"product_cat-rescueme-it-2","8":"product_tag-epirb-it","9":"product_tag-epirb1-it","10":"product_tag-gps-it","11":"product_tag-radiofaro-di-segnalazione-della-posizione-di-emergenza","12":"product_tag-sicurezza-marittima","14":"first","15":"instock","16":"taxable","17":"shipping-taxable","18":"purchasable","19":"product-type-simple"},"acf":[],"yoast_head":"<!-- This site is optimized with the Yoast SEO Premium plugin v25.2 (Yoast SEO v26.4) - https:\/\/yoast.com\/wordpress\/plugins\/seo\/ -->\n<title>rescueME EPIRB1 - Ocean Signal<\/title>\n<meta name=\"description\" content=\"Rimani al sicuro in mare con il radiofaro di emergenza rescueME EPIRB1 di Ocean Signal . Compatto e affidabile, \u00e8 perfetto per le tue avventure in mare.\" \/>\n<meta name=\"robots\" content=\"index, follow, max-snippet:-1, max-image-preview:large, max-video-preview:-1\" \/>\n<link rel=\"canonical\" href=\"https:\/\/oceansignal.com\/it\/products\/rescueme-epirb1\/\" \/>\n<meta property=\"og:locale\" content=\"it_IT\" \/>\n<meta property=\"og:type\" content=\"article\" \/>\n<meta property=\"og:title\" content=\"rescueME EPIRB1\" \/>\n<meta property=\"og:description\" content=\"Rimani al sicuro in mare con il radiofaro di emergenza rescueME EPIRB1 di Ocean Signal . Compatto e affidabile, \u00e8 perfetto per le tue avventure in mare.\" \/>\n<meta property=\"og:url\" content=\"https:\/\/oceansignal.com\/it\/products\/rescueme-epirb1\/\" \/>\n<meta property=\"og:site_name\" content=\"Ocean Signal\" \/>\n<meta property=\"article:modified_time\" content=\"2026-01-21T19:36:24+00:00\" \/>\n<meta property=\"og:image\" content=\"https:\/\/oceansignal.com\/wp-content\/uploads\/2023\/09\/Ocean-Signal-EPIRB-1-Front.webp\" \/>\n\t<meta property=\"og:image:width\" content=\"800\" \/>\n\t<meta property=\"og:image:height\" content=\"800\" \/>\n\t<meta property=\"og:image:type\" content=\"image\/webp\" \/>\n<meta name=\"twitter:card\" content=\"summary_large_image\" \/>\n<meta name=\"twitter:label1\" content=\"Tempo di lettura stimato\" \/>\n\t<meta name=\"twitter:data1\" content=\"2 minuti\" \/>\n<script type=\"application\/ld+json\" class=\"yoast-schema-graph\">{\"@context\":\"https:\/\/schema.org\",\"@graph\":[{\"@type\":\"WebPage\",\"@id\":\"https:\/\/oceansignal.com\/it\/products\/rescueme-epirb1\/\",\"url\":\"https:\/\/oceansignal.com\/it\/products\/rescueme-epirb1\/\",\"name\":\"rescueME EPIRB1 - Ocean Signal\",\"isPartOf\":{\"@id\":\"https:\/\/oceansignal.com\/it\/#website\"},\"primaryImageOfPage\":{\"@id\":\"https:\/\/oceansignal.com\/it\/products\/rescueme-epirb1\/#primaryimage\"},\"image\":{\"@id\":\"https:\/\/oceansignal.com\/it\/products\/rescueme-epirb1\/#primaryimage\"},\"thumbnailUrl\":\"https:\/\/oceansignal.com\/wp-content\/uploads\/2023\/09\/Ocean-Signal-EPIRB-1-Front.webp\",\"datePublished\":\"2023-09-07T11:09:06+00:00\",\"dateModified\":\"2026-01-21T19:36:24+00:00\",\"description\":\"Rimani al sicuro in mare con il radiofaro di emergenza rescueME EPIRB1 di Ocean Signal . Compatto e affidabile, \u00e8 perfetto per le tue avventure in mare.\",\"breadcrumb\":{\"@id\":\"https:\/\/oceansignal.com\/it\/products\/rescueme-epirb1\/#breadcrumb\"},\"inLanguage\":\"it-IT\",\"potentialAction\":[{\"@type\":\"ReadAction\",\"target\":[\"https:\/\/oceansignal.com\/it\/products\/rescueme-epirb1\/\"]}]},{\"@type\":\"ImageObject\",\"inLanguage\":\"it-IT\",\"@id\":\"https:\/\/oceansignal.com\/it\/products\/rescueme-epirb1\/#primaryimage\",\"url\":\"https:\/\/oceansignal.com\/wp-content\/uploads\/2023\/09\/Ocean-Signal-EPIRB-1-Front.webp\",\"contentUrl\":\"https:\/\/oceansignal.com\/wp-content\/uploads\/2023\/09\/Ocean-Signal-EPIRB-1-Front.webp\",\"width\":800,\"height\":800},{\"@type\":\"BreadcrumbList\",\"@id\":\"https:\/\/oceansignal.com\/it\/products\/rescueme-epirb1\/#breadcrumb\",\"itemListElement\":[{\"@type\":\"ListItem\",\"position\":1,\"name\":\"Prodotti\",\"item\":\"https:\/\/oceansignal.com\/it\/prodotti\/\"},{\"@type\":\"ListItem\",\"position\":2,\"name\":\"rescueME EPIRB1\"}]},{\"@type\":\"WebSite\",\"@id\":\"https:\/\/oceansignal.com\/it\/#website\",\"url\":\"https:\/\/oceansignal.com\/it\/\",\"name\":\"Ocean Signal\",\"description\":\"A leading manufacturer of EPIRBs, AIS, SARTs, Personal Locator Beacons, Man Overboard Beacon for the Marine and Outdoor Markets.\",\"potentialAction\":[{\"@type\":\"SearchAction\",\"target\":{\"@type\":\"EntryPoint\",\"urlTemplate\":\"https:\/\/oceansignal.com\/it\/?s={search_term_string}\"},\"query-input\":{\"@type\":\"PropertyValueSpecification\",\"valueRequired\":true,\"valueName\":\"search_term_string\"}}],\"inLanguage\":\"it-IT\"}]}<\/script>\n<!-- \/ Yoast SEO Premium plugin. -->","yoast_head_json":{"title":"rescueME EPIRB1 - Ocean Signal","description":"Rimani al sicuro in mare con il radiofaro di emergenza rescueME EPIRB1 di Ocean Signal . Compatto e affidabile, \u00e8 perfetto per le tue avventure in mare.","robots":{"index":"index","follow":"follow","max-snippet":"max-snippet:-1","max-image-preview":"max-image-preview:large","max-video-preview":"max-video-preview:-1"},"canonical":"https:\/\/oceansignal.com\/it\/products\/rescueme-epirb1\/","og_locale":"it_IT","og_type":"article","og_title":"rescueME EPIRB1","og_description":"Rimani al sicuro in mare con il radiofaro di emergenza rescueME EPIRB1 di Ocean Signal . Compatto e affidabile, \u00e8 perfetto per le tue avventure in mare.","og_url":"https:\/\/oceansignal.com\/it\/products\/rescueme-epirb1\/","og_site_name":"Ocean Signal","article_modified_time":"2026-01-21T19:36:24+00:00","og_image":[{"width":800,"height":800,"url":"https:\/\/oceansignal.com\/wp-content\/uploads\/2023\/09\/Ocean-Signal-EPIRB-1-Front.webp","type":"image\/webp"}],"twitter_card":"summary_large_image","twitter_misc":{"Tempo di lettura stimato":"2 minuti"},"schema":{"@context":"https:\/\/schema.org","@graph":[{"@type":"WebPage","@id":"https:\/\/oceansignal.com\/it\/products\/rescueme-epirb1\/","url":"https:\/\/oceansignal.com\/it\/products\/rescueme-epirb1\/","name":"rescueME EPIRB1 - Ocean Signal","isPartOf":{"@id":"https:\/\/oceansignal.com\/it\/#website"},"primaryImageOfPage":{"@id":"https:\/\/oceansignal.com\/it\/products\/rescueme-epirb1\/#primaryimage"},"image":{"@id":"https:\/\/oceansignal.com\/it\/products\/rescueme-epirb1\/#primaryimage"},"thumbnailUrl":"https:\/\/oceansignal.com\/wp-content\/uploads\/2023\/09\/Ocean-Signal-EPIRB-1-Front.webp","datePublished":"2023-09-07T11:09:06+00:00","dateModified":"2026-01-21T19:36:24+00:00","description":"Rimani al sicuro in mare con il radiofaro di emergenza rescueME EPIRB1 di Ocean Signal . Compatto e affidabile, \u00e8 perfetto per le tue avventure in mare.","breadcrumb":{"@id":"https:\/\/oceansignal.com\/it\/products\/rescueme-epirb1\/#breadcrumb"},"inLanguage":"it-IT","potentialAction":[{"@type":"ReadAction","target":["https:\/\/oceansignal.com\/it\/products\/rescueme-epirb1\/"]}]},{"@type":"ImageObject","inLanguage":"it-IT","@id":"https:\/\/oceansignal.com\/it\/products\/rescueme-epirb1\/#primaryimage","url":"https:\/\/oceansignal.com\/wp-content\/uploads\/2023\/09\/Ocean-Signal-EPIRB-1-Front.webp","contentUrl":"https:\/\/oceansignal.com\/wp-content\/uploads\/2023\/09\/Ocean-Signal-EPIRB-1-Front.webp","width":800,"height":800},{"@type":"BreadcrumbList","@id":"https:\/\/oceansignal.com\/it\/products\/rescueme-epirb1\/#breadcrumb","itemListElement":[{"@type":"ListItem","position":1,"name":"Prodotti","item":"https:\/\/oceansignal.com\/it\/prodotti\/"},{"@type":"ListItem","position":2,"name":"rescueME EPIRB1"}]},{"@type":"WebSite","@id":"https:\/\/oceansignal.com\/it\/#website","url":"https:\/\/oceansignal.com\/it\/","name":"Ocean Signal","description":"A leading manufacturer of EPIRBs, AIS, SARTs, Personal Locator Beacons, Man Overboard Beacon for the Marine and Outdoor Markets.","potentialAction":[{"@type":"SearchAction","target":{"@type":"EntryPoint","urlTemplate":"https:\/\/oceansignal.com\/it\/?s={search_term_string}"},"query-input":{"@type":"PropertyValueSpecification","valueRequired":true,"valueName":"search_term_string"}}],"inLanguage":"it-IT"}]}},"_links":{"self":[{"href":"https:\/\/oceansignal.com\/it\/wp-json\/wp\/v2\/product\/7860","targetHints":{"allow":["GET"]}}],"collection":[{"href":"https:\/\/oceansignal.com\/it\/wp-json\/wp\/v2\/product"}],"about":[{"href":"https:\/\/oceansignal.com\/it\/wp-json\/wp\/v2\/types\/product"}],"wp:featuredmedia":[{"embeddable":true,"href":"https:\/\/oceansignal.com\/it\/wp-json\/wp\/v2\/media\/35483"}],"wp:attachment":[{"href":"https:\/\/oceansignal.com\/it\/wp-json\/wp\/v2\/media?parent=7860"}],"wp:term":[{"taxonomy":"product_brand","embeddable":true,"href":"https:\/\/oceansignal.com\/it\/wp-json\/wp\/v2\/product_brand?post=7860"},{"taxonomy":"product_cat","embeddable":true,"href":"https:\/\/oceansignal.com\/it\/wp-json\/wp\/v2\/product_cat?post=7860"},{"taxonomy":"product_tag","embeddable":true,"href":"https:\/\/oceansignal.com\/it\/wp-json\/wp\/v2\/product_tag?post=7860"}],"curies":[{"name":"wp","href":"https:\/\/api.w.org\/{rel}","templated":true}]}}