{"id":8429,"date":"2023-09-08T09:20:37","date_gmt":"2023-09-08T09:20:37","guid":{"rendered":"https:\/\/oceansignal.com\/products\/safesea-v100-vhf\/"},"modified":"2026-01-21T19:54:50","modified_gmt":"2026-01-21T19:54:50","slug":"safesea-v100-vhf","status":"publish","type":"product","link":"https:\/\/oceansignal.com\/it\/products\/safesea-v100-vhf\/","title":{"rendered":"safeSEA V100 VHF"},"content":{"rendered":"<p>Per i test di routine del V100 \u00e8 disponibile una batteria alcalina non ricaricabile (TB6V). Questa batteria ha una durata limitata solo per i test e non \u00e8 adatta all&#8217;uso operativo. Inoltre, la nuova linguetta di protezione della batteria significa che la batteria principale pu\u00f2 essere fissata in modo permanente alla radio senza timore di perdere la carica. La radio sar\u00e0 sempre disponibile per l&#8217;uso in caso di emergenza senza la necessit\u00e0 di rimuovere etichette protettive o simili prima dell&#8217;uso. Basta rompere la linguetta protettiva rossa e la radio sar\u00e0 immediatamente pronta per essere accesa.    <\/p>\n<h4>Tratti somatici:<\/h4>\n<ul>\n<li>Opzione batteria ricaricabile ai polimeri di litio disponibile con caricabatterie rapido, per l&#8217;uso normale quotidiano<\/li>\n<li>Completamente impermeabile, anche shock termico 40C<\/li>\n<li>Trasmettitore ad alta efficienza per la massima durata della batteria<\/li>\n<li>Il design robusto supera i requisiti ambientali della radio VHF GMDSS<\/li>\n<li>Batteria primaria al litio per uso di emergenza\n<ul>\n<li>La nuova linguetta di protezione della batteria protegge dall&#8217;uso involontario<\/li>\n<li>Batteria classificata come non pericolosa per la spedizione<\/li>\n<li>La batteria garantisce oltre 16 ore di funzionamento tipico, anche a -20\u00b0C. (10% Tx, 10% Rx, 80% Squelched) <\/li>\n<\/ul>\n<\/li>\n<li>Legende dei tasti incise al laser per una maggiore durata<\/li>\n<li>LCD retroilluminato ad alto contrasto e tastiera<\/li>\n<li>Opzione presa per accessori robusta; impermeabile fino a IP68 per l&#8217;uso con cuffie, caschi, microfoni a pugno, ecc.<\/li>\n<li>4 modalit\u00e0 di scansione, D\/N, T\/N, scansione e scansione della memoria<\/li>\n<li>21 canali simplex secondo i requisiti IMO SOLAs<\/li>\n<\/ul>\n<p>La radio VHF safeSEA V100 GMDSS soddisfa i rigorosi requisiti stabiliti dalle convenzioni Global Maritime Distress and Safety System (GMDSS), <a href=\"https:\/\/www.imo.org\/\">International Maritime Organization (IMO)<\/a> e Safety of Life at Sea (SOLAS). Conforme agli standard internazionali, garantisce il rispetto delle normative e la prontezza della vostra imbarcazione per le operazioni marittime.<\/p>\n<p>Le imbarcazioni soggette alle normative del Global Maritime Distress and Safety System ( <a href=\"https:\/\/www.navcen.uscg.gov\/global-maritime-distress-and-safety-system\">GMDSS<\/a> ) sono solitamente tenute a disporre di una radio VHF GMDSS.<br \/>\n Questi includono:<\/p>\n<ol>\n<li>Navi passeggeri, compresi traghetti e navi da crociera.<\/li>\n<li>Navi da carico di stazza lorda pari o superiore a 300 tonnellate.<\/li>\n<li>Navi cisterna, comprese le petroliere, i prodotti chimici e le navi per il trasporto di gas liquefatto.<\/li>\n<li>Unit\u00e0 veloci (HSC) di stazza lorda pari o superiore a 500 tonnellate.<\/li>\n<li>Installazioni offshore e unit\u00e0 mobili di perforazione offshore (MODU).<\/li>\n<li>Alcune navi governative impegnate in viaggi internazionali.<\/li>\n<\/ol>\n<p>Inoltre, potrebbero essere applicate normative specifiche a seconda dello stato di bandiera della nave, dell&#8217;area di operazione e della durata del viaggio. \u00c8 essenziale consultare le autorit\u00e0 marittime competenti e attenersi alle normative applicabili per garantire la conformit\u00e0. <\/p>\n<p>Devi passare a un nuovo EPIRB AIS per essere conforme allo standard GMDSS? Scopri il nuovo <a href=\"https:\/\/oceansignal.com\/products\/safesea-epirb3-pro\/\">safeSEA EPIRB3 Pro<\/a> <\/p>\n<p><strong>Importante:<\/strong> si prega di leggere questo <a href=\"http:\/\/oceansignal.com\/wp-content\/uploads\/2023\/09\/Service-Information-Letter-V100-Battery-Replacement.pdf\">bollettino di servizio<\/a> che informa di un&#8217;offerta di sostituzione gratuita delle batterie con data di scadenza non superiore a settembre 2023.<br \/>\n Ce <a href=\"http:\/\/oceansignal.com\/wp-content\/uploads\/2023\/09\/Service-Information-Letter-V100-Battery-Replacement-Fr.pdf\">bulletin<\/a> est \u00e9galement disponible en langue fran\u00e7aise<\/p>\n","protected":false},"excerpt":{"rendered":"<p>La radio VHF Ocean Signal safeSEA V100 Survival \u00e8 stata meticolosamente progettata per essere la soluzione di comunicazione definitiva per imbarcazioni GMDSS, IMO e SOLAS. Grazie al suo design robusto e alle funzionalit\u00e0 avanzate, questa radio VHF GMDSS \u00e8 la vostra ancora di salvezza nelle situazioni di emergenza in mare. <\/p>\n<p>La radio VHF portatile safeSEA V100 per imbarcazioni di salvataggio soddisfa tutti i requisiti IMO per il trasporto su navi SOLAS. Progettata per essere ultra-robusta e facile da usare, sia a bordo che in situazioni di emergenza, la V100 \u00e8 la scelta ideale per il trasporto obbligatorio e volontario. <\/p>\n<p>Oltre alla batteria principale, come opzione per l&#8217;uso quotidiano, Ocean Signal offre un&#8217;opzione di batteria ricaricabile ai polimeri di litio (RB5V). Il caricabatterie rapido a sgancio rapido fornisce la soluzione ideale per mantenere le batterie completamente cariche. <\/p>\n<p><a href=\"https:\/\/www.dropbox.com\/s\/fk04stqsp2hgk5f\/Prop%2065%20-%20DEHP.pdf?dl=0\">ATTENZIONE: PROP 65<\/a><\/p>\n<p>&nbsp;<\/p>\n<p>&nbsp;<\/p>\n","protected":false},"featured_media":20878,"template":"","meta":{"_acf_changed":false,"om_disable_all_campaigns":false},"product_brand":[],"product_cat":[333],"product_tag":[],"class_list":{"0":"post-8429","1":"product","2":"type-product","3":"status-publish","4":"has-post-thumbnail","6":"product_cat-safesea-it","8":"first","9":"instock","10":"taxable","11":"shipping-taxable","12":"purchasable","13":"product-type-simple"},"acf":[],"yoast_head":"<!-- This site is optimized with the Yoast SEO Premium plugin v25.2 (Yoast SEO v26.4) - https:\/\/yoast.com\/wordpress\/plugins\/seo\/ -->\n<title>safeSEA V100 VHF - Ocean Signal<\/title>\n<meta name=\"description\" content=\"Radio VHF Ocean Signal safeSEA V100: conforme al GMDSS per imbarcazioni SOLAS. Apparecchiatura di comunicazione essenziale per garantire la sicurezza marittima e la conformit\u00e0 alle normative.\" \/>\n<meta name=\"robots\" content=\"index, follow, max-snippet:-1, max-image-preview:large, max-video-preview:-1\" \/>\n<link rel=\"canonical\" href=\"https:\/\/oceansignal.com\/it\/products\/safesea-v100-vhf\/\" \/>\n<meta property=\"og:locale\" content=\"it_IT\" \/>\n<meta property=\"og:type\" content=\"article\" \/>\n<meta property=\"og:title\" content=\"safeSEA V100 VHF\" \/>\n<meta property=\"og:description\" content=\"Radio VHF Ocean Signal safeSEA V100: conforme al GMDSS per imbarcazioni SOLAS. Apparecchiatura di comunicazione essenziale per garantire la sicurezza marittima e la conformit\u00e0 alle normative.\" \/>\n<meta property=\"og:url\" content=\"https:\/\/oceansignal.com\/it\/products\/safesea-v100-vhf\/\" \/>\n<meta property=\"og:site_name\" content=\"Ocean Signal\" \/>\n<meta property=\"article:modified_time\" content=\"2026-01-21T19:54:50+00:00\" \/>\n<meta property=\"og:image\" content=\"https:\/\/oceansignal.com\/wp-content\/uploads\/2023\/09\/OSL-V100-360_600x600.gif\" \/>\n\t<meta property=\"og:image:width\" content=\"600\" \/>\n\t<meta property=\"og:image:height\" content=\"600\" \/>\n\t<meta property=\"og:image:type\" content=\"image\/gif\" \/>\n<meta name=\"twitter:card\" content=\"summary_large_image\" \/>\n<meta name=\"twitter:label1\" content=\"Tempo di lettura stimato\" \/>\n\t<meta name=\"twitter:data1\" content=\"2 minuti\" \/>\n<script type=\"application\/ld+json\" class=\"yoast-schema-graph\">{\"@context\":\"https:\/\/schema.org\",\"@graph\":[{\"@type\":\"WebPage\",\"@id\":\"https:\/\/oceansignal.com\/it\/products\/safesea-v100-vhf\/\",\"url\":\"https:\/\/oceansignal.com\/it\/products\/safesea-v100-vhf\/\",\"name\":\"safeSEA V100 VHF - Ocean Signal\",\"isPartOf\":{\"@id\":\"https:\/\/oceansignal.com\/it\/#website\"},\"primaryImageOfPage\":{\"@id\":\"https:\/\/oceansignal.com\/it\/products\/safesea-v100-vhf\/#primaryimage\"},\"image\":{\"@id\":\"https:\/\/oceansignal.com\/it\/products\/safesea-v100-vhf\/#primaryimage\"},\"thumbnailUrl\":\"https:\/\/oceansignal.com\/wp-content\/uploads\/2023\/09\/OSL-V100-360_600x600.gif\",\"datePublished\":\"2023-09-08T09:20:37+00:00\",\"dateModified\":\"2026-01-21T19:54:50+00:00\",\"description\":\"Radio VHF Ocean Signal safeSEA V100: conforme al GMDSS per imbarcazioni SOLAS. Apparecchiatura di comunicazione essenziale per garantire la sicurezza marittima e la conformit\u00e0 alle normative.\",\"breadcrumb\":{\"@id\":\"https:\/\/oceansignal.com\/it\/products\/safesea-v100-vhf\/#breadcrumb\"},\"inLanguage\":\"it-IT\",\"potentialAction\":[{\"@type\":\"ReadAction\",\"target\":[\"https:\/\/oceansignal.com\/it\/products\/safesea-v100-vhf\/\"]}]},{\"@type\":\"ImageObject\",\"inLanguage\":\"it-IT\",\"@id\":\"https:\/\/oceansignal.com\/it\/products\/safesea-v100-vhf\/#primaryimage\",\"url\":\"https:\/\/oceansignal.com\/wp-content\/uploads\/2023\/09\/OSL-V100-360_600x600.gif\",\"contentUrl\":\"https:\/\/oceansignal.com\/wp-content\/uploads\/2023\/09\/OSL-V100-360_600x600.gif\",\"width\":600,\"height\":600,\"caption\":\"GMDSS VHF Radio\"},{\"@type\":\"BreadcrumbList\",\"@id\":\"https:\/\/oceansignal.com\/it\/products\/safesea-v100-vhf\/#breadcrumb\",\"itemListElement\":[{\"@type\":\"ListItem\",\"position\":1,\"name\":\"Prodotti\",\"item\":\"https:\/\/oceansignal.com\/it\/prodotti\/\"},{\"@type\":\"ListItem\",\"position\":2,\"name\":\"safeSEA V100 VHF\"}]},{\"@type\":\"WebSite\",\"@id\":\"https:\/\/oceansignal.com\/it\/#website\",\"url\":\"https:\/\/oceansignal.com\/it\/\",\"name\":\"Ocean Signal\",\"description\":\"A leading manufacturer of EPIRBs, AIS, SARTs, Personal Locator Beacons, Man Overboard Beacon for the Marine and Outdoor Markets.\",\"potentialAction\":[{\"@type\":\"SearchAction\",\"target\":{\"@type\":\"EntryPoint\",\"urlTemplate\":\"https:\/\/oceansignal.com\/it\/?s={search_term_string}\"},\"query-input\":{\"@type\":\"PropertyValueSpecification\",\"valueRequired\":true,\"valueName\":\"search_term_string\"}}],\"inLanguage\":\"it-IT\"}]}<\/script>\n<!-- \/ Yoast SEO Premium plugin. -->","yoast_head_json":{"title":"safeSEA V100 VHF - Ocean Signal","description":"Radio VHF Ocean Signal safeSEA V100: conforme al GMDSS per imbarcazioni SOLAS. Apparecchiatura di comunicazione essenziale per garantire la sicurezza marittima e la conformit\u00e0 alle normative.","robots":{"index":"index","follow":"follow","max-snippet":"max-snippet:-1","max-image-preview":"max-image-preview:large","max-video-preview":"max-video-preview:-1"},"canonical":"https:\/\/oceansignal.com\/it\/products\/safesea-v100-vhf\/","og_locale":"it_IT","og_type":"article","og_title":"safeSEA V100 VHF","og_description":"Radio VHF Ocean Signal safeSEA V100: conforme al GMDSS per imbarcazioni SOLAS. Apparecchiatura di comunicazione essenziale per garantire la sicurezza marittima e la conformit\u00e0 alle normative.","og_url":"https:\/\/oceansignal.com\/it\/products\/safesea-v100-vhf\/","og_site_name":"Ocean Signal","article_modified_time":"2026-01-21T19:54:50+00:00","og_image":[{"url":"https:\/\/oceansignal.com\/wp-content\/uploads\/2023\/09\/OSL-V100-360_600x600.gif","width":600,"height":600,"type":"image\/gif"}],"twitter_card":"summary_large_image","twitter_misc":{"Tempo di lettura stimato":"2 minuti"},"schema":{"@context":"https:\/\/schema.org","@graph":[{"@type":"WebPage","@id":"https:\/\/oceansignal.com\/it\/products\/safesea-v100-vhf\/","url":"https:\/\/oceansignal.com\/it\/products\/safesea-v100-vhf\/","name":"safeSEA V100 VHF - Ocean Signal","isPartOf":{"@id":"https:\/\/oceansignal.com\/it\/#website"},"primaryImageOfPage":{"@id":"https:\/\/oceansignal.com\/it\/products\/safesea-v100-vhf\/#primaryimage"},"image":{"@id":"https:\/\/oceansignal.com\/it\/products\/safesea-v100-vhf\/#primaryimage"},"thumbnailUrl":"https:\/\/oceansignal.com\/wp-content\/uploads\/2023\/09\/OSL-V100-360_600x600.gif","datePublished":"2023-09-08T09:20:37+00:00","dateModified":"2026-01-21T19:54:50+00:00","description":"Radio VHF Ocean Signal safeSEA V100: conforme al GMDSS per imbarcazioni SOLAS. Apparecchiatura di comunicazione essenziale per garantire la sicurezza marittima e la conformit\u00e0 alle normative.","breadcrumb":{"@id":"https:\/\/oceansignal.com\/it\/products\/safesea-v100-vhf\/#breadcrumb"},"inLanguage":"it-IT","potentialAction":[{"@type":"ReadAction","target":["https:\/\/oceansignal.com\/it\/products\/safesea-v100-vhf\/"]}]},{"@type":"ImageObject","inLanguage":"it-IT","@id":"https:\/\/oceansignal.com\/it\/products\/safesea-v100-vhf\/#primaryimage","url":"https:\/\/oceansignal.com\/wp-content\/uploads\/2023\/09\/OSL-V100-360_600x600.gif","contentUrl":"https:\/\/oceansignal.com\/wp-content\/uploads\/2023\/09\/OSL-V100-360_600x600.gif","width":600,"height":600,"caption":"GMDSS VHF Radio"},{"@type":"BreadcrumbList","@id":"https:\/\/oceansignal.com\/it\/products\/safesea-v100-vhf\/#breadcrumb","itemListElement":[{"@type":"ListItem","position":1,"name":"Prodotti","item":"https:\/\/oceansignal.com\/it\/prodotti\/"},{"@type":"ListItem","position":2,"name":"safeSEA V100 VHF"}]},{"@type":"WebSite","@id":"https:\/\/oceansignal.com\/it\/#website","url":"https:\/\/oceansignal.com\/it\/","name":"Ocean Signal","description":"A leading manufacturer of EPIRBs, AIS, SARTs, Personal Locator Beacons, Man Overboard Beacon for the Marine and Outdoor Markets.","potentialAction":[{"@type":"SearchAction","target":{"@type":"EntryPoint","urlTemplate":"https:\/\/oceansignal.com\/it\/?s={search_term_string}"},"query-input":{"@type":"PropertyValueSpecification","valueRequired":true,"valueName":"search_term_string"}}],"inLanguage":"it-IT"}]}},"_links":{"self":[{"href":"https:\/\/oceansignal.com\/it\/wp-json\/wp\/v2\/product\/8429","targetHints":{"allow":["GET"]}}],"collection":[{"href":"https:\/\/oceansignal.com\/it\/wp-json\/wp\/v2\/product"}],"about":[{"href":"https:\/\/oceansignal.com\/it\/wp-json\/wp\/v2\/types\/product"}],"wp:featuredmedia":[{"embeddable":true,"href":"https:\/\/oceansignal.com\/it\/wp-json\/wp\/v2\/media\/20878"}],"wp:attachment":[{"href":"https:\/\/oceansignal.com\/it\/wp-json\/wp\/v2\/media?parent=8429"}],"wp:term":[{"taxonomy":"product_brand","embeddable":true,"href":"https:\/\/oceansignal.com\/it\/wp-json\/wp\/v2\/product_brand?post=8429"},{"taxonomy":"product_cat","embeddable":true,"href":"https:\/\/oceansignal.com\/it\/wp-json\/wp\/v2\/product_cat?post=8429"},{"taxonomy":"product_tag","embeddable":true,"href":"https:\/\/oceansignal.com\/it\/wp-json\/wp\/v2\/product_tag?post=8429"}],"curies":[{"name":"wp","href":"https:\/\/api.w.org\/{rel}","templated":true}]}}