{"id":8441,"date":"2023-09-08T09:39:08","date_gmt":"2023-09-08T09:39:08","guid":{"rendered":"https:\/\/oceansignal.com\/products\/safesea-s100-radar-sart\/"},"modified":"2026-01-21T19:32:16","modified_gmt":"2026-01-21T19:32:16","slug":"safesea-s100-radar-sart","status":"publish","type":"product","link":"https:\/\/oceansignal.com\/it\/products\/safesea-s100-radar-sart\/","title":{"rendered":"Radar SART safeSEA S100"},"content":{"rendered":"<h4>Il transponder di ricerca e soccorso safeSEA S100 (Radar SART) \u00e8 un transponder radar dedicato conforme alle normative <a href=\"https:\/\/www.imo.org\/\">IMO<\/a> SOLAS.<\/h4>\n<p>L&#8217;Organizzazione marittima internazionale (IMO) impone i requisiti di trasporto del Global Maritime Distress and Safety System (GMDSS) per i transponder di ricerca e soccorso (SART). Le navi soggette alle normative GMDSS, tra cui navi passeggeri, navi cargo di oltre 300 tonnellate di stazza lorda e imbarcazioni impegnate in viaggi internazionali, sono tenute a trasportare almeno un S100 SART. L&#8217;S100 \u00e8 un radar SART compatto che \u00e8 fondamentale per aiutare a localizzare imbarcazioni in difficolt\u00e0 rispondendo ai segnali radar delle unit\u00e0 di ricerca e soccorso. Il radar SART S100 soddisfa specifici standard di prestazioni delineati dall&#8217;IMO, garantendo l&#8217;affidabilit\u00e0 e l&#8217;efficacia del prodotto in situazioni di pericolo. La conformit\u00e0 a questi requisiti \u00e8 essenziale per migliorare la sicurezza marittima e facilitare tempestive operazioni di ricerca e soccorso.    <\/p>\n<ul>\n<li>Durata della batteria superiore, anche a -20 \u00b0C<\/li>\n<li>Batteria sostituibile dall&#8217;utente<\/li>\n<li>Batteria non pericolosa<\/li>\n<li>Intervallo di sostituzione di cinque anni<\/li>\n<li>Dimensioni compatte per un facile imballaggio della zattera di salvataggio<\/li>\n<li>Fornito con staffa di stoccaggio<\/li>\n<li>Palo mostrato nelle immagini fornite separatamente (numero parte d&#8217;ordine: 711S-01802 Asta di montaggio SART)<\/li>\n<\/ul>\n<p>&nbsp;<\/p>\n<h4>Requisiti del carrello<\/h4>\n<ul>\n<li>I SART sono obbligatori su tutte le navi IMO SOLAS in viaggi internazionali:\n<ul>\n<li>Uno su 300-500GRT<\/li>\n<li>Due se oltre 500GRT<\/li>\n<li>Un SART ogni quattro zattere di salvataggio su navi ro-ro passeggeri<\/li>\n<\/ul>\n<\/li>\n<li>Navi con mandato nazionale, compresi i pescherecci, le unit\u00e0 passeggeri, le imbarcazioni da lavoro commerciali, ecc<\/li>\n<li>La maggior parte dei Super e Mega yacht \u00e8 tenuta a portare un SART, soprattutto se coperto dal codice di condotta MCA, riconosciuto da molti paesi.<\/li>\n<li>Anche le navi dotate di adattamento volontario trarranno vantaggio dal trasporto di un SART<\/li>\n<\/ul>\n<p>Devi aggiornare ai nuovi requisiti AIS EPIRB ? Scopri il nuovo <a href=\"https:\/\/oceansignal.com\/products\/safesea-epirb3-pro\/\">safeSEA EPIRB3 Pro<\/a> <\/p>\n","protected":false},"excerpt":{"rendered":"<p>Il transponder radar di ricerca e soccorso (Radar SART) Ocean Signal safeSEA S100 \u00e8 un componente fondamentale delle apparecchiature di sicurezza marittima, progettato per migliorare la visibilit\u00e0 e supportare le operazioni di ricerca e soccorso. Grazie alla sua avanzata tecnologia di riflettore radar, questo faro garantisce la facile localizzazione della vostra imbarcazione anche in condizioni meteorologiche avverse e in situazioni di scarsa visibilit\u00e0. Compatto e resistente, il Radar SART S100 \u00e8 facile da installare e altamente affidabile, offrendo tranquillit\u00e0 a marinai e diportisti. Che si tratti di navigare su rotte trafficate o di navigare in acque remote, il Radar SART Ocean Signal safeSEA S100 \u00e8 un&#8217;aggiunta essenziale alle apparecchiature di sicurezza di qualsiasi imbarcazione, garantendo una risposta rapida ed efficace in situazioni di emergenza.   <\/p>\n<p>Il sistema SART safeSEA S100 \u00e8 progettato per assistere nel salvataggio e nel recupero di zattere di salvataggio e mezzi di salvataggio. Una volta acceso, il sistema SART rimane in modalit\u00e0 standby fino a quando non viene attivato automaticamente da una scansione radar in banda X da qualsiasi imbarcazione nelle vicinanze. Il sistema safeSEA trasmette una serie di impulsi che vengono visualizzati sul radar della nave come una linea di punti, fornendo la direzione al mezzo di salvataggio.  <\/p>\n<p><a href=\"https:\/\/www.dropbox.com\/s\/fk04stqsp2hgk5f\/Prop%2065%20-%20DEHP.pdf?dl=0\">ATTENZIONE: PROP 65<\/a><\/p>\n","protected":false},"featured_media":23020,"template":"","meta":{"_acf_changed":false,"om_disable_all_campaigns":false},"product_brand":[],"product_cat":[333],"product_tag":[],"class_list":{"0":"post-8441","1":"product","2":"type-product","3":"status-publish","4":"has-post-thumbnail","6":"product_cat-safesea-it","8":"first","9":"instock","10":"taxable","11":"shipping-taxable","12":"purchasable","13":"product-type-simple"},"acf":[],"yoast_head":"<!-- This site is optimized with the Yoast SEO Premium plugin v25.2 (Yoast SEO v26.4) - https:\/\/yoast.com\/wordpress\/plugins\/seo\/ -->\n<title>Radar SART safeSEA S100 - Ocean Signal<\/title>\n<meta name=\"description\" content=\"Ocean Signal S100 Radar SART: riflettore radar essenziale per la sicurezza marittima. Affidabile radiofaro di ricerca e soccorso GMDSS. Acquista ora per la massima tranquillit\u00e0!\" \/>\n<meta name=\"robots\" content=\"index, follow, max-snippet:-1, max-image-preview:large, max-video-preview:-1\" \/>\n<link rel=\"canonical\" href=\"https:\/\/oceansignal.com\/it\/products\/safesea-s100-radar-sart\/\" \/>\n<meta property=\"og:locale\" content=\"it_IT\" \/>\n<meta property=\"og:type\" content=\"article\" \/>\n<meta property=\"og:title\" content=\"Radar SART safeSEA S100\" \/>\n<meta property=\"og:description\" content=\"Ocean Signal S100 Radar SART: riflettore radar essenziale per la sicurezza marittima. Affidabile radiofaro di ricerca e soccorso GMDSS. Acquista ora per la massima tranquillit\u00e0!\" \/>\n<meta property=\"og:url\" content=\"https:\/\/oceansignal.com\/it\/products\/safesea-s100-radar-sart\/\" \/>\n<meta property=\"og:site_name\" content=\"Ocean Signal\" \/>\n<meta property=\"article:modified_time\" content=\"2026-01-21T19:32:16+00:00\" \/>\n<meta property=\"og:image\" content=\"https:\/\/oceansignal.com\/wp-content\/uploads\/2023\/09\/OSL-S100-SART-With-back-piece.png\" \/>\n\t<meta property=\"og:image:width\" content=\"792\" \/>\n\t<meta property=\"og:image:height\" content=\"792\" \/>\n\t<meta property=\"og:image:type\" content=\"image\/png\" \/>\n<meta name=\"twitter:card\" content=\"summary_large_image\" \/>\n<meta name=\"twitter:label1\" content=\"Tempo di lettura stimato\" \/>\n\t<meta name=\"twitter:data1\" content=\"1 minuto\" \/>\n<script type=\"application\/ld+json\" class=\"yoast-schema-graph\">{\"@context\":\"https:\/\/schema.org\",\"@graph\":[{\"@type\":\"WebPage\",\"@id\":\"https:\/\/oceansignal.com\/it\/products\/safesea-s100-radar-sart\/\",\"url\":\"https:\/\/oceansignal.com\/it\/products\/safesea-s100-radar-sart\/\",\"name\":\"Radar SART safeSEA S100 - Ocean Signal\",\"isPartOf\":{\"@id\":\"https:\/\/oceansignal.com\/it\/#website\"},\"primaryImageOfPage\":{\"@id\":\"https:\/\/oceansignal.com\/it\/products\/safesea-s100-radar-sart\/#primaryimage\"},\"image\":{\"@id\":\"https:\/\/oceansignal.com\/it\/products\/safesea-s100-radar-sart\/#primaryimage\"},\"thumbnailUrl\":\"https:\/\/oceansignal.com\/wp-content\/uploads\/2023\/09\/OSL-S100-SART-With-back-piece.png\",\"datePublished\":\"2023-09-08T09:39:08+00:00\",\"dateModified\":\"2026-01-21T19:32:16+00:00\",\"description\":\"Ocean Signal S100 Radar SART: riflettore radar essenziale per la sicurezza marittima. Affidabile radiofaro di ricerca e soccorso GMDSS. Acquista ora per la massima tranquillit\u00e0!\",\"breadcrumb\":{\"@id\":\"https:\/\/oceansignal.com\/it\/products\/safesea-s100-radar-sart\/#breadcrumb\"},\"inLanguage\":\"it-IT\",\"potentialAction\":[{\"@type\":\"ReadAction\",\"target\":[\"https:\/\/oceansignal.com\/it\/products\/safesea-s100-radar-sart\/\"]}]},{\"@type\":\"ImageObject\",\"inLanguage\":\"it-IT\",\"@id\":\"https:\/\/oceansignal.com\/it\/products\/safesea-s100-radar-sart\/#primaryimage\",\"url\":\"https:\/\/oceansignal.com\/wp-content\/uploads\/2023\/09\/OSL-S100-SART-With-back-piece.png\",\"contentUrl\":\"https:\/\/oceansignal.com\/wp-content\/uploads\/2023\/09\/OSL-S100-SART-With-back-piece.png\",\"width\":792,\"height\":792,\"caption\":\"Ocean Signal S100 Sart con supporto esploso, angolo sinistro\"},{\"@type\":\"BreadcrumbList\",\"@id\":\"https:\/\/oceansignal.com\/it\/products\/safesea-s100-radar-sart\/#breadcrumb\",\"itemListElement\":[{\"@type\":\"ListItem\",\"position\":1,\"name\":\"Prodotti\",\"item\":\"https:\/\/oceansignal.com\/it\/prodotti\/\"},{\"@type\":\"ListItem\",\"position\":2,\"name\":\"Radar SART safeSEA S100\"}]},{\"@type\":\"WebSite\",\"@id\":\"https:\/\/oceansignal.com\/it\/#website\",\"url\":\"https:\/\/oceansignal.com\/it\/\",\"name\":\"Ocean Signal\",\"description\":\"A leading manufacturer of EPIRBs, AIS, SARTs, Personal Locator Beacons, Man Overboard Beacon for the Marine and Outdoor Markets.\",\"potentialAction\":[{\"@type\":\"SearchAction\",\"target\":{\"@type\":\"EntryPoint\",\"urlTemplate\":\"https:\/\/oceansignal.com\/it\/?s={search_term_string}\"},\"query-input\":{\"@type\":\"PropertyValueSpecification\",\"valueRequired\":true,\"valueName\":\"search_term_string\"}}],\"inLanguage\":\"it-IT\"}]}<\/script>\n<!-- \/ Yoast SEO Premium plugin. -->","yoast_head_json":{"title":"Radar SART safeSEA S100 - Ocean Signal","description":"Ocean Signal S100 Radar SART: riflettore radar essenziale per la sicurezza marittima. Affidabile radiofaro di ricerca e soccorso GMDSS. Acquista ora per la massima tranquillit\u00e0!","robots":{"index":"index","follow":"follow","max-snippet":"max-snippet:-1","max-image-preview":"max-image-preview:large","max-video-preview":"max-video-preview:-1"},"canonical":"https:\/\/oceansignal.com\/it\/products\/safesea-s100-radar-sart\/","og_locale":"it_IT","og_type":"article","og_title":"Radar SART safeSEA S100","og_description":"Ocean Signal S100 Radar SART: riflettore radar essenziale per la sicurezza marittima. Affidabile radiofaro di ricerca e soccorso GMDSS. Acquista ora per la massima tranquillit\u00e0!","og_url":"https:\/\/oceansignal.com\/it\/products\/safesea-s100-radar-sart\/","og_site_name":"Ocean Signal","article_modified_time":"2026-01-21T19:32:16+00:00","og_image":[{"width":792,"height":792,"url":"https:\/\/oceansignal.com\/wp-content\/uploads\/2023\/09\/OSL-S100-SART-With-back-piece.png","type":"image\/png"}],"twitter_card":"summary_large_image","twitter_misc":{"Tempo di lettura stimato":"1 minuto"},"schema":{"@context":"https:\/\/schema.org","@graph":[{"@type":"WebPage","@id":"https:\/\/oceansignal.com\/it\/products\/safesea-s100-radar-sart\/","url":"https:\/\/oceansignal.com\/it\/products\/safesea-s100-radar-sart\/","name":"Radar SART safeSEA S100 - Ocean Signal","isPartOf":{"@id":"https:\/\/oceansignal.com\/it\/#website"},"primaryImageOfPage":{"@id":"https:\/\/oceansignal.com\/it\/products\/safesea-s100-radar-sart\/#primaryimage"},"image":{"@id":"https:\/\/oceansignal.com\/it\/products\/safesea-s100-radar-sart\/#primaryimage"},"thumbnailUrl":"https:\/\/oceansignal.com\/wp-content\/uploads\/2023\/09\/OSL-S100-SART-With-back-piece.png","datePublished":"2023-09-08T09:39:08+00:00","dateModified":"2026-01-21T19:32:16+00:00","description":"Ocean Signal S100 Radar SART: riflettore radar essenziale per la sicurezza marittima. Affidabile radiofaro di ricerca e soccorso GMDSS. Acquista ora per la massima tranquillit\u00e0!","breadcrumb":{"@id":"https:\/\/oceansignal.com\/it\/products\/safesea-s100-radar-sart\/#breadcrumb"},"inLanguage":"it-IT","potentialAction":[{"@type":"ReadAction","target":["https:\/\/oceansignal.com\/it\/products\/safesea-s100-radar-sart\/"]}]},{"@type":"ImageObject","inLanguage":"it-IT","@id":"https:\/\/oceansignal.com\/it\/products\/safesea-s100-radar-sart\/#primaryimage","url":"https:\/\/oceansignal.com\/wp-content\/uploads\/2023\/09\/OSL-S100-SART-With-back-piece.png","contentUrl":"https:\/\/oceansignal.com\/wp-content\/uploads\/2023\/09\/OSL-S100-SART-With-back-piece.png","width":792,"height":792,"caption":"Ocean Signal S100 Sart con supporto esploso, angolo sinistro"},{"@type":"BreadcrumbList","@id":"https:\/\/oceansignal.com\/it\/products\/safesea-s100-radar-sart\/#breadcrumb","itemListElement":[{"@type":"ListItem","position":1,"name":"Prodotti","item":"https:\/\/oceansignal.com\/it\/prodotti\/"},{"@type":"ListItem","position":2,"name":"Radar SART safeSEA S100"}]},{"@type":"WebSite","@id":"https:\/\/oceansignal.com\/it\/#website","url":"https:\/\/oceansignal.com\/it\/","name":"Ocean Signal","description":"A leading manufacturer of EPIRBs, AIS, SARTs, Personal Locator Beacons, Man Overboard Beacon for the Marine and Outdoor Markets.","potentialAction":[{"@type":"SearchAction","target":{"@type":"EntryPoint","urlTemplate":"https:\/\/oceansignal.com\/it\/?s={search_term_string}"},"query-input":{"@type":"PropertyValueSpecification","valueRequired":true,"valueName":"search_term_string"}}],"inLanguage":"it-IT"}]}},"_links":{"self":[{"href":"https:\/\/oceansignal.com\/it\/wp-json\/wp\/v2\/product\/8441","targetHints":{"allow":["GET"]}}],"collection":[{"href":"https:\/\/oceansignal.com\/it\/wp-json\/wp\/v2\/product"}],"about":[{"href":"https:\/\/oceansignal.com\/it\/wp-json\/wp\/v2\/types\/product"}],"wp:featuredmedia":[{"embeddable":true,"href":"https:\/\/oceansignal.com\/it\/wp-json\/wp\/v2\/media\/23020"}],"wp:attachment":[{"href":"https:\/\/oceansignal.com\/it\/wp-json\/wp\/v2\/media?parent=8441"}],"wp:term":[{"taxonomy":"product_brand","embeddable":true,"href":"https:\/\/oceansignal.com\/it\/wp-json\/wp\/v2\/product_brand?post=8441"},{"taxonomy":"product_cat","embeddable":true,"href":"https:\/\/oceansignal.com\/it\/wp-json\/wp\/v2\/product_cat?post=8441"},{"taxonomy":"product_tag","embeddable":true,"href":"https:\/\/oceansignal.com\/it\/wp-json\/wp\/v2\/product_tag?post=8441"}],"curies":[{"name":"wp","href":"https:\/\/api.w.org\/{rel}","templated":true}]}}