{"id":31943,"date":"2025-06-17T12:56:37","date_gmt":"2025-06-17T12:56:37","guid":{"rendered":"https:\/\/oceansignal.com\/products\/epirb1-veiligheidskit\/"},"modified":"2025-08-21T14:04:34","modified_gmt":"2025-08-21T14:04:34","slug":"epirb1-veiligheidskit","status":"publish","type":"product","link":"https:\/\/oceansignal.com\/nl\/products\/epirb1-veiligheidskit\/","title":{"rendered":"EPIRB1 Veiligheidskit"},"content":{"rendered":"<h3><img loading=\"lazy\" decoding=\"async\" class=\"alignnone size-full wp-image-32359\" src=\"https:\/\/oceansignal.com\/wp-content\/uploads\/2025\/07\/View-New-Safety-Kits.png\" alt=\"\" width=\"300\" height=\"75\" srcset=\"https:\/\/oceansignal.com\/wp-content\/uploads\/2025\/07\/View-New-Safety-Kits.png 300w, https:\/\/oceansignal.com\/wp-content\/uploads\/2025\/07\/View-New-Safety-Kits-60x15.png 60w, https:\/\/oceansignal.com\/wp-content\/uploads\/2025\/07\/View-New-Safety-Kits-110x28.png 110w\" sizes=\"auto, (max-width: 300px) 100vw, 300px\" \/><\/h3>\n<h3>Waarom kiezen voor de EPIRB1-veiligheidskit?<\/h3>\n<p>Deze kit is samengesteld met het oog op realistische noodsituaties: ontmasting, brand, zinken of plotseling verlaten. Of u nu het Kanaal oversteekt of verder de kust op gaat, de <em>EPIRB1 Safety Kit<\/em> geeft u een serieuze voorsprong in het ergste geval \u2013 en kan uw leven redden. <\/p>\n<p>De EPIRB1 Safety Kit is een compacte, gebruiksvriendelijke noodhulpset, ontworpen voor solozeilers, fanatieke vissers en kustvaarders die professionele uitrusting willen met minimale voorbereiding. Het combineert drie essenti\u00eble tools in \u00e9\u00e9n hoogwaardig pakket, elk gekozen om uw kansen op een snelle, geco\u00f6rdineerde redding te vergroten. <\/p>\n<h3><strong>Ontworpen voor:<\/strong><\/h3>\n<ul>\n<li>Solo offshore zeilers<\/li>\n<li>Jachteigenaren op zoek naar een conforme grabbelton<\/li>\n<li>Kustcruisers en bezorgschippers<\/li>\n<li>Recreatieve vissers<\/li>\n<li>Veiligheidsbewuste nieuwkomers die hun boot voor het eerst uitrusten<\/li>\n<\/ul>\n<h3><strong>Wat is inbegrepen en waarom is het belangrijk?<\/strong><\/h3>\n<h4><strong>1 \u00d7 Ocean Signal EPIRB1 Cat II Noodbaken<\/strong><\/h4>\n<p><img loading=\"lazy\" decoding=\"async\" class=\"alignnone wp-image-31391 size-medium\" src=\"https:\/\/oceansignal.com\/wp-content\/uploads\/2025\/06\/EPIRB-1.2-153x300.png\" alt=\"\" width=\"153\" height=\"300\" srcset=\"https:\/\/oceansignal.com\/wp-content\/uploads\/2025\/06\/EPIRB-1.2-153x300.png 153w, https:\/\/oceansignal.com\/wp-content\/uploads\/2025\/06\/EPIRB-1.2-522x1024.png 522w, https:\/\/oceansignal.com\/wp-content\/uploads\/2025\/06\/EPIRB-1.2-768x1507.png 768w, https:\/\/oceansignal.com\/wp-content\/uploads\/2025\/06\/EPIRB-1.2-783x1536.png 783w, https:\/\/oceansignal.com\/wp-content\/uploads\/2025\/06\/EPIRB-1.2-600x1177.png 600w, https:\/\/oceansignal.com\/wp-content\/uploads\/2025\/06\/EPIRB-1.2-60x118.png 60w, https:\/\/oceansignal.com\/wp-content\/uploads\/2025\/06\/EPIRB-1.2-110x216.png 110w, https:\/\/oceansignal.com\/wp-content\/uploads\/2025\/06\/EPIRB-1.2.png 822w\" sizes=\"auto, (max-width: 153px) 100vw, 153px\" \/><\/p>\n<p>EPIRB&#8217;s zijn de meest effectieve manier om een wereldwijde SAR-respons op te roepen bij noodsituaties op zee.<br \/>\n Verkoopprijs: \u00a3 484,99<\/p>\n<p>Het hart van de kit is een 406 MHz EPIRB (Emergency Position Indicating Radio Beacon) die bij activering automatisch uw locatie doorgeeft aan wereldwijde zoek- en reddingssatellieten. De EPIRB1 gebruikt GPS en het COSPAS-SARSAT-satellietnetwerk om uw positie overal ter wereld te bepalen, zodat er binnen enkele minuten hulpdiensten worden gewaarschuwd. <\/p>\n<ul>\n<li>Dankzij <strong>de zeer nauwkeurige GPS<\/strong> ontvangen reddingswerkers nauwkeurige locatie-updates.<\/li>\n<li><strong>Dankzij een batterijduur van meer dan 48 uur<\/strong> hebben zoekteams voldoende tijd om u te vinden.<\/li>\n<li>De <strong>handmatige beugel (Cat. II)<\/strong> maakt eenvoudige montage op het bord mogelijk.<\/li>\n<\/ul>\n<hr>\n<h4><strong>1 \u00d7 ACR-signaalspiegel en fluit<\/strong><\/h4>\n<p><img loading=\"lazy\" decoding=\"async\" class=\"alignnone wp-image-31407 size-medium\" src=\"https:\/\/oceansignal.com\/wp-content\/uploads\/2025\/06\/Grab_Bag_EPIRB1_Kit-300x218.png\" alt=\"\" width=\"300\" height=\"218\"><\/p>\n<p>Zodra reddingswerkers in de buurt zijn, is het van essentieel belang dat u uw exacte positie visueel of hoorbaar kunt doorgeven, vooral bij ruwe zee of slecht zicht. <em><br \/>\nVerkoopprijs: \u00a3 10,99<\/em><\/p>\n<p>Een eenvoudige maar krachtige visuele en hoorbare signaalcombinatie die ervoor kan zorgen dat een reddingsvliegtuig of -schip u niet opmerkt.<\/p>\n<ul>\n<li><strong>Signaalspiegel:<\/strong> <strong>Ontworpen om zonlicht over grote afstanden te reflecteren, ideaal om de aandacht te trekken van passerende schepen of vliegtuigen.<\/strong><\/li>\n<li><strong>Fluit: Geeft scherpe geluidssignalen af die door wind- en golfgeluid heen klinken.<\/strong><\/li>\n<\/ul>\n<hr>\n<h4><strong>1 \u00d7 Ocean Signal waterdichte grabbag<\/strong><\/h4>\n<p><img loading=\"lazy\" decoding=\"async\" class=\"alignnone wp-image-31488 size-medium\" src=\"https:\/\/oceansignal.com\/wp-content\/uploads\/2025\/06\/Grab_Bag-1-241x300.webp\" alt=\"\" width=\"241\" height=\"300\" srcset=\"https:\/\/oceansignal.com\/wp-content\/uploads\/2025\/06\/Grab_Bag-1-241x300.webp 241w, https:\/\/oceansignal.com\/wp-content\/uploads\/2025\/06\/Grab_Bag-1-60x75.webp 60w, https:\/\/oceansignal.com\/wp-content\/uploads\/2025\/06\/Grab_Bag-1-110x137.webp 110w, https:\/\/oceansignal.com\/wp-content\/uploads\/2025\/06\/Grab_Bag-1.webp 489w\" sizes=\"auto, (max-width: 241px) 100vw, 241px\" \/><\/p>\n<p>In de chaos van een noodsituatie kunt u met deze grabbeltas snel alles meenemen wat u nodig hebt: droog, georganiseerd en gemakkelijk te pakken en te gebruiken.<br \/>\n Verkoopprijs: \u00a3 129,99<\/p>\n<p>Een duurzame, waterdichte tas van maritieme kwaliteit, ontworpen om uw EPIRB, signaleringsapparatuur, documenten en andere veiligheidsuitrusting en benodigdheden te vervoeren. Ontworpen om te drijven en droog te blijven in zware maritieme omstandigheden. <\/p>\n<ul>\n<li><strong>Heldere, goed zichtbare kleur, zodat u het snel kunt zien.<\/strong><\/li>\n<li><strong>Veilige sluiting houdt de inhoud droog en beschermd.<\/strong><\/li>\n<li><strong>Gemakkelijk te dragen handvat voor snelle evacuatie.<\/strong><\/li>\n<\/ul>\n","protected":false},"excerpt":{"rendered":"<p>De EPIRB 1 Safety Kit is een kant-en-klare grabbelton met essenti\u00eble nooduitrusting. Deze belangrijke kit is gebaseerd op het ultracompacte EPIRB1 Category II-baken van Ocean Signal en bevat ook een signaalspiegel en een fluitje, zodat u altijd over de meest essenti\u00eble veiligheidsuitrusting beschikt. <\/p>\n<p>Ideaal voor solozeilers, kustvaarders en mensen die een eerste veiligheidsset nodig hebben.<\/p>\n<p>Totale waarde van de kit bij adviesprijs: \u00a3 625,97. Bespaar \u00a3 95,98 met deze kit! <\/p>\n","protected":false},"featured_media":31292,"template":"","meta":{"_acf_changed":false,"om_disable_all_campaigns":false},"product_brand":[],"product_cat":[473,1676],"product_tag":[],"class_list":{"0":"post-31943","1":"product","2":"type-product","3":"status-publish","4":"has-post-thumbnail","6":"product_cat-rescueme-nl","7":"product_cat-veiligheidskits","9":"first","10":"instock","11":"taxable","12":"shipping-taxable","13":"purchasable","14":"product-type-simple"},"acf":[],"yoast_head":"<!-- This site is optimized with the Yoast SEO Premium plugin v25.2 (Yoast SEO v26.4) - https:\/\/yoast.com\/wordpress\/plugins\/seo\/ -->\n<title>EPIRB1 Veiligheidskit - Ocean Signal<\/title>\n<meta name=\"robots\" content=\"index, follow, max-snippet:-1, max-image-preview:large, max-video-preview:-1\" \/>\n<link rel=\"canonical\" href=\"https:\/\/oceansignal.com\/nl\/products\/epirb1-veiligheidskit\/\" \/>\n<meta property=\"og:locale\" content=\"nl_NL\" \/>\n<meta property=\"og:type\" content=\"article\" \/>\n<meta property=\"og:title\" content=\"EPIRB1 Veiligheidskit\" \/>\n<meta property=\"og:description\" content=\"De EPIRB 1 Safety Kit is een kant-en-klare grabbelton met essenti\u00eble nooduitrusting. Deze belangrijke kit is gebaseerd op het ultracompacte EPIRB1 Category II-baken van Ocean Signal en bevat ook een signaalspiegel en een fluitje, zodat u altijd over de meest essenti\u00eble veiligheidsuitrusting beschikt.  Ideaal voor solozeilers, kustvaarders en mensen die een eerste veiligheidsset nodig hebben. Totale waarde van de kit bij adviesprijs: \u00a3 625,97. Bespaar \u00a3 95,98 met deze kit!\" \/>\n<meta property=\"og:url\" content=\"https:\/\/oceansignal.com\/nl\/products\/epirb1-veiligheidskit\/\" \/>\n<meta property=\"og:site_name\" content=\"Ocean Signal\" \/>\n<meta property=\"article:modified_time\" content=\"2025-08-21T14:04:34+00:00\" \/>\n<meta property=\"og:image\" content=\"https:\/\/oceansignal.com\/wp-content\/uploads\/2025\/06\/Grab_Bag_EPIRB1_Kit-1.jpg\" \/>\n\t<meta property=\"og:image:width\" content=\"911\" \/>\n\t<meta property=\"og:image:height\" content=\"805\" \/>\n\t<meta property=\"og:image:type\" content=\"image\/jpeg\" \/>\n<meta name=\"twitter:card\" content=\"summary_large_image\" \/>\n<meta name=\"twitter:label1\" content=\"Geschatte leestijd\" \/>\n\t<meta name=\"twitter:data1\" content=\"2 minuten\" \/>\n<script type=\"application\/ld+json\" class=\"yoast-schema-graph\">{\"@context\":\"https:\/\/schema.org\",\"@graph\":[{\"@type\":\"WebPage\",\"@id\":\"https:\/\/oceansignal.com\/nl\/products\/epirb1-veiligheidskit\/\",\"url\":\"https:\/\/oceansignal.com\/nl\/products\/epirb1-veiligheidskit\/\",\"name\":\"EPIRB1 Veiligheidskit - Ocean Signal\",\"isPartOf\":{\"@id\":\"https:\/\/oceansignal.com\/nl\/#website\"},\"primaryImageOfPage\":{\"@id\":\"https:\/\/oceansignal.com\/nl\/products\/epirb1-veiligheidskit\/#primaryimage\"},\"image\":{\"@id\":\"https:\/\/oceansignal.com\/nl\/products\/epirb1-veiligheidskit\/#primaryimage\"},\"thumbnailUrl\":\"https:\/\/oceansignal.com\/wp-content\/uploads\/2025\/06\/Grab_Bag_EPIRB1_Kit-1.jpg\",\"datePublished\":\"2025-06-17T12:56:37+00:00\",\"dateModified\":\"2025-08-21T14:04:34+00:00\",\"breadcrumb\":{\"@id\":\"https:\/\/oceansignal.com\/nl\/products\/epirb1-veiligheidskit\/#breadcrumb\"},\"inLanguage\":\"nl-NL\",\"potentialAction\":[{\"@type\":\"ReadAction\",\"target\":[\"https:\/\/oceansignal.com\/nl\/products\/epirb1-veiligheidskit\/\"]}]},{\"@type\":\"ImageObject\",\"inLanguage\":\"nl-NL\",\"@id\":\"https:\/\/oceansignal.com\/nl\/products\/epirb1-veiligheidskit\/#primaryimage\",\"url\":\"https:\/\/oceansignal.com\/wp-content\/uploads\/2025\/06\/Grab_Bag_EPIRB1_Kit-1.jpg\",\"contentUrl\":\"https:\/\/oceansignal.com\/wp-content\/uploads\/2025\/06\/Grab_Bag_EPIRB1_Kit-1.jpg\",\"width\":911,\"height\":805},{\"@type\":\"BreadcrumbList\",\"@id\":\"https:\/\/oceansignal.com\/nl\/products\/epirb1-veiligheidskit\/#breadcrumb\",\"itemListElement\":[{\"@type\":\"ListItem\",\"position\":1,\"name\":\"Producten\",\"item\":\"https:\/\/oceansignal.com\/nl\/producten\/\"},{\"@type\":\"ListItem\",\"position\":2,\"name\":\"EPIRB1 Veiligheidskit\"}]},{\"@type\":\"WebSite\",\"@id\":\"https:\/\/oceansignal.com\/nl\/#website\",\"url\":\"https:\/\/oceansignal.com\/nl\/\",\"name\":\"Ocean Signal\",\"description\":\"A leading manufacturer of EPIRBs, AIS, SARTs, Personal Locator Beacons, Man Overboard Beacon for the Marine and Outdoor Markets.\",\"potentialAction\":[{\"@type\":\"SearchAction\",\"target\":{\"@type\":\"EntryPoint\",\"urlTemplate\":\"https:\/\/oceansignal.com\/nl\/?s={search_term_string}\"},\"query-input\":{\"@type\":\"PropertyValueSpecification\",\"valueRequired\":true,\"valueName\":\"search_term_string\"}}],\"inLanguage\":\"nl-NL\"}]}<\/script>\n<!-- \/ Yoast SEO Premium plugin. -->","yoast_head_json":{"title":"EPIRB1 Veiligheidskit - Ocean Signal","robots":{"index":"index","follow":"follow","max-snippet":"max-snippet:-1","max-image-preview":"max-image-preview:large","max-video-preview":"max-video-preview:-1"},"canonical":"https:\/\/oceansignal.com\/nl\/products\/epirb1-veiligheidskit\/","og_locale":"nl_NL","og_type":"article","og_title":"EPIRB1 Veiligheidskit","og_description":"De EPIRB 1 Safety Kit is een kant-en-klare grabbelton met essenti\u00eble nooduitrusting. Deze belangrijke kit is gebaseerd op het ultracompacte EPIRB1 Category II-baken van Ocean Signal en bevat ook een signaalspiegel en een fluitje, zodat u altijd over de meest essenti\u00eble veiligheidsuitrusting beschikt.  Ideaal voor solozeilers, kustvaarders en mensen die een eerste veiligheidsset nodig hebben. Totale waarde van de kit bij adviesprijs: \u00a3 625,97. Bespaar \u00a3 95,98 met deze kit!","og_url":"https:\/\/oceansignal.com\/nl\/products\/epirb1-veiligheidskit\/","og_site_name":"Ocean Signal","article_modified_time":"2025-08-21T14:04:34+00:00","og_image":[{"width":911,"height":805,"url":"https:\/\/oceansignal.com\/wp-content\/uploads\/2025\/06\/Grab_Bag_EPIRB1_Kit-1.jpg","type":"image\/jpeg"}],"twitter_card":"summary_large_image","twitter_misc":{"Geschatte leestijd":"2 minuten"},"schema":{"@context":"https:\/\/schema.org","@graph":[{"@type":"WebPage","@id":"https:\/\/oceansignal.com\/nl\/products\/epirb1-veiligheidskit\/","url":"https:\/\/oceansignal.com\/nl\/products\/epirb1-veiligheidskit\/","name":"EPIRB1 Veiligheidskit - Ocean Signal","isPartOf":{"@id":"https:\/\/oceansignal.com\/nl\/#website"},"primaryImageOfPage":{"@id":"https:\/\/oceansignal.com\/nl\/products\/epirb1-veiligheidskit\/#primaryimage"},"image":{"@id":"https:\/\/oceansignal.com\/nl\/products\/epirb1-veiligheidskit\/#primaryimage"},"thumbnailUrl":"https:\/\/oceansignal.com\/wp-content\/uploads\/2025\/06\/Grab_Bag_EPIRB1_Kit-1.jpg","datePublished":"2025-06-17T12:56:37+00:00","dateModified":"2025-08-21T14:04:34+00:00","breadcrumb":{"@id":"https:\/\/oceansignal.com\/nl\/products\/epirb1-veiligheidskit\/#breadcrumb"},"inLanguage":"nl-NL","potentialAction":[{"@type":"ReadAction","target":["https:\/\/oceansignal.com\/nl\/products\/epirb1-veiligheidskit\/"]}]},{"@type":"ImageObject","inLanguage":"nl-NL","@id":"https:\/\/oceansignal.com\/nl\/products\/epirb1-veiligheidskit\/#primaryimage","url":"https:\/\/oceansignal.com\/wp-content\/uploads\/2025\/06\/Grab_Bag_EPIRB1_Kit-1.jpg","contentUrl":"https:\/\/oceansignal.com\/wp-content\/uploads\/2025\/06\/Grab_Bag_EPIRB1_Kit-1.jpg","width":911,"height":805},{"@type":"BreadcrumbList","@id":"https:\/\/oceansignal.com\/nl\/products\/epirb1-veiligheidskit\/#breadcrumb","itemListElement":[{"@type":"ListItem","position":1,"name":"Producten","item":"https:\/\/oceansignal.com\/nl\/producten\/"},{"@type":"ListItem","position":2,"name":"EPIRB1 Veiligheidskit"}]},{"@type":"WebSite","@id":"https:\/\/oceansignal.com\/nl\/#website","url":"https:\/\/oceansignal.com\/nl\/","name":"Ocean Signal","description":"A leading manufacturer of EPIRBs, AIS, SARTs, Personal Locator Beacons, Man Overboard Beacon for the Marine and Outdoor Markets.","potentialAction":[{"@type":"SearchAction","target":{"@type":"EntryPoint","urlTemplate":"https:\/\/oceansignal.com\/nl\/?s={search_term_string}"},"query-input":{"@type":"PropertyValueSpecification","valueRequired":true,"valueName":"search_term_string"}}],"inLanguage":"nl-NL"}]}},"_links":{"self":[{"href":"https:\/\/oceansignal.com\/nl\/wp-json\/wp\/v2\/product\/31943","targetHints":{"allow":["GET"]}}],"collection":[{"href":"https:\/\/oceansignal.com\/nl\/wp-json\/wp\/v2\/product"}],"about":[{"href":"https:\/\/oceansignal.com\/nl\/wp-json\/wp\/v2\/types\/product"}],"wp:featuredmedia":[{"embeddable":true,"href":"https:\/\/oceansignal.com\/nl\/wp-json\/wp\/v2\/media\/31292"}],"wp:attachment":[{"href":"https:\/\/oceansignal.com\/nl\/wp-json\/wp\/v2\/media?parent=31943"}],"wp:term":[{"taxonomy":"product_brand","embeddable":true,"href":"https:\/\/oceansignal.com\/nl\/wp-json\/wp\/v2\/product_brand?post=31943"},{"taxonomy":"product_cat","embeddable":true,"href":"https:\/\/oceansignal.com\/nl\/wp-json\/wp\/v2\/product_cat?post=31943"},{"taxonomy":"product_tag","embeddable":true,"href":"https:\/\/oceansignal.com\/nl\/wp-json\/wp\/v2\/product_tag?post=31943"}],"curies":[{"name":"wp","href":"https:\/\/api.w.org\/{rel}","templated":true}]}}