{"id":31945,"date":"2025-06-24T09:31:27","date_gmt":"2025-06-24T09:31:27","guid":{"rendered":"https:\/\/oceansignal.com\/products\/plb1-veiligheidskit\/"},"modified":"2026-03-18T16:38:50","modified_gmt":"2026-03-18T16:38:50","slug":"plb1-veiligheidskit","status":"publish","type":"product","link":"https:\/\/oceansignal.com\/nl\/products\/plb1-veiligheidskit\/","title":{"rendered":"PLB1 Veiligheidskit"},"content":{"rendered":"<h3 data-start=\"3285\" data-end=\"3337\"><strong data-start=\"3292\" data-end=\"3337\"><img loading=\"lazy\" decoding=\"async\" class=\"alignnone size-full wp-image-32359\" src=\"https:\/\/oceansignal.com\/wp-content\/uploads\/2025\/07\/View-New-Safety-Kits.png\" alt=\"\" width=\"300\" height=\"75\" srcset=\"https:\/\/oceansignal.com\/wp-content\/uploads\/2025\/07\/View-New-Safety-Kits.png 300w, https:\/\/oceansignal.com\/wp-content\/uploads\/2025\/07\/View-New-Safety-Kits-60x15.png 60w, https:\/\/oceansignal.com\/wp-content\/uploads\/2025\/07\/View-New-Safety-Kits-110x28.png 110w\" sizes=\"auto, (max-width: 300px) 100vw, 300px\" \/><\/strong><\/h3>\n<h3 data-start=\"3116\" data-end=\"3164\"><strong data-start=\"3123\" data-end=\"3164\">Waarom kiezen voor de PLB1 veiligheidskit?<\/strong><\/h3>\n<p data-start=\"3166\" data-end=\"3448\">Deze set is ontworpen voor zelfstandig gebruik en biedt zeevarenden en piloten de mogelijkheid zichzelf en hun bemanning te beschermen met een professionele veiligheidsopstelling die compact, kosteneffectief en conform de regelgeving is. Het is perfect voor diegenen die nog geen EPIRB nodig hebben, maar wel gezien, gehoord en gevonden willen worden wanneer dat het meest nodig is. <\/p>\n<p data-start=\"3450\" data-end=\"3536\">Of je nu zeilen trimt of benen hijst, dit is je persoonlijke veiligheidsreserve.<\/p>\n<h3 data-start=\"2760\" data-end=\"2781\"><strong data-start=\"2767\" data-end=\"2781\">Ideaal voor:<\/strong><\/h3>\n<ul data-start=\"2782\" data-end=\"3037\">\n<li data-start=\"2782\" data-end=\"2842\">\n<p data-start=\"2784\" data-end=\"2842\">Solozeilers, RYA-studenten (Royal Yachting Association), weekendzeilers langs de kust en professionele zeevaarders.<\/p>\n<\/li>\n<li data-start=\"2843\" data-end=\"2895\">\n<p data-start=\"2845\" data-end=\"2895\">Priv\u00e9piloten<\/p>\n<\/li>\n<li data-start=\"2896\" data-end=\"2965\">\n<p data-start=\"2898\" data-end=\"2965\">Avontuurlijke reizigers, eigenaren van lichte vliegtuigen en ultralightpiloten<\/p>\n<\/li>\n<li data-start=\"2966\" data-end=\"3037\">\n<p data-start=\"2968\" data-end=\"3037\">Iedere zeeman zonder vaste EPIRB die behoefte heeft aan een lichtgewicht noodrem.<\/p>\n<\/li>\n<\/ul>\n<h3 data-start=\"699\" data-end=\"752\"><strong data-start=\"706\" data-end=\"752\">Wat is inbegrepen en hoe ondersteunt het Rescue?<\/strong><\/h3>\n<h4 data-start=\"754\" data-end=\"810\"><strong data-start=\"759\" data-end=\"808\">1 \u00d7 Ocean Signal PLB1 Persoonlijke Noodsignaalbaken<\/strong><\/h4>\n<p data-start=\"811\" data-end=\"834\">Of u zich nu op zee bevindt of boven afgelegen land, de PLB1 verbindt u rechtstreeks met wereldwijde reddingsdiensten, zelfs wanneer u buiten het bereik van VHF of mobiele telefoons bent.<br \/>\n Winkelwaarde: \u00a3279,99<br \/>\n<img loading=\"lazy\" decoding=\"async\" class=\"alignnone size-medium wp-image-31618\" src=\"https:\/\/oceansignal.com\/wp-content\/uploads\/2025\/06\/PLB1-straight-on-2.png\" alt=\"\" width=\"172\" height=\"246\" srcset=\"https:\/\/oceansignal.com\/wp-content\/uploads\/2025\/06\/PLB1-straight-on-2.png 172w, https:\/\/oceansignal.com\/wp-content\/uploads\/2025\/06\/PLB1-straight-on-2-60x86.png 60w, https:\/\/oceansignal.com\/wp-content\/uploads\/2025\/06\/PLB1-straight-on-2-110x157.png 110w\" sizes=\"auto, (max-width: 172px) 100vw, 172px\" \/><\/p>\n<p data-start=\"836\" data-end=\"1027\">Deze ultracompacte 406 MHz satellietbaken zendt uw GPS-locatie door naar het wereldwijde Cospas-Sarsat satellietnetwerk en zendt daarnaast een lokaal 121,5 MHz richtingssignaal uit om zoekteams te helpen snel hun locatie te bepalen.<\/p>\n<ul data-start=\"1029\" data-end=\"1218\">\n<li data-start=\"1029\" data-end=\"1065\">\n<p data-start=\"1031\" data-end=\"1065\">Wereldwijde noodwaarschuwingen via satellieten<\/p>\n<\/li>\n<li data-start=\"1066\" data-end=\"1101\">\n<p data-start=\"1068\" data-end=\"1101\">GPS-positionering + homing beacon<\/p>\n<\/li>\n<li data-start=\"1102\" data-end=\"1152\">\n<p data-start=\"1104\" data-end=\"1152\">Klein genoeg om in een zak of vliegvest te passen.<\/p>\n<\/li>\n<li data-start=\"1153\" data-end=\"1181\">\n<p data-start=\"1155\" data-end=\"1181\">Geen abonnement vereist<\/p>\n<\/li>\n<li data-start=\"1182\" data-end=\"1218\">\n<p data-start=\"1184\" data-end=\"1218\">7 jaar batterijduur, meer dan 24 uur gebruikstijd.<\/p>\n<\/li>\n<\/ul>\n<hr data-start=\"1389\" data-end=\"1392\">\n<h4 data-start=\"1394\" data-end=\"1452\"><strong data-start=\"1399\" data-end=\"1450\">1 \u00d7 Ocean Signal EDF1 Elektronische noodsignaalfakkel<\/strong><\/h4>\n<p data-start=\"1453\" data-end=\"1476\">Effectieve signalering voor zoekvliegtuigen of reddingswerkers in de buurt \u2013 ideaal voor neergestorte piloten of matrozen die wachten op redding.<br \/>\n Winkelwaarde: \u00a3149,99<br \/>\n<img loading=\"lazy\" decoding=\"async\" class=\"alignnone size-medium wp-image-31601\" src=\"https:\/\/oceansignal.com\/wp-content\/uploads\/2025\/06\/EDF1-cutout-70x300.png\" alt=\"\" width=\"70\" height=\"300\" srcset=\"https:\/\/oceansignal.com\/wp-content\/uploads\/2025\/06\/EDF1-cutout-70x300.png 70w, https:\/\/oceansignal.com\/wp-content\/uploads\/2025\/06\/EDF1-cutout-60x258.png 60w, https:\/\/oceansignal.com\/wp-content\/uploads\/2025\/06\/EDF1-cutout-110x473.png 110w, https:\/\/oceansignal.com\/wp-content\/uploads\/2025\/06\/EDF1-cutout.png 180w\" sizes=\"auto, (max-width: 70px) 100vw, 70px\" \/><\/p>\n<p data-start=\"1478\" data-end=\"1641\">Een herbruikbare, op batterijen werkende LED-noodfakkel die vuurwerk vervangt door een veiliger en duurzamer alternatief \u2013 perfect voor zichtbaarheid &#8217;s nachts op land of zee.<\/p>\n<ul data-start=\"1643\" data-end=\"1796\">\n<li data-start=\"1643\" data-end=\"1685\">\n<p data-start=\"1645\" data-end=\"1685\">&#8217;s Nachts 360\u00b0 zicht tot 11 kilometer.<\/p>\n<\/li>\n<li data-start=\"1686\" data-end=\"1727\">\n<p data-start=\"1688\" data-end=\"1727\">SOS-flitskarakteristiek, uitgezonden in \u00e9\u00e9n van de vier optionele standen (Economy, Bright, Ultra en Beam).<\/p>\n<\/li>\n<li data-start=\"1728\" data-end=\"1765\">\n<p data-start=\"1730\" data-end=\"1765\">Waterdicht, drijvend en robuust.<\/p>\n<\/li>\n<li data-start=\"1766\" data-end=\"1796\">\n<p data-start=\"1768\" data-end=\"1796\">Geen brandgevaar en geen vervaldatum.<\/p>\n<\/li>\n<\/ul>\n<hr data-start=\"1933\" data-end=\"1936\">\n<h4 data-start=\"1938\" data-end=\"1980\"><strong data-start=\"1943\" data-end=\"1978\">1 \u00d7 ACR-signaalspiegel en fluit<\/strong><\/h4>\n<p data-start=\"1981\" data-end=\"2003\">Een essenti\u00eble back-up wanneer andere hulpmiddelen falen \u2013 ideaal om de aandacht van helikopters, reddingsboten of zoek- en reddingsteams op de grond af te leiden.<br \/>\n Winkelwaarde: \u00a310,99<br \/>\n<img loading=\"lazy\" decoding=\"async\" class=\"alignnone size-medium wp-image-31407\" src=\"https:\/\/oceansignal.com\/wp-content\/uploads\/2025\/06\/Grab_Bag_EPIRB1_Kit-e1752085331562-300x131.png\" alt=\"\" width=\"300\" height=\"131\" srcset=\"https:\/\/oceansignal.com\/wp-content\/uploads\/2025\/06\/Grab_Bag_EPIRB1_Kit-e1752085331562-300x131.png 300w, https:\/\/oceansignal.com\/wp-content\/uploads\/2025\/06\/Grab_Bag_EPIRB1_Kit-e1752085331562-60x26.png 60w, https:\/\/oceansignal.com\/wp-content\/uploads\/2025\/06\/Grab_Bag_EPIRB1_Kit-e1752085331562-110x48.png 110w, https:\/\/oceansignal.com\/wp-content\/uploads\/2025\/06\/Grab_Bag_EPIRB1_Kit-e1752085331562.png 344w\" sizes=\"auto, (max-width: 300px) 100vw, 300px\" \/><br \/>\n Eenvoudige, lichtgewicht hulpmiddelen waarmee je redders visueel en auditief kunt waarschuwen wanneer ze in de buurt zijn.<\/p>\n<ul>\n<li><strong>Zeer reflecterende compacte spiegel voor visuele signalen overdag &#8211; Ontworpen om zonlicht over grote afstanden te reflecteren, ideaal om de aandacht te trekken van passerende schepen of vliegtuigen<\/strong><\/li>\n<li><strong>Luid, zacht gefluit om de aandacht van dichtbij te trekken<\/strong><\/li>\n<li><strong>Geen batterijen, geen onderhoud nodig.<\/strong><\/li>\n<\/ul>\n<hr data-start=\"1933\" data-end=\"1936\">\n<p><strong data-start=\"2380\" data-end=\"2420\">1 \u00d7 Ocean Signal waterdichte grabbag<\/strong><\/p>\n<p data-start=\"2423\" data-end=\"2445\">Houdt uw reddingspakket beschermd, zichtbaar en klaar voor snelle inzet in geval van nood.<br \/>\n Winkelwaarde: \u00a399,99<br \/>\n<img loading=\"lazy\" decoding=\"async\" class=\"alignnone size-medium wp-image-31488\" src=\"https:\/\/oceansignal.com\/wp-content\/uploads\/2025\/06\/Grab_Bag-1-241x300.webp\" alt=\"\" width=\"241\" height=\"300\" srcset=\"https:\/\/oceansignal.com\/wp-content\/uploads\/2025\/06\/Grab_Bag-1-241x300.webp 241w, https:\/\/oceansignal.com\/wp-content\/uploads\/2025\/06\/Grab_Bag-1-60x75.webp 60w, https:\/\/oceansignal.com\/wp-content\/uploads\/2025\/06\/Grab_Bag-1-110x137.webp 110w, https:\/\/oceansignal.com\/wp-content\/uploads\/2025\/06\/Grab_Bag-1.webp 489w\" sizes=\"auto, (max-width: 241px) 100vw, 241px\" \/><\/p>\n<p data-start=\"2447\" data-end=\"2517\">Een heldere, drijvende noodtas om alle essenti\u00eble veiligheidsspullen op \u00e9\u00e9n plek in op te bergen.<\/p>\n<ul data-start=\"2519\" data-end=\"2641\">\n<li data-start=\"2519\" data-end=\"2570\">\n<p data-start=\"2521\" data-end=\"2570\"><strong>Gemakkelijk op te bergen in een cockpitkast of cockpittas.<\/strong><\/p>\n<\/li>\n<li data-start=\"2571\" data-end=\"2616\">\n<p data-start=\"2573\" data-end=\"2616\"><strong>Drijvend<\/strong><\/p>\n<\/li>\n<li data-start=\"2617\" data-end=\"2641\">\n<p data-start=\"2619\" data-end=\"2641\"><strong>Opvallend ontwerp<\/strong><\/p>\n<\/li>\n<\/ul>\n","protected":false},"excerpt":{"rendered":"<p>De PLB1-veiligheidskit is een betrouwbaar en budgetvriendelijk noodpakket voor zeilers en piloten die zelfstandig opereren en waarde hechten aan lichtgewicht, compacte veiligheidsuitrusting. Of u nu een korte kustvlucht maakt of een langeafstandsvlucht over afgelegen gebieden uitvoert, met deze kit bent u voorbereid op onverwachte situaties. <\/p>\n<p>Totale waarde van de set (adviesprijs): \u00a3595,99. Bespaar \u00a3115,97 met deze set!<\/p>\n","protected":false},"featured_media":31589,"template":"","meta":{"_acf_changed":false,"om_disable_all_campaigns":false},"product_brand":[],"product_cat":[1981,473,1676],"product_tag":[1677,1688],"class_list":{"0":"post-31945","1":"product","2":"type-product","3":"status-publish","4":"has-post-thumbnail","6":"product_cat-geschikt-voor-reddingsvesten","7":"product_cat-rescueme-nl","8":"product_cat-veiligheidskits","9":"product_tag-grab-bag-nl","10":"product_tag-veiligheidskits","12":"first","13":"instock","14":"taxable","15":"shipping-taxable","16":"purchasable","17":"product-type-simple"},"acf":[],"yoast_head":"<!-- This site is optimized with the Yoast SEO Premium plugin v25.2 (Yoast SEO v26.4) - https:\/\/yoast.com\/wordpress\/plugins\/seo\/ -->\n<title>PLB1 Veiligheidskit - Ocean Signal<\/title>\n<meta name=\"robots\" content=\"index, follow, max-snippet:-1, max-image-preview:large, max-video-preview:-1\" \/>\n<link rel=\"canonical\" href=\"https:\/\/oceansignal.com\/nl\/products\/plb1-veiligheidskit\/\" \/>\n<meta property=\"og:locale\" content=\"nl_NL\" \/>\n<meta property=\"og:type\" content=\"article\" \/>\n<meta property=\"og:title\" content=\"PLB1 Veiligheidskit\" \/>\n<meta property=\"og:description\" content=\"De PLB1-veiligheidskit is een betrouwbaar en budgetvriendelijk noodpakket voor zeilers en piloten die zelfstandig opereren en waarde hechten aan lichtgewicht, compacte veiligheidsuitrusting. Of u nu een korte kustvlucht maakt of een langeafstandsvlucht over afgelegen gebieden uitvoert, met deze kit bent u voorbereid op onverwachte situaties.  Totale waarde van de set (adviesprijs): \u00a3595,99. Bespaar \u00a3115,97 met deze set!\" \/>\n<meta property=\"og:url\" content=\"https:\/\/oceansignal.com\/nl\/products\/plb1-veiligheidskit\/\" \/>\n<meta property=\"og:site_name\" content=\"Ocean Signal\" \/>\n<meta property=\"article:modified_time\" content=\"2026-03-18T16:38:50+00:00\" \/>\n<meta property=\"og:image\" content=\"https:\/\/oceansignal.com\/wp-content\/uploads\/2025\/06\/Grab_Bag_PLB1_Kit-1.jpg\" \/>\n\t<meta property=\"og:image:width\" content=\"911\" \/>\n\t<meta property=\"og:image:height\" content=\"805\" \/>\n\t<meta property=\"og:image:type\" content=\"image\/jpeg\" \/>\n<meta name=\"twitter:card\" content=\"summary_large_image\" \/>\n<meta name=\"twitter:label1\" content=\"Geschatte leestijd\" \/>\n\t<meta name=\"twitter:data1\" content=\"2 minuten\" \/>\n<script type=\"application\/ld+json\" class=\"yoast-schema-graph\">{\"@context\":\"https:\/\/schema.org\",\"@graph\":[{\"@type\":\"WebPage\",\"@id\":\"https:\/\/oceansignal.com\/nl\/products\/plb1-veiligheidskit\/\",\"url\":\"https:\/\/oceansignal.com\/nl\/products\/plb1-veiligheidskit\/\",\"name\":\"PLB1 Veiligheidskit - Ocean Signal\",\"isPartOf\":{\"@id\":\"https:\/\/oceansignal.com\/nl\/#website\"},\"primaryImageOfPage\":{\"@id\":\"https:\/\/oceansignal.com\/nl\/products\/plb1-veiligheidskit\/#primaryimage\"},\"image\":{\"@id\":\"https:\/\/oceansignal.com\/nl\/products\/plb1-veiligheidskit\/#primaryimage\"},\"thumbnailUrl\":\"https:\/\/oceansignal.com\/wp-content\/uploads\/2025\/06\/Grab_Bag_PLB1_Kit-1.jpg\",\"datePublished\":\"2025-06-24T09:31:27+00:00\",\"dateModified\":\"2026-03-18T16:38:50+00:00\",\"breadcrumb\":{\"@id\":\"https:\/\/oceansignal.com\/nl\/products\/plb1-veiligheidskit\/#breadcrumb\"},\"inLanguage\":\"nl-NL\",\"potentialAction\":[{\"@type\":\"ReadAction\",\"target\":[\"https:\/\/oceansignal.com\/nl\/products\/plb1-veiligheidskit\/\"]}]},{\"@type\":\"ImageObject\",\"inLanguage\":\"nl-NL\",\"@id\":\"https:\/\/oceansignal.com\/nl\/products\/plb1-veiligheidskit\/#primaryimage\",\"url\":\"https:\/\/oceansignal.com\/wp-content\/uploads\/2025\/06\/Grab_Bag_PLB1_Kit-1.jpg\",\"contentUrl\":\"https:\/\/oceansignal.com\/wp-content\/uploads\/2025\/06\/Grab_Bag_PLB1_Kit-1.jpg\",\"width\":911,\"height\":805},{\"@type\":\"BreadcrumbList\",\"@id\":\"https:\/\/oceansignal.com\/nl\/products\/plb1-veiligheidskit\/#breadcrumb\",\"itemListElement\":[{\"@type\":\"ListItem\",\"position\":1,\"name\":\"Producten\",\"item\":\"https:\/\/oceansignal.com\/nl\/producten\/\"},{\"@type\":\"ListItem\",\"position\":2,\"name\":\"PLB1 Veiligheidskit\"}]},{\"@type\":\"WebSite\",\"@id\":\"https:\/\/oceansignal.com\/nl\/#website\",\"url\":\"https:\/\/oceansignal.com\/nl\/\",\"name\":\"Ocean Signal\",\"description\":\"A leading manufacturer of EPIRBs, AIS, SARTs, Personal Locator Beacons, Man Overboard Beacon for the Marine and Outdoor Markets.\",\"potentialAction\":[{\"@type\":\"SearchAction\",\"target\":{\"@type\":\"EntryPoint\",\"urlTemplate\":\"https:\/\/oceansignal.com\/nl\/?s={search_term_string}\"},\"query-input\":{\"@type\":\"PropertyValueSpecification\",\"valueRequired\":true,\"valueName\":\"search_term_string\"}}],\"inLanguage\":\"nl-NL\"}]}<\/script>\n<!-- \/ Yoast SEO Premium plugin. -->","yoast_head_json":{"title":"PLB1 Veiligheidskit - Ocean Signal","robots":{"index":"index","follow":"follow","max-snippet":"max-snippet:-1","max-image-preview":"max-image-preview:large","max-video-preview":"max-video-preview:-1"},"canonical":"https:\/\/oceansignal.com\/nl\/products\/plb1-veiligheidskit\/","og_locale":"nl_NL","og_type":"article","og_title":"PLB1 Veiligheidskit","og_description":"De PLB1-veiligheidskit is een betrouwbaar en budgetvriendelijk noodpakket voor zeilers en piloten die zelfstandig opereren en waarde hechten aan lichtgewicht, compacte veiligheidsuitrusting. Of u nu een korte kustvlucht maakt of een langeafstandsvlucht over afgelegen gebieden uitvoert, met deze kit bent u voorbereid op onverwachte situaties.  Totale waarde van de set (adviesprijs): \u00a3595,99. Bespaar \u00a3115,97 met deze set!","og_url":"https:\/\/oceansignal.com\/nl\/products\/plb1-veiligheidskit\/","og_site_name":"Ocean Signal","article_modified_time":"2026-03-18T16:38:50+00:00","og_image":[{"width":911,"height":805,"url":"https:\/\/oceansignal.com\/wp-content\/uploads\/2025\/06\/Grab_Bag_PLB1_Kit-1.jpg","type":"image\/jpeg"}],"twitter_card":"summary_large_image","twitter_misc":{"Geschatte leestijd":"2 minuten"},"schema":{"@context":"https:\/\/schema.org","@graph":[{"@type":"WebPage","@id":"https:\/\/oceansignal.com\/nl\/products\/plb1-veiligheidskit\/","url":"https:\/\/oceansignal.com\/nl\/products\/plb1-veiligheidskit\/","name":"PLB1 Veiligheidskit - Ocean Signal","isPartOf":{"@id":"https:\/\/oceansignal.com\/nl\/#website"},"primaryImageOfPage":{"@id":"https:\/\/oceansignal.com\/nl\/products\/plb1-veiligheidskit\/#primaryimage"},"image":{"@id":"https:\/\/oceansignal.com\/nl\/products\/plb1-veiligheidskit\/#primaryimage"},"thumbnailUrl":"https:\/\/oceansignal.com\/wp-content\/uploads\/2025\/06\/Grab_Bag_PLB1_Kit-1.jpg","datePublished":"2025-06-24T09:31:27+00:00","dateModified":"2026-03-18T16:38:50+00:00","breadcrumb":{"@id":"https:\/\/oceansignal.com\/nl\/products\/plb1-veiligheidskit\/#breadcrumb"},"inLanguage":"nl-NL","potentialAction":[{"@type":"ReadAction","target":["https:\/\/oceansignal.com\/nl\/products\/plb1-veiligheidskit\/"]}]},{"@type":"ImageObject","inLanguage":"nl-NL","@id":"https:\/\/oceansignal.com\/nl\/products\/plb1-veiligheidskit\/#primaryimage","url":"https:\/\/oceansignal.com\/wp-content\/uploads\/2025\/06\/Grab_Bag_PLB1_Kit-1.jpg","contentUrl":"https:\/\/oceansignal.com\/wp-content\/uploads\/2025\/06\/Grab_Bag_PLB1_Kit-1.jpg","width":911,"height":805},{"@type":"BreadcrumbList","@id":"https:\/\/oceansignal.com\/nl\/products\/plb1-veiligheidskit\/#breadcrumb","itemListElement":[{"@type":"ListItem","position":1,"name":"Producten","item":"https:\/\/oceansignal.com\/nl\/producten\/"},{"@type":"ListItem","position":2,"name":"PLB1 Veiligheidskit"}]},{"@type":"WebSite","@id":"https:\/\/oceansignal.com\/nl\/#website","url":"https:\/\/oceansignal.com\/nl\/","name":"Ocean Signal","description":"A leading manufacturer of EPIRBs, AIS, SARTs, Personal Locator Beacons, Man Overboard Beacon for the Marine and Outdoor Markets.","potentialAction":[{"@type":"SearchAction","target":{"@type":"EntryPoint","urlTemplate":"https:\/\/oceansignal.com\/nl\/?s={search_term_string}"},"query-input":{"@type":"PropertyValueSpecification","valueRequired":true,"valueName":"search_term_string"}}],"inLanguage":"nl-NL"}]}},"_links":{"self":[{"href":"https:\/\/oceansignal.com\/nl\/wp-json\/wp\/v2\/product\/31945","targetHints":{"allow":["GET"]}}],"collection":[{"href":"https:\/\/oceansignal.com\/nl\/wp-json\/wp\/v2\/product"}],"about":[{"href":"https:\/\/oceansignal.com\/nl\/wp-json\/wp\/v2\/types\/product"}],"wp:featuredmedia":[{"embeddable":true,"href":"https:\/\/oceansignal.com\/nl\/wp-json\/wp\/v2\/media\/31589"}],"wp:attachment":[{"href":"https:\/\/oceansignal.com\/nl\/wp-json\/wp\/v2\/media?parent=31945"}],"wp:term":[{"taxonomy":"product_brand","embeddable":true,"href":"https:\/\/oceansignal.com\/nl\/wp-json\/wp\/v2\/product_brand?post=31945"},{"taxonomy":"product_cat","embeddable":true,"href":"https:\/\/oceansignal.com\/nl\/wp-json\/wp\/v2\/product_cat?post=31945"},{"taxonomy":"product_tag","embeddable":true,"href":"https:\/\/oceansignal.com\/nl\/wp-json\/wp\/v2\/product_tag?post=31945"}],"curies":[{"name":"wp","href":"https:\/\/api.w.org\/{rel}","templated":true}]}}