{"id":12822,"date":"2024-11-12T19:50:16","date_gmt":"2024-11-12T19:50:16","guid":{"rendered":"https:\/\/oceansignal.com\/products\/safesea-m200\/"},"modified":"2026-02-17T15:46:55","modified_gmt":"2026-02-17T15:46:55","slug":"safesea-m200","status":"publish","type":"product","link":"https:\/\/oceansignal.com\/no\/products\/safesea-m200\/","title":{"rendered":"safeSEA M200"},"content":{"rendered":"<p class=\"ai-optimize-36 ai-optimize-introduction\"><em>Vil du l\u00e6re om det siste innen klasse M-krav for AIS MOB ?  <a href=\"https:\/\/oceansignal.com\/no\/news\/forsta-virkningen-av-ais-klasse-m-forskriften-pa-mob-er\/\">Klikk her<\/a><\/em><\/p>\n<p class=\"ai-optimize-37\"><em>Kun for USA: Denne enheten er ikke autorisert i henhold til reglene til Federal Communications Commission. Denne enheten er ikke, og kan ikke bli tilbudt for salg eller leasing, eller solgt eller leaset, f\u00f8r autorisasjon er innhentet. Godkjent for salg i land som har vedtatt forskrift ECC\/DEC\/(22)02.  <\/em><\/p>\n<p class=\"ai-optimize-38\"><em><a href=\"https:\/\/www.dropbox.com\/s\/8343nj28z0d7bxa\/Prop%2065%20-%20BPA.pdf?dl=0\">ADVARSEL: PROP 65<\/a><\/em><\/p>\n<h3 class=\"ai-optimize-39\">Sammendrag<\/h3>\n<p class=\"ai-optimize-40\">Designet for \u00e5 m\u00f8te behovene til b\u00e5de fritidsb\u00e5tfolk og det profesjonelle marinemarkedet og offshorearbeiderne, kan M200 monteres p\u00e5 en redningsvest og aktiveres automatisk n\u00e5r jakken bl\u00e5ses opp. Med flere metoder for n\u00f8dvarsling, har M200 doble infrar\u00f8de-hvite strobelys og sender via AIS, DSC og 121,5 MHz for \u00e5 lette redningsinnsatsen og dermed maksimere hastigheten og effektiviteten til redning. M200 er i samsvar med AIS Class M-forskriften, en klasse M DSC (Digital Selective Calling) MOB -enhet som har en slitesterk design med en formfaktor som er beleilig mindre enn andre sammenlignbare modeller.  <\/p>\n<p class=\"ai-optimize-41\">safeSEA M200 AIS bygger p\u00e5 den velpr\u00f8vde kjernearkitekturen til forgjengeren, og holder seg tro mot Ocean Signal kjernedesignprinsipper og oppn\u00e5r en imponerende bragd ved \u00e5 kombinere tilleggsfunksjoner i en enda mer kompakt formfaktor. M\u00f8teforskrift ECC\/DEC\/(22)02, ellers kjent som AIS Class M Regulation, inkluderer M200 en DSC (Digital Selective Calling) mottaker som brukes til \u00e5 stoppe MOB fra \u00e5 fortsette \u00e5 sende DSC-meldinger over DSC-kanalen n\u00e5r et n\u00f8dsignal er blitt bekreftet. Inkluderingen av doble infrar\u00f8de-hvite strobelys i kombinasjon med n\u00f8dvarsling via AIS, DSC og 121,5 MHz gir maksimal deteksjon av n\u00f8detatene.  <\/p>\n<p class=\"ai-optimize-42\"><strong>Hvordan det fungerer<\/strong><\/p>\n<p class=\"ai-optimize-43\">Ved aktivering begynner safeSEA M200 AIS \u00e5 sende 121,5 MHz m\u00e5ls\u00f8kingssignalet og deretter vil den f\u00f8rste individuelle n\u00f8den sendes innen 15 sekunder. M200 sender 8 AIS-meldinger per minutt, og n\u00e5r en GNSS-fiks er oppn\u00e5dd, inkluderer hver sekvens p\u00e5 8 AIS-meldinger GNSS-koordinater for \u00e5 varsle redningsmenn om din n\u00f8yaktige posisjon. M200 har ogs\u00e5 muligheten til \u00e5 sende ulike typer DSC-meldinger*. Typen DSC-melding(er) som sendes (individuelt n\u00f8drel\u00e9anrop, gruppeanrop eller n\u00f8dvarsel for alle skip) er diktert av spesifikke forskrifter etter land.   <\/p>\n<p class=\"ai-optimize-44\"><strong>App tilkoblet<\/strong><\/p>\n<p class=\"ai-optimize-45\">Med inkludering av Near Field Communication (NFC)-teknologi, starter du automatisk Ocean Signal Product App ved \u00e5 plassere telefonen i n\u00e6rheten av beacon, som gir deg tilgang til en rekke bruksdata. Brukerspesifikke data som for eksempel et fart\u00f8ys MMSI kan legges inn i M200, samtidig som viktig informasjon som batterilevetid og selvtesthistorikk enkelt kan vises. Bruken av NFC sikrer ogs\u00e5 at den interne batterilevetiden maksimeres av sikkerhetshensyn.  <\/p>\n<p class=\"ai-optimize-46\"><strong>Integrasjon av redningsvest<\/strong><\/p>\n<p class=\"ai-optimize-47\">safeSEA M200 AIS kan aktiveres manuelt eller automatisk n\u00e5r den er installert i en oppbl\u00e5sbar redningsvest som bl\u00e5ses opp automatisk. Installasjonen gj\u00f8res enkel ved \u00e5 bruke den medf\u00f8lgende orale oppbl\u00e5sningsr\u00f8rklipsen for \u00e5 feste M200 til redningsvesten i forbindelse med aktiveringstapen som er koblet rundt bl\u00e6ren til redningsvesten**. N\u00e5r den er riktig installert, utl\u00f8ser handlingen av redningsvestbl\u00e6ren oppbl\u00e5sing av antennen og aktivering av beacon.  <\/p>\n<p class=\"ai-optimize-48\">* DSC-funksjonalitet er underlagt landets forskrifter.<\/p>\n<p class=\"ai-optimize-49\"><strong>** <i data-olk-copy-source=\"MailCompose\">Det anbefales \u00e5 konsultere redningsvestprodusenten f\u00f8r installasjon, da spesifikke modeller kan ha sin egen foretrukne monteringsmetode eller integreringsanbefalinger.<\/i><\/strong><\/p>\n<p>&nbsp;<\/p>\n<p class=\"ai-optimize-50\"><strong>Funksjoner og fordeler med Ocean Signal safeSEA M200 AIS:<\/strong><\/p>\n<ul>\n<li class=\"ai-optimize-51\">AIS (Automatic Identification System)<\/li>\n<li class=\"ai-optimize-52\">Klasse M-kompatibel (forskrift ECC\/DEC\/(22)02)<\/li>\n<li class=\"ai-optimize-53\">Integrert Tx og Rx DSC transceiver (Digital Selective Calling) *<\/li>\n<li class=\"ai-optimize-54\">LED-er bekrefter mottak av DSC-n\u00f8dsignal<\/li>\n<li class=\"ai-optimize-55\">20 % (type) mindre enn konkurrentene<\/li>\n<li class=\"ai-optimize-56\">GNSS via GPS og Galileo<\/li>\n<li class=\"ai-optimize-57\">Rask n\u00f8yaktig posisjonering<\/li>\n<li class=\"ai-optimize-58\">121,5 MHz Homing-signal<\/li>\n<li class=\"ai-optimize-59\">IR og hvite strobelys<\/li>\n<li class=\"ai-optimize-60\">LED-er bekrefter mottak av DSC-n\u00f8dsignal<\/li>\n<li class=\"ai-optimize-61\">Automatisk aktivering<\/li>\n<li class=\"ai-optimize-62\">Enkel integrering av redningsvest**<\/li>\n<li class=\"ai-optimize-63\">5 \u00e5rs batterilevetid<\/li>\n<li class=\"ai-optimize-64\">12+ timers driftslevetid<\/li>\n<li class=\"ai-optimize-65\">2 \u00e5rs garanti<\/li>\n<li class=\"ai-optimize-66\">Integrert n\u00e6rfeltskommunikasjon (NFC)<\/li>\n<li class=\"ai-optimize-67\">Smartphone-tilkobling via NFC<\/li>\n<li class=\"ai-optimize-68\">Ocean Signal mobilapp (IOS og Android)<\/li>\n<\/ul>\n<p>&nbsp;<\/p>\n<p class=\"ai-optimize-69\"><strong><em>Kompatibilitet:<\/em><\/strong><em>  De fleste moderne AIS-plottere og DSC VHF overholder standardene som kreves for \u00e5 motta MOB sendinger. Det anbefales imidlertid, spesielt hvis du bruker eldre utstyr, at du sjekker kompatibiliteten med utstyrsprodusenten. <\/em><\/p>\n<p class=\"ai-optimize-70\">Vil du l\u00e6re om det siste innen klasse M-krav for AIS MOB ?  <a href=\"https:\/\/oceansignal.com\/no\/news\/forsta-virkningen-av-ais-klasse-m-forskriften-pa-mob-er\/\">Klikk her<\/a><\/p>\n<p>&nbsp;<\/p>\n","protected":false},"excerpt":{"rendered":"<div class=\"flex max-w-full flex-col flex-grow\">\n<div class=\"min-h-8 text-message relative flex w-full flex-col items-end gap-2 whitespace-normal break-words text-start [.text-message+&amp;]:mt-5\" dir=\"auto\" data-message-author-role=\"assistant\" data-message-id=\"933cc1c1-b547-4ddb-bf48-2e55b6592f46\" data-message-model-slug=\"gpt-4o\">\n<div class=\"flex w-full flex-col gap-1 empty:hidden first:pt-[3px]\">\n<div class=\"markdown prose w-full break-words dark:prose-invert light\">\n<ul data-start=\"81\" data-end=\"826\" data-is-last-node=\"\" data-is-only-node=\"\">\n<li class=\"\" data-start=\"81\" data-end=\"235\">\n<p class=\"\" data-start=\"83\" data-end=\"235\"><strong data-start=\"83\" data-end=\"112\">Avansert AIS MOB varsling<\/strong> \u2013 Klasse M-kompatibel (ECC\/DEC\/(22)02) med AIS, DSC og 121,5 MHz n\u00f8dsignalering for maksimal synlighet for redningsmenn.<\/p>\n<\/li>\n<li class=\"\" data-start=\"236\" data-end=\"387\">\n<p class=\"\" data-start=\"238\" data-end=\"387\"><strong data-start=\"238\" data-end=\"275\">Rask og n\u00f8yaktig posisjonssporing<\/strong> \u2013 Sender 8 AIS-meldinger per minutt med presis GNSS-posisjonering (GPS og Galileo) for rask n\u00f8drespons.<\/p>\n<\/li>\n<li class=\"\" data-start=\"388\" data-end=\"530\">\n<p class=\"\" data-start=\"390\" data-end=\"530\"><strong data-start=\"390\" data-end=\"417\">Integrert DSC-mottaker<\/strong> \u2013 Stopper n\u00f8dvarsler n\u00e5r de er bekreftet, reduserer un\u00f8dvendige sendinger og forbedrer s\u00f8keeffektiviteten.<\/p>\n<\/li>\n<li class=\"\" data-start=\"531\" data-end=\"678\">\n<p class=\"\" data-start=\"533\" data-end=\"678\"><strong data-start=\"533\" data-end=\"568\">S\u00f8ml\u00f8s redningsvest-integrasjon<\/strong> \u2013 Automatisk eller manuell aktivering n\u00e5r den er installert i en oppbl\u00e5sbar redningsvest, sikrer h\u00e5ndfri drift.<\/p>\n<\/li>\n<li class=\"\" data-start=\"679\" data-end=\"826\">\n<p class=\"\" data-start=\"681\" data-end=\"826\"><strong data-start=\"681\" data-end=\"708\">Smarttelefontilkobling<\/strong> \u2013 NFC-aktivert for enkel tilgang til batteristatus, selvtesthistorikk og MMSI-oppsett via Ocean Signal Mobile App.<\/p>\n<\/li>\n<li data-start=\"679\" data-end=\"826\">Engangskj\u00f8p uten m\u00e5nedlig abonnement<\/li>\n<\/ul>\n<\/div>\n<\/div>\n<\/div>\n<\/div>\n","protected":false},"featured_media":12404,"template":"","meta":{"_acf_changed":false,"om_disable_all_campaigns":false},"product_brand":[],"product_cat":[1987,1062,618,605],"product_tag":[],"class_list":{"0":"post-12822","1":"product","2":"type-product","3":"status-publish","4":"has-post-thumbnail","6":"product_cat-kompatibel-med-redningsvester","7":"product_cat-mann-over-bord-no","8":"product_cat-ais-no","9":"product_cat-safesea-no","11":"first","12":"instock","13":"taxable","14":"shipping-taxable","15":"purchasable","16":"product-type-simple"},"acf":[],"yoast_head":"<!-- This site is optimized with the Yoast SEO Premium plugin v25.2 (Yoast SEO v26.4) - https:\/\/yoast.com\/wordpress\/plugins\/seo\/ -->\n<title>safeSEA M200 - Ocean Signal<\/title>\n<meta name=\"description\" content=\"Ocean Signal safeSEA M200 AIS Man Overboard Beacon maksimerer sjansene for redning med sine 3 metoder for n\u00f8doverf\u00f8ring - AIS, DSC og 121,5 MHz\" \/>\n<meta name=\"robots\" content=\"index, follow, max-snippet:-1, max-image-preview:large, max-video-preview:-1\" \/>\n<link rel=\"canonical\" href=\"https:\/\/oceansignal.com\/no\/products\/safesea-m200\/\" \/>\n<meta property=\"og:locale\" content=\"nb_NO\" \/>\n<meta property=\"og:type\" content=\"article\" \/>\n<meta property=\"og:title\" content=\"safeSEA M200\" \/>\n<meta property=\"og:description\" content=\"Ocean Signal safeSEA M200 AIS Man Overboard Beacon maksimerer sjansene for redning med sine 3 metoder for n\u00f8doverf\u00f8ring - AIS, DSC og 121,5 MHz\" \/>\n<meta property=\"og:url\" content=\"https:\/\/oceansignal.com\/no\/products\/safesea-m200\/\" \/>\n<meta property=\"og:site_name\" content=\"Ocean Signal\" \/>\n<meta property=\"article:modified_time\" content=\"2026-02-17T15:46:55+00:00\" \/>\n<meta property=\"og:image\" content=\"https:\/\/oceansignal.com\/wp-content\/uploads\/2024\/11\/M200-Front.png\" \/>\n\t<meta property=\"og:image:width\" content=\"800\" \/>\n\t<meta property=\"og:image:height\" content=\"800\" \/>\n\t<meta property=\"og:image:type\" content=\"image\/png\" \/>\n<meta name=\"twitter:card\" content=\"summary_large_image\" \/>\n<meta name=\"twitter:label1\" content=\"Ansl. lesetid\" \/>\n\t<meta name=\"twitter:data1\" content=\"3 minutter\" \/>\n<script type=\"application\/ld+json\" class=\"yoast-schema-graph\">{\"@context\":\"https:\/\/schema.org\",\"@graph\":[{\"@type\":\"WebPage\",\"@id\":\"https:\/\/oceansignal.com\/no\/products\/safesea-m200\/\",\"url\":\"https:\/\/oceansignal.com\/no\/products\/safesea-m200\/\",\"name\":\"safeSEA M200 - Ocean Signal\",\"isPartOf\":{\"@id\":\"https:\/\/oceansignal.com\/no\/#website\"},\"primaryImageOfPage\":{\"@id\":\"https:\/\/oceansignal.com\/no\/products\/safesea-m200\/#primaryimage\"},\"image\":{\"@id\":\"https:\/\/oceansignal.com\/no\/products\/safesea-m200\/#primaryimage\"},\"thumbnailUrl\":\"https:\/\/oceansignal.com\/wp-content\/uploads\/2024\/11\/M200-Front.png\",\"datePublished\":\"2024-11-12T19:50:16+00:00\",\"dateModified\":\"2026-02-17T15:46:55+00:00\",\"description\":\"Ocean Signal safeSEA M200 AIS Man Overboard Beacon maksimerer sjansene for redning med sine 3 metoder for n\u00f8doverf\u00f8ring - AIS, DSC og 121,5 MHz\",\"breadcrumb\":{\"@id\":\"https:\/\/oceansignal.com\/no\/products\/safesea-m200\/#breadcrumb\"},\"inLanguage\":\"nb-NO\",\"potentialAction\":[{\"@type\":\"ReadAction\",\"target\":[\"https:\/\/oceansignal.com\/no\/products\/safesea-m200\/\"]}]},{\"@type\":\"ImageObject\",\"inLanguage\":\"nb-NO\",\"@id\":\"https:\/\/oceansignal.com\/no\/products\/safesea-m200\/#primaryimage\",\"url\":\"https:\/\/oceansignal.com\/wp-content\/uploads\/2024\/11\/M200-Front.png\",\"contentUrl\":\"https:\/\/oceansignal.com\/wp-content\/uploads\/2024\/11\/M200-Front.png\",\"width\":800,\"height\":800},{\"@type\":\"BreadcrumbList\",\"@id\":\"https:\/\/oceansignal.com\/no\/products\/safesea-m200\/#breadcrumb\",\"itemListElement\":[{\"@type\":\"ListItem\",\"position\":1,\"name\":\"Shop\",\"item\":\"https:\/\/oceansignal.com\/no\/shop\/\"},{\"@type\":\"ListItem\",\"position\":2,\"name\":\"safeSEA M200\"}]},{\"@type\":\"WebSite\",\"@id\":\"https:\/\/oceansignal.com\/no\/#website\",\"url\":\"https:\/\/oceansignal.com\/no\/\",\"name\":\"Ocean Signal\",\"description\":\"A leading manufacturer of EPIRBs, AIS, SARTs, Personal Locator Beacons, Man Overboard Beacon for the Marine and Outdoor Markets.\",\"potentialAction\":[{\"@type\":\"SearchAction\",\"target\":{\"@type\":\"EntryPoint\",\"urlTemplate\":\"https:\/\/oceansignal.com\/no\/?s={search_term_string}\"},\"query-input\":{\"@type\":\"PropertyValueSpecification\",\"valueRequired\":true,\"valueName\":\"search_term_string\"}}],\"inLanguage\":\"nb-NO\"}]}<\/script>\n<!-- \/ Yoast SEO Premium plugin. -->","yoast_head_json":{"title":"safeSEA M200 - Ocean Signal","description":"Ocean Signal safeSEA M200 AIS Man Overboard Beacon maksimerer sjansene for redning med sine 3 metoder for n\u00f8doverf\u00f8ring - AIS, DSC og 121,5 MHz","robots":{"index":"index","follow":"follow","max-snippet":"max-snippet:-1","max-image-preview":"max-image-preview:large","max-video-preview":"max-video-preview:-1"},"canonical":"https:\/\/oceansignal.com\/no\/products\/safesea-m200\/","og_locale":"nb_NO","og_type":"article","og_title":"safeSEA M200","og_description":"Ocean Signal safeSEA M200 AIS Man Overboard Beacon maksimerer sjansene for redning med sine 3 metoder for n\u00f8doverf\u00f8ring - AIS, DSC og 121,5 MHz","og_url":"https:\/\/oceansignal.com\/no\/products\/safesea-m200\/","og_site_name":"Ocean Signal","article_modified_time":"2026-02-17T15:46:55+00:00","og_image":[{"width":800,"height":800,"url":"https:\/\/oceansignal.com\/wp-content\/uploads\/2024\/11\/M200-Front.png","type":"image\/png"}],"twitter_card":"summary_large_image","twitter_misc":{"Ansl. lesetid":"3 minutter"},"schema":{"@context":"https:\/\/schema.org","@graph":[{"@type":"WebPage","@id":"https:\/\/oceansignal.com\/no\/products\/safesea-m200\/","url":"https:\/\/oceansignal.com\/no\/products\/safesea-m200\/","name":"safeSEA M200 - Ocean Signal","isPartOf":{"@id":"https:\/\/oceansignal.com\/no\/#website"},"primaryImageOfPage":{"@id":"https:\/\/oceansignal.com\/no\/products\/safesea-m200\/#primaryimage"},"image":{"@id":"https:\/\/oceansignal.com\/no\/products\/safesea-m200\/#primaryimage"},"thumbnailUrl":"https:\/\/oceansignal.com\/wp-content\/uploads\/2024\/11\/M200-Front.png","datePublished":"2024-11-12T19:50:16+00:00","dateModified":"2026-02-17T15:46:55+00:00","description":"Ocean Signal safeSEA M200 AIS Man Overboard Beacon maksimerer sjansene for redning med sine 3 metoder for n\u00f8doverf\u00f8ring - AIS, DSC og 121,5 MHz","breadcrumb":{"@id":"https:\/\/oceansignal.com\/no\/products\/safesea-m200\/#breadcrumb"},"inLanguage":"nb-NO","potentialAction":[{"@type":"ReadAction","target":["https:\/\/oceansignal.com\/no\/products\/safesea-m200\/"]}]},{"@type":"ImageObject","inLanguage":"nb-NO","@id":"https:\/\/oceansignal.com\/no\/products\/safesea-m200\/#primaryimage","url":"https:\/\/oceansignal.com\/wp-content\/uploads\/2024\/11\/M200-Front.png","contentUrl":"https:\/\/oceansignal.com\/wp-content\/uploads\/2024\/11\/M200-Front.png","width":800,"height":800},{"@type":"BreadcrumbList","@id":"https:\/\/oceansignal.com\/no\/products\/safesea-m200\/#breadcrumb","itemListElement":[{"@type":"ListItem","position":1,"name":"Shop","item":"https:\/\/oceansignal.com\/no\/shop\/"},{"@type":"ListItem","position":2,"name":"safeSEA M200"}]},{"@type":"WebSite","@id":"https:\/\/oceansignal.com\/no\/#website","url":"https:\/\/oceansignal.com\/no\/","name":"Ocean Signal","description":"A leading manufacturer of EPIRBs, AIS, SARTs, Personal Locator Beacons, Man Overboard Beacon for the Marine and Outdoor Markets.","potentialAction":[{"@type":"SearchAction","target":{"@type":"EntryPoint","urlTemplate":"https:\/\/oceansignal.com\/no\/?s={search_term_string}"},"query-input":{"@type":"PropertyValueSpecification","valueRequired":true,"valueName":"search_term_string"}}],"inLanguage":"nb-NO"}]}},"_links":{"self":[{"href":"https:\/\/oceansignal.com\/no\/wp-json\/wp\/v2\/product\/12822","targetHints":{"allow":["GET"]}}],"collection":[{"href":"https:\/\/oceansignal.com\/no\/wp-json\/wp\/v2\/product"}],"about":[{"href":"https:\/\/oceansignal.com\/no\/wp-json\/wp\/v2\/types\/product"}],"wp:featuredmedia":[{"embeddable":true,"href":"https:\/\/oceansignal.com\/no\/wp-json\/wp\/v2\/media\/12404"}],"wp:attachment":[{"href":"https:\/\/oceansignal.com\/no\/wp-json\/wp\/v2\/media?parent=12822"}],"wp:term":[{"taxonomy":"product_brand","embeddable":true,"href":"https:\/\/oceansignal.com\/no\/wp-json\/wp\/v2\/product_brand?post=12822"},{"taxonomy":"product_cat","embeddable":true,"href":"https:\/\/oceansignal.com\/no\/wp-json\/wp\/v2\/product_cat?post=12822"},{"taxonomy":"product_tag","embeddable":true,"href":"https:\/\/oceansignal.com\/no\/wp-json\/wp\/v2\/product_tag?post=12822"}],"curies":[{"name":"wp","href":"https:\/\/api.w.org\/{rel}","templated":true}]}}