{"id":12838,"date":"2024-03-15T17:33:28","date_gmt":"2024-03-15T17:33:28","guid":{"rendered":"https:\/\/oceansignal.com\/products\/ocean-signal-hr1e-replacement-hydrostatic-release-unit\/"},"modified":"2025-07-08T09:35:49","modified_gmt":"2025-07-08T09:35:49","slug":"ocean-signal-hr1e-replacement-hydrostatic-release-unit","status":"publish","type":"product","link":"https:\/\/oceansignal.com\/no\/products\/ocean-signal-hr1e-replacement-hydrostatic-release-unit\/","title":{"rendered":"Ocean Signal HR1E Replacement Hydrostatic Release Unit"},"content":{"rendered":"<p id=\"title\" class=\"a-size-large a-spacing-none\"><span id=\"productTitle\" class=\"a-size-large product-title-word-break\">Ocean Signal HR1E Replacement Hydrostatic Release Unit (HRU) Float Free EPIRB braketter<\/span> .<\/p>\n<p class=\"a-size-large a-spacing-none\">Denne enheten er designet for \u00e5 automatisk frigj\u00f8re et Ocean Signal radiosignal ( EPIRB ) fra sin flytefrie (kategori 1) monteringsbrakett ved nedsenking i vann, og sikrer rask aktivering av n\u00f8dsignaler i n\u00f8dssituasjoner.<\/p>\n<p>Slik fungerer det: HR1E er utstyrt med en hydrostatisk mekanisme som reagerer p\u00e5 vanntrykket. N\u00e5r det senkes ned til en viss dybde, typisk rundt 1,5 til 4 meter, utl\u00f8ser det hydrostatiske trykket utl\u00f8sermekanismen, slik at EPIRB kan flyte fritt fra monteringsbraketten. N\u00e5r den er sluppet, begynner EPIRB \u00e5 sende n\u00f8dsignalet, som blir fanget opp av n\u00e6rliggende s\u00f8ke- og redningsmyndigheter, slik at de raskt kan lokalisere og hjelpe de som trenger det.  <\/p>\n<p>HR1E er konstruert med presisjon og p\u00e5litelighet og produsert i Storbritannia, noe som sikrer at den fungerer effektivt selv under de mest utfordrende maritime forhold. Ved \u00e5 aktivere EPIRB automatisk ved nedsenking, \u00f8ker HR1E betydelig sjansene for en rask respons p\u00e5 n\u00f8dsituasjoner, og til slutt redder liv til sj\u00f8s. <\/p>\n<p>Kategori 1 flytefrie braketter kreves for \u00e5 f\u00e5 byttet ut den hydrostatiske utl\u00f8serenheten <strong>hvert annet \u00e5r.<\/strong><\/p>\n<ul class=\"a-unordered-list a-vertical a-spacing-mini\">\n<li class=\"a-spacing-mini\"><span class=\"a-list-item\">Direkte erstatning for alle Ocean Signal <a href=\"https:\/\/www.cospas-sarsat.int\/en\/\">EPIRB<\/a> automatisk utl\u00f8serhus (kategori 1 flytefrie braketter)<\/span><\/li>\n<li class=\"a-spacing-mini\"><span class=\"a-list-item\">Inkluderer HR1E HRU, instruksjoner og erstatningsmaskinvare<\/span><\/li>\n<li class=\"a-spacing-mini\"><span class=\"a-list-item\">Stolt designet og produsert i Storbritannia<\/span><\/li>\n<li class=\"a-spacing-mini\"><span class=\"a-list-item\">Installasjonen er rask og enkel<\/span><\/li>\n<\/ul>\n<p>Kompatibel med f\u00f8lgende kategori 1 Float Free EPIRB-er<\/p>\n<ul>\n<li><a href=\"https:\/\/oceansignal.com\/no\/products\/safesea-e100-e100g\/\">SafeSea E100<\/a><\/li>\n<li><a href=\"https:\/\/oceansignal.com\/no\/products\/safesea-e100-e100g\/\">SafeSea E100G<\/a><\/li>\n<li><a href=\"https:\/\/oceansignal.com\/no\/products\/rescueme-epirb1-pro\/\">rescueME EPIRB1 Pro (tidligere merket SafeSea EPIRB1 Pro )<\/a><\/li>\n<li><a href=\"https:\/\/oceansignal.com\/no\/products\/rescueme-epirb2-pro\/\">rescueME EPIRB2 Pro<\/a><\/li>\n<li><a href=\"https:\/\/oceansignal.com\/no\/products\/safesea-epirb3-pro\/\">SafeSea EPIRB3 Pro<\/a><\/li>\n<li><a href=\"https:\/\/oceansignal.com\/no\/products\/e101v-2\/\">SafeSea E101V VDR<\/a><\/li>\n<\/ul>\n","protected":false},"excerpt":{"rendered":"<p>Vi introduserer SafeSea HR1E Hydrostatic Release Unit for Ocean Signal EPIRBs \u2013 din uunnv\u00e6rlige beskyttelse for maritime n\u00f8dsituasjoner. Denne enheten er designet for \u00e5 automatisk frigj\u00f8re en n\u00f8dposisjonsindikerende radiofyr ( EPIRB ) fra monteringsbraketten ved nedsenking i vann, og sikrer rask aktivering av n\u00f8dsignaler n\u00e5r hvert sekund teller. HR1E er konstruert med presisjon og p\u00e5litelighet, og tilbyr trygghet for seilere og sj\u00f8folk, og \u00f8ker sjansene for rask respons i kritiske situasjoner. Ikke g\u00e5 p\u00e5 akkord med sikkerheten \u2013 utstyr fart\u00f8yet ditt med Ocean Signal SafeSea HR1E Hydrostatic Release Unit for EPIRBs og seil med selvtillit, vel vitende om at hjelpen bare er et signal unna n\u00e5r du trenger det mest.   <\/p>\n<p><a href=\"https:\/\/www.dropbox.com\/s\/fk04stqsp2hgk5f\/Prop%2065%20-%20DEHP.pdf?dl=0\">ADVARSEL: PROP 65<\/a><\/p>\n","protected":false},"featured_media":22881,"template":"","meta":{"_acf_changed":false,"om_disable_all_campaigns":false},"product_brand":[],"product_cat":[714,605],"product_tag":[],"class_list":{"0":"post-12838","1":"product","2":"type-product","3":"status-publish","4":"has-post-thumbnail","6":"product_cat-epirb-no","7":"product_cat-safesea-no","9":"first","10":"instock","11":"taxable","12":"shipping-taxable","13":"purchasable","14":"product-type-simple"},"acf":[],"yoast_head":"<!-- This site is optimized with the Yoast SEO Premium plugin v25.2 (Yoast SEO v26.4) - https:\/\/yoast.com\/wordpress\/plugins\/seo\/ -->\n<title>Ocean Signal HR1E Replacement Hydrostatic Release Unit - Ocean Signal<\/title>\n<meta name=\"description\" content=\"Erstatning Ocean Signal SafeSea HR1E Hydrostatic Release Unit eller HRU for SafeSea og rescueME EPIRB. Kj\u00f8p din EPIRB HRU-erstatning i dag.\" \/>\n<meta name=\"robots\" content=\"index, follow, max-snippet:-1, max-image-preview:large, max-video-preview:-1\" \/>\n<link rel=\"canonical\" href=\"https:\/\/oceansignal.com\/no\/products\/ocean-signal-hr1e-replacement-hydrostatic-release-unit\/\" \/>\n<meta property=\"og:locale\" content=\"nb_NO\" \/>\n<meta property=\"og:type\" content=\"article\" \/>\n<meta property=\"og:title\" content=\"Ocean Signal HR1E Replacement Hydrostatic Release Unit\" \/>\n<meta property=\"og:description\" content=\"Erstatning Ocean Signal SafeSea HR1E Hydrostatic Release Unit eller HRU for SafeSea og rescueME EPIRB. Kj\u00f8p din EPIRB HRU-erstatning i dag.\" \/>\n<meta property=\"og:url\" content=\"https:\/\/oceansignal.com\/no\/products\/ocean-signal-hr1e-replacement-hydrostatic-release-unit\/\" \/>\n<meta property=\"og:site_name\" content=\"Ocean Signal\" \/>\n<meta property=\"article:modified_time\" content=\"2025-07-08T09:35:49+00:00\" \/>\n<meta property=\"og:image\" content=\"https:\/\/oceansignal.com\/wp-content\/uploads\/2024\/03\/HR1E_Front-1024x1024.png\" \/>\n\t<meta property=\"og:image:width\" content=\"1024\" \/>\n\t<meta property=\"og:image:height\" content=\"1024\" \/>\n\t<meta property=\"og:image:type\" content=\"image\/png\" \/>\n<meta name=\"twitter:card\" content=\"summary_large_image\" \/>\n<meta name=\"twitter:label1\" content=\"Ansl. lesetid\" \/>\n\t<meta name=\"twitter:data1\" content=\"1 minutt\" \/>\n<script type=\"application\/ld+json\" class=\"yoast-schema-graph\">{\"@context\":\"https:\/\/schema.org\",\"@graph\":[{\"@type\":\"WebPage\",\"@id\":\"https:\/\/oceansignal.com\/no\/products\/ocean-signal-hr1e-replacement-hydrostatic-release-unit\/\",\"url\":\"https:\/\/oceansignal.com\/no\/products\/ocean-signal-hr1e-replacement-hydrostatic-release-unit\/\",\"name\":\"Ocean Signal HR1E Replacement Hydrostatic Release Unit - Ocean Signal\",\"isPartOf\":{\"@id\":\"https:\/\/oceansignal.com\/no\/#website\"},\"primaryImageOfPage\":{\"@id\":\"https:\/\/oceansignal.com\/no\/products\/ocean-signal-hr1e-replacement-hydrostatic-release-unit\/#primaryimage\"},\"image\":{\"@id\":\"https:\/\/oceansignal.com\/no\/products\/ocean-signal-hr1e-replacement-hydrostatic-release-unit\/#primaryimage\"},\"thumbnailUrl\":\"https:\/\/oceansignal.com\/wp-content\/uploads\/2024\/03\/HR1E_Front.png\",\"datePublished\":\"2024-03-15T17:33:28+00:00\",\"dateModified\":\"2025-07-08T09:35:49+00:00\",\"description\":\"Erstatning Ocean Signal SafeSea HR1E Hydrostatic Release Unit eller HRU for SafeSea og rescueME EPIRB. Kj\u00f8p din EPIRB HRU-erstatning i dag.\",\"breadcrumb\":{\"@id\":\"https:\/\/oceansignal.com\/no\/products\/ocean-signal-hr1e-replacement-hydrostatic-release-unit\/#breadcrumb\"},\"inLanguage\":\"nb-NO\",\"potentialAction\":[{\"@type\":\"ReadAction\",\"target\":[\"https:\/\/oceansignal.com\/no\/products\/ocean-signal-hr1e-replacement-hydrostatic-release-unit\/\"]}]},{\"@type\":\"ImageObject\",\"inLanguage\":\"nb-NO\",\"@id\":\"https:\/\/oceansignal.com\/no\/products\/ocean-signal-hr1e-replacement-hydrostatic-release-unit\/#primaryimage\",\"url\":\"https:\/\/oceansignal.com\/wp-content\/uploads\/2024\/03\/HR1E_Front.png\",\"contentUrl\":\"https:\/\/oceansignal.com\/wp-content\/uploads\/2024\/03\/HR1E_Front.png\",\"width\":2147,\"height\":2147,\"caption\":\"Ocean Signal SafeSea HR1E Hydrostatic Release Unit - viktig marint sikkerhetsutstyr for automatisk aktivering av redningsfl\u00e5ter\"},{\"@type\":\"BreadcrumbList\",\"@id\":\"https:\/\/oceansignal.com\/no\/products\/ocean-signal-hr1e-replacement-hydrostatic-release-unit\/#breadcrumb\",\"itemListElement\":[{\"@type\":\"ListItem\",\"position\":1,\"name\":\"Shop\",\"item\":\"https:\/\/oceansignal.com\/no\/shop\/\"},{\"@type\":\"ListItem\",\"position\":2,\"name\":\"Ocean Signal HR1E Replacement Hydrostatic Release Unit\"}]},{\"@type\":\"WebSite\",\"@id\":\"https:\/\/oceansignal.com\/no\/#website\",\"url\":\"https:\/\/oceansignal.com\/no\/\",\"name\":\"Ocean Signal\",\"description\":\"A leading manufacturer of EPIRBs, AIS, SARTs, Personal Locator Beacons, Man Overboard Beacon for the Marine and Outdoor Markets.\",\"potentialAction\":[{\"@type\":\"SearchAction\",\"target\":{\"@type\":\"EntryPoint\",\"urlTemplate\":\"https:\/\/oceansignal.com\/no\/?s={search_term_string}\"},\"query-input\":{\"@type\":\"PropertyValueSpecification\",\"valueRequired\":true,\"valueName\":\"search_term_string\"}}],\"inLanguage\":\"nb-NO\"}]}<\/script>\n<!-- \/ Yoast SEO Premium plugin. -->","yoast_head_json":{"title":"Ocean Signal HR1E Replacement Hydrostatic Release Unit - Ocean Signal","description":"Erstatning Ocean Signal SafeSea HR1E Hydrostatic Release Unit eller HRU for SafeSea og rescueME EPIRB. Kj\u00f8p din EPIRB HRU-erstatning i dag.","robots":{"index":"index","follow":"follow","max-snippet":"max-snippet:-1","max-image-preview":"max-image-preview:large","max-video-preview":"max-video-preview:-1"},"canonical":"https:\/\/oceansignal.com\/no\/products\/ocean-signal-hr1e-replacement-hydrostatic-release-unit\/","og_locale":"nb_NO","og_type":"article","og_title":"Ocean Signal HR1E Replacement Hydrostatic Release Unit","og_description":"Erstatning Ocean Signal SafeSea HR1E Hydrostatic Release Unit eller HRU for SafeSea og rescueME EPIRB. Kj\u00f8p din EPIRB HRU-erstatning i dag.","og_url":"https:\/\/oceansignal.com\/no\/products\/ocean-signal-hr1e-replacement-hydrostatic-release-unit\/","og_site_name":"Ocean Signal","article_modified_time":"2025-07-08T09:35:49+00:00","og_image":[{"width":1024,"height":1024,"url":"https:\/\/oceansignal.com\/wp-content\/uploads\/2024\/03\/HR1E_Front-1024x1024.png","type":"image\/png"}],"twitter_card":"summary_large_image","twitter_misc":{"Ansl. lesetid":"1 minutt"},"schema":{"@context":"https:\/\/schema.org","@graph":[{"@type":"WebPage","@id":"https:\/\/oceansignal.com\/no\/products\/ocean-signal-hr1e-replacement-hydrostatic-release-unit\/","url":"https:\/\/oceansignal.com\/no\/products\/ocean-signal-hr1e-replacement-hydrostatic-release-unit\/","name":"Ocean Signal HR1E Replacement Hydrostatic Release Unit - Ocean Signal","isPartOf":{"@id":"https:\/\/oceansignal.com\/no\/#website"},"primaryImageOfPage":{"@id":"https:\/\/oceansignal.com\/no\/products\/ocean-signal-hr1e-replacement-hydrostatic-release-unit\/#primaryimage"},"image":{"@id":"https:\/\/oceansignal.com\/no\/products\/ocean-signal-hr1e-replacement-hydrostatic-release-unit\/#primaryimage"},"thumbnailUrl":"https:\/\/oceansignal.com\/wp-content\/uploads\/2024\/03\/HR1E_Front.png","datePublished":"2024-03-15T17:33:28+00:00","dateModified":"2025-07-08T09:35:49+00:00","description":"Erstatning Ocean Signal SafeSea HR1E Hydrostatic Release Unit eller HRU for SafeSea og rescueME EPIRB. Kj\u00f8p din EPIRB HRU-erstatning i dag.","breadcrumb":{"@id":"https:\/\/oceansignal.com\/no\/products\/ocean-signal-hr1e-replacement-hydrostatic-release-unit\/#breadcrumb"},"inLanguage":"nb-NO","potentialAction":[{"@type":"ReadAction","target":["https:\/\/oceansignal.com\/no\/products\/ocean-signal-hr1e-replacement-hydrostatic-release-unit\/"]}]},{"@type":"ImageObject","inLanguage":"nb-NO","@id":"https:\/\/oceansignal.com\/no\/products\/ocean-signal-hr1e-replacement-hydrostatic-release-unit\/#primaryimage","url":"https:\/\/oceansignal.com\/wp-content\/uploads\/2024\/03\/HR1E_Front.png","contentUrl":"https:\/\/oceansignal.com\/wp-content\/uploads\/2024\/03\/HR1E_Front.png","width":2147,"height":2147,"caption":"Ocean Signal SafeSea HR1E Hydrostatic Release Unit - viktig marint sikkerhetsutstyr for automatisk aktivering av redningsfl\u00e5ter"},{"@type":"BreadcrumbList","@id":"https:\/\/oceansignal.com\/no\/products\/ocean-signal-hr1e-replacement-hydrostatic-release-unit\/#breadcrumb","itemListElement":[{"@type":"ListItem","position":1,"name":"Shop","item":"https:\/\/oceansignal.com\/no\/shop\/"},{"@type":"ListItem","position":2,"name":"Ocean Signal HR1E Replacement Hydrostatic Release Unit"}]},{"@type":"WebSite","@id":"https:\/\/oceansignal.com\/no\/#website","url":"https:\/\/oceansignal.com\/no\/","name":"Ocean Signal","description":"A leading manufacturer of EPIRBs, AIS, SARTs, Personal Locator Beacons, Man Overboard Beacon for the Marine and Outdoor Markets.","potentialAction":[{"@type":"SearchAction","target":{"@type":"EntryPoint","urlTemplate":"https:\/\/oceansignal.com\/no\/?s={search_term_string}"},"query-input":{"@type":"PropertyValueSpecification","valueRequired":true,"valueName":"search_term_string"}}],"inLanguage":"nb-NO"}]}},"_links":{"self":[{"href":"https:\/\/oceansignal.com\/no\/wp-json\/wp\/v2\/product\/12838","targetHints":{"allow":["GET"]}}],"collection":[{"href":"https:\/\/oceansignal.com\/no\/wp-json\/wp\/v2\/product"}],"about":[{"href":"https:\/\/oceansignal.com\/no\/wp-json\/wp\/v2\/types\/product"}],"wp:featuredmedia":[{"embeddable":true,"href":"https:\/\/oceansignal.com\/no\/wp-json\/wp\/v2\/media\/22881"}],"wp:attachment":[{"href":"https:\/\/oceansignal.com\/no\/wp-json\/wp\/v2\/media?parent=12838"}],"wp:term":[{"taxonomy":"product_brand","embeddable":true,"href":"https:\/\/oceansignal.com\/no\/wp-json\/wp\/v2\/product_brand?post=12838"},{"taxonomy":"product_cat","embeddable":true,"href":"https:\/\/oceansignal.com\/no\/wp-json\/wp\/v2\/product_cat?post=12838"},{"taxonomy":"product_tag","embeddable":true,"href":"https:\/\/oceansignal.com\/no\/wp-json\/wp\/v2\/product_tag?post=12838"}],"curies":[{"name":"wp","href":"https:\/\/api.w.org\/{rel}","templated":true}]}}