{"id":12847,"date":"2023-09-08T13:06:06","date_gmt":"2023-09-08T13:06:06","guid":{"rendered":"https:\/\/oceansignal.com\/products\/m100-m100x-2\/"},"modified":"2026-02-25T13:50:46","modified_gmt":"2026-02-25T13:50:46","slug":"m100-m100x-2","status":"publish","type":"product","link":"https:\/\/oceansignal.com\/no\/products\/m100-m100x-2\/","title":{"rendered":"M100\/M100X"},"content":{"rendered":"<p class=\"ai-optimize-36 ai-optimize-introduction\">Den integrerte 66-kanals GPS-en s\u00f8rger for en posisjonsoppdatering hvert minutt via AIS. Forskjellen mellom Ocean Signal M100 og M100X er at M100X er designet for \u00e5 oppfylle det europeiske ATEX-direktivet og har IECEx-godkjenning for bruk i eksplosive sone 2-atmosf\u00e6rer. <\/p>\n<p class=\"ai-optimize-37\">Vil du ha en MOB med 406 MHz? Sjekk ut den nye <a href=\"https:\/\/oceansignal.com\/products\/rescueme-plb3-ais-plb\/\">rescueME PLB3<\/a> <\/p>\n<p class=\"ai-optimize-38\"><em>F\u00f8lgende erkl\u00e6ring er kun for amerikanske kunder: Denne enheten er ikke autorisert i henhold til reglene til Federal Communications Commission. Denne enheten er ikke, og kan ikke bli tilbudt for salg eller leasing, eller solgt eller leaset, f\u00f8r autorisasjon er innhentet. <\/em><\/p>\n<p>&nbsp;<\/p>\n<p class=\"ai-optimize-46\"><strong>Integrasjon av redningsvest<\/strong><\/p>\n<p class=\"ai-optimize-47\">safeSEA M100 AIS kan aktiveres manuelt eller automatisk n\u00e5r den er installert i en oppbl\u00e5sbar redningsvest som bl\u00e5ses opp automatisk. Installasjonen er enkel ved \u00e5 bruke den medf\u00f8lgende klipsen for oral oppbl\u00e5sing for \u00e5 feste M100 til redningsvesten sammen med aktiveringstapen som er festet rundt bl\u00e6ren p\u00e5 redningsvesten. N\u00e5r den er riktig installert, utl\u00f8ser oppbl\u00e5singen av redningsvestens bl\u00e6ren utl\u00f8sning av antennen og aktivering av varselb\u00e5ken.  <\/p>\n<p class=\"ai-optimize-48\">* DSC-funksjonalitet er underlagt landets forskrifter.<\/p>\n<p class=\"ai-optimize-49\"><strong>** <i data-olk-copy-source=\"MailCompose\">Det anbefales \u00e5 konsultere redningsvestprodusenten f\u00f8r installasjon, da spesifikke modeller kan ha sin egen foretrukne monteringsmetode eller integreringsanbefalinger.<\/i><\/strong><\/p>\n<p>&nbsp;<\/p>\n<p>&nbsp;<\/p>\n","protected":false},"excerpt":{"rendered":"<p>Ocean Signal M100 og M100X MSLD (Maritime Survivor Locating Device) er designet for \u00e5 m\u00f8te behovene til det profesjonelle marinemarkedet og dets offshorearbeidere. M100 og M100X kan monteres p\u00e5 en redningsvest* og aktiveres automatisk n\u00e5r vesten bl\u00e5ses opp. N\u00e5r de er aktivert, vil M100 og M100X sende et varsel til alle AIS-mottakere og AIS-aktiverte plottere i n\u00e6rheten. M100 og M100X sender ogs\u00e5 et 121,5 MHz m\u00e5ls\u00f8kingssignal i tillegg til AIS.   <\/p>\n<p><strong>MERK:<\/strong> ECC\/DEC\/(22)02, ogs\u00e5 kjent som AIS klasse M-forskriften, er implementert av en rekke europeiske land. Betydningen av implementeringen av denne forskriften for eksisterende M100\/M100X-eiere er at M100\/M100X-radiosignaler ikke lenger kan brukes i land som har implementert den nye forskriften. <u><a id=\"OWA2977fb01-e554-25c9-9cd1-9f900cdee827\" class=\"OWAAutoLink\" title=\"https:\/\/docdb.cept.org\/implementation\/28560\" href=\"https:\/\/nam11.safelinks.protection.outlook.com\/?url=https%3A%2F%2Fdocdb.cept.org%2Fimplementation%2F28560&amp;data=05%7C02%7CShawn.Pariaug%40acrartex.com%7Cfac5ae1571d7439f772608de6eeddfec%7Ce41f30dccabc4c87b052e2df2064afce%7C0%7C0%7C639070165436538226%7CUnknown%7CTWFpbGZsb3d8eyJFbXB0eU1hcGkiOnRydWUsIlYiOiIwLjAuMDAwMCIsIlAiOiJXaW4zMiIsIkFOIjoiTWFpbCIsIldUIjoyfQ%3D%3D%7C0%7C%7C%7C&amp;sdata=lN5EEnoNasBM5aShoSlvMT1BCE61no1Ff9nSDKwp0Ko%3D&amp;reserved=0\" data-auth=\"NotApplicable\">Klikk her<\/a><\/u> for \u00e5 se en liste over europeiske land som viser hvor ECC\/DEC\/(22)02 er implementert. Det er viktig \u00e5 merke seg at begrensning av bruken av M100\/M100X i spesifikke europeiske land ikke er et resultat av produktfeil, men snarere et direkte resultat av endringer i forskrifter initiert av et uavhengig reguleringsorgan.  <\/p>\n<p>&nbsp;<\/p>\n<p><span style=\"color: #c22f2f;\"><em>* Se alltid til produsenten for spesifikke instruksjoner f\u00f8r du installerer dette produktet direkte p\u00e5 redningsvesten.<\/em><\/span><\/p>\n","protected":false},"featured_media":12490,"template":"","meta":{"_acf_changed":false,"om_disable_all_campaigns":false},"product_brand":[],"product_cat":[615],"product_tag":[1212],"class_list":{"0":"post-12847","1":"product","2":"type-product","3":"status-publish","4":"has-post-thumbnail","6":"product_cat-professional-no","7":"product_tag-m100-no","9":"first","10":"outofstock","11":"taxable","12":"shipping-taxable","13":"product-type-simple"},"acf":[],"yoast_head":"<!-- This site is optimized with the Yoast SEO Premium plugin v25.2 (Yoast SEO v26.4) - https:\/\/yoast.com\/wordpress\/plugins\/seo\/ -->\n<title>M100\/M100X - Ocean Signal<\/title>\n<meta name=\"description\" content=\"Ocean Signal M100 og M100X AIS og 121,5 mann over bord beacon: P\u00e5litelig kommersiell MOB for rask redning. Viktige maritime sikkerhetsinnretninger.\" \/>\n<meta name=\"robots\" content=\"index, follow, max-snippet:-1, max-image-preview:large, max-video-preview:-1\" \/>\n<link rel=\"canonical\" href=\"https:\/\/oceansignal.com\/no\/products\/m100-m100x-2\/\" \/>\n<meta property=\"og:locale\" content=\"nb_NO\" \/>\n<meta property=\"og:type\" content=\"article\" \/>\n<meta property=\"og:title\" content=\"M100\/M100X\" \/>\n<meta property=\"og:description\" content=\"Ocean Signal M100 og M100X AIS og 121,5 mann over bord beacon: P\u00e5litelig kommersiell MOB for rask redning. Viktige maritime sikkerhetsinnretninger.\" \/>\n<meta property=\"og:url\" content=\"https:\/\/oceansignal.com\/no\/products\/m100-m100x-2\/\" \/>\n<meta property=\"og:site_name\" content=\"Ocean Signal\" \/>\n<meta property=\"article:modified_time\" content=\"2026-02-25T13:50:46+00:00\" \/>\n<meta property=\"og:image\" content=\"https:\/\/oceansignal.com\/wp-content\/uploads\/2023\/09\/M100-Front.png\" \/>\n\t<meta property=\"og:image:width\" content=\"800\" \/>\n\t<meta property=\"og:image:height\" content=\"800\" \/>\n\t<meta property=\"og:image:type\" content=\"image\/png\" \/>\n<meta name=\"twitter:card\" content=\"summary_large_image\" \/>\n<meta name=\"twitter:label1\" content=\"Ansl. lesetid\" \/>\n\t<meta name=\"twitter:data1\" content=\"1 minutt\" \/>\n<script type=\"application\/ld+json\" class=\"yoast-schema-graph\">{\"@context\":\"https:\/\/schema.org\",\"@graph\":[{\"@type\":\"WebPage\",\"@id\":\"https:\/\/oceansignal.com\/no\/products\/m100-m100x-2\/\",\"url\":\"https:\/\/oceansignal.com\/no\/products\/m100-m100x-2\/\",\"name\":\"M100\/M100X - Ocean Signal\",\"isPartOf\":{\"@id\":\"https:\/\/oceansignal.com\/no\/#website\"},\"primaryImageOfPage\":{\"@id\":\"https:\/\/oceansignal.com\/no\/products\/m100-m100x-2\/#primaryimage\"},\"image\":{\"@id\":\"https:\/\/oceansignal.com\/no\/products\/m100-m100x-2\/#primaryimage\"},\"thumbnailUrl\":\"https:\/\/oceansignal.com\/wp-content\/uploads\/2023\/09\/M100-Front.png\",\"datePublished\":\"2023-09-08T13:06:06+00:00\",\"dateModified\":\"2026-02-25T13:50:46+00:00\",\"description\":\"Ocean Signal M100 og M100X AIS og 121,5 mann over bord beacon: P\u00e5litelig kommersiell MOB for rask redning. Viktige maritime sikkerhetsinnretninger.\",\"breadcrumb\":{\"@id\":\"https:\/\/oceansignal.com\/no\/products\/m100-m100x-2\/#breadcrumb\"},\"inLanguage\":\"nb-NO\",\"potentialAction\":[{\"@type\":\"ReadAction\",\"target\":[\"https:\/\/oceansignal.com\/no\/products\/m100-m100x-2\/\"]}]},{\"@type\":\"ImageObject\",\"inLanguage\":\"nb-NO\",\"@id\":\"https:\/\/oceansignal.com\/no\/products\/m100-m100x-2\/#primaryimage\",\"url\":\"https:\/\/oceansignal.com\/wp-content\/uploads\/2023\/09\/M100-Front.png\",\"contentUrl\":\"https:\/\/oceansignal.com\/wp-content\/uploads\/2023\/09\/M100-Front.png\",\"width\":800,\"height\":800},{\"@type\":\"BreadcrumbList\",\"@id\":\"https:\/\/oceansignal.com\/no\/products\/m100-m100x-2\/#breadcrumb\",\"itemListElement\":[{\"@type\":\"ListItem\",\"position\":1,\"name\":\"Shop\",\"item\":\"https:\/\/oceansignal.com\/no\/shop\/\"},{\"@type\":\"ListItem\",\"position\":2,\"name\":\"M100\/M100X\"}]},{\"@type\":\"WebSite\",\"@id\":\"https:\/\/oceansignal.com\/no\/#website\",\"url\":\"https:\/\/oceansignal.com\/no\/\",\"name\":\"Ocean Signal\",\"description\":\"A leading manufacturer of EPIRBs, AIS, SARTs, Personal Locator Beacons, Man Overboard Beacon for the Marine and Outdoor Markets.\",\"potentialAction\":[{\"@type\":\"SearchAction\",\"target\":{\"@type\":\"EntryPoint\",\"urlTemplate\":\"https:\/\/oceansignal.com\/no\/?s={search_term_string}\"},\"query-input\":{\"@type\":\"PropertyValueSpecification\",\"valueRequired\":true,\"valueName\":\"search_term_string\"}}],\"inLanguage\":\"nb-NO\"}]}<\/script>\n<!-- \/ Yoast SEO Premium plugin. -->","yoast_head_json":{"title":"M100\/M100X - Ocean Signal","description":"Ocean Signal M100 og M100X AIS og 121,5 mann over bord beacon: P\u00e5litelig kommersiell MOB for rask redning. Viktige maritime sikkerhetsinnretninger.","robots":{"index":"index","follow":"follow","max-snippet":"max-snippet:-1","max-image-preview":"max-image-preview:large","max-video-preview":"max-video-preview:-1"},"canonical":"https:\/\/oceansignal.com\/no\/products\/m100-m100x-2\/","og_locale":"nb_NO","og_type":"article","og_title":"M100\/M100X","og_description":"Ocean Signal M100 og M100X AIS og 121,5 mann over bord beacon: P\u00e5litelig kommersiell MOB for rask redning. Viktige maritime sikkerhetsinnretninger.","og_url":"https:\/\/oceansignal.com\/no\/products\/m100-m100x-2\/","og_site_name":"Ocean Signal","article_modified_time":"2026-02-25T13:50:46+00:00","og_image":[{"width":800,"height":800,"url":"https:\/\/oceansignal.com\/wp-content\/uploads\/2023\/09\/M100-Front.png","type":"image\/png"}],"twitter_card":"summary_large_image","twitter_misc":{"Ansl. lesetid":"1 minutt"},"schema":{"@context":"https:\/\/schema.org","@graph":[{"@type":"WebPage","@id":"https:\/\/oceansignal.com\/no\/products\/m100-m100x-2\/","url":"https:\/\/oceansignal.com\/no\/products\/m100-m100x-2\/","name":"M100\/M100X - Ocean Signal","isPartOf":{"@id":"https:\/\/oceansignal.com\/no\/#website"},"primaryImageOfPage":{"@id":"https:\/\/oceansignal.com\/no\/products\/m100-m100x-2\/#primaryimage"},"image":{"@id":"https:\/\/oceansignal.com\/no\/products\/m100-m100x-2\/#primaryimage"},"thumbnailUrl":"https:\/\/oceansignal.com\/wp-content\/uploads\/2023\/09\/M100-Front.png","datePublished":"2023-09-08T13:06:06+00:00","dateModified":"2026-02-25T13:50:46+00:00","description":"Ocean Signal M100 og M100X AIS og 121,5 mann over bord beacon: P\u00e5litelig kommersiell MOB for rask redning. Viktige maritime sikkerhetsinnretninger.","breadcrumb":{"@id":"https:\/\/oceansignal.com\/no\/products\/m100-m100x-2\/#breadcrumb"},"inLanguage":"nb-NO","potentialAction":[{"@type":"ReadAction","target":["https:\/\/oceansignal.com\/no\/products\/m100-m100x-2\/"]}]},{"@type":"ImageObject","inLanguage":"nb-NO","@id":"https:\/\/oceansignal.com\/no\/products\/m100-m100x-2\/#primaryimage","url":"https:\/\/oceansignal.com\/wp-content\/uploads\/2023\/09\/M100-Front.png","contentUrl":"https:\/\/oceansignal.com\/wp-content\/uploads\/2023\/09\/M100-Front.png","width":800,"height":800},{"@type":"BreadcrumbList","@id":"https:\/\/oceansignal.com\/no\/products\/m100-m100x-2\/#breadcrumb","itemListElement":[{"@type":"ListItem","position":1,"name":"Shop","item":"https:\/\/oceansignal.com\/no\/shop\/"},{"@type":"ListItem","position":2,"name":"M100\/M100X"}]},{"@type":"WebSite","@id":"https:\/\/oceansignal.com\/no\/#website","url":"https:\/\/oceansignal.com\/no\/","name":"Ocean Signal","description":"A leading manufacturer of EPIRBs, AIS, SARTs, Personal Locator Beacons, Man Overboard Beacon for the Marine and Outdoor Markets.","potentialAction":[{"@type":"SearchAction","target":{"@type":"EntryPoint","urlTemplate":"https:\/\/oceansignal.com\/no\/?s={search_term_string}"},"query-input":{"@type":"PropertyValueSpecification","valueRequired":true,"valueName":"search_term_string"}}],"inLanguage":"nb-NO"}]}},"_links":{"self":[{"href":"https:\/\/oceansignal.com\/no\/wp-json\/wp\/v2\/product\/12847","targetHints":{"allow":["GET"]}}],"collection":[{"href":"https:\/\/oceansignal.com\/no\/wp-json\/wp\/v2\/product"}],"about":[{"href":"https:\/\/oceansignal.com\/no\/wp-json\/wp\/v2\/types\/product"}],"wp:featuredmedia":[{"embeddable":true,"href":"https:\/\/oceansignal.com\/no\/wp-json\/wp\/v2\/media\/12490"}],"wp:attachment":[{"href":"https:\/\/oceansignal.com\/no\/wp-json\/wp\/v2\/media?parent=12847"}],"wp:term":[{"taxonomy":"product_brand","embeddable":true,"href":"https:\/\/oceansignal.com\/no\/wp-json\/wp\/v2\/product_brand?post=12847"},{"taxonomy":"product_cat","embeddable":true,"href":"https:\/\/oceansignal.com\/no\/wp-json\/wp\/v2\/product_cat?post=12847"},{"taxonomy":"product_tag","embeddable":true,"href":"https:\/\/oceansignal.com\/no\/wp-json\/wp\/v2\/product_tag?post=12847"}],"curies":[{"name":"wp","href":"https:\/\/api.w.org\/{rel}","templated":true}]}}