{"id":12856,"date":"2023-09-08T12:03:59","date_gmt":"2023-09-08T12:03:59","guid":{"rendered":"https:\/\/oceansignal.com\/products\/ais-atb1-klasse-b-ais-transceiver\/"},"modified":"2025-09-23T15:43:19","modified_gmt":"2025-09-23T15:43:19","slug":"ais-atb1-klasse-b-ais-transceiver","status":"publish","type":"product","link":"https:\/\/oceansignal.com\/no\/products\/ais-atb1-klasse-b-ais-transceiver\/","title":{"rendered":"AIS ATB1 klasse B+ AIS transceiver"},"content":{"rendered":"<p><strong><span class=\"fontstyle0\">ATB1 m\u00e5 konfigureres av brukeren for \u00e5 angi fart\u00f8yets MMSI-nummer og andre detaljer.<\/span><\/strong><br \/>\n<strong><span class=\"fontstyle0\">Dette kan utf\u00f8res av en mobilapp eller et nettbasert program, velg Produktprogrammering-lenken under produktnavnet for \u00e5 begynne \u00e5 konfigurere.<br \/>\n<\/span><\/strong><\/p>\n<p>&nbsp;<\/p>\n<ul>\n<li>AIS-faktaark: <a href=\"http:\/\/oceansignal.com\/wp-content\/uploads\/2023\/09\/AIS_Message_Structure.pdf\" target=\"_blank\" rel=\"noopener\">AIS-meldingsstruktur<\/a> , <a href=\"http:\/\/oceansignal.com\/wp-content\/uploads\/2023\/09\/AIS_Multiplexing.pdf\" target=\"_blank\" rel=\"noopener\">AIS-multipleksing<\/a> , <a href=\"http:\/\/oceansignal.com\/wp-content\/uploads\/2023\/09\/AIS_with_LRM_Explained.pdf\" target=\"_blank\" rel=\"noopener\">AIS med LRM forklart<\/a><\/li>\n<\/ul>\n<p>&nbsp;<\/p>\n<p><span class=\"fontstyle0\">Din fart\u00f8ysinformasjon som posisjon, hastighet, kurs og kurs fastsl\u00e5s automatisk og kontinuerlig ved hjelp av den imponerende interne multi-GPS-mottakeren for n\u00f8yaktig global<\/span> posisjonering. Med 99 innsamlingskanaler og 33 sporingskanaler, sikrer denne avanserte teknologien at AIS-overf\u00f8ringene gir den mest n\u00f8yaktige indikasjonen av fart\u00f8yets posisjon til enhver tid. <\/p>\n<p>&nbsp;<\/p>\n<p><span class=\"fontstyle0\">Annen fart\u00f8ysinformasjon som fart\u00f8ysnavn, kallesignal, type og dimensjoner samt MMSI overf\u00f8res ogs\u00e5 automatisk fra ATB1. Denne informasjonen lastes opp til ATB1 via WiFi direkte fra Ocean Signal brukervennlige mobilapp eller nettside. N\u00e5r denne informasjonen er lastet opp, forblir den lagret i enhetens ikke-flyktige minne selv om den er sl\u00e5tt av i lengre perioder.  <\/span><\/p>\n<p>&nbsp;<\/p>\n<p><span class=\"fontstyle0\">ATB1 mottar og tolker ogs\u00e5 AIS-meldinger fra andre AIS-utstyrte fart\u00f8yer innenfor rekkevidde, som deretter enkelt kan videresendes til andre navigasjonsenheter som kartplottere, b\u00e6rbare datamaskiner eller mobiler ved \u00e5 bruke ATB1s NMEA 0183, NMEA 2000<\/span> <span class=\"fontstyle0\">\u00ae<\/span> <span class=\"fontstyle0\">, USB eller WiFi-utganger.<\/span><\/p>\n<p>&nbsp;<\/p>\n<p><span class=\"fontstyle0\">Ved \u00e5 bruke det overlegne SOTDMA*-tilgangsskjemaet skiller ATB1 seg fra CSTDMA** klasse B-produktene som er tilgjengelige. Denne Ocean Signal Class B+-enheten har samme AIS-overf\u00f8ringsprioritet som en klasse A-enhet, og gir den ekstra sikkerheten at det ikke vil v\u00e6re tap eller forsinkelse av overf\u00f8ringen, selv i omr\u00e5der med h\u00f8y trafikk. <\/span><\/p>\n<p>&nbsp;<\/p>\n<p><span class=\"fontstyle0\">ATB1 har ogs\u00e5 en raskere rapporteringshastighet og h\u00f8yere utgangseffekt enn CSTDMA klasse B-enheter.  <\/span><span class=\"fontstyle0\">Den sender AIS-sendinger hvert 5. sekund i stedet for maksimalt to sendinger per minutt, og 5W utgangseffekt i stedet for 2W lar overf\u00f8ringene dine n\u00e5 lenger.<\/span><\/p>\n<p>&nbsp;<\/p>\n<p><span class=\"fontstyle0\">Et flerfarget LED-indikatorlys p\u00e5 ATB1 signaliserer enhetens p\u00e5g\u00e5ende driftsstatus. Denne ekstra sikkerhetsfunksjonen gir deg tryggheten ved \u00e5 vite at ATB1 har kontinuerlig AIS-overf\u00f8ring og optimal ytelse. ATB1 har en slank, men likevel robust vanntett design som har h\u00f8y ytelse og lavt energiforbruk.    <\/span><\/p>\n<p>&nbsp;<\/p>\n<p><span class=\"fontstyle0\">Den er rask og enkel \u00e5 installere og leveres komplett med en ekstern<\/span> <span class=\"fontstyle0\">GPS-antenne, noe som betyr at alt du trenger er bruken av en passende enhet (mobiltelefon, nettbrett eller PC) for \u00e5 laste opp fart\u00f8ysinformasjonen din, og du kan begynne<\/span> <span class=\"fontstyle0\">\u00e5 sende AIS-meldingene dine i l\u00f8pet av minutter.<\/span><\/p>\n<p>&nbsp;<\/p>\n<p><span class=\"fontstyle0\">Ocean Signal er en leder innen livreddende maritime produkter for proff- og fritidsmarkedet, og gir nok en gang det ultimate innen sikkerhet og sinnsro med ATB1 klasse B-transceiveren.<\/span><\/p>\n<p>&nbsp;<\/p>\n<p><em><span class=\"fontstyle0\">* Selvorganisert Time Division Multiple Access<br \/>\n ** Carrier Sense Time Division Multiple Access<\/span><\/em><\/p>\n<p>&nbsp;<\/p>\n<p>For ATB1-fastvareoppdateringer og revisjonshistorikk, se <strong><a href=\"http:\/\/oceansignal.com\/support\/product-programming\/atb1-class-b-ais-transceiver-programming\/software-updates\/\">denne siden<\/a><\/strong> .<\/p>\n","protected":false},"excerpt":{"rendered":"<p><span class=\"fontstyle0\">Ocean Signal <span class=\"fontstyle2\">ATB1<\/span> klasse B+ AIS-transceiveren med det overlegne <span class=\"fontstyle2\">SOTDMA-<\/span> tilgangsskjemaet gir \u00f8kt synlighet og sikkerhet til sj\u00f8s.<\/span><\/p>\n<p> <span class=\"fontstyle0\">Den fullt kompatible ATB1 Klasse B+ (SOTDMA) AIS-transceiveren fra Ocean Signal er den siste i en lang rekke viktig sj\u00f8sikkerhetsutstyr utviklet og produsert i Storbritannia for det<\/span> maritime markedet.<\/p>\n<p> <span class=\"fontstyle0\">Designet som et hjelpemiddel for \u00e5 unng\u00e5 kollisjoner, gir det en betydelig fordel i navigasjonssikkerheten og gir deg trygghet om at fart\u00f8yet ditt vil bli sett dag eller natt, uansett v\u00e6r, p\u00e5 dagens travle vannveier.<\/span><\/p>\n","protected":false},"featured_media":20893,"template":"","meta":{"_acf_changed":false,"om_disable_all_campaigns":false},"product_brand":[],"product_cat":[1209],"product_tag":[],"class_list":{"0":"post-12856","1":"product","2":"type-product","3":"status-publish","4":"has-post-thumbnail","6":"product_cat-avviklet-no","8":"first","9":"outofstock","10":"taxable","11":"shipping-taxable","12":"product-type-simple"},"acf":[],"yoast_head":"<!-- This site is optimized with the Yoast SEO Premium plugin v25.2 (Yoast SEO v26.4) - https:\/\/yoast.com\/wordpress\/plugins\/seo\/ -->\n<title>AIS ATB1 klasse B+ AIS transceiver - Ocean Signal<\/title>\n<meta name=\"robots\" content=\"index, follow, max-snippet:-1, max-image-preview:large, max-video-preview:-1\" \/>\n<link rel=\"canonical\" href=\"https:\/\/oceansignal.com\/no\/products\/ais-atb1-klasse-b-ais-transceiver\/\" \/>\n<meta property=\"og:locale\" content=\"nb_NO\" \/>\n<meta property=\"og:type\" content=\"article\" \/>\n<meta property=\"og:title\" content=\"AIS ATB1 klasse B+ AIS transceiver\" \/>\n<meta property=\"og:description\" content=\"Ocean Signal ATB1 klasse B+ AIS-transceiveren med det overlegne SOTDMA- tilgangsskjemaet gir \u00f8kt synlighet og sikkerhet til sj\u00f8s.  Den fullt kompatible ATB1 Klasse B+ (SOTDMA) AIS-transceiveren fra Ocean Signal er den siste i en lang rekke viktig sj\u00f8sikkerhetsutstyr utviklet og produsert i Storbritannia for det maritime markedet.  Designet som et hjelpemiddel for \u00e5 unng\u00e5 kollisjoner, gir det en betydelig fordel i navigasjonssikkerheten og gir deg trygghet om at fart\u00f8yet ditt vil bli sett dag eller natt, uansett v\u00e6r, p\u00e5 dagens travle vannveier.\" \/>\n<meta property=\"og:url\" content=\"https:\/\/oceansignal.com\/no\/products\/ais-atb1-klasse-b-ais-transceiver\/\" \/>\n<meta property=\"og:site_name\" content=\"Ocean Signal\" \/>\n<meta property=\"article:modified_time\" content=\"2025-09-23T15:43:19+00:00\" \/>\n<meta property=\"og:image\" content=\"https:\/\/oceansignal.com\/wp-content\/uploads\/2023\/09\/OSL-ATB1-Bundle-360_600x600-1.gif\" \/>\n\t<meta property=\"og:image:width\" content=\"600\" \/>\n\t<meta property=\"og:image:height\" content=\"600\" \/>\n\t<meta property=\"og:image:type\" content=\"image\/gif\" \/>\n<meta name=\"twitter:card\" content=\"summary_large_image\" \/>\n<meta name=\"twitter:label1\" content=\"Ansl. lesetid\" \/>\n\t<meta name=\"twitter:data1\" content=\"2 minutter\" \/>\n<script type=\"application\/ld+json\" class=\"yoast-schema-graph\">{\"@context\":\"https:\/\/schema.org\",\"@graph\":[{\"@type\":\"WebPage\",\"@id\":\"https:\/\/oceansignal.com\/no\/products\/ais-atb1-klasse-b-ais-transceiver\/\",\"url\":\"https:\/\/oceansignal.com\/no\/products\/ais-atb1-klasse-b-ais-transceiver\/\",\"name\":\"AIS ATB1 klasse B+ AIS transceiver - Ocean Signal\",\"isPartOf\":{\"@id\":\"https:\/\/oceansignal.com\/no\/#website\"},\"primaryImageOfPage\":{\"@id\":\"https:\/\/oceansignal.com\/no\/products\/ais-atb1-klasse-b-ais-transceiver\/#primaryimage\"},\"image\":{\"@id\":\"https:\/\/oceansignal.com\/no\/products\/ais-atb1-klasse-b-ais-transceiver\/#primaryimage\"},\"thumbnailUrl\":\"https:\/\/oceansignal.com\/wp-content\/uploads\/2023\/09\/OSL-ATB1-Bundle-360_600x600-1.gif\",\"datePublished\":\"2023-09-08T12:03:59+00:00\",\"dateModified\":\"2025-09-23T15:43:19+00:00\",\"breadcrumb\":{\"@id\":\"https:\/\/oceansignal.com\/no\/products\/ais-atb1-klasse-b-ais-transceiver\/#breadcrumb\"},\"inLanguage\":\"nb-NO\",\"potentialAction\":[{\"@type\":\"ReadAction\",\"target\":[\"https:\/\/oceansignal.com\/no\/products\/ais-atb1-klasse-b-ais-transceiver\/\"]}]},{\"@type\":\"ImageObject\",\"inLanguage\":\"nb-NO\",\"@id\":\"https:\/\/oceansignal.com\/no\/products\/ais-atb1-klasse-b-ais-transceiver\/#primaryimage\",\"url\":\"https:\/\/oceansignal.com\/wp-content\/uploads\/2023\/09\/OSL-ATB1-Bundle-360_600x600-1.gif\",\"contentUrl\":\"https:\/\/oceansignal.com\/wp-content\/uploads\/2023\/09\/OSL-ATB1-Bundle-360_600x600-1.gif\",\"width\":600,\"height\":600},{\"@type\":\"BreadcrumbList\",\"@id\":\"https:\/\/oceansignal.com\/no\/products\/ais-atb1-klasse-b-ais-transceiver\/#breadcrumb\",\"itemListElement\":[{\"@type\":\"ListItem\",\"position\":1,\"name\":\"Shop\",\"item\":\"https:\/\/oceansignal.com\/no\/shop\/\"},{\"@type\":\"ListItem\",\"position\":2,\"name\":\"AIS ATB1 klasse B+ AIS transceiver\"}]},{\"@type\":\"WebSite\",\"@id\":\"https:\/\/oceansignal.com\/no\/#website\",\"url\":\"https:\/\/oceansignal.com\/no\/\",\"name\":\"Ocean Signal\",\"description\":\"A leading manufacturer of EPIRBs, AIS, SARTs, Personal Locator Beacons, Man Overboard Beacon for the Marine and Outdoor Markets.\",\"potentialAction\":[{\"@type\":\"SearchAction\",\"target\":{\"@type\":\"EntryPoint\",\"urlTemplate\":\"https:\/\/oceansignal.com\/no\/?s={search_term_string}\"},\"query-input\":{\"@type\":\"PropertyValueSpecification\",\"valueRequired\":true,\"valueName\":\"search_term_string\"}}],\"inLanguage\":\"nb-NO\"}]}<\/script>\n<!-- \/ Yoast SEO Premium plugin. -->","yoast_head_json":{"title":"AIS ATB1 klasse B+ AIS transceiver - Ocean Signal","robots":{"index":"index","follow":"follow","max-snippet":"max-snippet:-1","max-image-preview":"max-image-preview:large","max-video-preview":"max-video-preview:-1"},"canonical":"https:\/\/oceansignal.com\/no\/products\/ais-atb1-klasse-b-ais-transceiver\/","og_locale":"nb_NO","og_type":"article","og_title":"AIS ATB1 klasse B+ AIS transceiver","og_description":"Ocean Signal ATB1 klasse B+ AIS-transceiveren med det overlegne SOTDMA- tilgangsskjemaet gir \u00f8kt synlighet og sikkerhet til sj\u00f8s.  Den fullt kompatible ATB1 Klasse B+ (SOTDMA) AIS-transceiveren fra Ocean Signal er den siste i en lang rekke viktig sj\u00f8sikkerhetsutstyr utviklet og produsert i Storbritannia for det maritime markedet.  Designet som et hjelpemiddel for \u00e5 unng\u00e5 kollisjoner, gir det en betydelig fordel i navigasjonssikkerheten og gir deg trygghet om at fart\u00f8yet ditt vil bli sett dag eller natt, uansett v\u00e6r, p\u00e5 dagens travle vannveier.","og_url":"https:\/\/oceansignal.com\/no\/products\/ais-atb1-klasse-b-ais-transceiver\/","og_site_name":"Ocean Signal","article_modified_time":"2025-09-23T15:43:19+00:00","og_image":[{"url":"https:\/\/oceansignal.com\/wp-content\/uploads\/2023\/09\/OSL-ATB1-Bundle-360_600x600-1.gif","width":600,"height":600,"type":"image\/gif"}],"twitter_card":"summary_large_image","twitter_misc":{"Ansl. lesetid":"2 minutter"},"schema":{"@context":"https:\/\/schema.org","@graph":[{"@type":"WebPage","@id":"https:\/\/oceansignal.com\/no\/products\/ais-atb1-klasse-b-ais-transceiver\/","url":"https:\/\/oceansignal.com\/no\/products\/ais-atb1-klasse-b-ais-transceiver\/","name":"AIS ATB1 klasse B+ AIS transceiver - Ocean Signal","isPartOf":{"@id":"https:\/\/oceansignal.com\/no\/#website"},"primaryImageOfPage":{"@id":"https:\/\/oceansignal.com\/no\/products\/ais-atb1-klasse-b-ais-transceiver\/#primaryimage"},"image":{"@id":"https:\/\/oceansignal.com\/no\/products\/ais-atb1-klasse-b-ais-transceiver\/#primaryimage"},"thumbnailUrl":"https:\/\/oceansignal.com\/wp-content\/uploads\/2023\/09\/OSL-ATB1-Bundle-360_600x600-1.gif","datePublished":"2023-09-08T12:03:59+00:00","dateModified":"2025-09-23T15:43:19+00:00","breadcrumb":{"@id":"https:\/\/oceansignal.com\/no\/products\/ais-atb1-klasse-b-ais-transceiver\/#breadcrumb"},"inLanguage":"nb-NO","potentialAction":[{"@type":"ReadAction","target":["https:\/\/oceansignal.com\/no\/products\/ais-atb1-klasse-b-ais-transceiver\/"]}]},{"@type":"ImageObject","inLanguage":"nb-NO","@id":"https:\/\/oceansignal.com\/no\/products\/ais-atb1-klasse-b-ais-transceiver\/#primaryimage","url":"https:\/\/oceansignal.com\/wp-content\/uploads\/2023\/09\/OSL-ATB1-Bundle-360_600x600-1.gif","contentUrl":"https:\/\/oceansignal.com\/wp-content\/uploads\/2023\/09\/OSL-ATB1-Bundle-360_600x600-1.gif","width":600,"height":600},{"@type":"BreadcrumbList","@id":"https:\/\/oceansignal.com\/no\/products\/ais-atb1-klasse-b-ais-transceiver\/#breadcrumb","itemListElement":[{"@type":"ListItem","position":1,"name":"Shop","item":"https:\/\/oceansignal.com\/no\/shop\/"},{"@type":"ListItem","position":2,"name":"AIS ATB1 klasse B+ AIS transceiver"}]},{"@type":"WebSite","@id":"https:\/\/oceansignal.com\/no\/#website","url":"https:\/\/oceansignal.com\/no\/","name":"Ocean Signal","description":"A leading manufacturer of EPIRBs, AIS, SARTs, Personal Locator Beacons, Man Overboard Beacon for the Marine and Outdoor Markets.","potentialAction":[{"@type":"SearchAction","target":{"@type":"EntryPoint","urlTemplate":"https:\/\/oceansignal.com\/no\/?s={search_term_string}"},"query-input":{"@type":"PropertyValueSpecification","valueRequired":true,"valueName":"search_term_string"}}],"inLanguage":"nb-NO"}]}},"_links":{"self":[{"href":"https:\/\/oceansignal.com\/no\/wp-json\/wp\/v2\/product\/12856","targetHints":{"allow":["GET"]}}],"collection":[{"href":"https:\/\/oceansignal.com\/no\/wp-json\/wp\/v2\/product"}],"about":[{"href":"https:\/\/oceansignal.com\/no\/wp-json\/wp\/v2\/types\/product"}],"wp:featuredmedia":[{"embeddable":true,"href":"https:\/\/oceansignal.com\/no\/wp-json\/wp\/v2\/media\/20893"}],"wp:attachment":[{"href":"https:\/\/oceansignal.com\/no\/wp-json\/wp\/v2\/media?parent=12856"}],"wp:term":[{"taxonomy":"product_brand","embeddable":true,"href":"https:\/\/oceansignal.com\/no\/wp-json\/wp\/v2\/product_brand?post=12856"},{"taxonomy":"product_cat","embeddable":true,"href":"https:\/\/oceansignal.com\/no\/wp-json\/wp\/v2\/product_cat?post=12856"},{"taxonomy":"product_tag","embeddable":true,"href":"https:\/\/oceansignal.com\/no\/wp-json\/wp\/v2\/product_tag?post=12856"}],"curies":[{"name":"wp","href":"https:\/\/api.w.org\/{rel}","templated":true}]}}