{"id":12862,"date":"2023-09-08T09:39:08","date_gmt":"2023-09-08T09:39:08","guid":{"rendered":"https:\/\/oceansignal.com\/products\/safesea-s100-radar-sart\/"},"modified":"2026-01-21T19:32:25","modified_gmt":"2026-01-21T19:32:25","slug":"safesea-s100-radar-sart","status":"publish","type":"product","link":"https:\/\/oceansignal.com\/no\/products\/safesea-s100-radar-sart\/","title":{"rendered":"safeSEA S100 Radar SART"},"content":{"rendered":"<h4>safeSEA S100 Search and Rescue Transponder (Radar SART) er en dedikert radartransponder som overholder <a href=\"https:\/\/www.imo.org\/\">IMO<\/a> SOLAS-forskriftene.<\/h4>\n<p>Den internasjonale maritime organisasjonen (IMO) gir mandat til Global Maritime Distress and Safety System (GMDSS) transportkrav for Search and Rescue Transpondere (SART). Skip underlagt GMDSS-regelverket, inkludert passasjerskip, lasteskip over 300 bruttotonnasje, og fart\u00f8y i internasjonale reiser, er p\u00e5lagt \u00e5 ha minst \u00e9n S100 SART. S100 er en kompakt radar SART som er avgj\u00f8rende for \u00e5 hjelpe til med \u00e5 lokalisere n\u00f8dstedte fart\u00f8yer ved \u00e5 reagere p\u00e5 radarsignaler fra s\u00f8ke- og redningsenheter. S100-radaren SART oppfyller spesifikke ytelsesstandarder skissert av IMO, og sikrer produktets p\u00e5litelighet og effektivitet i n\u00f8dssituasjoner. Overholdelse av disse kravene er avgj\u00f8rende for \u00e5 \u00f8ke sj\u00f8sikkerheten og lette rettidige s\u00f8ke- og redningsoperasjoner.    <\/p>\n<ul>\n<li>Overlegen batterilevetid \u2013 selv ved -20\u00b0C<\/li>\n<li>Batteri som kan skiftes ut av brukeren<\/li>\n<li>Ikke-farlig batteri<\/li>\n<li>Fem \u00e5rs utskiftingsintervall<\/li>\n<li>Kompakt st\u00f8rrelse for enkel pakking av redningsfl\u00e5ten<\/li>\n<li>Leveres med oppbevaringsbrakett<\/li>\n<li>Stang vist p\u00e5 bilder som leveres separat (bestillingsdelenummer: 711S-01802 SART monteringsstang)<\/li>\n<\/ul>\n<p>&nbsp;<\/p>\n<h4>Transportkrav<\/h4>\n<ul>\n<li>SART-er er p\u00e5krevd p\u00e5 alle IMO SOLAS-fart\u00f8yer p\u00e5 internasjonale reiser:\n<ul>\n<li>En p\u00e5 300-500 BRT<\/li>\n<li>To hvis over 500BRT<\/li>\n<li>En SART per hver fjerde redningsfl\u00e5te p\u00e5 ro-ro passasjerfart\u00f8y<\/li>\n<\/ul>\n<\/li>\n<li>Nasjonalt mandaterte fart\u00f8y, inkludert fiskefart\u00f8y, passasjerfart\u00f8y, kommersielle arbeidsb\u00e5ter, etc<\/li>\n<li>De fleste Super- og Mega-yachter er p\u00e5lagt \u00e5 b\u00e6re en SART, spesielt hvis de er dekket av MCA-kodeksen, som er anerkjent av mange land.<\/li>\n<li>Frivillige tilpassede fart\u00f8yer vil ogs\u00e5 dra nytte av \u00e5 b\u00e6re en SART<\/li>\n<\/ul>\n<p>Trenger du \u00e5 oppgradere til de nye AIS EPIRB kravene? Sjekk ut den nye <a href=\"https:\/\/oceansignal.com\/products\/safesea-epirb3-pro\/\">safeSEA EPIRB3 Pro<\/a> <\/p>\n","protected":false},"excerpt":{"rendered":"<p>Ocean Signal safeSEA S100 Radar Search and Rescue Transponder eller Radar SART er en kritisk komponent i maritimt sikkerhetsutstyr, designet for \u00e5 forbedre sikten og hjelpe til i s\u00f8k- og redningsoperasjoner. Med sin avanserte radarreflektorteknologi sikrer denne fyren at fart\u00f8yet ditt er lett \u00e5 oppdage selv i d\u00e5rlige v\u00e6rforhold og situasjoner med lav sikt. S100 Radar SART er kompakt og slitesterk, enkel \u00e5 bruke og sv\u00e6rt p\u00e5litelig, og gir trygghet for b\u00e5de sj\u00f8menn og b\u00e5tfolk. Enten det navigerer i travle skipsleder eller seiler i avsidesliggende farvann, er Ocean Signal safeSEA S100 Radar SART et viktig tillegg til ethvert fart\u00f8ys sikkerhetsutstyr, og sikrer rask og effektiv respons i n\u00f8dsituasjoner.   <\/p>\n<p>safeSEA S100 SART er utviklet for \u00e5 hjelpe til med redning og berging av redningsfl\u00e5ter og redningsfart\u00f8y. N\u00e5r den er sl\u00e5tt p\u00e5, forblir SART i standby-modus inntil den automatisk aktiveres av et X-b\u00e5nds radars\u00f8k fra et hvilket som helst fart\u00f8y i n\u00e6rheten. safeSEA S100 sender ut en serie pulser som vises p\u00e5 skipets radar som en linje med prikker, og gir en peiling til redningsfart\u00f8yet.  <\/p>\n<p><a href=\"https:\/\/www.dropbox.com\/s\/fk04stqsp2hgk5f\/Prop%2065%20-%20DEHP.pdf?dl=0\">ADVARSEL: PROP 65<\/a><\/p>\n","protected":false},"featured_media":23021,"template":"","meta":{"_acf_changed":false,"om_disable_all_campaigns":false},"product_brand":[],"product_cat":[605],"product_tag":[],"class_list":{"0":"post-12862","1":"product","2":"type-product","3":"status-publish","4":"has-post-thumbnail","6":"product_cat-safesea-no","8":"first","9":"instock","10":"taxable","11":"shipping-taxable","12":"purchasable","13":"product-type-simple"},"acf":[],"yoast_head":"<!-- This site is optimized with the Yoast SEO Premium plugin v25.2 (Yoast SEO v26.4) - https:\/\/yoast.com\/wordpress\/plugins\/seo\/ -->\n<title>safeSEA S100 Radar SART - Ocean Signal<\/title>\n<meta name=\"description\" content=\"Ocean Signal S100 Radar SART: Essensiell radarreflektor for sj\u00f8sikkerhet. P\u00e5litelig GMDSS s\u00f8ke- og redningsbeacon. Kj\u00f8p n\u00e5 for trygghet!\" \/>\n<meta name=\"robots\" content=\"index, follow, max-snippet:-1, max-image-preview:large, max-video-preview:-1\" \/>\n<link rel=\"canonical\" href=\"https:\/\/oceansignal.com\/no\/products\/safesea-s100-radar-sart\/\" \/>\n<meta property=\"og:locale\" content=\"nb_NO\" \/>\n<meta property=\"og:type\" content=\"article\" \/>\n<meta property=\"og:title\" content=\"safeSEA S100 Radar SART\" \/>\n<meta property=\"og:description\" content=\"Ocean Signal S100 Radar SART: Essensiell radarreflektor for sj\u00f8sikkerhet. P\u00e5litelig GMDSS s\u00f8ke- og redningsbeacon. Kj\u00f8p n\u00e5 for trygghet!\" \/>\n<meta property=\"og:url\" content=\"https:\/\/oceansignal.com\/no\/products\/safesea-s100-radar-sart\/\" \/>\n<meta property=\"og:site_name\" content=\"Ocean Signal\" \/>\n<meta property=\"article:modified_time\" content=\"2026-01-21T19:32:25+00:00\" \/>\n<meta property=\"og:image\" content=\"https:\/\/oceansignal.com\/wp-content\/uploads\/2023\/09\/OSL-S100-SART-With-back-piece.png\" \/>\n\t<meta property=\"og:image:width\" content=\"792\" \/>\n\t<meta property=\"og:image:height\" content=\"792\" \/>\n\t<meta property=\"og:image:type\" content=\"image\/png\" \/>\n<meta name=\"twitter:card\" content=\"summary_large_image\" \/>\n<meta name=\"twitter:label1\" content=\"Ansl. lesetid\" \/>\n\t<meta name=\"twitter:data1\" content=\"1 minutt\" \/>\n<script type=\"application\/ld+json\" class=\"yoast-schema-graph\">{\"@context\":\"https:\/\/schema.org\",\"@graph\":[{\"@type\":\"WebPage\",\"@id\":\"https:\/\/oceansignal.com\/no\/products\/safesea-s100-radar-sart\/\",\"url\":\"https:\/\/oceansignal.com\/no\/products\/safesea-s100-radar-sart\/\",\"name\":\"safeSEA S100 Radar SART - Ocean Signal\",\"isPartOf\":{\"@id\":\"https:\/\/oceansignal.com\/no\/#website\"},\"primaryImageOfPage\":{\"@id\":\"https:\/\/oceansignal.com\/no\/products\/safesea-s100-radar-sart\/#primaryimage\"},\"image\":{\"@id\":\"https:\/\/oceansignal.com\/no\/products\/safesea-s100-radar-sart\/#primaryimage\"},\"thumbnailUrl\":\"https:\/\/oceansignal.com\/wp-content\/uploads\/2023\/09\/OSL-S100-SART-With-back-piece.png\",\"datePublished\":\"2023-09-08T09:39:08+00:00\",\"dateModified\":\"2026-01-21T19:32:25+00:00\",\"description\":\"Ocean Signal S100 Radar SART: Essensiell radarreflektor for sj\u00f8sikkerhet. P\u00e5litelig GMDSS s\u00f8ke- og redningsbeacon. Kj\u00f8p n\u00e5 for trygghet!\",\"breadcrumb\":{\"@id\":\"https:\/\/oceansignal.com\/no\/products\/safesea-s100-radar-sart\/#breadcrumb\"},\"inLanguage\":\"nb-NO\",\"potentialAction\":[{\"@type\":\"ReadAction\",\"target\":[\"https:\/\/oceansignal.com\/no\/products\/safesea-s100-radar-sart\/\"]}]},{\"@type\":\"ImageObject\",\"inLanguage\":\"nb-NO\",\"@id\":\"https:\/\/oceansignal.com\/no\/products\/safesea-s100-radar-sart\/#primaryimage\",\"url\":\"https:\/\/oceansignal.com\/wp-content\/uploads\/2023\/09\/OSL-S100-SART-With-back-piece.png\",\"contentUrl\":\"https:\/\/oceansignal.com\/wp-content\/uploads\/2023\/09\/OSL-S100-SART-With-back-piece.png\",\"width\":792,\"height\":792,\"caption\":\"Ocean Signal S100 Sart med feste eksplodert, venstre vinkel\"},{\"@type\":\"BreadcrumbList\",\"@id\":\"https:\/\/oceansignal.com\/no\/products\/safesea-s100-radar-sart\/#breadcrumb\",\"itemListElement\":[{\"@type\":\"ListItem\",\"position\":1,\"name\":\"Shop\",\"item\":\"https:\/\/oceansignal.com\/no\/shop\/\"},{\"@type\":\"ListItem\",\"position\":2,\"name\":\"safeSEA S100 Radar SART\"}]},{\"@type\":\"WebSite\",\"@id\":\"https:\/\/oceansignal.com\/no\/#website\",\"url\":\"https:\/\/oceansignal.com\/no\/\",\"name\":\"Ocean Signal\",\"description\":\"A leading manufacturer of EPIRBs, AIS, SARTs, Personal Locator Beacons, Man Overboard Beacon for the Marine and Outdoor Markets.\",\"potentialAction\":[{\"@type\":\"SearchAction\",\"target\":{\"@type\":\"EntryPoint\",\"urlTemplate\":\"https:\/\/oceansignal.com\/no\/?s={search_term_string}\"},\"query-input\":{\"@type\":\"PropertyValueSpecification\",\"valueRequired\":true,\"valueName\":\"search_term_string\"}}],\"inLanguage\":\"nb-NO\"}]}<\/script>\n<!-- \/ Yoast SEO Premium plugin. -->","yoast_head_json":{"title":"safeSEA S100 Radar SART - Ocean Signal","description":"Ocean Signal S100 Radar SART: Essensiell radarreflektor for sj\u00f8sikkerhet. P\u00e5litelig GMDSS s\u00f8ke- og redningsbeacon. Kj\u00f8p n\u00e5 for trygghet!","robots":{"index":"index","follow":"follow","max-snippet":"max-snippet:-1","max-image-preview":"max-image-preview:large","max-video-preview":"max-video-preview:-1"},"canonical":"https:\/\/oceansignal.com\/no\/products\/safesea-s100-radar-sart\/","og_locale":"nb_NO","og_type":"article","og_title":"safeSEA S100 Radar SART","og_description":"Ocean Signal S100 Radar SART: Essensiell radarreflektor for sj\u00f8sikkerhet. P\u00e5litelig GMDSS s\u00f8ke- og redningsbeacon. Kj\u00f8p n\u00e5 for trygghet!","og_url":"https:\/\/oceansignal.com\/no\/products\/safesea-s100-radar-sart\/","og_site_name":"Ocean Signal","article_modified_time":"2026-01-21T19:32:25+00:00","og_image":[{"width":792,"height":792,"url":"https:\/\/oceansignal.com\/wp-content\/uploads\/2023\/09\/OSL-S100-SART-With-back-piece.png","type":"image\/png"}],"twitter_card":"summary_large_image","twitter_misc":{"Ansl. lesetid":"1 minutt"},"schema":{"@context":"https:\/\/schema.org","@graph":[{"@type":"WebPage","@id":"https:\/\/oceansignal.com\/no\/products\/safesea-s100-radar-sart\/","url":"https:\/\/oceansignal.com\/no\/products\/safesea-s100-radar-sart\/","name":"safeSEA S100 Radar SART - Ocean Signal","isPartOf":{"@id":"https:\/\/oceansignal.com\/no\/#website"},"primaryImageOfPage":{"@id":"https:\/\/oceansignal.com\/no\/products\/safesea-s100-radar-sart\/#primaryimage"},"image":{"@id":"https:\/\/oceansignal.com\/no\/products\/safesea-s100-radar-sart\/#primaryimage"},"thumbnailUrl":"https:\/\/oceansignal.com\/wp-content\/uploads\/2023\/09\/OSL-S100-SART-With-back-piece.png","datePublished":"2023-09-08T09:39:08+00:00","dateModified":"2026-01-21T19:32:25+00:00","description":"Ocean Signal S100 Radar SART: Essensiell radarreflektor for sj\u00f8sikkerhet. P\u00e5litelig GMDSS s\u00f8ke- og redningsbeacon. Kj\u00f8p n\u00e5 for trygghet!","breadcrumb":{"@id":"https:\/\/oceansignal.com\/no\/products\/safesea-s100-radar-sart\/#breadcrumb"},"inLanguage":"nb-NO","potentialAction":[{"@type":"ReadAction","target":["https:\/\/oceansignal.com\/no\/products\/safesea-s100-radar-sart\/"]}]},{"@type":"ImageObject","inLanguage":"nb-NO","@id":"https:\/\/oceansignal.com\/no\/products\/safesea-s100-radar-sart\/#primaryimage","url":"https:\/\/oceansignal.com\/wp-content\/uploads\/2023\/09\/OSL-S100-SART-With-back-piece.png","contentUrl":"https:\/\/oceansignal.com\/wp-content\/uploads\/2023\/09\/OSL-S100-SART-With-back-piece.png","width":792,"height":792,"caption":"Ocean Signal S100 Sart med feste eksplodert, venstre vinkel"},{"@type":"BreadcrumbList","@id":"https:\/\/oceansignal.com\/no\/products\/safesea-s100-radar-sart\/#breadcrumb","itemListElement":[{"@type":"ListItem","position":1,"name":"Shop","item":"https:\/\/oceansignal.com\/no\/shop\/"},{"@type":"ListItem","position":2,"name":"safeSEA S100 Radar SART"}]},{"@type":"WebSite","@id":"https:\/\/oceansignal.com\/no\/#website","url":"https:\/\/oceansignal.com\/no\/","name":"Ocean Signal","description":"A leading manufacturer of EPIRBs, AIS, SARTs, Personal Locator Beacons, Man Overboard Beacon for the Marine and Outdoor Markets.","potentialAction":[{"@type":"SearchAction","target":{"@type":"EntryPoint","urlTemplate":"https:\/\/oceansignal.com\/no\/?s={search_term_string}"},"query-input":{"@type":"PropertyValueSpecification","valueRequired":true,"valueName":"search_term_string"}}],"inLanguage":"nb-NO"}]}},"_links":{"self":[{"href":"https:\/\/oceansignal.com\/no\/wp-json\/wp\/v2\/product\/12862","targetHints":{"allow":["GET"]}}],"collection":[{"href":"https:\/\/oceansignal.com\/no\/wp-json\/wp\/v2\/product"}],"about":[{"href":"https:\/\/oceansignal.com\/no\/wp-json\/wp\/v2\/types\/product"}],"wp:featuredmedia":[{"embeddable":true,"href":"https:\/\/oceansignal.com\/no\/wp-json\/wp\/v2\/media\/23021"}],"wp:attachment":[{"href":"https:\/\/oceansignal.com\/no\/wp-json\/wp\/v2\/media?parent=12862"}],"wp:term":[{"taxonomy":"product_brand","embeddable":true,"href":"https:\/\/oceansignal.com\/no\/wp-json\/wp\/v2\/product_brand?post=12862"},{"taxonomy":"product_cat","embeddable":true,"href":"https:\/\/oceansignal.com\/no\/wp-json\/wp\/v2\/product_cat?post=12862"},{"taxonomy":"product_tag","embeddable":true,"href":"https:\/\/oceansignal.com\/no\/wp-json\/wp\/v2\/product_tag?post=12862"}],"curies":[{"name":"wp","href":"https:\/\/api.w.org\/{rel}","templated":true}]}}