{"id":12883,"date":"2023-07-11T19:29:27","date_gmt":"2023-07-11T19:29:27","guid":{"rendered":"https:\/\/oceansignal.com\/products\/safesea-epirb3-pro\/"},"modified":"2026-01-21T19:52:34","modified_gmt":"2026-01-21T19:52:34","slug":"safesea-epirb3-pro","status":"publish","type":"product","link":"https:\/\/oceansignal.com\/no\/products\/safesea-epirb3-pro\/","title":{"rendered":"safeSEA EPIRB3 Pro"},"content":{"rendered":"<p>Sammendrag:<\/p>\n<p>Den nye Ocean Signal EPIRB3 Pro er en fullfunksjonell 406 MHz global redningsfyr som leveres med en automatisk utl\u00f8sende flytefri brakett og pakker en rekke funksjoner inn i et kompakt, moderne design som inkluderer AIS-teknologi. AIS gir lokale redningsmannskaper presis og p\u00e5litelig informasjon om den n\u00e5v\u00e6rende fyrens posisjon, og dermed fremskynder redningsoperasjonene. I tillegg beroliger Return Link Service (RLS) de som aktiverer fyren ved \u00e5 bekrefte at n\u00f8dmeldingen deres er mottatt. Inkluderingen av n\u00e6rfeltskommunikasjonsfunksjon (NFC) tillater bruk av en smarttelefonapp for \u00e5 overv\u00e5ke EPIRB -ens batteri og andre funksjoner, og sikre at den fungerer som den skal. Med sitt slanke design og avanserte funksjoner er EPIRB3 Pro ideell for en rekke sj\u00f8folk, enten de seiler i Middelhavet, drar ut gjennom rettene for en passasjer, fisker, jobber eller seiler offshore.    <\/p>\n<p>Foresl\u00e5tt blogg: <a href=\"https:\/\/oceansignal.com\/no\/news\/hva-er-en-nodposisjon-som-indikerer-radiofyr-eller-epirb\/\">Hva er en EPRIB<\/a><\/p>\n<p>Beskrivelse:<\/p>\n<p>Ocean Signal nye EPIRB3 Pro (Emergency Positioning Radio Beacon) \u00f8ker p\u00e5liteligheten og forenkler redningsoperasjoner med nye avanserte funksjoner. Denne nye EPIRB sender ut en digital n\u00f8dsignal p\u00e5 406 MHz som varsler redningsmannskaper globalt via satellitt, og kringkaster VHF-signaler fra det automatiske identifikasjonssystemet (AIS) lokalt for \u00e5 hjelpe redningsmannskaper med \u00e5 finne fyret raskere. N\u00e5r EPIRB3 Pro er aktivert, sender den et n\u00f8dsignal til det globale satellittredningssystemet <a href=\"https:\/\/www.cospas-sarsat.int\/en\/\">Cospas-Sarsat<\/a> , og sender samtidig ut et AIS-varsel p\u00e5 VHF-frekvenser som kan sees umiddelbart av ethvert n\u00e6rliggende fart\u00f8y utstyrt med AIS. Return Link Service (RLS) gir brukeren visuell bekreftelse p\u00e5 at n\u00f8dmeldingen er mottatt. Kombinasjonen av AIS, et 121,5 MHz-m\u00e5ls\u00f8kingssignal og synlige og infrar\u00f8de strobelys fremskynder gjenopprettingstiden ved \u00e5 la redningsmannskaper finne fyrets plassering, selv om det har drevet, uavhengig av tid p\u00e5 d\u00f8gnet. N\u00e6rfeltskommunikasjon (NFC) er en flott ny funksjon som lar brukere overv\u00e5ke EPIRB3 Pro ved hjelp av en gratis smarttelefonapp, og s\u00f8rge for at batteriet har tilstrekkelig str\u00f8m og at beaconen fungerer som den skal f\u00f8r de drar ut.     <\/p>\n<p>&nbsp;<\/p>\n<p>Avansert maritim sikkerhets- og redningsteknologi fra Ocean Signal i den nye EPIRB3 Pro med AIS kombinerer innovative nye funksjoner i et kompakt, ergonomisk designet etui som er ideelt for alle typer og st\u00f8rrelser fritids- og kommersielle fart\u00f8y.<\/p>\n<p>&nbsp;<\/p>\n<p><strong>Redningstidene kan forbedres med global aktivering kombinert med AIS Lokal beacon-sending.<\/strong><\/p>\n<p>&nbsp;<\/p>\n<p>EPIRB3 Pro bruker GNSS-posisjoneringsnettverk (GPS, Galileo, Glonass) for \u00e5 bestemme posisjonen globalt. N\u00e5r radiosignalet utl\u00f8ses, sender en 406 MHz n\u00f8dsending denne GPS EPIRB (GPIRB)-posisjonen, med en n\u00f8yaktighet p\u00e5 100 meter, til det verdensomspennende Cospas-Sarsat s\u00f8k- og redningssatellittnettverket. Bakkestasjoner koblet til satellittsystemet mottar EPIRB identifikasjon og informasjon om utplassering av redningsoperasjoner, slik at redningsoperasjoner kan koordineres og igangsettes. Med avansert AIS-teknologi som n\u00e5 er integrert i EPIRB , begynner radiosignalet \u00e5 sende AIS-signaler direkte etter aktivering, slik at AIS-utstyrte fart\u00f8y i n\u00e6rheten umiddelbart varsles om n\u00f8dsituasjonen og f\u00e5r beskjed om radiosignalets posisjon. AIS-utstyrte fart\u00f8y innenfor VHF-rekkevidde vil se en sikkerhetsmelding p\u00e5 skjermene sine som inkluderer MMSI-fart\u00f8yidentifikasjonen. Lokale fart\u00f8y kan starte rednings- og bergingsoperasjoner umiddelbart, noe som potensielt kan redusere bergingstiden og redde liv. Siden et AIS-m\u00e5l vises p\u00e5 skjermen om bord p\u00e5 ethvert AIS-utstyrt fart\u00f8y i n\u00e6rheten, kan de enkelt navigere direkte til EPIRB ved \u00e5 velge AIS-m\u00e5let. Selv n\u00e5r ingen lokale fart\u00f8y er tilgjengelige, vil AIS fremskynde gjenopprettingstiden ved \u00e5 la maritime SAR-operat\u00f8rer finne n\u00f8yaktig hvor EPIRB -en befinner seg n\u00e5r de n\u00e6rmer seg. Kombinasjonen av global satellittn\u00f8danrop, presis GPIRB-posisjonsoverf\u00f8ring og lokal AIS-sikkerhetsmelding vil forbedre gjenopprettingstiden og suksessen betraktelig.        <\/p>\n<p>&nbsp;<\/p>\n<p><strong>Near Field Communication (NFC) gir EPIRB diagnostikk ved hjelp av en smarttelefon.<\/strong><\/p>\n<p>&nbsp;<\/p>\n<p>Beacon-brukere kan n\u00e5 sjekke EPIRB-en sin ved \u00e5 koble smarttelefonen sin til den med <a href=\"https:\/\/www.youtube.com\/watch?v=MRXLii6r3n4&amp;t=35s\">NFC (Near Field Communication)<\/a> . Denne teknologien kobler til en smarttelefon plassert ved siden av EPIRB3 ved \u00e5 starte den gratis Ocean Signal Product App automatisk. Fullstendig diagnostikk er tilgjengelig i appen og viser brukeren gjeldende batterilevetid, antall fullf\u00f8rte selvtester, antall fullf\u00f8rte GNSS-tester og hvor lenge EPIRB-en har v\u00e6rt aktivert. Detaljert informasjon, inkludert en kartvisning som viser hvor en GNSS-test ble utf\u00f8rt, dato og klokkeslett for testen, tiden det tok for EPIRB \u00e5 finne en posisjon p\u00e5 GNSS-koordinatene, antall satellitter som ble brukt til \u00e5 finne den posisjonen, og n\u00f8yaktigheten av posisjonen vises alle praktisk. Ocean Signals gratis mobilapp og NFC-funksjonalitet gir brukerne all informasjonen de trenger for \u00e5 bekrefte at EPIRB-en deres fungerer som den skal og er klar til bruk i n\u00f8dstilfeller.<\/p>\n<p>&nbsp;<\/p>\n<p><strong>Convenient Return Link Service (RLS) forteller brukerne at deres n\u00f8danrop er mottatt.<\/strong><\/p>\n<p>&nbsp;<\/p>\n<p>EPIRB-er brukes i n\u00f8dsituasjoner, og redningsoperasjoner kan ta tid, spesielt hvis fart\u00f8yet i n\u00f8d er langt til havs. EPIRB3 Pro er utstyrt med Return Link Service som varsler brukere om at n\u00f8dsignalet fra beaconen er levert. RLS-signalet sendes tilbake via <a href=\"https:\/\/www.euspa.europa.eu\/european-space\/galileo\/services\/search-and-rescue-sar-galileo-service\">Galileo-satellittnettverket<\/a> for \u00e5 bekrefte at n\u00f8dmeldingen sammen med den n\u00f8yaktige EPIRB plasseringen og identifikatorene er mottatt. Et enkelt blinkende bl\u00e5tt lys forteller brukerne at EPIRB har koblet seg til via satellittnettverket, og redningsmannskaper vil bli varslet. \u00c5 vite at den digitale n\u00f8dmeldingen har blitt kommunisert sammen med EPIRB identifikasjonen og beacon-plasseringen, hjelper de i n\u00f8d \u00e5 holde seg rolige mens de venter p\u00e5 redningsoperasjoner.    <\/p>\n<p>&nbsp;<\/p>\n<p><strong>Monteringsbrakett<\/strong><\/p>\n<p>&nbsp;<\/p>\n<p>EPIRB3 Pro leveres komplett med et automatisk, flytefritt monteringsbrakett i kategori 1. Dette braketten oppbevarer EPIRB3 Pro sikkert under hele turen, uavhengig av forholdene. Det gir ogs\u00e5 best mulig mulighet for utplassering i n\u00f8dsituasjoner der det er vanskelig for et besetningsmedlem \u00e5 n\u00e5 EPIRB .  <\/p>\n<p>Ocean Signal bruker avansert teknologi og produksjonsprosesser av h\u00f8y kvalitet for \u00e5 utvikle og produsere elektroniske redningsenheter og andre livreddende produkter av h\u00f8y kvalitet. Den nye EPIRB3 Pro med sin konturerte profil er like egnet for b\u00e5de seilb\u00e5ter og motorb\u00e5ter. B\u00e5de fritids- og kommersielle brukere kan v\u00e6re trygge p\u00e5 at funksjonene i denne nye EPIRB gir den h\u00f8yeste sjansen for en effektiv og vellykket redning uansett hvor de drar. En rekke h\u00f8yteknologiske funksjoner i EPIRB3 Pro kombinert med et unikt design gj\u00f8r at den kan brukes effektivt p\u00e5 alle typer fart\u00f8y, enten det er snakk om arbeid eller fritid n\u00e6r kysten, offshore eller p\u00e5 reise over hele verden.   <\/p>\n<p>For manuell utgivelsesversjon av kategori 2: <a href=\"https:\/\/oceansignal.com\/products\/safesea-epirb3-pro\/\">rescueME EPIRB3<\/a><\/p>\n<p><strong>Funksjoner:<\/strong><\/p>\n<p>&nbsp;<\/p>\n<ul>\n<li>Godkjent for bruk p\u00e5 SOLAS fart\u00f8y<\/li>\n<li>30 %(type) mindre<\/li>\n<li>AIS n\u00f8dvarsel<\/li>\n<li>Returkoblingstjeneste (RLS)<\/li>\n<li>Mobil tilkobling ved bruk av n\u00e6rfeltskommunikasjon (NFC)<\/li>\n<li>Gratis app (Apple og Android)<\/li>\n<li>10 \u00e5rs batterilevetid<\/li>\n<li>48+ timers driftslevetid<\/li>\n<li>2 \u00e5rs garanti (kan utvide garantien til 5 \u00e5r via produktregistrering hos Ocean Signal )<\/li>\n<li>Rask n\u00f8yaktig posisjonering med 72 kanals GPS<\/li>\n<li>Kategori I autoutl\u00f8ser flytefri brakett<\/li>\n<li>Sikker snor<\/li>\n<\/ul>\n<p>&nbsp;<\/p>\n","protected":false},"excerpt":{"rendered":"<p>V\u00e5rt fullverdige 406 MHz globale redningsbeacon som leveres med en flytefri brakett<\/p>\n<ul>\n<li>Godkjent for bruk p\u00e5 SOLAS fart\u00f8y<\/li>\n<li>30 %(type) mindre<\/li>\n<li>AIS n\u00f8dvarsel<\/li>\n<li>Returkoblingstjeneste (RLS)<\/li>\n<li>Mobil tilkobling ved bruk av n\u00e6rfeltskommunikasjon (NFC)<\/li>\n<li>Gratis app (Apple og Android)<\/li>\n<li>10 \u00e5rs batterilevetid<\/li>\n<li>48+ timers driftslevetid<\/li>\n<li>2 \u00e5rs garanti (kan utvide garantien til 5 \u00e5r via produktregistrering hos Ocean Signal )<\/li>\n<li>Rask n\u00f8yaktig posisjonering med 72 kanals GPS<\/li>\n<li>Kategori I autoutl\u00f8ser flytefri brakett<\/li>\n<li>Sikker snor<\/li>\n<\/ul>\n<p><a href=\"https:\/\/www.dropbox.com\/s\/8343nj28z0d7bxa\/Prop%2065%20-%20BPA.pdf?dl=0\" data-cke-saved-href=\"https:\/\/www.dropbox.com\/s\/8343nj28z0d7bxa\/Prop%2065%20-%20BPA.pdf?dl=0\">ADVARSEL: PROP 65<\/a><\/p>\n<p>&nbsp;<\/p>\n","protected":false},"featured_media":11989,"template":"","meta":{"_acf_changed":false,"om_disable_all_campaigns":false},"product_brand":[],"product_cat":[714,605],"product_tag":[715,716,719,720,717,722,721,718],"class_list":{"0":"post-12883","1":"product","2":"type-product","3":"status-publish","4":"has-post-thumbnail","6":"product_cat-epirb-no","7":"product_cat-safesea-no","8":"product_tag-ais-no","9":"product_tag-epirb-no","10":"product_tag-epirb3-pro-no","11":"product_tag-hydrostatisk-utloserenhet","12":"product_tag-nfc-no","13":"product_tag-nodposisjonering-av-redningsbeacon","14":"product_tag-returkoblingstjeneste","15":"product_tag-rls-no","17":"first","18":"instock","19":"taxable","20":"shipping-taxable","21":"purchasable","22":"product-type-simple"},"acf":[],"yoast_head":"<!-- This site is optimized with the Yoast SEO Premium plugin v25.2 (Yoast SEO v26.4) - https:\/\/yoast.com\/wordpress\/plugins\/seo\/ -->\n<title>safeSEA EPIRB3 Pro - Ocean Signal<\/title>\n<meta name=\"description\" content=\"Ocean Signal safeSEA EPIRB3 Pro : Avansert GMDSS n\u00f8dradiofyr med posisjonsindikasjon og AIS for SOLAS og fritidsfart\u00f8y. Kj\u00f8p n\u00e5\" \/>\n<meta name=\"robots\" content=\"index, follow, max-snippet:-1, max-image-preview:large, max-video-preview:-1\" \/>\n<link rel=\"canonical\" href=\"https:\/\/oceansignal.com\/no\/products\/safesea-epirb3-pro\/\" \/>\n<meta property=\"og:locale\" content=\"nb_NO\" \/>\n<meta property=\"og:type\" content=\"article\" \/>\n<meta property=\"og:title\" content=\"safeSEA EPIRB3 Pro\" \/>\n<meta property=\"og:description\" content=\"Ocean Signal safeSEA EPIRB3 Pro : Avansert GMDSS n\u00f8dradiofyr med posisjonsindikasjon og AIS for SOLAS og fritidsfart\u00f8y. Kj\u00f8p n\u00e5\" \/>\n<meta property=\"og:url\" content=\"https:\/\/oceansignal.com\/no\/products\/safesea-epirb3-pro\/\" \/>\n<meta property=\"og:site_name\" content=\"Ocean Signal\" \/>\n<meta property=\"article:modified_time\" content=\"2026-01-21T19:52:34+00:00\" \/>\n<meta property=\"og:image\" content=\"https:\/\/oceansignal.com\/wp-content\/uploads\/2023\/07\/EPIRB3-Pro.png\" \/>\n\t<meta property=\"og:image:width\" content=\"800\" \/>\n\t<meta property=\"og:image:height\" content=\"800\" \/>\n\t<meta property=\"og:image:type\" content=\"image\/png\" \/>\n<meta name=\"twitter:card\" content=\"summary_large_image\" \/>\n<meta name=\"twitter:label1\" content=\"Ansl. lesetid\" \/>\n\t<meta name=\"twitter:data1\" content=\"5 minutter\" \/>\n<script type=\"application\/ld+json\" class=\"yoast-schema-graph\">{\"@context\":\"https:\/\/schema.org\",\"@graph\":[{\"@type\":\"WebPage\",\"@id\":\"https:\/\/oceansignal.com\/no\/products\/safesea-epirb3-pro\/\",\"url\":\"https:\/\/oceansignal.com\/no\/products\/safesea-epirb3-pro\/\",\"name\":\"safeSEA EPIRB3 Pro - Ocean Signal\",\"isPartOf\":{\"@id\":\"https:\/\/oceansignal.com\/no\/#website\"},\"primaryImageOfPage\":{\"@id\":\"https:\/\/oceansignal.com\/no\/products\/safesea-epirb3-pro\/#primaryimage\"},\"image\":{\"@id\":\"https:\/\/oceansignal.com\/no\/products\/safesea-epirb3-pro\/#primaryimage\"},\"thumbnailUrl\":\"https:\/\/oceansignal.com\/wp-content\/uploads\/2023\/07\/EPIRB3-Pro.png\",\"datePublished\":\"2023-07-11T19:29:27+00:00\",\"dateModified\":\"2026-01-21T19:52:34+00:00\",\"description\":\"Ocean Signal safeSEA EPIRB3 Pro : Avansert GMDSS n\u00f8dradiofyr med posisjonsindikasjon og AIS for SOLAS og fritidsfart\u00f8y. Kj\u00f8p n\u00e5\",\"breadcrumb\":{\"@id\":\"https:\/\/oceansignal.com\/no\/products\/safesea-epirb3-pro\/#breadcrumb\"},\"inLanguage\":\"nb-NO\",\"potentialAction\":[{\"@type\":\"ReadAction\",\"target\":[\"https:\/\/oceansignal.com\/no\/products\/safesea-epirb3-pro\/\"]}]},{\"@type\":\"ImageObject\",\"inLanguage\":\"nb-NO\",\"@id\":\"https:\/\/oceansignal.com\/no\/products\/safesea-epirb3-pro\/#primaryimage\",\"url\":\"https:\/\/oceansignal.com\/wp-content\/uploads\/2023\/07\/EPIRB3-Pro.png\",\"contentUrl\":\"https:\/\/oceansignal.com\/wp-content\/uploads\/2023\/07\/EPIRB3-Pro.png\",\"width\":800,\"height\":800},{\"@type\":\"BreadcrumbList\",\"@id\":\"https:\/\/oceansignal.com\/no\/products\/safesea-epirb3-pro\/#breadcrumb\",\"itemListElement\":[{\"@type\":\"ListItem\",\"position\":1,\"name\":\"Shop\",\"item\":\"https:\/\/oceansignal.com\/no\/shop\/\"},{\"@type\":\"ListItem\",\"position\":2,\"name\":\"safeSEA EPIRB3 Pro\"}]},{\"@type\":\"WebSite\",\"@id\":\"https:\/\/oceansignal.com\/no\/#website\",\"url\":\"https:\/\/oceansignal.com\/no\/\",\"name\":\"Ocean Signal\",\"description\":\"A leading manufacturer of EPIRBs, AIS, SARTs, Personal Locator Beacons, Man Overboard Beacon for the Marine and Outdoor Markets.\",\"potentialAction\":[{\"@type\":\"SearchAction\",\"target\":{\"@type\":\"EntryPoint\",\"urlTemplate\":\"https:\/\/oceansignal.com\/no\/?s={search_term_string}\"},\"query-input\":{\"@type\":\"PropertyValueSpecification\",\"valueRequired\":true,\"valueName\":\"search_term_string\"}}],\"inLanguage\":\"nb-NO\"}]}<\/script>\n<!-- \/ Yoast SEO Premium plugin. -->","yoast_head_json":{"title":"safeSEA EPIRB3 Pro - Ocean Signal","description":"Ocean Signal safeSEA EPIRB3 Pro : Avansert GMDSS n\u00f8dradiofyr med posisjonsindikasjon og AIS for SOLAS og fritidsfart\u00f8y. Kj\u00f8p n\u00e5","robots":{"index":"index","follow":"follow","max-snippet":"max-snippet:-1","max-image-preview":"max-image-preview:large","max-video-preview":"max-video-preview:-1"},"canonical":"https:\/\/oceansignal.com\/no\/products\/safesea-epirb3-pro\/","og_locale":"nb_NO","og_type":"article","og_title":"safeSEA EPIRB3 Pro","og_description":"Ocean Signal safeSEA EPIRB3 Pro : Avansert GMDSS n\u00f8dradiofyr med posisjonsindikasjon og AIS for SOLAS og fritidsfart\u00f8y. Kj\u00f8p n\u00e5","og_url":"https:\/\/oceansignal.com\/no\/products\/safesea-epirb3-pro\/","og_site_name":"Ocean Signal","article_modified_time":"2026-01-21T19:52:34+00:00","og_image":[{"width":800,"height":800,"url":"https:\/\/oceansignal.com\/wp-content\/uploads\/2023\/07\/EPIRB3-Pro.png","type":"image\/png"}],"twitter_card":"summary_large_image","twitter_misc":{"Ansl. lesetid":"5 minutter"},"schema":{"@context":"https:\/\/schema.org","@graph":[{"@type":"WebPage","@id":"https:\/\/oceansignal.com\/no\/products\/safesea-epirb3-pro\/","url":"https:\/\/oceansignal.com\/no\/products\/safesea-epirb3-pro\/","name":"safeSEA EPIRB3 Pro - Ocean Signal","isPartOf":{"@id":"https:\/\/oceansignal.com\/no\/#website"},"primaryImageOfPage":{"@id":"https:\/\/oceansignal.com\/no\/products\/safesea-epirb3-pro\/#primaryimage"},"image":{"@id":"https:\/\/oceansignal.com\/no\/products\/safesea-epirb3-pro\/#primaryimage"},"thumbnailUrl":"https:\/\/oceansignal.com\/wp-content\/uploads\/2023\/07\/EPIRB3-Pro.png","datePublished":"2023-07-11T19:29:27+00:00","dateModified":"2026-01-21T19:52:34+00:00","description":"Ocean Signal safeSEA EPIRB3 Pro : Avansert GMDSS n\u00f8dradiofyr med posisjonsindikasjon og AIS for SOLAS og fritidsfart\u00f8y. Kj\u00f8p n\u00e5","breadcrumb":{"@id":"https:\/\/oceansignal.com\/no\/products\/safesea-epirb3-pro\/#breadcrumb"},"inLanguage":"nb-NO","potentialAction":[{"@type":"ReadAction","target":["https:\/\/oceansignal.com\/no\/products\/safesea-epirb3-pro\/"]}]},{"@type":"ImageObject","inLanguage":"nb-NO","@id":"https:\/\/oceansignal.com\/no\/products\/safesea-epirb3-pro\/#primaryimage","url":"https:\/\/oceansignal.com\/wp-content\/uploads\/2023\/07\/EPIRB3-Pro.png","contentUrl":"https:\/\/oceansignal.com\/wp-content\/uploads\/2023\/07\/EPIRB3-Pro.png","width":800,"height":800},{"@type":"BreadcrumbList","@id":"https:\/\/oceansignal.com\/no\/products\/safesea-epirb3-pro\/#breadcrumb","itemListElement":[{"@type":"ListItem","position":1,"name":"Shop","item":"https:\/\/oceansignal.com\/no\/shop\/"},{"@type":"ListItem","position":2,"name":"safeSEA EPIRB3 Pro"}]},{"@type":"WebSite","@id":"https:\/\/oceansignal.com\/no\/#website","url":"https:\/\/oceansignal.com\/no\/","name":"Ocean Signal","description":"A leading manufacturer of EPIRBs, AIS, SARTs, Personal Locator Beacons, Man Overboard Beacon for the Marine and Outdoor Markets.","potentialAction":[{"@type":"SearchAction","target":{"@type":"EntryPoint","urlTemplate":"https:\/\/oceansignal.com\/no\/?s={search_term_string}"},"query-input":{"@type":"PropertyValueSpecification","valueRequired":true,"valueName":"search_term_string"}}],"inLanguage":"nb-NO"}]}},"_links":{"self":[{"href":"https:\/\/oceansignal.com\/no\/wp-json\/wp\/v2\/product\/12883","targetHints":{"allow":["GET"]}}],"collection":[{"href":"https:\/\/oceansignal.com\/no\/wp-json\/wp\/v2\/product"}],"about":[{"href":"https:\/\/oceansignal.com\/no\/wp-json\/wp\/v2\/types\/product"}],"wp:featuredmedia":[{"embeddable":true,"href":"https:\/\/oceansignal.com\/no\/wp-json\/wp\/v2\/media\/11989"}],"wp:attachment":[{"href":"https:\/\/oceansignal.com\/no\/wp-json\/wp\/v2\/media?parent=12883"}],"wp:term":[{"taxonomy":"product_brand","embeddable":true,"href":"https:\/\/oceansignal.com\/no\/wp-json\/wp\/v2\/product_brand?post=12883"},{"taxonomy":"product_cat","embeddable":true,"href":"https:\/\/oceansignal.com\/no\/wp-json\/wp\/v2\/product_cat?post=12883"},{"taxonomy":"product_tag","embeddable":true,"href":"https:\/\/oceansignal.com\/no\/wp-json\/wp\/v2\/product_tag?post=12883"}],"curies":[{"name":"wp","href":"https:\/\/api.w.org\/{rel}","templated":true}]}}