{"id":12890,"date":"2023-09-07T12:56:56","date_gmt":"2023-09-07T12:56:56","guid":{"rendered":"https:\/\/oceansignal.com\/products\/rescueme-epirb2-pro\/"},"modified":"2026-01-21T19:53:31","modified_gmt":"2026-01-21T19:53:31","slug":"rescueme-epirb2-pro","status":"publish","type":"product","link":"https:\/\/oceansignal.com\/no\/products\/rescueme-epirb2-pro\/","title":{"rendered":"rescueME EPIRB2 Pro"},"content":{"rendered":"<p>Sammendrag:<\/p>\n<p>Med introduksjonen av Return Link Service (RLS)-teknologi og Near Field Communication (NFC)-funksjoner gir EPIRB2 Pro betydelige fordeler i forhold til forgjengerne. RLS bekrefter at n\u00f8dmeldingen er mottatt og NFC-funksjonaliteten gj\u00f8r det mulig \u00e5 bruke en smarttelefonapp for \u00e5 overv\u00e5ke EPIRB -ens batteri og andre funksjoner, slik at den fungerer som den skal. <\/p>\n<p>De innovative nye funksjonene til EPIRB2 Pro og den medf\u00f8lgende automatiske flytefrie braketten gj\u00f8r den til et utmerket valg for et bredt spekter av maritime applikasjoner spesifikt for b\u00e5de fritids- og kommersielle fart\u00f8y.<\/p>\n<p>Beskrivelse:<\/p>\n<p>I utviklingen av EPIRB2 Pro har Ocean Signal trukket p\u00e5 sin betydelige erfaring med \u00e5 designe og produsere h\u00f8ykvalitets, funksjonsrike RLS EPIRB-er som bruker en praktisk kompakt formfaktor. Ved \u00e5 bruke flere niv\u00e5er av integrert signalteknologi, inkludert 406 MHz, GNSS (GPS, Galileo, Glonass) posisjonering og et 121,5 MHz homing-signal, leder EPIRB2 Pro uanstrengt s\u00f8k- og redningsstyrker til din posisjon. Tillegget av Return Link Service (RLS)-teknologi og n\u00e6rfeltskommunikasjonsfunksjon avrunder det imponerende settet med funksjoner til EPIRB2 Pro .  <\/p>\n<p>&nbsp;<\/p>\n<p><strong>Smartphone-tilkobling ved bruk av n\u00e6rfeltskommunikasjon<\/strong><\/p>\n<p>&nbsp;<\/p>\n<p>Integrasjonen av NFC-teknologi gir brukerne muligheten til \u00e5 enkelt f\u00e5 tilgang til beacon-data fra mobiltelefonen. Den enkle handlingen \u00e5 plassere en telefon i n\u00e6rheten av beacon \u00e5pner automatisk Ocean Signal Product App og gir tilgang til et vell av bruksdata, inkludert gjeldende batterilevetid, antall fullf\u00f8rte selvtester, antall fullf\u00f8rte GNSS-tester, og hvis aktuelt, hvor lang tid beaconet har blitt aktivert. <\/p>\n<p>&nbsp;<\/p>\n<p>Detaljert informasjon om hver selvtest og GNSS-test utf\u00f8rt av beacon er ogs\u00e5 tilgjengelig. Informasjon som er tilgjengelig for hver vellykket GNSS-test inkluderer tilgang til et kart som viser n\u00f8yaktig hvor testen ble utf\u00f8rt, datoen og klokkeslettet for testen, tiden det tok beaconen \u00e5 f\u00e5 en GNSS-koordinatfiks, antall satellitter beaconen brukte for \u00e5 f\u00e5 den fiksen, og n\u00f8yaktigheten til plasseringen. <\/p>\n<p>&nbsp;<\/p>\n<p><strong>Global dekning via Cospas-Sarsat satellittnettverk<\/strong><\/p>\n<p>&nbsp;<\/p>\n<p>Ved \u00e5 utnytte den globale rekkevidden til <a href=\"https:\/\/www.cospas-sarsat.int\/en\/\">Cospas-Sarsat satellittnettverk<\/a> , kan EPIRB2 Pro aktiveres hvor som helst, n\u00e5r som helst, og vil overf\u00f8re din 406 MHz n\u00f8dmelding. N\u00f8dsendingen inkluderer fyrkoordinater som er avledet fra EPIRBs integrerte GNSS-mottaker og er n\u00f8yaktige innenfor 100 meter.<\/p>\n<p>&nbsp;<\/p>\n<p>RLS EPIRB-er gir brukerne trygghet ved \u00e5 sende et retursignal gjennom <a href=\"https:\/\/www.euspa.europa.eu\/european-space\/galileo\/services\/search-and-rescue-sar-galileo-service\">Galileo<\/a> -satellittnettverket direkte tilbake til fyrt\u00e5rnet for \u00e5 bekrefte at n\u00f8dmeldingen er mottatt og at fyrt\u00e5rnets plassering er oppdaget. Brukerbekreftelse indikeres tydelig med et blinkende bl\u00e5tt lys.<\/p>\n<p>&nbsp;<\/p>\n<p><strong>Returkoblingstjeneste (RLS)<\/strong><\/p>\n<p><strong> <\/strong><\/p>\n<p>Det iboende stresset forbundet med en maritim n\u00f8dsituasjon er et utfordrende symptom som alle b\u00e5tfolk dessverre m\u00e5 hanskes med dersom de befinner seg i en n\u00f8dsituasjon. Heldigvis gir inkluderingen av RLS-funksjonen i EPIRB2 Pro en m\u00e5te \u00e5 minimere stresset i slike situasjoner. RLS EPIRB-er gir en bekreftelse direkte til fyren som lar brukeren vite at n\u00f8dmeldingen er mottatt og at plasseringen er oppdaget. Indikasjonen av RLS-funksjonalitet representeres av et karakteristisk bl\u00e5tt lys, noe som gj\u00f8r det enkelt for brukere \u00e5 fastsl\u00e5 n\u00f8yaktig n\u00e5r RLS-bekreftelsen er mottatt.   <\/p>\n<p>&nbsp;<\/p>\n<p><strong>Monteringsbrakett<\/strong><\/p>\n<p>&nbsp;<\/p>\n<p>EPIRB2 Pro leveres komplett med et automatisk, flytefritt monteringsbrakett i kategori 1. Dette braketten oppbevarer EPIRB2 Pro sikkert under hele turen, uavhengig av forholdene. Det gir ogs\u00e5 best mulig mulighet for utplassering i n\u00f8dsituasjoner der det er vanskelig for et besetningsmedlem \u00e5 n\u00e5 EPIRB .  <\/p>\n<p>&nbsp;<\/p>\n<p>Ocean Signal er stolte av \u00e5 fortsette \u00e5 tilby nye og spennende funksjoner som RLS og NFC, i tr\u00e5d med m\u00e5let om \u00e5 tilby innovative sikkerhetsprodukter av h\u00f8yeste kvalitet. Uansett \u00e5rsaken til din neste reise eller ditt valgte reisem\u00e5l, kan du garantere din sikkerhet med \u00e5 ta med deg EPIRB2 Pro . <\/p>\n<p>Trenger du \u00e5 oppgradere til en AIS EPIRB ? Sjekk ut den nye <a href=\"https:\/\/oceansignal.com\/products\/safesea-epirb3-pro\/\">EPIRB3<\/a> <\/p>\n<p><strong>Funksjoner:<\/strong><\/p>\n<p>&nbsp;<\/p>\n<ul>\n<li>30 %(type) mindre<\/li>\n<li>Returkoblingstjeneste (RLS)<\/li>\n<li>Mobil tilkobling ved bruk av n\u00e6rfeltskommunikasjon (NFC)<\/li>\n<li>Gratis app (Apple og Android)<\/li>\n<li>10 \u00e5rs batterilevetid<\/li>\n<li>48+ timers driftslevetid<\/li>\n<li>2 \u00e5rs garanti (kan utvide garantien til 5 \u00e5r via produktregistrering hos Ocean Signal )<\/li>\n<li>Rask n\u00f8yaktig posisjonering med 72 kanals GPS<\/li>\n<li>Uttrekkbar antenne<\/li>\n<li>Kategori I autoutl\u00f8ser flytefri brakett<\/li>\n<li>Sikker snor<\/li>\n<\/ul>\n","protected":false},"excerpt":{"rendered":"<p>Verdens mest kompakte EPIRB , med RLS og NFC (Inc. Cat 1 Float Free Bracket)<\/p>\n<ul>\n<li>30 %(type) mindre<\/li>\n<li>Inkluderer kategori I automatisk frigj\u00f8rende flytefri brakett<\/li>\n<li>Sikker snor<\/li>\n<li>Returkoblingstjeneste (RLS)<\/li>\n<li>Mobil tilkobling ved bruk av n\u00e6rfeltskommunikasjon (NFC)<\/li>\n<li>Gratis app (Apple og Android)<\/li>\n<li>10 \u00e5rs batterilevetid<\/li>\n<li>48+ timers driftslevetid<\/li>\n<li>2 \u00e5rs garanti (kan utvide garantien til 5 \u00e5r via produktregistrering hos Ocean Signal ) \u2020<\/li>\n<li>Rask n\u00f8yaktig posisjonering med 72-kanals GPS<\/li>\n<li>Uttrekkbar antenne<\/li>\n<li>Hurtigutl\u00f8serbrakett<\/li>\n<\/ul>\n<p><a href=\"https:\/\/www.dropbox.com\/s\/8343nj28z0d7bxa\/Prop%2065%20-%20BPA.pdf?dl=0\" data-cke-saved-href=\"https:\/\/www.dropbox.com\/s\/8343nj28z0d7bxa\/Prop%2065%20-%20BPA.pdf?dl=0\">ADVARSEL: PROP 65<\/a><\/p>\n","protected":false},"featured_media":12474,"template":"","meta":{"_acf_changed":false,"om_disable_all_campaigns":false},"product_brand":[],"product_cat":[714,607],"product_tag":[716,818,717,718],"class_list":{"0":"post-12890","1":"product","2":"type-product","3":"status-publish","4":"has-post-thumbnail","6":"product_cat-epirb-no","7":"product_cat-rescueme-no","8":"product_tag-epirb-no","9":"product_tag-epirb2-pro-no","10":"product_tag-nfc-no","11":"product_tag-rls-no","13":"first","14":"outofstock","15":"taxable","16":"shipping-taxable","17":"purchasable","18":"product-type-simple"},"acf":[],"yoast_head":"<!-- This site is optimized with the Yoast SEO Premium plugin v25.2 (Yoast SEO v26.4) - https:\/\/yoast.com\/wordpress\/plugins\/seo\/ -->\n<title>rescueME EPIRB2 Pro - Ocean Signal<\/title>\n<meta name=\"description\" content=\"Ocean Signal rescueME EPIRB2 med Return Link-tjeneste: Rask n\u00f8dsignalisering for maritim sikkerhet. Ikke seil uten en RLS EPIRB .\" \/>\n<meta name=\"robots\" content=\"index, follow, max-snippet:-1, max-image-preview:large, max-video-preview:-1\" \/>\n<link rel=\"canonical\" href=\"https:\/\/oceansignal.com\/no\/products\/rescueme-epirb2-pro\/\" \/>\n<meta property=\"og:locale\" content=\"nb_NO\" \/>\n<meta property=\"og:type\" content=\"article\" \/>\n<meta property=\"og:title\" content=\"rescueME EPIRB2 Pro\" \/>\n<meta property=\"og:description\" content=\"Ocean Signal rescueME EPIRB2 med Return Link-tjeneste: Rask n\u00f8dsignalisering for maritim sikkerhet. Ikke seil uten en RLS EPIRB .\" \/>\n<meta property=\"og:url\" content=\"https:\/\/oceansignal.com\/no\/products\/rescueme-epirb2-pro\/\" \/>\n<meta property=\"og:site_name\" content=\"Ocean Signal\" \/>\n<meta property=\"article:modified_time\" content=\"2026-01-21T19:53:31+00:00\" \/>\n<meta property=\"og:image\" content=\"https:\/\/oceansignal.com\/wp-content\/uploads\/2023\/09\/Ocean-Signal-EPIRB2-Pro-Front.png\" \/>\n\t<meta property=\"og:image:width\" content=\"800\" \/>\n\t<meta property=\"og:image:height\" content=\"800\" \/>\n\t<meta property=\"og:image:type\" content=\"image\/png\" \/>\n<meta name=\"twitter:card\" content=\"summary_large_image\" \/>\n<meta name=\"twitter:label1\" content=\"Ansl. lesetid\" \/>\n\t<meta name=\"twitter:data1\" content=\"3 minutter\" \/>\n<script type=\"application\/ld+json\" class=\"yoast-schema-graph\">{\"@context\":\"https:\/\/schema.org\",\"@graph\":[{\"@type\":\"WebPage\",\"@id\":\"https:\/\/oceansignal.com\/no\/products\/rescueme-epirb2-pro\/\",\"url\":\"https:\/\/oceansignal.com\/no\/products\/rescueme-epirb2-pro\/\",\"name\":\"rescueME EPIRB2 Pro - Ocean Signal\",\"isPartOf\":{\"@id\":\"https:\/\/oceansignal.com\/no\/#website\"},\"primaryImageOfPage\":{\"@id\":\"https:\/\/oceansignal.com\/no\/products\/rescueme-epirb2-pro\/#primaryimage\"},\"image\":{\"@id\":\"https:\/\/oceansignal.com\/no\/products\/rescueme-epirb2-pro\/#primaryimage\"},\"thumbnailUrl\":\"https:\/\/oceansignal.com\/wp-content\/uploads\/2023\/09\/Ocean-Signal-EPIRB2-Pro-Front.png\",\"datePublished\":\"2023-09-07T12:56:56+00:00\",\"dateModified\":\"2026-01-21T19:53:31+00:00\",\"description\":\"Ocean Signal rescueME EPIRB2 med Return Link-tjeneste: Rask n\u00f8dsignalisering for maritim sikkerhet. Ikke seil uten en RLS EPIRB .\",\"breadcrumb\":{\"@id\":\"https:\/\/oceansignal.com\/no\/products\/rescueme-epirb2-pro\/#breadcrumb\"},\"inLanguage\":\"nb-NO\",\"potentialAction\":[{\"@type\":\"ReadAction\",\"target\":[\"https:\/\/oceansignal.com\/no\/products\/rescueme-epirb2-pro\/\"]}]},{\"@type\":\"ImageObject\",\"inLanguage\":\"nb-NO\",\"@id\":\"https:\/\/oceansignal.com\/no\/products\/rescueme-epirb2-pro\/#primaryimage\",\"url\":\"https:\/\/oceansignal.com\/wp-content\/uploads\/2023\/09\/Ocean-Signal-EPIRB2-Pro-Front.png\",\"contentUrl\":\"https:\/\/oceansignal.com\/wp-content\/uploads\/2023\/09\/Ocean-Signal-EPIRB2-Pro-Front.png\",\"width\":800,\"height\":800},{\"@type\":\"BreadcrumbList\",\"@id\":\"https:\/\/oceansignal.com\/no\/products\/rescueme-epirb2-pro\/#breadcrumb\",\"itemListElement\":[{\"@type\":\"ListItem\",\"position\":1,\"name\":\"Shop\",\"item\":\"https:\/\/oceansignal.com\/no\/shop\/\"},{\"@type\":\"ListItem\",\"position\":2,\"name\":\"rescueME EPIRB2 Pro\"}]},{\"@type\":\"WebSite\",\"@id\":\"https:\/\/oceansignal.com\/no\/#website\",\"url\":\"https:\/\/oceansignal.com\/no\/\",\"name\":\"Ocean Signal\",\"description\":\"A leading manufacturer of EPIRBs, AIS, SARTs, Personal Locator Beacons, Man Overboard Beacon for the Marine and Outdoor Markets.\",\"potentialAction\":[{\"@type\":\"SearchAction\",\"target\":{\"@type\":\"EntryPoint\",\"urlTemplate\":\"https:\/\/oceansignal.com\/no\/?s={search_term_string}\"},\"query-input\":{\"@type\":\"PropertyValueSpecification\",\"valueRequired\":true,\"valueName\":\"search_term_string\"}}],\"inLanguage\":\"nb-NO\"}]}<\/script>\n<!-- \/ Yoast SEO Premium plugin. -->","yoast_head_json":{"title":"rescueME EPIRB2 Pro - Ocean Signal","description":"Ocean Signal rescueME EPIRB2 med Return Link-tjeneste: Rask n\u00f8dsignalisering for maritim sikkerhet. Ikke seil uten en RLS EPIRB .","robots":{"index":"index","follow":"follow","max-snippet":"max-snippet:-1","max-image-preview":"max-image-preview:large","max-video-preview":"max-video-preview:-1"},"canonical":"https:\/\/oceansignal.com\/no\/products\/rescueme-epirb2-pro\/","og_locale":"nb_NO","og_type":"article","og_title":"rescueME EPIRB2 Pro","og_description":"Ocean Signal rescueME EPIRB2 med Return Link-tjeneste: Rask n\u00f8dsignalisering for maritim sikkerhet. Ikke seil uten en RLS EPIRB .","og_url":"https:\/\/oceansignal.com\/no\/products\/rescueme-epirb2-pro\/","og_site_name":"Ocean Signal","article_modified_time":"2026-01-21T19:53:31+00:00","og_image":[{"width":800,"height":800,"url":"https:\/\/oceansignal.com\/wp-content\/uploads\/2023\/09\/Ocean-Signal-EPIRB2-Pro-Front.png","type":"image\/png"}],"twitter_card":"summary_large_image","twitter_misc":{"Ansl. lesetid":"3 minutter"},"schema":{"@context":"https:\/\/schema.org","@graph":[{"@type":"WebPage","@id":"https:\/\/oceansignal.com\/no\/products\/rescueme-epirb2-pro\/","url":"https:\/\/oceansignal.com\/no\/products\/rescueme-epirb2-pro\/","name":"rescueME EPIRB2 Pro - Ocean Signal","isPartOf":{"@id":"https:\/\/oceansignal.com\/no\/#website"},"primaryImageOfPage":{"@id":"https:\/\/oceansignal.com\/no\/products\/rescueme-epirb2-pro\/#primaryimage"},"image":{"@id":"https:\/\/oceansignal.com\/no\/products\/rescueme-epirb2-pro\/#primaryimage"},"thumbnailUrl":"https:\/\/oceansignal.com\/wp-content\/uploads\/2023\/09\/Ocean-Signal-EPIRB2-Pro-Front.png","datePublished":"2023-09-07T12:56:56+00:00","dateModified":"2026-01-21T19:53:31+00:00","description":"Ocean Signal rescueME EPIRB2 med Return Link-tjeneste: Rask n\u00f8dsignalisering for maritim sikkerhet. Ikke seil uten en RLS EPIRB .","breadcrumb":{"@id":"https:\/\/oceansignal.com\/no\/products\/rescueme-epirb2-pro\/#breadcrumb"},"inLanguage":"nb-NO","potentialAction":[{"@type":"ReadAction","target":["https:\/\/oceansignal.com\/no\/products\/rescueme-epirb2-pro\/"]}]},{"@type":"ImageObject","inLanguage":"nb-NO","@id":"https:\/\/oceansignal.com\/no\/products\/rescueme-epirb2-pro\/#primaryimage","url":"https:\/\/oceansignal.com\/wp-content\/uploads\/2023\/09\/Ocean-Signal-EPIRB2-Pro-Front.png","contentUrl":"https:\/\/oceansignal.com\/wp-content\/uploads\/2023\/09\/Ocean-Signal-EPIRB2-Pro-Front.png","width":800,"height":800},{"@type":"BreadcrumbList","@id":"https:\/\/oceansignal.com\/no\/products\/rescueme-epirb2-pro\/#breadcrumb","itemListElement":[{"@type":"ListItem","position":1,"name":"Shop","item":"https:\/\/oceansignal.com\/no\/shop\/"},{"@type":"ListItem","position":2,"name":"rescueME EPIRB2 Pro"}]},{"@type":"WebSite","@id":"https:\/\/oceansignal.com\/no\/#website","url":"https:\/\/oceansignal.com\/no\/","name":"Ocean Signal","description":"A leading manufacturer of EPIRBs, AIS, SARTs, Personal Locator Beacons, Man Overboard Beacon for the Marine and Outdoor Markets.","potentialAction":[{"@type":"SearchAction","target":{"@type":"EntryPoint","urlTemplate":"https:\/\/oceansignal.com\/no\/?s={search_term_string}"},"query-input":{"@type":"PropertyValueSpecification","valueRequired":true,"valueName":"search_term_string"}}],"inLanguage":"nb-NO"}]}},"_links":{"self":[{"href":"https:\/\/oceansignal.com\/no\/wp-json\/wp\/v2\/product\/12890","targetHints":{"allow":["GET"]}}],"collection":[{"href":"https:\/\/oceansignal.com\/no\/wp-json\/wp\/v2\/product"}],"about":[{"href":"https:\/\/oceansignal.com\/no\/wp-json\/wp\/v2\/types\/product"}],"wp:featuredmedia":[{"embeddable":true,"href":"https:\/\/oceansignal.com\/no\/wp-json\/wp\/v2\/media\/12474"}],"wp:attachment":[{"href":"https:\/\/oceansignal.com\/no\/wp-json\/wp\/v2\/media?parent=12890"}],"wp:term":[{"taxonomy":"product_brand","embeddable":true,"href":"https:\/\/oceansignal.com\/no\/wp-json\/wp\/v2\/product_brand?post=12890"},{"taxonomy":"product_cat","embeddable":true,"href":"https:\/\/oceansignal.com\/no\/wp-json\/wp\/v2\/product_cat?post=12890"},{"taxonomy":"product_tag","embeddable":true,"href":"https:\/\/oceansignal.com\/no\/wp-json\/wp\/v2\/product_tag?post=12890"}],"curies":[{"name":"wp","href":"https:\/\/api.w.org\/{rel}","templated":true}]}}