{"id":31906,"date":"2025-07-17T08:59:49","date_gmt":"2025-07-17T08:59:49","guid":{"rendered":"https:\/\/oceansignal.com\/products\/epirb2-sikkerhetssett-pluss\/"},"modified":"2026-03-12T09:18:52","modified_gmt":"2026-03-12T09:18:52","slug":"epirb2-sikkerhetssett-pluss","status":"publish","type":"product","link":"https:\/\/oceansignal.com\/no\/products\/epirb2-sikkerhetssett-pluss\/","title":{"rendered":"EPIRB2 Seilsikkerhetssett Plus"},"content":{"rendered":"<h3 data-start=\"3285\" data-end=\"3337\"><strong data-start=\"3292\" data-end=\"3337\"><img loading=\"lazy\" decoding=\"async\" class=\"alignnone size-full wp-image-32359\" src=\"https:\/\/oceansignal.com\/wp-content\/uploads\/2025\/07\/View-New-Safety-Kits.png\" alt=\"\" width=\"300\" height=\"75\" srcset=\"https:\/\/oceansignal.com\/wp-content\/uploads\/2025\/07\/View-New-Safety-Kits.png 300w, https:\/\/oceansignal.com\/wp-content\/uploads\/2025\/07\/View-New-Safety-Kits-60x15.png 60w, https:\/\/oceansignal.com\/wp-content\/uploads\/2025\/07\/View-New-Safety-Kits-110x28.png 110w\" sizes=\"auto, (max-width: 300px) 100vw, 300px\" \/><\/strong><\/h3>\n<h3 data-start=\"3285\" data-end=\"3337\"><strong data-start=\"3292\" data-end=\"3337\">Hvorfor velge EPIRB2 sikkerhetssett Plus?<\/strong><\/h3>\n<p data-start=\"195\" data-end=\"642\">EPIRB2 Safety Kit Plus finner den perfekte balansen mellom ytelse, verdi og fremtidsrettet beredskap. Det er designet rundt Ocean Signals neste generasjons EPIRB2 med NFC, og inkluderer et elektronisk n\u00f8dsignal fra EDF2 og viktige visuelle backupverkt\u00f8y, alt pakket i en vanntett, flytende gripeveske. Enten du er p\u00e5 kystseilas eller krysser kanalen, holder dette settet deg klar for reelle maritime n\u00f8dsituasjoner \u2013 uten kompromisser.  <\/p>\n<p data-start=\"644\" data-end=\"692\">Smartere sikkerhet. Moderne teknologi. Null gjetting.  <\/p>\n<h3 data-start=\"2903\" data-end=\"2924\"><strong data-start=\"2910\" data-end=\"2924\">Ideell for:<\/strong><\/h3>\n<ul>\n<li data-start=\"717\" data-end=\"786\">Offshore- og kystseilere som \u00f8nsker en komplett sikkerhetsl\u00f8sning<\/li>\n<li data-start=\"717\" data-end=\"786\">Yachteiere forbereder seg p\u00e5 lengre seilaser (maksimerer sikkerheten uten \u00e5 m\u00e5tte oppfylle alle kategori 0 offshore spesialforskrifter)<\/li>\n<li data-start=\"717\" data-end=\"786\">Kryssere oppgraderes fra tradisjonell pyroteknikk<\/li>\n<li data-start=\"717\" data-end=\"786\">RYA Yachtmaster-kandidater bygger et fremtidssikkert sikkerhetsoppsett<\/li>\n<li data-start=\"717\" data-end=\"786\">Mannskaper som bytter ut utg\u00e5tte fakler med gjenbrukbare, b\u00e6rekraftige alternativer<\/li>\n<\/ul>\n<h3 data-start=\"661\" data-end=\"706\"><strong data-start=\"668\" data-end=\"706\">Hva er inkludert, og hvorfor er det viktig?<\/strong><\/h3>\n<h4 data-start=\"708\" data-end=\"751\"><strong data-start=\"713\" data-end=\"749\">1 \u00d7 Ocean Signal EPIRB2 med NFC<\/strong><\/h4>\n<p data-start=\"752\" data-end=\"775\">Du f\u00e5r satellittdekning for global redning og RLS for trygghet \u2013 alt i en kompakt, forskriftsmessig kompatibel beacon.<br \/>\n<img loading=\"lazy\" decoding=\"async\" class=\"alignnone size-medium wp-image-31423\" src=\"https:\/\/oceansignal.com\/wp-content\/uploads\/2025\/06\/EPIRB2-FRONT-300-300x300.png\" alt=\"\" width=\"300\" height=\"300\" srcset=\"https:\/\/oceansignal.com\/wp-content\/uploads\/2025\/06\/EPIRB2-FRONT-300-300x300.png 300w, https:\/\/oceansignal.com\/wp-content\/uploads\/2025\/06\/EPIRB2-FRONT-300-150x150.png 150w, https:\/\/oceansignal.com\/wp-content\/uploads\/2025\/06\/EPIRB2-FRONT-300-100x100.png 100w, https:\/\/oceansignal.com\/wp-content\/uploads\/2025\/06\/EPIRB2-FRONT-300-60x60.png 60w, https:\/\/oceansignal.com\/wp-content\/uploads\/2025\/06\/EPIRB2-FRONT-300-110x110.png 110w, https:\/\/oceansignal.com\/wp-content\/uploads\/2025\/06\/EPIRB2-FRONT-300.png 411w\" sizes=\"auto, (max-width: 300px) 100vw, 300px\" \/><br \/>\n Denne nyeste generasjonen kategori II EPIRB kombinerer 406 MHz satellittsignalering med Return Link Service (RLS) og smarttelefonoppsett via NFC-tilkobling.<\/p>\n<ul data-start=\"954\" data-end=\"1273\">\n<li data-start=\"954\" data-end=\"1004\">\n<p data-start=\"956\" data-end=\"1004\"><strong data-start=\"956\" data-end=\"984\">Global n\u00f8dvarsling<\/strong> via Cospas-Sarsat satellittnettverk<\/p>\n<\/li>\n<li data-start=\"1064\" data-end=\"1131\">\n<p data-start=\"1066\" data-end=\"1131\"><strong data-start=\"1066\" data-end=\"1095\">Return Link Service (RLS)<\/strong> bekrefter at signalet ditt ble mottatt<\/p>\n<\/li>\n<li data-start=\"1132\" data-end=\"1210\">\n<p data-start=\"1134\" data-end=\"1210\"><strong data-start=\"1134\" data-end=\"1166\">Smarttelefonoppsett og testing<\/strong> via gratis Ocean Signal-app (iOS og Android)<\/p>\n<\/li>\n<li data-start=\"1211\" data-end=\"1273\">\n<p data-start=\"1213\" data-end=\"1273\"><strong data-start=\"1213\" data-end=\"1251\">Manuell brakett (kat. II)<\/strong> inkludert for fleksibel montering<\/p>\n<\/li>\n<\/ul>\n<hr data-start=\"2026\" data-end=\"2029\">\n<h4 data-start=\"2031\" data-end=\"2073\"><strong data-start=\"2036\" data-end=\"2071\">1 \u00d7<\/strong> <strong data-start=\"2191\" data-end=\"2242\">Ocean Signal EDF2 elektronisk n\u00f8dbluss<\/strong><\/h4>\n<p data-start=\"2245\" data-end=\"2268\">En fakkel du kan stole p\u00e5 vil fungere \u2013 uten utl\u00f8psdatoer, brannrisiko eller problemer med avhending.<br \/>\n Utsalgspris: 229,99 \u00a3<br \/>\n<img loading=\"lazy\" decoding=\"async\" class=\"alignnone wp-image-31439 size-medium\" src=\"https:\/\/oceansignal.com\/wp-content\/uploads\/2025\/06\/EDF2-FRONT-e1752085297427-198x300.png\" alt=\"\" width=\"198\" height=\"300\" srcset=\"https:\/\/oceansignal.com\/wp-content\/uploads\/2025\/06\/EDF2-FRONT-e1752085297427-198x300.png 198w, https:\/\/oceansignal.com\/wp-content\/uploads\/2025\/06\/EDF2-FRONT-e1752085297427-60x91.png 60w, https:\/\/oceansignal.com\/wp-content\/uploads\/2025\/06\/EDF2-FRONT-e1752085297427-110x166.png 110w, https:\/\/oceansignal.com\/wp-content\/uploads\/2025\/06\/EDF2-FRONT-e1752085297427.png 424w\" sizes=\"auto, (max-width: 198px) 100vw, 198px\" \/><br \/>\nH\u00f8yintensivt, flerfarget og IR LED-bluss. Synlig over 13 km om natten. Gjenbrukbart og tryggere enn pyroteknikk.  <\/p>\n<ul data-start=\"2183\" data-end=\"2300\">\n<li data-start=\"2183\" data-end=\"2216\">\n<p data-start=\"2185\" data-end=\"2216\">Sender ut blinkkarakteristikken for den internasjonale morsekoden for SOS<\/p>\n<\/li>\n<li data-start=\"2183\" data-end=\"2216\">Inkluderer n\u00f8dflagg og monteringsbrakett for dagtid<\/li>\n<li data-start=\"2217\" data-end=\"2261\">\n<p data-start=\"2219\" data-end=\"2261\">Flyter og fungerer i 3 timer med \u00f8nsket lysintensitet<\/p>\n<\/li>\n<li data-start=\"2217\" data-end=\"2261\">\n<p data-start=\"2219\" data-end=\"2261\">Gjenbrukbar, batteridrevet sikkerhet<\/p>\n<\/li>\n<li data-start=\"2217\" data-end=\"2261\">\u2265180 lysvinkel ved \u226550 cd for h\u00f8y synlighet i Range Plus<\/li>\n<\/ul>\n<hr data-start=\"2026\" data-end=\"2029\">\n<h4 data-start=\"2031\" data-end=\"2073\"><strong data-start=\"2036\" data-end=\"2071\">1 \u00d7 ACR Signalspeil og fl\u00f8yte<\/strong><\/h4>\n<p data-start=\"2074\" data-end=\"2096\">Legger til reservesignalering i verkt\u00f8ysettet ditt \u2013 spesielt nyttig n\u00e5r SAR-fly eller -fart\u00f8y er i sikte, men ikke er l\u00e5st p\u00e5 posisjonen din enn\u00e5.<br \/>\n Butikkpris: 10,99 \u00a3<br \/>\n<img loading=\"lazy\" decoding=\"async\" class=\"alignnone wp-image-31407 size-medium\" src=\"https:\/\/oceansignal.com\/wp-content\/uploads\/2025\/06\/Grab_Bag_EPIRB1_Kit-e1752085331562-300x131.png\" alt=\"\" width=\"300\" height=\"131\" srcset=\"https:\/\/oceansignal.com\/wp-content\/uploads\/2025\/06\/Grab_Bag_EPIRB1_Kit-e1752085331562-300x131.png 300w, https:\/\/oceansignal.com\/wp-content\/uploads\/2025\/06\/Grab_Bag_EPIRB1_Kit-e1752085331562-60x26.png 60w, https:\/\/oceansignal.com\/wp-content\/uploads\/2025\/06\/Grab_Bag_EPIRB1_Kit-e1752085331562-110x48.png 110w, https:\/\/oceansignal.com\/wp-content\/uploads\/2025\/06\/Grab_Bag_EPIRB1_Kit-e1752085331562.png 344w\" sizes=\"auto, (max-width: 300px) 100vw, 300px\" \/><br \/>\n Enkle verkt\u00f8y, p\u00e5litelige over hele verden, for n\u00e6rsignalisering n\u00e5r sikt er viktig.<\/p>\n<ul data-start=\"2183\" data-end=\"2300\">\n<li data-start=\"2183\" data-end=\"2216\">\n<p data-start=\"2185\" data-end=\"2216\">H\u00f8yreflekterende kompakt speil for visuelle signaler i dagslys \u2013 konstruert for \u00e5 reflektere sollys over lange avstander, ideelt for \u00e5 fange oppmerksomheten til passerende fart\u00f8y eller fly<\/p>\n<\/li>\n<li data-start=\"2217\" data-end=\"2261\">\n<p data-start=\"2219\" data-end=\"2261\">H\u00f8ydecibelfl\u00f8yte for lydsignalering<\/p>\n<\/li>\n<li data-start=\"2262\" data-end=\"2300\">\n<p data-start=\"2264\" data-end=\"2300\">Kompakte, vedlikeholdsfrie n\u00f8dvendigheter<\/p>\n<\/li>\n<\/ul>\n<hr data-start=\"2461\" data-end=\"2464\">\n<h4 data-start=\"2466\" data-end=\"2513\"><strong data-start=\"2471\" data-end=\"2511\">1 \u00d7 Ocean Signal vanntett gripeveske<\/strong><\/h4>\n<p data-start=\"2514\" data-end=\"2536\">N\u00f8dsituasjoner er kaotiske \u2013 denne vesken s\u00f8rger for at det beste utstyret ditt holder seg t\u00f8rt, samlet, synlig og lett tilgjengelig.<br \/>\n Utsalgspris: 129,99 \u00a3<br \/>\n<img loading=\"lazy\" decoding=\"async\" class=\"alignnone wp-image-31488 size-medium\" src=\"https:\/\/oceansignal.com\/wp-content\/uploads\/2025\/06\/Grab_Bag-1-241x300.webp\" alt=\"\" width=\"241\" height=\"300\" srcset=\"https:\/\/oceansignal.com\/wp-content\/uploads\/2025\/06\/Grab_Bag-1-241x300.webp 241w, https:\/\/oceansignal.com\/wp-content\/uploads\/2025\/06\/Grab_Bag-1-60x75.webp 60w, https:\/\/oceansignal.com\/wp-content\/uploads\/2025\/06\/Grab_Bag-1-110x137.webp 110w, https:\/\/oceansignal.com\/wp-content\/uploads\/2025\/06\/Grab_Bag-1.webp 489w\" sizes=\"auto, (max-width: 241px) 100vw, 241px\" \/><\/p>\n<p data-start=\"2538\" data-end=\"2634\">Denne lyse, flytende gripevesken har funksjoner som:<\/p>\n<ul data-start=\"2636\" data-end=\"2778\">\n<li data-start=\"2636\" data-end=\"2669\">\n<p data-start=\"2638\" data-end=\"2669\">Lett og enkel \u00e5 oppbevare<\/p>\n<\/li>\n<li data-start=\"2670\" data-end=\"2722\">\n<p data-start=\"2672\" data-end=\"2722\">Flyter og beskytter innholdet under t\u00f8ffe forhold<\/p>\n<\/li>\n<li data-start=\"2723\" data-end=\"2778\">\n<p data-start=\"2725\" data-end=\"2778\">Gj\u00f8r det raskt og enkelt \u00e5 f\u00e5 tak i det viktigste<\/p>\n<\/li>\n<\/ul>\n<p data-start=\"2780\" data-end=\"2896\">\n","protected":false},"excerpt":{"rendered":"<ul>\n<li>V\u00e6r klar n\u00e5r hvert sekund teller med <strong data-start=\"43\" data-end=\"89\">Ocean Signal EPIRB2 Safety Kit Plus<\/strong> \u2013 en viktig n\u00f8dl\u00f8sning for seilere som bygger sin f\u00f8rste gripepose.<\/li>\n<p> \t<\/p>\n<li>Dette settet, som ligger i den robuste og flytbare <strong data-start=\"195\" data-end=\"220\">Ocean Signal Grab Bag<\/strong> , inkluderer den avanserte <strong data-start=\"253\" data-end=\"263\">EPIRB2-enheten<\/strong> med GPS-posisjonering, Return Link Service (RLS) for \u00e5 bekrefte at n\u00f8dsignalet ditt ble mottatt, doble strobelys (synlig og IR) og smarttelefondiagnostikk via NFC.<\/li>\n<p> \t<\/p>\n<li>Det kraftige <strong data-start=\"444\" data-end=\"478\">elektroniske n\u00f8dblusset EDF2<\/strong> er ogs\u00e5 inkludert, som tilbyr 360\u00b0 sikt med intense flerfargede og infrar\u00f8de LED-lys \u2013 ideelt for \u00e5 tiltrekke seg oppmerksomhet i svakt lys eller d\u00e5rlig sikt. Dette settet er kompakt, vanntett og bygget for reelle redningsscenarioer, og bidrar til \u00e5 sikre at du blir sett, funnet og brakt hjem \u2013 raskt. <\/li>\n<p> \t<\/p>\n<li>Totalpris p\u00e5 settet: 920,96 pund. Spar 170 pund med dette settet! <\/li>\n<\/ul>\n","protected":false},"featured_media":31364,"template":"","meta":{"_acf_changed":false,"om_disable_all_campaigns":false},"product_brand":[],"product_cat":[1173,1670,607],"product_tag":[1671,1698],"class_list":{"0":"post-31906","1":"product","2":"type-product","3":"status-publish","4":"has-post-thumbnail","6":"product_cat-elektronisk-signalering-og-flare-no","7":"product_cat-sikkerhetssett-no","8":"product_cat-rescueme-no","9":"product_tag-grab-bag-no","10":"product_tag-sikkerhetssett-no-2","12":"first","13":"instock","14":"taxable","15":"shipping-taxable","16":"purchasable","17":"product-type-simple"},"acf":[],"yoast_head":"<!-- This site is optimized with the Yoast SEO Premium plugin v25.2 (Yoast SEO v26.4) - https:\/\/yoast.com\/wordpress\/plugins\/seo\/ -->\n<title>EPIRB2 Seilsikkerhetssett Plus - Ocean Signal<\/title>\n<meta name=\"robots\" content=\"index, follow, max-snippet:-1, max-image-preview:large, max-video-preview:-1\" \/>\n<link rel=\"canonical\" href=\"https:\/\/oceansignal.com\/no\/products\/epirb2-sikkerhetssett-pluss\/\" \/>\n<meta property=\"og:locale\" content=\"nb_NO\" \/>\n<meta property=\"og:type\" content=\"article\" \/>\n<meta property=\"og:title\" content=\"EPIRB2 Seilsikkerhetssett Plus\" \/>\n<meta property=\"og:description\" content=\"V\u00e6r klar n\u00e5r hvert sekund teller med Ocean Signal EPIRB2 Safety Kit Plus \u2013 en viktig n\u00f8dl\u00f8sning for seilere som bygger sin f\u00f8rste gripepose. Dette settet, som ligger i den robuste og flytbare Ocean Signal Grab Bag , inkluderer den avanserte EPIRB2-enheten med GPS-posisjonering, Return Link Service (RLS) for \u00e5 bekrefte at n\u00f8dsignalet ditt ble mottatt, doble strobelys (synlig og IR) og smarttelefondiagnostikk via NFC. Det kraftige elektroniske n\u00f8dblusset EDF2 er ogs\u00e5 inkludert, som tilbyr 360\u00b0 sikt med intense flerfargede og infrar\u00f8de LED-lys \u2013 ideelt for \u00e5 tiltrekke seg oppmerksomhet i svakt lys eller d\u00e5rlig sikt. Dette settet er kompakt, vanntett og bygget for reelle redningsscenarioer, og bidrar til \u00e5 sikre at du blir sett, funnet og brakt hjem \u2013 raskt.  Totalpris p\u00e5 settet: 920,96 pund. Spar 170 pund med dette settet!\" \/>\n<meta property=\"og:url\" content=\"https:\/\/oceansignal.com\/no\/products\/epirb2-sikkerhetssett-pluss\/\" \/>\n<meta property=\"og:site_name\" content=\"Ocean Signal\" \/>\n<meta property=\"article:modified_time\" content=\"2026-03-12T09:18:52+00:00\" \/>\n<meta property=\"og:image\" content=\"https:\/\/oceansignal.com\/wp-content\/uploads\/2025\/06\/Grab_Bag_EPIRB2_Safety_Kit_Plus-2.jpg\" \/>\n\t<meta property=\"og:image:width\" content=\"911\" \/>\n\t<meta property=\"og:image:height\" content=\"805\" \/>\n\t<meta property=\"og:image:type\" content=\"image\/jpeg\" \/>\n<meta name=\"twitter:card\" content=\"summary_large_image\" \/>\n<meta name=\"twitter:label1\" content=\"Ansl. lesetid\" \/>\n\t<meta name=\"twitter:data1\" content=\"2 minutter\" \/>\n<script type=\"application\/ld+json\" class=\"yoast-schema-graph\">{\"@context\":\"https:\/\/schema.org\",\"@graph\":[{\"@type\":\"WebPage\",\"@id\":\"https:\/\/oceansignal.com\/no\/products\/epirb2-sikkerhetssett-pluss\/\",\"url\":\"https:\/\/oceansignal.com\/no\/products\/epirb2-sikkerhetssett-pluss\/\",\"name\":\"EPIRB2 Seilsikkerhetssett Plus - Ocean Signal\",\"isPartOf\":{\"@id\":\"https:\/\/oceansignal.com\/no\/#website\"},\"primaryImageOfPage\":{\"@id\":\"https:\/\/oceansignal.com\/no\/products\/epirb2-sikkerhetssett-pluss\/#primaryimage\"},\"image\":{\"@id\":\"https:\/\/oceansignal.com\/no\/products\/epirb2-sikkerhetssett-pluss\/#primaryimage\"},\"thumbnailUrl\":\"https:\/\/oceansignal.com\/wp-content\/uploads\/2025\/06\/Grab_Bag_EPIRB2_Safety_Kit_Plus-2.jpg\",\"datePublished\":\"2025-07-17T08:59:49+00:00\",\"dateModified\":\"2026-03-12T09:18:52+00:00\",\"breadcrumb\":{\"@id\":\"https:\/\/oceansignal.com\/no\/products\/epirb2-sikkerhetssett-pluss\/#breadcrumb\"},\"inLanguage\":\"nb-NO\",\"potentialAction\":[{\"@type\":\"ReadAction\",\"target\":[\"https:\/\/oceansignal.com\/no\/products\/epirb2-sikkerhetssett-pluss\/\"]}]},{\"@type\":\"ImageObject\",\"inLanguage\":\"nb-NO\",\"@id\":\"https:\/\/oceansignal.com\/no\/products\/epirb2-sikkerhetssett-pluss\/#primaryimage\",\"url\":\"https:\/\/oceansignal.com\/wp-content\/uploads\/2025\/06\/Grab_Bag_EPIRB2_Safety_Kit_Plus-2.jpg\",\"contentUrl\":\"https:\/\/oceansignal.com\/wp-content\/uploads\/2025\/06\/Grab_Bag_EPIRB2_Safety_Kit_Plus-2.jpg\",\"width\":911,\"height\":805,\"caption\":\"Ocean Signal b\u00e5tsikkerhetssett n\u00e5 tilgjengelig\"},{\"@type\":\"BreadcrumbList\",\"@id\":\"https:\/\/oceansignal.com\/no\/products\/epirb2-sikkerhetssett-pluss\/#breadcrumb\",\"itemListElement\":[{\"@type\":\"ListItem\",\"position\":1,\"name\":\"Shop\",\"item\":\"https:\/\/oceansignal.com\/no\/shop\/\"},{\"@type\":\"ListItem\",\"position\":2,\"name\":\"EPIRB2 Seilsikkerhetssett Plus\"}]},{\"@type\":\"WebSite\",\"@id\":\"https:\/\/oceansignal.com\/no\/#website\",\"url\":\"https:\/\/oceansignal.com\/no\/\",\"name\":\"Ocean Signal\",\"description\":\"A leading manufacturer of EPIRBs, AIS, SARTs, Personal Locator Beacons, Man Overboard Beacon for the Marine and Outdoor Markets.\",\"potentialAction\":[{\"@type\":\"SearchAction\",\"target\":{\"@type\":\"EntryPoint\",\"urlTemplate\":\"https:\/\/oceansignal.com\/no\/?s={search_term_string}\"},\"query-input\":{\"@type\":\"PropertyValueSpecification\",\"valueRequired\":true,\"valueName\":\"search_term_string\"}}],\"inLanguage\":\"nb-NO\"}]}<\/script>\n<!-- \/ Yoast SEO Premium plugin. -->","yoast_head_json":{"title":"EPIRB2 Seilsikkerhetssett Plus - Ocean Signal","robots":{"index":"index","follow":"follow","max-snippet":"max-snippet:-1","max-image-preview":"max-image-preview:large","max-video-preview":"max-video-preview:-1"},"canonical":"https:\/\/oceansignal.com\/no\/products\/epirb2-sikkerhetssett-pluss\/","og_locale":"nb_NO","og_type":"article","og_title":"EPIRB2 Seilsikkerhetssett Plus","og_description":"V\u00e6r klar n\u00e5r hvert sekund teller med Ocean Signal EPIRB2 Safety Kit Plus \u2013 en viktig n\u00f8dl\u00f8sning for seilere som bygger sin f\u00f8rste gripepose. Dette settet, som ligger i den robuste og flytbare Ocean Signal Grab Bag , inkluderer den avanserte EPIRB2-enheten med GPS-posisjonering, Return Link Service (RLS) for \u00e5 bekrefte at n\u00f8dsignalet ditt ble mottatt, doble strobelys (synlig og IR) og smarttelefondiagnostikk via NFC. Det kraftige elektroniske n\u00f8dblusset EDF2 er ogs\u00e5 inkludert, som tilbyr 360\u00b0 sikt med intense flerfargede og infrar\u00f8de LED-lys \u2013 ideelt for \u00e5 tiltrekke seg oppmerksomhet i svakt lys eller d\u00e5rlig sikt. Dette settet er kompakt, vanntett og bygget for reelle redningsscenarioer, og bidrar til \u00e5 sikre at du blir sett, funnet og brakt hjem \u2013 raskt.  Totalpris p\u00e5 settet: 920,96 pund. Spar 170 pund med dette settet!","og_url":"https:\/\/oceansignal.com\/no\/products\/epirb2-sikkerhetssett-pluss\/","og_site_name":"Ocean Signal","article_modified_time":"2026-03-12T09:18:52+00:00","og_image":[{"width":911,"height":805,"url":"https:\/\/oceansignal.com\/wp-content\/uploads\/2025\/06\/Grab_Bag_EPIRB2_Safety_Kit_Plus-2.jpg","type":"image\/jpeg"}],"twitter_card":"summary_large_image","twitter_misc":{"Ansl. lesetid":"2 minutter"},"schema":{"@context":"https:\/\/schema.org","@graph":[{"@type":"WebPage","@id":"https:\/\/oceansignal.com\/no\/products\/epirb2-sikkerhetssett-pluss\/","url":"https:\/\/oceansignal.com\/no\/products\/epirb2-sikkerhetssett-pluss\/","name":"EPIRB2 Seilsikkerhetssett Plus - Ocean Signal","isPartOf":{"@id":"https:\/\/oceansignal.com\/no\/#website"},"primaryImageOfPage":{"@id":"https:\/\/oceansignal.com\/no\/products\/epirb2-sikkerhetssett-pluss\/#primaryimage"},"image":{"@id":"https:\/\/oceansignal.com\/no\/products\/epirb2-sikkerhetssett-pluss\/#primaryimage"},"thumbnailUrl":"https:\/\/oceansignal.com\/wp-content\/uploads\/2025\/06\/Grab_Bag_EPIRB2_Safety_Kit_Plus-2.jpg","datePublished":"2025-07-17T08:59:49+00:00","dateModified":"2026-03-12T09:18:52+00:00","breadcrumb":{"@id":"https:\/\/oceansignal.com\/no\/products\/epirb2-sikkerhetssett-pluss\/#breadcrumb"},"inLanguage":"nb-NO","potentialAction":[{"@type":"ReadAction","target":["https:\/\/oceansignal.com\/no\/products\/epirb2-sikkerhetssett-pluss\/"]}]},{"@type":"ImageObject","inLanguage":"nb-NO","@id":"https:\/\/oceansignal.com\/no\/products\/epirb2-sikkerhetssett-pluss\/#primaryimage","url":"https:\/\/oceansignal.com\/wp-content\/uploads\/2025\/06\/Grab_Bag_EPIRB2_Safety_Kit_Plus-2.jpg","contentUrl":"https:\/\/oceansignal.com\/wp-content\/uploads\/2025\/06\/Grab_Bag_EPIRB2_Safety_Kit_Plus-2.jpg","width":911,"height":805,"caption":"Ocean Signal b\u00e5tsikkerhetssett n\u00e5 tilgjengelig"},{"@type":"BreadcrumbList","@id":"https:\/\/oceansignal.com\/no\/products\/epirb2-sikkerhetssett-pluss\/#breadcrumb","itemListElement":[{"@type":"ListItem","position":1,"name":"Shop","item":"https:\/\/oceansignal.com\/no\/shop\/"},{"@type":"ListItem","position":2,"name":"EPIRB2 Seilsikkerhetssett Plus"}]},{"@type":"WebSite","@id":"https:\/\/oceansignal.com\/no\/#website","url":"https:\/\/oceansignal.com\/no\/","name":"Ocean Signal","description":"A leading manufacturer of EPIRBs, AIS, SARTs, Personal Locator Beacons, Man Overboard Beacon for the Marine and Outdoor Markets.","potentialAction":[{"@type":"SearchAction","target":{"@type":"EntryPoint","urlTemplate":"https:\/\/oceansignal.com\/no\/?s={search_term_string}"},"query-input":{"@type":"PropertyValueSpecification","valueRequired":true,"valueName":"search_term_string"}}],"inLanguage":"nb-NO"}]}},"_links":{"self":[{"href":"https:\/\/oceansignal.com\/no\/wp-json\/wp\/v2\/product\/31906","targetHints":{"allow":["GET"]}}],"collection":[{"href":"https:\/\/oceansignal.com\/no\/wp-json\/wp\/v2\/product"}],"about":[{"href":"https:\/\/oceansignal.com\/no\/wp-json\/wp\/v2\/types\/product"}],"wp:featuredmedia":[{"embeddable":true,"href":"https:\/\/oceansignal.com\/no\/wp-json\/wp\/v2\/media\/31364"}],"wp:attachment":[{"href":"https:\/\/oceansignal.com\/no\/wp-json\/wp\/v2\/media?parent=31906"}],"wp:term":[{"taxonomy":"product_brand","embeddable":true,"href":"https:\/\/oceansignal.com\/no\/wp-json\/wp\/v2\/product_brand?post=31906"},{"taxonomy":"product_cat","embeddable":true,"href":"https:\/\/oceansignal.com\/no\/wp-json\/wp\/v2\/product_cat?post=31906"},{"taxonomy":"product_tag","embeddable":true,"href":"https:\/\/oceansignal.com\/no\/wp-json\/wp\/v2\/product_tag?post=31906"}],"curies":[{"name":"wp","href":"https:\/\/api.w.org\/{rel}","templated":true}]}}