{"id":31929,"date":"2025-06-24T09:48:12","date_gmt":"2025-06-24T09:48:12","guid":{"rendered":"https:\/\/oceansignal.com\/products\/epirb3-sikkerhetssett\/"},"modified":"2026-03-26T15:12:35","modified_gmt":"2026-03-26T15:12:35","slug":"epirb3-sikkerhetssett","status":"publish","type":"product","link":"https:\/\/oceansignal.com\/no\/products\/epirb3-sikkerhetssett\/","title":{"rendered":"EPIRB3 Sikkerhetssett for seilere"},"content":{"rendered":"<h3 class=\"ai-optimize-42\" data-start=\"3285\" data-end=\"3337\"><strong data-start=\"3292\" data-end=\"3337\"><img loading=\"lazy\" decoding=\"async\" class=\"alignnone size-full wp-image-32359\" src=\"https:\/\/oceansignal.com\/wp-content\/uploads\/2025\/07\/View-New-Safety-Kits.png\" alt=\"\" width=\"300\" height=\"75\" srcset=\"https:\/\/oceansignal.com\/wp-content\/uploads\/2025\/07\/View-New-Safety-Kits.png 300w, https:\/\/oceansignal.com\/wp-content\/uploads\/2025\/07\/View-New-Safety-Kits-60x15.png 60w, https:\/\/oceansignal.com\/wp-content\/uploads\/2025\/07\/View-New-Safety-Kits-110x28.png 110w\" sizes=\"auto, (max-width: 300px) 100vw, 300px\" \/><\/strong><\/h3>\n<h3 class=\"ai-optimize-43\" data-start=\"2673\" data-end=\"2727\"><strong data-start=\"2680\" data-end=\"2727\">Hvorfor velge EPIRB3-settet?<\/strong><\/h3>\n<p class=\"ai-optimize-44 ai-optimize-introduction\" data-start=\"2729\" data-end=\"3018\">EPIRB3-settet er den mest avanserte pakken for innsteg du kan f\u00e5. Med verdensledende EPIRB-teknologi, intuitivt smarttelefonoppsett og lokal og global synlighet for redningsoperasjoner, er det perfekt for alle som \u00f8nsker trygghet, samsvar med forskrifter og moderne funksjoner innebygd fra starten av. <\/p>\n<p class=\"ai-optimize-45\" data-start=\"3020\" data-end=\"3075\">Din beste start innen sikkerhet til havs. Ingen kompromisser. <\/p>\n<h3 class=\"ai-optimize-46\" data-start=\"2313\" data-end=\"2334\"><strong data-start=\"2320\" data-end=\"2334\">Ideell for:<\/strong><\/h3>\n<ul data-start=\"2335\" data-end=\"2600\">\n<li class=\"ai-optimize-47\" data-start=\"2335\" data-end=\"2389\">\n<p class=\"ai-optimize-48\" data-start=\"2337\" data-end=\"2389\">Offshore-seilere, yachteiere og havcruisere<\/p>\n<\/li>\n<li class=\"ai-optimize-49\" data-start=\"2390\" data-end=\"2456\">\n<p class=\"ai-optimize-50\" data-start=\"2392\" data-end=\"2456\">Mannskaper som forbereder seg til offshore-l\u00f8p i kategori 1 eller passasjer i bl\u00e5tt vann<\/p>\n<\/li>\n<li class=\"ai-optimize-51\" data-start=\"2457\" data-end=\"2532\">\n<p class=\"ai-optimize-52\" data-start=\"2459\" data-end=\"2532\">Sikkerhetsbevisste skippere s\u00f8ker EPIRB-teknologi av ypperste klasse<\/p>\n<\/li>\n<li class=\"ai-optimize-53\" data-start=\"2533\" data-end=\"2600\">\n<p class=\"ai-optimize-54\" data-start=\"2535\" data-end=\"2600\">Sj\u00f8menn bytter ut eldre n\u00f8determer med moderne, forskriftsklart utstyr<\/p>\n<\/li>\n<\/ul>\n<h3 class=\"ai-optimize-55\" data-start=\"673\" data-end=\"726\"><strong data-start=\"680\" data-end=\"726\">Hva er inkludert, og hvordan st\u00f8tter det redning?<\/strong><\/h3>\n<h4 class=\"ai-optimize-56\" data-start=\"728\" data-end=\"762\"><strong data-start=\"733\" data-end=\"760\">1 \u00d7 Ocean Signal EPIRB3<\/strong><\/h4>\n<p class=\"ai-optimize-57\" data-start=\"763\" data-end=\"786\">Kan sees lokalt (fart\u00f8y med AIS-transceivere) og globalt (406 MHz-melding levert til s\u00f8k og redning), spores presist (AIS) og beroliges med sanntidsbekreftelse (RLS) \u2013 alt i \u00e9n enhet.<br \/>\n Utsalgsverdi: 840,95 \u00a3<\/p>\n<p data-start=\"763\" data-end=\"786\"><img loading=\"lazy\" decoding=\"async\" class=\"alignnone size-medium wp-image-2147\" src=\"https:\/\/oceansignal.com\/wp-content\/uploads\/2024\/03\/EPIRB3-Front-300-RLS-on-1-300x300.png\" alt=\"Ocean Signal EPIRB3 med bl\u00e5 Return Link Service-lampe p\u00e5.\" width=\"300\" height=\"300\" srcset=\"https:\/\/oceansignal.com\/wp-content\/uploads\/2024\/03\/EPIRB3-Front-300-RLS-on-1-300x300.png 300w, https:\/\/oceansignal.com\/wp-content\/uploads\/2024\/03\/EPIRB3-Front-300-RLS-on-1-150x150.png 150w, https:\/\/oceansignal.com\/wp-content\/uploads\/2024\/03\/EPIRB3-Front-300-RLS-on-1-100x100.png 100w, https:\/\/oceansignal.com\/wp-content\/uploads\/2024\/03\/EPIRB3-Front-300-RLS-on-1.png 411w\" sizes=\"auto, (max-width: 300px) 100vw, 300px\" \/><\/p>\n<p class=\"ai-optimize-58\" data-start=\"788\" data-end=\"915\">Ocean Signals flaggskip-EPIRB, bygget for \u00e5 m\u00f8te de nyeste internasjonale standardene og fullpakket med livreddende funksjoner, inkludert:<\/p>\n<ul data-start=\"917\" data-end=\"1359\">\n<li class=\"ai-optimize-59\" data-start=\"917\" data-end=\"965\">\n<p class=\"ai-optimize-60\" data-start=\"919\" data-end=\"965\"><strong>406 MHz Cospas-Sarsat satellittvarsling<\/strong><\/p>\n<\/li>\n<li class=\"ai-optimize-61\" data-start=\"966\" data-end=\"1014\">\n<p class=\"ai-optimize-62\" data-start=\"968\" data-end=\"1014\"><strong>AIS-sending til n\u00e6rliggende fart\u00f8y med AIS-transceivere<\/strong><\/p>\n<\/li>\n<li class=\"ai-optimize-63\" data-start=\"1015\" data-end=\"1097\">\n<p class=\"ai-optimize-64\" data-start=\"1017\" data-end=\"1097\"><strong>Return Link Service (RLS): bekrefter at n\u00f8dsignalet ditt er mottatt<\/strong><\/p>\n<\/li>\n<li class=\"ai-optimize-65\" data-start=\"1098\" data-end=\"1148\">\n<p class=\"ai-optimize-66\" data-start=\"1100\" data-end=\"1148\"><strong>GNSS (GPS + Galileo) for h\u00f8y presisjon<\/strong><\/p>\n<\/li>\n<li class=\"ai-optimize-67\" data-start=\"1149\" data-end=\"1186\">\n<p class=\"ai-optimize-68\" data-start=\"1151\" data-end=\"1186\"><strong>121,5 MHz lokalt m\u00e5ls\u00f8kingssignal<\/strong><\/p>\n<\/li>\n<li class=\"ai-optimize-69\" data-start=\"1187\" data-end=\"1239\">\n<p class=\"ai-optimize-70\" data-start=\"1189\" data-end=\"1239\"><strong>Synlige + infrar\u00f8de blitser for visuell deteksjon i svakt lys<\/strong><\/p>\n<\/li>\n<li class=\"ai-optimize-71\" data-start=\"1240\" data-end=\"1299\">\n<p class=\"ai-optimize-72\" data-start=\"1242\" data-end=\"1299\"><strong>NFC-smarttelefonoppsett med gratisappen Ocean Signal<\/strong><\/p>\n<\/li>\n<li class=\"ai-optimize-73\" data-start=\"1300\" data-end=\"1359\">\n<p class=\"ai-optimize-74\" data-start=\"1302\" data-end=\"1359\"><strong>Manuell brakett (kat. II) for fleksibel montering<\/strong><\/p>\n<\/li>\n<\/ul>\n<hr data-start=\"1511\" data-end=\"1514\">\n<h4 class=\"ai-optimize-75\" data-start=\"1516\" data-end=\"1558\"><strong data-start=\"1521\" data-end=\"1556\">1 \u00d7 ACR Signalspeil og fl\u00f8yte<\/strong><\/h4>\n<p class=\"ai-optimize-76\" data-start=\"1559\" data-end=\"1581\">Ideelt n\u00e5r SAR-team er i n\u00e6rheten og du trenger \u00e5 tiltrekke deg oppmerksomheten deres raskt og tydelig.<br \/>\n Butikkpris: 10,99 \u00a3<\/p>\n<p data-start=\"1559\" data-end=\"1581\"><img loading=\"lazy\" decoding=\"async\" class=\"alignnone wp-image-31407 size-medium\" src=\"https:\/\/oceansignal.com\/wp-content\/uploads\/2025\/06\/Grab_Bag_EPIRB1_Kit-e1752085331562-300x131.png\" alt=\"\" width=\"300\" height=\"131\" srcset=\"https:\/\/oceansignal.com\/wp-content\/uploads\/2025\/06\/Grab_Bag_EPIRB1_Kit-e1752085331562-300x131.png 300w, https:\/\/oceansignal.com\/wp-content\/uploads\/2025\/06\/Grab_Bag_EPIRB1_Kit-e1752085331562-60x26.png 60w, https:\/\/oceansignal.com\/wp-content\/uploads\/2025\/06\/Grab_Bag_EPIRB1_Kit-e1752085331562-110x48.png 110w, https:\/\/oceansignal.com\/wp-content\/uploads\/2025\/06\/Grab_Bag_EPIRB1_Kit-e1752085331562.png 344w\" sizes=\"auto, (max-width: 300px) 100vw, 300px\" \/><\/p>\n<p class=\"ai-optimize-77\" data-start=\"1583\" data-end=\"1691\">Disse vedlikeholdsfrie verkt\u00f8yene gir verdifull ekstra synlighet og lydsignalering i de siste stadiene av redningsarbeidet.<\/p>\n<ul data-start=\"1693\" data-end=\"1791\">\n<li class=\"ai-optimize-78\" data-start=\"1693\" data-end=\"1734\">\n<p class=\"ai-optimize-79\" data-start=\"1695\" data-end=\"1734\"><strong>H\u00f8yreflekterende kompakt speil for visuelle signaler i dagslys \u2013 konstruert for \u00e5 reflektere sollys over store avstander, ideelt for \u00e5 fange oppmerksomheten til passerende fart\u00f8y eller fly<\/strong><\/p>\n<\/li>\n<li class=\"ai-optimize-80\" data-start=\"1735\" data-end=\"1791\">\n<p class=\"ai-optimize-81\" data-start=\"1737\" data-end=\"1791\"><strong>H\u00f8y, lydl\u00f8s plystring for \u00e5 tiltrekke seg oppmerksomhet p\u00e5 n\u00e6rt hold<\/strong><\/p>\n<\/li>\n<\/ul>\n<hr data-start=\"1909\" data-end=\"1912\">\n<h4 class=\"ai-optimize-82\" data-start=\"1914\" data-end=\"1961\"><strong data-start=\"1919\" data-end=\"1959\">1 \u00d7 Ocean Signal vanntett gripeveske<\/strong><\/h4>\n<p class=\"ai-optimize-83\" data-start=\"1962\" data-end=\"1985\"><em data-start=\"1962\" data-end=\"1985\">N\u00e5r hvert sekund teller, er det avgj\u00f8rende \u00e5 ha alt p\u00e5 ett t\u00f8rt og synlig sted.<br \/>\n Utsalgspris: 129,99 \u00a3<\/em><\/p>\n<p data-start=\"1962\" data-end=\"1985\"><img loading=\"lazy\" decoding=\"async\" class=\"alignnone wp-image-31488 size-medium\" src=\"https:\/\/oceansignal.com\/wp-content\/uploads\/2025\/06\/Grab_Bag-1-241x300.webp\" alt=\"\" width=\"241\" height=\"300\" srcset=\"https:\/\/oceansignal.com\/wp-content\/uploads\/2025\/06\/Grab_Bag-1-241x300.webp 241w, https:\/\/oceansignal.com\/wp-content\/uploads\/2025\/06\/Grab_Bag-1-60x75.webp 60w, https:\/\/oceansignal.com\/wp-content\/uploads\/2025\/06\/Grab_Bag-1-110x137.webp 110w, https:\/\/oceansignal.com\/wp-content\/uploads\/2025\/06\/Grab_Bag-1.webp 489w\" sizes=\"auto, (max-width: 241px) 100vw, 241px\" \/><\/p>\n<p class=\"ai-optimize-84\" data-start=\"1987\" data-end=\"2079\">Denne slitesterke, flytende vesken holder det viktigste utstyret ditt sammen \u2013 t\u00f8rt, beskyttet og klart til bruk.<\/p>\n<ul data-start=\"2081\" data-end=\"2190\">\n<li class=\"ai-optimize-85\" data-start=\"2081\" data-end=\"2107\">\n<p class=\"ai-optimize-86\" data-start=\"2083\" data-end=\"2107\"><strong>Farge med h\u00f8y synlighet<\/strong><\/p>\n<\/li>\n<li class=\"ai-optimize-87\" data-start=\"2108\" data-end=\"2131\">\n<p class=\"ai-optimize-88\" data-start=\"2110\" data-end=\"2131\"><strong>Oppdrift<\/strong><\/p>\n<\/li>\n<li class=\"ai-optimize-89\" data-start=\"2132\" data-end=\"2190\">\n<p class=\"ai-optimize-90\" data-start=\"2134\" data-end=\"2190\"><strong>Ideell st\u00f8rrelse for EPIRB, eventuelt ekstra sikkerhetsutstyr og viktige dokumenter<\/strong><\/p>\n<\/li>\n<\/ul>\n","protected":false},"excerpt":{"rendered":"<ul>\n<li class=\"ai-optimize-38\">EPIRB3-settet er en f\u00f8rsteklasses alt-i-ett-sikkerhetsl\u00f8sning designet for seilere som \u00f8nsker de mest avanserte EPIRB-funksjonene som er tilgjengelige \u2013 rett fra starten av.<\/li>\n<li class=\"ai-optimize-39\">Med AIS, Return Link Service, GNSS-posisjonering og global Cospas-Sarsat-varsling gir EPIRB3 soloseilere og seilere med besetning et fremtidssikkert sikkerhetsoppsett fra dag \u00e9n.<\/li>\n<li class=\"ai-optimize-40\">Den medf\u00f8lgende gripevesken s\u00f8rger for at du har en godt synlig og flytevennlig oppbevaringsl\u00f8sning for EPIRB3, signalspeil og fl\u00f8yte som er inkludert i settet.<\/li>\n<\/ul>\n<p class=\"ai-optimize-41\">Totalpris p\u00e5 settet: 990,97 \u00a3. Spar 129,98 \u00a3 med dette settet! <\/p>\n","protected":false},"featured_media":31579,"template":"","meta":{"_acf_changed":false,"om_disable_all_campaigns":false},"product_brand":[],"product_cat":[1670,607],"product_tag":[716,987,1671,1698],"class_list":{"0":"post-31929","1":"product","2":"type-product","3":"status-publish","4":"has-post-thumbnail","6":"product_cat-sikkerhetssett-no","7":"product_cat-rescueme-no","8":"product_tag-epirb-no","9":"product_tag-epirb3-no","10":"product_tag-grab-bag-no","11":"product_tag-sikkerhetssett-no-2","13":"first","14":"instock","15":"taxable","16":"shipping-taxable","17":"purchasable","18":"product-type-simple"},"acf":[],"yoast_head":"<!-- This site is optimized with the Yoast SEO Premium plugin v25.2 (Yoast SEO v26.4) - https:\/\/yoast.com\/wordpress\/plugins\/seo\/ -->\n<title>EPIRB3 Sikkerhetssett for seilere - Ocean Signal<\/title>\n<meta name=\"robots\" content=\"index, follow, max-snippet:-1, max-image-preview:large, max-video-preview:-1\" \/>\n<link rel=\"canonical\" href=\"https:\/\/oceansignal.com\/no\/products\/epirb3-sikkerhetssett\/\" \/>\n<meta property=\"og:locale\" content=\"nb_NO\" \/>\n<meta property=\"og:type\" content=\"article\" \/>\n<meta property=\"og:title\" content=\"EPIRB3 Sikkerhetssett for seilere\" \/>\n<meta property=\"og:description\" content=\"EPIRB3-settet er en f\u00f8rsteklasses alt-i-ett-sikkerhetsl\u00f8sning designet for seilere som \u00f8nsker de mest avanserte EPIRB-funksjonene som er tilgjengelige \u2013 rett fra starten av.  Med AIS, Return Link Service, GNSS-posisjonering og global Cospas-Sarsat-varsling gir EPIRB3 soloseilere og seilere med besetning et fremtidssikkert sikkerhetsoppsett fra dag \u00e9n.  Den medf\u00f8lgende gripevesken s\u00f8rger for at du har en godt synlig og flytevennlig oppbevaringsl\u00f8sning for EPIRB3, signalspeil og fl\u00f8yte som er inkludert i settet. Totalpris p\u00e5 settet: 990,97 \u00a3. Spar 129,98 \u00a3 med dette settet!\" \/>\n<meta property=\"og:url\" content=\"https:\/\/oceansignal.com\/no\/products\/epirb3-sikkerhetssett\/\" \/>\n<meta property=\"og:site_name\" content=\"Ocean Signal\" \/>\n<meta property=\"article:modified_time\" content=\"2026-03-26T15:12:35+00:00\" \/>\n<meta property=\"og:image\" content=\"https:\/\/oceansignal.com\/wp-content\/uploads\/2025\/06\/Grab_Bag_EPIRB3_Kit-1.jpg\" \/>\n\t<meta property=\"og:image:width\" content=\"911\" \/>\n\t<meta property=\"og:image:height\" content=\"805\" \/>\n\t<meta property=\"og:image:type\" content=\"image\/jpeg\" \/>\n<meta name=\"twitter:card\" content=\"summary_large_image\" \/>\n<meta name=\"twitter:label1\" content=\"Ansl. lesetid\" \/>\n\t<meta name=\"twitter:data1\" content=\"2 minutter\" \/>\n<script type=\"application\/ld+json\" class=\"yoast-schema-graph\">{\"@context\":\"https:\/\/schema.org\",\"@graph\":[{\"@type\":\"WebPage\",\"@id\":\"https:\/\/oceansignal.com\/no\/products\/epirb3-sikkerhetssett\/\",\"url\":\"https:\/\/oceansignal.com\/no\/products\/epirb3-sikkerhetssett\/\",\"name\":\"EPIRB3 Sikkerhetssett for seilere - Ocean Signal\",\"isPartOf\":{\"@id\":\"https:\/\/oceansignal.com\/no\/#website\"},\"primaryImageOfPage\":{\"@id\":\"https:\/\/oceansignal.com\/no\/products\/epirb3-sikkerhetssett\/#primaryimage\"},\"image\":{\"@id\":\"https:\/\/oceansignal.com\/no\/products\/epirb3-sikkerhetssett\/#primaryimage\"},\"thumbnailUrl\":\"https:\/\/oceansignal.com\/wp-content\/uploads\/2025\/06\/Grab_Bag_EPIRB3_Kit-1.jpg\",\"datePublished\":\"2025-06-24T09:48:12+00:00\",\"dateModified\":\"2026-03-26T15:12:35+00:00\",\"breadcrumb\":{\"@id\":\"https:\/\/oceansignal.com\/no\/products\/epirb3-sikkerhetssett\/#breadcrumb\"},\"inLanguage\":\"nb-NO\",\"potentialAction\":[{\"@type\":\"ReadAction\",\"target\":[\"https:\/\/oceansignal.com\/no\/products\/epirb3-sikkerhetssett\/\"]}]},{\"@type\":\"ImageObject\",\"inLanguage\":\"nb-NO\",\"@id\":\"https:\/\/oceansignal.com\/no\/products\/epirb3-sikkerhetssett\/#primaryimage\",\"url\":\"https:\/\/oceansignal.com\/wp-content\/uploads\/2025\/06\/Grab_Bag_EPIRB3_Kit-1.jpg\",\"contentUrl\":\"https:\/\/oceansignal.com\/wp-content\/uploads\/2025\/06\/Grab_Bag_EPIRB3_Kit-1.jpg\",\"width\":911,\"height\":805},{\"@type\":\"BreadcrumbList\",\"@id\":\"https:\/\/oceansignal.com\/no\/products\/epirb3-sikkerhetssett\/#breadcrumb\",\"itemListElement\":[{\"@type\":\"ListItem\",\"position\":1,\"name\":\"Shop\",\"item\":\"https:\/\/oceansignal.com\/no\/shop\/\"},{\"@type\":\"ListItem\",\"position\":2,\"name\":\"EPIRB3 Sikkerhetssett for seilere\"}]},{\"@type\":\"WebSite\",\"@id\":\"https:\/\/oceansignal.com\/no\/#website\",\"url\":\"https:\/\/oceansignal.com\/no\/\",\"name\":\"Ocean Signal\",\"description\":\"A leading manufacturer of EPIRBs, AIS, SARTs, Personal Locator Beacons, Man Overboard Beacon for the Marine and Outdoor Markets.\",\"potentialAction\":[{\"@type\":\"SearchAction\",\"target\":{\"@type\":\"EntryPoint\",\"urlTemplate\":\"https:\/\/oceansignal.com\/no\/?s={search_term_string}\"},\"query-input\":{\"@type\":\"PropertyValueSpecification\",\"valueRequired\":true,\"valueName\":\"search_term_string\"}}],\"inLanguage\":\"nb-NO\"}]}<\/script>\n<!-- \/ Yoast SEO Premium plugin. -->","yoast_head_json":{"title":"EPIRB3 Sikkerhetssett for seilere - Ocean Signal","robots":{"index":"index","follow":"follow","max-snippet":"max-snippet:-1","max-image-preview":"max-image-preview:large","max-video-preview":"max-video-preview:-1"},"canonical":"https:\/\/oceansignal.com\/no\/products\/epirb3-sikkerhetssett\/","og_locale":"nb_NO","og_type":"article","og_title":"EPIRB3 Sikkerhetssett for seilere","og_description":"EPIRB3-settet er en f\u00f8rsteklasses alt-i-ett-sikkerhetsl\u00f8sning designet for seilere som \u00f8nsker de mest avanserte EPIRB-funksjonene som er tilgjengelige \u2013 rett fra starten av.  Med AIS, Return Link Service, GNSS-posisjonering og global Cospas-Sarsat-varsling gir EPIRB3 soloseilere og seilere med besetning et fremtidssikkert sikkerhetsoppsett fra dag \u00e9n.  Den medf\u00f8lgende gripevesken s\u00f8rger for at du har en godt synlig og flytevennlig oppbevaringsl\u00f8sning for EPIRB3, signalspeil og fl\u00f8yte som er inkludert i settet. Totalpris p\u00e5 settet: 990,97 \u00a3. Spar 129,98 \u00a3 med dette settet!","og_url":"https:\/\/oceansignal.com\/no\/products\/epirb3-sikkerhetssett\/","og_site_name":"Ocean Signal","article_modified_time":"2026-03-26T15:12:35+00:00","og_image":[{"width":911,"height":805,"url":"https:\/\/oceansignal.com\/wp-content\/uploads\/2025\/06\/Grab_Bag_EPIRB3_Kit-1.jpg","type":"image\/jpeg"}],"twitter_card":"summary_large_image","twitter_misc":{"Ansl. lesetid":"2 minutter"},"schema":{"@context":"https:\/\/schema.org","@graph":[{"@type":"WebPage","@id":"https:\/\/oceansignal.com\/no\/products\/epirb3-sikkerhetssett\/","url":"https:\/\/oceansignal.com\/no\/products\/epirb3-sikkerhetssett\/","name":"EPIRB3 Sikkerhetssett for seilere - Ocean Signal","isPartOf":{"@id":"https:\/\/oceansignal.com\/no\/#website"},"primaryImageOfPage":{"@id":"https:\/\/oceansignal.com\/no\/products\/epirb3-sikkerhetssett\/#primaryimage"},"image":{"@id":"https:\/\/oceansignal.com\/no\/products\/epirb3-sikkerhetssett\/#primaryimage"},"thumbnailUrl":"https:\/\/oceansignal.com\/wp-content\/uploads\/2025\/06\/Grab_Bag_EPIRB3_Kit-1.jpg","datePublished":"2025-06-24T09:48:12+00:00","dateModified":"2026-03-26T15:12:35+00:00","breadcrumb":{"@id":"https:\/\/oceansignal.com\/no\/products\/epirb3-sikkerhetssett\/#breadcrumb"},"inLanguage":"nb-NO","potentialAction":[{"@type":"ReadAction","target":["https:\/\/oceansignal.com\/no\/products\/epirb3-sikkerhetssett\/"]}]},{"@type":"ImageObject","inLanguage":"nb-NO","@id":"https:\/\/oceansignal.com\/no\/products\/epirb3-sikkerhetssett\/#primaryimage","url":"https:\/\/oceansignal.com\/wp-content\/uploads\/2025\/06\/Grab_Bag_EPIRB3_Kit-1.jpg","contentUrl":"https:\/\/oceansignal.com\/wp-content\/uploads\/2025\/06\/Grab_Bag_EPIRB3_Kit-1.jpg","width":911,"height":805},{"@type":"BreadcrumbList","@id":"https:\/\/oceansignal.com\/no\/products\/epirb3-sikkerhetssett\/#breadcrumb","itemListElement":[{"@type":"ListItem","position":1,"name":"Shop","item":"https:\/\/oceansignal.com\/no\/shop\/"},{"@type":"ListItem","position":2,"name":"EPIRB3 Sikkerhetssett for seilere"}]},{"@type":"WebSite","@id":"https:\/\/oceansignal.com\/no\/#website","url":"https:\/\/oceansignal.com\/no\/","name":"Ocean Signal","description":"A leading manufacturer of EPIRBs, AIS, SARTs, Personal Locator Beacons, Man Overboard Beacon for the Marine and Outdoor Markets.","potentialAction":[{"@type":"SearchAction","target":{"@type":"EntryPoint","urlTemplate":"https:\/\/oceansignal.com\/no\/?s={search_term_string}"},"query-input":{"@type":"PropertyValueSpecification","valueRequired":true,"valueName":"search_term_string"}}],"inLanguage":"nb-NO"}]}},"_links":{"self":[{"href":"https:\/\/oceansignal.com\/no\/wp-json\/wp\/v2\/product\/31929","targetHints":{"allow":["GET"]}}],"collection":[{"href":"https:\/\/oceansignal.com\/no\/wp-json\/wp\/v2\/product"}],"about":[{"href":"https:\/\/oceansignal.com\/no\/wp-json\/wp\/v2\/types\/product"}],"wp:featuredmedia":[{"embeddable":true,"href":"https:\/\/oceansignal.com\/no\/wp-json\/wp\/v2\/media\/31579"}],"wp:attachment":[{"href":"https:\/\/oceansignal.com\/no\/wp-json\/wp\/v2\/media?parent=31929"}],"wp:term":[{"taxonomy":"product_brand","embeddable":true,"href":"https:\/\/oceansignal.com\/no\/wp-json\/wp\/v2\/product_brand?post=31929"},{"taxonomy":"product_cat","embeddable":true,"href":"https:\/\/oceansignal.com\/no\/wp-json\/wp\/v2\/product_cat?post=31929"},{"taxonomy":"product_tag","embeddable":true,"href":"https:\/\/oceansignal.com\/no\/wp-json\/wp\/v2\/product_tag?post=31929"}],"curies":[{"name":"wp","href":"https:\/\/api.w.org\/{rel}","templated":true}]}}