{"id":31966,"date":"2025-06-24T09:45:57","date_gmt":"2025-06-24T09:45:57","guid":{"rendered":"https:\/\/oceansignal.com\/products\/epirb2-sikkerhetssett\/"},"modified":"2025-10-01T07:57:33","modified_gmt":"2025-10-01T07:57:33","slug":"epirb2-sikkerhetssett","status":"publish","type":"product","link":"https:\/\/oceansignal.com\/no\/products\/epirb2-sikkerhetssett\/","title":{"rendered":"EPIRB2 Sikkerhetssett for seilere"},"content":{"rendered":"<h3 data-start=\"3285\" data-end=\"3337\"><strong data-start=\"3292\" data-end=\"3337\"><img loading=\"lazy\" decoding=\"async\" class=\"alignnone size-full wp-image-32359\" src=\"https:\/\/oceansignal.com\/wp-content\/uploads\/2025\/07\/View-New-Safety-Kits.png\" alt=\"\" width=\"300\" height=\"75\" srcset=\"https:\/\/oceansignal.com\/wp-content\/uploads\/2025\/07\/View-New-Safety-Kits.png 300w, https:\/\/oceansignal.com\/wp-content\/uploads\/2025\/07\/View-New-Safety-Kits-60x15.png 60w, https:\/\/oceansignal.com\/wp-content\/uploads\/2025\/07\/View-New-Safety-Kits-110x28.png 110w\" sizes=\"auto, (max-width: 300px) 100vw, 300px\" \/><\/strong><\/h3>\n<h3 data-start=\"2553\" data-end=\"2604\"><strong data-start=\"2560\" data-end=\"2604\">Hvorfor velge EPIRB2 sikkerhetssett?<\/strong><\/h3>\n<p data-start=\"2606\" data-end=\"2880\">EPIRB2-settet er enkelt, kompatibelt og p\u00e5litelig, og gir deg beskyttelse p\u00e5 satellittniv\u00e5 med minimal oppsett, samtidig som det gir deg tryggheten som f\u00f8lger med Return Link Service (RLS)-funksjonen. Inkluderingen av RLS gir brukerne en bekreftelse p\u00e5 at n\u00f8dmeldingen deres er sendt og mottatt. Med den medf\u00f8lgende gripevesken er dette settet ideelt for seilere som \u00f8nsker \u00e5 oppfylle strenge sikkerhetsstandarder uten \u00e5 bygge for mye eller bruke for mye penger. Det er det praktiske valget for virkelige eventyr p\u00e5 vannet.  <\/p>\n<p data-start=\"2882\" data-end=\"2932\">Seri\u00f8s sikkerhet. Ingen ekstrautstyr. Akkurat det du trenger.  <\/p>\n<h3 data-start=\"2206\" data-end=\"2227\"><strong data-start=\"2213\" data-end=\"2227\">Ideell for:<\/strong><\/h3>\n<ul data-start=\"2228\" data-end=\"2474\">\n<li data-start=\"2228\" data-end=\"2281\">\n<p data-start=\"2230\" data-end=\"2281\">Sj\u00f8menn forbereder seg til en offshore-reise<\/p>\n<\/li>\n<li data-start=\"2282\" data-end=\"2347\">\n<p data-start=\"2284\" data-end=\"2347\">Kystkryssere som \u00f8nsker sikkerheten og beskyttelsen som er forbundet med \u00e5 ha en n\u00f8deteppe-redningstjeneste om bord<\/p>\n<\/li>\n<li data-start=\"2348\" data-end=\"2418\">\n<p data-start=\"2350\" data-end=\"2418\">Mannskaper oppgraderer sikkerhetsutstyr for \u00e5 oppfylle l\u00f8ps- eller forsikringskrav<\/p>\n<\/li>\n<li data-start=\"2419\" data-end=\"2474\">\n<p data-start=\"2421\" data-end=\"2474\">RYA-studenter og yachteiere uten innebygde EPIRB-er<\/p>\n<\/li>\n<\/ul>\n<h3 data-start=\"727\" data-end=\"780\"><strong data-start=\"734\" data-end=\"780\">Hva som er inkludert og hvordan det st\u00f8tter redning<\/strong><\/h3>\n<h4 data-start=\"782\" data-end=\"825\"><strong data-start=\"787\" data-end=\"823\">1 \u00d7 Ocean Signal EPIRB2 med NFC<\/strong><\/h4>\n<p data-start=\"826\" data-end=\"849\">Enten du er langs kysten eller begir deg ut for havs, sikrer denne EPIRB-en global rekkevidde med moderne teknologi, alt i en kompakt og brukervennlig enhet.<br \/>\n Utsalgspris: 549,99 \u00a3<\/p>\n<p data-start=\"826\" data-end=\"849\"><img loading=\"lazy\" decoding=\"async\" class=\"alignnone size-medium wp-image-1118\" src=\"https:\/\/oceansignal.com\/wp-content\/uploads\/2023\/09\/EPIRB2-FRONT-72-300x300.png\" alt=\"Ocean Signal rescueME EPIRB2 med Return Link Service - hjelper til med effektive redningsoperasjoner\" width=\"300\" height=\"300\" srcset=\"https:\/\/oceansignal.com\/wp-content\/uploads\/2023\/09\/EPIRB2-FRONT-72-300x300.png 300w, https:\/\/oceansignal.com\/wp-content\/uploads\/2023\/09\/EPIRB2-FRONT-72-150x150.png 150w, https:\/\/oceansignal.com\/wp-content\/uploads\/2023\/09\/EPIRB2-FRONT-72-100x100.png 100w, https:\/\/oceansignal.com\/wp-content\/uploads\/2023\/09\/EPIRB2-FRONT-72.png 411w\" sizes=\"auto, (max-width: 300px) 100vw, 300px\" \/><\/p>\n<p data-start=\"851\" data-end=\"1068\">En kraftig n\u00f8dradiosender i kategori II p\u00e5 406 MHz som kobler deg til det globale Cospas-Sarsat-satellittnettverket p\u00e5 f\u00e5 minutter. Inkluderer Return Link Service (RLS) og smarttelefontilkobling via NFC. <\/p>\n<ul data-start=\"1070\" data-end=\"1259\">\n<li data-start=\"1070\" data-end=\"1096\">\n<p data-start=\"1072\" data-end=\"1096\">Verdensomspennende SAR-varsling<\/p>\n<\/li>\n<li data-start=\"1131\" data-end=\"1181\">\n<p data-start=\"1133\" data-end=\"1181\">RLS bekrefter at n\u00f8dsignalet ditt ble mottatt<\/p>\n<\/li>\n<li data-start=\"1182\" data-end=\"1222\">\n<p data-start=\"1184\" data-end=\"1222\">Smarttelefonapp for testing og oppsett<\/p>\n<\/li>\n<li data-start=\"1223\" data-end=\"1259\">\n<p data-start=\"1225\" data-end=\"1259\">Manuell brakett (kat. II) inkludert<\/p>\n<\/li>\n<\/ul>\n<hr data-start=\"1423\" data-end=\"1426\">\n<h4 data-start=\"1428\" data-end=\"1470\"><strong data-start=\"1433\" data-end=\"1468\">1 \u00d7 ACR Signalspeil og fl\u00f8yte<\/strong><\/h4>\n<p data-start=\"1471\" data-end=\"1493\">Viktige verkt\u00f8y for \u00e5 hjelpe til med endelig stedsidentifisering n\u00e5r hjelpen er p\u00e5 stedet.<br \/>\n Butikkpris: 10,99 \u00a3<\/p>\n<p data-start=\"1471\" data-end=\"1493\"><img loading=\"lazy\" decoding=\"async\" class=\"alignnone wp-image-31407 size-medium\" src=\"https:\/\/oceansignal.com\/wp-content\/uploads\/2025\/06\/Grab_Bag_EPIRB1_Kit-e1752085331562-300x131.png\" alt=\"\" width=\"300\" height=\"131\" srcset=\"https:\/\/oceansignal.com\/wp-content\/uploads\/2025\/06\/Grab_Bag_EPIRB1_Kit-e1752085331562-300x131.png 300w, https:\/\/oceansignal.com\/wp-content\/uploads\/2025\/06\/Grab_Bag_EPIRB1_Kit-e1752085331562-60x26.png 60w, https:\/\/oceansignal.com\/wp-content\/uploads\/2025\/06\/Grab_Bag_EPIRB1_Kit-e1752085331562-110x48.png 110w, https:\/\/oceansignal.com\/wp-content\/uploads\/2025\/06\/Grab_Bag_EPIRB1_Kit-e1752085331562.png 344w\" sizes=\"auto, (max-width: 300px) 100vw, 300px\" \/><\/p>\n<p data-start=\"1495\" data-end=\"1589\">Enkle, men effektive visuelle og h\u00f8rbare signalverkt\u00f8y, flotte for redningsst\u00f8tte p\u00e5 n\u00e6rt hold.<\/p>\n<ul data-start=\"1591\" data-end=\"1704\">\n<li data-start=\"1591\" data-end=\"1650\">\n<p data-start=\"1593\" data-end=\"1650\">H\u00f8yreflekterende kompakt speil for visuelle signaler i dagslys \u2013 konstruert for \u00e5 reflektere sollys over lange avstander, ideelt for \u00e5 fange oppmerksomheten til passerende fart\u00f8y eller fly<\/p>\n<\/li>\n<li data-start=\"1651\" data-end=\"1704\">\n<p data-start=\"1653\" data-end=\"1704\">H\u00f8y, lydl\u00f8s fl\u00f8yte for h\u00f8rbar varsling p\u00e5 kort avstand<\/p>\n<\/li>\n<\/ul>\n<hr data-start=\"1810\" data-end=\"1813\">\n<h4 data-start=\"1815\" data-end=\"1862\"><strong data-start=\"1820\" data-end=\"1860\">1 \u00d7 Ocean Signal vanntett gripeveske<\/strong><\/h4>\n<p data-start=\"1863\" data-end=\"1886\"><em data-start=\"1863\" data-end=\"1886\">N\u00f8dsituasjoner skjer raskt \u2013 denne vesken s\u00f8rger for at du ogs\u00e5 kan.<br \/>\n Utsalgspris: 129,99 \u00a3<\/em><\/p>\n<p data-start=\"1863\" data-end=\"1886\"><img loading=\"lazy\" decoding=\"async\" class=\"alignnone wp-image-31455 \" src=\"https:\/\/oceansignal.com\/wp-content\/uploads\/2025\/06\/Grab_Bag-300x200.webp\" alt=\"\" width=\"387\" height=\"258\" srcset=\"https:\/\/oceansignal.com\/wp-content\/uploads\/2025\/06\/Grab_Bag-300x200.webp 300w, https:\/\/oceansignal.com\/wp-content\/uploads\/2025\/06\/Grab_Bag-1024x683.webp 1024w, https:\/\/oceansignal.com\/wp-content\/uploads\/2025\/06\/Grab_Bag-768x512.webp 768w, https:\/\/oceansignal.com\/wp-content\/uploads\/2025\/06\/Grab_Bag-600x400.webp 600w, https:\/\/oceansignal.com\/wp-content\/uploads\/2025\/06\/Grab_Bag-60x40.webp 60w, https:\/\/oceansignal.com\/wp-content\/uploads\/2025\/06\/Grab_Bag-110x73.webp 110w, https:\/\/oceansignal.com\/wp-content\/uploads\/2025\/06\/Grab_Bag.webp 1234w\" sizes=\"auto, (max-width: 387px) 100vw, 387px\" \/><\/p>\n<p data-start=\"1888\" data-end=\"2000\">En robust, vanntett t\u00f8rrveske som holder n\u00f8dutstyret ditt samlet, t\u00f8rt og tilgjengelig n\u00e5r du trenger det som mest.<\/p>\n<ul data-start=\"2002\" data-end=\"2122\">\n<li data-start=\"2002\" data-end=\"2039\">\n<p data-start=\"2004\" data-end=\"2039\">Flytende design med h\u00f8y synlighet<\/p>\n<\/li>\n<li data-start=\"2040\" data-end=\"2075\">\n<p data-start=\"2042\" data-end=\"2075\">Holdbar for offshore-forhold<\/p>\n<\/li>\n<li data-start=\"2076\" data-end=\"2122\">\n<p data-start=\"2078\" data-end=\"2122\">Plass til n\u00f8dbluss, elektroniske fakler, dokumenter og mer<\/p>\n<\/li>\n<\/ul>\n","protected":false},"excerpt":{"rendered":"<p><strong data-start=\"336\" data-end=\"374\">En solid inngang til seri\u00f8s sikkerhet.<br \/>\n<\/strong><br data-start=\"374\" data-end=\"377\"> <strong data-start=\"381\" data-end=\"395\">EPIRB2-settet<\/strong> er en smart og str\u00f8mlinjeformet gripeveske for seilere som \u00f8nsker et enkelt, regelmessig n\u00f8doppsett bygget rundt Ocean Signals nyeste EPIRB med NFC-tilkobling. Enten du forbereder deg p\u00e5 din f\u00f8rste offshore-reise eller oppgraderer et utdatert oppsett, dekker dette settet det viktigste \u2013 uten \u00e5 komplisere ting for mye. <\/p>\n<p>Total settverdi ved veiledende pris: 690,97 \u00a3 Spar 110 \u00a3 med dette settet!<\/p>\n","protected":false},"featured_media":31380,"template":"","meta":{"_acf_changed":false,"om_disable_all_campaigns":false},"product_brand":[],"product_cat":[1670,607],"product_tag":[1671,1698],"class_list":{"0":"post-31966","1":"product","2":"type-product","3":"status-publish","4":"has-post-thumbnail","6":"product_cat-sikkerhetssett-no","7":"product_cat-rescueme-no","8":"product_tag-grab-bag-no","9":"product_tag-sikkerhetssett-no-2","11":"first","12":"instock","13":"taxable","14":"shipping-taxable","15":"purchasable","16":"product-type-simple"},"acf":[],"yoast_head":"<!-- This site is optimized with the Yoast SEO Premium plugin v25.2 (Yoast SEO v26.4) - https:\/\/yoast.com\/wordpress\/plugins\/seo\/ -->\n<title>EPIRB2 Sikkerhetssett for seilere - Ocean Signal<\/title>\n<meta name=\"robots\" content=\"index, follow, max-snippet:-1, max-image-preview:large, max-video-preview:-1\" \/>\n<link rel=\"canonical\" href=\"https:\/\/oceansignal.com\/no\/products\/epirb2-sikkerhetssett\/\" \/>\n<meta property=\"og:locale\" content=\"nb_NO\" \/>\n<meta property=\"og:type\" content=\"article\" \/>\n<meta property=\"og:title\" content=\"EPIRB2 Sikkerhetssett for seilere\" \/>\n<meta property=\"og:description\" content=\"En solid inngang til seri\u00f8s sikkerhet. EPIRB2-settet er en smart og str\u00f8mlinjeformet gripeveske for seilere som \u00f8nsker et enkelt, regelmessig n\u00f8doppsett bygget rundt Ocean Signals nyeste EPIRB med NFC-tilkobling. Enten du forbereder deg p\u00e5 din f\u00f8rste offshore-reise eller oppgraderer et utdatert oppsett, dekker dette settet det viktigste \u2013 uten \u00e5 komplisere ting for mye.  Total settverdi ved veiledende pris: 690,97 \u00a3 Spar 110 \u00a3 med dette settet!\" \/>\n<meta property=\"og:url\" content=\"https:\/\/oceansignal.com\/no\/products\/epirb2-sikkerhetssett\/\" \/>\n<meta property=\"og:site_name\" content=\"Ocean Signal\" \/>\n<meta property=\"article:modified_time\" content=\"2025-10-01T07:57:33+00:00\" \/>\n<meta property=\"og:image\" content=\"https:\/\/oceansignal.com\/wp-content\/uploads\/2025\/06\/Grab_Bag_EPIRB2_Kit-1.jpg\" \/>\n\t<meta property=\"og:image:width\" content=\"911\" \/>\n\t<meta property=\"og:image:height\" content=\"805\" \/>\n\t<meta property=\"og:image:type\" content=\"image\/jpeg\" \/>\n<meta name=\"twitter:card\" content=\"summary_large_image\" \/>\n<meta name=\"twitter:label1\" content=\"Ansl. lesetid\" \/>\n\t<meta name=\"twitter:data1\" content=\"2 minutter\" \/>\n<script type=\"application\/ld+json\" class=\"yoast-schema-graph\">{\"@context\":\"https:\/\/schema.org\",\"@graph\":[{\"@type\":\"WebPage\",\"@id\":\"https:\/\/oceansignal.com\/no\/products\/epirb2-sikkerhetssett\/\",\"url\":\"https:\/\/oceansignal.com\/no\/products\/epirb2-sikkerhetssett\/\",\"name\":\"EPIRB2 Sikkerhetssett for seilere - Ocean Signal\",\"isPartOf\":{\"@id\":\"https:\/\/oceansignal.com\/no\/#website\"},\"primaryImageOfPage\":{\"@id\":\"https:\/\/oceansignal.com\/no\/products\/epirb2-sikkerhetssett\/#primaryimage\"},\"image\":{\"@id\":\"https:\/\/oceansignal.com\/no\/products\/epirb2-sikkerhetssett\/#primaryimage\"},\"thumbnailUrl\":\"https:\/\/oceansignal.com\/wp-content\/uploads\/2025\/06\/Grab_Bag_EPIRB2_Kit-1.jpg\",\"datePublished\":\"2025-06-24T09:45:57+00:00\",\"dateModified\":\"2025-10-01T07:57:33+00:00\",\"breadcrumb\":{\"@id\":\"https:\/\/oceansignal.com\/no\/products\/epirb2-sikkerhetssett\/#breadcrumb\"},\"inLanguage\":\"nb-NO\",\"potentialAction\":[{\"@type\":\"ReadAction\",\"target\":[\"https:\/\/oceansignal.com\/no\/products\/epirb2-sikkerhetssett\/\"]}]},{\"@type\":\"ImageObject\",\"inLanguage\":\"nb-NO\",\"@id\":\"https:\/\/oceansignal.com\/no\/products\/epirb2-sikkerhetssett\/#primaryimage\",\"url\":\"https:\/\/oceansignal.com\/wp-content\/uploads\/2025\/06\/Grab_Bag_EPIRB2_Kit-1.jpg\",\"contentUrl\":\"https:\/\/oceansignal.com\/wp-content\/uploads\/2025\/06\/Grab_Bag_EPIRB2_Kit-1.jpg\",\"width\":911,\"height\":805},{\"@type\":\"BreadcrumbList\",\"@id\":\"https:\/\/oceansignal.com\/no\/products\/epirb2-sikkerhetssett\/#breadcrumb\",\"itemListElement\":[{\"@type\":\"ListItem\",\"position\":1,\"name\":\"Shop\",\"item\":\"https:\/\/oceansignal.com\/no\/shop\/\"},{\"@type\":\"ListItem\",\"position\":2,\"name\":\"EPIRB2 Sikkerhetssett for seilere\"}]},{\"@type\":\"WebSite\",\"@id\":\"https:\/\/oceansignal.com\/no\/#website\",\"url\":\"https:\/\/oceansignal.com\/no\/\",\"name\":\"Ocean Signal\",\"description\":\"A leading manufacturer of EPIRBs, AIS, SARTs, Personal Locator Beacons, Man Overboard Beacon for the Marine and Outdoor Markets.\",\"potentialAction\":[{\"@type\":\"SearchAction\",\"target\":{\"@type\":\"EntryPoint\",\"urlTemplate\":\"https:\/\/oceansignal.com\/no\/?s={search_term_string}\"},\"query-input\":{\"@type\":\"PropertyValueSpecification\",\"valueRequired\":true,\"valueName\":\"search_term_string\"}}],\"inLanguage\":\"nb-NO\"}]}<\/script>\n<!-- \/ Yoast SEO Premium plugin. -->","yoast_head_json":{"title":"EPIRB2 Sikkerhetssett for seilere - Ocean Signal","robots":{"index":"index","follow":"follow","max-snippet":"max-snippet:-1","max-image-preview":"max-image-preview:large","max-video-preview":"max-video-preview:-1"},"canonical":"https:\/\/oceansignal.com\/no\/products\/epirb2-sikkerhetssett\/","og_locale":"nb_NO","og_type":"article","og_title":"EPIRB2 Sikkerhetssett for seilere","og_description":"En solid inngang til seri\u00f8s sikkerhet. EPIRB2-settet er en smart og str\u00f8mlinjeformet gripeveske for seilere som \u00f8nsker et enkelt, regelmessig n\u00f8doppsett bygget rundt Ocean Signals nyeste EPIRB med NFC-tilkobling. Enten du forbereder deg p\u00e5 din f\u00f8rste offshore-reise eller oppgraderer et utdatert oppsett, dekker dette settet det viktigste \u2013 uten \u00e5 komplisere ting for mye.  Total settverdi ved veiledende pris: 690,97 \u00a3 Spar 110 \u00a3 med dette settet!","og_url":"https:\/\/oceansignal.com\/no\/products\/epirb2-sikkerhetssett\/","og_site_name":"Ocean Signal","article_modified_time":"2025-10-01T07:57:33+00:00","og_image":[{"width":911,"height":805,"url":"https:\/\/oceansignal.com\/wp-content\/uploads\/2025\/06\/Grab_Bag_EPIRB2_Kit-1.jpg","type":"image\/jpeg"}],"twitter_card":"summary_large_image","twitter_misc":{"Ansl. lesetid":"2 minutter"},"schema":{"@context":"https:\/\/schema.org","@graph":[{"@type":"WebPage","@id":"https:\/\/oceansignal.com\/no\/products\/epirb2-sikkerhetssett\/","url":"https:\/\/oceansignal.com\/no\/products\/epirb2-sikkerhetssett\/","name":"EPIRB2 Sikkerhetssett for seilere - Ocean Signal","isPartOf":{"@id":"https:\/\/oceansignal.com\/no\/#website"},"primaryImageOfPage":{"@id":"https:\/\/oceansignal.com\/no\/products\/epirb2-sikkerhetssett\/#primaryimage"},"image":{"@id":"https:\/\/oceansignal.com\/no\/products\/epirb2-sikkerhetssett\/#primaryimage"},"thumbnailUrl":"https:\/\/oceansignal.com\/wp-content\/uploads\/2025\/06\/Grab_Bag_EPIRB2_Kit-1.jpg","datePublished":"2025-06-24T09:45:57+00:00","dateModified":"2025-10-01T07:57:33+00:00","breadcrumb":{"@id":"https:\/\/oceansignal.com\/no\/products\/epirb2-sikkerhetssett\/#breadcrumb"},"inLanguage":"nb-NO","potentialAction":[{"@type":"ReadAction","target":["https:\/\/oceansignal.com\/no\/products\/epirb2-sikkerhetssett\/"]}]},{"@type":"ImageObject","inLanguage":"nb-NO","@id":"https:\/\/oceansignal.com\/no\/products\/epirb2-sikkerhetssett\/#primaryimage","url":"https:\/\/oceansignal.com\/wp-content\/uploads\/2025\/06\/Grab_Bag_EPIRB2_Kit-1.jpg","contentUrl":"https:\/\/oceansignal.com\/wp-content\/uploads\/2025\/06\/Grab_Bag_EPIRB2_Kit-1.jpg","width":911,"height":805},{"@type":"BreadcrumbList","@id":"https:\/\/oceansignal.com\/no\/products\/epirb2-sikkerhetssett\/#breadcrumb","itemListElement":[{"@type":"ListItem","position":1,"name":"Shop","item":"https:\/\/oceansignal.com\/no\/shop\/"},{"@type":"ListItem","position":2,"name":"EPIRB2 Sikkerhetssett for seilere"}]},{"@type":"WebSite","@id":"https:\/\/oceansignal.com\/no\/#website","url":"https:\/\/oceansignal.com\/no\/","name":"Ocean Signal","description":"A leading manufacturer of EPIRBs, AIS, SARTs, Personal Locator Beacons, Man Overboard Beacon for the Marine and Outdoor Markets.","potentialAction":[{"@type":"SearchAction","target":{"@type":"EntryPoint","urlTemplate":"https:\/\/oceansignal.com\/no\/?s={search_term_string}"},"query-input":{"@type":"PropertyValueSpecification","valueRequired":true,"valueName":"search_term_string"}}],"inLanguage":"nb-NO"}]}},"_links":{"self":[{"href":"https:\/\/oceansignal.com\/no\/wp-json\/wp\/v2\/product\/31966","targetHints":{"allow":["GET"]}}],"collection":[{"href":"https:\/\/oceansignal.com\/no\/wp-json\/wp\/v2\/product"}],"about":[{"href":"https:\/\/oceansignal.com\/no\/wp-json\/wp\/v2\/types\/product"}],"wp:featuredmedia":[{"embeddable":true,"href":"https:\/\/oceansignal.com\/no\/wp-json\/wp\/v2\/media\/31380"}],"wp:attachment":[{"href":"https:\/\/oceansignal.com\/no\/wp-json\/wp\/v2\/media?parent=31966"}],"wp:term":[{"taxonomy":"product_brand","embeddable":true,"href":"https:\/\/oceansignal.com\/no\/wp-json\/wp\/v2\/product_brand?post=31966"},{"taxonomy":"product_cat","embeddable":true,"href":"https:\/\/oceansignal.com\/no\/wp-json\/wp\/v2\/product_cat?post=31966"},{"taxonomy":"product_tag","embeddable":true,"href":"https:\/\/oceansignal.com\/no\/wp-json\/wp\/v2\/product_tag?post=31966"}],"curies":[{"name":"wp","href":"https:\/\/api.w.org\/{rel}","templated":true}]}}