{"id":34637,"date":"2025-09-09T07:40:07","date_gmt":"2025-09-09T07:40:07","guid":{"rendered":"https:\/\/oceansignal.com\/products\/plb1-flytepose\/"},"modified":"2025-09-09T07:40:07","modified_gmt":"2025-09-09T07:40:07","slug":"plb1-flytepose","status":"publish","type":"product","link":"https:\/\/oceansignal.com\/no\/products\/plb1-flytepose\/","title":{"rendered":"PLB1 Flytepose"},"content":{"rendered":"<ul>\n<li>Gir oppdrift til rescueME PLB1 n\u00e5r den er montert<\/li>\n<li>Tettsittende og holder PLB1-en din i drift<\/li>\n<li>Kompatibel med Ocean Signal rescueME PLB1 (730S-01261)<\/li>\n<\/ul>\n","protected":false},"excerpt":{"rendered":"<p>rescueME PLB1 flytepose* gir PLB1-en din oppdrift slik at den flyter, noe som gj\u00f8r det mulig \u00e5 komme seg opp igjen n\u00e5r den slippes i vann. Med flyteposen montert, forblir PLB1-en din fullt funksjonell. <\/p>\n<p><em>*rescueMe PLB1 vist p\u00e5 bildet er ikke inkludert og selges separat.<\/em><\/p>\n","protected":false},"featured_media":34217,"template":"","meta":{"_acf_changed":false,"om_disable_all_campaigns":false},"product_brand":[],"product_cat":[1820,607],"product_tag":[1822,1038,1821],"class_list":{"0":"post-34637","1":"product","2":"type-product","3":"status-publish","4":"has-post-thumbnail","6":"product_cat-tilbehor-no","7":"product_cat-rescueme-no","8":"product_tag-flytepose-no","9":"product_tag-plb1-no","10":"product_tag-plb1-veske-no","12":"first","13":"instock","14":"taxable","15":"shipping-taxable","16":"purchasable","17":"product-type-simple"},"acf":[],"yoast_head":"<!-- This site is optimized with the Yoast SEO Premium plugin v25.2 (Yoast SEO v26.4) - https:\/\/yoast.com\/wordpress\/plugins\/seo\/ -->\n<title>PLB1 Flytepose - Ocean Signal<\/title>\n<meta name=\"robots\" content=\"index, follow, max-snippet:-1, max-image-preview:large, max-video-preview:-1\" \/>\n<link rel=\"canonical\" href=\"https:\/\/oceansignal.com\/no\/products\/plb1-flytepose\/\" \/>\n<meta property=\"og:locale\" content=\"nb_NO\" \/>\n<meta property=\"og:type\" content=\"article\" \/>\n<meta property=\"og:title\" content=\"PLB1 Flytepose\" \/>\n<meta property=\"og:description\" content=\"rescueME PLB1 flytepose* gir PLB1-en din oppdrift slik at den flyter, noe som gj\u00f8r det mulig \u00e5 komme seg opp igjen n\u00e5r den slippes i vann. Med flyteposen montert, forblir PLB1-en din fullt funksjonell.  *rescueMe PLB1 vist p\u00e5 bildet er ikke inkludert og selges separat.\" \/>\n<meta property=\"og:url\" content=\"https:\/\/oceansignal.com\/no\/products\/plb1-flytepose\/\" \/>\n<meta property=\"og:site_name\" content=\"Ocean Signal\" \/>\n<meta property=\"og:image\" content=\"https:\/\/oceansignal.com\/wp-content\/uploads\/2025\/09\/OSL-PLB1-Pouch-Left-Angle.jpg\" \/>\n\t<meta property=\"og:image:width\" content=\"2000\" \/>\n\t<meta property=\"og:image:height\" content=\"2000\" \/>\n\t<meta property=\"og:image:type\" content=\"image\/jpeg\" \/>\n<meta name=\"twitter:card\" content=\"summary_large_image\" \/>\n<script type=\"application\/ld+json\" class=\"yoast-schema-graph\">{\"@context\":\"https:\/\/schema.org\",\"@graph\":[{\"@type\":\"WebPage\",\"@id\":\"https:\/\/oceansignal.com\/no\/products\/plb1-flytepose\/\",\"url\":\"https:\/\/oceansignal.com\/no\/products\/plb1-flytepose\/\",\"name\":\"PLB1 Flytepose - Ocean Signal\",\"isPartOf\":{\"@id\":\"https:\/\/oceansignal.com\/no\/#website\"},\"primaryImageOfPage\":{\"@id\":\"https:\/\/oceansignal.com\/no\/products\/plb1-flytepose\/#primaryimage\"},\"image\":{\"@id\":\"https:\/\/oceansignal.com\/no\/products\/plb1-flytepose\/#primaryimage\"},\"thumbnailUrl\":\"https:\/\/oceansignal.com\/wp-content\/uploads\/2025\/09\/OSL-PLB1-Pouch-Left-Angle.jpg\",\"datePublished\":\"2025-09-09T07:40:07+00:00\",\"breadcrumb\":{\"@id\":\"https:\/\/oceansignal.com\/no\/products\/plb1-flytepose\/#breadcrumb\"},\"inLanguage\":\"nb-NO\",\"potentialAction\":[{\"@type\":\"ReadAction\",\"target\":[\"https:\/\/oceansignal.com\/no\/products\/plb1-flytepose\/\"]}]},{\"@type\":\"ImageObject\",\"inLanguage\":\"nb-NO\",\"@id\":\"https:\/\/oceansignal.com\/no\/products\/plb1-flytepose\/#primaryimage\",\"url\":\"https:\/\/oceansignal.com\/wp-content\/uploads\/2025\/09\/OSL-PLB1-Pouch-Left-Angle.jpg\",\"contentUrl\":\"https:\/\/oceansignal.com\/wp-content\/uploads\/2025\/09\/OSL-PLB1-Pouch-Left-Angle.jpg\",\"width\":2000,\"height\":2000},{\"@type\":\"BreadcrumbList\",\"@id\":\"https:\/\/oceansignal.com\/no\/products\/plb1-flytepose\/#breadcrumb\",\"itemListElement\":[{\"@type\":\"ListItem\",\"position\":1,\"name\":\"Shop\",\"item\":\"https:\/\/oceansignal.com\/no\/shop\/\"},{\"@type\":\"ListItem\",\"position\":2,\"name\":\"PLB1 Flytepose\"}]},{\"@type\":\"WebSite\",\"@id\":\"https:\/\/oceansignal.com\/no\/#website\",\"url\":\"https:\/\/oceansignal.com\/no\/\",\"name\":\"Ocean Signal\",\"description\":\"A leading manufacturer of EPIRBs, AIS, SARTs, Personal Locator Beacons, Man Overboard Beacon for the Marine and Outdoor Markets.\",\"potentialAction\":[{\"@type\":\"SearchAction\",\"target\":{\"@type\":\"EntryPoint\",\"urlTemplate\":\"https:\/\/oceansignal.com\/no\/?s={search_term_string}\"},\"query-input\":{\"@type\":\"PropertyValueSpecification\",\"valueRequired\":true,\"valueName\":\"search_term_string\"}}],\"inLanguage\":\"nb-NO\"}]}<\/script>\n<!-- \/ Yoast SEO Premium plugin. -->","yoast_head_json":{"title":"PLB1 Flytepose - Ocean Signal","robots":{"index":"index","follow":"follow","max-snippet":"max-snippet:-1","max-image-preview":"max-image-preview:large","max-video-preview":"max-video-preview:-1"},"canonical":"https:\/\/oceansignal.com\/no\/products\/plb1-flytepose\/","og_locale":"nb_NO","og_type":"article","og_title":"PLB1 Flytepose","og_description":"rescueME PLB1 flytepose* gir PLB1-en din oppdrift slik at den flyter, noe som gj\u00f8r det mulig \u00e5 komme seg opp igjen n\u00e5r den slippes i vann. Med flyteposen montert, forblir PLB1-en din fullt funksjonell.  *rescueMe PLB1 vist p\u00e5 bildet er ikke inkludert og selges separat.","og_url":"https:\/\/oceansignal.com\/no\/products\/plb1-flytepose\/","og_site_name":"Ocean Signal","og_image":[{"width":2000,"height":2000,"url":"https:\/\/oceansignal.com\/wp-content\/uploads\/2025\/09\/OSL-PLB1-Pouch-Left-Angle.jpg","type":"image\/jpeg"}],"twitter_card":"summary_large_image","schema":{"@context":"https:\/\/schema.org","@graph":[{"@type":"WebPage","@id":"https:\/\/oceansignal.com\/no\/products\/plb1-flytepose\/","url":"https:\/\/oceansignal.com\/no\/products\/plb1-flytepose\/","name":"PLB1 Flytepose - Ocean Signal","isPartOf":{"@id":"https:\/\/oceansignal.com\/no\/#website"},"primaryImageOfPage":{"@id":"https:\/\/oceansignal.com\/no\/products\/plb1-flytepose\/#primaryimage"},"image":{"@id":"https:\/\/oceansignal.com\/no\/products\/plb1-flytepose\/#primaryimage"},"thumbnailUrl":"https:\/\/oceansignal.com\/wp-content\/uploads\/2025\/09\/OSL-PLB1-Pouch-Left-Angle.jpg","datePublished":"2025-09-09T07:40:07+00:00","breadcrumb":{"@id":"https:\/\/oceansignal.com\/no\/products\/plb1-flytepose\/#breadcrumb"},"inLanguage":"nb-NO","potentialAction":[{"@type":"ReadAction","target":["https:\/\/oceansignal.com\/no\/products\/plb1-flytepose\/"]}]},{"@type":"ImageObject","inLanguage":"nb-NO","@id":"https:\/\/oceansignal.com\/no\/products\/plb1-flytepose\/#primaryimage","url":"https:\/\/oceansignal.com\/wp-content\/uploads\/2025\/09\/OSL-PLB1-Pouch-Left-Angle.jpg","contentUrl":"https:\/\/oceansignal.com\/wp-content\/uploads\/2025\/09\/OSL-PLB1-Pouch-Left-Angle.jpg","width":2000,"height":2000},{"@type":"BreadcrumbList","@id":"https:\/\/oceansignal.com\/no\/products\/plb1-flytepose\/#breadcrumb","itemListElement":[{"@type":"ListItem","position":1,"name":"Shop","item":"https:\/\/oceansignal.com\/no\/shop\/"},{"@type":"ListItem","position":2,"name":"PLB1 Flytepose"}]},{"@type":"WebSite","@id":"https:\/\/oceansignal.com\/no\/#website","url":"https:\/\/oceansignal.com\/no\/","name":"Ocean Signal","description":"A leading manufacturer of EPIRBs, AIS, SARTs, Personal Locator Beacons, Man Overboard Beacon for the Marine and Outdoor Markets.","potentialAction":[{"@type":"SearchAction","target":{"@type":"EntryPoint","urlTemplate":"https:\/\/oceansignal.com\/no\/?s={search_term_string}"},"query-input":{"@type":"PropertyValueSpecification","valueRequired":true,"valueName":"search_term_string"}}],"inLanguage":"nb-NO"}]}},"_links":{"self":[{"href":"https:\/\/oceansignal.com\/no\/wp-json\/wp\/v2\/product\/34637","targetHints":{"allow":["GET"]}}],"collection":[{"href":"https:\/\/oceansignal.com\/no\/wp-json\/wp\/v2\/product"}],"about":[{"href":"https:\/\/oceansignal.com\/no\/wp-json\/wp\/v2\/types\/product"}],"wp:featuredmedia":[{"embeddable":true,"href":"https:\/\/oceansignal.com\/no\/wp-json\/wp\/v2\/media\/34217"}],"wp:attachment":[{"href":"https:\/\/oceansignal.com\/no\/wp-json\/wp\/v2\/media?parent=34637"}],"wp:term":[{"taxonomy":"product_brand","embeddable":true,"href":"https:\/\/oceansignal.com\/no\/wp-json\/wp\/v2\/product_brand?post=34637"},{"taxonomy":"product_cat","embeddable":true,"href":"https:\/\/oceansignal.com\/no\/wp-json\/wp\/v2\/product_cat?post=34637"},{"taxonomy":"product_tag","embeddable":true,"href":"https:\/\/oceansignal.com\/no\/wp-json\/wp\/v2\/product_tag?post=34637"}],"curies":[{"name":"wp","href":"https:\/\/api.w.org\/{rel}","templated":true}]}}