{"id":38767,"date":"2025-10-23T12:51:41","date_gmt":"2025-10-23T12:51:41","guid":{"rendered":"https:\/\/oceansignal.com\/products\/ocean-signal-torrveske\/"},"modified":"2025-10-23T12:51:41","modified_gmt":"2025-10-23T12:51:41","slug":"ocean-signal-torrveske","status":"publish","type":"product","link":"https:\/\/oceansignal.com\/no\/products\/ocean-signal-torrveske\/","title":{"rendered":"Ocean Signal t\u00f8rrveske"},"content":{"rendered":"<p><strong>Kompakt vanntett t\u00f8rrpose<\/strong><\/p>\n<p data-start=\"201\" data-end=\"599\">Perfekt for padlebrett, kajakkpadling, strandturer eller andre utend\u00f8rseventyr. Denne lille vanntette t\u00f8rrvesken holder dine viktigste eiendeler trygge, t\u00f8rre og beskyttet mot elementene. Laget av slitesterke, vanntette materialer, har den en rullelukking som forsegler vann, sand og skitt. \u200b\u200bLett og flytende, den flyter til og med hvis den mistes i vann \u2013 noe som gj\u00f8r den ideell for bruk p\u00e5 innsj\u00f8er, elver eller i havet.  <\/p>\n<p data-start=\"601\" data-end=\"838\">Enten du pakker telefonen, n\u00f8klene, snacks eller et skift av kl\u00e6r, er denne t\u00f8rrsekken designet for bekvemmelighet og trygghet. Fest den til utstyret ditt eller b\u00e6r den alene \u2013 eiendelene dine holder seg t\u00f8rre, uansett hvor reisen tar deg. <\/p>\n<p data-start=\"840\" data-end=\"857\"><strong data-start=\"840\" data-end=\"857\">Viktige funksjoner:<\/strong><\/p>\n<ul data-start=\"858\" data-end=\"1135\">\n<li data-start=\"858\" data-end=\"913\">\n<p data-start=\"860\" data-end=\"913\">100 % vanntett design med sikker rullelukking<\/p>\n<\/li>\n<li data-start=\"981\" data-end=\"1024\">\n<p data-start=\"983\" data-end=\"1024\">Lett og kompakt for enkel reise<\/p>\n<\/li>\n<li data-start=\"1025\" data-end=\"1078\">\n<p data-start=\"1027\" data-end=\"1078\">Slitesterk konstruksjon bygget for utend\u00f8rsforhold<\/p>\n<\/li>\n<li data-start=\"1079\" data-end=\"1135\">\n<p data-start=\"1081\" data-end=\"1135\">Ideell for \u00e5 holde verdisaker t\u00f8rre under ethvert eventyr<\/p>\n<\/li>\n<li data-start=\"1079\" data-end=\"1135\">M\u00e5l: 7,5 x 14,75 (TOMMER)<\/li>\n<\/ul>\n","protected":false},"excerpt":{"rendered":"<p>Hold det viktigste t\u00f8rt og trygt med denne kompakte, <strong>vanntette<\/strong> t\u00f8rrvesken \u2013 perfekt for padlebrett, kajakkpadling, strandturer og alle dine utend\u00f8rseventyr. Denne vanntette oppbevaringsl\u00f8sningen fungerer ogs\u00e5 som en flyteveske for utstyr, og tilbyr lett beskyttelse uten \u00e5 v\u00e6re klumpete. Den er solid bygget for enhver reise, og er et slitesterkt reisef\u00f8lge du kan stole p\u00e5. Enten du er ute p\u00e5 vannet eller p\u00e5 stier, er dette et viktig stykke eventyrutstyr som flyter for ekstra trygghet.   <\/p>\n","protected":false},"featured_media":37444,"template":"","meta":{"_acf_changed":false,"om_disable_all_campaigns":false},"product_brand":[],"product_cat":[1820],"product_tag":[1708,1951],"class_list":{"0":"post-38767","1":"product","2":"type-product","3":"status-publish","4":"has-post-thumbnail","6":"product_cat-tilbehor-no","7":"product_tag-groftepose-no","8":"product_tag-torrpose","10":"first","11":"outofstock","12":"taxable","13":"shipping-taxable","14":"purchasable","15":"product-type-simple"},"acf":[],"yoast_head":"<!-- This site is optimized with the Yoast SEO Premium plugin v25.2 (Yoast SEO v26.4) - https:\/\/yoast.com\/wordpress\/plugins\/seo\/ -->\n<title>Ocean Signal t\u00f8rrveske - Ocean Signal<\/title>\n<meta name=\"robots\" content=\"index, follow, max-snippet:-1, max-image-preview:large, max-video-preview:-1\" \/>\n<link rel=\"canonical\" href=\"https:\/\/oceansignal.com\/no\/products\/ocean-signal-torrveske\/\" \/>\n<meta property=\"og:locale\" content=\"nb_NO\" \/>\n<meta property=\"og:type\" content=\"article\" \/>\n<meta property=\"og:title\" content=\"Ocean Signal t\u00f8rrveske\" \/>\n<meta property=\"og:description\" content=\"Hold det viktigste t\u00f8rt og trygt med denne kompakte, vanntette t\u00f8rrvesken \u2013 perfekt for padlebrett, kajakkpadling, strandturer og alle dine utend\u00f8rseventyr. Denne vanntette oppbevaringsl\u00f8sningen fungerer ogs\u00e5 som en flyteveske for utstyr, og tilbyr lett beskyttelse uten \u00e5 v\u00e6re klumpete. Den er solid bygget for enhver reise, og er et slitesterkt reisef\u00f8lge du kan stole p\u00e5. Enten du er ute p\u00e5 vannet eller p\u00e5 stier, er dette et viktig stykke eventyrutstyr som flyter for ekstra trygghet.\" \/>\n<meta property=\"og:url\" content=\"https:\/\/oceansignal.com\/no\/products\/ocean-signal-torrveske\/\" \/>\n<meta property=\"og:site_name\" content=\"Ocean Signal\" \/>\n<meta property=\"og:image\" content=\"https:\/\/oceansignal.com\/wp-content\/uploads\/2025\/10\/Multi-Brand-Dry-Bag-Front-Closed.jpg\" \/>\n\t<meta property=\"og:image:width\" content=\"2000\" \/>\n\t<meta property=\"og:image:height\" content=\"2000\" \/>\n\t<meta property=\"og:image:type\" content=\"image\/jpeg\" \/>\n<meta name=\"twitter:card\" content=\"summary_large_image\" \/>\n<meta name=\"twitter:label1\" content=\"Ansl. lesetid\" \/>\n\t<meta name=\"twitter:data1\" content=\"1 minutt\" \/>\n<script type=\"application\/ld+json\" class=\"yoast-schema-graph\">{\"@context\":\"https:\/\/schema.org\",\"@graph\":[{\"@type\":\"WebPage\",\"@id\":\"https:\/\/oceansignal.com\/no\/products\/ocean-signal-torrveske\/\",\"url\":\"https:\/\/oceansignal.com\/no\/products\/ocean-signal-torrveske\/\",\"name\":\"Ocean Signal t\u00f8rrveske - Ocean Signal\",\"isPartOf\":{\"@id\":\"https:\/\/oceansignal.com\/no\/#website\"},\"primaryImageOfPage\":{\"@id\":\"https:\/\/oceansignal.com\/no\/products\/ocean-signal-torrveske\/#primaryimage\"},\"image\":{\"@id\":\"https:\/\/oceansignal.com\/no\/products\/ocean-signal-torrveske\/#primaryimage\"},\"thumbnailUrl\":\"https:\/\/oceansignal.com\/wp-content\/uploads\/2025\/10\/Multi-Brand-Dry-Bag-Front-Closed.jpg\",\"datePublished\":\"2025-10-23T12:51:41+00:00\",\"breadcrumb\":{\"@id\":\"https:\/\/oceansignal.com\/no\/products\/ocean-signal-torrveske\/#breadcrumb\"},\"inLanguage\":\"nb-NO\",\"potentialAction\":[{\"@type\":\"ReadAction\",\"target\":[\"https:\/\/oceansignal.com\/no\/products\/ocean-signal-torrveske\/\"]}]},{\"@type\":\"ImageObject\",\"inLanguage\":\"nb-NO\",\"@id\":\"https:\/\/oceansignal.com\/no\/products\/ocean-signal-torrveske\/#primaryimage\",\"url\":\"https:\/\/oceansignal.com\/wp-content\/uploads\/2025\/10\/Multi-Brand-Dry-Bag-Front-Closed.jpg\",\"contentUrl\":\"https:\/\/oceansignal.com\/wp-content\/uploads\/2025\/10\/Multi-Brand-Dry-Bag-Front-Closed.jpg\",\"width\":2000,\"height\":2000},{\"@type\":\"BreadcrumbList\",\"@id\":\"https:\/\/oceansignal.com\/no\/products\/ocean-signal-torrveske\/#breadcrumb\",\"itemListElement\":[{\"@type\":\"ListItem\",\"position\":1,\"name\":\"Shop\",\"item\":\"https:\/\/oceansignal.com\/no\/shop\/\"},{\"@type\":\"ListItem\",\"position\":2,\"name\":\"Ocean Signal t\u00f8rrveske\"}]},{\"@type\":\"WebSite\",\"@id\":\"https:\/\/oceansignal.com\/no\/#website\",\"url\":\"https:\/\/oceansignal.com\/no\/\",\"name\":\"Ocean Signal\",\"description\":\"A leading manufacturer of EPIRBs, AIS, SARTs, Personal Locator Beacons, Man Overboard Beacon for the Marine and Outdoor Markets.\",\"potentialAction\":[{\"@type\":\"SearchAction\",\"target\":{\"@type\":\"EntryPoint\",\"urlTemplate\":\"https:\/\/oceansignal.com\/no\/?s={search_term_string}\"},\"query-input\":{\"@type\":\"PropertyValueSpecification\",\"valueRequired\":true,\"valueName\":\"search_term_string\"}}],\"inLanguage\":\"nb-NO\"}]}<\/script>\n<!-- \/ Yoast SEO Premium plugin. -->","yoast_head_json":{"title":"Ocean Signal t\u00f8rrveske - Ocean Signal","robots":{"index":"index","follow":"follow","max-snippet":"max-snippet:-1","max-image-preview":"max-image-preview:large","max-video-preview":"max-video-preview:-1"},"canonical":"https:\/\/oceansignal.com\/no\/products\/ocean-signal-torrveske\/","og_locale":"nb_NO","og_type":"article","og_title":"Ocean Signal t\u00f8rrveske","og_description":"Hold det viktigste t\u00f8rt og trygt med denne kompakte, vanntette t\u00f8rrvesken \u2013 perfekt for padlebrett, kajakkpadling, strandturer og alle dine utend\u00f8rseventyr. Denne vanntette oppbevaringsl\u00f8sningen fungerer ogs\u00e5 som en flyteveske for utstyr, og tilbyr lett beskyttelse uten \u00e5 v\u00e6re klumpete. Den er solid bygget for enhver reise, og er et slitesterkt reisef\u00f8lge du kan stole p\u00e5. Enten du er ute p\u00e5 vannet eller p\u00e5 stier, er dette et viktig stykke eventyrutstyr som flyter for ekstra trygghet.","og_url":"https:\/\/oceansignal.com\/no\/products\/ocean-signal-torrveske\/","og_site_name":"Ocean Signal","og_image":[{"width":2000,"height":2000,"url":"https:\/\/oceansignal.com\/wp-content\/uploads\/2025\/10\/Multi-Brand-Dry-Bag-Front-Closed.jpg","type":"image\/jpeg"}],"twitter_card":"summary_large_image","twitter_misc":{"Ansl. lesetid":"1 minutt"},"schema":{"@context":"https:\/\/schema.org","@graph":[{"@type":"WebPage","@id":"https:\/\/oceansignal.com\/no\/products\/ocean-signal-torrveske\/","url":"https:\/\/oceansignal.com\/no\/products\/ocean-signal-torrveske\/","name":"Ocean Signal t\u00f8rrveske - Ocean Signal","isPartOf":{"@id":"https:\/\/oceansignal.com\/no\/#website"},"primaryImageOfPage":{"@id":"https:\/\/oceansignal.com\/no\/products\/ocean-signal-torrveske\/#primaryimage"},"image":{"@id":"https:\/\/oceansignal.com\/no\/products\/ocean-signal-torrveske\/#primaryimage"},"thumbnailUrl":"https:\/\/oceansignal.com\/wp-content\/uploads\/2025\/10\/Multi-Brand-Dry-Bag-Front-Closed.jpg","datePublished":"2025-10-23T12:51:41+00:00","breadcrumb":{"@id":"https:\/\/oceansignal.com\/no\/products\/ocean-signal-torrveske\/#breadcrumb"},"inLanguage":"nb-NO","potentialAction":[{"@type":"ReadAction","target":["https:\/\/oceansignal.com\/no\/products\/ocean-signal-torrveske\/"]}]},{"@type":"ImageObject","inLanguage":"nb-NO","@id":"https:\/\/oceansignal.com\/no\/products\/ocean-signal-torrveske\/#primaryimage","url":"https:\/\/oceansignal.com\/wp-content\/uploads\/2025\/10\/Multi-Brand-Dry-Bag-Front-Closed.jpg","contentUrl":"https:\/\/oceansignal.com\/wp-content\/uploads\/2025\/10\/Multi-Brand-Dry-Bag-Front-Closed.jpg","width":2000,"height":2000},{"@type":"BreadcrumbList","@id":"https:\/\/oceansignal.com\/no\/products\/ocean-signal-torrveske\/#breadcrumb","itemListElement":[{"@type":"ListItem","position":1,"name":"Shop","item":"https:\/\/oceansignal.com\/no\/shop\/"},{"@type":"ListItem","position":2,"name":"Ocean Signal t\u00f8rrveske"}]},{"@type":"WebSite","@id":"https:\/\/oceansignal.com\/no\/#website","url":"https:\/\/oceansignal.com\/no\/","name":"Ocean Signal","description":"A leading manufacturer of EPIRBs, AIS, SARTs, Personal Locator Beacons, Man Overboard Beacon for the Marine and Outdoor Markets.","potentialAction":[{"@type":"SearchAction","target":{"@type":"EntryPoint","urlTemplate":"https:\/\/oceansignal.com\/no\/?s={search_term_string}"},"query-input":{"@type":"PropertyValueSpecification","valueRequired":true,"valueName":"search_term_string"}}],"inLanguage":"nb-NO"}]}},"_links":{"self":[{"href":"https:\/\/oceansignal.com\/no\/wp-json\/wp\/v2\/product\/38767","targetHints":{"allow":["GET"]}}],"collection":[{"href":"https:\/\/oceansignal.com\/no\/wp-json\/wp\/v2\/product"}],"about":[{"href":"https:\/\/oceansignal.com\/no\/wp-json\/wp\/v2\/types\/product"}],"wp:featuredmedia":[{"embeddable":true,"href":"https:\/\/oceansignal.com\/no\/wp-json\/wp\/v2\/media\/37444"}],"wp:attachment":[{"href":"https:\/\/oceansignal.com\/no\/wp-json\/wp\/v2\/media?parent=38767"}],"wp:term":[{"taxonomy":"product_brand","embeddable":true,"href":"https:\/\/oceansignal.com\/no\/wp-json\/wp\/v2\/product_brand?post=38767"},{"taxonomy":"product_cat","embeddable":true,"href":"https:\/\/oceansignal.com\/no\/wp-json\/wp\/v2\/product_cat?post=38767"},{"taxonomy":"product_tag","embeddable":true,"href":"https:\/\/oceansignal.com\/no\/wp-json\/wp\/v2\/product_tag?post=38767"}],"curies":[{"name":"wp","href":"https:\/\/api.w.org\/{rel}","templated":true}]}}