{"id":7095,"date":"2023-04-07T13:10:32","date_gmt":"2023-04-07T13:10:32","guid":{"rendered":"https:\/\/oceansignal.com\/informacje-o-firmie-ocean-signal\/"},"modified":"2024-09-30T14:32:16","modified_gmt":"2024-09-30T14:32:16","slug":"informacje-o-firmie-ocean-signal","status":"publish","type":"page","link":"https:\/\/oceansignal.com\/pl\/informacje-o-firmie-ocean-signal\/","title":{"rendered":"Informacje o firmie Ocean Signal"},"content":{"rendered":"\n<div class=\"gb-container-narrow\">\n    <div class=\"gc-container \">\n                \n\n<p class=\"has-medium-font-size\">Ocean Signal dzia\u0142a w ramach grupy ACR.\nGrupa ta zatrudnia ponad 250 pracownik\u00f3w i posiada 3 \u015bwiatowej klasy centra badawczo-rozwojowe.\nNieustannie rozwijamy mo\u017cliwo\u015bci biznesowe z ponad 150 aktywnymi klientami na ca\u0142ym \u015bwiecie i jeste\u015bmy obecni w ponad 30 krajach.\nWsp\u00f3\u0142pracuj\u0105c z kluczowymi organizacjami na ca\u0142ym \u015bwiecie, grupa jest obecna na rynku morskim, lotniczym i wojskowym od ponad 50 lat.<br\/>Ocean Signal jest \u015bwiatowym liderem w projektowaniu i produkcji satelitarnych i naziemnych radiolatarni ratunkowych opartych na technologiach VHF\/UHF, Iridium, Digital Selective Calling lub DSC, Automatic Identification Systems lub AIS, GNSS i akumulator\u00f3w.\nDostarczanie produkt\u00f3w na ca\u0142ym \u015bwiecie na cztery g\u0142\u00f3wne rynki: \u2013 Commercial Marine, Leisure Marine, Governmental\/Military i Land\/Recreational.    <br\/><br\/>Szefem in\u017cynierii Ocean Signal jest jeden z czo\u0142owych \u015bwiatowych ekspert\u00f3w w dziedzinie technologii ulepszania radar\u00f3w, Simon Nolan, kt\u00f3ry kieruje silnym zespo\u0142em.\nIndywidualnie zaprojektowali i opracowali wiele wiod\u0105cych na rynku produkt\u00f3w, a teraz, jako Ocean Signal, maj\u0105 wizj\u0119 dostarczania najlepszych produkt\u00f3w komunikacyjnych i bezpiecze\u0144stwa dla dzisiejszych marynarzy. <\/p>\n\n\n\n<p><\/p>\n\n\n\n<figure class=\"wp-block-gallery has-nested-images columns-default is-cropped wp-block-gallery-1 is-layout-flex wp-block-gallery-is-layout-flex\">\n<figure class=\"wp-block-image size-large\"><img loading=\"lazy\" decoding=\"async\" width=\"420\" height=\"264\" data-id=\"180\" src=\"http:\/\/oceansignal.com\/wp-content\/uploads\/2023\/04\/image-about-us-employees.jpg\" alt=\"Siedziba g&#x142;&#xF3;wna i zak&#x142;ad produkcyjny Ocean Signal w Margate, Kent, Wielka Brytania\" class=\"wp-image-180\" srcset=\"https:\/\/oceansignal.com\/wp-content\/uploads\/2023\/04\/image-about-us-employees.jpg 420w, https:\/\/oceansignal.com\/wp-content\/uploads\/2023\/04\/image-about-us-employees-300x189.jpg 300w\" sizes=\"auto, (max-width: 420px) 100vw, 420px\" \/><\/figure>\n\n\n\n<figure class=\"wp-block-image size-large\"><img loading=\"lazy\" decoding=\"async\" width=\"420\" height=\"264\" data-id=\"181\" src=\"http:\/\/oceansignal.com\/wp-content\/uploads\/2023\/04\/image-about-us-2.jpg\" alt=\"\" class=\"wp-image-181\" srcset=\"https:\/\/oceansignal.com\/wp-content\/uploads\/2023\/04\/image-about-us-2.jpg 420w, https:\/\/oceansignal.com\/wp-content\/uploads\/2023\/04\/image-about-us-2-300x189.jpg 300w\" sizes=\"auto, (max-width: 420px) 100vw, 420px\" \/><\/figure>\n<\/figure>\n\n\n\n<p><\/p>\n\n\n\n<p>Przez ponad 10 lat ci\u0105g\u0142ego innowacyjnego projektowania, rozwoju i testowania firma Ocean Signal opracowa\u0142a i dostarczy\u0142a na rynek \u015bwiatowej klasy portfolio produkt\u00f3w.<br\/>Portfolio produkt\u00f3w Ocean Signal zosta\u0142o zaprojektowane tak, aby spe\u0142nia\u0142o lub przewy\u017csza\u0142o wymagania techniczne Mi\u0119dzynarodowej Organizacji Morskiej (SOLAS), norm Mi\u0119dzynarodowej Komisji Elektrotechnicznej, dyrektyw i decyzji europejskich, norm Stra\u017cy Przybrze\u017cnej Stan\u00f3w Zjednoczonych, a tak\u017ce wielu innych obowi\u0105zuj\u0105cych przepis\u00f3w krajowych i mi\u0119dzynarodowych.<\/p>\n\n\n\n<p><\/p>\n\n\n\n<figure class=\"wp-block-image size-full\"><img loading=\"lazy\" decoding=\"async\" width=\"856\" height=\"499\" src=\"http:\/\/oceansignal.com\/wp-content\/uploads\/2023\/04\/image-about-us-3-1.jpg\" alt=\"\" class=\"wp-image-182\" srcset=\"https:\/\/oceansignal.com\/wp-content\/uploads\/2023\/04\/image-about-us-3-1.jpg 856w, https:\/\/oceansignal.com\/wp-content\/uploads\/2023\/04\/image-about-us-3-1-300x175.jpg 300w, https:\/\/oceansignal.com\/wp-content\/uploads\/2023\/04\/image-about-us-3-1-768x448.jpg 768w, https:\/\/oceansignal.com\/wp-content\/uploads\/2023\/04\/image-about-us-3-1-600x350.jpg 600w\" sizes=\"auto, (max-width: 856px) 100vw, 856px\" \/><\/figure>\n\n\n\n<p><\/p>\n\n\n\n<p>Aby zapozna\u0107 si\u0119 z ofertami pracy w Ocean Signal, przejd\u017a do <a href=\"http:\/\/oceansignal.com\/careers\/\" data-type=\"page\" data-id=\"200\">strony kariery<\/a>.<br\/><br\/><strong>Adres siedziby firmy:<\/strong><br\/>Sygna\u0142 oceaniczny Sp. z o.o.<br\/>Dzia\u0142 4<br\/>Szlak Ociva\u0144ski<br\/>Margate w hrabstwie Kent<br\/>Zobacz materia\u0142 CT9 4NN<br\/>Wielka Brytania<br\/><br\/><strong>Zapytania og\u00f3lne, sprzeda\u017c i administracja<\/strong><br\/>+44 (0)1843 282930<br\/><br\/><strong>Obs\u0142uga klienta i wsparcie techniczne TYLKO<\/strong><br\/>+44 (0)1843 808190<br\/><br\/><strong>Numer rejestracyjny firmy:<\/strong> 06627101<br\/><br\/>Zarejestrowana w Anglii.<\/p>\n\n\n        <\/div><\/div>\n\n\t\n<div\n\tclass=\"c-wave-divider  c-wave-divider--blue  c-wave-divider--margin-top\">\n<\/div>\n\n<div class=\"gb-contact-us\" id=\"contact-us\">\n\t<div class=\"gc-container \">\n    \t\t\t\n\n<div class=\"wp-block-column gb-contact-us__column gb-contact-us__text-container is-layout-flow wp-block-column-is-layout-flow\">\n<h1 class=\"wp-block-heading gb-contact-us__text-container__title\" id=\"h-we-are-here-to-help\">Jeste\u015bmy tutaj, aby pom\u00f3c<\/h1>\n\n\n\n<p class=\"gb-contact-us__text-container__text\">Wy\u015blij nam wiadomo\u015b\u0107, a cz\u0142onek naszego zespo\u0142u skontaktuje si\u0119 z Tob\u0105.<\/p>\n\n\n\n<div class=\"wp-block-column gb-contact-us__text-container__image is-layout-flow wp-block-column-is-layout-flow\"><\/div>\n<\/div>\n\n\n\n<div class=\"wp-block-column gb-contact-us__column gb-contact-us__form-container is-layout-flow wp-block-column-is-layout-flow\"><div id=\"contact-form\" class=\"gb-contact-form\">\n\t<form class=\"gb-contact-form__form\" method=\"post\">\n\t\t\n\n<div class=\"c-input c-input--fullName \">\n\t<label class=\"c-input__label\" for=\"fullName\">imi\u0119 i nazwisko (opcjonalnie)<\/label>\n\t<div class=\"c-input__container\">\n\t\t\t\t<input\n\t\t\ttype=\"text\"\n\t\t\tname=\"fullName\"\n\t\t\tid=\"fullName\"\n\t\t\tclass=\"c-input__input\"\n\t\t\tvalue=\"\"\n\t\t\t\n\t\t\tautocomplete=\"off\"\n\t\t\tspellcheck=\"true\"\n\t\t\tplaceholder=\"\"\n\t\t\/>\n\t<\/div>\n\t\t<span class=\"c-input__message\">To pole jest wymagane.<\/span>\n<\/div>\n\n\t\t\n\n<div class=\"c-input c-input--email \">\n\t<label class=\"c-input__label\" for=\"email\">E -mail<\/label>\n\t<div class=\"c-input__container\">\n\t\t\t\t<input\n\t\t\ttype=\"email\"\n\t\t\tname=\"email\"\n\t\t\tid=\"email\"\n\t\t\tclass=\"c-input__input\"\n\t\t\tvalue=\"\"\n\t\t\t\n\t\t\tautocomplete=\"off\"\n\t\t\tspellcheck=\"true\"\n\t\t\tplaceholder=\"\"\n\t\t\/>\n\t<\/div>\n\t\t<span class=\"c-input__message\">Adres e -mail jest w nieprawid\u0142owym formacie.<\/span>\n<\/div>\n\n\t\t\n\n<div class=\"c-input c-input--phone \">\n\t<label class=\"c-input__label\" for=\"phone\">Numer telefonu (opcjonalnie)<\/label>\n\t<div class=\"c-input__container\">\n\t\t\t\t<input\n\t\t\ttype=\"text\"\n\t\t\tname=\"phone\"\n\t\t\tid=\"phone\"\n\t\t\tclass=\"c-input__input\"\n\t\t\tvalue=\"\"\n\t\t\t\n\t\t\tautocomplete=\"off\"\n\t\t\tspellcheck=\"true\"\n\t\t\tplaceholder=\"\"\n\t\t\/>\n\t<\/div>\n\t\t<span class=\"c-input__message\">To pole jest wymagane.<\/span>\n<\/div>\n\n\t\t\n\n<div class=\"c-input c-input--country \">\n\t<label class=\"c-input__label\" for=\"country\">Kraj pochodzenia<\/label>\n\t<div class=\"c-input__container\">\n\t\t\t\t<input\n\t\t\ttype=\"text\"\n\t\t\tname=\"country\"\n\t\t\tid=\"country\"\n\t\t\tclass=\"c-input__input\"\n\t\t\tvalue=\"\"\n\t\t\t\n\t\t\tautocomplete=\"off\"\n\t\t\tspellcheck=\"true\"\n\t\t\tplaceholder=\"\"\n\t\t\/>\n\t<\/div>\n\t\t<span class=\"c-input__message\">To pole jest wymagane.<\/span>\n<\/div>\n\n\t\t<div class=\"c-input\">\n\t<label class=\"c-input__label\" for=\"message\">Twoja wiadomo\u015b\u0107<\/label>\n\t<textarea\n\t\tname=\"message\"\n\t\tid=\"message\"\n\t\tclass=\"c-input__input\"\n\t\tvalue=\"\"\n\t\t\n\t\tautocomplete=\"off\"\n\t\tspellcheck=\"true\"\n\t><\/textarea>\n\t\t<span class=\"c-input__message\">To pole jest wymagane.<\/span>\n<\/div>\n\n\t\t\t<span class=\"c-checkbox c-checkbox--secondary\">\n\t<span class=\"c-checkbox__wrapper\">\n\t\t<input class=\"c-checkbox__input\" type=\"checkbox\" name=\"subscribe\" data-id=\"subscribe\" id=\"subscribe\" value=\"subscribe\"  autocomplete=\"on\"\/>\n\t<\/span>\n\t<label class=\"c-checkbox__text\" for=\"subscribe\"> Chcia\u0142bym otrzyma\u0107 wiadomo\u015bci i promocje. <\/label>\n<\/span>\n\n\t\t<div class=\"c-recaptcha c-input js-recaptcha\" id=\"js-recaptcha\">\n    <div class=\"g-recaptcha\" data-sitekey=\"6LdypS0pAAAAAPO_gmMi6_T5NelPv7DVFckpx0_9\" data-callback=\"checkRecaptcha\"><\/div>\n    <span class=\"c-input__message\">to pole jest wymagane.<\/span>\n<\/div>\n\n\t\t<div class=\"gb-contact-form__form__divider\" ><\/div>\n\t\t<button type=\"submit\" class=\"c-button c-button--primary js-submit-button\">Prze\u015blij \u017c\u0105danie<\/button>\n\t<\/form>\n\t<p id=\"form-message\" class=\"gb-contact-form__message\"><\/p>\n<\/div>\n<\/div>\n\n\n\n<p class=\"gb-contact-us__bottom-text\">Uwa\u017camy, \u017ce Twoja prywatno\u015b\u0107 jest wa\u017cna, prosimy o zapoznanie si\u0119 z nasz\u0105 Polityk\u0105 prywatno\u015bci.<br\/>Nale\u017cy pami\u0119ta\u0107, \u017ce Pa\u0144stwa dane kontaktowe mog\u0105 by\u0107 wykorzystywane zgodnie z przepisami RODO.\nOcean Signal nie b\u0119dzie wykorzystywa\u0107 tych danych do cel\u00f3w marketingowych bez Twojej wyra\u017anej zgody.\nSzczeg\u00f3\u0142owe informacje na temat naszej polityki przechowywania danych mo\u017cna znale\u017a\u0107 w niniejszej polityce.  <br\/><br\/>Aby uzyska\u0107 pomoc serwisow\u0105, najpierw skontaktuj si\u0119 z lokalnym dystrybutorem.<br\/>Informacje o dealerach OSL i us\u0142ugach wymiany baterii OSL mo\u017cna znale\u017a\u0107 tutaj.<\/p>\n\n\n\t\t<\/div><\/div>\n\n<div class=\"gb-careers\">\n            \n\n<div class=\"wp-block-columns gb-careers__wrapper c-container is-layout-flex wp-container-core-columns-is-layout-9d6595d7 wp-block-columns-is-layout-flex\">\n<div class=\"wp-block-column gb-careers__column gb-careers__text-container is-layout-flow wp-block-column-is-layout-flow\">\n<h2 class=\"wp-block-heading gb-careers__text-container__title\" id=\"h-careers\">Kariery<\/h2>\n\n\n\n<p class=\"gb-careers__text-container__text\">Chcesz do\u0142\u0105czy\u0107 do naszego zespo\u0142u?\nZawsze poszukujemy utalentowanych os\u00f3b, kt\u00f3re do\u0142\u0105cz\u0105 do rodziny Ocean Signal. <\/p>\n\n\n\n<a\n\t\t\thref=\"http:\/\/oceansignal.com\/careers\/\"\n\t\tclass=\"gb-button gb-button--primary-white \"\n\ttarget=\"_self\">\n\t\tOpen positions\n<\/a>\n<\/div>\n\n\n\n<div class=\"wp-block-column gb-careers__column gb-careers__image-container is-layout-flow wp-block-column-is-layout-flow\">\n<div class=\"gb-image\">\n\t\n<div class=\"gc-image \">\n        <img decoding=\"async\" class=\"gc-image__image gc-image__image--cover \"\n         src=\"http:\/\/oceansignal.com\/wp-content\/uploads\/2023\/04\/image-careers-section.jpg\"\n         alt=\"\"\n    >\n<\/div><\/div>\n<\/div>\n<\/div>\n\n\n    <\/div>\n","protected":false},"excerpt":{"rendered":"<p>Zgromadzili\u015bmy jeden z najbardziej do\u015bwiadczonych zespo\u0142\u00f3w in\u017cynier\u00f3w elektronicznych w bran\u017cy komunikacji morskiej.<\/p>\n","protected":false},"author":2,"featured_media":0,"parent":0,"menu_order":0,"comment_status":"closed","ping_status":"closed","template":"pagetemplate-header-orange.php","meta":{"_acf_changed":false,"om_disable_all_campaigns":false,"footnotes":""},"class_list":["post-7095","page","type-page","status-publish","hentry"],"acf":[],"yoast_head":"<!-- This site is optimized with the Yoast SEO Premium plugin v25.2 (Yoast SEO v26.4) - https:\/\/yoast.com\/wordpress\/plugins\/seo\/ -->\n<title>Informacje o firmie Ocean Signal - Ocean Signal<\/title>\n<meta name=\"description\" content=\"Ocean Signal to \u017ar\u00f3d\u0142o rozwi\u0105za\u0144 w zakresie bezpiecze\u0144stwa morskiego. Poznaj nasz\u0105 lini\u0119 urz\u0105dze\u0144 EPIRB, PLB i AIS do niezawodnej komunikacji na morzu\" \/>\n<meta name=\"robots\" content=\"index, follow, max-snippet:-1, max-image-preview:large, max-video-preview:-1\" \/>\n<link rel=\"canonical\" href=\"https:\/\/oceansignal.com\/pl\/informacje-o-firmie-ocean-signal\/\" \/>\n<meta property=\"og:locale\" content=\"pl_PL\" \/>\n<meta property=\"og:type\" content=\"article\" \/>\n<meta property=\"og:title\" content=\"Informacje o firmie Ocean Signal - Ocean Signal\" \/>\n<meta property=\"og:description\" content=\"Ocean Signal to \u017ar\u00f3d\u0142o rozwi\u0105za\u0144 w zakresie bezpiecze\u0144stwa morskiego. Poznaj nasz\u0105 lini\u0119 urz\u0105dze\u0144 EPIRB, PLB i AIS do niezawodnej komunikacji na morzu\" \/>\n<meta property=\"og:url\" content=\"https:\/\/oceansignal.com\/pl\/informacje-o-firmie-ocean-signal\/\" \/>\n<meta property=\"og:site_name\" content=\"Ocean Signal\" \/>\n<meta property=\"article:modified_time\" content=\"2024-09-30T14:32:16+00:00\" \/>\n<meta property=\"og:image\" content=\"http:\/\/oceansignal.com\/wp-content\/uploads\/2023\/04\/image-about-us-employees.jpg\" \/>\n<meta name=\"twitter:card\" content=\"summary_large_image\" \/>\n<meta name=\"twitter:label1\" content=\"Szacowany czas czytania\" \/>\n\t<meta name=\"twitter:data1\" content=\"2 minuty\" \/>\n<script type=\"application\/ld+json\" class=\"yoast-schema-graph\">{\"@context\":\"https:\/\/schema.org\",\"@graph\":[{\"@type\":\"WebPage\",\"@id\":\"https:\/\/oceansignal.com\/pl\/informacje-o-firmie-ocean-signal\/\",\"url\":\"https:\/\/oceansignal.com\/pl\/informacje-o-firmie-ocean-signal\/\",\"name\":\"Informacje o firmie Ocean Signal - Ocean Signal\",\"isPartOf\":{\"@id\":\"https:\/\/oceansignal.com\/pl\/#website\"},\"primaryImageOfPage\":{\"@id\":\"https:\/\/oceansignal.com\/pl\/informacje-o-firmie-ocean-signal\/#primaryimage\"},\"image\":{\"@id\":\"https:\/\/oceansignal.com\/pl\/informacje-o-firmie-ocean-signal\/#primaryimage\"},\"thumbnailUrl\":\"http:\/\/oceansignal.com\/wp-content\/uploads\/2023\/04\/image-about-us-employees.jpg\",\"datePublished\":\"2023-04-07T13:10:32+00:00\",\"dateModified\":\"2024-09-30T14:32:16+00:00\",\"description\":\"Ocean Signal to \u017ar\u00f3d\u0142o rozwi\u0105za\u0144 w zakresie bezpiecze\u0144stwa morskiego. Poznaj nasz\u0105 lini\u0119 urz\u0105dze\u0144 EPIRB, PLB i AIS do niezawodnej komunikacji na morzu\",\"inLanguage\":\"pl-PL\",\"potentialAction\":[{\"@type\":\"ReadAction\",\"target\":[\"https:\/\/oceansignal.com\/pl\/informacje-o-firmie-ocean-signal\/\"]}]},{\"@type\":\"ImageObject\",\"inLanguage\":\"pl-PL\",\"@id\":\"https:\/\/oceansignal.com\/pl\/informacje-o-firmie-ocean-signal\/#primaryimage\",\"url\":\"http:\/\/oceansignal.com\/wp-content\/uploads\/2023\/04\/image-about-us-employees.jpg\",\"contentUrl\":\"http:\/\/oceansignal.com\/wp-content\/uploads\/2023\/04\/image-about-us-employees.jpg\"},{\"@type\":\"WebSite\",\"@id\":\"https:\/\/oceansignal.com\/pl\/#website\",\"url\":\"https:\/\/oceansignal.com\/pl\/\",\"name\":\"Ocean Signal\",\"description\":\"A leading manufacturer of EPIRBs, AIS, SARTs, Personal Locator Beacons, Man Overboard Beacon for the Marine and Outdoor Markets.\",\"potentialAction\":[{\"@type\":\"SearchAction\",\"target\":{\"@type\":\"EntryPoint\",\"urlTemplate\":\"https:\/\/oceansignal.com\/pl\/?s={search_term_string}\"},\"query-input\":{\"@type\":\"PropertyValueSpecification\",\"valueRequired\":true,\"valueName\":\"search_term_string\"}}],\"inLanguage\":\"pl-PL\"}]}<\/script>\n<!-- \/ Yoast SEO Premium plugin. -->","yoast_head_json":{"title":"Informacje o firmie Ocean Signal - Ocean Signal","description":"Ocean Signal to \u017ar\u00f3d\u0142o rozwi\u0105za\u0144 w zakresie bezpiecze\u0144stwa morskiego. Poznaj nasz\u0105 lini\u0119 urz\u0105dze\u0144 EPIRB, PLB i AIS do niezawodnej komunikacji na morzu","robots":{"index":"index","follow":"follow","max-snippet":"max-snippet:-1","max-image-preview":"max-image-preview:large","max-video-preview":"max-video-preview:-1"},"canonical":"https:\/\/oceansignal.com\/pl\/informacje-o-firmie-ocean-signal\/","og_locale":"pl_PL","og_type":"article","og_title":"Informacje o firmie Ocean Signal - Ocean Signal","og_description":"Ocean Signal to \u017ar\u00f3d\u0142o rozwi\u0105za\u0144 w zakresie bezpiecze\u0144stwa morskiego. Poznaj nasz\u0105 lini\u0119 urz\u0105dze\u0144 EPIRB, PLB i AIS do niezawodnej komunikacji na morzu","og_url":"https:\/\/oceansignal.com\/pl\/informacje-o-firmie-ocean-signal\/","og_site_name":"Ocean Signal","article_modified_time":"2024-09-30T14:32:16+00:00","og_image":[{"url":"http:\/\/oceansignal.com\/wp-content\/uploads\/2023\/04\/image-about-us-employees.jpg","type":"","width":"","height":""}],"twitter_card":"summary_large_image","twitter_misc":{"Szacowany czas czytania":"2 minuty"},"schema":{"@context":"https:\/\/schema.org","@graph":[{"@type":"WebPage","@id":"https:\/\/oceansignal.com\/pl\/informacje-o-firmie-ocean-signal\/","url":"https:\/\/oceansignal.com\/pl\/informacje-o-firmie-ocean-signal\/","name":"Informacje o firmie Ocean Signal - Ocean Signal","isPartOf":{"@id":"https:\/\/oceansignal.com\/pl\/#website"},"primaryImageOfPage":{"@id":"https:\/\/oceansignal.com\/pl\/informacje-o-firmie-ocean-signal\/#primaryimage"},"image":{"@id":"https:\/\/oceansignal.com\/pl\/informacje-o-firmie-ocean-signal\/#primaryimage"},"thumbnailUrl":"http:\/\/oceansignal.com\/wp-content\/uploads\/2023\/04\/image-about-us-employees.jpg","datePublished":"2023-04-07T13:10:32+00:00","dateModified":"2024-09-30T14:32:16+00:00","description":"Ocean Signal to \u017ar\u00f3d\u0142o rozwi\u0105za\u0144 w zakresie bezpiecze\u0144stwa morskiego. Poznaj nasz\u0105 lini\u0119 urz\u0105dze\u0144 EPIRB, PLB i AIS do niezawodnej komunikacji na morzu","inLanguage":"pl-PL","potentialAction":[{"@type":"ReadAction","target":["https:\/\/oceansignal.com\/pl\/informacje-o-firmie-ocean-signal\/"]}]},{"@type":"ImageObject","inLanguage":"pl-PL","@id":"https:\/\/oceansignal.com\/pl\/informacje-o-firmie-ocean-signal\/#primaryimage","url":"http:\/\/oceansignal.com\/wp-content\/uploads\/2023\/04\/image-about-us-employees.jpg","contentUrl":"http:\/\/oceansignal.com\/wp-content\/uploads\/2023\/04\/image-about-us-employees.jpg"},{"@type":"WebSite","@id":"https:\/\/oceansignal.com\/pl\/#website","url":"https:\/\/oceansignal.com\/pl\/","name":"Ocean Signal","description":"A leading manufacturer of EPIRBs, AIS, SARTs, Personal Locator Beacons, Man Overboard Beacon for the Marine and Outdoor Markets.","potentialAction":[{"@type":"SearchAction","target":{"@type":"EntryPoint","urlTemplate":"https:\/\/oceansignal.com\/pl\/?s={search_term_string}"},"query-input":{"@type":"PropertyValueSpecification","valueRequired":true,"valueName":"search_term_string"}}],"inLanguage":"pl-PL"}]}},"_links":{"self":[{"href":"https:\/\/oceansignal.com\/pl\/wp-json\/wp\/v2\/pages\/7095","targetHints":{"allow":["GET"]}}],"collection":[{"href":"https:\/\/oceansignal.com\/pl\/wp-json\/wp\/v2\/pages"}],"about":[{"href":"https:\/\/oceansignal.com\/pl\/wp-json\/wp\/v2\/types\/page"}],"author":[{"embeddable":true,"href":"https:\/\/oceansignal.com\/pl\/wp-json\/wp\/v2\/users\/2"}],"replies":[{"embeddable":true,"href":"https:\/\/oceansignal.com\/pl\/wp-json\/wp\/v2\/comments?post=7095"}],"version-history":[{"count":1,"href":"https:\/\/oceansignal.com\/pl\/wp-json\/wp\/v2\/pages\/7095\/revisions"}],"predecessor-version":[{"id":7097,"href":"https:\/\/oceansignal.com\/pl\/wp-json\/wp\/v2\/pages\/7095\/revisions\/7097"}],"wp:attachment":[{"href":"https:\/\/oceansignal.com\/pl\/wp-json\/wp\/v2\/media?parent=7095"}],"curies":[{"name":"wp","href":"https:\/\/api.w.org\/{rel}","templated":true}]}}