{"id":7156,"date":"2023-04-14T10:08:55","date_gmt":"2023-04-14T10:08:55","guid":{"rendered":"https:\/\/oceansignal.com\/programowanie-nadajnika-odbiornika-ais-atb1-klasy-b\/"},"modified":"2024-09-30T14:52:35","modified_gmt":"2024-09-30T14:52:35","slug":"programowanie-nadajnika-odbiornika-ais-atb1-klasy-b","status":"publish","type":"page","link":"https:\/\/oceansignal.com\/pl\/wsparcie\/programowanie-produktow\/programowanie-nadajnika-odbiornika-ais-atb1-klasy-b\/","title":{"rendered":"Programowanie nadajnika-odbiornika AIS ATB1 klasy B"},"content":{"rendered":"\n<div class=\"gb-product-programming\">\n    <div class=\"gc-container \">\n                \n\n<div class=\"wp-block-columns gb-product-programming__description is-layout-flex wp-container-core-columns-is-layout-9d6595d7 wp-block-columns-is-layout-flex\">\n<div class=\"wp-block-column gb-product-programming__description__text-container is-layout-flow wp-block-column-is-layout-flow\">\n<h2 class=\"gb-product-programming__description__text-container__title wp-block-heading\" id=\"h-atb1-class-b-ais-transceiver-programming\">Programowanie nadajnika-odbiornika AIS ATB1 klasy B<\/h2>\n\n\n\n<p class=\"gb-product-programming__description__text-container__text\">ATB1 musi zosta\u0107 skonfigurowany przez u\u017cytkownika, aby wprowadzi\u0107 numer MMSI jednostki p\u0142ywaj\u0105cej i inne szczeg\u00f3\u0142y. Mo\u017cna to zrobi\u0107 za pomoc\u0105 aplikacji mobilnej lub programu internetowego.<\/p>\n\n\n\n<a\n                    href=\"http:\/\/oceansignal.com\/products\/ais-atb1-class-b-ais-transceiver\/\"\n                class=\"gb-button-link  \"\n        target=\"_self\">\n        See product details\n<\/a>\n\n\n\n<\/div>\n\n\n\n<div class=\"wp-block-column gb-product-programming__description__divider is-layout-flow wp-block-column-is-layout-flow\"><\/div>\n\n\n\n<div class=\"wp-block-column gb-product-programming__description__image is-layout-flow wp-block-column-is-layout-flow\">\n<div class=\"gb-image\">\n\t\n<div class=\"gc-image \">\n        <img decoding=\"async\" class=\"gc-image__image  \"\n         src=\"http:\/\/oceansignal.com\/wp-content\/uploads\/2023\/04\/image-products-atb1-1.png\"\n         alt=\"\"\n    >\n<\/div><\/div>\n<\/div>\n<\/div>\n\n\n\n<div class=\"wp-block-columns gb-product-programming__blurbs is-layout-flex wp-container-core-columns-is-layout-9d6595d7 wp-block-columns-is-layout-flex\">\n<div class=\"wp-block-column gb-product-programming__blurbs__text-container is-layout-flow wp-block-column-is-layout-flow\">\n<h6 class=\"gb-product-programming__blurbs__text-container__title wp-block-heading\" id=\"h-android-mobile\">Urz\u0105dzenia mobilne z systemem Android<\/h6>\n\n\n\n<p class=\"gb-product-programming__blurbs__text-container__text\">Aby uzyska\u0107 mobiln\u0105 wersj\u0119 na Androida, przeszukaj Playstore w poszukiwaniu Ocean Signal<\/p>\n\n\n\n<div class=\"wp-block-columns gb-product-programming__blurbs__text-container__link is-layout-flex wp-container-core-columns-is-layout-9d6595d7 wp-block-columns-is-layout-flex\">\n<div class=\"wp-block-column gb-product-programming__blurbs__text-container__link__image is-layout-flow wp-block-column-is-layout-flow\">\n<div class=\"gb-image\">\n\t\n<div class=\"gc-image \">\n        <img decoding=\"async\" class=\"gc-image__image  \"\n         src=\"http:\/\/oceansignal.com\/wp-content\/uploads\/2023\/04\/icon-android.png\"\n         alt=\"\"\n    >\n<\/div><\/div>\n<\/div>\n\n\n\n<div class=\"wp-block-column gb-product-programming__blurbs__text-container__link__link is-layout-flow wp-block-column-is-layout-flow\">\n<a\n                    href=\"https:\/\/play.google.com\/store\/apps\/details?id=com.ais.config.oceansignal\"\n                class=\"gb-button-link  \"\n        target=\"__blank\">\n        Go to Playstore\n<\/a>\n\n\n\n<\/div>\n<\/div>\n<\/div>\n\n\n\n<div class=\"wp-block-column gb-product-programming__blurbs__text-container is-layout-flow wp-block-column-is-layout-flow\">\n<h6 class=\"gb-product-programming__blurbs__text-container__title wp-block-heading\" id=\"h-mobile-ios\">Urz\u0105dzenia mobilne z systemem iOS<\/h6>\n\n\n\n<p class=\"gb-product-programming__blurbs__text-container__text\">Aby uzyska\u0107 wersj\u0119 mobiln\u0105 na iOS, wyszukaj w Appstore Ocean Signal<\/p>\n\n\n\n<div class=\"wp-block-columns gb-product-programming__blurbs__text-container__link is-layout-flex wp-container-core-columns-is-layout-9d6595d7 wp-block-columns-is-layout-flex\">\n<div class=\"wp-block-column gb-product-programming__blurbs__text-container__link__image is-layout-flow wp-block-column-is-layout-flow\">\n<div class=\"gb-image\">\n\t\n<div class=\"gc-image \">\n        <img decoding=\"async\" class=\"gc-image__image  \"\n         src=\"http:\/\/oceansignal.com\/wp-content\/uploads\/2023\/04\/icon-apple.png\"\n         alt=\"\"\n    >\n<\/div><\/div>\n<\/div>\n\n\n\n<div class=\"wp-block-column gb-product-programming__blurbs__text-container__link__link is-layout-flow wp-block-column-is-layout-flow\">\n<a\n                    href=\"https:\/\/apps.apple.com\/gb\/app\/ocean-signal\/id1453183713\"\n                class=\"gb-button-link  \"\n        target=\"__blank\">\n        Go to Appstore\n<\/a>\n\n\n\n<\/div>\n<\/div>\n<\/div>\n\n\n\n<div class=\"wp-block-column gb-product-programming__blurbs__text-container is-layout-flow wp-block-column-is-layout-flow\">\n<h6 class=\"gb-product-programming__blurbs__text-container__title wp-block-heading\" id=\"h-web-based-version\">Wersja internetowa<\/h6>\n\n\n\n<p class=\"gb-product-programming__blurbs__text-container__text\">Aby uzyska\u0107 wersj\u0119 internetow\u0105, kliknij tutaj:<\/p>\n\n\n\n<div class=\"wp-block-columns gb-product-programming__blurbs__text-container__link is-layout-flex wp-container-core-columns-is-layout-9d6595d7 wp-block-columns-is-layout-flex\">\n<div class=\"wp-block-column gb-product-programming__blurbs__text-container__link__image is-layout-flow wp-block-column-is-layout-flow\">\n<div class=\"gb-image\">\n\t\n<div class=\"gc-image \">\n        <img decoding=\"async\" class=\"gc-image__image  \"\n         src=\"http:\/\/oceansignal.com\/wp-content\/uploads\/2023\/04\/icon-desktop.png\"\n         alt=\"\"\n    >\n<\/div><\/div>\n<\/div>\n\n\n\n<div class=\"wp-block-column gb-product-programming__blurbs__text-container__link__link is-layout-flow wp-block-column-is-layout-flow\">\n<a\n                    href=\"https:\/\/oceansignal.com\/ais_webapp.html\"\n                class=\"gb-button-link  \"\n        target=\"__blank\">\n        Launch on your computer\n<\/a>\n\n\n\n<\/div>\n<\/div>\n<\/div>\n\n\n\n<div class=\"wp-block-column gb-product-programming__blurbs__text-container is-layout-flow wp-block-column-is-layout-flow\">\n<h6 class=\"gb-product-programming__blurbs__text-container__title wp-block-heading\" id=\"h-firmware-updates\">Aktualizacje oprogramowania uk\u0142adowego<\/h6>\n\n\n\n<p class=\"gb-product-programming__blurbs__text-container__text\">Aktualizacje oprogramowania uk\u0142adowego mo\u017cna wykona\u0107 tylko za pomoc\u0105 komputera PC lub Mac.\nZawsze upewnij si\u0119, \u017ce aplikacje mobilne s\u0105 zaktualizowane do najnowszej wersji, aby umo\u017cliwi\u0107 korzystanie z nowych funkcji <\/p>\n\n\n\n<div class=\"wp-block-columns gb-product-programming__blurbs__text-container__link is-layout-flex wp-container-core-columns-is-layout-9d6595d7 wp-block-columns-is-layout-flex\">\n<div class=\"wp-block-column gb-product-programming__blurbs__text-container__link__image is-layout-flow wp-block-column-is-layout-flow\">\n<div class=\"gb-image\">\n\t\n<div class=\"gc-image \">\n        <img decoding=\"async\" class=\"gc-image__image  \"\n         src=\"http:\/\/oceansignal.com\/wp-content\/uploads\/2023\/04\/icons-software-updates.png\"\n         alt=\"\"\n    >\n<\/div><\/div>\n<\/div>\n\n\n\n<div class=\"wp-block-column gb-product-programming__blurbs__text-container__link__link is-layout-flow wp-block-column-is-layout-flow\">\n<a\n                    href=\"http:\/\/oceansignal.com\/support\/product-programming\/atb1-class-b-ais-transceiver-programming\/software-updates\/\"\n                class=\"gb-button-link  \"\n        target=\"__blank\">\n        View Firmware updates\n<\/a>\n\n\n\n<\/div>\n<\/div>\n<\/div>\n<\/div>\n\n\n        <\/div><\/div>\n","protected":false},"excerpt":{"rendered":"","protected":false},"author":2,"featured_media":0,"parent":7966,"menu_order":0,"comment_status":"closed","ping_status":"closed","template":"pagetemplate-empty.php","meta":{"_acf_changed":false,"om_disable_all_campaigns":false,"footnotes":""},"class_list":["post-7156","page","type-page","status-publish","hentry"],"acf":[],"yoast_head":"<!-- This site is optimized with the Yoast SEO Premium plugin v25.2 (Yoast SEO v26.4) - https:\/\/yoast.com\/wordpress\/plugins\/seo\/ -->\n<title>Programowanie nadajnika-odbiornika AIS ATB1 klasy B - Ocean Signal<\/title>\n<meta name=\"description\" content=\"Z \u0142atwo\u015bci\u0105 zaprogramuj urz\u0105dzenie nadawczo-odbiorcze AIS Ocean Signal ATB1 klasy B, aby usprawni\u0107 \u015bledzenie statk\u00f3w i zwi\u0119kszy\u0107 bezpiecze\u0144stwo. Z \u0142atwo\u015bci\u0105 upro\u015b\u0107 konfiguracj\u0119 AIS.\" \/>\n<meta name=\"robots\" content=\"index, follow, max-snippet:-1, max-image-preview:large, max-video-preview:-1\" \/>\n<link rel=\"canonical\" href=\"https:\/\/oceansignal.com\/pl\/wsparcie\/programowanie-produktow\/programowanie-nadajnika-odbiornika-ais-atb1-klasy-b\/\" \/>\n<meta property=\"og:locale\" content=\"pl_PL\" \/>\n<meta property=\"og:type\" content=\"article\" \/>\n<meta property=\"og:title\" content=\"Programowanie nadajnika-odbiornika AIS ATB1 klasy B - Ocean Signal\" \/>\n<meta property=\"og:description\" content=\"Z \u0142atwo\u015bci\u0105 zaprogramuj urz\u0105dzenie nadawczo-odbiorcze AIS Ocean Signal ATB1 klasy B, aby usprawni\u0107 \u015bledzenie statk\u00f3w i zwi\u0119kszy\u0107 bezpiecze\u0144stwo. Z \u0142atwo\u015bci\u0105 upro\u015b\u0107 konfiguracj\u0119 AIS.\" \/>\n<meta property=\"og:url\" content=\"https:\/\/oceansignal.com\/pl\/wsparcie\/programowanie-produktow\/programowanie-nadajnika-odbiornika-ais-atb1-klasy-b\/\" \/>\n<meta property=\"og:site_name\" content=\"Ocean Signal\" \/>\n<meta property=\"article:modified_time\" content=\"2024-09-30T14:52:35+00:00\" \/>\n<meta property=\"og:image\" content=\"https:\/\/oceansignal.com\/wp-content\/uploads\/2024\/03\/image-social-share-04.jpg\" \/>\n\t<meta property=\"og:image:width\" content=\"1200\" \/>\n\t<meta property=\"og:image:height\" content=\"630\" \/>\n\t<meta property=\"og:image:type\" content=\"image\/jpeg\" \/>\n<meta name=\"twitter:card\" content=\"summary_large_image\" \/>\n<meta name=\"twitter:label1\" content=\"Szacowany czas czytania\" \/>\n\t<meta name=\"twitter:data1\" content=\"1 minuta\" \/>\n<script type=\"application\/ld+json\" class=\"yoast-schema-graph\">{\"@context\":\"https:\/\/schema.org\",\"@graph\":[{\"@type\":\"WebPage\",\"@id\":\"https:\/\/oceansignal.com\/pl\/wsparcie\/programowanie-produktow\/programowanie-nadajnika-odbiornika-ais-atb1-klasy-b\/\",\"url\":\"https:\/\/oceansignal.com\/pl\/wsparcie\/programowanie-produktow\/programowanie-nadajnika-odbiornika-ais-atb1-klasy-b\/\",\"name\":\"Programowanie nadajnika-odbiornika AIS ATB1 klasy B - Ocean Signal\",\"isPartOf\":{\"@id\":\"https:\/\/oceansignal.com\/pl\/#website\"},\"datePublished\":\"2023-04-14T10:08:55+00:00\",\"dateModified\":\"2024-09-30T14:52:35+00:00\",\"description\":\"Z \u0142atwo\u015bci\u0105 zaprogramuj urz\u0105dzenie nadawczo-odbiorcze AIS Ocean Signal ATB1 klasy B, aby usprawni\u0107 \u015bledzenie statk\u00f3w i zwi\u0119kszy\u0107 bezpiecze\u0144stwo. Z \u0142atwo\u015bci\u0105 upro\u015b\u0107 konfiguracj\u0119 AIS.\",\"breadcrumb\":{\"@id\":\"https:\/\/oceansignal.com\/pl\/wsparcie\/programowanie-produktow\/programowanie-nadajnika-odbiornika-ais-atb1-klasy-b\/#breadcrumb\"},\"inLanguage\":\"pl-PL\",\"potentialAction\":[{\"@type\":\"ReadAction\",\"target\":[\"https:\/\/oceansignal.com\/pl\/wsparcie\/programowanie-produktow\/programowanie-nadajnika-odbiornika-ais-atb1-klasy-b\/\"]}]},{\"@type\":\"BreadcrumbList\",\"@id\":\"https:\/\/oceansignal.com\/pl\/wsparcie\/programowanie-produktow\/programowanie-nadajnika-odbiornika-ais-atb1-klasy-b\/#breadcrumb\",\"itemListElement\":[{\"@type\":\"ListItem\",\"position\":1,\"name\":\"Wsparcie\",\"item\":\"https:\/\/oceansignal.com\/pl\/wsparcie\/\"},{\"@type\":\"ListItem\",\"position\":2,\"name\":\"Programowanie produkt\u00f3w\",\"item\":\"https:\/\/oceansignal.com\/pl\/wsparcie\/programowanie-produktow\/\"},{\"@type\":\"ListItem\",\"position\":3,\"name\":\"Programowanie nadajnika-odbiornika AIS ATB1 klasy B\"}]},{\"@type\":\"WebSite\",\"@id\":\"https:\/\/oceansignal.com\/pl\/#website\",\"url\":\"https:\/\/oceansignal.com\/pl\/\",\"name\":\"Ocean Signal\",\"description\":\"A leading manufacturer of EPIRBs, AIS, SARTs, Personal Locator Beacons, Man Overboard Beacon for the Marine and Outdoor Markets.\",\"potentialAction\":[{\"@type\":\"SearchAction\",\"target\":{\"@type\":\"EntryPoint\",\"urlTemplate\":\"https:\/\/oceansignal.com\/pl\/?s={search_term_string}\"},\"query-input\":{\"@type\":\"PropertyValueSpecification\",\"valueRequired\":true,\"valueName\":\"search_term_string\"}}],\"inLanguage\":\"pl-PL\"}]}<\/script>\n<!-- \/ Yoast SEO Premium plugin. -->","yoast_head_json":{"title":"Programowanie nadajnika-odbiornika AIS ATB1 klasy B - Ocean Signal","description":"Z \u0142atwo\u015bci\u0105 zaprogramuj urz\u0105dzenie nadawczo-odbiorcze AIS Ocean Signal ATB1 klasy B, aby usprawni\u0107 \u015bledzenie statk\u00f3w i zwi\u0119kszy\u0107 bezpiecze\u0144stwo. Z \u0142atwo\u015bci\u0105 upro\u015b\u0107 konfiguracj\u0119 AIS.","robots":{"index":"index","follow":"follow","max-snippet":"max-snippet:-1","max-image-preview":"max-image-preview:large","max-video-preview":"max-video-preview:-1"},"canonical":"https:\/\/oceansignal.com\/pl\/wsparcie\/programowanie-produktow\/programowanie-nadajnika-odbiornika-ais-atb1-klasy-b\/","og_locale":"pl_PL","og_type":"article","og_title":"Programowanie nadajnika-odbiornika AIS ATB1 klasy B - Ocean Signal","og_description":"Z \u0142atwo\u015bci\u0105 zaprogramuj urz\u0105dzenie nadawczo-odbiorcze AIS Ocean Signal ATB1 klasy B, aby usprawni\u0107 \u015bledzenie statk\u00f3w i zwi\u0119kszy\u0107 bezpiecze\u0144stwo. Z \u0142atwo\u015bci\u0105 upro\u015b\u0107 konfiguracj\u0119 AIS.","og_url":"https:\/\/oceansignal.com\/pl\/wsparcie\/programowanie-produktow\/programowanie-nadajnika-odbiornika-ais-atb1-klasy-b\/","og_site_name":"Ocean Signal","article_modified_time":"2024-09-30T14:52:35+00:00","og_image":[{"width":1200,"height":630,"url":"https:\/\/oceansignal.com\/wp-content\/uploads\/2024\/03\/image-social-share-04.jpg","type":"image\/jpeg"}],"twitter_card":"summary_large_image","twitter_misc":{"Szacowany czas czytania":"1 minuta"},"schema":{"@context":"https:\/\/schema.org","@graph":[{"@type":"WebPage","@id":"https:\/\/oceansignal.com\/pl\/wsparcie\/programowanie-produktow\/programowanie-nadajnika-odbiornika-ais-atb1-klasy-b\/","url":"https:\/\/oceansignal.com\/pl\/wsparcie\/programowanie-produktow\/programowanie-nadajnika-odbiornika-ais-atb1-klasy-b\/","name":"Programowanie nadajnika-odbiornika AIS ATB1 klasy B - Ocean Signal","isPartOf":{"@id":"https:\/\/oceansignal.com\/pl\/#website"},"datePublished":"2023-04-14T10:08:55+00:00","dateModified":"2024-09-30T14:52:35+00:00","description":"Z \u0142atwo\u015bci\u0105 zaprogramuj urz\u0105dzenie nadawczo-odbiorcze AIS Ocean Signal ATB1 klasy B, aby usprawni\u0107 \u015bledzenie statk\u00f3w i zwi\u0119kszy\u0107 bezpiecze\u0144stwo. Z \u0142atwo\u015bci\u0105 upro\u015b\u0107 konfiguracj\u0119 AIS.","breadcrumb":{"@id":"https:\/\/oceansignal.com\/pl\/wsparcie\/programowanie-produktow\/programowanie-nadajnika-odbiornika-ais-atb1-klasy-b\/#breadcrumb"},"inLanguage":"pl-PL","potentialAction":[{"@type":"ReadAction","target":["https:\/\/oceansignal.com\/pl\/wsparcie\/programowanie-produktow\/programowanie-nadajnika-odbiornika-ais-atb1-klasy-b\/"]}]},{"@type":"BreadcrumbList","@id":"https:\/\/oceansignal.com\/pl\/wsparcie\/programowanie-produktow\/programowanie-nadajnika-odbiornika-ais-atb1-klasy-b\/#breadcrumb","itemListElement":[{"@type":"ListItem","position":1,"name":"Wsparcie","item":"https:\/\/oceansignal.com\/pl\/wsparcie\/"},{"@type":"ListItem","position":2,"name":"Programowanie produkt\u00f3w","item":"https:\/\/oceansignal.com\/pl\/wsparcie\/programowanie-produktow\/"},{"@type":"ListItem","position":3,"name":"Programowanie nadajnika-odbiornika AIS ATB1 klasy B"}]},{"@type":"WebSite","@id":"https:\/\/oceansignal.com\/pl\/#website","url":"https:\/\/oceansignal.com\/pl\/","name":"Ocean Signal","description":"A leading manufacturer of EPIRBs, AIS, SARTs, Personal Locator Beacons, Man Overboard Beacon for the Marine and Outdoor Markets.","potentialAction":[{"@type":"SearchAction","target":{"@type":"EntryPoint","urlTemplate":"https:\/\/oceansignal.com\/pl\/?s={search_term_string}"},"query-input":{"@type":"PropertyValueSpecification","valueRequired":true,"valueName":"search_term_string"}}],"inLanguage":"pl-PL"}]}},"_links":{"self":[{"href":"https:\/\/oceansignal.com\/pl\/wp-json\/wp\/v2\/pages\/7156","targetHints":{"allow":["GET"]}}],"collection":[{"href":"https:\/\/oceansignal.com\/pl\/wp-json\/wp\/v2\/pages"}],"about":[{"href":"https:\/\/oceansignal.com\/pl\/wp-json\/wp\/v2\/types\/page"}],"author":[{"embeddable":true,"href":"https:\/\/oceansignal.com\/pl\/wp-json\/wp\/v2\/users\/2"}],"replies":[{"embeddable":true,"href":"https:\/\/oceansignal.com\/pl\/wp-json\/wp\/v2\/comments?post=7156"}],"version-history":[{"count":1,"href":"https:\/\/oceansignal.com\/pl\/wp-json\/wp\/v2\/pages\/7156\/revisions"}],"predecessor-version":[{"id":7158,"href":"https:\/\/oceansignal.com\/pl\/wp-json\/wp\/v2\/pages\/7156\/revisions\/7158"}],"up":[{"embeddable":true,"href":"https:\/\/oceansignal.com\/pl\/wp-json\/wp\/v2\/pages\/7966"}],"wp:attachment":[{"href":"https:\/\/oceansignal.com\/pl\/wp-json\/wp\/v2\/media?parent=7156"}],"curies":[{"name":"wp","href":"https:\/\/api.w.org\/{rel}","templated":true}]}}