{"id":7274,"date":"2023-04-21T11:50:04","date_gmt":"2023-04-21T11:50:04","guid":{"rendered":"https:\/\/oceansignal.com\/programowanie-mob1\/"},"modified":"2024-09-30T14:52:35","modified_gmt":"2024-09-30T14:52:35","slug":"programowanie-mob1","status":"publish","type":"page","link":"https:\/\/oceansignal.com\/pl\/wsparcie\/programowanie-produktow\/programowanie-mob1\/","title":{"rendered":"Programowanie MOB1"},"content":{"rendered":"\n<div class=\"gb-product-programming\">\n    <div class=\"gc-container \">\n                \n\n<div class=\"wp-block-columns gb-product-programming__description is-layout-flex wp-container-core-columns-is-layout-9d6595d7 wp-block-columns-is-layout-flex\">\n<div class=\"wp-block-column gb-product-programming__description__text-container is-layout-flow wp-block-column-is-layout-flow\">\n<h2 class=\"gb-product-programming__description__text-container__title wp-block-heading\" id=\"h-mob1-programming\">Programowanie MOB1<\/h2>\n\n\n\n<p class=\"gb-product-programming__description__text-container__text\">Dost\u0119pna wersja jest specyficzna dla dozwolonych funkcji DSC w Twoim kraju.\nLinki do instalatora b\u0119d\u0105 dost\u0119pne po wybraniu kraju z lokalizacji wprowadzonej poni\u017cej. <\/p>\n\n\n\n<a\n                    href=\"http:\/\/oceansignal.com\/products\/rescueme-mob1\/\"\n                class=\"gb-button-link  \"\n        target=\"_self\">\n        See product details\n<\/a>\n\n\n\n<\/div>\n\n\n\n<div class=\"wp-block-column gb-product-programming__description__divider is-layout-flow wp-block-column-is-layout-flow\"><\/div>\n\n\n\n<div class=\"wp-block-column gb-product-programming__description__image is-layout-flow wp-block-column-is-layout-flow\">\n<div class=\"gb-image\">\n\t\n<div class=\"gc-image \">\n        <img decoding=\"async\" class=\"gc-image__image  \"\n         src=\"http:\/\/oceansignal.com\/wp-content\/uploads\/2023\/04\/image-product-mob1-2.png\"\n         alt=\"\"\n    >\n<\/div><\/div>\n<\/div>\n<\/div>\n\n\n        <\/div><\/div>\n","protected":false},"excerpt":{"rendered":"","protected":false},"author":2,"featured_media":0,"parent":7966,"menu_order":0,"comment_status":"closed","ping_status":"closed","template":"pagetemplate-mob1.php","meta":{"_acf_changed":false,"om_disable_all_campaigns":false,"footnotes":""},"class_list":["post-7274","page","type-page","status-publish","hentry"],"acf":[],"yoast_head":"<!-- This site is optimized with the Yoast SEO Premium plugin v25.2 (Yoast SEO v26.4) - https:\/\/yoast.com\/wordpress\/plugins\/seo\/ -->\n<title>Programowanie MOB1 - Ocean Signal<\/title>\n<meta name=\"description\" content=\"Programowanie Ocean Signal MOB1 dla zwi\u0119kszenia bezpiecze\u0144stwa. Z \u0142atwo\u015bci\u0105 skonfiguruj sw\u00f3j sygnalizator AIS, aby zapewni\u0107 niezawodne ostrzeganie o cz\u0142owieku za burt\u0105. Zaprogramuj teraz.\" \/>\n<meta name=\"robots\" content=\"index, follow, max-snippet:-1, max-image-preview:large, max-video-preview:-1\" \/>\n<link rel=\"canonical\" href=\"https:\/\/oceansignal.com\/pl\/wsparcie\/programowanie-produktow\/programowanie-mob1\/\" \/>\n<meta property=\"og:locale\" content=\"pl_PL\" \/>\n<meta property=\"og:type\" content=\"article\" \/>\n<meta property=\"og:title\" content=\"Programowanie MOB1 - Ocean Signal\" \/>\n<meta property=\"og:description\" content=\"Programowanie Ocean Signal MOB1 dla zwi\u0119kszenia bezpiecze\u0144stwa. Z \u0142atwo\u015bci\u0105 skonfiguruj sw\u00f3j sygnalizator AIS, aby zapewni\u0107 niezawodne ostrzeganie o cz\u0142owieku za burt\u0105. Zaprogramuj teraz.\" \/>\n<meta property=\"og:url\" content=\"https:\/\/oceansignal.com\/pl\/wsparcie\/programowanie-produktow\/programowanie-mob1\/\" \/>\n<meta property=\"og:site_name\" content=\"Ocean Signal\" \/>\n<meta property=\"article:modified_time\" content=\"2024-09-30T14:52:35+00:00\" \/>\n<meta property=\"og:image\" content=\"https:\/\/oceansignal.com\/wp-content\/uploads\/2024\/03\/image-social-share-04.jpg\" \/>\n\t<meta property=\"og:image:width\" content=\"1200\" \/>\n\t<meta property=\"og:image:height\" content=\"630\" \/>\n\t<meta property=\"og:image:type\" content=\"image\/jpeg\" \/>\n<meta name=\"twitter:card\" content=\"summary_large_image\" \/>\n<script type=\"application\/ld+json\" class=\"yoast-schema-graph\">{\"@context\":\"https:\/\/schema.org\",\"@graph\":[{\"@type\":\"WebPage\",\"@id\":\"https:\/\/oceansignal.com\/pl\/wsparcie\/programowanie-produktow\/programowanie-mob1\/\",\"url\":\"https:\/\/oceansignal.com\/pl\/wsparcie\/programowanie-produktow\/programowanie-mob1\/\",\"name\":\"Programowanie MOB1 - Ocean Signal\",\"isPartOf\":{\"@id\":\"https:\/\/oceansignal.com\/pl\/#website\"},\"datePublished\":\"2023-04-21T11:50:04+00:00\",\"dateModified\":\"2024-09-30T14:52:35+00:00\",\"description\":\"Programowanie Ocean Signal MOB1 dla zwi\u0119kszenia bezpiecze\u0144stwa. Z \u0142atwo\u015bci\u0105 skonfiguruj sw\u00f3j sygnalizator AIS, aby zapewni\u0107 niezawodne ostrzeganie o cz\u0142owieku za burt\u0105. Zaprogramuj teraz.\",\"breadcrumb\":{\"@id\":\"https:\/\/oceansignal.com\/pl\/wsparcie\/programowanie-produktow\/programowanie-mob1\/#breadcrumb\"},\"inLanguage\":\"pl-PL\",\"potentialAction\":[{\"@type\":\"ReadAction\",\"target\":[\"https:\/\/oceansignal.com\/pl\/wsparcie\/programowanie-produktow\/programowanie-mob1\/\"]}]},{\"@type\":\"BreadcrumbList\",\"@id\":\"https:\/\/oceansignal.com\/pl\/wsparcie\/programowanie-produktow\/programowanie-mob1\/#breadcrumb\",\"itemListElement\":[{\"@type\":\"ListItem\",\"position\":1,\"name\":\"Wsparcie\",\"item\":\"https:\/\/oceansignal.com\/pl\/wsparcie\/\"},{\"@type\":\"ListItem\",\"position\":2,\"name\":\"Programowanie produkt\u00f3w\",\"item\":\"https:\/\/oceansignal.com\/pl\/wsparcie\/programowanie-produktow\/\"},{\"@type\":\"ListItem\",\"position\":3,\"name\":\"Programowanie MOB1\"}]},{\"@type\":\"WebSite\",\"@id\":\"https:\/\/oceansignal.com\/pl\/#website\",\"url\":\"https:\/\/oceansignal.com\/pl\/\",\"name\":\"Ocean Signal\",\"description\":\"A leading manufacturer of EPIRBs, AIS, SARTs, Personal Locator Beacons, Man Overboard Beacon for the Marine and Outdoor Markets.\",\"potentialAction\":[{\"@type\":\"SearchAction\",\"target\":{\"@type\":\"EntryPoint\",\"urlTemplate\":\"https:\/\/oceansignal.com\/pl\/?s={search_term_string}\"},\"query-input\":{\"@type\":\"PropertyValueSpecification\",\"valueRequired\":true,\"valueName\":\"search_term_string\"}}],\"inLanguage\":\"pl-PL\"}]}<\/script>\n<!-- \/ Yoast SEO Premium plugin. -->","yoast_head_json":{"title":"Programowanie MOB1 - Ocean Signal","description":"Programowanie Ocean Signal MOB1 dla zwi\u0119kszenia bezpiecze\u0144stwa. Z \u0142atwo\u015bci\u0105 skonfiguruj sw\u00f3j sygnalizator AIS, aby zapewni\u0107 niezawodne ostrzeganie o cz\u0142owieku za burt\u0105. Zaprogramuj teraz.","robots":{"index":"index","follow":"follow","max-snippet":"max-snippet:-1","max-image-preview":"max-image-preview:large","max-video-preview":"max-video-preview:-1"},"canonical":"https:\/\/oceansignal.com\/pl\/wsparcie\/programowanie-produktow\/programowanie-mob1\/","og_locale":"pl_PL","og_type":"article","og_title":"Programowanie MOB1 - Ocean Signal","og_description":"Programowanie Ocean Signal MOB1 dla zwi\u0119kszenia bezpiecze\u0144stwa. Z \u0142atwo\u015bci\u0105 skonfiguruj sw\u00f3j sygnalizator AIS, aby zapewni\u0107 niezawodne ostrzeganie o cz\u0142owieku za burt\u0105. Zaprogramuj teraz.","og_url":"https:\/\/oceansignal.com\/pl\/wsparcie\/programowanie-produktow\/programowanie-mob1\/","og_site_name":"Ocean Signal","article_modified_time":"2024-09-30T14:52:35+00:00","og_image":[{"width":1200,"height":630,"url":"https:\/\/oceansignal.com\/wp-content\/uploads\/2024\/03\/image-social-share-04.jpg","type":"image\/jpeg"}],"twitter_card":"summary_large_image","schema":{"@context":"https:\/\/schema.org","@graph":[{"@type":"WebPage","@id":"https:\/\/oceansignal.com\/pl\/wsparcie\/programowanie-produktow\/programowanie-mob1\/","url":"https:\/\/oceansignal.com\/pl\/wsparcie\/programowanie-produktow\/programowanie-mob1\/","name":"Programowanie MOB1 - Ocean Signal","isPartOf":{"@id":"https:\/\/oceansignal.com\/pl\/#website"},"datePublished":"2023-04-21T11:50:04+00:00","dateModified":"2024-09-30T14:52:35+00:00","description":"Programowanie Ocean Signal MOB1 dla zwi\u0119kszenia bezpiecze\u0144stwa. Z \u0142atwo\u015bci\u0105 skonfiguruj sw\u00f3j sygnalizator AIS, aby zapewni\u0107 niezawodne ostrzeganie o cz\u0142owieku za burt\u0105. Zaprogramuj teraz.","breadcrumb":{"@id":"https:\/\/oceansignal.com\/pl\/wsparcie\/programowanie-produktow\/programowanie-mob1\/#breadcrumb"},"inLanguage":"pl-PL","potentialAction":[{"@type":"ReadAction","target":["https:\/\/oceansignal.com\/pl\/wsparcie\/programowanie-produktow\/programowanie-mob1\/"]}]},{"@type":"BreadcrumbList","@id":"https:\/\/oceansignal.com\/pl\/wsparcie\/programowanie-produktow\/programowanie-mob1\/#breadcrumb","itemListElement":[{"@type":"ListItem","position":1,"name":"Wsparcie","item":"https:\/\/oceansignal.com\/pl\/wsparcie\/"},{"@type":"ListItem","position":2,"name":"Programowanie produkt\u00f3w","item":"https:\/\/oceansignal.com\/pl\/wsparcie\/programowanie-produktow\/"},{"@type":"ListItem","position":3,"name":"Programowanie MOB1"}]},{"@type":"WebSite","@id":"https:\/\/oceansignal.com\/pl\/#website","url":"https:\/\/oceansignal.com\/pl\/","name":"Ocean Signal","description":"A leading manufacturer of EPIRBs, AIS, SARTs, Personal Locator Beacons, Man Overboard Beacon for the Marine and Outdoor Markets.","potentialAction":[{"@type":"SearchAction","target":{"@type":"EntryPoint","urlTemplate":"https:\/\/oceansignal.com\/pl\/?s={search_term_string}"},"query-input":{"@type":"PropertyValueSpecification","valueRequired":true,"valueName":"search_term_string"}}],"inLanguage":"pl-PL"}]}},"_links":{"self":[{"href":"https:\/\/oceansignal.com\/pl\/wp-json\/wp\/v2\/pages\/7274","targetHints":{"allow":["GET"]}}],"collection":[{"href":"https:\/\/oceansignal.com\/pl\/wp-json\/wp\/v2\/pages"}],"about":[{"href":"https:\/\/oceansignal.com\/pl\/wp-json\/wp\/v2\/types\/page"}],"author":[{"embeddable":true,"href":"https:\/\/oceansignal.com\/pl\/wp-json\/wp\/v2\/users\/2"}],"replies":[{"embeddable":true,"href":"https:\/\/oceansignal.com\/pl\/wp-json\/wp\/v2\/comments?post=7274"}],"version-history":[{"count":1,"href":"https:\/\/oceansignal.com\/pl\/wp-json\/wp\/v2\/pages\/7274\/revisions"}],"predecessor-version":[{"id":7280,"href":"https:\/\/oceansignal.com\/pl\/wp-json\/wp\/v2\/pages\/7274\/revisions\/7280"}],"up":[{"embeddable":true,"href":"https:\/\/oceansignal.com\/pl\/wp-json\/wp\/v2\/pages\/7966"}],"wp:attachment":[{"href":"https:\/\/oceansignal.com\/pl\/wp-json\/wp\/v2\/media?parent=7274"}],"curies":[{"name":"wp","href":"https:\/\/api.w.org\/{rel}","templated":true}]}}