{"id":7475,"date":"2023-05-03T12:36:48","date_gmt":"2023-05-03T12:36:48","guid":{"rendered":"https:\/\/oceansignal.com\/ecomm-i-zasady-gwarancji\/"},"modified":"2025-04-17T12:39:31","modified_gmt":"2025-04-17T12:39:31","slug":"ecomm-i-zasady-gwarancji","status":"publish","type":"page","link":"https:\/\/oceansignal.com\/pl\/ecomm-i-zasady-gwarancji\/","title":{"rendered":"Ecomm og garantipolicyer"},"content":{"rendered":"\n<div class=\"gb-container-narrow\">\n    <div class=\"gc-container \">\n                \n\n<h4 class=\"wp-block-heading\" id=\"h-purchases-made-online-at-www-oceansignal-com\">Kj\u00f8p gjort online p\u00e5 www.oceansignal.com<\/h4>\n\n\n\n<p>Vi st\u00e5r bak produktene v\u00e5re. Hvis kj\u00f8pet p\u00e5 www.oceansignal.com ikke oppfyller forventningene dine, kan du returnere det for erstatning eller refusjon (eksklusive fraktkostnader) innen 30 dager etter kj\u00f8psdatoen, med unntak av det som er angitt nedenfor. For \u00e5 starte en retur, logg inn p\u00e5 kontoen din p\u00e5 www.oceansignal.com og g\u00e5 til &#8222;Ordre&#8221;-fanen. Noter bestillingsnummeret ditt og f\u00e5 tilgang til v\u00e5rt <a href=\"https:\/\/oceansignal.com\/pl\/wsparcie\/#contact-us\">kontaktskjema<\/a> via RMA-delen p\u00e5 st\u00f8ttesiden. Skriv inn kontaktinformasjonen din i skjemaet, oppgi bestillingsnummeret i meldingen din og en kort beskrivelse som indikerer hvorfor du \u00f8nsker \u00e5 returnere bestillingen. Et medlem av teamet v\u00e5rt vil ta kontakt med deg i l\u00f8pet av kort tid ang\u00e5ende de neste trinnene.     <\/p>\n\n\n\n<p>Merk: Emergency Position-Indicating Radio Beacons (EPIRBs) og Personal Locator Beacons (PLBs) kan bare returneres for full refusjon innen 30 dager etter kj\u00f8psdato hvis forseglingen ikke er brutt p\u00e5 esken. I tillegg m\u00e5 den ikke ha v\u00e6rt registrert hos Nasjonal myndighetsregistrering. Ethvert produkt som er kvalifisert for et kampanjetilbud (kontantrabatter eller gratisvarer) som har blitt innl\u00f8st, er ikke kvalifisert.  <\/p>\n\n\n\n<p>Returinstruksjoner Storbritannia og Europa:<\/p>\n\n\n\n<p>Etter \u00e5 ha mottatt et autorisasjonsnummer for returmateriale Ecommerce RMA, pakk om varen i originalemballasjen og send varene tilbake til oss med RMA-nummeret ditt tydelig skrevet p\u00e5 utsiden av pakken til adressen nedenfor.<\/p>\n\n\n\n<p>Ocean Signal ,<br\/> Enhet 4, Ocivan Way<br\/> Westwood<br\/> Margate<br\/> CT9 4NN<br\/> Storbritannia<\/p>\n\n\n\n<p>Returinstruksjoner USA\/Canada:<\/p>\n\n\n\n<p>Etter \u00e5 ha mottatt et autorisasjonsnummer for returmateriale Ecommerce RMA, pakk om varen i originalemballasjen og send varene tilbake til oss med RMA-nummeret ditt tydelig skrevet p\u00e5 utsiden av pakken til adressen nedenfor.  <\/p>\n\n\n\n<div class=\"wp-block-group\"><div class=\"wp-block-group__inner-container is-layout-constrained wp-block-group-is-layout-constrained\">\n<div class=\"wp-block-group is-vertical is-layout-flex wp-container-core-group-is-layout-8cf370e7 wp-block-group-is-layout-flex\">\n<p><strong>ACR elektronikk<\/strong><\/p>\n\n\n\n<p><strong>5757 Ravenswood Road<\/strong><\/p>\n\n\n\n<p><strong>Fort Lauderdale, FL 33312<\/strong><\/p>\n<\/div>\n<\/div><\/div>\n\n\n\n<p>Varer som inneholder farlig materiale kan kun returneres ved landforsendelser og m\u00e5 merkes med riktig Hazmat-fraktdokumentasjon (bes\u00f8k produktsiden for \u00e5 se om produktet ditt kvalifiserer).<\/p>\n\n\n\n<p>Bortsett fra i tilfeller der returen er et resultat av en feil fra Ocean Signal eller varen kommer skadet eller defekt, refunderes ikke originale fraktkostnader, og du er ansvarlig for alle returfraktkostnader. Ocean Signal vil ikke v\u00e6re ansvarlig for returer som g\u00e5r tapt under transport eller returnert til feil adresse; vennligst ta vare p\u00e5 retursporingsinformasjonen din. <\/p>\n\n\n\n<p><\/p>\n\n\n\n<h2 class=\"wp-block-heading\">Global begrenset garanti<\/h2>\n\n\n\n<p>De begrensede garantiene i den globale begrensede garantien er eksklusive og i stedet for alle andre garantier, uttrykte eller underforst\u00e5tte eller lovbestemte, inkludert ethvert ansvar som oppst\u00e5r under enhver garanti for salgbarhet eller egnethet for et bestemt form\u00e5l, lovbestemt eller p\u00e5 annen m\u00e5te. Denne garantien gir eieren spesifikke juridiske rettigheter, som kan variere fra jurisdiksjon til jurisdiksjon. <\/p>\n\n\n\n<p>Ocean Signal Ltd. eller dets tilknyttede selskaper skal ikke under noen omstendigheter holdes ansvarlig for tilfeldige, spesielle, indirekte eller f\u00f8lgeskader, enten det er et resultat av bruk, feilbruk, manglende evne til \u00e5 bruke, feilaktig tillit til eller fra eventuelle defekter i produktet. Noen jurisdiksjoner tillater ikke ekskludering av tilfeldige skader eller f\u00f8lgeskader, s\u00e5 begrensningene ovenfor gjelder kanskje ikke for deg. <\/p>\n\n\n\n<p>Den globale begrensede garantien p\u00e5virker ikke en kundes rettigheter overfor en forhandler som oppst\u00e5r fra en salgs-\/kj\u00f8pskontrakt.<\/p>\n\n\n\n<p>Produktet som er reparert eller erstattet under garantien, vil kun garanteres for den gjenv\u00e6rende saldoen av den gjeldende originale garantiperioden.<\/p>\n\n\n\n<p>I henhold til vilk\u00e5rene, betingelsene, begrensningene og unntakene i den globale begrensede garantien, garanteres alle Ocean Signal produkter \u00e5 v\u00e6re fri for defekter i materiale eller utf\u00f8relse i en periode p\u00e5 to (2) \u00e5r fra datoen produktet ble kj\u00f8pt av den opprinnelige kunden (&#8222;Standard begrenset garantiperiode&#8221;). I l\u00f8pet av denne perioden og kun for den opprinnelige kunden, vil Ocean Signal etter eget skj\u00f8nn reparere eller erstatte komponenter som svikter ved normal bruk, som, i frav\u00e6r av gjeldende lov om det motsatte, skal v\u00e6re kundens eneste og eksklusive rettsmiddel for eventuelle brudd p\u00e5 garantien. <\/p>\n\n\n\n<p>Hvis den begrensede standardgarantien gjelder deg, vil ikke Ocean Signal belaste deg for deler eller arbeid for garantireparasjoner eller -erstatninger. Kostnaden for \u00e5 transportere det garanterte produktet til Ocean Signal for reparasjon eller utskifting er imidlertid ditt ansvar og dekkes ikke av Ocean Signal . <\/p>\n\n\n\n<h2 class=\"wp-block-heading\">Utvidet begrenset garanti<\/h2>\n\n\n\n<p>I henhold til vilk\u00e5rene, betingelsene, begrensningene og ekskluderingene i den globale begrensede garantien, og unntatt garantierstatningsprodukter og produkter som brukes til vanlige kommersielle, milit\u00e6re, rettsh\u00e5ndhevelsesform\u00e5l eller relaterte form\u00e5l, er alle nye produkter registrert hos Ocean Signal innen nitti (90) dager fra datoen produktet f\u00f8rst ble kj\u00f8pt av den opprinnelige kunden, garantert \u00e5 v\u00e6re fri for materielle mangler eller mangler i en begrenset periode i l\u00f8pet av en begrenset periode. Garantiperiode&#8221;) som definert nedenfor:<\/p>\n\n\n\n<figure class=\"wp-block-table\"><table><tbody><tr><td>rescueME -produkter ( PLB1 , PLB3 , MOB1, MOB2 , EDF,<br\/> EPIRB1 , EPIRB1Pro, EPIRB2 , EPIRB2 Pro og EPIRB3 )<\/td><td>\u00a0\u2013<\/td><td>Utvidet garantiperiode 5 \u00e5r<\/td><\/tr><tr><td>safeSEA -produkter ( EPIRB3 Pro , V100, M200 og S100)<\/td><td>\u00a0\u2013<\/td><td>Ingen utvidet garanti tilgjengelig<\/td><\/tr><tr><td>Profesjonelle produkter: (M100 og M100X)<\/td><td>\u00a0\u2013<\/td><td>Ingen utvidet garanti tilgjengelig<\/td><\/tr><tr><td>AIS-produkter: (ATB1 og ATA100)<\/td><td>\u00a0\u2013<\/td><td>Utvidet garantiperiode 3 \u00e5r<\/td><\/tr><\/tbody><\/table><\/figure>\n\n\n\n<p>I l\u00f8pet av denne perioden og for den opprinnelige kunden, vil Ocean Signal , etter eget valg, reparere eller erstatte eventuelle produktkomponenter som svikter ved normal bruk, som, i frav\u00e6r av gjeldende lov om det motsatte, skal v\u00e6re kundens eneste og eksklusive rettsmiddel for eventuelle brudd p\u00e5 garantien.<\/p>\n\n\n\n<p>Etter vellykket registrering av produktet, erstatter den utvidede begrensede garantien Standard begrenset garanti.<\/p>\n\n\n\n<p>Hvis den utvidede begrensede garantien gjelder deg, vil ikke Ocean Signal belaste deg for deler eller arbeid for garantireparasjoner eller -erstatninger. Kostnaden for \u00e5 transportere det garanterte produktet til Ocean Signal for reparasjon eller utskifting er imidlertid ditt ansvar og dekkes ikke av Ocean Signal . <\/p>\n\n\n        <\/div><\/div>\n","protected":false},"excerpt":{"rendered":"","protected":false},"author":1,"featured_media":0,"parent":0,"menu_order":0,"comment_status":"closed","ping_status":"closed","template":"pagetemplate-header-gray.php","meta":{"_acf_changed":false,"om_disable_all_campaigns":false,"footnotes":""},"class_list":["post-7475","page","type-page","status-publish","hentry"],"acf":[],"yoast_head":"<!-- This site is optimized with the Yoast SEO Premium plugin v25.2 (Yoast SEO v26.4) - https:\/\/yoast.com\/wordpress\/plugins\/seo\/ -->\n<title>Ecomm og garantipolicyer - Ocean Signal<\/title>\n<meta name=\"description\" content=\"Utforsk Ocean Signal e-handels- og garantiside for p\u00e5litelig maritimt sikkerhetsutstyr. Handle trygt med v\u00e5r omfattende garantidekning.\" \/>\n<meta name=\"robots\" content=\"index, follow, max-snippet:-1, max-image-preview:large, max-video-preview:-1\" \/>\n<link rel=\"canonical\" href=\"https:\/\/oceansignal.com\/pl\/ecomm-i-zasady-gwarancji\/\" \/>\n<meta property=\"og:locale\" content=\"pl_PL\" \/>\n<meta property=\"og:type\" content=\"article\" \/>\n<meta property=\"og:title\" content=\"Ecomm og garantipolicyer - Ocean Signal\" \/>\n<meta property=\"og:description\" content=\"Utforsk Ocean Signal e-handels- og garantiside for p\u00e5litelig maritimt sikkerhetsutstyr. Handle trygt med v\u00e5r omfattende garantidekning.\" \/>\n<meta property=\"og:url\" content=\"https:\/\/oceansignal.com\/pl\/ecomm-i-zasady-gwarancji\/\" \/>\n<meta property=\"og:site_name\" content=\"Ocean Signal\" \/>\n<meta property=\"article:modified_time\" content=\"2025-04-17T12:39:31+00:00\" \/>\n<meta property=\"og:image\" content=\"https:\/\/oceansignal.com\/wp-content\/uploads\/2024\/03\/image-social-share-04.jpg\" \/>\n\t<meta property=\"og:image:width\" content=\"1200\" \/>\n\t<meta property=\"og:image:height\" content=\"630\" \/>\n\t<meta property=\"og:image:type\" content=\"image\/jpeg\" \/>\n<meta name=\"twitter:card\" content=\"summary_large_image\" \/>\n<meta name=\"twitter:label1\" content=\"Szacowany czas czytania\" \/>\n\t<meta name=\"twitter:data1\" content=\"5 minut\" \/>\n<script type=\"application\/ld+json\" class=\"yoast-schema-graph\">{\"@context\":\"https:\/\/schema.org\",\"@graph\":[{\"@type\":\"WebPage\",\"@id\":\"https:\/\/oceansignal.com\/pl\/ecomm-i-zasady-gwarancji\/\",\"url\":\"https:\/\/oceansignal.com\/pl\/ecomm-i-zasady-gwarancji\/\",\"name\":\"Ecomm og garantipolicyer - Ocean Signal\",\"isPartOf\":{\"@id\":\"https:\/\/oceansignal.com\/pl\/#website\"},\"datePublished\":\"2023-05-03T12:36:48+00:00\",\"dateModified\":\"2025-04-17T12:39:31+00:00\",\"description\":\"Utforsk Ocean Signal e-handels- og garantiside for p\u00e5litelig maritimt sikkerhetsutstyr. Handle trygt med v\u00e5r omfattende garantidekning.\",\"inLanguage\":\"pl-PL\",\"potentialAction\":[{\"@type\":\"ReadAction\",\"target\":[\"https:\/\/oceansignal.com\/pl\/ecomm-i-zasady-gwarancji\/\"]}]},{\"@type\":\"WebSite\",\"@id\":\"https:\/\/oceansignal.com\/pl\/#website\",\"url\":\"https:\/\/oceansignal.com\/pl\/\",\"name\":\"Ocean Signal\",\"description\":\"A leading manufacturer of EPIRBs, AIS, SARTs, Personal Locator Beacons, Man Overboard Beacon for the Marine and Outdoor Markets.\",\"potentialAction\":[{\"@type\":\"SearchAction\",\"target\":{\"@type\":\"EntryPoint\",\"urlTemplate\":\"https:\/\/oceansignal.com\/pl\/?s={search_term_string}\"},\"query-input\":{\"@type\":\"PropertyValueSpecification\",\"valueRequired\":true,\"valueName\":\"search_term_string\"}}],\"inLanguage\":\"pl-PL\"}]}<\/script>\n<!-- \/ Yoast SEO Premium plugin. -->","yoast_head_json":{"title":"Ecomm og garantipolicyer - Ocean Signal","description":"Utforsk Ocean Signal e-handels- og garantiside for p\u00e5litelig maritimt sikkerhetsutstyr. Handle trygt med v\u00e5r omfattende garantidekning.","robots":{"index":"index","follow":"follow","max-snippet":"max-snippet:-1","max-image-preview":"max-image-preview:large","max-video-preview":"max-video-preview:-1"},"canonical":"https:\/\/oceansignal.com\/pl\/ecomm-i-zasady-gwarancji\/","og_locale":"pl_PL","og_type":"article","og_title":"Ecomm og garantipolicyer - Ocean Signal","og_description":"Utforsk Ocean Signal e-handels- og garantiside for p\u00e5litelig maritimt sikkerhetsutstyr. Handle trygt med v\u00e5r omfattende garantidekning.","og_url":"https:\/\/oceansignal.com\/pl\/ecomm-i-zasady-gwarancji\/","og_site_name":"Ocean Signal","article_modified_time":"2025-04-17T12:39:31+00:00","og_image":[{"width":1200,"height":630,"url":"https:\/\/oceansignal.com\/wp-content\/uploads\/2024\/03\/image-social-share-04.jpg","type":"image\/jpeg"}],"twitter_card":"summary_large_image","twitter_misc":{"Szacowany czas czytania":"5 minut"},"schema":{"@context":"https:\/\/schema.org","@graph":[{"@type":"WebPage","@id":"https:\/\/oceansignal.com\/pl\/ecomm-i-zasady-gwarancji\/","url":"https:\/\/oceansignal.com\/pl\/ecomm-i-zasady-gwarancji\/","name":"Ecomm og garantipolicyer - Ocean Signal","isPartOf":{"@id":"https:\/\/oceansignal.com\/pl\/#website"},"datePublished":"2023-05-03T12:36:48+00:00","dateModified":"2025-04-17T12:39:31+00:00","description":"Utforsk Ocean Signal e-handels- og garantiside for p\u00e5litelig maritimt sikkerhetsutstyr. Handle trygt med v\u00e5r omfattende garantidekning.","inLanguage":"pl-PL","potentialAction":[{"@type":"ReadAction","target":["https:\/\/oceansignal.com\/pl\/ecomm-i-zasady-gwarancji\/"]}]},{"@type":"WebSite","@id":"https:\/\/oceansignal.com\/pl\/#website","url":"https:\/\/oceansignal.com\/pl\/","name":"Ocean Signal","description":"A leading manufacturer of EPIRBs, AIS, SARTs, Personal Locator Beacons, Man Overboard Beacon for the Marine and Outdoor Markets.","potentialAction":[{"@type":"SearchAction","target":{"@type":"EntryPoint","urlTemplate":"https:\/\/oceansignal.com\/pl\/?s={search_term_string}"},"query-input":{"@type":"PropertyValueSpecification","valueRequired":true,"valueName":"search_term_string"}}],"inLanguage":"pl-PL"}]}},"_links":{"self":[{"href":"https:\/\/oceansignal.com\/pl\/wp-json\/wp\/v2\/pages\/7475","targetHints":{"allow":["GET"]}}],"collection":[{"href":"https:\/\/oceansignal.com\/pl\/wp-json\/wp\/v2\/pages"}],"about":[{"href":"https:\/\/oceansignal.com\/pl\/wp-json\/wp\/v2\/types\/page"}],"author":[{"embeddable":true,"href":"https:\/\/oceansignal.com\/pl\/wp-json\/wp\/v2\/users\/1"}],"replies":[{"embeddable":true,"href":"https:\/\/oceansignal.com\/pl\/wp-json\/wp\/v2\/comments?post=7475"}],"version-history":[{"count":8,"href":"https:\/\/oceansignal.com\/pl\/wp-json\/wp\/v2\/pages\/7475\/revisions"}],"predecessor-version":[{"id":27337,"href":"https:\/\/oceansignal.com\/pl\/wp-json\/wp\/v2\/pages\/7475\/revisions\/27337"}],"wp:attachment":[{"href":"https:\/\/oceansignal.com\/pl\/wp-json\/wp\/v2\/media?parent=7475"}],"curies":[{"name":"wp","href":"https:\/\/api.w.org\/{rel}","templated":true}]}}