{"id":7550,"date":"2023-04-14T09:37:36","date_gmt":"2023-04-14T09:37:36","guid":{"rendered":"https:\/\/oceansignal.com\/kariery\/"},"modified":"2024-09-30T14:47:19","modified_gmt":"2024-09-30T14:47:19","slug":"kariery","status":"publish","type":"page","link":"https:\/\/oceansignal.com\/pl\/kariery\/","title":{"rendered":"Kariery"},"content":{"rendered":"\n<div class=\"gb-container-narrow\">\n    <div class=\"gc-container \">\n                \n\n<p class=\"has-medium-font-size\">W Ocean Signal nie skupiamy si\u0119 wy\u0142\u0105cznie na bezpiecze\u0144stwie morskim i outdoorowym; Jeste\u015bmy r\u00f3wnie\u017c zaanga\u017cowani w piel\u0119gnowanie talent\u00f3w i pasji.\nDo\u0142\u0105cz do naszego zespo\u0142u i sta\u0144 si\u0119 cz\u0119\u015bci\u0105 dynamicznego \u015brodowiska, w kt\u00f3rym innowacja \u0142\u0105czy si\u0119 z celem.\nNiezale\u017cnie od tego, czy jeste\u015b do\u015bwiadczonym profesjonalist\u0105, czy dopiero zaczynasz swoj\u0105 karier\u0119, oferujemy r\u00f3\u017cnorodne mo\u017cliwo\u015bci pracy w r\u00f3\u017cnych dzia\u0142ach.\nOd in\u017cynierii i rozwoju produktu po produkcj\u0119 i obs\u0142ug\u0119 klienta, cenimy po\u015bwi\u0119cenie, kreatywno\u015b\u0107 i d\u0105\u017cenie do doskona\u0142o\u015bci.\nRozpocznij satysfakcjonuj\u0105c\u0105 karier\u0119 w <a href=\"https:\/\/www.acrartex.com\/\">ACR Electronics<\/a> i Ocean Signal, gdzie Tw\u00f3j wk\u0142ad odgrywa kluczow\u0105 rol\u0119 w <a href=\"https:\/\/oceansignal.com\/cy\/survivor-stories\/explorer-wedii-achub-gan-achub-ocean-signal-me-plb1-o-ddigwyddiad-atv-critigol\/\">ratowaniu \u017cycia<\/a>.\nZapoznaj si\u0119 z naszymi aktualnymi ofertami pracy i zr\u00f3b kolejny krok w kierunku kszta\u0142towania przysz\u0142o\u015bci bezpiecze\u0144stwa morskiego.     <\/p>\n\n\n\n<p>Ocean Signal dzia\u0142a w ramach Grupy ACR, kt\u00f3ra zatrudnia ponad 250 pracownik\u00f3w i mo\u017ce pochwali\u0107 si\u0119 trzema najnowocze\u015bniejszymi centrami badawczo-rozwojowymi.\nDzi\u0119ki szerokiemu zasi\u0119gowi aktywnie poszukujemy mo\u017cliwo\u015bci biznesowych z ponad 150 cenionymi klientami na ca\u0142ym \u015bwiecie i jeste\u015bmy obecni w ponad 30 krajach.\nWsp\u00f3\u0142pracuj\u0105c z czo\u0142owymi organizacjami na ca\u0142ym \u015bwiecie, grupa od ponad pi\u0119ciu dekad prezentuje przyw\u00f3dztwo w sektorach morskim, lotniczym, l\u0105dowym i wojskowym.\nOcean Signal jest liderem w projektowaniu i produkcji satelitarnych i naziemnych radiolatarni ratunkowych, wykorzystuj\u0105cych technologie VHF \/ UHF, Iridium, DSC, AIS, GNSS i akumulator\u00f3w.\nNasze produkty s\u0105 przeznaczone na cztery g\u0142\u00f3wne rynki na ca\u0142ym \u015bwiecie: komercyjny morski, rekreacyjny, rz\u0105dowy\/wojskowy i l\u0105dowy\/rekreacyjny.    <\/p>\n\n\n\n<p class=\"has-medium-font-size\"><br\/>Skontaktuj si\u0119 z Ocean Signal pod adresem <a href=\"mailto:jobs@oceansignal.com\">jobs@oceansignal.com<\/a> ze swoim CV, je\u015bli jeste\u015b zainteresowany jakimkolwiek stanowiskiem wymienionym poni\u017cej.<\/p>\n\n\n\n<div style=\"height:82px\" aria-hidden=\"true\" class=\"wp-block-spacer\"><\/div>\n\n\n        <\/div><\/div>\n","protected":false},"excerpt":{"rendered":"<p>W Ocean Signal dost\u0119pne s\u0105 nast\u0119puj\u0105ce mo\u017cliwo\u015bci kariery<\/p>\n","protected":false},"author":2,"featured_media":0,"parent":0,"menu_order":0,"comment_status":"closed","ping_status":"closed","template":"pagetemplate-header-gray.php","meta":{"_acf_changed":false,"om_disable_all_campaigns":false,"footnotes":""},"class_list":["post-7550","page","type-page","status-publish","hentry"],"acf":[],"yoast_head":"<!-- This site is optimized with the Yoast SEO Premium plugin v25.2 (Yoast SEO v26.4) - https:\/\/yoast.com\/wordpress\/plugins\/seo\/ -->\n<title>Kariery - Ocean Signal<\/title>\n<meta name=\"description\" content=\"Poznaj ekscytuj\u0105ce mo\u017cliwo\u015bci kariery w Ocean Signal. Do\u0142\u0105cz do naszego zespo\u0142u i przyczy\u0144 si\u0119 do innowacji w zakresie bezpiecze\u0144stwa morskiego.\" \/>\n<meta name=\"robots\" content=\"index, follow, max-snippet:-1, max-image-preview:large, max-video-preview:-1\" \/>\n<link rel=\"canonical\" href=\"https:\/\/oceansignal.com\/pl\/kariery\/\" \/>\n<meta property=\"og:locale\" content=\"pl_PL\" \/>\n<meta property=\"og:type\" content=\"article\" \/>\n<meta property=\"og:title\" content=\"Kariery - Ocean Signal\" \/>\n<meta property=\"og:description\" content=\"Poznaj ekscytuj\u0105ce mo\u017cliwo\u015bci kariery w Ocean Signal. Do\u0142\u0105cz do naszego zespo\u0142u i przyczy\u0144 si\u0119 do innowacji w zakresie bezpiecze\u0144stwa morskiego.\" \/>\n<meta property=\"og:url\" content=\"https:\/\/oceansignal.com\/pl\/kariery\/\" \/>\n<meta property=\"og:site_name\" content=\"Ocean Signal\" \/>\n<meta property=\"article:modified_time\" content=\"2024-09-30T14:47:19+00:00\" \/>\n<meta property=\"og:image\" content=\"https:\/\/oceansignal.com\/wp-content\/uploads\/2024\/03\/image-social-share-04.jpg\" \/>\n\t<meta property=\"og:image:width\" content=\"1200\" \/>\n\t<meta property=\"og:image:height\" content=\"630\" \/>\n\t<meta property=\"og:image:type\" content=\"image\/jpeg\" \/>\n<meta name=\"twitter:card\" content=\"summary_large_image\" \/>\n<meta name=\"twitter:label1\" content=\"Szacowany czas czytania\" \/>\n\t<meta name=\"twitter:data1\" content=\"1 minuta\" \/>\n<script type=\"application\/ld+json\" class=\"yoast-schema-graph\">{\"@context\":\"https:\/\/schema.org\",\"@graph\":[{\"@type\":\"WebPage\",\"@id\":\"https:\/\/oceansignal.com\/pl\/kariery\/\",\"url\":\"https:\/\/oceansignal.com\/pl\/kariery\/\",\"name\":\"Kariery - Ocean Signal\",\"isPartOf\":{\"@id\":\"https:\/\/oceansignal.com\/pl\/#website\"},\"datePublished\":\"2023-04-14T09:37:36+00:00\",\"dateModified\":\"2024-09-30T14:47:19+00:00\",\"description\":\"Poznaj ekscytuj\u0105ce mo\u017cliwo\u015bci kariery w Ocean Signal. Do\u0142\u0105cz do naszego zespo\u0142u i przyczy\u0144 si\u0119 do innowacji w zakresie bezpiecze\u0144stwa morskiego.\",\"inLanguage\":\"pl-PL\",\"potentialAction\":[{\"@type\":\"ReadAction\",\"target\":[\"https:\/\/oceansignal.com\/pl\/kariery\/\"]}]},{\"@type\":\"WebSite\",\"@id\":\"https:\/\/oceansignal.com\/pl\/#website\",\"url\":\"https:\/\/oceansignal.com\/pl\/\",\"name\":\"Ocean Signal\",\"description\":\"A leading manufacturer of EPIRBs, AIS, SARTs, Personal Locator Beacons, Man Overboard Beacon for the Marine and Outdoor Markets.\",\"potentialAction\":[{\"@type\":\"SearchAction\",\"target\":{\"@type\":\"EntryPoint\",\"urlTemplate\":\"https:\/\/oceansignal.com\/pl\/?s={search_term_string}\"},\"query-input\":{\"@type\":\"PropertyValueSpecification\",\"valueRequired\":true,\"valueName\":\"search_term_string\"}}],\"inLanguage\":\"pl-PL\"}]}<\/script>\n<!-- \/ Yoast SEO Premium plugin. -->","yoast_head_json":{"title":"Kariery - Ocean Signal","description":"Poznaj ekscytuj\u0105ce mo\u017cliwo\u015bci kariery w Ocean Signal. Do\u0142\u0105cz do naszego zespo\u0142u i przyczy\u0144 si\u0119 do innowacji w zakresie bezpiecze\u0144stwa morskiego.","robots":{"index":"index","follow":"follow","max-snippet":"max-snippet:-1","max-image-preview":"max-image-preview:large","max-video-preview":"max-video-preview:-1"},"canonical":"https:\/\/oceansignal.com\/pl\/kariery\/","og_locale":"pl_PL","og_type":"article","og_title":"Kariery - Ocean Signal","og_description":"Poznaj ekscytuj\u0105ce mo\u017cliwo\u015bci kariery w Ocean Signal. Do\u0142\u0105cz do naszego zespo\u0142u i przyczy\u0144 si\u0119 do innowacji w zakresie bezpiecze\u0144stwa morskiego.","og_url":"https:\/\/oceansignal.com\/pl\/kariery\/","og_site_name":"Ocean Signal","article_modified_time":"2024-09-30T14:47:19+00:00","og_image":[{"width":1200,"height":630,"url":"https:\/\/oceansignal.com\/wp-content\/uploads\/2024\/03\/image-social-share-04.jpg","type":"image\/jpeg"}],"twitter_card":"summary_large_image","twitter_misc":{"Szacowany czas czytania":"1 minuta"},"schema":{"@context":"https:\/\/schema.org","@graph":[{"@type":"WebPage","@id":"https:\/\/oceansignal.com\/pl\/kariery\/","url":"https:\/\/oceansignal.com\/pl\/kariery\/","name":"Kariery - Ocean Signal","isPartOf":{"@id":"https:\/\/oceansignal.com\/pl\/#website"},"datePublished":"2023-04-14T09:37:36+00:00","dateModified":"2024-09-30T14:47:19+00:00","description":"Poznaj ekscytuj\u0105ce mo\u017cliwo\u015bci kariery w Ocean Signal. Do\u0142\u0105cz do naszego zespo\u0142u i przyczy\u0144 si\u0119 do innowacji w zakresie bezpiecze\u0144stwa morskiego.","inLanguage":"pl-PL","potentialAction":[{"@type":"ReadAction","target":["https:\/\/oceansignal.com\/pl\/kariery\/"]}]},{"@type":"WebSite","@id":"https:\/\/oceansignal.com\/pl\/#website","url":"https:\/\/oceansignal.com\/pl\/","name":"Ocean Signal","description":"A leading manufacturer of EPIRBs, AIS, SARTs, Personal Locator Beacons, Man Overboard Beacon for the Marine and Outdoor Markets.","potentialAction":[{"@type":"SearchAction","target":{"@type":"EntryPoint","urlTemplate":"https:\/\/oceansignal.com\/pl\/?s={search_term_string}"},"query-input":{"@type":"PropertyValueSpecification","valueRequired":true,"valueName":"search_term_string"}}],"inLanguage":"pl-PL"}]}},"_links":{"self":[{"href":"https:\/\/oceansignal.com\/pl\/wp-json\/wp\/v2\/pages\/7550","targetHints":{"allow":["GET"]}}],"collection":[{"href":"https:\/\/oceansignal.com\/pl\/wp-json\/wp\/v2\/pages"}],"about":[{"href":"https:\/\/oceansignal.com\/pl\/wp-json\/wp\/v2\/types\/page"}],"author":[{"embeddable":true,"href":"https:\/\/oceansignal.com\/pl\/wp-json\/wp\/v2\/users\/2"}],"replies":[{"embeddable":true,"href":"https:\/\/oceansignal.com\/pl\/wp-json\/wp\/v2\/comments?post=7550"}],"version-history":[{"count":1,"href":"https:\/\/oceansignal.com\/pl\/wp-json\/wp\/v2\/pages\/7550\/revisions"}],"predecessor-version":[{"id":7551,"href":"https:\/\/oceansignal.com\/pl\/wp-json\/wp\/v2\/pages\/7550\/revisions\/7551"}],"wp:attachment":[{"href":"https:\/\/oceansignal.com\/pl\/wp-json\/wp\/v2\/media?parent=7550"}],"curies":[{"name":"wp","href":"https:\/\/api.w.org\/{rel}","templated":true}]}}