{"id":7966,"date":"2023-04-14T09:51:51","date_gmt":"2023-04-14T09:51:51","guid":{"rendered":"https:\/\/oceansignal.com\/programowanie-produktow\/"},"modified":"2024-09-30T14:58:26","modified_gmt":"2024-09-30T14:58:26","slug":"programowanie-produktow","status":"publish","type":"page","link":"https:\/\/oceansignal.com\/pl\/wsparcie\/programowanie-produktow\/","title":{"rendered":"Programowanie produkt\u00f3w"},"content":{"rendered":"\n<div class=\"gb-support-block\">\n\t<div class=\"gc-container \">\n    \t\t\t\n\n<div class=\"gb-support-item\">\n\t\t\t\n\n<div class=\"wp-block-column gb-support-item__column gb-support-item__image-container is-layout-flow wp-block-column-is-layout-flow\">\n<div class=\"gb-image\">\n\t\n<div class=\"gc-image \">\n        <img decoding=\"async\" class=\"gc-image__image  \"\n         src=\"http:\/\/oceansignal.com\/wp-content\/uploads\/2023\/04\/image-product-ais-alarm-box.png\"\n         alt=\"\"\n    >\n<\/div><\/div>\n<\/div>\n\n\n\n<div class=\"wp-block-column gb-support-item__column-divider is-layout-flow wp-block-column-is-layout-flow\"><\/div>\n\n\n\n<div class=\"wp-block-column gb-support-item__column gb-support-item__text-container is-layout-flow wp-block-column-is-layout-flow\">\n<h6 class=\"wp-block-heading gb-support-item__text-container__title\" id=\"h-ais-alarm-box\">Skrzynka alarmowa AIS<\/h6>\n\n\n\n<p class=\"gb-support-item__text-container__text\">Aby zaprogramowa\u0107 ten produkt, wybierz przycisk poni\u017cej.<\/p>\n\n\n\n<a\n\t\t\thref=\"http:\/\/oceansignal.com\/support\/product-programming\/ais-alarm-box-programming\/\"\n\t\tclass=\"gb-button gb-button--primary \"\n\ttarget=\"_self\">\n\t\tProgram product\n<\/a>\n<\/div>\n\n\n\t<\/div>\n\n\n\n<div class=\"gb-support-item\">\n\t\t\t\n\n<div class=\"wp-block-column gb-support-item__column gb-support-item__image-container is-layout-flow wp-block-column-is-layout-flow\">\n<div class=\"gb-image\">\n\t\n<div class=\"gc-image \">\n        <img decoding=\"async\" class=\"gc-image__image  \"\n         src=\"http:\/\/oceansignal.com\/wp-content\/uploads\/2023\/04\/image-product-mob1-1.png\"\n         alt=\"\"\n    >\n<\/div><\/div>\n<\/div>\n\n\n\n<div class=\"wp-block-column gb-support-item__column-divider is-layout-flow wp-block-column-is-layout-flow\"><\/div>\n\n\n\n<div class=\"wp-block-column gb-support-item__column gb-support-item__text-container is-layout-flow wp-block-column-is-layout-flow\">\n<h6 class=\"wp-block-heading gb-support-item__text-container__title\" id=\"h-mob1\">MOB1 powiedzia\u0142:<\/h6>\n\n\n\n<p class=\"gb-support-item__text-container__text\">Aby zaprogramowa\u0107 ten produkt, wybierz przycisk poni\u017cej.<\/p>\n\n\n\n<a\n\t\t\thref=\"http:\/\/oceansignal.com\/support\/product-programming\/mob1-programming\/\"\n\t\tclass=\"gb-button gb-button--primary \"\n\ttarget=\"_self\">\n\t\tProgram product\n<\/a>\n<\/div>\n\n\n\t<\/div>\n\n\n\n<div class=\"gb-support-item\">\n\t\t\t\n\n<div class=\"wp-block-column gb-support-item__column gb-support-item__image-container is-layout-flow wp-block-column-is-layout-flow\">\n<div class=\"gb-image\">\n\t\n<div class=\"gc-image \">\n        <img decoding=\"async\" class=\"gc-image__image  \"\n         src=\"http:\/\/oceansignal.com\/wp-content\/uploads\/2023\/04\/image-products-atb1.png\"\n         alt=\"\"\n    >\n<\/div><\/div>\n<\/div>\n\n\n\n<div class=\"wp-block-column gb-support-item__column-divider is-layout-flow wp-block-column-is-layout-flow\"><\/div>\n\n\n\n<div class=\"wp-block-column gb-support-item__column gb-support-item__text-container is-layout-flow wp-block-column-is-layout-flow\">\n<h6 class=\"wp-block-heading gb-support-item__text-container__title\" id=\"h-atb1-class-b-ais-transceiver\">Transceiver AIS klasy B ATB1<\/h6>\n\n\n\n<p class=\"gb-support-item__text-container__text\">Aby zaprogramowa\u0107 ten produkt, wybierz przycisk poni\u017cej.<\/p>\n\n\n\n<a\n\t\t\thref=\"http:\/\/oceansignal.com\/support\/product-programming\/atb1-class-b-ais-transceiver-programming\/\"\n\t\tclass=\"gb-button gb-button--primary \"\n\ttarget=\"_self\">\n\t\tProgram product\n<\/a>\n<\/div>\n\n\n\t<\/div>\n\n\n\t\t<\/div><\/div>\n\n<div class=\"gb-container-narrow\">\n    <div class=\"gc-container \">\n                \n\n<p>Prawid\u0142owe programowanie <a href=\"https:\/\/oceansignal.com\/pl\/produktow\/\">produkt\u00f3w Ocean Signal<\/a> ma kluczowe znaczenie dla maksymalizacji ich skuteczno\u015bci w zapewnianiu bezpiecze\u0144stwa na morzu.\nUrz\u0105dzenia te, pocz\u0105wszy od sygnalizator\u00f3w alarmowych, a sko\u0144czywszy na systemach AIS, opieraj\u0105 si\u0119 na dok\u0142adnej konfiguracji, aby optymalnie dzia\u0142a\u0107 w sytuacjach awaryjnych.\nPrecyzyjne programowanie zapewnia, \u017ce sygna\u0142y alarmowe s\u0105 przesy\u0142ane z prawid\u0142owymi informacjami, co umo\u017cliwia szybk\u0105 i dok\u0142adn\u0105 reakcj\u0119 zespo\u0142\u00f3w poszukiwawczo-ratowniczych.\nPonadto programowanie pozwala u\u017cytkownikom dostosowa\u0107 ustawienia do konkretnych potrzeb statku i operacji, zwi\u0119kszaj\u0105c niezawodno\u015b\u0107 i zmniejszaj\u0105c liczb\u0119 fa\u0142szywych alarm\u00f3w.     <\/p>\n\n\n        <\/div><\/div>\n","protected":false},"excerpt":{"rendered":"<p>Aby zaprogramowa\u0107 sw\u00f3j produkt, musisz najpierw wybra\u0107 typ produktu.<\/p>\n","protected":false},"author":2,"featured_media":0,"parent":8359,"menu_order":0,"comment_status":"closed","ping_status":"closed","template":"pagetemplate-header-orange.php","meta":{"_acf_changed":false,"om_disable_all_campaigns":false,"footnotes":""},"class_list":["post-7966","page","type-page","status-publish","hentry"],"acf":[],"yoast_head":"<!-- This site is optimized with the Yoast SEO Premium plugin v25.2 (Yoast SEO v26.4) - https:\/\/yoast.com\/wordpress\/plugins\/seo\/ -->\n<title>Programowanie produkt\u00f3w - Ocean Signal<\/title>\n<meta name=\"description\" content=\"Programowanie produkt\u00f3w Ocean Signal: Dostosuj swoje morskie urz\u0105dzenia bezpiecze\u0144stwa, aby uzyska\u0107 optymaln\u0105 wydajno\u015b\u0107. Zapewnij precyzyjne ustawienia, aby zwi\u0119kszy\u0107 bezpiecze\u0144stwo na pok\u0142adzie.\" \/>\n<meta name=\"robots\" content=\"index, follow, max-snippet:-1, max-image-preview:large, max-video-preview:-1\" \/>\n<link rel=\"canonical\" href=\"https:\/\/oceansignal.com\/pl\/wsparcie\/programowanie-produktow\/\" \/>\n<meta property=\"og:locale\" content=\"pl_PL\" \/>\n<meta property=\"og:type\" content=\"article\" \/>\n<meta property=\"og:title\" content=\"Programowanie produkt\u00f3w - Ocean Signal\" \/>\n<meta property=\"og:description\" content=\"Programowanie produkt\u00f3w Ocean Signal: Dostosuj swoje morskie urz\u0105dzenia bezpiecze\u0144stwa, aby uzyska\u0107 optymaln\u0105 wydajno\u015b\u0107. Zapewnij precyzyjne ustawienia, aby zwi\u0119kszy\u0107 bezpiecze\u0144stwo na pok\u0142adzie.\" \/>\n<meta property=\"og:url\" content=\"https:\/\/oceansignal.com\/pl\/wsparcie\/programowanie-produktow\/\" \/>\n<meta property=\"og:site_name\" content=\"Ocean Signal\" \/>\n<meta property=\"article:modified_time\" content=\"2024-09-30T14:58:26+00:00\" \/>\n<meta property=\"og:image\" content=\"https:\/\/oceansignal.com\/wp-content\/uploads\/2024\/03\/image-social-share-04.jpg\" \/>\n\t<meta property=\"og:image:width\" content=\"1200\" \/>\n\t<meta property=\"og:image:height\" content=\"630\" \/>\n\t<meta property=\"og:image:type\" content=\"image\/jpeg\" \/>\n<meta name=\"twitter:card\" content=\"summary_large_image\" \/>\n<meta name=\"twitter:label1\" content=\"Szacowany czas czytania\" \/>\n\t<meta name=\"twitter:data1\" content=\"1 minuta\" \/>\n<script type=\"application\/ld+json\" class=\"yoast-schema-graph\">{\"@context\":\"https:\/\/schema.org\",\"@graph\":[{\"@type\":\"WebPage\",\"@id\":\"https:\/\/oceansignal.com\/pl\/wsparcie\/programowanie-produktow\/\",\"url\":\"https:\/\/oceansignal.com\/pl\/wsparcie\/programowanie-produktow\/\",\"name\":\"Programowanie produkt\u00f3w - Ocean Signal\",\"isPartOf\":{\"@id\":\"https:\/\/oceansignal.com\/pl\/#website\"},\"datePublished\":\"2023-04-14T09:51:51+00:00\",\"dateModified\":\"2024-09-30T14:58:26+00:00\",\"description\":\"Programowanie produkt\u00f3w Ocean Signal: Dostosuj swoje morskie urz\u0105dzenia bezpiecze\u0144stwa, aby uzyska\u0107 optymaln\u0105 wydajno\u015b\u0107. Zapewnij precyzyjne ustawienia, aby zwi\u0119kszy\u0107 bezpiecze\u0144stwo na pok\u0142adzie.\",\"breadcrumb\":{\"@id\":\"https:\/\/oceansignal.com\/pl\/wsparcie\/programowanie-produktow\/#breadcrumb\"},\"inLanguage\":\"pl-PL\",\"potentialAction\":[{\"@type\":\"ReadAction\",\"target\":[\"https:\/\/oceansignal.com\/pl\/wsparcie\/programowanie-produktow\/\"]}]},{\"@type\":\"BreadcrumbList\",\"@id\":\"https:\/\/oceansignal.com\/pl\/wsparcie\/programowanie-produktow\/#breadcrumb\",\"itemListElement\":[{\"@type\":\"ListItem\",\"position\":1,\"name\":\"Wsparcie\",\"item\":\"https:\/\/oceansignal.com\/pl\/wsparcie\/\"},{\"@type\":\"ListItem\",\"position\":2,\"name\":\"Programowanie produkt\u00f3w\"}]},{\"@type\":\"WebSite\",\"@id\":\"https:\/\/oceansignal.com\/pl\/#website\",\"url\":\"https:\/\/oceansignal.com\/pl\/\",\"name\":\"Ocean Signal\",\"description\":\"A leading manufacturer of EPIRBs, AIS, SARTs, Personal Locator Beacons, Man Overboard Beacon for the Marine and Outdoor Markets.\",\"potentialAction\":[{\"@type\":\"SearchAction\",\"target\":{\"@type\":\"EntryPoint\",\"urlTemplate\":\"https:\/\/oceansignal.com\/pl\/?s={search_term_string}\"},\"query-input\":{\"@type\":\"PropertyValueSpecification\",\"valueRequired\":true,\"valueName\":\"search_term_string\"}}],\"inLanguage\":\"pl-PL\"}]}<\/script>\n<!-- \/ Yoast SEO Premium plugin. -->","yoast_head_json":{"title":"Programowanie produkt\u00f3w - Ocean Signal","description":"Programowanie produkt\u00f3w Ocean Signal: Dostosuj swoje morskie urz\u0105dzenia bezpiecze\u0144stwa, aby uzyska\u0107 optymaln\u0105 wydajno\u015b\u0107. Zapewnij precyzyjne ustawienia, aby zwi\u0119kszy\u0107 bezpiecze\u0144stwo na pok\u0142adzie.","robots":{"index":"index","follow":"follow","max-snippet":"max-snippet:-1","max-image-preview":"max-image-preview:large","max-video-preview":"max-video-preview:-1"},"canonical":"https:\/\/oceansignal.com\/pl\/wsparcie\/programowanie-produktow\/","og_locale":"pl_PL","og_type":"article","og_title":"Programowanie produkt\u00f3w - Ocean Signal","og_description":"Programowanie produkt\u00f3w Ocean Signal: Dostosuj swoje morskie urz\u0105dzenia bezpiecze\u0144stwa, aby uzyska\u0107 optymaln\u0105 wydajno\u015b\u0107. Zapewnij precyzyjne ustawienia, aby zwi\u0119kszy\u0107 bezpiecze\u0144stwo na pok\u0142adzie.","og_url":"https:\/\/oceansignal.com\/pl\/wsparcie\/programowanie-produktow\/","og_site_name":"Ocean Signal","article_modified_time":"2024-09-30T14:58:26+00:00","og_image":[{"width":1200,"height":630,"url":"https:\/\/oceansignal.com\/wp-content\/uploads\/2024\/03\/image-social-share-04.jpg","type":"image\/jpeg"}],"twitter_card":"summary_large_image","twitter_misc":{"Szacowany czas czytania":"1 minuta"},"schema":{"@context":"https:\/\/schema.org","@graph":[{"@type":"WebPage","@id":"https:\/\/oceansignal.com\/pl\/wsparcie\/programowanie-produktow\/","url":"https:\/\/oceansignal.com\/pl\/wsparcie\/programowanie-produktow\/","name":"Programowanie produkt\u00f3w - Ocean Signal","isPartOf":{"@id":"https:\/\/oceansignal.com\/pl\/#website"},"datePublished":"2023-04-14T09:51:51+00:00","dateModified":"2024-09-30T14:58:26+00:00","description":"Programowanie produkt\u00f3w Ocean Signal: Dostosuj swoje morskie urz\u0105dzenia bezpiecze\u0144stwa, aby uzyska\u0107 optymaln\u0105 wydajno\u015b\u0107. Zapewnij precyzyjne ustawienia, aby zwi\u0119kszy\u0107 bezpiecze\u0144stwo na pok\u0142adzie.","breadcrumb":{"@id":"https:\/\/oceansignal.com\/pl\/wsparcie\/programowanie-produktow\/#breadcrumb"},"inLanguage":"pl-PL","potentialAction":[{"@type":"ReadAction","target":["https:\/\/oceansignal.com\/pl\/wsparcie\/programowanie-produktow\/"]}]},{"@type":"BreadcrumbList","@id":"https:\/\/oceansignal.com\/pl\/wsparcie\/programowanie-produktow\/#breadcrumb","itemListElement":[{"@type":"ListItem","position":1,"name":"Wsparcie","item":"https:\/\/oceansignal.com\/pl\/wsparcie\/"},{"@type":"ListItem","position":2,"name":"Programowanie produkt\u00f3w"}]},{"@type":"WebSite","@id":"https:\/\/oceansignal.com\/pl\/#website","url":"https:\/\/oceansignal.com\/pl\/","name":"Ocean Signal","description":"A leading manufacturer of EPIRBs, AIS, SARTs, Personal Locator Beacons, Man Overboard Beacon for the Marine and Outdoor Markets.","potentialAction":[{"@type":"SearchAction","target":{"@type":"EntryPoint","urlTemplate":"https:\/\/oceansignal.com\/pl\/?s={search_term_string}"},"query-input":{"@type":"PropertyValueSpecification","valueRequired":true,"valueName":"search_term_string"}}],"inLanguage":"pl-PL"}]}},"_links":{"self":[{"href":"https:\/\/oceansignal.com\/pl\/wp-json\/wp\/v2\/pages\/7966","targetHints":{"allow":["GET"]}}],"collection":[{"href":"https:\/\/oceansignal.com\/pl\/wp-json\/wp\/v2\/pages"}],"about":[{"href":"https:\/\/oceansignal.com\/pl\/wp-json\/wp\/v2\/types\/page"}],"author":[{"embeddable":true,"href":"https:\/\/oceansignal.com\/pl\/wp-json\/wp\/v2\/users\/2"}],"replies":[{"embeddable":true,"href":"https:\/\/oceansignal.com\/pl\/wp-json\/wp\/v2\/comments?post=7966"}],"version-history":[{"count":1,"href":"https:\/\/oceansignal.com\/pl\/wp-json\/wp\/v2\/pages\/7966\/revisions"}],"predecessor-version":[{"id":7968,"href":"https:\/\/oceansignal.com\/pl\/wp-json\/wp\/v2\/pages\/7966\/revisions\/7968"}],"up":[{"embeddable":true,"href":"https:\/\/oceansignal.com\/pl\/wp-json\/wp\/v2\/pages\/8359"}],"wp:attachment":[{"href":"https:\/\/oceansignal.com\/pl\/wp-json\/wp\/v2\/media?parent=7966"}],"curies":[{"name":"wp","href":"https:\/\/api.w.org\/{rel}","templated":true}]}}