{"id":8252,"date":"2023-05-03T12:36:05","date_gmt":"2023-05-03T12:36:05","guid":{"rendered":"https:\/\/oceansignal.com\/polityka-gwarancyjna\/"},"modified":"2025-03-06T13:45:48","modified_gmt":"2025-03-06T13:45:48","slug":"polityka-gwarancyjna","status":"publish","type":"page","link":"https:\/\/oceansignal.com\/pl\/polityka-gwarancyjna\/","title":{"rendered":"Garantipolicy"},"content":{"rendered":"\n<div class=\"gb-container-narrow\">\n    <div class=\"gc-container \">\n                \n\n<p><strong>Global begrenset garanti<\/strong><\/p>\n\n\n\n<p>De begrensede garantiene i den globale begrensede garantien er eksklusive og i stedet for alle andre garantier, uttrykte eller underforst\u00e5tte eller lovbestemte, inkludert ethvert ansvar som oppst\u00e5r under enhver garanti for salgbarhet eller egnethet for et bestemt form\u00e5l, lovbestemt eller p\u00e5 annen m\u00e5te. Denne garantien gir eieren spesifikke juridiske rettigheter, som kan variere fra jurisdiksjon til jurisdiksjon. <\/p>\n\n\n\n<p>Ocean Signal Ltd. eller dets tilknyttede selskaper skal ikke under noen omstendigheter holdes ansvarlig for tilfeldige, spesielle, indirekte eller f\u00f8lgeskader, enten det er et resultat av bruk, feilbruk, manglende evne til \u00e5 bruke, feilaktig tillit til eller fra eventuelle defekter i produktet. Noen jurisdiksjoner tillater ikke ekskludering av tilfeldige skader eller f\u00f8lgeskader, s\u00e5 begrensningene ovenfor gjelder kanskje ikke for deg. <\/p>\n\n\n\n<p>Den globale begrensede garantien p\u00e5virker ikke en kundes rettigheter overfor en forhandler som oppst\u00e5r fra en salgs-\/kj\u00f8pskontrakt.<\/p>\n\n\n\n<p>Produktet som er reparert eller erstattet under garantien, vil kun garanteres for den gjenv\u00e6rende saldoen av den gjeldende originale garantiperioden.<\/p>\n\n\n\n<p>I henhold til vilk\u00e5rene, betingelsene, begrensningene og unntakene i den globale begrensede garantien, garanteres alle Ocean Signal produkter \u00e5 v\u00e6re fri for defekter i materiale eller utf\u00f8relse i en periode p\u00e5 to (2) \u00e5r fra datoen produktet ble kj\u00f8pt av den opprinnelige kunden (&#8222;Standard begrenset garantiperiode&#8221;). I l\u00f8pet av denne perioden og kun for den opprinnelige kunden, vil Ocean Signal etter eget skj\u00f8nn reparere eller erstatte komponenter som svikter ved normal bruk, som, i frav\u00e6r av gjeldende lov om det motsatte, skal v\u00e6re kundens eneste og eksklusive rettsmiddel for eventuelle brudd p\u00e5 garantien. <\/p>\n\n\n\n<p>Hvis den begrensede standardgarantien gjelder deg, vil ikke Ocean Signal belaste deg for deler eller arbeid for garantireparasjoner eller -erstatninger. Kostnaden for \u00e5 transportere det garanterte produktet til Ocean Signal for reparasjon eller utskifting er imidlertid ditt ansvar og dekkes ikke av Ocean Signal . <\/p>\n\n\n\n<p><strong>Utvidet begrenset garanti<\/strong><\/p>\n\n\n\n<p>I henhold til vilk\u00e5rene, betingelsene, begrensningene og ekskluderingene i den globale begrensede garantien, og unntatt garantierstatningsprodukter og produkter som brukes til vanlige kommersielle, milit\u00e6re, rettsh\u00e5ndhevelsesform\u00e5l eller relaterte form\u00e5l, er alle nye produkter registrert hos Ocean Signal innen nitti (90) dager fra datoen produktet f\u00f8rst ble kj\u00f8pt av den opprinnelige kunden, garantert \u00e5 v\u00e6re fri for materielle mangler eller mangler i en begrenset periode i l\u00f8pet av en begrenset periode. Garantiperiode&#8221;) som definert nedenfor:<\/p>\n\n\n\n<ul class=\"wp-block-list\">\n<li>rescueME -produkter ( PLB1 , PLB3 , MOB1, EDF, EPIRB1, EPIRB1Pro, EPIRB2, EPIRB2 Pro og EPIRB3) &#8211; Utvidet garantiperiode 5 \u00e5r<\/li>\n<\/ul>\n\n\n\n<ul class=\"wp-block-list\">\n<li>safeSEA-produkter (EPIRB3 Pro , V100 og S100) &#8211; Ingen utvidet garanti tilgjengelig<\/li>\n<\/ul>\n\n\n\n<ul class=\"wp-block-list\">\n<li>Profesjonelle produkter: (M100 og M100X) &#8211; Ingen utvidet garanti tilgjengelig<\/li>\n<\/ul>\n\n\n\n<ul class=\"wp-block-list\">\n<li>AIS-produkter: (ATB1) &#8211; Utvidet garantiperiode 3 \u00e5r<\/li>\n<\/ul>\n\n\n\n<p>I l\u00f8pet av denne perioden og for den opprinnelige kunden, vil Ocean Signal , etter eget valg, reparere eller erstatte eventuelle produktkomponenter som svikter ved normal bruk, som, i frav\u00e6r av gjeldende lov om det motsatte, skal v\u00e6re kundens eneste og eksklusive rettsmiddel for eventuelle brudd p\u00e5 garantien.<\/p>\n\n\n\n<p>Etter vellykket registrering av produktet, erstatter den utvidede begrensede garantien Standard begrenset garanti.<\/p>\n\n\n\n<p>S\u00f8k om utvidet garanti her: <a href=\"https:\/\/oceansignal.com\/my-account\/products\/\">UTVIDG<\/a> <a href=\"https:\/\/oceansignal.com\/my-account\/products\/create\/\">DIN GARANTI<\/a> Hvis den utvidede begrensede garantien gjelder deg, vil ikke Ocean Signal belaste deg for deler eller arbeid for garantireparasjoner eller -erstatninger. Kostnaden for \u00e5 transportere det garanterte produktet til Ocean Signal for reparasjon eller utskifting er imidlertid ditt ansvar og dekkes ikke av Ocean Signal . <\/p>\n\n\n        <\/div><\/div>\n","protected":false},"excerpt":{"rendered":"","protected":false},"author":1,"featured_media":0,"parent":0,"menu_order":0,"comment_status":"closed","ping_status":"closed","template":"pagetemplate-header-gray.php","meta":{"_acf_changed":false,"om_disable_all_campaigns":false,"footnotes":""},"class_list":["post-8252","page","type-page","status-publish","hentry"],"acf":[],"yoast_head":"<!-- This site is optimized with the Yoast SEO Premium plugin v25.2 (Yoast SEO v26.4) - https:\/\/yoast.com\/wordpress\/plugins\/seo\/ -->\n<title>Garantipolicy - Ocean Signal<\/title>\n<meta name=\"description\" content=\"Oppdag Ocean Signal omfattende garantipolicy for trygghet med sikkerhetsutstyret ditt. Stol p\u00e5 v\u00e5r forpliktelse til kvalitet.\" \/>\n<meta name=\"robots\" content=\"index, follow, max-snippet:-1, max-image-preview:large, max-video-preview:-1\" \/>\n<link rel=\"canonical\" href=\"https:\/\/oceansignal.com\/pl\/polityka-gwarancyjna\/\" \/>\n<meta property=\"og:locale\" content=\"pl_PL\" \/>\n<meta property=\"og:type\" content=\"article\" \/>\n<meta property=\"og:title\" content=\"Garantipolicy - Ocean Signal\" \/>\n<meta property=\"og:description\" content=\"Oppdag Ocean Signal omfattende garantipolicy for trygghet med sikkerhetsutstyret ditt. Stol p\u00e5 v\u00e5r forpliktelse til kvalitet.\" \/>\n<meta property=\"og:url\" content=\"https:\/\/oceansignal.com\/pl\/polityka-gwarancyjna\/\" \/>\n<meta property=\"og:site_name\" content=\"Ocean Signal\" \/>\n<meta property=\"article:modified_time\" content=\"2025-03-06T13:45:48+00:00\" \/>\n<meta property=\"og:image\" content=\"https:\/\/oceansignal.com\/wp-content\/uploads\/2024\/03\/image-social-share-04.jpg\" \/>\n\t<meta property=\"og:image:width\" content=\"1200\" \/>\n\t<meta property=\"og:image:height\" content=\"630\" \/>\n\t<meta property=\"og:image:type\" content=\"image\/jpeg\" \/>\n<meta name=\"twitter:card\" content=\"summary_large_image\" \/>\n<meta name=\"twitter:label1\" content=\"Szacowany czas czytania\" \/>\n\t<meta name=\"twitter:data1\" content=\"3 minuty\" \/>\n<script type=\"application\/ld+json\" class=\"yoast-schema-graph\">{\"@context\":\"https:\/\/schema.org\",\"@graph\":[{\"@type\":\"WebPage\",\"@id\":\"https:\/\/oceansignal.com\/pl\/polityka-gwarancyjna\/\",\"url\":\"https:\/\/oceansignal.com\/pl\/polityka-gwarancyjna\/\",\"name\":\"Garantipolicy - Ocean Signal\",\"isPartOf\":{\"@id\":\"https:\/\/oceansignal.com\/pl\/#website\"},\"datePublished\":\"2023-05-03T12:36:05+00:00\",\"dateModified\":\"2025-03-06T13:45:48+00:00\",\"description\":\"Oppdag Ocean Signal omfattende garantipolicy for trygghet med sikkerhetsutstyret ditt. Stol p\u00e5 v\u00e5r forpliktelse til kvalitet.\",\"inLanguage\":\"pl-PL\",\"potentialAction\":[{\"@type\":\"ReadAction\",\"target\":[\"https:\/\/oceansignal.com\/pl\/polityka-gwarancyjna\/\"]}]},{\"@type\":\"WebSite\",\"@id\":\"https:\/\/oceansignal.com\/pl\/#website\",\"url\":\"https:\/\/oceansignal.com\/pl\/\",\"name\":\"Ocean Signal\",\"description\":\"A leading manufacturer of EPIRBs, AIS, SARTs, Personal Locator Beacons, Man Overboard Beacon for the Marine and Outdoor Markets.\",\"potentialAction\":[{\"@type\":\"SearchAction\",\"target\":{\"@type\":\"EntryPoint\",\"urlTemplate\":\"https:\/\/oceansignal.com\/pl\/?s={search_term_string}\"},\"query-input\":{\"@type\":\"PropertyValueSpecification\",\"valueRequired\":true,\"valueName\":\"search_term_string\"}}],\"inLanguage\":\"pl-PL\"}]}<\/script>\n<!-- \/ Yoast SEO Premium plugin. -->","yoast_head_json":{"title":"Garantipolicy - Ocean Signal","description":"Oppdag Ocean Signal omfattende garantipolicy for trygghet med sikkerhetsutstyret ditt. Stol p\u00e5 v\u00e5r forpliktelse til kvalitet.","robots":{"index":"index","follow":"follow","max-snippet":"max-snippet:-1","max-image-preview":"max-image-preview:large","max-video-preview":"max-video-preview:-1"},"canonical":"https:\/\/oceansignal.com\/pl\/polityka-gwarancyjna\/","og_locale":"pl_PL","og_type":"article","og_title":"Garantipolicy - Ocean Signal","og_description":"Oppdag Ocean Signal omfattende garantipolicy for trygghet med sikkerhetsutstyret ditt. Stol p\u00e5 v\u00e5r forpliktelse til kvalitet.","og_url":"https:\/\/oceansignal.com\/pl\/polityka-gwarancyjna\/","og_site_name":"Ocean Signal","article_modified_time":"2025-03-06T13:45:48+00:00","og_image":[{"width":1200,"height":630,"url":"https:\/\/oceansignal.com\/wp-content\/uploads\/2024\/03\/image-social-share-04.jpg","type":"image\/jpeg"}],"twitter_card":"summary_large_image","twitter_misc":{"Szacowany czas czytania":"3 minuty"},"schema":{"@context":"https:\/\/schema.org","@graph":[{"@type":"WebPage","@id":"https:\/\/oceansignal.com\/pl\/polityka-gwarancyjna\/","url":"https:\/\/oceansignal.com\/pl\/polityka-gwarancyjna\/","name":"Garantipolicy - Ocean Signal","isPartOf":{"@id":"https:\/\/oceansignal.com\/pl\/#website"},"datePublished":"2023-05-03T12:36:05+00:00","dateModified":"2025-03-06T13:45:48+00:00","description":"Oppdag Ocean Signal omfattende garantipolicy for trygghet med sikkerhetsutstyret ditt. Stol p\u00e5 v\u00e5r forpliktelse til kvalitet.","inLanguage":"pl-PL","potentialAction":[{"@type":"ReadAction","target":["https:\/\/oceansignal.com\/pl\/polityka-gwarancyjna\/"]}]},{"@type":"WebSite","@id":"https:\/\/oceansignal.com\/pl\/#website","url":"https:\/\/oceansignal.com\/pl\/","name":"Ocean Signal","description":"A leading manufacturer of EPIRBs, AIS, SARTs, Personal Locator Beacons, Man Overboard Beacon for the Marine and Outdoor Markets.","potentialAction":[{"@type":"SearchAction","target":{"@type":"EntryPoint","urlTemplate":"https:\/\/oceansignal.com\/pl\/?s={search_term_string}"},"query-input":{"@type":"PropertyValueSpecification","valueRequired":true,"valueName":"search_term_string"}}],"inLanguage":"pl-PL"}]}},"_links":{"self":[{"href":"https:\/\/oceansignal.com\/pl\/wp-json\/wp\/v2\/pages\/8252","targetHints":{"allow":["GET"]}}],"collection":[{"href":"https:\/\/oceansignal.com\/pl\/wp-json\/wp\/v2\/pages"}],"about":[{"href":"https:\/\/oceansignal.com\/pl\/wp-json\/wp\/v2\/types\/page"}],"author":[{"embeddable":true,"href":"https:\/\/oceansignal.com\/pl\/wp-json\/wp\/v2\/users\/1"}],"replies":[{"embeddable":true,"href":"https:\/\/oceansignal.com\/pl\/wp-json\/wp\/v2\/comments?post=8252"}],"version-history":[{"count":5,"href":"https:\/\/oceansignal.com\/pl\/wp-json\/wp\/v2\/pages\/8252\/revisions"}],"predecessor-version":[{"id":25537,"href":"https:\/\/oceansignal.com\/pl\/wp-json\/wp\/v2\/pages\/8252\/revisions\/25537"}],"wp:attachment":[{"href":"https:\/\/oceansignal.com\/pl\/wp-json\/wp\/v2\/media?parent=8252"}],"curies":[{"name":"wp","href":"https:\/\/api.w.org\/{rel}","templated":true}]}}