{"id":8330,"date":"2024-04-29T17:51:04","date_gmt":"2024-04-29T17:51:04","guid":{"rendered":"https:\/\/oceansignal.com\/zasady-i-warunki\/"},"modified":"2025-09-16T14:36:03","modified_gmt":"2025-09-16T14:36:03","slug":"zasady-i-warunki","status":"publish","type":"page","link":"https:\/\/oceansignal.com\/pl\/zasady-i-warunki\/","title":{"rendered":"Vilk\u00e5r og betingelser"},"content":{"rendered":"\n<p>Standardvilk\u00e5rene for Ocean Signal finner du i lenkene nedenfor.<\/p>\n\n<p><a href=\"https:\/\/oceansignal.com\/wp-content\/uploads\/2025\/09\/OS-Conditions-of-Sale-210921-3.pdf\">Vilk\u00e5r og betingelser for salg av varer og levering av tjenester<\/a><\/p>\n\n<p><a href=\"https:\/\/oceansignal.com\/wp-content\/uploads\/2024\/04\/151116-OS-TERMS-FOR-THE-PURCHASE-OF-GOODS.pdf\">Vilk\u00e5r og betingelser for kj\u00f8p av varer<\/a><\/p>\n","protected":false},"excerpt":{"rendered":"<p>Standardvilk\u00e5rene for Ocean Signal finner du i lenkene nedenfor. Vilk\u00e5r og betingelser for salg av varer og levering av tjenester Vilk\u00e5r og betingelser for kj\u00f8p av varer<\/p>\n","protected":false},"author":4,"featured_media":0,"parent":0,"menu_order":0,"comment_status":"closed","ping_status":"closed","template":"pagetemplate-accordion-archive.php","meta":{"_acf_changed":false,"om_disable_all_campaigns":false,"footnotes":""},"class_list":["post-8330","page","type-page","status-publish","hentry"],"acf":[],"yoast_head":"<!-- This site is optimized with the Yoast SEO Premium plugin v25.2 (Yoast SEO v26.4) - https:\/\/yoast.com\/wordpress\/plugins\/seo\/ -->\n<title>Vilk\u00e5r og betingelser - Ocean Signal<\/title>\n<meta name=\"robots\" content=\"index, follow, max-snippet:-1, max-image-preview:large, max-video-preview:-1\" \/>\n<link rel=\"canonical\" href=\"https:\/\/oceansignal.com\/pl\/zasady-i-warunki\/\" \/>\n<meta property=\"og:locale\" content=\"pl_PL\" \/>\n<meta property=\"og:type\" content=\"article\" \/>\n<meta property=\"og:title\" content=\"Vilk\u00e5r og betingelser - Ocean Signal\" \/>\n<meta property=\"og:description\" content=\"Standardvilk\u00e5rene for Ocean Signal finner du i lenkene nedenfor. Vilk\u00e5r og betingelser for salg av varer og levering av tjenester Vilk\u00e5r og betingelser for kj\u00f8p av varer\" \/>\n<meta property=\"og:url\" content=\"https:\/\/oceansignal.com\/pl\/zasady-i-warunki\/\" \/>\n<meta property=\"og:site_name\" content=\"Ocean Signal\" \/>\n<meta property=\"article:modified_time\" content=\"2025-09-16T14:36:03+00:00\" \/>\n<meta property=\"og:image\" content=\"https:\/\/oceansignal.com\/wp-content\/uploads\/2024\/03\/image-social-share-04.jpg\" \/>\n\t<meta property=\"og:image:width\" content=\"1200\" \/>\n\t<meta property=\"og:image:height\" content=\"630\" \/>\n\t<meta property=\"og:image:type\" content=\"image\/jpeg\" \/>\n<meta name=\"twitter:card\" content=\"summary_large_image\" \/>\n<script type=\"application\/ld+json\" class=\"yoast-schema-graph\">{\"@context\":\"https:\/\/schema.org\",\"@graph\":[{\"@type\":\"WebPage\",\"@id\":\"https:\/\/oceansignal.com\/pl\/zasady-i-warunki\/\",\"url\":\"https:\/\/oceansignal.com\/pl\/zasady-i-warunki\/\",\"name\":\"Vilk\u00e5r og betingelser - Ocean Signal\",\"isPartOf\":{\"@id\":\"https:\/\/oceansignal.com\/pl\/#website\"},\"datePublished\":\"2024-04-29T17:51:04+00:00\",\"dateModified\":\"2025-09-16T14:36:03+00:00\",\"inLanguage\":\"pl-PL\",\"potentialAction\":[{\"@type\":\"ReadAction\",\"target\":[\"https:\/\/oceansignal.com\/pl\/zasady-i-warunki\/\"]}]},{\"@type\":\"WebSite\",\"@id\":\"https:\/\/oceansignal.com\/pl\/#website\",\"url\":\"https:\/\/oceansignal.com\/pl\/\",\"name\":\"Ocean Signal\",\"description\":\"A leading manufacturer of EPIRBs, AIS, SARTs, Personal Locator Beacons, Man Overboard Beacon for the Marine and Outdoor Markets.\",\"potentialAction\":[{\"@type\":\"SearchAction\",\"target\":{\"@type\":\"EntryPoint\",\"urlTemplate\":\"https:\/\/oceansignal.com\/pl\/?s={search_term_string}\"},\"query-input\":{\"@type\":\"PropertyValueSpecification\",\"valueRequired\":true,\"valueName\":\"search_term_string\"}}],\"inLanguage\":\"pl-PL\"}]}<\/script>\n<!-- \/ Yoast SEO Premium plugin. -->","yoast_head_json":{"title":"Vilk\u00e5r og betingelser - Ocean Signal","robots":{"index":"index","follow":"follow","max-snippet":"max-snippet:-1","max-image-preview":"max-image-preview:large","max-video-preview":"max-video-preview:-1"},"canonical":"https:\/\/oceansignal.com\/pl\/zasady-i-warunki\/","og_locale":"pl_PL","og_type":"article","og_title":"Vilk\u00e5r og betingelser - Ocean Signal","og_description":"Standardvilk\u00e5rene for Ocean Signal finner du i lenkene nedenfor. Vilk\u00e5r og betingelser for salg av varer og levering av tjenester Vilk\u00e5r og betingelser for kj\u00f8p av varer","og_url":"https:\/\/oceansignal.com\/pl\/zasady-i-warunki\/","og_site_name":"Ocean Signal","article_modified_time":"2025-09-16T14:36:03+00:00","og_image":[{"width":1200,"height":630,"url":"https:\/\/oceansignal.com\/wp-content\/uploads\/2024\/03\/image-social-share-04.jpg","type":"image\/jpeg"}],"twitter_card":"summary_large_image","schema":{"@context":"https:\/\/schema.org","@graph":[{"@type":"WebPage","@id":"https:\/\/oceansignal.com\/pl\/zasady-i-warunki\/","url":"https:\/\/oceansignal.com\/pl\/zasady-i-warunki\/","name":"Vilk\u00e5r og betingelser - Ocean Signal","isPartOf":{"@id":"https:\/\/oceansignal.com\/pl\/#website"},"datePublished":"2024-04-29T17:51:04+00:00","dateModified":"2025-09-16T14:36:03+00:00","inLanguage":"pl-PL","potentialAction":[{"@type":"ReadAction","target":["https:\/\/oceansignal.com\/pl\/zasady-i-warunki\/"]}]},{"@type":"WebSite","@id":"https:\/\/oceansignal.com\/pl\/#website","url":"https:\/\/oceansignal.com\/pl\/","name":"Ocean Signal","description":"A leading manufacturer of EPIRBs, AIS, SARTs, Personal Locator Beacons, Man Overboard Beacon for the Marine and Outdoor Markets.","potentialAction":[{"@type":"SearchAction","target":{"@type":"EntryPoint","urlTemplate":"https:\/\/oceansignal.com\/pl\/?s={search_term_string}"},"query-input":{"@type":"PropertyValueSpecification","valueRequired":true,"valueName":"search_term_string"}}],"inLanguage":"pl-PL"}]}},"_links":{"self":[{"href":"https:\/\/oceansignal.com\/pl\/wp-json\/wp\/v2\/pages\/8330","targetHints":{"allow":["GET"]}}],"collection":[{"href":"https:\/\/oceansignal.com\/pl\/wp-json\/wp\/v2\/pages"}],"about":[{"href":"https:\/\/oceansignal.com\/pl\/wp-json\/wp\/v2\/types\/page"}],"author":[{"embeddable":true,"href":"https:\/\/oceansignal.com\/pl\/wp-json\/wp\/v2\/users\/4"}],"replies":[{"embeddable":true,"href":"https:\/\/oceansignal.com\/pl\/wp-json\/wp\/v2\/comments?post=8330"}],"version-history":[{"count":3,"href":"https:\/\/oceansignal.com\/pl\/wp-json\/wp\/v2\/pages\/8330\/revisions"}],"predecessor-version":[{"id":34609,"href":"https:\/\/oceansignal.com\/pl\/wp-json\/wp\/v2\/pages\/8330\/revisions\/34609"}],"wp:attachment":[{"href":"https:\/\/oceansignal.com\/pl\/wp-json\/wp\/v2\/media?parent=8330"}],"curies":[{"name":"wp","href":"https:\/\/api.w.org\/{rel}","templated":true}]}}