{"id":28550,"date":"2025-05-22T10:05:48","date_gmt":"2025-05-22T10:05:48","guid":{"rendered":"https:\/\/oceansignal.com\/products\/ocean-signal-gripeveske\/"},"modified":"2025-07-24T15:11:42","modified_gmt":"2025-07-24T15:11:42","slug":"ocean-signal-gripeveske","status":"publish","type":"product","link":"https:\/\/oceansignal.com\/pl\/products\/ocean-signal-gripeveske\/","title":{"rendered":"Ocean Signal gripeveske"},"content":{"rendered":"<h3 data-start=\"3285\" data-end=\"3337\"><strong data-start=\"3292\" data-end=\"3337\"><img loading=\"lazy\" decoding=\"async\" class=\"alignnone size-full wp-image-32359\" src=\"https:\/\/oceansignal.com\/wp-content\/uploads\/2025\/07\/View-New-Safety-Kits.png\" alt=\"\" width=\"300\" height=\"75\" srcset=\"https:\/\/oceansignal.com\/wp-content\/uploads\/2025\/07\/View-New-Safety-Kits.png 300w, https:\/\/oceansignal.com\/wp-content\/uploads\/2025\/07\/View-New-Safety-Kits-60x15.png 60w, https:\/\/oceansignal.com\/wp-content\/uploads\/2025\/07\/View-New-Safety-Kits-110x28.png 110w\" sizes=\"auto, (max-width: 300px) 100vw, 300px\" \/><\/strong><\/h3>\n<p><b><span data-contrast=\"auto\">Ocean Signal gripeveske \u2013 spesialbygd for sikkerhet til sj\u00f8s<\/span><\/b><span data-ccp-props=\"{}\"> <\/span><\/p>\n<p><span data-contrast=\"auto\">N\u00e5r n\u00f8dsituasjoner oppst\u00e5r offshore, teller hvert sekund. Ocean Signal Grab Bag er spesialbygd for \u00e5 hjelpe deg med \u00e5 holde deg forberedt og reagere raskt, og gir deg et sikkert og lett tilgjengelig sted \u00e5 oppbevare viktig sikkerhetsutstyr. Enten du er en kystkrysser eller skal offshore, kan en dedikert gripeveske v\u00e6re forskjellen mellom panikk og beredskap.  <\/span><span data-ccp-props=\"{}\"> <\/span><\/p>\n<p><span data-contrast=\"auto\">Ocean Signal Grab Bag er designet i samarbeid mellom Ocean Signal Engineering-teamet og en profesjonell seiler og veskedesigner basert i Southampton, Storbritannia, og er formet av praktisk erfaring. Den er kompakt nok til \u00e5 oppbevares p\u00e5 de trangeste steder om bord, men romslig nok til \u00e5 b\u00e6re viktig n\u00f8dutstyr \u2013 n\u00f8dradioer, n\u00f8dlys, VHF-radioer, fakler og mer. <\/span><span data-ccp-props=\"{}\"> <\/span><\/p>\n<p><b><span data-contrast=\"auto\">Hvorfor du trenger en gripepose:<\/span><\/b><br \/>\n<span data-contrast=\"auto\">I en n\u00f8dsituasjon \u2013 som brann, flom eller forlatelse \u2013 har du ikke tid til \u00e5 tenke p\u00e5 hva du skal ta med deg. Med en skikkelig utstyrt bag er det viktigste allerede pakket og klart. Det er din redningsline n\u00e5r alt annet g\u00e5r galt.  <\/span><span data-ccp-props=\"{}\"> <\/span><\/p>\n<p><b><span data-contrast=\"auto\">Funksjoner:<\/span><\/b><span data-ccp-props=\"{}\"> <\/span><\/p>\n<ul>\n<li data-leveltext=\"\uf0b7\" data-font=\"Symbol\" data-listid=\"2\" data-list-defn-props=\"{\"335552541\":1,\"335559685\":720,\"335559991\":360,\"469769226\":\"Symbol\",\"469769242\":[8226],\"469777803\":\"left\",\"469777804\":\"\uf0b7\",\"469777815\":\"multilevel\"}\" data-aria-posinset=\"1\" data-aria-level=\"1\"><b><span data-contrast=\"auto\">Romslig hovedrom<\/span><\/b> <span data-contrast=\"auto\">\u2013 med 9 liters innvendig kapasitet \u2013 det store innvendige omr\u00e5det for viktige ting som fakler, matrasjoner, PLB-er, f\u00f8rstehjelp og mer.<\/span><span data-ccp-props=\"{}\"> <\/span><\/li>\n<\/ul>\n<ul>\n<li data-leveltext=\"\uf0b7\" data-font=\"Symbol\" data-listid=\"2\" data-list-defn-props=\"{\"335552541\":1,\"335559685\":720,\"335559991\":360,\"469769226\":\"Symbol\",\"469769242\":[8226],\"469777803\":\"left\",\"469777804\":\"\uf0b7\",\"469777815\":\"multilevel\"}\" data-aria-posinset=\"2\" data-aria-level=\"1\"><b><span data-contrast=\"auto\">Intern festeskinne \u2013<\/span><\/b> <span data-contrast=\"auto\">muliggj\u00f8r festing av viktige gjenstander med snor eller karabinkrok,<\/span> <span data-ccp-props=\"{}\"> <\/span><\/li>\n<\/ul>\n<ul>\n<li data-leveltext=\"\uf0b7\" data-font=\"Symbol\" data-listid=\"2\" data-list-defn-props=\"{\"335552541\":1,\"335559685\":720,\"335559991\":360,\"469769226\":\"Symbol\",\"469769242\":[8226],\"469777803\":\"left\",\"469777804\":\"\uf0b7\",\"469777815\":\"multilevel\"}\" data-aria-posinset=\"3\" data-aria-level=\"1\"><b><span data-contrast=\"auto\">2 utvendige lommer<\/span><\/b> <span data-contrast=\"auto\">\u2013 designet for \u00e5 passe sikkert til EPIRB eller VHF-radioer i alle st\u00f8rrelser<\/span><span data-ccp-props=\"{}\"> <\/span><\/li>\n<\/ul>\n<ul>\n<li data-leveltext=\"\uf0b7\" data-font=\"Symbol\" data-listid=\"2\" data-list-defn-props=\"{\"335552541\":1,\"335559685\":720,\"335559991\":360,\"469769226\":\"Symbol\",\"469769242\":[8226],\"469777803\":\"left\",\"469777804\":\"\uf0b7\",\"469777815\":\"multilevel\"}\" data-aria-posinset=\"4\" data-aria-level=\"1\"><b><span data-contrast=\"auto\">Kompakte og praktiske m\u00e5l<\/span><\/b> <span data-contrast=\"auto\">\u2013 B42 cm x H29 cm x D17 cm n\u00e5r den er lukket; passer enkelt i sm\u00e5 skap og under seter.<\/span><span data-ccp-props=\"{}\"> <\/span><\/li>\n<\/ul>\n<ul>\n<li data-leveltext=\"\uf0b7\" data-font=\"Symbol\" data-listid=\"2\" data-list-defn-props=\"{\"335552541\":1,\"335559685\":720,\"335559991\":360,\"469769226\":\"Symbol\",\"469769242\":[8226],\"469777803\":\"left\",\"469777804\":\"\uf0b7\",\"469777815\":\"multilevel\"}\" data-aria-posinset=\"5\" data-aria-level=\"1\"><b><span data-contrast=\"auto\">Vannavst\u00f8tende og lett<\/span><\/b> <span data-contrast=\"auto\">\u2013 Laget for \u00e5 t\u00e5le t\u00f8ffe sj\u00f8forhold og enkel \u00e5 b\u00e6re til redningsfl\u00e5ten.<\/span><\/li>\n<\/ul>\n<ul>\n<li data-leveltext=\"\uf0b7\" data-font=\"Symbol\" data-listid=\"2\" data-list-defn-props=\"{\"335552541\":1,\"335559685\":720,\"335559991\":360,\"469769226\":\"Symbol\",\"469769242\":[8226],\"469777803\":\"left\",\"469777804\":\"\uf0b7\",\"469777815\":\"multilevel\"}\" data-aria-posinset=\"6\" data-aria-level=\"1\"><b><span data-contrast=\"auto\">Lys, avt\u00f8rkbar utside<\/span><\/b> <span data-contrast=\"auto\">\u2013 Sv\u00e6rt synlig materiale motst\u00e5r mugg og er lett \u00e5 rengj\u00f8re.<\/span><span data-ccp-props=\"{}\"> <\/span><\/li>\n<\/ul>\n<ul>\n<li data-leveltext=\"\uf0b7\" data-font=\"Symbol\" data-listid=\"2\" data-list-defn-props=\"{\"335552541\":1,\"335559685\":720,\"335559991\":360,\"469769226\":\"Symbol\",\"469769242\":[8226],\"469777803\":\"left\",\"469777804\":\"\uf0b7\",\"469777815\":\"multilevel\"}\" data-aria-posinset=\"7\" data-aria-level=\"1\"><b><span data-contrast=\"auto\">SOLAS-godkjent refleksb\u00e5nd<\/span><\/b> <span data-contrast=\"auto\">\u2013 Forbedrer synligheten i svakt lys eller redningssituasjoner.<\/span><span data-ccp-props=\"{}\"> <\/span><\/li>\n<\/ul>\n<ul>\n<li data-leveltext=\"\uf0b7\" data-font=\"Symbol\" data-listid=\"2\" data-list-defn-props=\"{\"335552541\":1,\"335559685\":720,\"335559991\":360,\"469769226\":\"Symbol\",\"469769242\":[8226],\"469777803\":\"left\",\"469777804\":\"\uf0b7\",\"469777815\":\"multilevel\"}\" data-aria-posinset=\"8\" data-aria-level=\"1\"><b><span data-contrast=\"auto\">Oppdriftskonstruksjon<\/span><\/b> <span data-contrast=\"auto\">\u2013 Holder utstyret flytende hvis det mistes eller senkes under vann.<\/span><span data-ccp-props=\"{}\"> <\/span><\/li>\n<\/ul>\n<ul>\n<li data-leveltext=\"\uf0b7\" data-font=\"Symbol\" data-listid=\"2\" data-list-defn-props=\"{\"335552541\":1,\"335559685\":720,\"335559991\":360,\"469769226\":\"Symbol\",\"469769242\":[8226],\"469777803\":\"left\",\"469777804\":\"\uf0b7\",\"469777815\":\"multilevel\"}\" data-aria-posinset=\"9\" data-aria-level=\"1\"><b><span data-contrast=\"auto\">Avtakbar, justerbar skulderstropp<\/span><\/b> <span data-contrast=\"auto\">\u2013 For rask og praktisk bruk.<\/span><span data-ccp-props=\"{}\"> <\/span><\/li>\n<\/ul>\n<ul>\n<li data-leveltext=\"\uf0b7\" data-font=\"Symbol\" data-listid=\"2\" data-list-defn-props=\"{\"335552541\":1,\"335559685\":720,\"335559991\":360,\"469769226\":\"Symbol\",\"469769242\":[8226],\"469777803\":\"left\",\"469777804\":\"\uf0b7\",\"469777815\":\"multilevel\"}\" data-aria-posinset=\"10\" data-aria-level=\"1\"><b><span data-contrast=\"auto\">Store plasser for navn\/kallesignal\/MMSI-navn p\u00e5 baksiden<\/span><\/b><span data-ccp-props=\"{}\"> <\/span><\/li>\n<\/ul>\n","protected":false},"excerpt":{"rendered":"<p>Ocean Signal Grab Bag er designet i samarbeid med profesjonelle seilere, og er din essensielle oppbevaringsl\u00f8sning for n\u00f8dutstyr. Den er kompakt, men romslig, og har 9 liter innvendig kapasitet med to store utvendige lommer for n\u00f8dradioer og VHF-er. Den er bygget for \u00e5 v\u00e6re vannavst\u00f8tende, flytebestandig, avt\u00f8rkbar og enkel \u00e5 gripe tak i raskt, og har SOLAS-godkjent refleksb\u00e5nd, innvendige festepunkter og et stort bakpanel for fart\u00f8yets detaljer.  <\/p>\n","protected":false},"featured_media":31564,"template":"","meta":{"_acf_changed":false,"om_disable_all_campaigns":false},"product_brand":[],"product_cat":[472,1650],"product_tag":[1651,1707],"class_list":{"0":"post-28550","1":"product","2":"type-product","3":"status-publish","4":"has-post-thumbnail","6":"product_cat-rescueme-pl","7":"product_cat-sikkerhetssett","8":"product_tag-grab-bag-pl","9":"product_tag-groftepose-pl","11":"first","12":"outofstock","13":"taxable","14":"shipping-taxable","15":"purchasable","16":"product-type-simple"},"acf":[],"yoast_head":"<!-- This site is optimized with the Yoast SEO Premium plugin v25.2 (Yoast SEO v26.4) - https:\/\/yoast.com\/wordpress\/plugins\/seo\/ -->\n<title>Ocean Signal gripeveske - Ocean Signal<\/title>\n<meta name=\"robots\" content=\"index, follow, max-snippet:-1, max-image-preview:large, max-video-preview:-1\" \/>\n<link rel=\"canonical\" href=\"https:\/\/oceansignal.com\/pl\/products\/ocean-signal-gripeveske\/\" \/>\n<meta property=\"og:locale\" content=\"pl_PL\" \/>\n<meta property=\"og:type\" content=\"article\" \/>\n<meta property=\"og:title\" content=\"Ocean Signal gripeveske\" \/>\n<meta property=\"og:description\" content=\"Ocean Signal Grab Bag er designet i samarbeid med profesjonelle seilere, og er din essensielle oppbevaringsl\u00f8sning for n\u00f8dutstyr. Den er kompakt, men romslig, og har 9 liter innvendig kapasitet med to store utvendige lommer for n\u00f8dradioer og VHF-er. Den er bygget for \u00e5 v\u00e6re vannavst\u00f8tende, flytebestandig, avt\u00f8rkbar og enkel \u00e5 gripe tak i raskt, og har SOLAS-godkjent refleksb\u00e5nd, innvendige festepunkter og et stort bakpanel for fart\u00f8yets detaljer.\" \/>\n<meta property=\"og:url\" content=\"https:\/\/oceansignal.com\/pl\/products\/ocean-signal-gripeveske\/\" \/>\n<meta property=\"og:site_name\" content=\"Ocean Signal\" \/>\n<meta property=\"article:modified_time\" content=\"2025-07-24T15:11:42+00:00\" \/>\n<meta property=\"og:image\" content=\"https:\/\/oceansignal.com\/wp-content\/uploads\/2025\/06\/Grab_Bag-copy.jpg\" \/>\n\t<meta property=\"og:image:width\" content=\"1120\" \/>\n\t<meta property=\"og:image:height\" content=\"756\" \/>\n\t<meta property=\"og:image:type\" content=\"image\/jpeg\" \/>\n<meta name=\"twitter:card\" content=\"summary_large_image\" \/>\n<meta name=\"twitter:label1\" content=\"Szacowany czas czytania\" \/>\n\t<meta name=\"twitter:data1\" content=\"2 minuty\" \/>\n<script type=\"application\/ld+json\" class=\"yoast-schema-graph\">{\"@context\":\"https:\/\/schema.org\",\"@graph\":[{\"@type\":\"WebPage\",\"@id\":\"https:\/\/oceansignal.com\/pl\/products\/ocean-signal-gripeveske\/\",\"url\":\"https:\/\/oceansignal.com\/pl\/products\/ocean-signal-gripeveske\/\",\"name\":\"Ocean Signal gripeveske - Ocean Signal\",\"isPartOf\":{\"@id\":\"https:\/\/oceansignal.com\/pl\/#website\"},\"primaryImageOfPage\":{\"@id\":\"https:\/\/oceansignal.com\/pl\/products\/ocean-signal-gripeveske\/#primaryimage\"},\"image\":{\"@id\":\"https:\/\/oceansignal.com\/pl\/products\/ocean-signal-gripeveske\/#primaryimage\"},\"thumbnailUrl\":\"https:\/\/oceansignal.com\/wp-content\/uploads\/2025\/06\/Grab_Bag-copy.jpg\",\"datePublished\":\"2025-05-22T10:05:48+00:00\",\"dateModified\":\"2025-07-24T15:11:42+00:00\",\"breadcrumb\":{\"@id\":\"https:\/\/oceansignal.com\/pl\/products\/ocean-signal-gripeveske\/#breadcrumb\"},\"inLanguage\":\"pl-PL\",\"potentialAction\":[{\"@type\":\"ReadAction\",\"target\":[\"https:\/\/oceansignal.com\/pl\/products\/ocean-signal-gripeveske\/\"]}]},{\"@type\":\"ImageObject\",\"inLanguage\":\"pl-PL\",\"@id\":\"https:\/\/oceansignal.com\/pl\/products\/ocean-signal-gripeveske\/#primaryimage\",\"url\":\"https:\/\/oceansignal.com\/wp-content\/uploads\/2025\/06\/Grab_Bag-copy.jpg\",\"contentUrl\":\"https:\/\/oceansignal.com\/wp-content\/uploads\/2025\/06\/Grab_Bag-copy.jpg\",\"width\":1120,\"height\":756},{\"@type\":\"BreadcrumbList\",\"@id\":\"https:\/\/oceansignal.com\/pl\/products\/ocean-signal-gripeveske\/#breadcrumb\",\"itemListElement\":[{\"@type\":\"ListItem\",\"position\":1,\"name\":\"Produkt\u00f3w\",\"item\":\"https:\/\/oceansignal.com\/pl\/produktow\/\"},{\"@type\":\"ListItem\",\"position\":2,\"name\":\"Ocean Signal gripeveske\"}]},{\"@type\":\"WebSite\",\"@id\":\"https:\/\/oceansignal.com\/pl\/#website\",\"url\":\"https:\/\/oceansignal.com\/pl\/\",\"name\":\"Ocean Signal\",\"description\":\"A leading manufacturer of EPIRBs, AIS, SARTs, Personal Locator Beacons, Man Overboard Beacon for the Marine and Outdoor Markets.\",\"potentialAction\":[{\"@type\":\"SearchAction\",\"target\":{\"@type\":\"EntryPoint\",\"urlTemplate\":\"https:\/\/oceansignal.com\/pl\/?s={search_term_string}\"},\"query-input\":{\"@type\":\"PropertyValueSpecification\",\"valueRequired\":true,\"valueName\":\"search_term_string\"}}],\"inLanguage\":\"pl-PL\"}]}<\/script>\n<!-- \/ Yoast SEO Premium plugin. -->","yoast_head_json":{"title":"Ocean Signal gripeveske - Ocean Signal","robots":{"index":"index","follow":"follow","max-snippet":"max-snippet:-1","max-image-preview":"max-image-preview:large","max-video-preview":"max-video-preview:-1"},"canonical":"https:\/\/oceansignal.com\/pl\/products\/ocean-signal-gripeveske\/","og_locale":"pl_PL","og_type":"article","og_title":"Ocean Signal gripeveske","og_description":"Ocean Signal Grab Bag er designet i samarbeid med profesjonelle seilere, og er din essensielle oppbevaringsl\u00f8sning for n\u00f8dutstyr. Den er kompakt, men romslig, og har 9 liter innvendig kapasitet med to store utvendige lommer for n\u00f8dradioer og VHF-er. Den er bygget for \u00e5 v\u00e6re vannavst\u00f8tende, flytebestandig, avt\u00f8rkbar og enkel \u00e5 gripe tak i raskt, og har SOLAS-godkjent refleksb\u00e5nd, innvendige festepunkter og et stort bakpanel for fart\u00f8yets detaljer.","og_url":"https:\/\/oceansignal.com\/pl\/products\/ocean-signal-gripeveske\/","og_site_name":"Ocean Signal","article_modified_time":"2025-07-24T15:11:42+00:00","og_image":[{"width":1120,"height":756,"url":"https:\/\/oceansignal.com\/wp-content\/uploads\/2025\/06\/Grab_Bag-copy.jpg","type":"image\/jpeg"}],"twitter_card":"summary_large_image","twitter_misc":{"Szacowany czas czytania":"2 minuty"},"schema":{"@context":"https:\/\/schema.org","@graph":[{"@type":"WebPage","@id":"https:\/\/oceansignal.com\/pl\/products\/ocean-signal-gripeveske\/","url":"https:\/\/oceansignal.com\/pl\/products\/ocean-signal-gripeveske\/","name":"Ocean Signal gripeveske - Ocean Signal","isPartOf":{"@id":"https:\/\/oceansignal.com\/pl\/#website"},"primaryImageOfPage":{"@id":"https:\/\/oceansignal.com\/pl\/products\/ocean-signal-gripeveske\/#primaryimage"},"image":{"@id":"https:\/\/oceansignal.com\/pl\/products\/ocean-signal-gripeveske\/#primaryimage"},"thumbnailUrl":"https:\/\/oceansignal.com\/wp-content\/uploads\/2025\/06\/Grab_Bag-copy.jpg","datePublished":"2025-05-22T10:05:48+00:00","dateModified":"2025-07-24T15:11:42+00:00","breadcrumb":{"@id":"https:\/\/oceansignal.com\/pl\/products\/ocean-signal-gripeveske\/#breadcrumb"},"inLanguage":"pl-PL","potentialAction":[{"@type":"ReadAction","target":["https:\/\/oceansignal.com\/pl\/products\/ocean-signal-gripeveske\/"]}]},{"@type":"ImageObject","inLanguage":"pl-PL","@id":"https:\/\/oceansignal.com\/pl\/products\/ocean-signal-gripeveske\/#primaryimage","url":"https:\/\/oceansignal.com\/wp-content\/uploads\/2025\/06\/Grab_Bag-copy.jpg","contentUrl":"https:\/\/oceansignal.com\/wp-content\/uploads\/2025\/06\/Grab_Bag-copy.jpg","width":1120,"height":756},{"@type":"BreadcrumbList","@id":"https:\/\/oceansignal.com\/pl\/products\/ocean-signal-gripeveske\/#breadcrumb","itemListElement":[{"@type":"ListItem","position":1,"name":"Produkt\u00f3w","item":"https:\/\/oceansignal.com\/pl\/produktow\/"},{"@type":"ListItem","position":2,"name":"Ocean Signal gripeveske"}]},{"@type":"WebSite","@id":"https:\/\/oceansignal.com\/pl\/#website","url":"https:\/\/oceansignal.com\/pl\/","name":"Ocean Signal","description":"A leading manufacturer of EPIRBs, AIS, SARTs, Personal Locator Beacons, Man Overboard Beacon for the Marine and Outdoor Markets.","potentialAction":[{"@type":"SearchAction","target":{"@type":"EntryPoint","urlTemplate":"https:\/\/oceansignal.com\/pl\/?s={search_term_string}"},"query-input":{"@type":"PropertyValueSpecification","valueRequired":true,"valueName":"search_term_string"}}],"inLanguage":"pl-PL"}]}},"_links":{"self":[{"href":"https:\/\/oceansignal.com\/pl\/wp-json\/wp\/v2\/product\/28550","targetHints":{"allow":["GET"]}}],"collection":[{"href":"https:\/\/oceansignal.com\/pl\/wp-json\/wp\/v2\/product"}],"about":[{"href":"https:\/\/oceansignal.com\/pl\/wp-json\/wp\/v2\/types\/product"}],"wp:featuredmedia":[{"embeddable":true,"href":"https:\/\/oceansignal.com\/pl\/wp-json\/wp\/v2\/media\/31564"}],"wp:attachment":[{"href":"https:\/\/oceansignal.com\/pl\/wp-json\/wp\/v2\/media?parent=28550"}],"wp:term":[{"taxonomy":"product_brand","embeddable":true,"href":"https:\/\/oceansignal.com\/pl\/wp-json\/wp\/v2\/product_brand?post=28550"},{"taxonomy":"product_cat","embeddable":true,"href":"https:\/\/oceansignal.com\/pl\/wp-json\/wp\/v2\/product_cat?post=28550"},{"taxonomy":"product_tag","embeddable":true,"href":"https:\/\/oceansignal.com\/pl\/wp-json\/wp\/v2\/product_tag?post=28550"}],"curies":[{"name":"wp","href":"https:\/\/api.w.org\/{rel}","templated":true}]}}