{"id":29725,"date":"2025-11-12T22:31:39","date_gmt":"2025-11-12T22:31:39","guid":{"rendered":"https:\/\/oceansignal.com\/?post_type=product&#038;p=29725"},"modified":"2026-03-24T17:40:05","modified_gmt":"2026-03-24T17:40:05","slug":"ocean-signal-safesea-v200-vhf-radio","status":"publish","type":"product","link":"https:\/\/oceansignal.com\/pl\/products\/ocean-signal-safesea-v200-vhf-radio\/","title":{"rendered":"safeSEA V200 VHF-radio"},"content":{"rendered":"<p>Ocean Signal V200 tilbys i to praktiske formater, som utelukkende en GMDSS-n\u00f8d-VHF for n\u00f8dstilfeller eller som et komplett sett for generell daglig bruk og\/eller n\u00f8dstilfeller, og fungerer som en altomfattende l\u00f8sning for alle dine maritime kommunikasjonsbehov.<\/p>\n<p>GMDSS-n\u00f8d-VHF-en leveres med et prim\u00e6rt litiumbatteri som inkluderer en batterivitnesetikett, slik at det aldri er noen tvil om hvorvidt hovedbatteriet har blitt brukt eller ikke. N\u00e5r vitnesetiketten er fjernet, vil radioen sl\u00e5 seg p\u00e5 automatisk n\u00e5r batteriet er koblet til, og enheten vil ogs\u00e5 automatisk g\u00e5 inn i GMDSS-driftsmodus med f\u00f8lgende forh\u00e5ndsinnstilte innstillinger: kanal 16, volumniv\u00e5 8 og squelch satt til 2. <\/p>\n<p>Det komplette settet inkluderer det prim\u00e6re litiumbatteriet som beskrevet, og leveres ogs\u00e5 med et oppladbart litiumionbatteri og en ladebase. Standardtilbeh\u00f8r som leveres med b\u00e5de det frittst\u00e5ende GMDSS-n\u00f8d-VHF-alternativet og det komplette settet inkluderer en fleksibel gummiantenne, belteklips og h\u00e5ndleddssnor. <\/p>\n<p>V200 er bygget med brukervennlighet som en prioritet, og er egnet for bruk med overlevelsesdrakthansker. Den har et lettlest digitalt display. B\u00e5de displayet og tastaturet er bakgrunnsbelyst, noe som gj\u00f8r det enkelt \u00e5 bruke den i omgivelser med lite lys. V200 inkluderer ogs\u00e5 NFC (Near Field Communication), som gir tilgang til batteribyttedato og produktinformasjon p\u00e5 en mobilenhet.  <\/p>\n<p>Det slitesterke designet til V200 gj\u00f8r den egnet for alle maritime applikasjoner og et ideelt valg for obligatorisk og frivillig transport. Med betydelig erfaring innen maritim sikkerhetsteknologi og en kontinuerlig forpliktelse til kvalitet og innovasjon, leverer V200 den typen enest\u00e5ende ytelse som sj\u00f8folk over hele verden har blitt vant til fra alle Ocean Signal produkter. <\/p>\n<p>&nbsp;<\/p>\n","protected":false},"excerpt":{"rendered":"<p>Ocean Signal V200 Marine GMDSS VHF-radioen er bygget med tanke p\u00e5 fleksibilitet, og tilbyr brukerne praktiske alternativer for \u00e5 forenkle kommunikasjon til sj\u00f8s uansett omstendigheter. Denne vanntette VHF-radioen er designet som et GMDSS-produkt (Global Maritime Distress and Safety System), er fullt sertifisert for \u00e5 oppfylle IMO- og SOLAS-forskrifter og gir s\u00f8ml\u00f8st viktig kommunikasjonsst\u00f8tte i b\u00e5de kritiske situasjoner og under daglige maritime operasjoner. <\/p>\n<p>&nbsp;<\/p>\n","protected":false},"featured_media":29746,"template":"","meta":{"_acf_changed":false,"om_disable_all_campaigns":false},"product_brand":[],"product_cat":[331],"product_tag":[],"class_list":{"0":"post-29725","1":"product","2":"type-product","3":"status-publish","4":"has-post-thumbnail","6":"product_cat-safesea-pl","8":"first","9":"instock","10":"taxable","11":"shipping-taxable","12":"product-type-simple"},"acf":[],"yoast_head":"<!-- This site is optimized with the Yoast SEO Premium plugin v25.2 (Yoast SEO v26.4) - https:\/\/yoast.com\/wordpress\/plugins\/seo\/ -->\n<title>Ocean Signal V200 GMDSS N\u00f8dradio VHF safeSEA V200 VHF-radio - Ocean Signal<\/title>\n<meta name=\"description\" content=\"Hold deg trygg til sj\u00f8s med Ocean Signal V200 GMDSS n\u00f8d-VHF-radioen. Den er designet for n\u00f8dstilfeller og daglig bruk i maritim sektor, har automatisk GMDSS-modus, hanskevennlig betjening og robust holdbarhet.\" \/>\n<meta name=\"robots\" content=\"index, follow, max-snippet:-1, max-image-preview:large, max-video-preview:-1\" \/>\n<link rel=\"canonical\" href=\"https:\/\/oceansignal.com\/pl\/products\/ocean-signal-safesea-v200-vhf-radio\/\" \/>\n<meta property=\"og:locale\" content=\"pl_PL\" \/>\n<meta property=\"og:type\" content=\"article\" \/>\n<meta property=\"og:title\" content=\"safeSEA V200 VHF-radio\" \/>\n<meta property=\"og:description\" content=\"Hold deg trygg til sj\u00f8s med Ocean Signal V200 GMDSS n\u00f8d-VHF-radioen. Den er designet for n\u00f8dstilfeller og daglig bruk i maritim sektor, har automatisk GMDSS-modus, hanskevennlig betjening og robust holdbarhet.\" \/>\n<meta property=\"og:url\" content=\"https:\/\/oceansignal.com\/pl\/products\/ocean-signal-safesea-v200-vhf-radio\/\" \/>\n<meta property=\"og:site_name\" content=\"Ocean Signal\" \/>\n<meta property=\"article:modified_time\" content=\"2026-03-24T17:40:05+00:00\" \/>\n<meta property=\"og:image\" content=\"https:\/\/oceansignal.com\/wp-content\/uploads\/2025\/06\/OSL-V200-Front-2.png\" \/>\n\t<meta property=\"og:image:width\" content=\"2000\" \/>\n\t<meta property=\"og:image:height\" content=\"2000\" \/>\n\t<meta property=\"og:image:type\" content=\"image\/png\" \/>\n<meta name=\"twitter:card\" content=\"summary_large_image\" \/>\n<meta name=\"twitter:label1\" content=\"Szacowany czas czytania\" \/>\n\t<meta name=\"twitter:data1\" content=\"1 minuta\" \/>\n<script type=\"application\/ld+json\" class=\"yoast-schema-graph\">{\"@context\":\"https:\/\/schema.org\",\"@graph\":[{\"@type\":\"WebPage\",\"@id\":\"https:\/\/oceansignal.com\/pl\/products\/ocean-signal-safesea-v200-vhf-radio\/\",\"url\":\"https:\/\/oceansignal.com\/pl\/products\/ocean-signal-safesea-v200-vhf-radio\/\",\"name\":\"Ocean Signal V200 GMDSS N\u00f8dradio VHF safeSEA V200 VHF-radio - Ocean Signal\",\"isPartOf\":{\"@id\":\"https:\/\/oceansignal.com\/pl\/#website\"},\"primaryImageOfPage\":{\"@id\":\"https:\/\/oceansignal.com\/pl\/products\/ocean-signal-safesea-v200-vhf-radio\/#primaryimage\"},\"image\":{\"@id\":\"https:\/\/oceansignal.com\/pl\/products\/ocean-signal-safesea-v200-vhf-radio\/#primaryimage\"},\"thumbnailUrl\":\"https:\/\/oceansignal.com\/wp-content\/uploads\/2025\/06\/OSL-V200-Front-2.png\",\"datePublished\":\"2025-11-12T22:31:39+00:00\",\"dateModified\":\"2026-03-24T17:40:05+00:00\",\"description\":\"Hold deg trygg til sj\u00f8s med Ocean Signal V200 GMDSS n\u00f8d-VHF-radioen. Den er designet for n\u00f8dstilfeller og daglig bruk i maritim sektor, har automatisk GMDSS-modus, hanskevennlig betjening og robust holdbarhet.\",\"breadcrumb\":{\"@id\":\"https:\/\/oceansignal.com\/pl\/products\/ocean-signal-safesea-v200-vhf-radio\/#breadcrumb\"},\"inLanguage\":\"pl-PL\",\"potentialAction\":[{\"@type\":\"ReadAction\",\"target\":[\"https:\/\/oceansignal.com\/pl\/products\/ocean-signal-safesea-v200-vhf-radio\/\"]}]},{\"@type\":\"ImageObject\",\"inLanguage\":\"pl-PL\",\"@id\":\"https:\/\/oceansignal.com\/pl\/products\/ocean-signal-safesea-v200-vhf-radio\/#primaryimage\",\"url\":\"https:\/\/oceansignal.com\/wp-content\/uploads\/2025\/06\/OSL-V200-Front-2.png\",\"contentUrl\":\"https:\/\/oceansignal.com\/wp-content\/uploads\/2025\/06\/OSL-V200-Front-2.png\",\"width\":2000,\"height\":2000},{\"@type\":\"BreadcrumbList\",\"@id\":\"https:\/\/oceansignal.com\/pl\/products\/ocean-signal-safesea-v200-vhf-radio\/#breadcrumb\",\"itemListElement\":[{\"@type\":\"ListItem\",\"position\":1,\"name\":\"Produkt\u00f3w\",\"item\":\"https:\/\/oceansignal.com\/pl\/produktow\/\"},{\"@type\":\"ListItem\",\"position\":2,\"name\":\"safeSEA V200 VHF-radio\"}]},{\"@type\":\"WebSite\",\"@id\":\"https:\/\/oceansignal.com\/pl\/#website\",\"url\":\"https:\/\/oceansignal.com\/pl\/\",\"name\":\"Ocean Signal\",\"description\":\"A leading manufacturer of EPIRBs, AIS, SARTs, Personal Locator Beacons, Man Overboard Beacon for the Marine and Outdoor Markets.\",\"potentialAction\":[{\"@type\":\"SearchAction\",\"target\":{\"@type\":\"EntryPoint\",\"urlTemplate\":\"https:\/\/oceansignal.com\/pl\/?s={search_term_string}\"},\"query-input\":{\"@type\":\"PropertyValueSpecification\",\"valueRequired\":true,\"valueName\":\"search_term_string\"}}],\"inLanguage\":\"pl-PL\"}]}<\/script>\n<!-- \/ Yoast SEO Premium plugin. -->","yoast_head_json":{"title":"Ocean Signal V200 GMDSS N\u00f8dradio VHF safeSEA V200 VHF-radio - Ocean Signal","description":"Hold deg trygg til sj\u00f8s med Ocean Signal V200 GMDSS n\u00f8d-VHF-radioen. Den er designet for n\u00f8dstilfeller og daglig bruk i maritim sektor, har automatisk GMDSS-modus, hanskevennlig betjening og robust holdbarhet.","robots":{"index":"index","follow":"follow","max-snippet":"max-snippet:-1","max-image-preview":"max-image-preview:large","max-video-preview":"max-video-preview:-1"},"canonical":"https:\/\/oceansignal.com\/pl\/products\/ocean-signal-safesea-v200-vhf-radio\/","og_locale":"pl_PL","og_type":"article","og_title":"safeSEA V200 VHF-radio","og_description":"Hold deg trygg til sj\u00f8s med Ocean Signal V200 GMDSS n\u00f8d-VHF-radioen. Den er designet for n\u00f8dstilfeller og daglig bruk i maritim sektor, har automatisk GMDSS-modus, hanskevennlig betjening og robust holdbarhet.","og_url":"https:\/\/oceansignal.com\/pl\/products\/ocean-signal-safesea-v200-vhf-radio\/","og_site_name":"Ocean Signal","article_modified_time":"2026-03-24T17:40:05+00:00","og_image":[{"width":2000,"height":2000,"url":"https:\/\/oceansignal.com\/wp-content\/uploads\/2025\/06\/OSL-V200-Front-2.png","type":"image\/png"}],"twitter_card":"summary_large_image","twitter_misc":{"Szacowany czas czytania":"1 minuta"},"schema":{"@context":"https:\/\/schema.org","@graph":[{"@type":"WebPage","@id":"https:\/\/oceansignal.com\/pl\/products\/ocean-signal-safesea-v200-vhf-radio\/","url":"https:\/\/oceansignal.com\/pl\/products\/ocean-signal-safesea-v200-vhf-radio\/","name":"Ocean Signal V200 GMDSS N\u00f8dradio VHF safeSEA V200 VHF-radio - Ocean Signal","isPartOf":{"@id":"https:\/\/oceansignal.com\/pl\/#website"},"primaryImageOfPage":{"@id":"https:\/\/oceansignal.com\/pl\/products\/ocean-signal-safesea-v200-vhf-radio\/#primaryimage"},"image":{"@id":"https:\/\/oceansignal.com\/pl\/products\/ocean-signal-safesea-v200-vhf-radio\/#primaryimage"},"thumbnailUrl":"https:\/\/oceansignal.com\/wp-content\/uploads\/2025\/06\/OSL-V200-Front-2.png","datePublished":"2025-11-12T22:31:39+00:00","dateModified":"2026-03-24T17:40:05+00:00","description":"Hold deg trygg til sj\u00f8s med Ocean Signal V200 GMDSS n\u00f8d-VHF-radioen. Den er designet for n\u00f8dstilfeller og daglig bruk i maritim sektor, har automatisk GMDSS-modus, hanskevennlig betjening og robust holdbarhet.","breadcrumb":{"@id":"https:\/\/oceansignal.com\/pl\/products\/ocean-signal-safesea-v200-vhf-radio\/#breadcrumb"},"inLanguage":"pl-PL","potentialAction":[{"@type":"ReadAction","target":["https:\/\/oceansignal.com\/pl\/products\/ocean-signal-safesea-v200-vhf-radio\/"]}]},{"@type":"ImageObject","inLanguage":"pl-PL","@id":"https:\/\/oceansignal.com\/pl\/products\/ocean-signal-safesea-v200-vhf-radio\/#primaryimage","url":"https:\/\/oceansignal.com\/wp-content\/uploads\/2025\/06\/OSL-V200-Front-2.png","contentUrl":"https:\/\/oceansignal.com\/wp-content\/uploads\/2025\/06\/OSL-V200-Front-2.png","width":2000,"height":2000},{"@type":"BreadcrumbList","@id":"https:\/\/oceansignal.com\/pl\/products\/ocean-signal-safesea-v200-vhf-radio\/#breadcrumb","itemListElement":[{"@type":"ListItem","position":1,"name":"Produkt\u00f3w","item":"https:\/\/oceansignal.com\/pl\/produktow\/"},{"@type":"ListItem","position":2,"name":"safeSEA V200 VHF-radio"}]},{"@type":"WebSite","@id":"https:\/\/oceansignal.com\/pl\/#website","url":"https:\/\/oceansignal.com\/pl\/","name":"Ocean Signal","description":"A leading manufacturer of EPIRBs, AIS, SARTs, Personal Locator Beacons, Man Overboard Beacon for the Marine and Outdoor Markets.","potentialAction":[{"@type":"SearchAction","target":{"@type":"EntryPoint","urlTemplate":"https:\/\/oceansignal.com\/pl\/?s={search_term_string}"},"query-input":{"@type":"PropertyValueSpecification","valueRequired":true,"valueName":"search_term_string"}}],"inLanguage":"pl-PL"}]}},"_links":{"self":[{"href":"https:\/\/oceansignal.com\/pl\/wp-json\/wp\/v2\/product\/29725","targetHints":{"allow":["GET"]}}],"collection":[{"href":"https:\/\/oceansignal.com\/pl\/wp-json\/wp\/v2\/product"}],"about":[{"href":"https:\/\/oceansignal.com\/pl\/wp-json\/wp\/v2\/types\/product"}],"wp:featuredmedia":[{"embeddable":true,"href":"https:\/\/oceansignal.com\/pl\/wp-json\/wp\/v2\/media\/29746"}],"wp:attachment":[{"href":"https:\/\/oceansignal.com\/pl\/wp-json\/wp\/v2\/media?parent=29725"}],"wp:term":[{"taxonomy":"product_brand","embeddable":true,"href":"https:\/\/oceansignal.com\/pl\/wp-json\/wp\/v2\/product_brand?post=29725"},{"taxonomy":"product_cat","embeddable":true,"href":"https:\/\/oceansignal.com\/pl\/wp-json\/wp\/v2\/product_cat?post=29725"},{"taxonomy":"product_tag","embeddable":true,"href":"https:\/\/oceansignal.com\/pl\/wp-json\/wp\/v2\/product_tag?post=29725"}],"curies":[{"name":"wp","href":"https:\/\/api.w.org\/{rel}","templated":true}]}}