{"id":31908,"date":"2025-06-24T09:51:30","date_gmt":"2025-06-24T09:51:30","guid":{"rendered":"https:\/\/oceansignal.com\/products\/epirb3-ais-sikkerhetssett-plus\/"},"modified":"2026-02-05T08:49:26","modified_gmt":"2026-02-05T08:49:26","slug":"epirb3-ais-sikkerhetssett-plus","status":"publish","type":"product","link":"https:\/\/oceansignal.com\/pl\/products\/epirb3-ais-sikkerhetssett-plus\/","title":{"rendered":"EPIRB3 AIS Seilsikkerhetssett Plus"},"content":{"rendered":"<h3 data-start=\"3724\" data-end=\"3772\"><img loading=\"lazy\" decoding=\"async\" class=\"alignnone size-full wp-image-32359\" src=\"https:\/\/oceansignal.com\/wp-content\/uploads\/2025\/07\/View-New-Safety-Kits.png\" alt=\"\" width=\"300\" height=\"75\" srcset=\"https:\/\/oceansignal.com\/wp-content\/uploads\/2025\/07\/View-New-Safety-Kits.png 300w, https:\/\/oceansignal.com\/wp-content\/uploads\/2025\/07\/View-New-Safety-Kits-60x15.png 60w, https:\/\/oceansignal.com\/wp-content\/uploads\/2025\/07\/View-New-Safety-Kits-110x28.png 110w\" sizes=\"auto, (max-width: 300px) 100vw, 300px\" \/><\/h3>\n<h3 class=\"ai-optimize-38\" data-start=\"3724\" data-end=\"3772\"><strong data-start=\"3731\" data-end=\"3772\">Hvorfor velge EPIRB3 AIS sikkerhetssett Plus?<\/strong><\/h3>\n<p class=\"ai-optimize-39 ai-optimize-introduction\" data-start=\"3774\" data-end=\"4067\">For havseilaser, offshore-ekspedisjoner og internasjonal seiling tilbyr dette settet beskyttelse p\u00e5 neste niv\u00e5 for b\u00e5de fart\u00f8y og mannskap. Fra satellittn\u00f8dvarsler til AIS-aktivert MOB-redning, er det en klar l\u00f8sning som er klarert av skippere, leveringskapteiner, offshore-fiskere og regattateam over hele verden. <\/p>\n<p class=\"ai-optimize-40\" data-start=\"4069\" data-end=\"4120\"><strong data-start=\"4069\" data-end=\"4120\">Omfattende sikkerhet. P\u00e5litelig teknologi. Klar for mannskap.  <\/strong><\/p>\n<h3 class=\"ai-optimize-41\" data-start=\"3339\" data-end=\"3362\"><strong data-start=\"3346\" data-end=\"3362\">Perfekt for:<\/strong><\/h3>\n<ul data-start=\"3363\" data-end=\"3636\">\n<li class=\"ai-optimize-42\" data-start=\"3438\" data-end=\"3504\">\n<p class=\"ai-optimize-43\" data-start=\"3440\" data-end=\"3504\">Skippere i l\u00f8p som: Rolex Fastnet, ARC, Sydney\u2013Hobart, RORC offshore-l\u00f8p<\/p>\n<\/li>\n<li class=\"ai-optimize-44\" data-start=\"3438\" data-end=\"3504\">\n<p class=\"ai-optimize-45\" data-start=\"3440\" data-end=\"3504\">Forberedelse av Bluewater-passasjen (f.eks. kryssing av Atlanterhavet, etapper i Stillehavet)<\/p>\n<\/li>\n<li class=\"ai-optimize-46\" data-start=\"3505\" data-end=\"3572\">\n<p class=\"ai-optimize-47\" data-start=\"3507\" data-end=\"3572\">Charter- eller leveringsskippere som utstyrer sm\u00e5 til mellomstore mannskaper<\/p>\n<\/li>\n<li class=\"ai-optimize-48\" data-start=\"3573\" data-end=\"3636\">\n<p class=\"ai-optimize-49\" data-start=\"3575\" data-end=\"3636\">B\u00e5teiere som trenger et komplett sikkerhetsoppsett p\u00e5 mannskapsniv\u00e5 for hele familien og vennene sine, og som oppfyller kravene.<\/p>\n<\/li>\n<li class=\"ai-optimize-50\" data-start=\"3573\" data-end=\"3636\">Offshore sportsfiskere<\/li>\n<\/ul>\n<h3 class=\"ai-optimize-51\" data-start=\"778\" data-end=\"823\"><strong data-start=\"785\" data-end=\"823\">Hva er inkludert, og hvorfor er det viktig?<\/strong><\/h3>\n<p class=\"ai-optimize-52\" data-start=\"825\" data-end=\"863\"><strong data-start=\"830\" data-end=\"861\">1 \u00d7 Ocean<\/strong> <strong data-start=\"830\" data-end=\"861\">Signal EPIRB3 Pro<\/strong><\/p>\n<p class=\"ai-optimize-53\" data-start=\"825\" data-end=\"863\"><strong data-start=\"830\" data-end=\"861\">Global satellittredning, lokal AIS-sikt og automatisk utplassering gj\u00f8r dette til gullstandarden for seri\u00f8se offshore-skippere.<br \/>\n<\/strong> <em data-start=\"864\" data-end=\"887\">Utsalgspris: 999,99 \u00a3<\/em><\/p>\n<p data-start=\"825\" data-end=\"863\"><img loading=\"lazy\" decoding=\"async\" class=\"alignnone wp-image-31471 size-medium\" src=\"https:\/\/oceansignal.com\/wp-content\/uploads\/2025\/06\/EPIRB3-PRO-W-BRACKET-FRONT-300-e1752085885886-300x260.png\" alt=\"\" width=\"300\" height=\"260\" srcset=\"https:\/\/oceansignal.com\/wp-content\/uploads\/2025\/06\/EPIRB3-PRO-W-BRACKET-FRONT-300-e1752085885886-300x260.png 300w, https:\/\/oceansignal.com\/wp-content\/uploads\/2025\/06\/EPIRB3-PRO-W-BRACKET-FRONT-300-e1752085885886-60x52.png 60w, https:\/\/oceansignal.com\/wp-content\/uploads\/2025\/06\/EPIRB3-PRO-W-BRACKET-FRONT-300-e1752085885886-110x95.png 110w, https:\/\/oceansignal.com\/wp-content\/uploads\/2025\/06\/EPIRB3-PRO-W-BRACKET-FRONT-300-e1752085885886.png 411w\" sizes=\"auto, (max-width: 300px) 100vw, 300px\" \/><\/p>\n<p class=\"ai-optimize-54\" data-start=\"889\" data-end=\"1008\">Ocean Signals mest avanserte kategori I EPIRB, med automatisk utl\u00f8sning fra det flytfrie huset, pluss integrert:<\/p>\n<ul data-start=\"1010\" data-end=\"1388\">\n<li class=\"ai-optimize-55\" data-start=\"1010\" data-end=\"1069\">\n<p class=\"ai-optimize-56\" data-start=\"1012\" data-end=\"1069\"><strong data-start=\"1012\" data-end=\"1067\">406 MHz satellittn\u00f8dvarsling (Cospas-Sarsat)<\/strong><\/p>\n<\/li>\n<li class=\"ai-optimize-57\" data-start=\"1070\" data-end=\"1118\">\n<p class=\"ai-optimize-58\" data-start=\"1072\" data-end=\"1118\"><strong data-start=\"1072\" data-end=\"1116\">AIS for lokal sporing av fart\u00f8y i n\u00e6rheten utstyrt med AIS-transceivere<\/strong><\/p>\n<\/li>\n<li class=\"ai-optimize-59\" data-start=\"1119\" data-end=\"1196\">\n<p class=\"ai-optimize-60\" data-start=\"1121\" data-end=\"1196\"><strong data-start=\"1121\" data-end=\"1150\">Return Link Service (RLS)<\/strong> <strong>for bekreftelse p\u00e5 at SOS-meldingen din ble mottatt<\/strong><\/p>\n<\/li>\n<li class=\"ai-optimize-61\" data-start=\"1197\" data-end=\"1225\">\n<p class=\"ai-optimize-62\" data-start=\"1199\" data-end=\"1225\"><strong data-start=\"1199\" data-end=\"1223\">GNSS via GPS\/Galileo<\/strong><\/p>\n<\/li>\n<li class=\"ai-optimize-63\" data-start=\"1226\" data-end=\"1257\">\n<p class=\"ai-optimize-64\" data-start=\"1228\" data-end=\"1257\"><strong data-start=\"1228\" data-end=\"1255\">121,5 MHz m\u00e5ls\u00f8kingssignal<\/strong><\/p>\n<\/li>\n<li class=\"ai-optimize-65\" data-start=\"1258\" data-end=\"1296\">\n<p class=\"ai-optimize-66\" data-start=\"1260\" data-end=\"1296\"><strong data-start=\"1260\" data-end=\"1294\">Infrar\u00f8de og hvite strobelys<\/strong><\/p>\n<\/li>\n<li class=\"ai-optimize-67\" data-start=\"1297\" data-end=\"1340\">\n<p class=\"ai-optimize-68\" data-start=\"1299\" data-end=\"1340\"><strong data-start=\"1299\" data-end=\"1338\">Smarttelefonoppsett via NFC + gratis app<\/strong><\/p>\n<\/li>\n<li class=\"ai-optimize-69\" data-start=\"1341\" data-end=\"1388\">\n<p class=\"ai-optimize-70\" data-start=\"1343\" data-end=\"1388\"><strong data-start=\"1343\" data-end=\"1388\">Oppfyller SOLAS- og World Sailing OSR-standardene<\/strong><\/p>\n<\/li>\n<li class=\"ai-optimize-71\" data-start=\"1341\" data-end=\"1388\"><strong>48+ timers driftstid<\/strong><\/li>\n<\/ul>\n<hr data-start=\"1547\" data-end=\"1550\">\n<h4 class=\"ai-optimize-72\" data-start=\"1552\" data-end=\"1610\"><strong data-start=\"1557\" data-end=\"1608\">4 \u00d7 Ocean Signal MOB2 AIS Mann-over-bord-varsler<\/strong><\/h4>\n<p class=\"ai-optimize-73\" data-start=\"1611\" data-end=\"1651\">Hvert besetningsmedlem f\u00e5r en personlig AIS-fyr som umiddelbart varsler yachten hvis de g\u00e5r over bord \u2013 kritisk i situasjoner med d\u00e5rlig sikt eller nattlige MOB-situasjoner. <em data-start=\"1611\" data-end=\"1651\"><br \/>\nVeiledende pris: 1 399,96 pund (349,99 pund per stk.)<\/em><\/p>\n<p data-start=\"1611\" data-end=\"1651\"><img loading=\"lazy\" decoding=\"async\" class=\"alignnone size-medium wp-image-4490\" src=\"https:\/\/oceansignal.com\/wp-content\/uploads\/2024\/07\/MOB2-22-07-24-B.81_Web-300x269.png\" alt=\"Ocean Signal rescueME MOB2 AIS Personal Locator Device Klasse M kompatibel\" width=\"300\" height=\"269\" srcset=\"https:\/\/oceansignal.com\/wp-content\/uploads\/2024\/07\/MOB2-22-07-24-B.81_Web-300x269.png 300w, https:\/\/oceansignal.com\/wp-content\/uploads\/2024\/07\/MOB2-22-07-24-B.81_Web-768x689.png 768w, https:\/\/oceansignal.com\/wp-content\/uploads\/2024\/07\/MOB2-22-07-24-B.81_Web-600x538.png 600w, https:\/\/oceansignal.com\/wp-content\/uploads\/2024\/07\/MOB2-22-07-24-B.81_Web.png 900w\" sizes=\"auto, (max-width: 300px) 100vw, 300px\" \/><\/p>\n<p class=\"ai-optimize-74\" data-start=\"1653\" data-end=\"1855\">AIS-beacons som klipses p\u00e5 og aktiveres automatisk med de fleste oppbl\u00e5sbare redningsvester. Hver sender GPS-posisjon og n\u00f8dvarsel til AIS-utstyrte fart\u00f8y i n\u00e6rheten (inkludert din egen yacht) p\u00e5 sekunder. <\/p>\n<ul data-start=\"1857\" data-end=\"2009\">\n<li class=\"ai-optimize-75\" data-start=\"1857\" data-end=\"1888\">\n<p class=\"ai-optimize-76\" data-start=\"1859\" data-end=\"1888\"><strong>Automatisk aktivering ved oppbl\u00e5sing<\/strong><\/p>\n<\/li>\n<li class=\"ai-optimize-77\" data-start=\"1889\" data-end=\"1936\">\n<p class=\"ai-optimize-78\" data-start=\"1891\" data-end=\"1936\"><strong>Sender AIS-n\u00f8dmelding til kartplotteren\/MFD-en din<\/strong><\/p>\n<\/li>\n<li class=\"ai-optimize-79\" data-start=\"1937\" data-end=\"1964\">\n<p class=\"ai-optimize-80\" data-start=\"1939\" data-end=\"1964\"><strong>Kompakt og enkel \u00e5 montere<\/strong><\/p>\n<\/li>\n<li class=\"ai-optimize-81\" data-start=\"1965\" data-end=\"1988\">\n<p class=\"ai-optimize-82\" data-start=\"1967\" data-end=\"1988\"><strong>5 \u00e5rs batterilevetid<\/strong><\/p>\n<\/li>\n<li class=\"ai-optimize-83\" data-start=\"1989\" data-end=\"2009\">\n<p class=\"ai-optimize-84\" data-start=\"1991\" data-end=\"2009\"><strong>Blinkende LED-lys<\/strong><\/p>\n<\/li>\n<li class=\"ai-optimize-85\" data-start=\"1989\" data-end=\"2009\"><strong>24 timers driftslevetid<\/strong><\/li>\n<\/ul>\n<h4 class=\"ai-optimize-86\" data-start=\"2186\" data-end=\"2244\"><strong data-start=\"2191\" data-end=\"2242\"><br \/>\n1 \u00d7 Ocean Signal EDF2 elektronisk n\u00f8dbluss<\/strong><\/h4>\n<p class=\"ai-optimize-87\" data-start=\"2245\" data-end=\"2268\">En fakkel du kan stole p\u00e5 vil fungere \u2013 uten utl\u00f8psdatoer, brannrisiko eller problemer med avhending.<br \/>\n Utsalgspris: 229,99 \u00a3<\/p>\n<p data-start=\"2245\" data-end=\"2268\"><img loading=\"lazy\" decoding=\"async\" class=\"alignnone size-medium wp-image-12528\" src=\"https:\/\/oceansignal.com\/wp-content\/uploads\/2024\/10\/EDF2-FRONT-300x300.png\" alt=\"\" width=\"300\" height=\"300\"><\/p>\n<p class=\"ai-optimize-88\" data-start=\"2270\" data-end=\"2377\">H\u00f8yintensivt, flerfarget elektronisk LED-bluss. Synlig over 13 km om natten. Gjenbrukbart og tryggere enn pyroteknikk.  <\/p>\n<ul data-start=\"2379\" data-end=\"2493\">\n<li class=\"ai-optimize-89\" data-start=\"2379\" data-end=\"2417\">\n<p class=\"ai-optimize-90\" data-start=\"2381\" data-end=\"2417\"><strong>Sender ut blinkkarakteristikken for den internasjonale morsekoden for SOS<\/strong><\/p>\n<\/li>\n<li class=\"ai-optimize-91\" data-start=\"2418\" data-end=\"2458\">\n<p class=\"ai-optimize-92\" data-start=\"2420\" data-end=\"2458\"><strong>Flyter og fungerer i 3 timer med \u00f8nsket lysintensitet<\/strong><\/p>\n<\/li>\n<li class=\"ai-optimize-93\" data-start=\"2459\" data-end=\"2493\">\n<p class=\"ai-optimize-94\" data-start=\"2461\" data-end=\"2493\"><strong>Gjenbrukbar, batteridrevet sikkerhet<\/strong><\/p>\n<\/li>\n<li class=\"ai-optimize-95\"><strong>\u2265 180\u00ba lysvinkel ved \u2265 50 cd<\/strong><\/li>\n<\/ul>\n<hr data-start=\"2601\" data-end=\"2604\">\n<h4 class=\"ai-optimize-96\" data-start=\"2606\" data-end=\"2653\"><strong data-start=\"2611\" data-end=\"2651\">4 \u00d7 ACR signalspeil- og fl\u00f8ytesett<\/strong><\/h4>\n<p class=\"ai-optimize-97\" data-start=\"2654\" data-end=\"2690\">\u00d8ker sjansen for endelig redning for hvert besetningsmedlem n\u00e5r hjelp er i n\u00e6rheten.<br \/>\n Veiledende pris: 43,96 pund (10,99 pund per stk.)<\/p>\n<p data-start=\"2654\" data-end=\"2690\"><img loading=\"lazy\" decoding=\"async\" class=\"alignnone wp-image-31407 size-medium\" src=\"https:\/\/oceansignal.com\/wp-content\/uploads\/2025\/06\/Grab_Bag_EPIRB1_Kit-e1752085331562-300x131.png\" alt=\"\" width=\"300\" height=\"131\" srcset=\"https:\/\/oceansignal.com\/wp-content\/uploads\/2025\/06\/Grab_Bag_EPIRB1_Kit-e1752085331562-300x131.png 300w, https:\/\/oceansignal.com\/wp-content\/uploads\/2025\/06\/Grab_Bag_EPIRB1_Kit-e1752085331562-60x26.png 60w, https:\/\/oceansignal.com\/wp-content\/uploads\/2025\/06\/Grab_Bag_EPIRB1_Kit-e1752085331562-110x48.png 110w, https:\/\/oceansignal.com\/wp-content\/uploads\/2025\/06\/Grab_Bag_EPIRB1_Kit-e1752085331562.png 344w\" sizes=\"auto, (max-width: 300px) 100vw, 300px\" \/><\/p>\n<p class=\"ai-optimize-98\" data-start=\"2692\" data-end=\"2784\">Visuelle og h\u00f8rbare backupverkt\u00f8y for alle fire besetningsmedlemmer. Lett og vedlikeholdsfritt. <\/p>\n<ul>\n<li class=\"ai-optimize-99\" data-start=\"1695\" data-end=\"1734\"><strong>H\u00f8yreflekterende kompakt speil for visuelle signaler i dagslys \u2013 Konstruert for \u00e5 reflektere sollys over lange avstander, ideelt for \u00e5 fange oppmerksomheten til passerende fart\u00f8y eller fly<\/strong><\/li>\n<li class=\"ai-optimize-100\" data-start=\"2817\" data-end=\"2852\">\n<p class=\"ai-optimize-101\" data-start=\"2819\" data-end=\"2852\"><strong>Lydvarsler for s\u00f8keteam<\/strong><\/p>\n<\/li>\n<li class=\"ai-optimize-102\" data-start=\"2853\" data-end=\"2896\">\n<p class=\"ai-optimize-103\" data-start=\"2855\" data-end=\"2896\"><strong>Liten og enkel \u00e5 oppbevare i flytevester, lommer eller Ocean Signal Grab Bag<\/strong><\/p>\n<\/li>\n<\/ul>\n<hr data-start=\"2992\" data-end=\"2995\">\n<h4 class=\"ai-optimize-104\" data-start=\"2997\" data-end=\"3044\"><strong data-start=\"3002\" data-end=\"3042\">1 \u00d7 Ocean Signal-gripeveske<\/strong><\/h4>\n<p class=\"ai-optimize-105\" data-start=\"3045\" data-end=\"3068\"><em data-start=\"3045\" data-end=\"3068\">Mannskapets komplette n\u00f8dsett \u2013 beskyttet, organisert og klart til bruk i \u00e9n slitesterk veske.<br \/>\n Utsalgspris: 129,99 \u00a3<\/em><\/p>\n<p data-start=\"3045\" data-end=\"3068\"><img loading=\"lazy\" decoding=\"async\" class=\"alignnone wp-image-30571 size-medium\" src=\"https:\/\/oceansignal.com\/wp-content\/uploads\/2025\/06\/Ocean-Signal_Grab_Bag-e1752085947135-246x300.png\" alt=\"\" width=\"246\" height=\"300\" srcset=\"https:\/\/oceansignal.com\/wp-content\/uploads\/2025\/06\/Ocean-Signal_Grab_Bag-e1752085947135-246x300.png 246w, https:\/\/oceansignal.com\/wp-content\/uploads\/2025\/06\/Ocean-Signal_Grab_Bag-e1752085947135-841x1024.png 841w, https:\/\/oceansignal.com\/wp-content\/uploads\/2025\/06\/Ocean-Signal_Grab_Bag-e1752085947135-768x935.png 768w, https:\/\/oceansignal.com\/wp-content\/uploads\/2025\/06\/Ocean-Signal_Grab_Bag-e1752085947135-1262x1536.png 1262w, https:\/\/oceansignal.com\/wp-content\/uploads\/2025\/06\/Ocean-Signal_Grab_Bag-e1752085947135-1683x2048.png 1683w, https:\/\/oceansignal.com\/wp-content\/uploads\/2025\/06\/Ocean-Signal_Grab_Bag-e1752085947135-600x730.png 600w, https:\/\/oceansignal.com\/wp-content\/uploads\/2025\/06\/Ocean-Signal_Grab_Bag-e1752085947135-60x73.png 60w, https:\/\/oceansignal.com\/wp-content\/uploads\/2025\/06\/Ocean-Signal_Grab_Bag-e1752085947135-110x134.png 110w\" sizes=\"auto, (max-width: 246px) 100vw, 246px\" \/><\/p>\n<p class=\"ai-optimize-106\" data-start=\"3070\" data-end=\"3118\">Hold alt utstyr t\u00f8rt, synlig og klart til bruk.<\/p>\n<ul data-start=\"3120\" data-end=\"3217\">\n<li class=\"ai-optimize-107\" data-start=\"3120\" data-end=\"3143\">\n<p class=\"ai-optimize-108\" data-start=\"3122\" data-end=\"3143\"><strong>Oppdrift<\/strong><\/p>\n<\/li>\n<li class=\"ai-optimize-109\" data-start=\"3144\" data-end=\"3192\">\n<p class=\"ai-optimize-110\" data-start=\"3146\" data-end=\"3192\"><strong>Robust, vanntett konstruksjon i maritim kvalitet<\/strong><\/p>\n<\/li>\n<li class=\"ai-optimize-111\" data-start=\"3193\" data-end=\"3217\">\n<p class=\"ai-optimize-112\" data-start=\"3195\" data-end=\"3217\"><strong>Farge med h\u00f8y synlighet<\/strong><\/p>\n<\/li>\n<\/ul>\n","protected":false},"excerpt":{"rendered":"<p class=\"ai-optimize-35\"><strong data-start=\"323\" data-end=\"362\">Fullstendig sikkerhet. For seri\u00f8se mannskaper.<br \/>\n<\/strong><br data-start=\"362\" data-end=\"365\">EPIRB3 AIS Safety Kit Plus er Ocean Signals ultimate sikkerhetspakke for offshore bruk, spesialbygd for skippere som utstyrer fart\u00f8yene sine for hele familien, forbereder seg til havseilaser, bl\u00e5vannsseilaser eller lengre cruise med sm\u00e5 til mellomstore mannskaper. Ved \u00e5 kombinere v\u00e5re mest avanserte EPIRB-, AIS MOB-enheter og en komplett pakke med signalverkt\u00f8y, sikrer dette settet at b\u00e5ten og mannskapet ditt er utstyrt for \u00e5 oppfylle de h\u00f8yeste sikkerhetsstandardene for offshore bruk. <\/p>\n<p class=\"ai-optimize-36\">Totalpris p\u00e5 settet: 2803,99 \u00a3. Spar 253,90 \u00a3 med dette settet! <\/p>\n","protected":false},"featured_media":31548,"template":"","meta":{"_acf_changed":false,"om_disable_all_campaigns":false},"product_brand":[],"product_cat":[700,472,1650],"product_tag":[1651,1653],"class_list":{"0":"post-31908","1":"product","2":"type-product","3":"status-publish","4":"has-post-thumbnail","6":"product_cat-elektronisk-signalering-og-flare-pl","7":"product_cat-rescueme-pl","8":"product_cat-sikkerhetssett","9":"product_tag-grab-bag-pl","10":"product_tag-sikkerhetssett","12":"first","13":"instock","14":"taxable","15":"shipping-taxable","16":"purchasable","17":"product-type-simple"},"acf":[],"yoast_head":"<!-- This site is optimized with the Yoast SEO Premium plugin v25.2 (Yoast SEO v26.4) - https:\/\/yoast.com\/wordpress\/plugins\/seo\/ -->\n<title>EPIRB3 AIS Seilsikkerhetssett Plus - Ocean Signal<\/title>\n<meta name=\"robots\" content=\"index, follow, max-snippet:-1, max-image-preview:large, max-video-preview:-1\" \/>\n<link rel=\"canonical\" href=\"https:\/\/oceansignal.com\/pl\/products\/epirb3-ais-sikkerhetssett-plus\/\" \/>\n<meta property=\"og:locale\" content=\"pl_PL\" \/>\n<meta property=\"og:type\" content=\"article\" \/>\n<meta property=\"og:title\" content=\"EPIRB3 AIS Seilsikkerhetssett Plus\" \/>\n<meta property=\"og:description\" content=\"Fullstendig sikkerhet. For seri\u00f8se mannskaper. EPIRB3 AIS Safety Kit Plus er Ocean Signals ultimate sikkerhetspakke for offshore bruk, spesialbygd for skippere som utstyrer fart\u00f8yene sine for hele familien, forbereder seg til havseilaser, bl\u00e5vannsseilaser eller lengre cruise med sm\u00e5 til mellomstore mannskaper. Ved \u00e5 kombinere v\u00e5re mest avanserte EPIRB-, AIS MOB-enheter og en komplett pakke med signalverkt\u00f8y, sikrer dette settet at b\u00e5ten og mannskapet ditt er utstyrt for \u00e5 oppfylle de h\u00f8yeste sikkerhetsstandardene for offshore bruk. Totalpris p\u00e5 settet: 2803,99 \u00a3. Spar 253,90 \u00a3 med dette settet!\" \/>\n<meta property=\"og:url\" content=\"https:\/\/oceansignal.com\/pl\/products\/epirb3-ais-sikkerhetssett-plus\/\" \/>\n<meta property=\"og:site_name\" content=\"Ocean Signal\" \/>\n<meta property=\"article:modified_time\" content=\"2026-02-05T08:49:26+00:00\" \/>\n<meta property=\"og:image\" content=\"https:\/\/oceansignal.com\/wp-content\/uploads\/2025\/06\/Grab_Bag_EPIRB3_AIS_Kit-1.jpg\" \/>\n\t<meta property=\"og:image:width\" content=\"911\" \/>\n\t<meta property=\"og:image:height\" content=\"805\" \/>\n\t<meta property=\"og:image:type\" content=\"image\/jpeg\" \/>\n<meta name=\"twitter:card\" content=\"summary_large_image\" \/>\n<meta name=\"twitter:label1\" content=\"Szacowany czas czytania\" \/>\n\t<meta name=\"twitter:data1\" content=\"2 minuty\" \/>\n<script type=\"application\/ld+json\" class=\"yoast-schema-graph\">{\"@context\":\"https:\/\/schema.org\",\"@graph\":[{\"@type\":\"WebPage\",\"@id\":\"https:\/\/oceansignal.com\/pl\/products\/epirb3-ais-sikkerhetssett-plus\/\",\"url\":\"https:\/\/oceansignal.com\/pl\/products\/epirb3-ais-sikkerhetssett-plus\/\",\"name\":\"EPIRB3 AIS Seilsikkerhetssett Plus - Ocean Signal\",\"isPartOf\":{\"@id\":\"https:\/\/oceansignal.com\/pl\/#website\"},\"primaryImageOfPage\":{\"@id\":\"https:\/\/oceansignal.com\/pl\/products\/epirb3-ais-sikkerhetssett-plus\/#primaryimage\"},\"image\":{\"@id\":\"https:\/\/oceansignal.com\/pl\/products\/epirb3-ais-sikkerhetssett-plus\/#primaryimage\"},\"thumbnailUrl\":\"https:\/\/oceansignal.com\/wp-content\/uploads\/2025\/06\/Grab_Bag_EPIRB3_AIS_Kit-1.jpg\",\"datePublished\":\"2025-06-24T09:51:30+00:00\",\"dateModified\":\"2026-02-05T08:49:26+00:00\",\"breadcrumb\":{\"@id\":\"https:\/\/oceansignal.com\/pl\/products\/epirb3-ais-sikkerhetssett-plus\/#breadcrumb\"},\"inLanguage\":\"pl-PL\",\"potentialAction\":[{\"@type\":\"ReadAction\",\"target\":[\"https:\/\/oceansignal.com\/pl\/products\/epirb3-ais-sikkerhetssett-plus\/\"]}]},{\"@type\":\"ImageObject\",\"inLanguage\":\"pl-PL\",\"@id\":\"https:\/\/oceansignal.com\/pl\/products\/epirb3-ais-sikkerhetssett-plus\/#primaryimage\",\"url\":\"https:\/\/oceansignal.com\/wp-content\/uploads\/2025\/06\/Grab_Bag_EPIRB3_AIS_Kit-1.jpg\",\"contentUrl\":\"https:\/\/oceansignal.com\/wp-content\/uploads\/2025\/06\/Grab_Bag_EPIRB3_AIS_Kit-1.jpg\",\"width\":911,\"height\":805},{\"@type\":\"BreadcrumbList\",\"@id\":\"https:\/\/oceansignal.com\/pl\/products\/epirb3-ais-sikkerhetssett-plus\/#breadcrumb\",\"itemListElement\":[{\"@type\":\"ListItem\",\"position\":1,\"name\":\"Produkt\u00f3w\",\"item\":\"https:\/\/oceansignal.com\/pl\/produktow\/\"},{\"@type\":\"ListItem\",\"position\":2,\"name\":\"EPIRB3 AIS Seilsikkerhetssett Plus\"}]},{\"@type\":\"WebSite\",\"@id\":\"https:\/\/oceansignal.com\/pl\/#website\",\"url\":\"https:\/\/oceansignal.com\/pl\/\",\"name\":\"Ocean Signal\",\"description\":\"A leading manufacturer of EPIRBs, AIS, SARTs, Personal Locator Beacons, Man Overboard Beacon for the Marine and Outdoor Markets.\",\"potentialAction\":[{\"@type\":\"SearchAction\",\"target\":{\"@type\":\"EntryPoint\",\"urlTemplate\":\"https:\/\/oceansignal.com\/pl\/?s={search_term_string}\"},\"query-input\":{\"@type\":\"PropertyValueSpecification\",\"valueRequired\":true,\"valueName\":\"search_term_string\"}}],\"inLanguage\":\"pl-PL\"}]}<\/script>\n<!-- \/ Yoast SEO Premium plugin. -->","yoast_head_json":{"title":"EPIRB3 AIS Seilsikkerhetssett Plus - Ocean Signal","robots":{"index":"index","follow":"follow","max-snippet":"max-snippet:-1","max-image-preview":"max-image-preview:large","max-video-preview":"max-video-preview:-1"},"canonical":"https:\/\/oceansignal.com\/pl\/products\/epirb3-ais-sikkerhetssett-plus\/","og_locale":"pl_PL","og_type":"article","og_title":"EPIRB3 AIS Seilsikkerhetssett Plus","og_description":"Fullstendig sikkerhet. For seri\u00f8se mannskaper. EPIRB3 AIS Safety Kit Plus er Ocean Signals ultimate sikkerhetspakke for offshore bruk, spesialbygd for skippere som utstyrer fart\u00f8yene sine for hele familien, forbereder seg til havseilaser, bl\u00e5vannsseilaser eller lengre cruise med sm\u00e5 til mellomstore mannskaper. Ved \u00e5 kombinere v\u00e5re mest avanserte EPIRB-, AIS MOB-enheter og en komplett pakke med signalverkt\u00f8y, sikrer dette settet at b\u00e5ten og mannskapet ditt er utstyrt for \u00e5 oppfylle de h\u00f8yeste sikkerhetsstandardene for offshore bruk. Totalpris p\u00e5 settet: 2803,99 \u00a3. Spar 253,90 \u00a3 med dette settet!","og_url":"https:\/\/oceansignal.com\/pl\/products\/epirb3-ais-sikkerhetssett-plus\/","og_site_name":"Ocean Signal","article_modified_time":"2026-02-05T08:49:26+00:00","og_image":[{"width":911,"height":805,"url":"https:\/\/oceansignal.com\/wp-content\/uploads\/2025\/06\/Grab_Bag_EPIRB3_AIS_Kit-1.jpg","type":"image\/jpeg"}],"twitter_card":"summary_large_image","twitter_misc":{"Szacowany czas czytania":"2 minuty"},"schema":{"@context":"https:\/\/schema.org","@graph":[{"@type":"WebPage","@id":"https:\/\/oceansignal.com\/pl\/products\/epirb3-ais-sikkerhetssett-plus\/","url":"https:\/\/oceansignal.com\/pl\/products\/epirb3-ais-sikkerhetssett-plus\/","name":"EPIRB3 AIS Seilsikkerhetssett Plus - Ocean Signal","isPartOf":{"@id":"https:\/\/oceansignal.com\/pl\/#website"},"primaryImageOfPage":{"@id":"https:\/\/oceansignal.com\/pl\/products\/epirb3-ais-sikkerhetssett-plus\/#primaryimage"},"image":{"@id":"https:\/\/oceansignal.com\/pl\/products\/epirb3-ais-sikkerhetssett-plus\/#primaryimage"},"thumbnailUrl":"https:\/\/oceansignal.com\/wp-content\/uploads\/2025\/06\/Grab_Bag_EPIRB3_AIS_Kit-1.jpg","datePublished":"2025-06-24T09:51:30+00:00","dateModified":"2026-02-05T08:49:26+00:00","breadcrumb":{"@id":"https:\/\/oceansignal.com\/pl\/products\/epirb3-ais-sikkerhetssett-plus\/#breadcrumb"},"inLanguage":"pl-PL","potentialAction":[{"@type":"ReadAction","target":["https:\/\/oceansignal.com\/pl\/products\/epirb3-ais-sikkerhetssett-plus\/"]}]},{"@type":"ImageObject","inLanguage":"pl-PL","@id":"https:\/\/oceansignal.com\/pl\/products\/epirb3-ais-sikkerhetssett-plus\/#primaryimage","url":"https:\/\/oceansignal.com\/wp-content\/uploads\/2025\/06\/Grab_Bag_EPIRB3_AIS_Kit-1.jpg","contentUrl":"https:\/\/oceansignal.com\/wp-content\/uploads\/2025\/06\/Grab_Bag_EPIRB3_AIS_Kit-1.jpg","width":911,"height":805},{"@type":"BreadcrumbList","@id":"https:\/\/oceansignal.com\/pl\/products\/epirb3-ais-sikkerhetssett-plus\/#breadcrumb","itemListElement":[{"@type":"ListItem","position":1,"name":"Produkt\u00f3w","item":"https:\/\/oceansignal.com\/pl\/produktow\/"},{"@type":"ListItem","position":2,"name":"EPIRB3 AIS Seilsikkerhetssett Plus"}]},{"@type":"WebSite","@id":"https:\/\/oceansignal.com\/pl\/#website","url":"https:\/\/oceansignal.com\/pl\/","name":"Ocean Signal","description":"A leading manufacturer of EPIRBs, AIS, SARTs, Personal Locator Beacons, Man Overboard Beacon for the Marine and Outdoor Markets.","potentialAction":[{"@type":"SearchAction","target":{"@type":"EntryPoint","urlTemplate":"https:\/\/oceansignal.com\/pl\/?s={search_term_string}"},"query-input":{"@type":"PropertyValueSpecification","valueRequired":true,"valueName":"search_term_string"}}],"inLanguage":"pl-PL"}]}},"_links":{"self":[{"href":"https:\/\/oceansignal.com\/pl\/wp-json\/wp\/v2\/product\/31908","targetHints":{"allow":["GET"]}}],"collection":[{"href":"https:\/\/oceansignal.com\/pl\/wp-json\/wp\/v2\/product"}],"about":[{"href":"https:\/\/oceansignal.com\/pl\/wp-json\/wp\/v2\/types\/product"}],"wp:featuredmedia":[{"embeddable":true,"href":"https:\/\/oceansignal.com\/pl\/wp-json\/wp\/v2\/media\/31548"}],"wp:attachment":[{"href":"https:\/\/oceansignal.com\/pl\/wp-json\/wp\/v2\/media?parent=31908"}],"wp:term":[{"taxonomy":"product_brand","embeddable":true,"href":"https:\/\/oceansignal.com\/pl\/wp-json\/wp\/v2\/product_brand?post=31908"},{"taxonomy":"product_cat","embeddable":true,"href":"https:\/\/oceansignal.com\/pl\/wp-json\/wp\/v2\/product_cat?post=31908"},{"taxonomy":"product_tag","embeddable":true,"href":"https:\/\/oceansignal.com\/pl\/wp-json\/wp\/v2\/product_tag?post=31908"}],"curies":[{"name":"wp","href":"https:\/\/api.w.org\/{rel}","templated":true}]}}