{"id":31944,"date":"2025-06-17T12:56:37","date_gmt":"2025-06-17T12:56:37","guid":{"rendered":"https:\/\/oceansignal.com\/products\/epirb1-sikkerhetssett\/"},"modified":"2025-08-21T14:03:40","modified_gmt":"2025-08-21T14:03:40","slug":"epirb1-sikkerhetssett","status":"publish","type":"product","link":"https:\/\/oceansignal.com\/pl\/products\/epirb1-sikkerhetssett\/","title":{"rendered":"EPIRB1 sikkerhetssett"},"content":{"rendered":"<h3><img loading=\"lazy\" decoding=\"async\" class=\"alignnone size-full wp-image-32359\" src=\"https:\/\/oceansignal.com\/wp-content\/uploads\/2025\/07\/View-New-Safety-Kits.png\" alt=\"\" width=\"300\" height=\"75\" srcset=\"https:\/\/oceansignal.com\/wp-content\/uploads\/2025\/07\/View-New-Safety-Kits.png 300w, https:\/\/oceansignal.com\/wp-content\/uploads\/2025\/07\/View-New-Safety-Kits-60x15.png 60w, https:\/\/oceansignal.com\/wp-content\/uploads\/2025\/07\/View-New-Safety-Kits-110x28.png 110w\" sizes=\"auto, (max-width: 300px) 100vw, 300px\" \/><\/h3>\n<h3>Hvorfor velge EPIRB1 sikkerhetssett?<\/h3>\n<p>Dette settet ble satt sammen med tanke p\u00e5 reelle n\u00f8dsituasjoner: avmasting, brann, synking eller plutselig forlatelse. Enten du krysser kanalen eller begir deg lenger ut til havs, gir <em>EPIRB1-sikkerhetssettet<\/em> deg et skikkelig forsprang i verste fall \u2013 og kan redde livet ditt. <\/p>\n<p>EPIRB1-sikkerhetssettet er en kompakt n\u00f8dsikkerhetspakke som er enkel \u00e5 ta med seg, designet for soloseilere, ivrige sportsfiskere og kystseilere som \u00f8nsker profesjonelt utstyr med minimalt oppsett. Det kombinerer tre viktige verkt\u00f8y i \u00e9n verdifull pakke, som alle er valgt for \u00e5 \u00f8ke sjansene for en rask og koordinert redningsaksjon. <\/p>\n<h3><strong>Utviklet for:<\/strong><\/h3>\n<ul>\n<li>Enslige sj\u00f8menn utenfor kysten<\/li>\n<li>Yachteiere s\u00f8ker en kompatibel gripeveske<\/li>\n<li>Kystkryssere og leveringsskippere<\/li>\n<li>Fritidsfiskere<\/li>\n<li>Sikkerhetsbevisste nykommere utstyrer b\u00e5ten sin for f\u00f8rste gang<\/li>\n<\/ul>\n<h3><strong>Hva som er inkludert og hvorfor det er viktig<\/strong><\/h3>\n<h4><strong>1 \u00d7 Ocean Signal EPIRB1 Cat II n\u00f8dsignal<\/strong><\/h4>\n<p><img loading=\"lazy\" decoding=\"async\" class=\"alignnone wp-image-31391 size-medium\" src=\"https:\/\/oceansignal.com\/wp-content\/uploads\/2025\/06\/EPIRB-1.2-153x300.png\" alt=\"\" width=\"153\" height=\"300\" srcset=\"https:\/\/oceansignal.com\/wp-content\/uploads\/2025\/06\/EPIRB-1.2-153x300.png 153w, https:\/\/oceansignal.com\/wp-content\/uploads\/2025\/06\/EPIRB-1.2-522x1024.png 522w, https:\/\/oceansignal.com\/wp-content\/uploads\/2025\/06\/EPIRB-1.2-768x1507.png 768w, https:\/\/oceansignal.com\/wp-content\/uploads\/2025\/06\/EPIRB-1.2-783x1536.png 783w, https:\/\/oceansignal.com\/wp-content\/uploads\/2025\/06\/EPIRB-1.2-600x1177.png 600w, https:\/\/oceansignal.com\/wp-content\/uploads\/2025\/06\/EPIRB-1.2-60x118.png 60w, https:\/\/oceansignal.com\/wp-content\/uploads\/2025\/06\/EPIRB-1.2-110x216.png 110w, https:\/\/oceansignal.com\/wp-content\/uploads\/2025\/06\/EPIRB-1.2.png 822w\" sizes=\"auto, (max-width: 153px) 100vw, 153px\" \/><\/p>\n<p>EPIRB-er er den mest effektive m\u00e5ten \u00e5 tilkalle en global SAR-respons i n\u00f8dsituasjoner til havs.<br \/>\n Utsalgsverdi: 484,99 \u00a3<\/p>\n<p>Hjertet i settet \u2013 en 406 MHz EPIRB (Emergency Positions Indicating Radio Beacon) som automatisk overf\u00f8rer posisjonen din til globale s\u00f8k- og redningssatellitter n\u00e5r den aktiveres. EPIRB1 bruker GPS og COSPAS-SARSAT satellittnettverk for \u00e5 finne din posisjon hvor som helst i verden, slik at hjelp varsles innen f\u00e5 minutter. <\/p>\n<ul>\n<li><strong>H\u00f8yn\u00f8yaktig GPS<\/strong> sikrer at redningsmannskaper mottar presise posisjonsoppdateringer.<\/li>\n<li><strong>Batterilevetid p\u00e5 over 48 timer<\/strong> gir s\u00f8keteamene lang tid p\u00e5 seg til \u00e5 finne deg.<\/li>\n<li><strong>Manuell brakett (kat. II)<\/strong> gir mulighet for enkel montering om bord.<\/li>\n<\/ul>\n<hr>\n<h4><strong>1 \u00d7 ACR Signalspeil og fl\u00f8yte<\/strong><\/h4>\n<p><img loading=\"lazy\" decoding=\"async\" class=\"alignnone wp-image-31407 size-medium\" src=\"https:\/\/oceansignal.com\/wp-content\/uploads\/2025\/06\/Grab_Bag_EPIRB1_Kit-300x218.png\" alt=\"\" width=\"300\" height=\"218\"><\/p>\n<p>N\u00e5r redningsmannskaper er i n\u00e6rheten, er det viktig \u00e5 kunne signalisere din n\u00f8yaktige posisjon visuelt eller h\u00f8rbart \u2013 spesielt i urolig sj\u00f8 eller d\u00e5rlig sikt. <em><br \/>\nButikkpris: 10,99 \u00a3<\/em><\/p>\n<p>En enkel, men kraftig visuell og h\u00f8rbar signalkombinasjon som kan utgj\u00f8re forskjellen p\u00e5 \u00e5 bli oppdaget eller oversett av et redningsfly eller -fart\u00f8y.<\/p>\n<ul>\n<li><strong>Signalspeil:<\/strong> <strong>Konstruert for \u00e5 reflektere sollys over store avstander, ideelt for \u00e5 fange blikket til passerende fart\u00f8y eller fly.<\/strong><\/li>\n<li><strong>Plystre: Gir skarpe lydsignaler som kan skj\u00e6re gjennom vind- og b\u00f8lgest\u00f8y.<\/strong><\/li>\n<\/ul>\n<hr>\n<h4><strong>1 \u00d7 Ocean Signal vanntett gripeveske<\/strong><\/h4>\n<p><img loading=\"lazy\" decoding=\"async\" class=\"alignnone wp-image-31488 size-medium\" src=\"https:\/\/oceansignal.com\/wp-content\/uploads\/2025\/06\/Grab_Bag-1-241x300.webp\" alt=\"\" width=\"241\" height=\"300\" srcset=\"https:\/\/oceansignal.com\/wp-content\/uploads\/2025\/06\/Grab_Bag-1-241x300.webp 241w, https:\/\/oceansignal.com\/wp-content\/uploads\/2025\/06\/Grab_Bag-1-60x75.webp 60w, https:\/\/oceansignal.com\/wp-content\/uploads\/2025\/06\/Grab_Bag-1-110x137.webp 110w, https:\/\/oceansignal.com\/wp-content\/uploads\/2025\/06\/Grab_Bag-1.webp 489w\" sizes=\"auto, (max-width: 241px) 100vw, 241px\" \/><\/p>\n<p>I kaoset i en n\u00f8dsituasjon lar denne gripevesken deg komme raskt frem med alt du trenger \u2013 t\u00f8rr, organisert og enkel \u00e5 gripe og ta med seg.<br \/>\n Utsalgspris: 129,99 \u00a3<\/p>\n<p>En slitesterk t\u00f8rrveske i maritim kvalitet, designet for \u00e5 b\u00e6re EPIRB, signalutstyr, dokumenter og annet sikkerhetsutstyr og n\u00f8dvendigheter. Bygget for \u00e5 flyte og holde seg t\u00f8rr i t\u00f8ffe maritime milj\u00f8er. <\/p>\n<ul>\n<li><strong>Lys farge med h\u00f8y synlighet for rask oppdagelse.<\/strong><\/li>\n<li><strong>Sikker lukking holder innholdet t\u00f8rt og beskyttet.<\/strong><\/li>\n<li><strong>Lettb\u00e6reh\u00e5ndtak for rask evakuering.<\/strong><\/li>\n<\/ul>\n","protected":false},"excerpt":{"rendered":"<p>EPIRB 1-sikkerhetssettet er en klar veske med kritisk n\u00f8dutstyr. Dette viktige settet er bygget rundt Ocean Signals ultrakompakte EPIRB1 kategori II-varslingssignal, og inkluderer ogs\u00e5 et signalspeil og en fl\u00f8yte, slik at du har det viktigste sikkerhetsutstyret. <\/p>\n<p>Perfekt for soloseilere, kystseilere eller de som utstyrer sitt f\u00f8rste sikkerhetssett.<\/p>\n<p>Totalpris p\u00e5 settet: 625,97 \u00a3. Spar 95,98 \u00a3 med dette settet! <\/p>\n","protected":false},"featured_media":31300,"template":"","meta":{"_acf_changed":false,"om_disable_all_campaigns":false},"product_brand":[],"product_cat":[472,1650],"product_tag":[],"class_list":{"0":"post-31944","1":"product","2":"type-product","3":"status-publish","4":"has-post-thumbnail","6":"product_cat-rescueme-pl","7":"product_cat-sikkerhetssett","9":"first","10":"instock","11":"taxable","12":"shipping-taxable","13":"purchasable","14":"product-type-simple"},"acf":[],"yoast_head":"<!-- This site is optimized with the Yoast SEO Premium plugin v25.2 (Yoast SEO v26.4) - https:\/\/yoast.com\/wordpress\/plugins\/seo\/ -->\n<title>EPIRB1 sikkerhetssett - Ocean Signal<\/title>\n<meta name=\"robots\" content=\"index, follow, max-snippet:-1, max-image-preview:large, max-video-preview:-1\" \/>\n<link rel=\"canonical\" href=\"https:\/\/oceansignal.com\/pl\/products\/epirb1-sikkerhetssett\/\" \/>\n<meta property=\"og:locale\" content=\"pl_PL\" \/>\n<meta property=\"og:type\" content=\"article\" \/>\n<meta property=\"og:title\" content=\"EPIRB1 sikkerhetssett\" \/>\n<meta property=\"og:description\" content=\"EPIRB 1-sikkerhetssettet er en klar veske med kritisk n\u00f8dutstyr. Dette viktige settet er bygget rundt Ocean Signals ultrakompakte EPIRB1 kategori II-varslingssignal, og inkluderer ogs\u00e5 et signalspeil og en fl\u00f8yte, slik at du har det viktigste sikkerhetsutstyret.  Perfekt for soloseilere, kystseilere eller de som utstyrer sitt f\u00f8rste sikkerhetssett. Totalpris p\u00e5 settet: 625,97 \u00a3. Spar 95,98 \u00a3 med dette settet!\" \/>\n<meta property=\"og:url\" content=\"https:\/\/oceansignal.com\/pl\/products\/epirb1-sikkerhetssett\/\" \/>\n<meta property=\"og:site_name\" content=\"Ocean Signal\" \/>\n<meta property=\"article:modified_time\" content=\"2025-08-21T14:03:40+00:00\" \/>\n<meta property=\"og:image\" content=\"https:\/\/oceansignal.com\/wp-content\/uploads\/2025\/06\/Grab_Bag_EPIRB1_Kit-1.jpg\" \/>\n\t<meta property=\"og:image:width\" content=\"911\" \/>\n\t<meta property=\"og:image:height\" content=\"805\" \/>\n\t<meta property=\"og:image:type\" content=\"image\/jpeg\" \/>\n<meta name=\"twitter:card\" content=\"summary_large_image\" \/>\n<meta name=\"twitter:label1\" content=\"Szacowany czas czytania\" \/>\n\t<meta name=\"twitter:data1\" content=\"2 minuty\" \/>\n<script type=\"application\/ld+json\" class=\"yoast-schema-graph\">{\"@context\":\"https:\/\/schema.org\",\"@graph\":[{\"@type\":\"WebPage\",\"@id\":\"https:\/\/oceansignal.com\/pl\/products\/epirb1-sikkerhetssett\/\",\"url\":\"https:\/\/oceansignal.com\/pl\/products\/epirb1-sikkerhetssett\/\",\"name\":\"EPIRB1 sikkerhetssett - Ocean Signal\",\"isPartOf\":{\"@id\":\"https:\/\/oceansignal.com\/pl\/#website\"},\"primaryImageOfPage\":{\"@id\":\"https:\/\/oceansignal.com\/pl\/products\/epirb1-sikkerhetssett\/#primaryimage\"},\"image\":{\"@id\":\"https:\/\/oceansignal.com\/pl\/products\/epirb1-sikkerhetssett\/#primaryimage\"},\"thumbnailUrl\":\"https:\/\/oceansignal.com\/wp-content\/uploads\/2025\/06\/Grab_Bag_EPIRB1_Kit-1.jpg\",\"datePublished\":\"2025-06-17T12:56:37+00:00\",\"dateModified\":\"2025-08-21T14:03:40+00:00\",\"breadcrumb\":{\"@id\":\"https:\/\/oceansignal.com\/pl\/products\/epirb1-sikkerhetssett\/#breadcrumb\"},\"inLanguage\":\"pl-PL\",\"potentialAction\":[{\"@type\":\"ReadAction\",\"target\":[\"https:\/\/oceansignal.com\/pl\/products\/epirb1-sikkerhetssett\/\"]}]},{\"@type\":\"ImageObject\",\"inLanguage\":\"pl-PL\",\"@id\":\"https:\/\/oceansignal.com\/pl\/products\/epirb1-sikkerhetssett\/#primaryimage\",\"url\":\"https:\/\/oceansignal.com\/wp-content\/uploads\/2025\/06\/Grab_Bag_EPIRB1_Kit-1.jpg\",\"contentUrl\":\"https:\/\/oceansignal.com\/wp-content\/uploads\/2025\/06\/Grab_Bag_EPIRB1_Kit-1.jpg\",\"width\":911,\"height\":805},{\"@type\":\"BreadcrumbList\",\"@id\":\"https:\/\/oceansignal.com\/pl\/products\/epirb1-sikkerhetssett\/#breadcrumb\",\"itemListElement\":[{\"@type\":\"ListItem\",\"position\":1,\"name\":\"Produkt\u00f3w\",\"item\":\"https:\/\/oceansignal.com\/pl\/produktow\/\"},{\"@type\":\"ListItem\",\"position\":2,\"name\":\"EPIRB1 sikkerhetssett\"}]},{\"@type\":\"WebSite\",\"@id\":\"https:\/\/oceansignal.com\/pl\/#website\",\"url\":\"https:\/\/oceansignal.com\/pl\/\",\"name\":\"Ocean Signal\",\"description\":\"A leading manufacturer of EPIRBs, AIS, SARTs, Personal Locator Beacons, Man Overboard Beacon for the Marine and Outdoor Markets.\",\"potentialAction\":[{\"@type\":\"SearchAction\",\"target\":{\"@type\":\"EntryPoint\",\"urlTemplate\":\"https:\/\/oceansignal.com\/pl\/?s={search_term_string}\"},\"query-input\":{\"@type\":\"PropertyValueSpecification\",\"valueRequired\":true,\"valueName\":\"search_term_string\"}}],\"inLanguage\":\"pl-PL\"}]}<\/script>\n<!-- \/ Yoast SEO Premium plugin. -->","yoast_head_json":{"title":"EPIRB1 sikkerhetssett - Ocean Signal","robots":{"index":"index","follow":"follow","max-snippet":"max-snippet:-1","max-image-preview":"max-image-preview:large","max-video-preview":"max-video-preview:-1"},"canonical":"https:\/\/oceansignal.com\/pl\/products\/epirb1-sikkerhetssett\/","og_locale":"pl_PL","og_type":"article","og_title":"EPIRB1 sikkerhetssett","og_description":"EPIRB 1-sikkerhetssettet er en klar veske med kritisk n\u00f8dutstyr. Dette viktige settet er bygget rundt Ocean Signals ultrakompakte EPIRB1 kategori II-varslingssignal, og inkluderer ogs\u00e5 et signalspeil og en fl\u00f8yte, slik at du har det viktigste sikkerhetsutstyret.  Perfekt for soloseilere, kystseilere eller de som utstyrer sitt f\u00f8rste sikkerhetssett. Totalpris p\u00e5 settet: 625,97 \u00a3. Spar 95,98 \u00a3 med dette settet!","og_url":"https:\/\/oceansignal.com\/pl\/products\/epirb1-sikkerhetssett\/","og_site_name":"Ocean Signal","article_modified_time":"2025-08-21T14:03:40+00:00","og_image":[{"width":911,"height":805,"url":"https:\/\/oceansignal.com\/wp-content\/uploads\/2025\/06\/Grab_Bag_EPIRB1_Kit-1.jpg","type":"image\/jpeg"}],"twitter_card":"summary_large_image","twitter_misc":{"Szacowany czas czytania":"2 minuty"},"schema":{"@context":"https:\/\/schema.org","@graph":[{"@type":"WebPage","@id":"https:\/\/oceansignal.com\/pl\/products\/epirb1-sikkerhetssett\/","url":"https:\/\/oceansignal.com\/pl\/products\/epirb1-sikkerhetssett\/","name":"EPIRB1 sikkerhetssett - Ocean Signal","isPartOf":{"@id":"https:\/\/oceansignal.com\/pl\/#website"},"primaryImageOfPage":{"@id":"https:\/\/oceansignal.com\/pl\/products\/epirb1-sikkerhetssett\/#primaryimage"},"image":{"@id":"https:\/\/oceansignal.com\/pl\/products\/epirb1-sikkerhetssett\/#primaryimage"},"thumbnailUrl":"https:\/\/oceansignal.com\/wp-content\/uploads\/2025\/06\/Grab_Bag_EPIRB1_Kit-1.jpg","datePublished":"2025-06-17T12:56:37+00:00","dateModified":"2025-08-21T14:03:40+00:00","breadcrumb":{"@id":"https:\/\/oceansignal.com\/pl\/products\/epirb1-sikkerhetssett\/#breadcrumb"},"inLanguage":"pl-PL","potentialAction":[{"@type":"ReadAction","target":["https:\/\/oceansignal.com\/pl\/products\/epirb1-sikkerhetssett\/"]}]},{"@type":"ImageObject","inLanguage":"pl-PL","@id":"https:\/\/oceansignal.com\/pl\/products\/epirb1-sikkerhetssett\/#primaryimage","url":"https:\/\/oceansignal.com\/wp-content\/uploads\/2025\/06\/Grab_Bag_EPIRB1_Kit-1.jpg","contentUrl":"https:\/\/oceansignal.com\/wp-content\/uploads\/2025\/06\/Grab_Bag_EPIRB1_Kit-1.jpg","width":911,"height":805},{"@type":"BreadcrumbList","@id":"https:\/\/oceansignal.com\/pl\/products\/epirb1-sikkerhetssett\/#breadcrumb","itemListElement":[{"@type":"ListItem","position":1,"name":"Produkt\u00f3w","item":"https:\/\/oceansignal.com\/pl\/produktow\/"},{"@type":"ListItem","position":2,"name":"EPIRB1 sikkerhetssett"}]},{"@type":"WebSite","@id":"https:\/\/oceansignal.com\/pl\/#website","url":"https:\/\/oceansignal.com\/pl\/","name":"Ocean Signal","description":"A leading manufacturer of EPIRBs, AIS, SARTs, Personal Locator Beacons, Man Overboard Beacon for the Marine and Outdoor Markets.","potentialAction":[{"@type":"SearchAction","target":{"@type":"EntryPoint","urlTemplate":"https:\/\/oceansignal.com\/pl\/?s={search_term_string}"},"query-input":{"@type":"PropertyValueSpecification","valueRequired":true,"valueName":"search_term_string"}}],"inLanguage":"pl-PL"}]}},"_links":{"self":[{"href":"https:\/\/oceansignal.com\/pl\/wp-json\/wp\/v2\/product\/31944","targetHints":{"allow":["GET"]}}],"collection":[{"href":"https:\/\/oceansignal.com\/pl\/wp-json\/wp\/v2\/product"}],"about":[{"href":"https:\/\/oceansignal.com\/pl\/wp-json\/wp\/v2\/types\/product"}],"wp:featuredmedia":[{"embeddable":true,"href":"https:\/\/oceansignal.com\/pl\/wp-json\/wp\/v2\/media\/31300"}],"wp:attachment":[{"href":"https:\/\/oceansignal.com\/pl\/wp-json\/wp\/v2\/media?parent=31944"}],"wp:term":[{"taxonomy":"product_brand","embeddable":true,"href":"https:\/\/oceansignal.com\/pl\/wp-json\/wp\/v2\/product_brand?post=31944"},{"taxonomy":"product_cat","embeddable":true,"href":"https:\/\/oceansignal.com\/pl\/wp-json\/wp\/v2\/product_cat?post=31944"},{"taxonomy":"product_tag","embeddable":true,"href":"https:\/\/oceansignal.com\/pl\/wp-json\/wp\/v2\/product_tag?post=31944"}],"curies":[{"name":"wp","href":"https:\/\/api.w.org\/{rel}","templated":true}]}}