{"id":31956,"date":"2025-06-24T09:31:27","date_gmt":"2025-06-24T09:31:27","guid":{"rendered":"https:\/\/oceansignal.com\/products\/plb1-sikkerhetssett\/"},"modified":"2026-03-18T16:38:49","modified_gmt":"2026-03-18T16:38:49","slug":"plb1-sikkerhetssett","status":"publish","type":"product","link":"https:\/\/oceansignal.com\/pl\/products\/plb1-sikkerhetssett\/","title":{"rendered":"PLB1 sikkerhetssett"},"content":{"rendered":"<h3 data-start=\"3285\" data-end=\"3337\"><strong data-start=\"3292\" data-end=\"3337\"><img loading=\"lazy\" decoding=\"async\" class=\"alignnone size-full wp-image-32359\" src=\"https:\/\/oceansignal.com\/wp-content\/uploads\/2025\/07\/View-New-Safety-Kits.png\" alt=\"\" width=\"300\" height=\"75\" srcset=\"https:\/\/oceansignal.com\/wp-content\/uploads\/2025\/07\/View-New-Safety-Kits.png 300w, https:\/\/oceansignal.com\/wp-content\/uploads\/2025\/07\/View-New-Safety-Kits-60x15.png 60w, https:\/\/oceansignal.com\/wp-content\/uploads\/2025\/07\/View-New-Safety-Kits-110x28.png 110w\" sizes=\"auto, (max-width: 300px) 100vw, 300px\" \/><\/strong><\/h3>\n<h3 data-start=\"3116\" data-end=\"3164\"><strong data-start=\"3123\" data-end=\"3164\">Hvorfor velge PLB1 sikkerhetssett?<\/strong><\/h3>\n<p data-start=\"3166\" data-end=\"3448\">Dette settet er utviklet for uavhengighet, og gir sj\u00f8folk eller flygere muligheten til \u00e5 beskytte seg selv og mannskapet sitt via et profesjonelt sikkerhetsoppsett som er kompakt, kostnadseffektivt og regelbevisst. Det er perfekt for de som enn\u00e5 ikke trenger en n\u00f8dsentral, men som \u00f8nsker \u00e5 bli sett, h\u00f8rt og funnet n\u00e5r det gjelder som mest. <\/p>\n<p data-start=\"3450\" data-end=\"3536\">Enten du trimmer seil eller flyr bein, er dette din personlige sikkerhetskopi.<\/p>\n<h3 data-start=\"2760\" data-end=\"2781\"><strong data-start=\"2767\" data-end=\"2781\">Ideell for:<\/strong><\/h3>\n<ul data-start=\"2782\" data-end=\"3037\">\n<li data-start=\"2782\" data-end=\"2842\">\n<p data-start=\"2784\" data-end=\"2842\">Enslige seilere, RYA-studenter (Royal Yachting Association), kystcruisere i helgene og profesjonelle sj\u00f8folk<\/p>\n<\/li>\n<li data-start=\"2843\" data-end=\"2895\">\n<p data-start=\"2845\" data-end=\"2895\">Privatpiloter<\/p>\n<\/li>\n<li data-start=\"2896\" data-end=\"2965\">\n<p data-start=\"2898\" data-end=\"2965\">Eventyrreisende, eiere av lette fly og ultralette piloter<\/p>\n<\/li>\n<li data-start=\"2966\" data-end=\"3037\">\n<p data-start=\"2968\" data-end=\"3037\">Enhver sj\u00f8mann uten fast EPIRB som trenger lett n\u00f8ddekning<\/p>\n<\/li>\n<\/ul>\n<h3 data-start=\"699\" data-end=\"752\"><strong data-start=\"706\" data-end=\"752\">Hva er inkludert, og hvordan st\u00f8tter det redning?<\/strong><\/h3>\n<h4 data-start=\"754\" data-end=\"810\"><strong data-start=\"759\" data-end=\"808\">1 \u00d7 Ocean Signal PLB1 personlig lokaliseringssignal<\/strong><\/h4>\n<p data-start=\"811\" data-end=\"834\">Enten du er offshore eller over avsidesliggende land, kobler PLB1 deg direkte til globale redningstjenester \u2013 selv n\u00e5r du er utenfor VHF- eller mobilrekkevidde.<br \/>\n Utsalgspris: 279,99 \u00a3<br \/>\n<img loading=\"lazy\" decoding=\"async\" class=\"alignnone size-medium wp-image-31618\" src=\"https:\/\/oceansignal.com\/wp-content\/uploads\/2025\/06\/PLB1-straight-on-2.png\" alt=\"\" width=\"172\" height=\"246\" srcset=\"https:\/\/oceansignal.com\/wp-content\/uploads\/2025\/06\/PLB1-straight-on-2.png 172w, https:\/\/oceansignal.com\/wp-content\/uploads\/2025\/06\/PLB1-straight-on-2-60x86.png 60w, https:\/\/oceansignal.com\/wp-content\/uploads\/2025\/06\/PLB1-straight-on-2-110x157.png 110w\" sizes=\"auto, (max-width: 172px) 100vw, 172px\" \/><\/p>\n<p data-start=\"836\" data-end=\"1027\">Denne ultrakompakte 406 MHz satellittfyren overf\u00f8rer GPS-posisjonen din til det globale Cospas-Sarsat satellittnettverket, og sender i tillegg ut et lokalt 121,5 MHz-m\u00e5ls\u00f8kingssignal for \u00e5 hjelpe s\u00f8keteam med \u00e5 finne riktig posisjon raskt.<\/p>\n<ul data-start=\"1029\" data-end=\"1218\">\n<li data-start=\"1029\" data-end=\"1065\">\n<p data-start=\"1031\" data-end=\"1065\">Globale n\u00f8dvarsler fra satellitter<\/p>\n<\/li>\n<li data-start=\"1066\" data-end=\"1101\">\n<p data-start=\"1068\" data-end=\"1101\">GPS-posisjonering + m\u00e5ls\u00f8kende fyr<\/p>\n<\/li>\n<li data-start=\"1102\" data-end=\"1152\">\n<p data-start=\"1104\" data-end=\"1152\">Liten nok til \u00e5 f\u00e5 plass i en lomme eller flyvest<\/p>\n<\/li>\n<li data-start=\"1153\" data-end=\"1181\">\n<p data-start=\"1155\" data-end=\"1181\">Ingen abonnement kreves<\/p>\n<\/li>\n<li data-start=\"1182\" data-end=\"1218\">\n<p data-start=\"1184\" data-end=\"1218\">7 \u00e5rs batterilevetid, 24+ timers drift<\/p>\n<\/li>\n<\/ul>\n<hr data-start=\"1389\" data-end=\"1392\">\n<h4 data-start=\"1394\" data-end=\"1452\"><strong data-start=\"1399\" data-end=\"1450\">1 \u00d7 Ocean Signal EDF1 elektronisk n\u00f8dbluss<\/strong><\/h4>\n<p data-start=\"1453\" data-end=\"1476\">Effektiv signalering for s\u00f8kefly eller redningsmannskaper i n\u00e6rheten \u2013 ideelt for nedstyrte piloter eller sj\u00f8menn som venter p\u00e5 berging.<br \/>\n Utsalgspris: 149,99 \u00a3<br \/>\n<img loading=\"lazy\" decoding=\"async\" class=\"alignnone size-medium wp-image-31601\" src=\"https:\/\/oceansignal.com\/wp-content\/uploads\/2025\/06\/EDF1-cutout-70x300.png\" alt=\"\" width=\"70\" height=\"300\" srcset=\"https:\/\/oceansignal.com\/wp-content\/uploads\/2025\/06\/EDF1-cutout-70x300.png 70w, https:\/\/oceansignal.com\/wp-content\/uploads\/2025\/06\/EDF1-cutout-60x258.png 60w, https:\/\/oceansignal.com\/wp-content\/uploads\/2025\/06\/EDF1-cutout-110x473.png 110w, https:\/\/oceansignal.com\/wp-content\/uploads\/2025\/06\/EDF1-cutout.png 180w\" sizes=\"auto, (max-width: 70px) 100vw, 70px\" \/><\/p>\n<p data-start=\"1478\" data-end=\"1641\">Et gjenbrukbart, batteridrevet LED-n\u00f8dbluss som erstatter pyroteknikk med et tryggere og mer holdbart alternativ \u2013 perfekt for nattsikt p\u00e5 land eller sj\u00f8.<\/p>\n<ul data-start=\"1643\" data-end=\"1796\">\n<li data-start=\"1643\" data-end=\"1685\">\n<p data-start=\"1645\" data-end=\"1685\">360\u00b0 sikt om natten opptil 11 km<\/p>\n<\/li>\n<li data-start=\"1686\" data-end=\"1727\">\n<p data-start=\"1688\" data-end=\"1727\">SOS-blitsegenskap utsendes i en av fire valgfrie moduser (\u00d8konomi, Lys, Ultra og Beam)<\/p>\n<\/li>\n<li data-start=\"1728\" data-end=\"1765\">\n<p data-start=\"1730\" data-end=\"1765\">Vanntett, flytedyktig og robust<\/p>\n<\/li>\n<li data-start=\"1766\" data-end=\"1796\">\n<p data-start=\"1768\" data-end=\"1796\">Ingen brannfare eller utl\u00f8psdatoer<\/p>\n<\/li>\n<\/ul>\n<hr data-start=\"1933\" data-end=\"1936\">\n<h4 data-start=\"1938\" data-end=\"1980\"><strong data-start=\"1943\" data-end=\"1978\">1 \u00d7 ACR Signalspeil og fl\u00f8yte<\/strong><\/h4>\n<p data-start=\"1981\" data-end=\"2003\">En viktig backup n\u00e5r andre verkt\u00f8y svikter \u2013 ideelt for \u00e5 tiltrekke seg siste oppmerksomhet fra helikoptre, livb\u00e5ter eller bakkebaserte redningsteam.<br \/>\n Butikkpris: 10,99 \u00a3<br \/>\n<img loading=\"lazy\" decoding=\"async\" class=\"alignnone size-medium wp-image-31407\" src=\"https:\/\/oceansignal.com\/wp-content\/uploads\/2025\/06\/Grab_Bag_EPIRB1_Kit-e1752085331562-300x131.png\" alt=\"\" width=\"300\" height=\"131\" srcset=\"https:\/\/oceansignal.com\/wp-content\/uploads\/2025\/06\/Grab_Bag_EPIRB1_Kit-e1752085331562-300x131.png 300w, https:\/\/oceansignal.com\/wp-content\/uploads\/2025\/06\/Grab_Bag_EPIRB1_Kit-e1752085331562-60x26.png 60w, https:\/\/oceansignal.com\/wp-content\/uploads\/2025\/06\/Grab_Bag_EPIRB1_Kit-e1752085331562-110x48.png 110w, https:\/\/oceansignal.com\/wp-content\/uploads\/2025\/06\/Grab_Bag_EPIRB1_Kit-e1752085331562.png 344w\" sizes=\"auto, (max-width: 300px) 100vw, 300px\" \/><br \/>\n Enkle, lette verkt\u00f8y som lar deg visuelt og h\u00f8rbart tiltrekke redningsmenn n\u00e5r de er innen rekkevidde.<\/p>\n<ul>\n<li><strong>H\u00f8yreflekterende kompakt speil for visuelle signaler i dagslys \u2013 konstruert for \u00e5 reflektere sollys over store avstander, ideelt for \u00e5 fange oppmerksomheten til passerende fart\u00f8y eller fly<\/strong><\/li>\n<li><strong>H\u00f8y, lydl\u00f8s plystring for \u00e5 tiltrekke seg oppmerksomhet p\u00e5 n\u00e6rt hold<\/strong><\/li>\n<li><strong>Ingen batterier, ingen vedlikehold<\/strong><\/li>\n<\/ul>\n<hr data-start=\"1933\" data-end=\"1936\">\n<p><strong data-start=\"2380\" data-end=\"2420\">1 \u00d7 Ocean Signal vanntett gripeveske<\/strong><\/p>\n<p data-start=\"2423\" data-end=\"2445\">Holder redningssettet ditt beskyttet, synlig og klart for rask utplassering i enhver n\u00f8dsituasjon.<br \/>\n Utsalgspris: 99,99 \u00a3<br \/>\n<img loading=\"lazy\" decoding=\"async\" class=\"alignnone size-medium wp-image-31488\" src=\"https:\/\/oceansignal.com\/wp-content\/uploads\/2025\/06\/Grab_Bag-1-241x300.webp\" alt=\"\" width=\"241\" height=\"300\" srcset=\"https:\/\/oceansignal.com\/wp-content\/uploads\/2025\/06\/Grab_Bag-1-241x300.webp 241w, https:\/\/oceansignal.com\/wp-content\/uploads\/2025\/06\/Grab_Bag-1-60x75.webp 60w, https:\/\/oceansignal.com\/wp-content\/uploads\/2025\/06\/Grab_Bag-1-110x137.webp 110w, https:\/\/oceansignal.com\/wp-content\/uploads\/2025\/06\/Grab_Bag-1.webp 489w\" sizes=\"auto, (max-width: 241px) 100vw, 241px\" \/><\/p>\n<p data-start=\"2447\" data-end=\"2517\">Lys, flytende gripeveske for oppbevaring av alt n\u00f8dvendig sikkerhetsutstyr p\u00e5 ett sted.<\/p>\n<ul data-start=\"2519\" data-end=\"2641\">\n<li data-start=\"2519\" data-end=\"2570\">\n<p data-start=\"2521\" data-end=\"2570\"><strong>Enkel \u00e5 oppbevare i et cockpitskap eller en cockpitveske<\/strong><\/p>\n<\/li>\n<li data-start=\"2571\" data-end=\"2616\">\n<p data-start=\"2573\" data-end=\"2616\"><strong>Oppdrift<\/strong><\/p>\n<\/li>\n<li data-start=\"2617\" data-end=\"2641\">\n<p data-start=\"2619\" data-end=\"2641\"><strong>H\u00f8y synlighetsdesign<\/strong><\/p>\n<\/li>\n<\/ul>\n","protected":false},"excerpt":{"rendered":"<p>PLB1-sikkerhetssettet er en p\u00e5litelig og budsjettbevisst n\u00f8dpakke for sj\u00f8menn og piloter som opererer selvstendig og verdsetter lett, selvstendig sikkerhetsutstyr. Enten du foretar en kort tur langs kysten eller flyr over avsidesliggende terreng, s\u00f8rger dette settet for at du er forberedt hvis det uventede skjer. <\/p>\n<p>Total settverdi ved veiledende pris: 595,99 \u00a3 Spar 115,97 \u00a3 med dette settet!<\/p>\n","protected":false},"featured_media":31597,"template":"","meta":{"_acf_changed":false,"om_disable_all_campaigns":false},"product_brand":[],"product_cat":[1988,472,1650],"product_tag":[1651,1696],"class_list":{"0":"post-31956","1":"product","2":"type-product","3":"status-publish","4":"has-post-thumbnail","6":"product_cat-kompatibel-med-redningsvester","7":"product_cat-rescueme-pl","8":"product_cat-sikkerhetssett","9":"product_tag-grab-bag-pl","10":"product_tag-sikkerhetssett-pl","12":"first","13":"instock","14":"taxable","15":"shipping-taxable","16":"purchasable","17":"product-type-simple"},"acf":[],"yoast_head":"<!-- This site is optimized with the Yoast SEO Premium plugin v25.2 (Yoast SEO v26.4) - https:\/\/yoast.com\/wordpress\/plugins\/seo\/ -->\n<title>PLB1 sikkerhetssett - Ocean Signal<\/title>\n<meta name=\"robots\" content=\"index, follow, max-snippet:-1, max-image-preview:large, max-video-preview:-1\" \/>\n<link rel=\"canonical\" href=\"https:\/\/oceansignal.com\/pl\/products\/plb1-sikkerhetssett\/\" \/>\n<meta property=\"og:locale\" content=\"pl_PL\" \/>\n<meta property=\"og:type\" content=\"article\" \/>\n<meta property=\"og:title\" content=\"PLB1 sikkerhetssett\" \/>\n<meta property=\"og:description\" content=\"PLB1-sikkerhetssettet er en p\u00e5litelig og budsjettbevisst n\u00f8dpakke for sj\u00f8menn og piloter som opererer selvstendig og verdsetter lett, selvstendig sikkerhetsutstyr. Enten du foretar en kort tur langs kysten eller flyr over avsidesliggende terreng, s\u00f8rger dette settet for at du er forberedt hvis det uventede skjer.  Total settverdi ved veiledende pris: 595,99 \u00a3 Spar 115,97 \u00a3 med dette settet!\" \/>\n<meta property=\"og:url\" content=\"https:\/\/oceansignal.com\/pl\/products\/plb1-sikkerhetssett\/\" \/>\n<meta property=\"og:site_name\" content=\"Ocean Signal\" \/>\n<meta property=\"article:modified_time\" content=\"2026-03-18T16:38:49+00:00\" \/>\n<meta property=\"og:image\" content=\"https:\/\/oceansignal.com\/wp-content\/uploads\/2025\/06\/Grab_Bag_PLB1_Kit-1.jpg\" \/>\n\t<meta property=\"og:image:width\" content=\"911\" \/>\n\t<meta property=\"og:image:height\" content=\"805\" \/>\n\t<meta property=\"og:image:type\" content=\"image\/jpeg\" \/>\n<meta name=\"twitter:card\" content=\"summary_large_image\" \/>\n<meta name=\"twitter:label1\" content=\"Szacowany czas czytania\" \/>\n\t<meta name=\"twitter:data1\" content=\"2 minuty\" \/>\n<script type=\"application\/ld+json\" class=\"yoast-schema-graph\">{\"@context\":\"https:\/\/schema.org\",\"@graph\":[{\"@type\":\"WebPage\",\"@id\":\"https:\/\/oceansignal.com\/pl\/products\/plb1-sikkerhetssett\/\",\"url\":\"https:\/\/oceansignal.com\/pl\/products\/plb1-sikkerhetssett\/\",\"name\":\"PLB1 sikkerhetssett - Ocean Signal\",\"isPartOf\":{\"@id\":\"https:\/\/oceansignal.com\/pl\/#website\"},\"primaryImageOfPage\":{\"@id\":\"https:\/\/oceansignal.com\/pl\/products\/plb1-sikkerhetssett\/#primaryimage\"},\"image\":{\"@id\":\"https:\/\/oceansignal.com\/pl\/products\/plb1-sikkerhetssett\/#primaryimage\"},\"thumbnailUrl\":\"https:\/\/oceansignal.com\/wp-content\/uploads\/2025\/06\/Grab_Bag_PLB1_Kit-1.jpg\",\"datePublished\":\"2025-06-24T09:31:27+00:00\",\"dateModified\":\"2026-03-18T16:38:49+00:00\",\"breadcrumb\":{\"@id\":\"https:\/\/oceansignal.com\/pl\/products\/plb1-sikkerhetssett\/#breadcrumb\"},\"inLanguage\":\"pl-PL\",\"potentialAction\":[{\"@type\":\"ReadAction\",\"target\":[\"https:\/\/oceansignal.com\/pl\/products\/plb1-sikkerhetssett\/\"]}]},{\"@type\":\"ImageObject\",\"inLanguage\":\"pl-PL\",\"@id\":\"https:\/\/oceansignal.com\/pl\/products\/plb1-sikkerhetssett\/#primaryimage\",\"url\":\"https:\/\/oceansignal.com\/wp-content\/uploads\/2025\/06\/Grab_Bag_PLB1_Kit-1.jpg\",\"contentUrl\":\"https:\/\/oceansignal.com\/wp-content\/uploads\/2025\/06\/Grab_Bag_PLB1_Kit-1.jpg\",\"width\":911,\"height\":805},{\"@type\":\"BreadcrumbList\",\"@id\":\"https:\/\/oceansignal.com\/pl\/products\/plb1-sikkerhetssett\/#breadcrumb\",\"itemListElement\":[{\"@type\":\"ListItem\",\"position\":1,\"name\":\"Produkt\u00f3w\",\"item\":\"https:\/\/oceansignal.com\/pl\/produktow\/\"},{\"@type\":\"ListItem\",\"position\":2,\"name\":\"PLB1 sikkerhetssett\"}]},{\"@type\":\"WebSite\",\"@id\":\"https:\/\/oceansignal.com\/pl\/#website\",\"url\":\"https:\/\/oceansignal.com\/pl\/\",\"name\":\"Ocean Signal\",\"description\":\"A leading manufacturer of EPIRBs, AIS, SARTs, Personal Locator Beacons, Man Overboard Beacon for the Marine and Outdoor Markets.\",\"potentialAction\":[{\"@type\":\"SearchAction\",\"target\":{\"@type\":\"EntryPoint\",\"urlTemplate\":\"https:\/\/oceansignal.com\/pl\/?s={search_term_string}\"},\"query-input\":{\"@type\":\"PropertyValueSpecification\",\"valueRequired\":true,\"valueName\":\"search_term_string\"}}],\"inLanguage\":\"pl-PL\"}]}<\/script>\n<!-- \/ Yoast SEO Premium plugin. -->","yoast_head_json":{"title":"PLB1 sikkerhetssett - Ocean Signal","robots":{"index":"index","follow":"follow","max-snippet":"max-snippet:-1","max-image-preview":"max-image-preview:large","max-video-preview":"max-video-preview:-1"},"canonical":"https:\/\/oceansignal.com\/pl\/products\/plb1-sikkerhetssett\/","og_locale":"pl_PL","og_type":"article","og_title":"PLB1 sikkerhetssett","og_description":"PLB1-sikkerhetssettet er en p\u00e5litelig og budsjettbevisst n\u00f8dpakke for sj\u00f8menn og piloter som opererer selvstendig og verdsetter lett, selvstendig sikkerhetsutstyr. Enten du foretar en kort tur langs kysten eller flyr over avsidesliggende terreng, s\u00f8rger dette settet for at du er forberedt hvis det uventede skjer.  Total settverdi ved veiledende pris: 595,99 \u00a3 Spar 115,97 \u00a3 med dette settet!","og_url":"https:\/\/oceansignal.com\/pl\/products\/plb1-sikkerhetssett\/","og_site_name":"Ocean Signal","article_modified_time":"2026-03-18T16:38:49+00:00","og_image":[{"width":911,"height":805,"url":"https:\/\/oceansignal.com\/wp-content\/uploads\/2025\/06\/Grab_Bag_PLB1_Kit-1.jpg","type":"image\/jpeg"}],"twitter_card":"summary_large_image","twitter_misc":{"Szacowany czas czytania":"2 minuty"},"schema":{"@context":"https:\/\/schema.org","@graph":[{"@type":"WebPage","@id":"https:\/\/oceansignal.com\/pl\/products\/plb1-sikkerhetssett\/","url":"https:\/\/oceansignal.com\/pl\/products\/plb1-sikkerhetssett\/","name":"PLB1 sikkerhetssett - Ocean Signal","isPartOf":{"@id":"https:\/\/oceansignal.com\/pl\/#website"},"primaryImageOfPage":{"@id":"https:\/\/oceansignal.com\/pl\/products\/plb1-sikkerhetssett\/#primaryimage"},"image":{"@id":"https:\/\/oceansignal.com\/pl\/products\/plb1-sikkerhetssett\/#primaryimage"},"thumbnailUrl":"https:\/\/oceansignal.com\/wp-content\/uploads\/2025\/06\/Grab_Bag_PLB1_Kit-1.jpg","datePublished":"2025-06-24T09:31:27+00:00","dateModified":"2026-03-18T16:38:49+00:00","breadcrumb":{"@id":"https:\/\/oceansignal.com\/pl\/products\/plb1-sikkerhetssett\/#breadcrumb"},"inLanguage":"pl-PL","potentialAction":[{"@type":"ReadAction","target":["https:\/\/oceansignal.com\/pl\/products\/plb1-sikkerhetssett\/"]}]},{"@type":"ImageObject","inLanguage":"pl-PL","@id":"https:\/\/oceansignal.com\/pl\/products\/plb1-sikkerhetssett\/#primaryimage","url":"https:\/\/oceansignal.com\/wp-content\/uploads\/2025\/06\/Grab_Bag_PLB1_Kit-1.jpg","contentUrl":"https:\/\/oceansignal.com\/wp-content\/uploads\/2025\/06\/Grab_Bag_PLB1_Kit-1.jpg","width":911,"height":805},{"@type":"BreadcrumbList","@id":"https:\/\/oceansignal.com\/pl\/products\/plb1-sikkerhetssett\/#breadcrumb","itemListElement":[{"@type":"ListItem","position":1,"name":"Produkt\u00f3w","item":"https:\/\/oceansignal.com\/pl\/produktow\/"},{"@type":"ListItem","position":2,"name":"PLB1 sikkerhetssett"}]},{"@type":"WebSite","@id":"https:\/\/oceansignal.com\/pl\/#website","url":"https:\/\/oceansignal.com\/pl\/","name":"Ocean Signal","description":"A leading manufacturer of EPIRBs, AIS, SARTs, Personal Locator Beacons, Man Overboard Beacon for the Marine and Outdoor Markets.","potentialAction":[{"@type":"SearchAction","target":{"@type":"EntryPoint","urlTemplate":"https:\/\/oceansignal.com\/pl\/?s={search_term_string}"},"query-input":{"@type":"PropertyValueSpecification","valueRequired":true,"valueName":"search_term_string"}}],"inLanguage":"pl-PL"}]}},"_links":{"self":[{"href":"https:\/\/oceansignal.com\/pl\/wp-json\/wp\/v2\/product\/31956","targetHints":{"allow":["GET"]}}],"collection":[{"href":"https:\/\/oceansignal.com\/pl\/wp-json\/wp\/v2\/product"}],"about":[{"href":"https:\/\/oceansignal.com\/pl\/wp-json\/wp\/v2\/types\/product"}],"wp:featuredmedia":[{"embeddable":true,"href":"https:\/\/oceansignal.com\/pl\/wp-json\/wp\/v2\/media\/31597"}],"wp:attachment":[{"href":"https:\/\/oceansignal.com\/pl\/wp-json\/wp\/v2\/media?parent=31956"}],"wp:term":[{"taxonomy":"product_brand","embeddable":true,"href":"https:\/\/oceansignal.com\/pl\/wp-json\/wp\/v2\/product_brand?post=31956"},{"taxonomy":"product_cat","embeddable":true,"href":"https:\/\/oceansignal.com\/pl\/wp-json\/wp\/v2\/product_cat?post=31956"},{"taxonomy":"product_tag","embeddable":true,"href":"https:\/\/oceansignal.com\/pl\/wp-json\/wp\/v2\/product_tag?post=31956"}],"curies":[{"name":"wp","href":"https:\/\/api.w.org\/{rel}","templated":true}]}}