{"id":38018,"date":"2025-11-07T11:01:43","date_gmt":"2025-11-07T11:01:43","guid":{"rendered":"https:\/\/oceansignal.com\/?post_type=product&#038;p=38018"},"modified":"2026-03-17T17:01:04","modified_gmt":"2026-03-17T17:01:04","slug":"epirb3-sikkerhetssett-for-seilere-copy-2","status":"publish","type":"product","link":"https:\/\/oceansignal.com\/pl\/products\/epirb3-sikkerhetssett-for-seilere-copy-2\/","title":{"rendered":"PLB3 Sikkerhetssett for seilere"},"content":{"rendered":"<h3 data-start=\"3285\" data-end=\"3337\"><strong data-start=\"3292\" data-end=\"3337\"><img loading=\"lazy\" decoding=\"async\" class=\"alignnone size-full wp-image-32359\" src=\"https:\/\/oceansignal.com\/wp-content\/uploads\/2025\/07\/View-New-Safety-Kits.png\" alt=\"\" width=\"300\" height=\"75\" srcset=\"https:\/\/oceansignal.com\/wp-content\/uploads\/2025\/07\/View-New-Safety-Kits.png 300w, https:\/\/oceansignal.com\/wp-content\/uploads\/2025\/07\/View-New-Safety-Kits-60x15.png 60w, https:\/\/oceansignal.com\/wp-content\/uploads\/2025\/07\/View-New-Safety-Kits-110x28.png 110w\" sizes=\"auto, (max-width: 300px) 100vw, 300px\" \/><\/strong><\/h3>\n<h3 data-start=\"2673\" data-end=\"2727\"><strong data-start=\"2680\" data-end=\"2727\">Hvorfor velge PLB3-settet?<\/strong><\/h3>\n<ul>\n<li data-start=\"308\" data-end=\"559\">Bygget for selvhjulpne seilere \u2013 N\u00e5r du seiler alene eller med et lite mannskap, m\u00e5 alt utstyret fungere feilfritt. PLB3-settet gir profesjonell beskyttelse designet for de som er utelukkende avhengige av seg selv og utstyret sitt. <\/li>\n<li data-start=\"308\" data-end=\"559\">Verdens mest avanserte personlige varslingssignal rescueME PLB3 kombinerer 406 MHz satellittn\u00f8dsignal, lokal AIS-varsling og bekreftelse fra Return Link Service (RLS) \u2013 slik at du vet at hjelpanropet ditt er mottatt. AIS sender posisjonen din til fart\u00f8y i n\u00e6rheten for umiddelbar lokal varsling. <\/li>\n<li data-start=\"308\" data-end=\"559\">Komplett, kompakt sikkerhetsl\u00f8sning Pakket med havsignalpose med SOLAS-godkjent tape og ACR-speil- og fl\u00f8ytesett. Settet sikrer at du oppfyller offshorekrav samtidig som du holder deg lett, organisert og klar for umiddelbar utplassering.<\/li>\n<li data-start=\"308\" data-end=\"559\">Velpr\u00f8vd teknologi fra Ocean Signal og ACR Electronics. Dette settet representerer overlevelsesvitenskapen p\u00e5 sitt mest p\u00e5litelige, og er en kilde til tillit fra havracere, leveringsskippere og langdistansekryssere over hele verden.<\/li>\n<\/ul>\n<h3 data-start=\"2313\" data-end=\"2334\"><strong data-start=\"2320\" data-end=\"2334\">Ideell for:<\/strong><\/h3>\n<ul>\n<li data-start=\"181\" data-end=\"379\">Soloseilere og shorthanded-mannskaper Utviklet for de som seiler selvstendig eller med minimalt mannskap \u2013 og tilbyr p\u00e5litelig, tolags kommunikasjon og redningstillit hvor som helst i verden.<\/li>\n<li data-start=\"181\" data-end=\"379\">Bluewater- og offshore-eventyrere Ideell for seilere som krysser hav eller utforsker avsidesliggende kystlinjer der selvhjulpenhet og kompakt, SOLAS-godkjent sikkerhetsutstyr er avgj\u00f8rende.<\/li>\n<li data-start=\"181\" data-end=\"379\">Leveringsskippere og instrukt\u00f8rer Perfekt for profesjonelle skippere som er ansvarlige for fart\u00f8yoverf\u00f8ringer eller oppl\u00e6ring \u2013 sikrer samsvar og personlig beskyttelse til enhver tid.<\/li>\n<\/ul>\n<p>&nbsp;<\/p>\n<h3 data-start=\"673\" data-end=\"726\"><strong data-start=\"680\" data-end=\"726\">Hva er inkludert, og hvordan st\u00f8tter det redning?<\/strong><\/h3>\n<h4 data-start=\"728\" data-end=\"762\"><strong data-start=\"733\" data-end=\"760\">2 \u00d7 Ocean Signal rescueME PLB3<\/strong><\/h4>\n<p data-start=\"763\" data-end=\"786\">Kan sees lokalt (fart\u00f8y med AIS-transceivere) og globalt (406 MHz-melding levert til s\u00f8k og redning), spores presist (AIS) og beroliges med sanntidsbekreftelse (RLS) \u2013 alt i \u00e9n enhet.<br \/>\n Utsalgspris: 849,99 pund<\/p>\n<p data-start=\"763\" data-end=\"786\"><img loading=\"lazy\" decoding=\"async\" class=\"alignnone size-medium wp-image-11815\" src=\"https:\/\/oceansignal.com\/wp-content\/uploads\/2023\/09\/OSL-PLB3-Front-Antenna-Deployed-300x300.png\" alt=\"\" width=\"300\" height=\"300\" srcset=\"https:\/\/oceansignal.com\/wp-content\/uploads\/2023\/09\/OSL-PLB3-Front-Antenna-Deployed-300x300.png 300w, https:\/\/oceansignal.com\/wp-content\/uploads\/2023\/09\/OSL-PLB3-Front-Antenna-Deployed-1024x1024.png 1024w, https:\/\/oceansignal.com\/wp-content\/uploads\/2023\/09\/OSL-PLB3-Front-Antenna-Deployed-150x150.png 150w, https:\/\/oceansignal.com\/wp-content\/uploads\/2023\/09\/OSL-PLB3-Front-Antenna-Deployed-768x768.png 768w, https:\/\/oceansignal.com\/wp-content\/uploads\/2023\/09\/OSL-PLB3-Front-Antenna-Deployed-1536x1536.png 1536w, https:\/\/oceansignal.com\/wp-content\/uploads\/2023\/09\/OSL-PLB3-Front-Antenna-Deployed-600x600.png 600w, https:\/\/oceansignal.com\/wp-content\/uploads\/2023\/09\/OSL-PLB3-Front-Antenna-Deployed-100x100.png 100w, https:\/\/oceansignal.com\/wp-content\/uploads\/2023\/09\/OSL-PLB3-Front-Antenna-Deployed-60x60.png 60w, https:\/\/oceansignal.com\/wp-content\/uploads\/2023\/09\/OSL-PLB3-Front-Antenna-Deployed-110x110.png 110w, https:\/\/oceansignal.com\/wp-content\/uploads\/2023\/09\/OSL-PLB3-Front-Antenna-Deployed.png 2000w\" sizes=\"auto, (max-width: 300px) 100vw, 300px\" \/><\/p>\n<ul data-start=\"917\" data-end=\"1359\">\n<li data-start=\"917\" data-end=\"965\">Verdens F\u00d8RSTE PLB med AIS og verdens F\u00d8RSTE PLB med NFC og mobilapp\n<ul>\n<li data-start=\"71\" data-end=\"199\">\n<p data-start=\"73\" data-end=\"199\">Trippelvarslingssystem: Sender globalt 406 MHz n\u00f8dsignal, AIS for fart\u00f8y i n\u00e6rheten og 121,5 MHz hjems\u00f8king for globale redningsmannskaper<\/p>\n<\/li>\n<li data-start=\"71\" data-end=\"199\">PFD-klar design: Inkluderer en multifunksjonsklips og er designet for \u00e5 integreres s\u00f8ml\u00f8st med de fleste oppbl\u00e5sbare redningsvester<\/li>\n<li data-start=\"200\" data-end=\"302\">\n<p data-start=\"202\" data-end=\"302\">Smart og tilkoblet: NFC-aktivert for oppsett og statussjekk via gratis mobilapp (iOS og Android)<\/p>\n<\/li>\n<li data-start=\"303\" data-end=\"403\">\n<p data-start=\"305\" data-end=\"403\">Ingen abonnementer: Engangskj\u00f8p med 6 \u00e5rs batterilevetid og 24+ timers aktiveringstid<\/p>\n<\/li>\n<li data-start=\"303\" data-end=\"403\"><a href=\"https:\/\/oceansignal.com\/pl\/news\/ocean-signal-zdobywa-ogolna-nagrode-dame-design-award-2022-za-osobisty-sygnalizator-lokalizacyjny-rescueme-plb3-ais\/\">Vinner: Samlet DAME Design Award 2022<\/a><\/li>\n<\/ul>\n<p data-start=\"919\" data-end=\"965\">\n<\/li>\n<\/ul>\n<h4 data-start=\"1516\" data-end=\"1558\"><strong data-start=\"1521\" data-end=\"1556\">1 \u00d7 ACR Signalspeil og fl\u00f8yte<\/strong><\/h4>\n<p data-start=\"1559\" data-end=\"1581\">Ideelt n\u00e5r SAR-team er i n\u00e6rheten og du trenger \u00e5 tiltrekke deg oppmerksomheten deres raskt og tydelig.<br \/>\n Butikkpris: 10,99 \u00a3<\/p>\n<p data-start=\"1559\" data-end=\"1581\"><img loading=\"lazy\" decoding=\"async\" class=\"alignnone wp-image-31407 size-medium\" src=\"https:\/\/oceansignal.com\/wp-content\/uploads\/2025\/06\/Grab_Bag_EPIRB1_Kit-e1752085331562-300x131.png\" alt=\"\" width=\"300\" height=\"131\" srcset=\"https:\/\/oceansignal.com\/wp-content\/uploads\/2025\/06\/Grab_Bag_EPIRB1_Kit-e1752085331562-300x131.png 300w, https:\/\/oceansignal.com\/wp-content\/uploads\/2025\/06\/Grab_Bag_EPIRB1_Kit-e1752085331562-60x26.png 60w, https:\/\/oceansignal.com\/wp-content\/uploads\/2025\/06\/Grab_Bag_EPIRB1_Kit-e1752085331562-110x48.png 110w, https:\/\/oceansignal.com\/wp-content\/uploads\/2025\/06\/Grab_Bag_EPIRB1_Kit-e1752085331562.png 344w\" sizes=\"auto, (max-width: 300px) 100vw, 300px\" \/><\/p>\n<p data-start=\"1583\" data-end=\"1691\">Disse vedlikeholdsfrie verkt\u00f8yene gir verdifull ekstra synlighet og lydsignalering i de siste stadiene av redningsarbeidet.<\/p>\n<ul data-start=\"1693\" data-end=\"1791\">\n<li data-start=\"1693\" data-end=\"1734\">\n<p data-start=\"1695\" data-end=\"1734\"><strong>H\u00f8yreflekterende kompakt speil for visuelle signaler i dagslys \u2013 konstruert for \u00e5 reflektere sollys over store avstander, ideelt for \u00e5 fange oppmerksomheten til passerende fart\u00f8y eller fly<\/strong><\/p>\n<\/li>\n<li data-start=\"1735\" data-end=\"1791\">\n<p data-start=\"1737\" data-end=\"1791\"><strong>H\u00f8y, lydl\u00f8s plystring for \u00e5 tiltrekke seg oppmerksomhet p\u00e5 n\u00e6rt hold<\/strong><\/p>\n<\/li>\n<\/ul>\n<h4 data-start=\"1914\" data-end=\"1961\"><\/h4>\n<h4 data-start=\"1914\" data-end=\"1961\"><strong data-start=\"1919\" data-end=\"1959\">1 \u00d7 Ocean Signal vanntett gripeveske<\/strong><\/h4>\n<p data-start=\"1962\" data-end=\"1985\"><em data-start=\"1962\" data-end=\"1985\">N\u00e5r hvert sekund teller, er det avgj\u00f8rende \u00e5 ha alt p\u00e5 ett t\u00f8rt og synlig sted.<br \/>\n Utsalgspris: 129,99 \u00a3<\/em><\/p>\n<p data-start=\"1962\" data-end=\"1985\"><img loading=\"lazy\" decoding=\"async\" class=\"alignnone wp-image-31488 size-medium\" src=\"https:\/\/oceansignal.com\/wp-content\/uploads\/2025\/06\/Grab_Bag-1-241x300.webp\" alt=\"\" width=\"241\" height=\"300\" srcset=\"https:\/\/oceansignal.com\/wp-content\/uploads\/2025\/06\/Grab_Bag-1-241x300.webp 241w, https:\/\/oceansignal.com\/wp-content\/uploads\/2025\/06\/Grab_Bag-1-60x75.webp 60w, https:\/\/oceansignal.com\/wp-content\/uploads\/2025\/06\/Grab_Bag-1-110x137.webp 110w, https:\/\/oceansignal.com\/wp-content\/uploads\/2025\/06\/Grab_Bag-1.webp 489w\" sizes=\"auto, (max-width: 241px) 100vw, 241px\" \/><\/p>\n<p data-start=\"1987\" data-end=\"2079\">Denne slitesterke, flytende vesken holder det viktigste utstyret ditt sammen \u2013 t\u00f8rt, beskyttet og klart til bruk.<\/p>\n<ul data-start=\"2081\" data-end=\"2190\">\n<li data-start=\"2081\" data-end=\"2107\">\n<p data-start=\"2083\" data-end=\"2107\"><strong>Farge med h\u00f8y synlighet<\/strong><\/p>\n<\/li>\n<li data-start=\"2108\" data-end=\"2131\">\n<p data-start=\"2110\" data-end=\"2131\"><strong>Oppdrift<\/strong><\/p>\n<\/li>\n<li data-start=\"2132\" data-end=\"2190\">\n<p data-start=\"2134\" data-end=\"2190\"><strong>Ideell st\u00f8rrelse for EPIRB, eventuelt ekstra sikkerhetsutstyr og viktige dokumenter<\/strong><\/p>\n<\/li>\n<\/ul>\n","protected":false},"excerpt":{"rendered":"<ul>\n<li data-start=\"250\" data-end=\"437\">Konstruert for soloseilere og seilere med lite mannskap: To Ocean Signal PLB3-fyrer leverer doble 406 MHz + AIS-n\u00f8dvarsler, noe som sikrer global redningsrespons og umiddelbar lokal sikt.<\/li>\n<li data-start=\"250\" data-end=\"437\">Kompakt, offshore-klar design inkluderer gripeveske for havsignal med SOLAS-godkjent tape, pluss ACR-speil og fl\u00f8yter for viktig signalering og samsvar til sj\u00f8s<\/li>\n<li data-start=\"250\" data-end=\"437\">P\u00e5litelighet p\u00e5litelig: Utviklet av Ocean Signal og ACR Electronics \u2013 profesjonell sikkerhet som b\u00e5tskippere og enh\u00e5ndseventyrere over hele verden stoler p\u00e5<\/li>\n<\/ul>\n<p>Totalpris p\u00e5 settet: 1201 pund. Spar 160 pund med dette settet! <\/p>\n","protected":false},"featured_media":38049,"template":"","meta":{"_acf_changed":false,"om_disable_all_campaigns":false},"product_brand":[],"product_cat":[1988,472,1650],"product_tag":[1651,1696],"class_list":{"0":"post-38018","1":"product","2":"type-product","3":"status-publish","4":"has-post-thumbnail","6":"product_cat-kompatibel-med-redningsvester","7":"product_cat-rescueme-pl","8":"product_cat-sikkerhetssett","9":"product_tag-grab-bag-pl","10":"product_tag-sikkerhetssett-pl","12":"first","13":"instock","14":"taxable","15":"shipping-taxable","16":"purchasable","17":"product-type-simple"},"acf":[],"yoast_head":"<!-- This site is optimized with the Yoast SEO Premium plugin v25.2 (Yoast SEO v26.4) - https:\/\/yoast.com\/wordpress\/plugins\/seo\/ -->\n<title>PLB3 Sikkerhetssett for seilere - Ocean Signal<\/title>\n<meta name=\"robots\" content=\"index, follow, max-snippet:-1, max-image-preview:large, max-video-preview:-1\" \/>\n<link rel=\"canonical\" href=\"https:\/\/oceansignal.com\/pl\/products\/epirb3-sikkerhetssett-for-seilere-copy-2\/\" \/>\n<meta property=\"og:locale\" content=\"pl_PL\" \/>\n<meta property=\"og:type\" content=\"article\" \/>\n<meta property=\"og:title\" content=\"PLB3 Sikkerhetssett for seilere\" \/>\n<meta property=\"og:description\" content=\"Konstruert for soloseilere og seilere med lite mannskap: To Ocean Signal PLB3-fyrer leverer doble 406 MHz + AIS-n\u00f8dvarsler, noe som sikrer global redningsrespons og umiddelbar lokal sikt.  Kompakt, offshore-klar design inkluderer gripeveske for havsignal med SOLAS-godkjent tape, pluss ACR-speil og fl\u00f8yter for viktig signalering og samsvar til sj\u00f8s  P\u00e5litelighet p\u00e5litelig: Utviklet av Ocean Signal og ACR Electronics \u2013 profesjonell sikkerhet som b\u00e5tskippere og enh\u00e5ndseventyrere over hele verden stoler p\u00e5 Totalpris p\u00e5 settet: 1201 pund. Spar 160 pund med dette settet!\" \/>\n<meta property=\"og:url\" content=\"https:\/\/oceansignal.com\/pl\/products\/epirb3-sikkerhetssett-for-seilere-copy-2\/\" \/>\n<meta property=\"og:site_name\" content=\"Ocean Signal\" \/>\n<meta property=\"article:modified_time\" content=\"2026-03-17T17:01:04+00:00\" \/>\n<meta property=\"og:image\" content=\"https:\/\/oceansignal.com\/wp-content\/uploads\/2025\/11\/Grab_Bag_PLB3_Safety_Kit.jpg\" \/>\n\t<meta property=\"og:image:width\" content=\"504\" \/>\n\t<meta property=\"og:image:height\" content=\"497\" \/>\n\t<meta property=\"og:image:type\" content=\"image\/jpeg\" \/>\n<meta name=\"twitter:card\" content=\"summary_large_image\" \/>\n<meta name=\"twitter:label1\" content=\"Szacowany czas czytania\" \/>\n\t<meta name=\"twitter:data1\" content=\"2 minuty\" \/>\n<script type=\"application\/ld+json\" class=\"yoast-schema-graph\">{\"@context\":\"https:\/\/schema.org\",\"@graph\":[{\"@type\":\"WebPage\",\"@id\":\"https:\/\/oceansignal.com\/pl\/products\/epirb3-sikkerhetssett-for-seilere-copy-2\/\",\"url\":\"https:\/\/oceansignal.com\/pl\/products\/epirb3-sikkerhetssett-for-seilere-copy-2\/\",\"name\":\"PLB3 Sikkerhetssett for seilere - Ocean Signal\",\"isPartOf\":{\"@id\":\"https:\/\/oceansignal.com\/pl\/#website\"},\"primaryImageOfPage\":{\"@id\":\"https:\/\/oceansignal.com\/pl\/products\/epirb3-sikkerhetssett-for-seilere-copy-2\/#primaryimage\"},\"image\":{\"@id\":\"https:\/\/oceansignal.com\/pl\/products\/epirb3-sikkerhetssett-for-seilere-copy-2\/#primaryimage\"},\"thumbnailUrl\":\"https:\/\/oceansignal.com\/wp-content\/uploads\/2025\/11\/Grab_Bag_PLB3_Safety_Kit.jpg\",\"datePublished\":\"2025-11-07T11:01:43+00:00\",\"dateModified\":\"2026-03-17T17:01:04+00:00\",\"breadcrumb\":{\"@id\":\"https:\/\/oceansignal.com\/pl\/products\/epirb3-sikkerhetssett-for-seilere-copy-2\/#breadcrumb\"},\"inLanguage\":\"pl-PL\",\"potentialAction\":[{\"@type\":\"ReadAction\",\"target\":[\"https:\/\/oceansignal.com\/pl\/products\/epirb3-sikkerhetssett-for-seilere-copy-2\/\"]}]},{\"@type\":\"ImageObject\",\"inLanguage\":\"pl-PL\",\"@id\":\"https:\/\/oceansignal.com\/pl\/products\/epirb3-sikkerhetssett-for-seilere-copy-2\/#primaryimage\",\"url\":\"https:\/\/oceansignal.com\/wp-content\/uploads\/2025\/11\/Grab_Bag_PLB3_Safety_Kit.jpg\",\"contentUrl\":\"https:\/\/oceansignal.com\/wp-content\/uploads\/2025\/11\/Grab_Bag_PLB3_Safety_Kit.jpg\",\"width\":504,\"height\":497},{\"@type\":\"BreadcrumbList\",\"@id\":\"https:\/\/oceansignal.com\/pl\/products\/epirb3-sikkerhetssett-for-seilere-copy-2\/#breadcrumb\",\"itemListElement\":[{\"@type\":\"ListItem\",\"position\":1,\"name\":\"Produkt\u00f3w\",\"item\":\"https:\/\/oceansignal.com\/pl\/produktow\/\"},{\"@type\":\"ListItem\",\"position\":2,\"name\":\"PLB3 Sikkerhetssett for seilere\"}]},{\"@type\":\"WebSite\",\"@id\":\"https:\/\/oceansignal.com\/pl\/#website\",\"url\":\"https:\/\/oceansignal.com\/pl\/\",\"name\":\"Ocean Signal\",\"description\":\"A leading manufacturer of EPIRBs, AIS, SARTs, Personal Locator Beacons, Man Overboard Beacon for the Marine and Outdoor Markets.\",\"potentialAction\":[{\"@type\":\"SearchAction\",\"target\":{\"@type\":\"EntryPoint\",\"urlTemplate\":\"https:\/\/oceansignal.com\/pl\/?s={search_term_string}\"},\"query-input\":{\"@type\":\"PropertyValueSpecification\",\"valueRequired\":true,\"valueName\":\"search_term_string\"}}],\"inLanguage\":\"pl-PL\"}]}<\/script>\n<!-- \/ Yoast SEO Premium plugin. -->","yoast_head_json":{"title":"PLB3 Sikkerhetssett for seilere - Ocean Signal","robots":{"index":"index","follow":"follow","max-snippet":"max-snippet:-1","max-image-preview":"max-image-preview:large","max-video-preview":"max-video-preview:-1"},"canonical":"https:\/\/oceansignal.com\/pl\/products\/epirb3-sikkerhetssett-for-seilere-copy-2\/","og_locale":"pl_PL","og_type":"article","og_title":"PLB3 Sikkerhetssett for seilere","og_description":"Konstruert for soloseilere og seilere med lite mannskap: To Ocean Signal PLB3-fyrer leverer doble 406 MHz + AIS-n\u00f8dvarsler, noe som sikrer global redningsrespons og umiddelbar lokal sikt.  Kompakt, offshore-klar design inkluderer gripeveske for havsignal med SOLAS-godkjent tape, pluss ACR-speil og fl\u00f8yter for viktig signalering og samsvar til sj\u00f8s  P\u00e5litelighet p\u00e5litelig: Utviklet av Ocean Signal og ACR Electronics \u2013 profesjonell sikkerhet som b\u00e5tskippere og enh\u00e5ndseventyrere over hele verden stoler p\u00e5 Totalpris p\u00e5 settet: 1201 pund. Spar 160 pund med dette settet!","og_url":"https:\/\/oceansignal.com\/pl\/products\/epirb3-sikkerhetssett-for-seilere-copy-2\/","og_site_name":"Ocean Signal","article_modified_time":"2026-03-17T17:01:04+00:00","og_image":[{"width":504,"height":497,"url":"https:\/\/oceansignal.com\/wp-content\/uploads\/2025\/11\/Grab_Bag_PLB3_Safety_Kit.jpg","type":"image\/jpeg"}],"twitter_card":"summary_large_image","twitter_misc":{"Szacowany czas czytania":"2 minuty"},"schema":{"@context":"https:\/\/schema.org","@graph":[{"@type":"WebPage","@id":"https:\/\/oceansignal.com\/pl\/products\/epirb3-sikkerhetssett-for-seilere-copy-2\/","url":"https:\/\/oceansignal.com\/pl\/products\/epirb3-sikkerhetssett-for-seilere-copy-2\/","name":"PLB3 Sikkerhetssett for seilere - Ocean Signal","isPartOf":{"@id":"https:\/\/oceansignal.com\/pl\/#website"},"primaryImageOfPage":{"@id":"https:\/\/oceansignal.com\/pl\/products\/epirb3-sikkerhetssett-for-seilere-copy-2\/#primaryimage"},"image":{"@id":"https:\/\/oceansignal.com\/pl\/products\/epirb3-sikkerhetssett-for-seilere-copy-2\/#primaryimage"},"thumbnailUrl":"https:\/\/oceansignal.com\/wp-content\/uploads\/2025\/11\/Grab_Bag_PLB3_Safety_Kit.jpg","datePublished":"2025-11-07T11:01:43+00:00","dateModified":"2026-03-17T17:01:04+00:00","breadcrumb":{"@id":"https:\/\/oceansignal.com\/pl\/products\/epirb3-sikkerhetssett-for-seilere-copy-2\/#breadcrumb"},"inLanguage":"pl-PL","potentialAction":[{"@type":"ReadAction","target":["https:\/\/oceansignal.com\/pl\/products\/epirb3-sikkerhetssett-for-seilere-copy-2\/"]}]},{"@type":"ImageObject","inLanguage":"pl-PL","@id":"https:\/\/oceansignal.com\/pl\/products\/epirb3-sikkerhetssett-for-seilere-copy-2\/#primaryimage","url":"https:\/\/oceansignal.com\/wp-content\/uploads\/2025\/11\/Grab_Bag_PLB3_Safety_Kit.jpg","contentUrl":"https:\/\/oceansignal.com\/wp-content\/uploads\/2025\/11\/Grab_Bag_PLB3_Safety_Kit.jpg","width":504,"height":497},{"@type":"BreadcrumbList","@id":"https:\/\/oceansignal.com\/pl\/products\/epirb3-sikkerhetssett-for-seilere-copy-2\/#breadcrumb","itemListElement":[{"@type":"ListItem","position":1,"name":"Produkt\u00f3w","item":"https:\/\/oceansignal.com\/pl\/produktow\/"},{"@type":"ListItem","position":2,"name":"PLB3 Sikkerhetssett for seilere"}]},{"@type":"WebSite","@id":"https:\/\/oceansignal.com\/pl\/#website","url":"https:\/\/oceansignal.com\/pl\/","name":"Ocean Signal","description":"A leading manufacturer of EPIRBs, AIS, SARTs, Personal Locator Beacons, Man Overboard Beacon for the Marine and Outdoor Markets.","potentialAction":[{"@type":"SearchAction","target":{"@type":"EntryPoint","urlTemplate":"https:\/\/oceansignal.com\/pl\/?s={search_term_string}"},"query-input":{"@type":"PropertyValueSpecification","valueRequired":true,"valueName":"search_term_string"}}],"inLanguage":"pl-PL"}]}},"_links":{"self":[{"href":"https:\/\/oceansignal.com\/pl\/wp-json\/wp\/v2\/product\/38018","targetHints":{"allow":["GET"]}}],"collection":[{"href":"https:\/\/oceansignal.com\/pl\/wp-json\/wp\/v2\/product"}],"about":[{"href":"https:\/\/oceansignal.com\/pl\/wp-json\/wp\/v2\/types\/product"}],"wp:featuredmedia":[{"embeddable":true,"href":"https:\/\/oceansignal.com\/pl\/wp-json\/wp\/v2\/media\/38049"}],"wp:attachment":[{"href":"https:\/\/oceansignal.com\/pl\/wp-json\/wp\/v2\/media?parent=38018"}],"wp:term":[{"taxonomy":"product_brand","embeddable":true,"href":"https:\/\/oceansignal.com\/pl\/wp-json\/wp\/v2\/product_brand?post=38018"},{"taxonomy":"product_cat","embeddable":true,"href":"https:\/\/oceansignal.com\/pl\/wp-json\/wp\/v2\/product_cat?post=38018"},{"taxonomy":"product_tag","embeddable":true,"href":"https:\/\/oceansignal.com\/pl\/wp-json\/wp\/v2\/product_tag?post=38018"}],"curies":[{"name":"wp","href":"https:\/\/api.w.org\/{rel}","templated":true}]}}