{"id":7062,"date":"2023-09-08T11:21:17","date_gmt":"2023-09-08T11:21:17","guid":{"rendered":"https:\/\/oceansignal.com\/products\/ais-ata100\/"},"modified":"2025-03-06T13:20:07","modified_gmt":"2025-03-06T13:20:07","slug":"ais-ata100","status":"publish","type":"product","link":"https:\/\/oceansignal.com\/pl\/products\/ais-ata100\/","title":{"rendered":"AIS ATA100"},"content":{"rendered":"<p>AIS-meldingssendingsfunksjonaliteten er enkel \u00e5 bruke, og sikrer at sikkerhetsrelaterte meldinger raskt kan leveres eller mottas av brukeren med sv\u00e6rt liten innsats. En \u00f8yeblikkelig melding og alarmfunksjon gir umiddelbar varsling om potensielle problemer eller farer, inkludert utplasseringen av Ocean Signal MOB1, verdens minste mann over bord AIS\/DSC-enhet. Den er ogs\u00e5 kompatibel med alle andre AIS Man Overboard-enheter, inkludert <a href=\"https:\/\/www.acrartex.com\/products\/aislink-personal-ais-mob-beacon\/\">ACRs AISLink MOB<\/a> .&#8217;  <\/p>\n<p>&nbsp;<\/p>\n<p>Dynamiske data som plassering, hastighet over bakken og kurs over bakken beregnes automatisk ved hjelp av den integrerte 99-kanals GPS-mottakeren, mens de statiske og reiserelaterte dataene som MMSI, kallesignal og navn, type skip, destinasjon, ETA etc. enkelt programmeres inn i AIS-transponderen via et brukervennlig menygrensesnitt.<\/p>\n<p>&nbsp;<\/p>\n<p>Denne enkeltenhetsl\u00f8sningen for \u00e5 oppfylle AIS-kravene sikrer minimal bruk av broplass, og dens overflate eller frittst\u00e5ende monteringsalternativer muliggj\u00f8r enkel installasjon i nesten alle posisjoner eller steder. Den inkluderer ogs\u00e5 flere tilkoblingsmuligheter, inkludert WiFi, USB-port, seriell og pilotplugg. <\/p>\n<p>&nbsp;<\/p>\n<p>ATA100 AIS-transponder klasse A-enhet fra Ocean Signal oppfyller kravene i EUs MED (Wheelmark)-direktiv og USCG\/FCC-forskrifter. Den samsvarer ogs\u00e5 med EUs standard for indre vannveier, administrert av CCNR. <\/p>\n<p>&nbsp;<\/p>\n<section class=\"content-entry\">\n<ul class=\"columns\">\n<li>Kompakt enkeltenhetsl\u00f8sning med fullfargedisplay<\/li>\n<li>Farge kystlinjekart<\/li>\n<li>Samsvar med EUs standard for indre vannveier<\/li>\n<li>Radar og m\u00e5lliste vises<\/li>\n<li>Valgbar kartorientering<\/li>\n<li>Visning av innkommende melding og alarm<\/li>\n<li>Alarmutgang for AIS SART, MOB og EPIRB deteksjon<\/li>\n<li>Alternativer for overflatemontering og brakettmontering<\/li>\n<li>Leveres med GPS-antenne<\/li>\n<li>Kontinuerlig selvtesting med alarmvarsler<\/li>\n<li>Enkel \u00e5 bruke<\/li>\n<li>Meldingssendingsfunksjonalitet<\/li>\n<li>Samsvar med regelverket<\/li>\n<li>WiFi og USB-grensesnitt for PC- og nettbretttilkobling<\/li>\n<li>Pilotplugg<\/li>\n<li>Vanntett til IPx7<\/li>\n<li>Isolerte alarmrel\u00e9kontakter<\/li>\n<li>Programmerbar for opptil 30 MOB -enheter<\/li>\n<li>Enkel installasjon<\/li>\n<\/ul>\n<p>&nbsp;<\/p>\n<p>Trenger du AIS mann over bord eller personlige s\u00f8kingssignaler? Sjekk ut MOB1 og <a href=\"https:\/\/oceansignal.com\/products\/rescueme-plb3-ais-plb\/\">PLB3<\/a> <\/p>\n<p><em>F\u00f8lgende erkl\u00e6ring er kun for amerikanske kunder:<\/em> Denne enheten er ikke autorisert i henhold til reglene til Federal Communications Commission. Denne enheten er ikke, og kan ikke bli tilbudt for salg eller leasing, eller solgt eller leaset, f\u00f8r autorisasjon er innhentet. <\/p>\n<p>&nbsp;<\/p>\n<\/section>\n","protected":false},"excerpt":{"rendered":"<p>ATA100 AIS-transponderen er en fullt kompatibel klasse A-transceiver designet for \u00e5 komplettere det eksisterende utvalget av maritimt sikkerhetsutstyr fra Ocean Signal . Brukt som et hjelpemiddel for \u00e5 unng\u00e5 kollisjoner, kombinerer ATA100 den p\u00e5litelige teknologien og det flytende produktdesignet som har blitt synonymt med Ocean Signal produkter. <\/p>\n<p>&nbsp;<\/p>\n<p>Denne kompakte enkeltenhetsl\u00f8sningen er i stand til \u00e5 utveksle dynamiske og statiske skipsdata med andre AIS-systemer. Sanntids sj\u00f8trafikkinformasjon tolkes kontinuerlig ved hjelp av en kraftig intern prosesseringsmotor og vises p\u00e5 en 7&#8243; fullfarge, hurtigrespons LCD. Kystlinjekartvisningen og radarvisningen har ulike orienteringsvisningsalternativer som tillater brukerpreferanse, mens en standard m\u00e5llistevisning gir umiddelbare detaljerte lister over n\u00e6rliggende fart\u00f8yer som kan sorteres etter eierens \u00f8nske.  <\/p>\n","protected":false},"featured_media":18319,"template":"","meta":{"_acf_changed":false,"om_disable_all_campaigns":false},"product_brand":[],"product_cat":[353],"product_tag":[],"class_list":{"0":"post-7062","1":"product","2":"type-product","3":"status-publish","4":"has-post-thumbnail","6":"product_cat-przerwac","8":"first","9":"outofstock","10":"taxable","11":"shipping-taxable","12":"product-type-simple"},"acf":[],"yoast_head":"<!-- This site is optimized with the Yoast SEO Premium plugin v25.2 (Yoast SEO v26.4) - https:\/\/yoast.com\/wordpress\/plugins\/seo\/ -->\n<title>AIS ATA100 - Ocean Signal<\/title>\n<meta name=\"description\" content=\"Ocean Signal Class A AIS ATA100: Avansert sporing og overv\u00e5king for fart\u00f8ysikkerhet. N\u00f8dvendig maritimt utstyr. Kj\u00f8p n\u00e5 for forbedret sikkerhet ombord!\" \/>\n<meta name=\"robots\" content=\"index, follow, max-snippet:-1, max-image-preview:large, max-video-preview:-1\" \/>\n<link rel=\"canonical\" href=\"https:\/\/oceansignal.com\/pl\/products\/ais-ata100\/\" \/>\n<meta property=\"og:locale\" content=\"pl_PL\" \/>\n<meta property=\"og:type\" content=\"article\" \/>\n<meta property=\"og:title\" content=\"AIS ATA100\" \/>\n<meta property=\"og:description\" content=\"Ocean Signal Class A AIS ATA100: Avansert sporing og overv\u00e5king for fart\u00f8ysikkerhet. N\u00f8dvendig maritimt utstyr. Kj\u00f8p n\u00e5 for forbedret sikkerhet ombord!\" \/>\n<meta property=\"og:url\" content=\"https:\/\/oceansignal.com\/pl\/products\/ais-ata100\/\" \/>\n<meta property=\"og:site_name\" content=\"Ocean Signal\" \/>\n<meta property=\"article:modified_time\" content=\"2025-03-06T13:20:07+00:00\" \/>\n<meta property=\"og:image\" content=\"https:\/\/oceansignal.com\/wp-content\/uploads\/2023\/09\/ATA100-cover_RGB-976x1024-1.jpg\" \/>\n\t<meta property=\"og:image:width\" content=\"976\" \/>\n\t<meta property=\"og:image:height\" content=\"1024\" \/>\n\t<meta property=\"og:image:type\" content=\"image\/jpeg\" \/>\n<meta name=\"twitter:card\" content=\"summary_large_image\" \/>\n<meta name=\"twitter:label1\" content=\"Szacowany czas czytania\" \/>\n\t<meta name=\"twitter:data1\" content=\"2 minuty\" \/>\n<script type=\"application\/ld+json\" class=\"yoast-schema-graph\">{\"@context\":\"https:\/\/schema.org\",\"@graph\":[{\"@type\":\"WebPage\",\"@id\":\"https:\/\/oceansignal.com\/pl\/products\/ais-ata100\/\",\"url\":\"https:\/\/oceansignal.com\/pl\/products\/ais-ata100\/\",\"name\":\"AIS ATA100 - Ocean Signal\",\"isPartOf\":{\"@id\":\"https:\/\/oceansignal.com\/pl\/#website\"},\"primaryImageOfPage\":{\"@id\":\"https:\/\/oceansignal.com\/pl\/products\/ais-ata100\/#primaryimage\"},\"image\":{\"@id\":\"https:\/\/oceansignal.com\/pl\/products\/ais-ata100\/#primaryimage\"},\"thumbnailUrl\":\"https:\/\/oceansignal.com\/wp-content\/uploads\/2023\/09\/ATA100-cover_RGB-976x1024-1.jpg\",\"datePublished\":\"2023-09-08T11:21:17+00:00\",\"dateModified\":\"2025-03-06T13:20:07+00:00\",\"description\":\"Ocean Signal Class A AIS ATA100: Avansert sporing og overv\u00e5king for fart\u00f8ysikkerhet. N\u00f8dvendig maritimt utstyr. Kj\u00f8p n\u00e5 for forbedret sikkerhet ombord!\",\"breadcrumb\":{\"@id\":\"https:\/\/oceansignal.com\/pl\/products\/ais-ata100\/#breadcrumb\"},\"inLanguage\":\"pl-PL\",\"potentialAction\":[{\"@type\":\"ReadAction\",\"target\":[\"https:\/\/oceansignal.com\/pl\/products\/ais-ata100\/\"]}]},{\"@type\":\"ImageObject\",\"inLanguage\":\"pl-PL\",\"@id\":\"https:\/\/oceansignal.com\/pl\/products\/ais-ata100\/#primaryimage\",\"url\":\"https:\/\/oceansignal.com\/wp-content\/uploads\/2023\/09\/ATA100-cover_RGB-976x1024-1.jpg\",\"contentUrl\":\"https:\/\/oceansignal.com\/wp-content\/uploads\/2023\/09\/ATA100-cover_RGB-976x1024-1.jpg\",\"width\":976,\"height\":1024},{\"@type\":\"BreadcrumbList\",\"@id\":\"https:\/\/oceansignal.com\/pl\/products\/ais-ata100\/#breadcrumb\",\"itemListElement\":[{\"@type\":\"ListItem\",\"position\":1,\"name\":\"Produkt\u00f3w\",\"item\":\"https:\/\/oceansignal.com\/pl\/produktow\/\"},{\"@type\":\"ListItem\",\"position\":2,\"name\":\"AIS ATA100\"}]},{\"@type\":\"WebSite\",\"@id\":\"https:\/\/oceansignal.com\/pl\/#website\",\"url\":\"https:\/\/oceansignal.com\/pl\/\",\"name\":\"Ocean Signal\",\"description\":\"A leading manufacturer of EPIRBs, AIS, SARTs, Personal Locator Beacons, Man Overboard Beacon for the Marine and Outdoor Markets.\",\"potentialAction\":[{\"@type\":\"SearchAction\",\"target\":{\"@type\":\"EntryPoint\",\"urlTemplate\":\"https:\/\/oceansignal.com\/pl\/?s={search_term_string}\"},\"query-input\":{\"@type\":\"PropertyValueSpecification\",\"valueRequired\":true,\"valueName\":\"search_term_string\"}}],\"inLanguage\":\"pl-PL\"}]}<\/script>\n<!-- \/ Yoast SEO Premium plugin. -->","yoast_head_json":{"title":"AIS ATA100 - Ocean Signal","description":"Ocean Signal Class A AIS ATA100: Avansert sporing og overv\u00e5king for fart\u00f8ysikkerhet. N\u00f8dvendig maritimt utstyr. Kj\u00f8p n\u00e5 for forbedret sikkerhet ombord!","robots":{"index":"index","follow":"follow","max-snippet":"max-snippet:-1","max-image-preview":"max-image-preview:large","max-video-preview":"max-video-preview:-1"},"canonical":"https:\/\/oceansignal.com\/pl\/products\/ais-ata100\/","og_locale":"pl_PL","og_type":"article","og_title":"AIS ATA100","og_description":"Ocean Signal Class A AIS ATA100: Avansert sporing og overv\u00e5king for fart\u00f8ysikkerhet. N\u00f8dvendig maritimt utstyr. Kj\u00f8p n\u00e5 for forbedret sikkerhet ombord!","og_url":"https:\/\/oceansignal.com\/pl\/products\/ais-ata100\/","og_site_name":"Ocean Signal","article_modified_time":"2025-03-06T13:20:07+00:00","og_image":[{"width":976,"height":1024,"url":"https:\/\/oceansignal.com\/wp-content\/uploads\/2023\/09\/ATA100-cover_RGB-976x1024-1.jpg","type":"image\/jpeg"}],"twitter_card":"summary_large_image","twitter_misc":{"Szacowany czas czytania":"2 minuty"},"schema":{"@context":"https:\/\/schema.org","@graph":[{"@type":"WebPage","@id":"https:\/\/oceansignal.com\/pl\/products\/ais-ata100\/","url":"https:\/\/oceansignal.com\/pl\/products\/ais-ata100\/","name":"AIS ATA100 - Ocean Signal","isPartOf":{"@id":"https:\/\/oceansignal.com\/pl\/#website"},"primaryImageOfPage":{"@id":"https:\/\/oceansignal.com\/pl\/products\/ais-ata100\/#primaryimage"},"image":{"@id":"https:\/\/oceansignal.com\/pl\/products\/ais-ata100\/#primaryimage"},"thumbnailUrl":"https:\/\/oceansignal.com\/wp-content\/uploads\/2023\/09\/ATA100-cover_RGB-976x1024-1.jpg","datePublished":"2023-09-08T11:21:17+00:00","dateModified":"2025-03-06T13:20:07+00:00","description":"Ocean Signal Class A AIS ATA100: Avansert sporing og overv\u00e5king for fart\u00f8ysikkerhet. N\u00f8dvendig maritimt utstyr. Kj\u00f8p n\u00e5 for forbedret sikkerhet ombord!","breadcrumb":{"@id":"https:\/\/oceansignal.com\/pl\/products\/ais-ata100\/#breadcrumb"},"inLanguage":"pl-PL","potentialAction":[{"@type":"ReadAction","target":["https:\/\/oceansignal.com\/pl\/products\/ais-ata100\/"]}]},{"@type":"ImageObject","inLanguage":"pl-PL","@id":"https:\/\/oceansignal.com\/pl\/products\/ais-ata100\/#primaryimage","url":"https:\/\/oceansignal.com\/wp-content\/uploads\/2023\/09\/ATA100-cover_RGB-976x1024-1.jpg","contentUrl":"https:\/\/oceansignal.com\/wp-content\/uploads\/2023\/09\/ATA100-cover_RGB-976x1024-1.jpg","width":976,"height":1024},{"@type":"BreadcrumbList","@id":"https:\/\/oceansignal.com\/pl\/products\/ais-ata100\/#breadcrumb","itemListElement":[{"@type":"ListItem","position":1,"name":"Produkt\u00f3w","item":"https:\/\/oceansignal.com\/pl\/produktow\/"},{"@type":"ListItem","position":2,"name":"AIS ATA100"}]},{"@type":"WebSite","@id":"https:\/\/oceansignal.com\/pl\/#website","url":"https:\/\/oceansignal.com\/pl\/","name":"Ocean Signal","description":"A leading manufacturer of EPIRBs, AIS, SARTs, Personal Locator Beacons, Man Overboard Beacon for the Marine and Outdoor Markets.","potentialAction":[{"@type":"SearchAction","target":{"@type":"EntryPoint","urlTemplate":"https:\/\/oceansignal.com\/pl\/?s={search_term_string}"},"query-input":{"@type":"PropertyValueSpecification","valueRequired":true,"valueName":"search_term_string"}}],"inLanguage":"pl-PL"}]}},"_links":{"self":[{"href":"https:\/\/oceansignal.com\/pl\/wp-json\/wp\/v2\/product\/7062","targetHints":{"allow":["GET"]}}],"collection":[{"href":"https:\/\/oceansignal.com\/pl\/wp-json\/wp\/v2\/product"}],"about":[{"href":"https:\/\/oceansignal.com\/pl\/wp-json\/wp\/v2\/types\/product"}],"wp:featuredmedia":[{"embeddable":true,"href":"https:\/\/oceansignal.com\/pl\/wp-json\/wp\/v2\/media\/18319"}],"wp:attachment":[{"href":"https:\/\/oceansignal.com\/pl\/wp-json\/wp\/v2\/media?parent=7062"}],"wp:term":[{"taxonomy":"product_brand","embeddable":true,"href":"https:\/\/oceansignal.com\/pl\/wp-json\/wp\/v2\/product_brand?post=7062"},{"taxonomy":"product_cat","embeddable":true,"href":"https:\/\/oceansignal.com\/pl\/wp-json\/wp\/v2\/product_cat?post=7062"},{"taxonomy":"product_tag","embeddable":true,"href":"https:\/\/oceansignal.com\/pl\/wp-json\/wp\/v2\/product_tag?post=7062"}],"curies":[{"name":"wp","href":"https:\/\/api.w.org\/{rel}","templated":true}]}}