{"id":7495,"date":"2023-09-08T13:27:28","date_gmt":"2023-09-08T13:27:28","guid":{"rendered":"https:\/\/oceansignal.com\/products\/e101v\/"},"modified":"2025-03-06T13:23:54","modified_gmt":"2025-03-06T13:23:54","slug":"e101v","status":"publish","type":"product","link":"https:\/\/oceansignal.com\/pl\/products\/e101v\/","title":{"rendered":"E101V"},"content":{"rendered":"<div class=\"flex-1 overflow-hidden\">\n<div class=\"react-scroll-to-bottom--css-zrcmn-79elbk h-full\">\n<div class=\"react-scroll-to-bottom--css-zrcmn-1n7m0yu\">\n<div class=\"flex flex-col text-sm pb-9\">\n<div class=\"w-full text-token-text-primary\" data-testid=\"conversation-turn-15\">\n<div class=\"px-4 py-2 justify-center text-base md:gap-6 m-auto\">\n<div class=\"flex flex-1 text-base mx-auto gap-3 md:px-5 lg:px-1 xl:px-5 md:max-w-3xl lg:max-w-[40rem] xl:max-w-[48rem] group final-completion\">\n<div class=\"relative flex w-full flex-col agent-turn\">\n<div class=\"flex-col gap-1 md:gap-3\">\n<div class=\"flex flex-grow flex-col max-w-full\">\n<div class=\"min-h-[20px] text-message flex flex-col items-start gap-3 whitespace-pre-wrap break-words [.text-message+&amp;]:mt-5 overflow-x-auto\" data-message-author-role=\"assistant\" data-message-id=\"4b317025-e2b7-4139-8616-da7404b62033\">\n<div class=\"markdown prose w-full break-words dark:prose-invert light\">\n<p>Vi introduserer Ocean Signal E101V Voyage Data Recorder, en banebrytende maritim sikkerhetsl\u00f8sning designet for \u00e5 forbedre fart\u00f8ysoverv\u00e5king og beredskapsevne. Denne toppmoderne enheten opererer p\u00e5 de p\u00e5litelige 406 MHz <a href=\"https:\/\/www.cospas-sarsat.int\/en\/\">Cospas Sarsat-satellittene<\/a> , og sikrer umiddelbar n\u00f8dsignalering i tilfelle en n\u00f8dsituasjon p\u00e5 sj\u00f8en. Med sin avanserte dataregistreringsfunksjonalitet muliggj\u00f8r E101V omfattende overv\u00e5king av viktige reisedata, inkludert fart\u00f8yets plassering, hastighet og kurs.  <\/p>\n<\/div>\n<\/div>\n<\/div>\n<\/div>\n<\/div>\n<\/div>\n<\/div>\n<\/div>\n<\/div>\n<\/div>\n<\/div>\n<\/div>\n<p>E101V inkorporerer det n\u00f8dvendige 64 GB minneformatet i en kompakt lettvekts <a href=\"https:\/\/oceansignal.com\/pl\/products\/safesea-epirb3-pro\/\">EPIRB<\/a> som n\u00e5r den aktiveres vil kontinuerlig overf\u00f8re posisjonsdata i mer enn 168 timer.<\/p>\n<p>&nbsp;<\/p>\n<p>Ocean Signal E101V er tilgjengelig p\u00e5 OEM-basis for utvalgte VDR-produsenter og leverand\u00f8rer for integrasjon med deres egne VDR-systemer.<\/p>\n<p>&nbsp;<\/p>\n<p>&nbsp;<\/p>\n","protected":false},"excerpt":{"rendered":"<p>E101V Cospas Sarsat og MED-godkjente flytefri n\u00f8dposisjonsindikerende radiofyr som inneholder en Voyage Data Recorder-minnekapsel som kreves av IMO-resolusjon MSC.333(90).<\/p>\n<p>&nbsp;<\/p>\n<p><strong><em>E101V er kun et OEM-produkt. Interesserte VDR-produsenter b\u00f8r kontakte Ocean Signal direkte for mer informasjon. <\/em><\/strong><\/p>\n<p>&nbsp;<\/p>\n<p>&nbsp;<\/p>\n","protected":false},"featured_media":19775,"template":"","meta":{"_acf_changed":false,"om_disable_all_campaigns":false},"product_brand":[],"product_cat":[353],"product_tag":[],"class_list":{"0":"post-7495","1":"product","2":"type-product","3":"status-publish","4":"has-post-thumbnail","6":"product_cat-przerwac","8":"first","9":"instock","10":"taxable","11":"shipping-taxable","12":"product-type-simple"},"acf":[],"yoast_head":"<!-- This site is optimized with the Yoast SEO Premium plugin v25.2 (Yoast SEO v26.4) - https:\/\/yoast.com\/wordpress\/plugins\/seo\/ -->\n<title>E101V - Ocean Signal<\/title>\n<meta name=\"description\" content=\"Ocean Signal E101V VDR: Viktig maritim dataregistrering for fart\u00f8ysikkerhet. Forbedre reiseoverv\u00e5king og beredskap.\" \/>\n<meta name=\"robots\" content=\"index, follow, max-snippet:-1, max-image-preview:large, max-video-preview:-1\" \/>\n<link rel=\"canonical\" href=\"https:\/\/oceansignal.com\/pl\/products\/e101v\/\" \/>\n<meta property=\"og:locale\" content=\"pl_PL\" \/>\n<meta property=\"og:type\" content=\"article\" \/>\n<meta property=\"og:title\" content=\"E101V\" \/>\n<meta property=\"og:description\" content=\"Ocean Signal E101V VDR: Viktig maritim dataregistrering for fart\u00f8ysikkerhet. Forbedre reiseoverv\u00e5king og beredskap.\" \/>\n<meta property=\"og:url\" content=\"https:\/\/oceansignal.com\/pl\/products\/e101v\/\" \/>\n<meta property=\"og:site_name\" content=\"Ocean Signal\" \/>\n<meta property=\"article:modified_time\" content=\"2025-03-06T13:23:54+00:00\" \/>\n<meta property=\"og:image\" content=\"https:\/\/oceansignal.com\/wp-content\/uploads\/2023\/09\/EPIRB-VDR-in-Housing-1-687x1024-1.jpg\" \/>\n\t<meta property=\"og:image:width\" content=\"687\" \/>\n\t<meta property=\"og:image:height\" content=\"1024\" \/>\n\t<meta property=\"og:image:type\" content=\"image\/jpeg\" \/>\n<meta name=\"twitter:card\" content=\"summary_large_image\" \/>\n<meta name=\"twitter:label1\" content=\"Szacowany czas czytania\" \/>\n\t<meta name=\"twitter:data1\" content=\"1 minuta\" \/>\n<script type=\"application\/ld+json\" class=\"yoast-schema-graph\">{\"@context\":\"https:\/\/schema.org\",\"@graph\":[{\"@type\":\"WebPage\",\"@id\":\"https:\/\/oceansignal.com\/pl\/products\/e101v\/\",\"url\":\"https:\/\/oceansignal.com\/pl\/products\/e101v\/\",\"name\":\"E101V - Ocean Signal\",\"isPartOf\":{\"@id\":\"https:\/\/oceansignal.com\/pl\/#website\"},\"primaryImageOfPage\":{\"@id\":\"https:\/\/oceansignal.com\/pl\/products\/e101v\/#primaryimage\"},\"image\":{\"@id\":\"https:\/\/oceansignal.com\/pl\/products\/e101v\/#primaryimage\"},\"thumbnailUrl\":\"https:\/\/oceansignal.com\/wp-content\/uploads\/2023\/09\/EPIRB-VDR-in-Housing-1-687x1024-1.jpg\",\"datePublished\":\"2023-09-08T13:27:28+00:00\",\"dateModified\":\"2025-03-06T13:23:54+00:00\",\"description\":\"Ocean Signal E101V VDR: Viktig maritim dataregistrering for fart\u00f8ysikkerhet. Forbedre reiseoverv\u00e5king og beredskap.\",\"breadcrumb\":{\"@id\":\"https:\/\/oceansignal.com\/pl\/products\/e101v\/#breadcrumb\"},\"inLanguage\":\"pl-PL\",\"potentialAction\":[{\"@type\":\"ReadAction\",\"target\":[\"https:\/\/oceansignal.com\/pl\/products\/e101v\/\"]}]},{\"@type\":\"ImageObject\",\"inLanguage\":\"pl-PL\",\"@id\":\"https:\/\/oceansignal.com\/pl\/products\/e101v\/#primaryimage\",\"url\":\"https:\/\/oceansignal.com\/wp-content\/uploads\/2023\/09\/EPIRB-VDR-in-Housing-1-687x1024-1.jpg\",\"contentUrl\":\"https:\/\/oceansignal.com\/wp-content\/uploads\/2023\/09\/EPIRB-VDR-in-Housing-1-687x1024-1.jpg\",\"width\":687,\"height\":1024,\"caption\":\"Ocean Signal E101V 406 MHz Voyage Data Recorder som bruker Cospas-Sarsat\"},{\"@type\":\"BreadcrumbList\",\"@id\":\"https:\/\/oceansignal.com\/pl\/products\/e101v\/#breadcrumb\",\"itemListElement\":[{\"@type\":\"ListItem\",\"position\":1,\"name\":\"Produkt\u00f3w\",\"item\":\"https:\/\/oceansignal.com\/pl\/produktow\/\"},{\"@type\":\"ListItem\",\"position\":2,\"name\":\"E101V\"}]},{\"@type\":\"WebSite\",\"@id\":\"https:\/\/oceansignal.com\/pl\/#website\",\"url\":\"https:\/\/oceansignal.com\/pl\/\",\"name\":\"Ocean Signal\",\"description\":\"A leading manufacturer of EPIRBs, AIS, SARTs, Personal Locator Beacons, Man Overboard Beacon for the Marine and Outdoor Markets.\",\"potentialAction\":[{\"@type\":\"SearchAction\",\"target\":{\"@type\":\"EntryPoint\",\"urlTemplate\":\"https:\/\/oceansignal.com\/pl\/?s={search_term_string}\"},\"query-input\":{\"@type\":\"PropertyValueSpecification\",\"valueRequired\":true,\"valueName\":\"search_term_string\"}}],\"inLanguage\":\"pl-PL\"}]}<\/script>\n<!-- \/ Yoast SEO Premium plugin. -->","yoast_head_json":{"title":"E101V - Ocean Signal","description":"Ocean Signal E101V VDR: Viktig maritim dataregistrering for fart\u00f8ysikkerhet. Forbedre reiseoverv\u00e5king og beredskap.","robots":{"index":"index","follow":"follow","max-snippet":"max-snippet:-1","max-image-preview":"max-image-preview:large","max-video-preview":"max-video-preview:-1"},"canonical":"https:\/\/oceansignal.com\/pl\/products\/e101v\/","og_locale":"pl_PL","og_type":"article","og_title":"E101V","og_description":"Ocean Signal E101V VDR: Viktig maritim dataregistrering for fart\u00f8ysikkerhet. Forbedre reiseoverv\u00e5king og beredskap.","og_url":"https:\/\/oceansignal.com\/pl\/products\/e101v\/","og_site_name":"Ocean Signal","article_modified_time":"2025-03-06T13:23:54+00:00","og_image":[{"width":687,"height":1024,"url":"https:\/\/oceansignal.com\/wp-content\/uploads\/2023\/09\/EPIRB-VDR-in-Housing-1-687x1024-1.jpg","type":"image\/jpeg"}],"twitter_card":"summary_large_image","twitter_misc":{"Szacowany czas czytania":"1 minuta"},"schema":{"@context":"https:\/\/schema.org","@graph":[{"@type":"WebPage","@id":"https:\/\/oceansignal.com\/pl\/products\/e101v\/","url":"https:\/\/oceansignal.com\/pl\/products\/e101v\/","name":"E101V - Ocean Signal","isPartOf":{"@id":"https:\/\/oceansignal.com\/pl\/#website"},"primaryImageOfPage":{"@id":"https:\/\/oceansignal.com\/pl\/products\/e101v\/#primaryimage"},"image":{"@id":"https:\/\/oceansignal.com\/pl\/products\/e101v\/#primaryimage"},"thumbnailUrl":"https:\/\/oceansignal.com\/wp-content\/uploads\/2023\/09\/EPIRB-VDR-in-Housing-1-687x1024-1.jpg","datePublished":"2023-09-08T13:27:28+00:00","dateModified":"2025-03-06T13:23:54+00:00","description":"Ocean Signal E101V VDR: Viktig maritim dataregistrering for fart\u00f8ysikkerhet. Forbedre reiseoverv\u00e5king og beredskap.","breadcrumb":{"@id":"https:\/\/oceansignal.com\/pl\/products\/e101v\/#breadcrumb"},"inLanguage":"pl-PL","potentialAction":[{"@type":"ReadAction","target":["https:\/\/oceansignal.com\/pl\/products\/e101v\/"]}]},{"@type":"ImageObject","inLanguage":"pl-PL","@id":"https:\/\/oceansignal.com\/pl\/products\/e101v\/#primaryimage","url":"https:\/\/oceansignal.com\/wp-content\/uploads\/2023\/09\/EPIRB-VDR-in-Housing-1-687x1024-1.jpg","contentUrl":"https:\/\/oceansignal.com\/wp-content\/uploads\/2023\/09\/EPIRB-VDR-in-Housing-1-687x1024-1.jpg","width":687,"height":1024,"caption":"Ocean Signal E101V 406 MHz Voyage Data Recorder som bruker Cospas-Sarsat"},{"@type":"BreadcrumbList","@id":"https:\/\/oceansignal.com\/pl\/products\/e101v\/#breadcrumb","itemListElement":[{"@type":"ListItem","position":1,"name":"Produkt\u00f3w","item":"https:\/\/oceansignal.com\/pl\/produktow\/"},{"@type":"ListItem","position":2,"name":"E101V"}]},{"@type":"WebSite","@id":"https:\/\/oceansignal.com\/pl\/#website","url":"https:\/\/oceansignal.com\/pl\/","name":"Ocean Signal","description":"A leading manufacturer of EPIRBs, AIS, SARTs, Personal Locator Beacons, Man Overboard Beacon for the Marine and Outdoor Markets.","potentialAction":[{"@type":"SearchAction","target":{"@type":"EntryPoint","urlTemplate":"https:\/\/oceansignal.com\/pl\/?s={search_term_string}"},"query-input":{"@type":"PropertyValueSpecification","valueRequired":true,"valueName":"search_term_string"}}],"inLanguage":"pl-PL"}]}},"_links":{"self":[{"href":"https:\/\/oceansignal.com\/pl\/wp-json\/wp\/v2\/product\/7495","targetHints":{"allow":["GET"]}}],"collection":[{"href":"https:\/\/oceansignal.com\/pl\/wp-json\/wp\/v2\/product"}],"about":[{"href":"https:\/\/oceansignal.com\/pl\/wp-json\/wp\/v2\/types\/product"}],"wp:featuredmedia":[{"embeddable":true,"href":"https:\/\/oceansignal.com\/pl\/wp-json\/wp\/v2\/media\/19775"}],"wp:attachment":[{"href":"https:\/\/oceansignal.com\/pl\/wp-json\/wp\/v2\/media?parent=7495"}],"wp:term":[{"taxonomy":"product_brand","embeddable":true,"href":"https:\/\/oceansignal.com\/pl\/wp-json\/wp\/v2\/product_brand?post=7495"},{"taxonomy":"product_cat","embeddable":true,"href":"https:\/\/oceansignal.com\/pl\/wp-json\/wp\/v2\/product_cat?post=7495"},{"taxonomy":"product_tag","embeddable":true,"href":"https:\/\/oceansignal.com\/pl\/wp-json\/wp\/v2\/product_tag?post=7495"}],"curies":[{"name":"wp","href":"https:\/\/api.w.org\/{rel}","templated":true}]}}