{"id":7788,"date":"2024-07-22T13:30:33","date_gmt":"2024-07-22T13:30:33","guid":{"rendered":"https:\/\/oceansignal.com\/products\/rescueme-mob2\/"},"modified":"2025-11-12T09:06:42","modified_gmt":"2025-11-12T09:06:42","slug":"rescueme-mob2","status":"publish","type":"product","link":"https:\/\/oceansignal.com\/pl\/products\/rescueme-mob2\/","title":{"rendered":"rescueME MOB2"},"content":{"rendered":"<p><strong>Denne enheten er ikke autorisert i henhold til reglene til Federal Communications Commission i USA. Denne enheten er ikke, og kan ikke tilbys for salg eller lease, eller selges eller leases, f\u00f8r autorisasjon er innhentet. Godkjent for salg i land som har vedtatt forskrift ECC\/DEC\/(22)02. <\/strong><\/p>\n<p>Sammendrag:<\/p>\n<p>\u00c5 varsle fart\u00f8yet ditt om en mann over bord er det raskeste og mest p\u00e5litelige gjenopprettingsalternativet. I moderat sj\u00f8 kan det skje sjokkerende raskt \u00e5 miste en mann over bord av syne. Det er derfor Ocean Signal nyeste rescueME MOB2 kombinerer b\u00e5de AIS og VHF DSC n\u00f8dteknologi i den nyeste AIS klasse M-kompatible l\u00f8sningen for det maritime markedet.  <\/p>\n<p>Ved aktivering blir MOB2 plassering jevnlig oppdatert og vist p\u00e5 en AIS-aktivert plotter. Med sin integrerte GPS gir MOB2 presise posisjonsdata til fart\u00f8yet ditt og eventuelle assisterende fart\u00f8yer. Fart\u00f8yer i n\u00e6rheten blir automatisk varslet om mann-overbord-situasjoner gjennom VHF DSC. Ocean Signal MOB2 er nesten halvparten s\u00e5 stor som de konkurrerende produktene og passer perfekt i oppbl\u00e5sbare redningsvester. Den kan ogs\u00e5 skryte av lengre levetid, automatisk aktivering via en oppbl\u00e5sbar redningsvest, doble IR- og hvite strobelys og NFC-mobilapp-tilkobling.    <\/p>\n<p>Vil du l\u00e6re om det siste innen klasse M-krav for AIS MOB ?  <a href=\"https:\/\/oceansignal.com\/pl\/news\/zrozumienie-wplywu-regulacji-ais-klasy-m-na-mob\/\">Klikk her<\/a><\/p>\n<p><a href=\"https:\/\/www.dropbox.com\/s\/8343nj28z0d7bxa\/Prop%2065%20-%20BPA.pdf?dl=0\">ADVARSEL: PROP 65<\/a><\/p>\n<p>Kun for USA: Denne enheten er ikke autorisert i henhold til reglene til Federal Communications Commission. Denne enheten er ikke, og kan ikke bli tilbudt for salg eller leasing, eller solgt eller leaset, f\u00f8r autorisasjon er innhentet. Godkjent for salg i land som har vedtatt forskrift ECC\/DEC\/(22)02.  <\/p>\n<p>Beskrivelse:<\/p>\n<p>Vi introduserer verdens minste AIS Man Overboard-enhet ( MOB ) med integrert VHF DSC \u2013 rescueME MOB2 AIS fra Ocean Signal . Denne viktige komponenten i ethvert maritimt sikkerhetssett er designet for rask respons i n\u00f8dstilfeller mann over bord.  Kompakt og lett, MOB2 integreres s\u00f8ml\u00f8st med selv de mest kompakte oppbl\u00e5sbare redningsvestene, og sikrer automatisk aktivering ved oppbl\u00e5sing.<\/p>\n<p>MOB2 sender det f\u00f8rste varselet innen 15 sekunder, og kringkaster din n\u00f8yaktige posisjon ved hjelp av AIS-teknologi til n\u00e6rliggende fart\u00f8yer og navigasjonssystemer ombord. Den kommuniserer med fart\u00f8yet du har blitt skilt fra og andre fart\u00f8yer opptil 5 miles unna, avhengig av forholdene. I tillegg blir n\u00e6rliggende fart\u00f8yer \u00f8yeblikkelig varslet om mann-overbord-situasjonen gjennom DSC-teknologi.  <\/p>\n<p>I en n\u00f8dssituasjon gir rescueME MOB2 AIS to metoder for raskt \u00e5 kommunisere posisjonen din, n\u00f8yaktig til noen f\u00e5 meter, og gir visuell indikasjon via de innebygde strobelysene. Dens integrerte doble infrar\u00f8de (IR) og hvite strobelys sikrer maksimal synlighet under d\u00e5rlige lysforhold, og gir trygghet for seilere og b\u00e5tfolk ved \u00e5 \u00f8ke sikkerheten p\u00e5 vannet og potensielt redde liv i kritiske situasjoner. Vanntett til 10 meter, MOB2 har en robust konstruksjon og et langvarig batteri.  <\/p>\n<p><strong> <\/strong><\/p>\n<h3><strong>Smartphone-tilkobling ved bruk av n\u00e6rfeltskommunikasjon (NFC)<\/strong><\/h3>\n<p>Integreringen av NFC-teknologi gir brukerne muligheten til \u00e5 programmere MOB2 MMSI-en p\u00e5 en enkel m\u00e5te og f\u00e5 tilgang til beacon-data fra mobiltelefonen. Den enkle handlingen \u00e5 plassere en telefon i n\u00e6rheten av beacon \u00e5pner automatisk Ocean Signal Product App og gir tilgang til en rekke bruksdata, inkludert gjeldende batterilevetid, antall fullf\u00f8rte selvtester, antall fullf\u00f8rte GNSS-tester, og hvis aktuelt, hvor lenge beaconen har blitt aktivert. <\/p>\n<p><strong> <\/strong><\/p>\n<h3><strong>Klasse M-godkjent AIS mann over bord fyr med VHF DSC<\/strong><\/h3>\n<p>Konstruert for \u00e5 overg\u00e5 kravene i klasse M, MOB2 er i samsvar med forskriften ECC\/DEC\/(22)02 ang\u00e5ende bruk av MOB -enheter.<\/p>\n<p><strong> <\/strong><\/p>\n<h3><strong>Integrasjon av redningsvest<\/strong><\/h3>\n<p>MOB2 kan aktiveres manuelt eller automatisk n\u00e5r den er installert i en oppbl\u00e5sbar redningsvest (automatisk). Installasjonen gj\u00f8res enkel ved \u00e5 bruke den medf\u00f8lgende orale oppbl\u00e5sningsr\u00f8rklemmen for \u00e5 feste MOB2 til redningsvesten med et b\u00e5nd koblet rundt bl\u00e6ren p\u00e5 redningsvesten. N\u00e5r den er riktig installert, utl\u00f8ser handlingen av at redningsvesten bl\u00e5ses opp utl\u00f8sningen av antennen og aktivering av beacon.  <\/p>\n<p>Proudly <a href=\"https:\/\/oceansignal.com\/pl\/news\/ocean-signal-potraja-wielkosc-fabryk-aby-sprostac-wymaganiom-produkcyjnym\/\">Produsert i Storbritannia<\/a><\/p>\n<h4><strong>N\u00f8kkelfunksjoner til rescueME MOB AIS:<\/strong><\/h4>\n<ul>\n<li>AIS (Automatic Identification System)<\/li>\n<li>Klasse M-kompatibel (forskrift: ECC\/DEC\/(22)02)<\/li>\n<li>Integrert Tx og Rx DSC transceiver (Digital Selective Calling) *<\/li>\n<li>LED-er bekrefter mottak av DSC-n\u00f8dsignal<\/li>\n<li>50 % (type) mindre enn konkurrentene<\/li>\n<li>GNSS via GPS og Galileo<\/li>\n<li>Rask n\u00f8yaktig posisjonering<\/li>\n<li>IR og hvite strobelys<\/li>\n<li>Automatisk aktivering<\/li>\n<li>Enkel integrering av redningsvest**<\/li>\n<li>5 \u00e5rs batterilevetid<\/li>\n<li>24 timers levetid ved -20\u00b0C<\/li>\n<li>2 \u00e5rs garanti (kan utvide garantien til 5 \u00e5r via produktregistrering hos Ocean Signal ) <sup>\u2020<\/sup><\/li>\n<li>Integrert n\u00e6rfeltskommunikasjon (NFC)<\/li>\n<li>Smartphone-tilkobling via NFC<\/li>\n<li>Ocean Signal mobilapp (IOS og Android)<\/li>\n<\/ul>\n<p>&nbsp;<\/p>\n<p><em><strong>Kompatibilitet:<\/strong> De fleste moderne AIS-plottere og DSC VHF overholder standardene som kreves for \u00e5 motta MOB sendinger. Det anbefales imidlertid at du sjekker kompatibiliteten med utstyrsprodusenten, spesielt hvis du bruker eldre utstyr. Se vanlige sp\u00f8rsm\u00e5l nedenfor for mer informasjon.<br \/>\n<\/em><\/p>\n<p>&nbsp;<\/p>\n<p>MOB2 kan konfigureres av brukeren til \u00e5 angi fart\u00f8yets DSC MMSI-nummer* ved \u00e5 laste ned programvaren p\u00e5 lenken nedenfor. Fart\u00f8yets DSC-nummer kan programmeres flere ganger. <\/p>\n<p>&nbsp;<\/p>\n<p><span style=\"color: #c22f00;\">* DSC-funksjonalitet er underlagt landets forskrifter.<\/span><br \/>\n<span style=\"color: #c22f00;\"><em>** Se alltid til produsenten av redningsvesten for spesifikke instruksjoner f\u00f8r du installerer dette produktet direkte p\u00e5 redningsvesten.<\/em><\/span><br \/>\n<span style=\"color: #c22f00;\">\u2020 Med forbehold om garantierkl\u00e6ring. ( <em>Merk: Ved bruk i kommersielle applikasjoner er garantiperioden begrenset til to \u00e5r.<\/em> )<\/span><\/p>\n<p>&nbsp;<\/p>\n","protected":false},"excerpt":{"rendered":"<p>Verdens minste klasse M-kompatible AIS-enhet for mann-over-bord (MOB) med integrert VHF DSC.<\/p>\n<ul>\n<li data-start=\"195\" data-end=\"420\">\n<p data-start=\"197\" data-end=\"420\"><strong data-start=\"197\" data-end=\"247\">\u00d8yeblikkelige AIS- og DSC-varsler i en n\u00f8dsituasjon MOB<\/strong><br data-start=\"247\" data-end=\"250\">MOB2 sender umiddelbart posisjonen din via AIS og aktiverer et DSC-n\u00f8danrop p\u00e5 fart\u00f8yets VHF-radio \u2013 og leverer et raskt lokalt varsel til mannskap og b\u00e5ter i n\u00e6rheten.<\/p>\n<\/li>\n<li data-start=\"422\" data-end=\"637\">\n<p data-start=\"424\" data-end=\"637\"><strong data-start=\"424\" data-end=\"470\">Perfekt for sikkerhetskrav til offshore- og yachtracing<\/strong><br data-start=\"470\" data-end=\"473\">MOB2 , som er betrodd av konkurranseseilere og havkappseilere, gir beskyttelse mot mannskap over bord som oppfyller kravene i fartsfylte seilmilj\u00f8er med h\u00f8y risiko.<\/p>\n<\/li>\n<li data-start=\"639\" data-end=\"858\">\n<p data-start=\"641\" data-end=\"858\"><strong data-start=\"641\" data-end=\"693\">GPS-presisjon med automatisk aktivering av redningsvest<\/strong><br data-start=\"693\" data-end=\"696\">Integrert GPS sikrer n\u00f8yaktig sporing, mens automatisk aktivering med oppbl\u00e5sing av redningsvest betyr at du er beskyttet i det \u00f8yeblikket du treffer vannet \u2013 h\u00e5ndfritt.<\/p>\n<\/li>\n<\/ul>\n<p>Samsvarer med forskrift ECC\/DEC\/(22)02 ang\u00e5ende bruk av MOB -enheter. Vil du l\u00e6re om det siste innen klasse M-krav for AIS MOB ?  <a href=\"https:\/\/oceansignal.com\/pl\/news\/zrozumienie-wplywu-regulacji-ais-klasy-m-na-mob\/\">Klikk her<\/a><\/p>\n<p><a href=\"https:\/\/www.dropbox.com\/s\/8343nj28z0d7bxa\/Prop%2065%20-%20BPA.pdf?dl=0\">ADVARSEL: FORSLAG 65<\/a><br \/>\n IKKE TIL SALGS I USA\/California \u2013 pr\u00f8v <a href=\"https:\/\/oceansignal.com\/pl\/products\/rescueme-mob1\/\">Ocean Signal MOB1 for USA\/California her<\/a><\/p>\n","protected":false},"featured_media":23817,"template":"","meta":{"_acf_changed":false,"om_disable_all_campaigns":false},"product_brand":[],"product_cat":[1988,952,472],"product_tag":[480,478,477,953,479,481],"class_list":{"0":"post-7788","1":"product","2":"type-product","3":"status-publish","4":"has-post-thumbnail","6":"product_cat-kompatibel-med-redningsvester","7":"product_cat-mann-over-bord","8":"product_cat-rescueme-pl","9":"product_tag-ais-pl","10":"product_tag-ais-mob-pl","11":"product_tag-klasa-m","12":"product_tag-mann-over-bord","13":"product_tag-mob2-powiedzial","14":"product_tag-motloch","16":"first","17":"instock","18":"taxable","19":"shipping-taxable","20":"purchasable","21":"product-type-simple"},"acf":[],"yoast_head":"<!-- This site is optimized with the Yoast SEO Premium plugin v25.2 (Yoast SEO v26.4) - https:\/\/yoast.com\/wordpress\/plugins\/seo\/ -->\n<title>rescueME MOB2 - Ocean Signal rescueME MOB2 AIS Klasse Ocean Signal<\/title>\n<meta name=\"description\" content=\"Ocean Signal rescueME MOB2 AIS Man Overboard Beacon er den ultimate l\u00f8sningen for sj\u00f8sikkerhet, spesielt designet for \u00e5 hjelpe i SOS-situasjoner.\" \/>\n<meta name=\"robots\" content=\"index, follow, max-snippet:-1, max-image-preview:large, max-video-preview:-1\" \/>\n<link rel=\"canonical\" href=\"https:\/\/oceansignal.com\/pl\/products\/rescueme-mob2\/\" \/>\n<meta property=\"og:locale\" content=\"pl_PL\" \/>\n<meta property=\"og:type\" content=\"article\" \/>\n<meta property=\"og:title\" content=\"rescueME MOB2\" \/>\n<meta property=\"og:description\" content=\"Ocean Signal rescueME MOB2 AIS Man Overboard Beacon er den ultimate l\u00f8sningen for sj\u00f8sikkerhet, spesielt designet for \u00e5 hjelpe i SOS-situasjoner.\" \/>\n<meta property=\"og:url\" content=\"https:\/\/oceansignal.com\/pl\/products\/rescueme-mob2\/\" \/>\n<meta property=\"og:site_name\" content=\"Ocean Signal\" \/>\n<meta property=\"article:modified_time\" content=\"2025-11-12T09:06:42+00:00\" \/>\n<meta property=\"og:image\" content=\"https:\/\/oceansignal.com\/wp-content\/uploads\/2024\/07\/MOB2-22-07-24-A_Web.png\" \/>\n\t<meta property=\"og:image:width\" content=\"900\" \/>\n\t<meta property=\"og:image:height\" content=\"807\" \/>\n\t<meta property=\"og:image:type\" content=\"image\/png\" \/>\n<meta name=\"twitter:card\" content=\"summary_large_image\" \/>\n<meta name=\"twitter:label1\" content=\"Szacowany czas czytania\" \/>\n\t<meta name=\"twitter:data1\" content=\"4 minuty\" \/>\n<script type=\"application\/ld+json\" class=\"yoast-schema-graph\">{\"@context\":\"https:\/\/schema.org\",\"@graph\":[{\"@type\":\"WebPage\",\"@id\":\"https:\/\/oceansignal.com\/pl\/products\/rescueme-mob2\/\",\"url\":\"https:\/\/oceansignal.com\/pl\/products\/rescueme-mob2\/\",\"name\":\"rescueME MOB2 - Ocean Signal rescueME MOB2 AIS Klasse Ocean Signal\",\"isPartOf\":{\"@id\":\"https:\/\/oceansignal.com\/pl\/#website\"},\"primaryImageOfPage\":{\"@id\":\"https:\/\/oceansignal.com\/pl\/products\/rescueme-mob2\/#primaryimage\"},\"image\":{\"@id\":\"https:\/\/oceansignal.com\/pl\/products\/rescueme-mob2\/#primaryimage\"},\"thumbnailUrl\":\"https:\/\/oceansignal.com\/wp-content\/uploads\/2024\/07\/MOB2-22-07-24-A_Web.png\",\"datePublished\":\"2024-07-22T13:30:33+00:00\",\"dateModified\":\"2025-11-12T09:06:42+00:00\",\"description\":\"Ocean Signal rescueME MOB2 AIS Man Overboard Beacon er den ultimate l\u00f8sningen for sj\u00f8sikkerhet, spesielt designet for \u00e5 hjelpe i SOS-situasjoner.\",\"breadcrumb\":{\"@id\":\"https:\/\/oceansignal.com\/pl\/products\/rescueme-mob2\/#breadcrumb\"},\"inLanguage\":\"pl-PL\",\"potentialAction\":[{\"@type\":\"ReadAction\",\"target\":[\"https:\/\/oceansignal.com\/pl\/products\/rescueme-mob2\/\"]}]},{\"@type\":\"ImageObject\",\"inLanguage\":\"pl-PL\",\"@id\":\"https:\/\/oceansignal.com\/pl\/products\/rescueme-mob2\/#primaryimage\",\"url\":\"https:\/\/oceansignal.com\/wp-content\/uploads\/2024\/07\/MOB2-22-07-24-A_Web.png\",\"contentUrl\":\"https:\/\/oceansignal.com\/wp-content\/uploads\/2024\/07\/MOB2-22-07-24-A_Web.png\",\"width\":900,\"height\":807,\"caption\":\"Ocean Signal rescueME MOB2 AIS Personal Locator Device Class M Godkjent\"},{\"@type\":\"BreadcrumbList\",\"@id\":\"https:\/\/oceansignal.com\/pl\/products\/rescueme-mob2\/#breadcrumb\",\"itemListElement\":[{\"@type\":\"ListItem\",\"position\":1,\"name\":\"Produkt\u00f3w\",\"item\":\"https:\/\/oceansignal.com\/pl\/produktow\/\"},{\"@type\":\"ListItem\",\"position\":2,\"name\":\"rescueME MOB2\"}]},{\"@type\":\"WebSite\",\"@id\":\"https:\/\/oceansignal.com\/pl\/#website\",\"url\":\"https:\/\/oceansignal.com\/pl\/\",\"name\":\"Ocean Signal\",\"description\":\"A leading manufacturer of EPIRBs, AIS, SARTs, Personal Locator Beacons, Man Overboard Beacon for the Marine and Outdoor Markets.\",\"potentialAction\":[{\"@type\":\"SearchAction\",\"target\":{\"@type\":\"EntryPoint\",\"urlTemplate\":\"https:\/\/oceansignal.com\/pl\/?s={search_term_string}\"},\"query-input\":{\"@type\":\"PropertyValueSpecification\",\"valueRequired\":true,\"valueName\":\"search_term_string\"}}],\"inLanguage\":\"pl-PL\"}]}<\/script>\n<!-- \/ Yoast SEO Premium plugin. -->","yoast_head_json":{"title":"rescueME MOB2 - Ocean Signal rescueME MOB2 AIS Klasse Ocean Signal","description":"Ocean Signal rescueME MOB2 AIS Man Overboard Beacon er den ultimate l\u00f8sningen for sj\u00f8sikkerhet, spesielt designet for \u00e5 hjelpe i SOS-situasjoner.","robots":{"index":"index","follow":"follow","max-snippet":"max-snippet:-1","max-image-preview":"max-image-preview:large","max-video-preview":"max-video-preview:-1"},"canonical":"https:\/\/oceansignal.com\/pl\/products\/rescueme-mob2\/","og_locale":"pl_PL","og_type":"article","og_title":"rescueME MOB2","og_description":"Ocean Signal rescueME MOB2 AIS Man Overboard Beacon er den ultimate l\u00f8sningen for sj\u00f8sikkerhet, spesielt designet for \u00e5 hjelpe i SOS-situasjoner.","og_url":"https:\/\/oceansignal.com\/pl\/products\/rescueme-mob2\/","og_site_name":"Ocean Signal","article_modified_time":"2025-11-12T09:06:42+00:00","og_image":[{"width":900,"height":807,"url":"https:\/\/oceansignal.com\/wp-content\/uploads\/2024\/07\/MOB2-22-07-24-A_Web.png","type":"image\/png"}],"twitter_card":"summary_large_image","twitter_misc":{"Szacowany czas czytania":"4 minuty"},"schema":{"@context":"https:\/\/schema.org","@graph":[{"@type":"WebPage","@id":"https:\/\/oceansignal.com\/pl\/products\/rescueme-mob2\/","url":"https:\/\/oceansignal.com\/pl\/products\/rescueme-mob2\/","name":"rescueME MOB2 - Ocean Signal rescueME MOB2 AIS Klasse Ocean Signal","isPartOf":{"@id":"https:\/\/oceansignal.com\/pl\/#website"},"primaryImageOfPage":{"@id":"https:\/\/oceansignal.com\/pl\/products\/rescueme-mob2\/#primaryimage"},"image":{"@id":"https:\/\/oceansignal.com\/pl\/products\/rescueme-mob2\/#primaryimage"},"thumbnailUrl":"https:\/\/oceansignal.com\/wp-content\/uploads\/2024\/07\/MOB2-22-07-24-A_Web.png","datePublished":"2024-07-22T13:30:33+00:00","dateModified":"2025-11-12T09:06:42+00:00","description":"Ocean Signal rescueME MOB2 AIS Man Overboard Beacon er den ultimate l\u00f8sningen for sj\u00f8sikkerhet, spesielt designet for \u00e5 hjelpe i SOS-situasjoner.","breadcrumb":{"@id":"https:\/\/oceansignal.com\/pl\/products\/rescueme-mob2\/#breadcrumb"},"inLanguage":"pl-PL","potentialAction":[{"@type":"ReadAction","target":["https:\/\/oceansignal.com\/pl\/products\/rescueme-mob2\/"]}]},{"@type":"ImageObject","inLanguage":"pl-PL","@id":"https:\/\/oceansignal.com\/pl\/products\/rescueme-mob2\/#primaryimage","url":"https:\/\/oceansignal.com\/wp-content\/uploads\/2024\/07\/MOB2-22-07-24-A_Web.png","contentUrl":"https:\/\/oceansignal.com\/wp-content\/uploads\/2024\/07\/MOB2-22-07-24-A_Web.png","width":900,"height":807,"caption":"Ocean Signal rescueME MOB2 AIS Personal Locator Device Class M Godkjent"},{"@type":"BreadcrumbList","@id":"https:\/\/oceansignal.com\/pl\/products\/rescueme-mob2\/#breadcrumb","itemListElement":[{"@type":"ListItem","position":1,"name":"Produkt\u00f3w","item":"https:\/\/oceansignal.com\/pl\/produktow\/"},{"@type":"ListItem","position":2,"name":"rescueME MOB2"}]},{"@type":"WebSite","@id":"https:\/\/oceansignal.com\/pl\/#website","url":"https:\/\/oceansignal.com\/pl\/","name":"Ocean Signal","description":"A leading manufacturer of EPIRBs, AIS, SARTs, Personal Locator Beacons, Man Overboard Beacon for the Marine and Outdoor Markets.","potentialAction":[{"@type":"SearchAction","target":{"@type":"EntryPoint","urlTemplate":"https:\/\/oceansignal.com\/pl\/?s={search_term_string}"},"query-input":{"@type":"PropertyValueSpecification","valueRequired":true,"valueName":"search_term_string"}}],"inLanguage":"pl-PL"}]}},"_links":{"self":[{"href":"https:\/\/oceansignal.com\/pl\/wp-json\/wp\/v2\/product\/7788","targetHints":{"allow":["GET"]}}],"collection":[{"href":"https:\/\/oceansignal.com\/pl\/wp-json\/wp\/v2\/product"}],"about":[{"href":"https:\/\/oceansignal.com\/pl\/wp-json\/wp\/v2\/types\/product"}],"wp:featuredmedia":[{"embeddable":true,"href":"https:\/\/oceansignal.com\/pl\/wp-json\/wp\/v2\/media\/23817"}],"wp:attachment":[{"href":"https:\/\/oceansignal.com\/pl\/wp-json\/wp\/v2\/media?parent=7788"}],"wp:term":[{"taxonomy":"product_brand","embeddable":true,"href":"https:\/\/oceansignal.com\/pl\/wp-json\/wp\/v2\/product_brand?post=7788"},{"taxonomy":"product_cat","embeddable":true,"href":"https:\/\/oceansignal.com\/pl\/wp-json\/wp\/v2\/product_cat?post=7788"},{"taxonomy":"product_tag","embeddable":true,"href":"https:\/\/oceansignal.com\/pl\/wp-json\/wp\/v2\/product_tag?post=7788"}],"curies":[{"name":"wp","href":"https:\/\/api.w.org\/{rel}","templated":true}]}}