{"id":7798,"date":"2023-09-07T14:40:28","date_gmt":"2023-09-07T14:40:28","guid":{"rendered":"https:\/\/oceansignal.com\/products\/rescueme-mob1\/"},"modified":"2025-09-23T14:57:43","modified_gmt":"2025-09-23T14:57:43","slug":"rescueme-mob1","status":"publish","type":"product","link":"https:\/\/oceansignal.com\/pl\/products\/rescueme-mob1\/","title":{"rendered":"rescueME MOB1"},"content":{"rendered":"<p>Den beste sjansen for rask redning hvis du faller over bord kommer fra ditt eget fart\u00f8y. Mannskapet ditt m\u00e5 v\u00e6re umiddelbart klar over hendelsen og holde styr p\u00e5 posisjonen din mens gjenoppretting utf\u00f8res. Selv i de mest moderate hav er det alarmerende hvor raskt en visuell observasjon av en mann over bord kan g\u00e5 tapt.  <\/p>\n<p>N\u00e5r den er aktivert, vil din MOB1 sende et varsel til alle AIS-mottakere og AIS-aktiverte plottere i n\u00e6rheten. Den integrerte GPS-en s\u00f8rger for at n\u00f8yaktig posisjon sendes til fart\u00f8yet ditt og andre som kan hjelpe. <\/p>\n<p>En tilleggsfunksjon ved MOB1 er dens evne til \u00e5 aktivere DSC-alarmen p\u00e5 fart\u00f8yets VHF, og varsle mannskapet ditt om situasjonen.<\/p>\n<p>Vil du l\u00e6re om det siste innen klasse M-krav for AIS MOB ?  <a href=\"https:\/\/oceansignal.com\/pl\/news\/zrozumienie-wplywu-regulacji-ais-klasy-m-na-mob\/\">Klikk her<\/a><\/p>\n<p>Ocean Signal rescueME MOB1 er en viktig komponent i ethvert maritimt sikkerhetssett, konstruert for \u00e5 gi rask respons i n\u00f8dstilfeller av mann over bord. Kompakt og lett, dette fyret integreres s\u00f8ml\u00f8st med redningsvester, og sikrer automatisk aktivering ved nedsenking i vann. Ved \u00e5 bruke AIS-teknologi, kringkaster den din n\u00f8yaktige posisjon til n\u00e6rliggende fart\u00f8yer og navigasjonssystemer ombord, noe som muliggj\u00f8r raske og effektive redningsoperasjoner. Med sin robuste konstruksjon, langvarige batteri og enkle utplassering, tilbyr rescueME MOB1 trygghet for seilere og b\u00e5tfolk, \u00f8ker sikkerheten p\u00e5 vannet og potensielt redder liv i kritiske situasjoner.   <\/p>\n<p>Vi introduserer verdens minste AIS MOB -enhet med integrert DSC \u2013 rescueME MOB1 fra Ocean Signal . MOB1 er kompatibel med selv de mest kompakte oppbl\u00e5sbare redningsvestene.* MOB1 er ment \u00e5 installeres i redningsvesten* og aktiveres automatisk ved oppbl\u00e5sing, og sender det f\u00f8rste varselet innen 15 sekunder. MOB1 er vanntett ned til 10 meter.<\/p>\n<p>MOB1 <a href=\"https:\/\/www.youtube.com\/watch?v=WH4S8yhDAuo\">kommuniserer<\/a> med fart\u00f8yet du har blitt skilt fra og andre fart\u00f8yer i n\u00e6rheten (opptil 5 miles rekkevidde avhengig av forholdene). For \u00e5 varsle redningsmyndighetene, et alternativt produkt kommuniserer rescueME PLB1 direkte via et dedikert s\u00f8ke- og redningssatellittnettverk. I en rescueME gir MOB1 2 metoder for raskt \u00e5 kommunisere posisjonen din, n\u00f8yaktig til noen f\u00e5 meter, tilbake til fart\u00f8yet, pluss \u00e5 gi visuell indikasjon via det innebygde strobelyset. Det integrerte strobelyset sikrer maksimal synlighet under d\u00e5rlige lysforhold.   <\/p>\n<p><a href=\"https:\/\/oceansignal.com\/pl\/news\/zrozumienie-wplywu-regulacji-ais-klasy-m-na-mob\/\">L\u00e6r om de kommende MOB -forskriftene: Klasse M AIS<\/a><\/p>\n<p>Proudly <a href=\"https:\/\/oceansignal.com\/pl\/news\/ocean-signal-potraja-wielkosc-fabryk-aby-sprostac-wymaganiom-produkcyjnym\/\">Produsert i Storbritannia<\/a><\/p>\n<p><strong>Funksjoner:<\/strong><\/p>\n<p>&nbsp;<\/p>\n<ul>\n<li>AIS (Automatic Identification System)<\/li>\n<li>Integrert DSC-sender (Digital Selective Calling)*<\/li>\n<li>30 % (type) mindre enn konkurrentene<\/li>\n<li>Automatisk aktivering<\/li>\n<li>Enkel integrering av redningsvest**<\/li>\n<li>7 \u00e5rs batterilevetid<\/li>\n<li>24+ timers driftslevetid<\/li>\n<li>5 \u00e5rs garanti\u2020<\/li>\n<li>Rask n\u00f8yaktig posisjonering<\/li>\n<\/ul>\n<p>&nbsp;<\/p>\n<p><em><strong>Kompatibilitet:<\/strong> De fleste moderne AIS-plottere og DSC VHF overholder standardene som kreves for \u00e5 motta MOB sendinger. Det anbefales imidlertid, spesielt hvis du bruker eldre utstyr, at du sjekker kompatibiliteten med utstyrsprodusenten. Se vanlige sp\u00f8rsm\u00e5l nedenfor for mer informasjon.<br \/>\n<\/em><\/p>\n<p>&nbsp;<\/p>\n<p>MOB1 kan konfigureres av brukeren til \u00e5 angi fart\u00f8yets DSC MMSI-nummer* ved \u00e5 laste ned programvaren p\u00e5 lenken nedenfor. Fart\u00f8yets DSC-nummer kan programmeres flere ganger. <\/p>\n<p>&nbsp;<\/p>\n<p><span style=\"color: #c22f00\">* DSC-funksjonalitet er underlagt landets forskrifter.<\/span><br \/>\n<span style=\"color: #c22f00\"><em>** Se alltid til produsenten for spesifikke instruksjoner f\u00f8r du installerer dette produktet direkte p\u00e5 redningsvesten.<\/em><\/span><br \/>\n<span style=\"color: #c22f00\">\u2020 Med forbehold om garantierkl\u00e6ring. ( <em>Merk: Ved bruk i kommersielle applikasjoner er garantiperioden begrenset til to \u00e5r.<\/em> )<\/span><\/p>\n","protected":false},"excerpt":{"rendered":"<p>Verdens minste AIS MOB -enhet med integrert DSC.<\/p>\n<ul>\n<li>AIS (Automatic Identification System)<\/li>\n<li>Integrert DSC-sender (Digital Selective Calling)*<\/li>\n<li>30 % (type) mindre enn konkurrentene<\/li>\n<li>Automatisk aktivering<\/li>\n<li>Enkel integrering av redningsvest**<\/li>\n<li>7 \u00e5rs batterilevetid<\/li>\n<li>24+ timers driftslevetid<\/li>\n<li>5 \u00e5rs garanti\u2020<\/li>\n<li>Rask n\u00f8yaktig posisjonering<\/li>\n<\/ul>\n<p><img loading=\"lazy\" decoding=\"async\" class=\"alignnone size-medium wp-image-609\" src=\"http:\/\/oceansignal.com\/wp-content\/uploads\/2023\/09\/MT_Dame-logo_nominated_RGB-small-300x70.jpg\" alt=\"\" width=\"300\" height=\"70\" srcset=\"https:\/\/oceansignal.com\/wp-content\/uploads\/2023\/09\/MT_Dame-logo_nominated_RGB-small-300x70.jpg 300w, https:\/\/oceansignal.com\/wp-content\/uploads\/2023\/09\/MT_Dame-logo_nominated_RGB-small.jpg 323w\" sizes=\"auto, (max-width: 300px) 100vw, 300px\" \/><\/p>\n<p>Ligger i Storbritannia eller EU?  <a href=\"https:\/\/oceansignal.com\/pl\/products\/rescueme-mob2\/\">Sjekk ut den nye Ocean Signal MOB2 fra 2025.<\/a><\/p>\n<p><a href=\"https:\/\/www.dropbox.com\/s\/8343nj28z0d7bxa\/Prop%2065%20-%20BPA.pdf?dl=0\">ADVARSEL: PROP 65<\/a><\/p>\n","protected":false},"featured_media":19229,"template":"","meta":{"_acf_changed":false,"om_disable_all_campaigns":false},"product_brand":[],"product_cat":[952,472],"product_tag":[478,953,481],"class_list":{"0":"post-7798","1":"product","2":"type-product","3":"status-publish","4":"has-post-thumbnail","6":"product_cat-mann-over-bord","7":"product_cat-rescueme-pl","8":"product_tag-ais-mob-pl","9":"product_tag-mann-over-bord","10":"product_tag-motloch","12":"first","13":"instock","14":"taxable","15":"shipping-taxable","16":"purchasable","17":"product-type-simple"},"acf":[],"yoast_head":"<!-- This site is optimized with the Yoast SEO Premium plugin v25.2 (Yoast SEO v26.4) - https:\/\/yoast.com\/wordpress\/plugins\/seo\/ -->\n<title>rescueME MOB1 - Ocean Signal<\/title>\n<meta name=\"description\" content=\"Ocean Signal rescueME MOB1 AIS Man Overboard Beacon er den ultimate l\u00f8sningen for sj\u00f8sikkerhet, spesielt designet for \u00e5 hjelpe i SOS-situasjoner.\" \/>\n<meta name=\"robots\" content=\"index, follow, max-snippet:-1, max-image-preview:large, max-video-preview:-1\" \/>\n<link rel=\"canonical\" href=\"https:\/\/oceansignal.com\/pl\/products\/rescueme-mob1\/\" \/>\n<meta property=\"og:locale\" content=\"pl_PL\" \/>\n<meta property=\"og:type\" content=\"article\" \/>\n<meta property=\"og:title\" content=\"rescueME MOB1\" \/>\n<meta property=\"og:description\" content=\"Ocean Signal rescueME MOB1 AIS Man Overboard Beacon er den ultimate l\u00f8sningen for sj\u00f8sikkerhet, spesielt designet for \u00e5 hjelpe i SOS-situasjoner.\" \/>\n<meta property=\"og:url\" content=\"https:\/\/oceansignal.com\/pl\/products\/rescueme-mob1\/\" \/>\n<meta property=\"og:site_name\" content=\"Ocean Signal\" \/>\n<meta property=\"article:modified_time\" content=\"2025-09-23T14:57:43+00:00\" \/>\n<meta property=\"og:image\" content=\"https:\/\/oceansignal.com\/wp-content\/uploads\/2023\/09\/MOB1-square-1.jpg\" \/>\n\t<meta property=\"og:image:width\" content=\"1000\" \/>\n\t<meta property=\"og:image:height\" content=\"1000\" \/>\n\t<meta property=\"og:image:type\" content=\"image\/jpeg\" \/>\n<meta name=\"twitter:card\" content=\"summary_large_image\" \/>\n<meta name=\"twitter:label1\" content=\"Szacowany czas czytania\" \/>\n\t<meta name=\"twitter:data1\" content=\"3 minuty\" \/>\n<script type=\"application\/ld+json\" class=\"yoast-schema-graph\">{\"@context\":\"https:\/\/schema.org\",\"@graph\":[{\"@type\":\"WebPage\",\"@id\":\"https:\/\/oceansignal.com\/pl\/products\/rescueme-mob1\/\",\"url\":\"https:\/\/oceansignal.com\/pl\/products\/rescueme-mob1\/\",\"name\":\"rescueME MOB1 - Ocean Signal\",\"isPartOf\":{\"@id\":\"https:\/\/oceansignal.com\/pl\/#website\"},\"primaryImageOfPage\":{\"@id\":\"https:\/\/oceansignal.com\/pl\/products\/rescueme-mob1\/#primaryimage\"},\"image\":{\"@id\":\"https:\/\/oceansignal.com\/pl\/products\/rescueme-mob1\/#primaryimage\"},\"thumbnailUrl\":\"https:\/\/oceansignal.com\/wp-content\/uploads\/2023\/09\/MOB1-square-1.jpg\",\"datePublished\":\"2023-09-07T14:40:28+00:00\",\"dateModified\":\"2025-09-23T14:57:43+00:00\",\"description\":\"Ocean Signal rescueME MOB1 AIS Man Overboard Beacon er den ultimate l\u00f8sningen for sj\u00f8sikkerhet, spesielt designet for \u00e5 hjelpe i SOS-situasjoner.\",\"breadcrumb\":{\"@id\":\"https:\/\/oceansignal.com\/pl\/products\/rescueme-mob1\/#breadcrumb\"},\"inLanguage\":\"pl-PL\",\"potentialAction\":[{\"@type\":\"ReadAction\",\"target\":[\"https:\/\/oceansignal.com\/pl\/products\/rescueme-mob1\/\"]}]},{\"@type\":\"ImageObject\",\"inLanguage\":\"pl-PL\",\"@id\":\"https:\/\/oceansignal.com\/pl\/products\/rescueme-mob1\/#primaryimage\",\"url\":\"https:\/\/oceansignal.com\/wp-content\/uploads\/2023\/09\/MOB1-square-1.jpg\",\"contentUrl\":\"https:\/\/oceansignal.com\/wp-content\/uploads\/2023\/09\/MOB1-square-1.jpg\",\"width\":1000,\"height\":1000,\"caption\":\"Ocean Signal rescueME MOB1 AIS Mann Overbord Beacon med DSC. Verdens minste MOB .\"},{\"@type\":\"BreadcrumbList\",\"@id\":\"https:\/\/oceansignal.com\/pl\/products\/rescueme-mob1\/#breadcrumb\",\"itemListElement\":[{\"@type\":\"ListItem\",\"position\":1,\"name\":\"Produkt\u00f3w\",\"item\":\"https:\/\/oceansignal.com\/pl\/produktow\/\"},{\"@type\":\"ListItem\",\"position\":2,\"name\":\"rescueME MOB1\"}]},{\"@type\":\"WebSite\",\"@id\":\"https:\/\/oceansignal.com\/pl\/#website\",\"url\":\"https:\/\/oceansignal.com\/pl\/\",\"name\":\"Ocean Signal\",\"description\":\"A leading manufacturer of EPIRBs, AIS, SARTs, Personal Locator Beacons, Man Overboard Beacon for the Marine and Outdoor Markets.\",\"potentialAction\":[{\"@type\":\"SearchAction\",\"target\":{\"@type\":\"EntryPoint\",\"urlTemplate\":\"https:\/\/oceansignal.com\/pl\/?s={search_term_string}\"},\"query-input\":{\"@type\":\"PropertyValueSpecification\",\"valueRequired\":true,\"valueName\":\"search_term_string\"}}],\"inLanguage\":\"pl-PL\"}]}<\/script>\n<!-- \/ Yoast SEO Premium plugin. -->","yoast_head_json":{"title":"rescueME MOB1 - Ocean Signal","description":"Ocean Signal rescueME MOB1 AIS Man Overboard Beacon er den ultimate l\u00f8sningen for sj\u00f8sikkerhet, spesielt designet for \u00e5 hjelpe i SOS-situasjoner.","robots":{"index":"index","follow":"follow","max-snippet":"max-snippet:-1","max-image-preview":"max-image-preview:large","max-video-preview":"max-video-preview:-1"},"canonical":"https:\/\/oceansignal.com\/pl\/products\/rescueme-mob1\/","og_locale":"pl_PL","og_type":"article","og_title":"rescueME MOB1","og_description":"Ocean Signal rescueME MOB1 AIS Man Overboard Beacon er den ultimate l\u00f8sningen for sj\u00f8sikkerhet, spesielt designet for \u00e5 hjelpe i SOS-situasjoner.","og_url":"https:\/\/oceansignal.com\/pl\/products\/rescueme-mob1\/","og_site_name":"Ocean Signal","article_modified_time":"2025-09-23T14:57:43+00:00","og_image":[{"width":1000,"height":1000,"url":"https:\/\/oceansignal.com\/wp-content\/uploads\/2023\/09\/MOB1-square-1.jpg","type":"image\/jpeg"}],"twitter_card":"summary_large_image","twitter_misc":{"Szacowany czas czytania":"3 minuty"},"schema":{"@context":"https:\/\/schema.org","@graph":[{"@type":"WebPage","@id":"https:\/\/oceansignal.com\/pl\/products\/rescueme-mob1\/","url":"https:\/\/oceansignal.com\/pl\/products\/rescueme-mob1\/","name":"rescueME MOB1 - Ocean Signal","isPartOf":{"@id":"https:\/\/oceansignal.com\/pl\/#website"},"primaryImageOfPage":{"@id":"https:\/\/oceansignal.com\/pl\/products\/rescueme-mob1\/#primaryimage"},"image":{"@id":"https:\/\/oceansignal.com\/pl\/products\/rescueme-mob1\/#primaryimage"},"thumbnailUrl":"https:\/\/oceansignal.com\/wp-content\/uploads\/2023\/09\/MOB1-square-1.jpg","datePublished":"2023-09-07T14:40:28+00:00","dateModified":"2025-09-23T14:57:43+00:00","description":"Ocean Signal rescueME MOB1 AIS Man Overboard Beacon er den ultimate l\u00f8sningen for sj\u00f8sikkerhet, spesielt designet for \u00e5 hjelpe i SOS-situasjoner.","breadcrumb":{"@id":"https:\/\/oceansignal.com\/pl\/products\/rescueme-mob1\/#breadcrumb"},"inLanguage":"pl-PL","potentialAction":[{"@type":"ReadAction","target":["https:\/\/oceansignal.com\/pl\/products\/rescueme-mob1\/"]}]},{"@type":"ImageObject","inLanguage":"pl-PL","@id":"https:\/\/oceansignal.com\/pl\/products\/rescueme-mob1\/#primaryimage","url":"https:\/\/oceansignal.com\/wp-content\/uploads\/2023\/09\/MOB1-square-1.jpg","contentUrl":"https:\/\/oceansignal.com\/wp-content\/uploads\/2023\/09\/MOB1-square-1.jpg","width":1000,"height":1000,"caption":"Ocean Signal rescueME MOB1 AIS Mann Overbord Beacon med DSC. Verdens minste MOB ."},{"@type":"BreadcrumbList","@id":"https:\/\/oceansignal.com\/pl\/products\/rescueme-mob1\/#breadcrumb","itemListElement":[{"@type":"ListItem","position":1,"name":"Produkt\u00f3w","item":"https:\/\/oceansignal.com\/pl\/produktow\/"},{"@type":"ListItem","position":2,"name":"rescueME MOB1"}]},{"@type":"WebSite","@id":"https:\/\/oceansignal.com\/pl\/#website","url":"https:\/\/oceansignal.com\/pl\/","name":"Ocean Signal","description":"A leading manufacturer of EPIRBs, AIS, SARTs, Personal Locator Beacons, Man Overboard Beacon for the Marine and Outdoor Markets.","potentialAction":[{"@type":"SearchAction","target":{"@type":"EntryPoint","urlTemplate":"https:\/\/oceansignal.com\/pl\/?s={search_term_string}"},"query-input":{"@type":"PropertyValueSpecification","valueRequired":true,"valueName":"search_term_string"}}],"inLanguage":"pl-PL"}]}},"_links":{"self":[{"href":"https:\/\/oceansignal.com\/pl\/wp-json\/wp\/v2\/product\/7798","targetHints":{"allow":["GET"]}}],"collection":[{"href":"https:\/\/oceansignal.com\/pl\/wp-json\/wp\/v2\/product"}],"about":[{"href":"https:\/\/oceansignal.com\/pl\/wp-json\/wp\/v2\/types\/product"}],"wp:featuredmedia":[{"embeddable":true,"href":"https:\/\/oceansignal.com\/pl\/wp-json\/wp\/v2\/media\/19229"}],"wp:attachment":[{"href":"https:\/\/oceansignal.com\/pl\/wp-json\/wp\/v2\/media?parent=7798"}],"wp:term":[{"taxonomy":"product_brand","embeddable":true,"href":"https:\/\/oceansignal.com\/pl\/wp-json\/wp\/v2\/product_brand?post=7798"},{"taxonomy":"product_cat","embeddable":true,"href":"https:\/\/oceansignal.com\/pl\/wp-json\/wp\/v2\/product_cat?post=7798"},{"taxonomy":"product_tag","embeddable":true,"href":"https:\/\/oceansignal.com\/pl\/wp-json\/wp\/v2\/product_tag?post=7798"}],"curies":[{"name":"wp","href":"https:\/\/api.w.org\/{rel}","templated":true}]}}