{"id":7810,"date":"2023-03-27T07:28:36","date_gmt":"2023-03-27T07:28:36","guid":{"rendered":"https:\/\/oceansignal.com\/products\/rescueme-epirb3\/"},"modified":"2026-03-25T10:11:03","modified_gmt":"2026-03-25T10:11:03","slug":"rescueme-epirb3","status":"publish","type":"product","link":"https:\/\/oceansignal.com\/pl\/products\/rescueme-epirb3\/","title":{"rendered":"rescueME EPIRB3"},"content":{"rendered":"<p class=\"ai-optimize-38\"><a href=\"https:\/\/www.dropbox.com\/s\/8343nj28z0d7bxa\/Prop%2065%20-%20BPA.pdf?dl=0\" data-cke-saved-href=\"https:\/\/www.dropbox.com\/s\/8343nj28z0d7bxa\/Prop%2065%20-%20BPA.pdf?dl=0\">ADVARSEL: PROP 65<\/a><\/p>\n<p class=\"ai-optimize-39\">Sammendrag:<\/p>\n<p class=\"ai-optimize-40\">Den nye Ocean Signal rescueME EPIRB3 er en fullfunksjonell 406 MHz global GMDSS-godkjent n\u00f8dradiostasjon som leveres med en manuell utl\u00f8serbrakett og har en rekke funksjoner i et kompakt, moderne design som inkluderer AIS-teknologi. AIS gir lokale redningsmannskaper presis og p\u00e5litelig informasjon om den n\u00e5v\u00e6rende stasjonens posisjon, noe som fremskynder redningsoperasjonene. I tillegg beroliger Return Link Service (RLS) de som aktiverer stasjonen ved \u00e5 bekrefte at n\u00f8dmeldingen er mottatt. Inkluderingen av NFC-funksjonalitet (Near Field Communication) tillater bruk av en smarttelefonapp for \u00e5 overv\u00e5ke EPIRB -ens batteri og andre funksjoner, slik at den fungerer som den skal.    Med sitt slanke design og avanserte funksjoner er EPIRB3 ideell for en rekke sj\u00f8folk, enten de cruiser p\u00e5 Middelhavet, drar ut gjennom rettene for en reise, fisker, jobber eller seiler offshore.<\/p>\n<p class=\"ai-optimize-41\">Beskrivelse:<\/p>\n<p class=\"ai-optimize-42\">Ocean Signal nye EPIRB3 (Emergency Posisjonsindikator Radio Beacon) \u00f8ker p\u00e5liteligheten og forenkler redningsoperasjoner med nye avanserte funksjoner. Denne nye GMDSS-godkjente EPIRB sender ut en digital n\u00f8dsignal p\u00e5 406 MHz som varsler redningsmannskaper globalt via satellitt, og sender ut VHF-signaler fra det automatiske identifikasjonssystemet (AIS) lokalt for \u00e5 hjelpe redningsmannskaper med \u00e5 finne fyret raskere. N\u00e5r EPIRB3 er aktivert, sender den et n\u00f8dsignal til det globale satellittredningssystemet <a href=\"https:\/\/www.cospas-sarsat.int\/en\/\">Cospas-Sarsat<\/a> , og sender samtidig ut et AIS-varsel p\u00e5 VHF-frekvenser som kan sees umiddelbart av ethvert n\u00e6rliggende fart\u00f8y utstyrt med AIS. Return Link Service (RLS) gir brukeren visuell bekreftelse p\u00e5 at n\u00f8dmeldingen er mottatt. Kombinasjonen av AIS, et 121,5 MHz-m\u00e5ls\u00f8kingssignal og synlige og infrar\u00f8de strobelys fremskynder gjenopprettingstiden ved \u00e5 la redningsmannskaper finne fyrets plassering, selv om det har drevet, uavhengig av tid p\u00e5 d\u00f8gnet. N\u00e6rfeltskommunikasjon (NFC) er en flott ny funksjon som lar brukere overv\u00e5ke EPIRB3 ved hjelp av en gratis smarttelefonapp, og s\u00f8rge for at batteriet har tilstrekkelig str\u00f8m og at beaconen fungerer som den skal f\u00f8r de drar ut.     <\/p>\n<p>&nbsp;<\/p>\n<p class=\"ai-optimize-43\">Avansert maritim sikkerhets- og redningsteknologi fra Ocean Signal i den nye EPIRB3 med AIS kombinerer innovative nye funksjoner i et kompakt, ergonomisk designet etui som er ideelt for alle typer og st\u00f8rrelser fritids- og kommersielle fart\u00f8y.<\/p>\n<p>&nbsp;<\/p>\n<p class=\"ai-optimize-44\"><strong>Redningstidene kan forbedres med global aktivering kombinert med AIS Lokal beacon-sending.<\/strong><\/p>\n<p>&nbsp;<\/p>\n<p class=\"ai-optimize-45\">EPIRB3 bruker GNSS-posisjoneringsnettverk (GPS, Galileo, Glonass) for \u00e5 bestemme sin globale posisjon. N\u00e5r fyren utl\u00f8ses, sender en 406 MHz n\u00f8dsending denne GPS EPIRB (GPIRB)-posisjonen, med en n\u00f8yaktighet p\u00e5 100 meter, til det verdensomspennende <a href=\"https:\/\/www.cospas-sarsat.int\/en\/\">Cospas-Sarsat<\/a> s\u00f8k- og redningssatellittnettverket. Bakkestasjoner koblet til satellittsystemet mottar EPIRB-identifikasjon og informasjon om utplassering av redningsoperasjoner, slik at redningsoperasjoner kan koordineres og igangsettes. Med avansert AIS-teknologi som n\u00e5 er integrert i EPIRB, begynner fyren \u00e5 sende AIS-signaler direkte etter aktivering, slik at AIS-utstyrte fart\u00f8y i n\u00e6rheten umiddelbart varsles om n\u00f8dsituasjonen og f\u00e5r oppgitt fyrens posisjon. AIS-utstyrte fart\u00f8y innenfor VHF-rekkevidde vil se en sikkerhetsmelding p\u00e5 skjermene sine som inkluderer MMSI-fart\u00f8yidentifikasjonen. Lokale fart\u00f8y kan starte rednings- og bergingsoperasjoner umiddelbart, noe som potensielt kan \u00f8ke redningstiden og redde liv. Siden et AIS-m\u00e5l vises p\u00e5 skjermen om bord p\u00e5 ethvert AIS-utstyrt fart\u00f8y i n\u00e6rheten, kan de enkelt navigere direkte til EPIRB ved \u00e5 velge AIS-m\u00e5let. Selv n\u00e5r ingen lokale fart\u00f8y er tilgjengelige, vil AIS fremskynde gjenopprettingstiden ved \u00e5 la maritime SAR-operat\u00f8rer finne n\u00f8yaktig hvor EPIRB-en befinner seg n\u00e5r de n\u00e6rmer seg. Kombinasjonen av global satellittn\u00f8danrop, presis GPIRB-posisjonsoverf\u00f8ring og lokal AIS-sikkerhetsmelding vil forbedre gjenopprettingstiden og suksessen betraktelig.        <\/p>\n<p>&nbsp;<\/p>\n<p class=\"ai-optimize-46\"><strong>Near Field Communication (NFC) gir EPIRB diagnostikk ved hjelp av en smarttelefon.<\/strong><\/p>\n<p>&nbsp;<\/p>\n<p class=\"ai-optimize-47\">Brukere av n\u00f8dradiobeacon kan n\u00e5 sjekke EPIRB sin ved \u00e5 koble smarttelefonen til den med <a href=\"https:\/\/www.youtube.com\/watch?v=MRXLii6r3n4&amp;t=10s\">NFC (Near Field Communication)<\/a> . Denne teknologien kobler til en smarttelefon plassert ved siden av EPIRB3 ved \u00e5 starte den gratis Ocean Signal produktappen automatisk. Fullstendig diagnostikk er tilgjengelig i appen og viser brukeren gjeldende batterilevetid, antall fullf\u00f8rte selvtester, antall fullf\u00f8rte GNSS-tester og hvor lenge EPIRB har v\u00e6rt aktivert. Detaljert informasjon, inkludert en kartvisning som viser hvor en GNSS-test ble utf\u00f8rt, dato og klokkeslett for testen, tiden det tok EPIRB \u00e5 finne en GNSS-posisjonering, antall satellitter som ble brukt for \u00e5 finne den posisjoneringen, og n\u00f8yaktigheten av posisjoneringen, vises alle praktisk. Ocean Signal gratis mobilapp og NFC-funksjonalitet gir brukerne all informasjonen de trenger for \u00e5 bekrefte at EPIRB deres fungerer som den skal og er klar til utplassering i tilfelle en n\u00f8dsituasjon.    <\/p>\n<p>&nbsp;<\/p>\n<p class=\"ai-optimize-48\"><strong>Convenient Return Link Service (RLS) forteller brukerne at deres n\u00f8danrop er mottatt.<\/strong><\/p>\n<p>&nbsp;<\/p>\n<p class=\"ai-optimize-49\">EPIRB-er brukes i n\u00f8dsituasjoner, og redningsoperasjoner kan ta tid, spesielt hvis fart\u00f8yet i n\u00f8d er langt til havs. EPIRB3 er utstyrt med Return Link Service som varsler brukere om at n\u00f8dsignalet fra beaconen er levert. RLS-signalet sendes tilbake via <a href=\"https:\/\/www.euspa.europa.eu\/european-space\/galileo\/services\/search-and-rescue-sar-galileo-service\">Galileo-satellittnettverket<\/a> for \u00e5 bekrefte at n\u00f8dmeldingen sammen med den n\u00f8yaktige EPIRB plasseringen og identifikatorene er mottatt. Et enkelt blinkende bl\u00e5tt lys forteller brukerne at EPIRB har koblet seg til via satellittnettverket, og redningsmannskaper vil bli varslet. \u00c5 vite at den digitale ulykken har blitt kommunisert sammen med EPIRB identifikasjonen og beacon-plasseringen, hjelper de i n\u00f8d \u00e5 holde seg rolige mens de venter p\u00e5 redningsoperasjoner.    <\/p>\n<p>&nbsp;<\/p>\n<p class=\"ai-optimize-50\"><strong>Monteringsbrakett<\/strong><\/p>\n<p>&nbsp;<\/p>\n<p class=\"ai-optimize-51\">EPIRB3 leveres komplett med en manuell monteringsbrakett i kategori to. Denne braketten oppbevarer EPIRB3 sikkert under hele turen, uavhengig av forholdene. Den gir ogs\u00e5 en hurtigutl\u00f8sning slik at EPIRB raskt og enkelt kan fjernes ved behov.  <\/p>\n<p>&nbsp;<\/p>\n<p class=\"ai-optimize-52\">Ocean Signal bruker avansert teknologi og produksjonsprosesser av h\u00f8y kvalitet for \u00e5 utvikle og produsere elektroniske redningsenheter og andre livreddende produkter av h\u00f8y kvalitet. Den nye EPIRB3 med sin konturerte profil er like egnet for b\u00e5de seilb\u00e5ter og motorb\u00e5ter. B\u00e5de fritids- og kommersielle brukere kan v\u00e6re trygge p\u00e5 at funksjonene i denne nye n\u00f8dradiofyren gir den h\u00f8yeste sjansen for en effektiv og vellykket redning uansett hvor de g\u00e5r. En rekke h\u00f8yteknologiske funksjoner i EPIRB3 kombinert med et unikt design gj\u00f8r at den kan brukes effektivt p\u00e5 alle typer fart\u00f8y, enten de jobber eller leker n\u00e6r kysten, offshore eller krysser verden.   <\/p>\n<p class=\"ai-optimize-53\">For kategori 1 flytfri versjon: <a href=\"https:\/\/oceansignal.com\/products\/safesea-epirb3-pro\/\">safeSEA EPIRB3 Pro<\/a><\/p>\n<p class=\"ai-optimize-54\"><strong>Funksjoner:<\/strong><\/p>\n<p>&nbsp;<\/p>\n<ul>\n<li class=\"ai-optimize-55\">30 %(type) mindre<\/li>\n<li class=\"ai-optimize-56\">AIS n\u00f8dvarsel<\/li>\n<li class=\"ai-optimize-57\">Returkoblingstjeneste (RLS)<\/li>\n<li class=\"ai-optimize-58\">Mobil tilkobling ved bruk av n\u00e6rfeltskommunikasjon (NFC)<\/li>\n<li class=\"ai-optimize-59\">Gratis app (Apple og Android)<\/li>\n<li class=\"ai-optimize-60\">10 \u00e5rs batterilevetid<\/li>\n<li class=\"ai-optimize-61\">48+ timers driftslevetid<\/li>\n<li class=\"ai-optimize-62\">2 \u00e5rs garanti (kan utvide garantien til 5 \u00e5r via produktregistrering hos Ocean Signal )<\/li>\n<li class=\"ai-optimize-63\">Rask n\u00f8yaktig posisjonering med 72 kanals GPS<\/li>\n<li class=\"ai-optimize-64\">Uttrekkbar antenne<\/li>\n<li class=\"ai-optimize-65\">Hurtigutl\u00f8serbrakett<\/li>\n<li class=\"ai-optimize-66\">Sikker snor<\/li>\n<\/ul>\n<p>&nbsp;<\/p>\n","protected":false},"excerpt":{"rendered":"<p class=\"ai-optimize-14\" data-start=\"318\" data-end=\"494\">RescueME EPIRB3 kombinerer global redningsdekning og har innebygd AIS for smarte lokale bergingsfunksjoner i \u00e9n kompakt enhet.<\/p>\n<ul>\n<li class=\"ai-optimize-15\" style=\"list-style-type: none;\">\n<ul data-start=\"496\" data-end=\"1135\">\n<li class=\"ai-optimize-16\" data-start=\"496\" data-end=\"748\">\n<p class=\"ai-optimize-17\" data-start=\"498\" data-end=\"748\"><strong data-start=\"498\" data-end=\"544\">Global SAR-tilkobling via Cospas-Sarsat:<\/strong> Sender 406 MHz-n\u00f8dsignalet ditt direkte til internasjonale s\u00f8k- og redningstjenester \u2013 og sikrer en <strong data-start=\"678\" data-end=\"725\">garantert,<\/strong> myndighetskoordinert respons hvor som helst i verden, d\u00f8gnet rundt, \u00e5ret rundt.<\/p>\n<\/li>\n<li class=\"ai-optimize-18\" data-start=\"749\" data-end=\"929\">\n<p class=\"ai-optimize-19\" data-start=\"751\" data-end=\"929\"><strong data-start=\"751\" data-end=\"787\">Return Link Service (RLS) + AIS:<\/strong> Bekrefter at signalet ditt ble mottatt med et visuelt bl\u00e5tt lys, mens AIS sender posisjonen din til fart\u00f8y i n\u00e6rheten for <strong data-start=\"905\" data-end=\"928\">redning i to lag<\/strong> .<\/p>\n<\/li>\n<li class=\"ai-optimize-20\" data-start=\"930\" data-end=\"1135\">\n<p class=\"ai-optimize-21\" data-start=\"932\" data-end=\"1135\"><strong data-start=\"932\" data-end=\"968\">P\u00e5litelig ytelse med lang levetid:<\/strong> Har en GNSS-mottaker med h\u00f8y n\u00f8yaktighet, batterilevetid p\u00e5 over 48 timer n\u00e5r den er aktivert, og er fullt kompatibel med <strong data-start=\"1091\" data-end=\"1098\">IMO-<\/strong> og <strong data-start=\"1103\" data-end=\"1112\">SOLAS<\/strong> -kravene for transport.<\/p>\n<\/li>\n<li class=\"ai-optimize-22\" data-start=\"930\" data-end=\"1135\"><strong>Ingen abonnementsavgift<\/strong> .<\/li>\n<\/ul>\n<\/li>\n<\/ul>\n","protected":false},"featured_media":12423,"template":"","meta":{"_acf_changed":false,"om_disable_all_campaigns":false},"product_brand":[],"product_cat":[889,472],"product_tag":[480,890,897,891,892],"class_list":{"0":"post-7810","1":"product","2":"type-product","3":"status-publish","4":"has-post-thumbnail","6":"product_cat-epirb-pl","7":"product_cat-rescueme-pl","8":"product_tag-ais-pl","9":"product_tag-epirb-pl","10":"product_tag-epirb3-pl","11":"product_tag-nfc-pl","12":"product_tag-rls-pl","14":"first","15":"instock","16":"taxable","17":"shipping-taxable","18":"purchasable","19":"product-type-simple"},"acf":[],"yoast_head":"<!-- This site is optimized with the Yoast SEO Premium plugin v25.2 (Yoast SEO v26.4) - https:\/\/yoast.com\/wordpress\/plugins\/seo\/ -->\n<title>rescueME EPIRB3 - Ocean Signal<\/title>\n<meta name=\"description\" content=\"Hold deg trygg til sj\u00f8s med rescueME EPIRB3 : Denne n\u00f8dradiofyren eller EPIRB inkluderer n\u00e5 AIS og er GMDSS-godkjent for b\u00e5tfolk. Kj\u00f8p n\u00e5!\" \/>\n<meta name=\"robots\" content=\"index, follow, max-snippet:-1, max-image-preview:large, max-video-preview:-1\" \/>\n<link rel=\"canonical\" href=\"https:\/\/oceansignal.com\/pl\/products\/rescueme-epirb3\/\" \/>\n<meta property=\"og:locale\" content=\"pl_PL\" \/>\n<meta property=\"og:type\" content=\"article\" \/>\n<meta property=\"og:title\" content=\"rescueME EPIRB3\" \/>\n<meta property=\"og:description\" content=\"Hold deg trygg til sj\u00f8s med rescueME EPIRB3 : Denne n\u00f8dradiofyren eller EPIRB inkluderer n\u00e5 AIS og er GMDSS-godkjent for b\u00e5tfolk. Kj\u00f8p n\u00e5!\" \/>\n<meta property=\"og:url\" content=\"https:\/\/oceansignal.com\/pl\/products\/rescueme-epirb3\/\" \/>\n<meta property=\"og:site_name\" content=\"Ocean Signal\" \/>\n<meta property=\"article:modified_time\" content=\"2026-03-25T10:11:03+00:00\" \/>\n<meta property=\"og:image\" content=\"https:\/\/oceansignal.com\/wp-content\/uploads\/2023\/03\/EPIRB3-Front.png\" \/>\n\t<meta property=\"og:image:width\" content=\"800\" \/>\n\t<meta property=\"og:image:height\" content=\"800\" \/>\n\t<meta property=\"og:image:type\" content=\"image\/png\" \/>\n<meta name=\"twitter:card\" content=\"summary_large_image\" \/>\n<meta name=\"twitter:label1\" content=\"Szacowany czas czytania\" \/>\n\t<meta name=\"twitter:data1\" content=\"5 minut\" \/>\n<script type=\"application\/ld+json\" class=\"yoast-schema-graph\">{\"@context\":\"https:\/\/schema.org\",\"@graph\":[{\"@type\":\"WebPage\",\"@id\":\"https:\/\/oceansignal.com\/pl\/products\/rescueme-epirb3\/\",\"url\":\"https:\/\/oceansignal.com\/pl\/products\/rescueme-epirb3\/\",\"name\":\"rescueME EPIRB3 - Ocean Signal\",\"isPartOf\":{\"@id\":\"https:\/\/oceansignal.com\/pl\/#website\"},\"primaryImageOfPage\":{\"@id\":\"https:\/\/oceansignal.com\/pl\/products\/rescueme-epirb3\/#primaryimage\"},\"image\":{\"@id\":\"https:\/\/oceansignal.com\/pl\/products\/rescueme-epirb3\/#primaryimage\"},\"thumbnailUrl\":\"https:\/\/oceansignal.com\/wp-content\/uploads\/2023\/03\/EPIRB3-Front.png\",\"datePublished\":\"2023-03-27T07:28:36+00:00\",\"dateModified\":\"2026-03-25T10:11:03+00:00\",\"description\":\"Hold deg trygg til sj\u00f8s med rescueME EPIRB3 : Denne n\u00f8dradiofyren eller EPIRB inkluderer n\u00e5 AIS og er GMDSS-godkjent for b\u00e5tfolk. Kj\u00f8p n\u00e5!\",\"breadcrumb\":{\"@id\":\"https:\/\/oceansignal.com\/pl\/products\/rescueme-epirb3\/#breadcrumb\"},\"inLanguage\":\"pl-PL\",\"potentialAction\":[{\"@type\":\"ReadAction\",\"target\":[\"https:\/\/oceansignal.com\/pl\/products\/rescueme-epirb3\/\"]}]},{\"@type\":\"ImageObject\",\"inLanguage\":\"pl-PL\",\"@id\":\"https:\/\/oceansignal.com\/pl\/products\/rescueme-epirb3\/#primaryimage\",\"url\":\"https:\/\/oceansignal.com\/wp-content\/uploads\/2023\/03\/EPIRB3-Front.png\",\"contentUrl\":\"https:\/\/oceansignal.com\/wp-content\/uploads\/2023\/03\/EPIRB3-Front.png\",\"width\":800,\"height\":800},{\"@type\":\"BreadcrumbList\",\"@id\":\"https:\/\/oceansignal.com\/pl\/products\/rescueme-epirb3\/#breadcrumb\",\"itemListElement\":[{\"@type\":\"ListItem\",\"position\":1,\"name\":\"Produkt\u00f3w\",\"item\":\"https:\/\/oceansignal.com\/pl\/produktow\/\"},{\"@type\":\"ListItem\",\"position\":2,\"name\":\"rescueME EPIRB3\"}]},{\"@type\":\"WebSite\",\"@id\":\"https:\/\/oceansignal.com\/pl\/#website\",\"url\":\"https:\/\/oceansignal.com\/pl\/\",\"name\":\"Ocean Signal\",\"description\":\"A leading manufacturer of EPIRBs, AIS, SARTs, Personal Locator Beacons, Man Overboard Beacon for the Marine and Outdoor Markets.\",\"potentialAction\":[{\"@type\":\"SearchAction\",\"target\":{\"@type\":\"EntryPoint\",\"urlTemplate\":\"https:\/\/oceansignal.com\/pl\/?s={search_term_string}\"},\"query-input\":{\"@type\":\"PropertyValueSpecification\",\"valueRequired\":true,\"valueName\":\"search_term_string\"}}],\"inLanguage\":\"pl-PL\"}]}<\/script>\n<!-- \/ Yoast SEO Premium plugin. -->","yoast_head_json":{"title":"rescueME EPIRB3 - Ocean Signal","description":"Hold deg trygg til sj\u00f8s med rescueME EPIRB3 : Denne n\u00f8dradiofyren eller EPIRB inkluderer n\u00e5 AIS og er GMDSS-godkjent for b\u00e5tfolk. Kj\u00f8p n\u00e5!","robots":{"index":"index","follow":"follow","max-snippet":"max-snippet:-1","max-image-preview":"max-image-preview:large","max-video-preview":"max-video-preview:-1"},"canonical":"https:\/\/oceansignal.com\/pl\/products\/rescueme-epirb3\/","og_locale":"pl_PL","og_type":"article","og_title":"rescueME EPIRB3","og_description":"Hold deg trygg til sj\u00f8s med rescueME EPIRB3 : Denne n\u00f8dradiofyren eller EPIRB inkluderer n\u00e5 AIS og er GMDSS-godkjent for b\u00e5tfolk. Kj\u00f8p n\u00e5!","og_url":"https:\/\/oceansignal.com\/pl\/products\/rescueme-epirb3\/","og_site_name":"Ocean Signal","article_modified_time":"2026-03-25T10:11:03+00:00","og_image":[{"width":800,"height":800,"url":"https:\/\/oceansignal.com\/wp-content\/uploads\/2023\/03\/EPIRB3-Front.png","type":"image\/png"}],"twitter_card":"summary_large_image","twitter_misc":{"Szacowany czas czytania":"5 minut"},"schema":{"@context":"https:\/\/schema.org","@graph":[{"@type":"WebPage","@id":"https:\/\/oceansignal.com\/pl\/products\/rescueme-epirb3\/","url":"https:\/\/oceansignal.com\/pl\/products\/rescueme-epirb3\/","name":"rescueME EPIRB3 - Ocean Signal","isPartOf":{"@id":"https:\/\/oceansignal.com\/pl\/#website"},"primaryImageOfPage":{"@id":"https:\/\/oceansignal.com\/pl\/products\/rescueme-epirb3\/#primaryimage"},"image":{"@id":"https:\/\/oceansignal.com\/pl\/products\/rescueme-epirb3\/#primaryimage"},"thumbnailUrl":"https:\/\/oceansignal.com\/wp-content\/uploads\/2023\/03\/EPIRB3-Front.png","datePublished":"2023-03-27T07:28:36+00:00","dateModified":"2026-03-25T10:11:03+00:00","description":"Hold deg trygg til sj\u00f8s med rescueME EPIRB3 : Denne n\u00f8dradiofyren eller EPIRB inkluderer n\u00e5 AIS og er GMDSS-godkjent for b\u00e5tfolk. Kj\u00f8p n\u00e5!","breadcrumb":{"@id":"https:\/\/oceansignal.com\/pl\/products\/rescueme-epirb3\/#breadcrumb"},"inLanguage":"pl-PL","potentialAction":[{"@type":"ReadAction","target":["https:\/\/oceansignal.com\/pl\/products\/rescueme-epirb3\/"]}]},{"@type":"ImageObject","inLanguage":"pl-PL","@id":"https:\/\/oceansignal.com\/pl\/products\/rescueme-epirb3\/#primaryimage","url":"https:\/\/oceansignal.com\/wp-content\/uploads\/2023\/03\/EPIRB3-Front.png","contentUrl":"https:\/\/oceansignal.com\/wp-content\/uploads\/2023\/03\/EPIRB3-Front.png","width":800,"height":800},{"@type":"BreadcrumbList","@id":"https:\/\/oceansignal.com\/pl\/products\/rescueme-epirb3\/#breadcrumb","itemListElement":[{"@type":"ListItem","position":1,"name":"Produkt\u00f3w","item":"https:\/\/oceansignal.com\/pl\/produktow\/"},{"@type":"ListItem","position":2,"name":"rescueME EPIRB3"}]},{"@type":"WebSite","@id":"https:\/\/oceansignal.com\/pl\/#website","url":"https:\/\/oceansignal.com\/pl\/","name":"Ocean Signal","description":"A leading manufacturer of EPIRBs, AIS, SARTs, Personal Locator Beacons, Man Overboard Beacon for the Marine and Outdoor Markets.","potentialAction":[{"@type":"SearchAction","target":{"@type":"EntryPoint","urlTemplate":"https:\/\/oceansignal.com\/pl\/?s={search_term_string}"},"query-input":{"@type":"PropertyValueSpecification","valueRequired":true,"valueName":"search_term_string"}}],"inLanguage":"pl-PL"}]}},"_links":{"self":[{"href":"https:\/\/oceansignal.com\/pl\/wp-json\/wp\/v2\/product\/7810","targetHints":{"allow":["GET"]}}],"collection":[{"href":"https:\/\/oceansignal.com\/pl\/wp-json\/wp\/v2\/product"}],"about":[{"href":"https:\/\/oceansignal.com\/pl\/wp-json\/wp\/v2\/types\/product"}],"wp:featuredmedia":[{"embeddable":true,"href":"https:\/\/oceansignal.com\/pl\/wp-json\/wp\/v2\/media\/12423"}],"wp:attachment":[{"href":"https:\/\/oceansignal.com\/pl\/wp-json\/wp\/v2\/media?parent=7810"}],"wp:term":[{"taxonomy":"product_brand","embeddable":true,"href":"https:\/\/oceansignal.com\/pl\/wp-json\/wp\/v2\/product_brand?post=7810"},{"taxonomy":"product_cat","embeddable":true,"href":"https:\/\/oceansignal.com\/pl\/wp-json\/wp\/v2\/product_cat?post=7810"},{"taxonomy":"product_tag","embeddable":true,"href":"https:\/\/oceansignal.com\/pl\/wp-json\/wp\/v2\/product_tag?post=7810"}],"curies":[{"name":"wp","href":"https:\/\/api.w.org\/{rel}","templated":true}]}}