{"id":7834,"date":"2023-09-07T12:44:22","date_gmt":"2023-09-07T12:44:22","guid":{"rendered":"https:\/\/oceansignal.com\/products\/rescueme-epirb2\/"},"modified":"2026-01-21T19:54:00","modified_gmt":"2026-01-21T19:54:00","slug":"rescueme-epirb2","status":"publish","type":"product","link":"https:\/\/oceansignal.com\/pl\/products\/rescueme-epirb2\/","title":{"rendered":"rescueME EPIRB2"},"content":{"rendered":"<p>Med introduksjonen av Return Link Service (RLS)-teknologi og Near Field Communication (NFC)-funksjoner, gir EPIRB2 betydelige fordeler i forhold til forgjengerne. Return Link Service EPIRB-er tr\u00f8ster de som aktiverer beaconen ved \u00e5 bekrefte at n\u00f8dmeldingen deres er mottatt, og inkluderingen av NFC-evne tillater bruk av en smarttelefonapp for \u00e5 overv\u00e5ke EPIRB batteri og andre funksjoner for \u00e5 sikre at den fungerer som den skal. De innovative nye funksjonene til EPIRB2 gj\u00f8r den til et utmerket valg for et bredt spekter av marine applikasjoner som er spesifikke for b\u00e5de rekreasjons- og kommersielle fart\u00f8yer.  <\/p>\n<p><iframe loading=\"lazy\" title=\"EPIRB3 and EPIRB2  | Activation\" width=\"500\" height=\"281\" src=\"https:\/\/www.youtube.com\/embed\/P5KBMhmPYjQ?feature=oembed\" frameborder=\"0\" allow=\"accelerometer; autoplay; clipboard-write; encrypted-media; gyroscope; picture-in-picture; web-share\" referrerpolicy=\"strict-origin-when-cross-origin\" allowfullscreen><\/iframe><\/p>\n<p>Beskrivelse:<\/p>\n<p>I utviklingen av <a href=\"https:\/\/oceansignal.com\/pl\/news\/ocean-signal-wprowadza-na-rynek-nowa-serie-epirb2\/\">EPIRB2<\/a> har Ocean Signal trukket p\u00e5 sin betydelige erfaring med \u00e5 designe og produsere h\u00f8ykvalitets, funksjonsrike Return Link Service EPIRB-er ved hjelp av en praktisk kompakt formfaktor. Ved \u00e5 bruke flere niv\u00e5er av integrert signalteknologi, inkludert 406 MHz, GNSS (GPS, Galileo, Glonass)-posisjonering og et 121,5 MHz-m\u00e5ls\u00f8kingssignal, leder EPIRB2 uanstrengt s\u00f8k- og redningsstyrker til din posisjon. Tillegget av Return Link Service (RLS)-teknologi og n\u00e6rfeltskommunikasjonsfunksjon avrunder det imponerende funksjonssettet til EPIRB2.<\/p>\n<p>&nbsp;<\/p>\n<p><strong>Smartphone-tilkobling ved bruk av n\u00e6rfeltskommunikasjon (NFC)<\/strong><\/p>\n<p>&nbsp;<\/p>\n<p>Integreringen av <a href=\"https:\/\/www.youtube.com\/watch?v=MRXLii6r3n4&amp;t=42s\">NFC-teknologi<\/a> gir brukerne muligheten til enkelt \u00e5 f\u00e5 tilgang til beacon-data fra mobiltelefonene sine. Bare ved \u00e5 plassere en telefon i n\u00e6rheten av beaconen \u00e5pnes Ocean Signal Product App automatisk og gir tilgang til en mengde bruksdata, inkludert gjeldende batterilevetid, antall fullf\u00f8rte selvtester, antall fullf\u00f8rte GNSS-tester og, hvis aktuelt, hvor lenge beaconen har v\u00e6rt aktivert.<\/p>\n<p>&nbsp;<\/p>\n<p>Detaljert informasjon om hver selvtest og GNSS-test utf\u00f8rt av beacon er ogs\u00e5 tilgjengelig. Informasjon som er tilgjengelig for hver vellykket GNSS-test inkluderer tilgang til et kart som viser n\u00f8yaktig hvor testen ble utf\u00f8rt, datoen og klokkeslettet for testen, tiden det tok beaconen \u00e5 f\u00e5 en GNSS-koordinatfiks, antall satellitter beaconen brukte for \u00e5 f\u00e5 den fiksen, og n\u00f8yaktigheten til plasseringen. <\/p>\n<p>&nbsp;<\/p>\n<p><strong>Global dekning via Cospas-Sarsat satellittnettverk<\/strong><\/p>\n<p>&nbsp;<\/p>\n<p>Ved \u00e5 utnytte den globale rekkevidden til <a href=\"https:\/\/www.cospas-sarsat.int\/en\/\">Cospas-Sarsat satellittnettverk<\/a> , kan EPIRB2 aktiveres hvor som helst, n\u00e5r som helst, og vil overf\u00f8re din 406 MHz n\u00f8dmelding. N\u00f8dsendingen inkluderer fyrkoordinater som er avledet fra EPIRBs integrerte GNSS-mottaker og er n\u00f8yaktige innenfor 100 meter.<\/p>\n<p>&nbsp;<\/p>\n<p>RLS gir brukerne trygghet ved \u00e5 sende et retursignal gjennom <a href=\"https:\/\/www.euspa.europa.eu\/european-space\/galileo\/services\/search-and-rescue-sar-galileo-service\">Galileo<\/a> -satellittnettverket direkte tilbake til fyret for \u00e5 bekrefte at n\u00f8dmeldingen er mottatt og at fyrets plassering er oppdaget. Brukerbekreftelse indikeres tydelig med et blinkende bl\u00e5tt lys.<\/p>\n<p>&nbsp;<\/p>\n<p><strong>Returkoblingstjeneste (RLS)<\/strong><\/p>\n<p><strong> <\/strong><\/p>\n<p>Det iboende stresset knyttet til en maritim n\u00f8dsituasjon er et utfordrende symptom som alle b\u00e5tfolk dessverre m\u00e5 konfrontere dersom de skulle havne i et n\u00f8dscenario. Heldigvis gir inkluderingen av RLS-funksjonen i EPIRB2 et middel til \u00e5 minimere stresset i slike situasjoner. Return Link Service EPIRBer gir direkte-til-beacon-bekreftelse som forteller brukeren at n\u00f8dmeldingen deres er mottatt og deres plassering oppdaget. Indikasjonen p\u00e5 RLS-funksjonalitet representeres av et karakteristisk bl\u00e5tt lys, noe som gj\u00f8r det enkelt for brukere \u00e5 finne ut n\u00f8yaktig n\u00e5r RLS-bekreftelsen er mottatt.   <\/p>\n<p>&nbsp;<\/p>\n<p>Ocean Signal er stolt av \u00e5 fortsette \u00e5 tilby nye og spennende funksjoner som RLS og NFC ettersom det opprettholder sitt m\u00e5l om \u00e5 tilby innovative sikkerhetsprodukter av h\u00f8yeste kvalitet. Uavhengig av \u00e5rsaken til din neste reise, eller ditt valgte reisem\u00e5l, garanterer du sikkerheten din med transport av EPIRB2 . <\/p>\n<p>&nbsp;<\/p>\n<p><strong>Funksjoner:<\/strong><\/p>\n<p>&nbsp;<\/p>\n<ul>\n<li>30 %(type) mindre<\/li>\n<li>Returkoblingstjeneste (RLS)<\/li>\n<li>Mobil tilkobling ved bruk av n\u00e6rfeltskommunikasjon (NFC)<\/li>\n<li>Gratis app (Apple og Android)<\/li>\n<li>10 \u00e5rs batterilevetid<\/li>\n<li>48+ timers driftslevetid<\/li>\n<li>2 \u00e5rs garanti (kan utvide garantien til 5 \u00e5r via produktregistrering hos Ocean Signal ) \u2020<\/li>\n<li>Rask n\u00f8yaktig posisjonering med 72-kanals GPS<\/li>\n<li>Uttrekkbar antenne<\/li>\n<li>Hurtigutl\u00f8serbrakett<\/li>\n<li>Sikker snor<\/li>\n<\/ul>\n<p>&nbsp;<\/p>\n<p>\u2020 Med forbehold om garantierkl\u00e6ring<\/p>\n","protected":false},"excerpt":{"rendered":"<p>Verdens mest kompakte EPIRB , n\u00e5 med RLS og NFC<\/p>\n<ul>\n<li>Engangskj\u00f8p. Ingen abonnementsavgift <\/li>\n<li>Returkoblingstjeneste (RLS)<\/li>\n<li>Mobil tilkobling ved bruk av n\u00e6rfeltskommunikasjon (NFC)<\/li>\n<li>Gratis app (Apple og Android)<\/li>\n<li>10 \u00e5rs batterilevetid<\/li>\n<li>48+ timers driftslevetid<\/li>\n<li>2 \u00e5rs garanti (kan utvide garantien til 5 \u00e5r via produktregistrering hos Ocean Signal ) \u2020<\/li>\n<li>Rask n\u00f8yaktig posisjonering med 72-kanals GPS<\/li>\n<li>Uttrekkbar antenne<\/li>\n<li>Hurtigutl\u00f8serbrakett<\/li>\n<li>Sikker snor<\/li>\n<\/ul>\n<p><a href=\"https:\/\/www.dropbox.com\/s\/8343nj28z0d7bxa\/Prop%2065%20-%20BPA.pdf?dl=0\" data-cke-saved-href=\"https:\/\/www.dropbox.com\/s\/8343nj28z0d7bxa\/Prop%2065%20-%20BPA.pdf?dl=0\">ADVARSEL: PROP 65<\/a><\/p>\n","protected":false},"featured_media":20475,"template":"","meta":{"_acf_changed":false,"om_disable_all_campaigns":false},"product_brand":[],"product_cat":[889,472],"product_tag":[890,929,891,914,892],"class_list":{"0":"post-7834","1":"product","2":"type-product","3":"status-publish","4":"has-post-thumbnail","6":"product_cat-epirb-pl","7":"product_cat-rescueme-pl","8":"product_tag-epirb-pl","9":"product_tag-epirb2-pl","10":"product_tag-nfc-pl","11":"product_tag-nodposisjon-som-indikerer-radio-becaon-pl","12":"product_tag-rls-pl","14":"first","15":"instock","16":"taxable","17":"shipping-taxable","18":"purchasable","19":"product-type-simple"},"acf":[],"yoast_head":"<!-- This site is optimized with the Yoast SEO Premium plugin v25.2 (Yoast SEO v26.4) - https:\/\/yoast.com\/wordpress\/plugins\/seo\/ -->\n<title>rescueME EPIRB2 - Ocean Signal<\/title>\n<meta name=\"description\" content=\"Ocean Signal rescueME EPIRB2 : Essential Return Link Service EPIRB for sj\u00f8sikkerhet. Stol p\u00e5 p\u00e5litelig n\u00f8dsignalering. Kj\u00f8p n\u00e5 for trygghet!\" \/>\n<meta name=\"robots\" content=\"index, follow, max-snippet:-1, max-image-preview:large, max-video-preview:-1\" \/>\n<link rel=\"canonical\" href=\"https:\/\/oceansignal.com\/pl\/products\/rescueme-epirb2\/\" \/>\n<meta property=\"og:locale\" content=\"pl_PL\" \/>\n<meta property=\"og:type\" content=\"article\" \/>\n<meta property=\"og:title\" content=\"rescueME EPIRB2\" \/>\n<meta property=\"og:description\" content=\"Ocean Signal rescueME EPIRB2 : Essential Return Link Service EPIRB for sj\u00f8sikkerhet. Stol p\u00e5 p\u00e5litelig n\u00f8dsignalering. Kj\u00f8p n\u00e5 for trygghet!\" \/>\n<meta property=\"og:url\" content=\"https:\/\/oceansignal.com\/pl\/products\/rescueme-epirb2\/\" \/>\n<meta property=\"og:site_name\" content=\"Ocean Signal\" \/>\n<meta property=\"article:modified_time\" content=\"2026-01-21T19:54:00+00:00\" \/>\n<meta property=\"og:image\" content=\"https:\/\/oceansignal.com\/wp-content\/uploads\/2023\/09\/OSL-Phone-App-EPERB2-PRO-001-1.png\" \/>\n\t<meta property=\"og:image:width\" content=\"432\" \/>\n\t<meta property=\"og:image:height\" content=\"432\" \/>\n\t<meta property=\"og:image:type\" content=\"image\/png\" \/>\n<meta name=\"twitter:card\" content=\"summary_large_image\" \/>\n<meta name=\"twitter:label1\" content=\"Szacowany czas czytania\" \/>\n\t<meta name=\"twitter:data1\" content=\"3 minuty\" \/>\n<script type=\"application\/ld+json\" class=\"yoast-schema-graph\">{\"@context\":\"https:\/\/schema.org\",\"@graph\":[{\"@type\":\"WebPage\",\"@id\":\"https:\/\/oceansignal.com\/pl\/products\/rescueme-epirb2\/\",\"url\":\"https:\/\/oceansignal.com\/pl\/products\/rescueme-epirb2\/\",\"name\":\"rescueME EPIRB2 - Ocean Signal\",\"isPartOf\":{\"@id\":\"https:\/\/oceansignal.com\/pl\/#website\"},\"primaryImageOfPage\":{\"@id\":\"https:\/\/oceansignal.com\/pl\/products\/rescueme-epirb2\/#primaryimage\"},\"image\":{\"@id\":\"https:\/\/oceansignal.com\/pl\/products\/rescueme-epirb2\/#primaryimage\"},\"thumbnailUrl\":\"https:\/\/oceansignal.com\/wp-content\/uploads\/2023\/09\/OSL-Phone-App-EPERB2-PRO-001-1.png\",\"datePublished\":\"2023-09-07T12:44:22+00:00\",\"dateModified\":\"2026-01-21T19:54:00+00:00\",\"description\":\"Ocean Signal rescueME EPIRB2 : Essential Return Link Service EPIRB for sj\u00f8sikkerhet. Stol p\u00e5 p\u00e5litelig n\u00f8dsignalering. Kj\u00f8p n\u00e5 for trygghet!\",\"breadcrumb\":{\"@id\":\"https:\/\/oceansignal.com\/pl\/products\/rescueme-epirb2\/#breadcrumb\"},\"inLanguage\":\"pl-PL\",\"potentialAction\":[{\"@type\":\"ReadAction\",\"target\":[\"https:\/\/oceansignal.com\/pl\/products\/rescueme-epirb2\/\"]}]},{\"@type\":\"ImageObject\",\"inLanguage\":\"pl-PL\",\"@id\":\"https:\/\/oceansignal.com\/pl\/products\/rescueme-epirb2\/#primaryimage\",\"url\":\"https:\/\/oceansignal.com\/wp-content\/uploads\/2023\/09\/OSL-Phone-App-EPERB2-PRO-001-1.png\",\"contentUrl\":\"https:\/\/oceansignal.com\/wp-content\/uploads\/2023\/09\/OSL-Phone-App-EPERB2-PRO-001-1.png\",\"width\":432,\"height\":432,\"caption\":\"Sikre dine maritime eventyr med Ocean Signal SafeSea EPIRB3 Pro : P\u00e5litelig n\u00f8dfyr for rask n\u00f8drespons\"},{\"@type\":\"BreadcrumbList\",\"@id\":\"https:\/\/oceansignal.com\/pl\/products\/rescueme-epirb2\/#breadcrumb\",\"itemListElement\":[{\"@type\":\"ListItem\",\"position\":1,\"name\":\"Produkt\u00f3w\",\"item\":\"https:\/\/oceansignal.com\/pl\/produktow\/\"},{\"@type\":\"ListItem\",\"position\":2,\"name\":\"rescueME EPIRB2\"}]},{\"@type\":\"WebSite\",\"@id\":\"https:\/\/oceansignal.com\/pl\/#website\",\"url\":\"https:\/\/oceansignal.com\/pl\/\",\"name\":\"Ocean Signal\",\"description\":\"A leading manufacturer of EPIRBs, AIS, SARTs, Personal Locator Beacons, Man Overboard Beacon for the Marine and Outdoor Markets.\",\"potentialAction\":[{\"@type\":\"SearchAction\",\"target\":{\"@type\":\"EntryPoint\",\"urlTemplate\":\"https:\/\/oceansignal.com\/pl\/?s={search_term_string}\"},\"query-input\":{\"@type\":\"PropertyValueSpecification\",\"valueRequired\":true,\"valueName\":\"search_term_string\"}}],\"inLanguage\":\"pl-PL\"}]}<\/script>\n<!-- \/ Yoast SEO Premium plugin. -->","yoast_head_json":{"title":"rescueME EPIRB2 - Ocean Signal","description":"Ocean Signal rescueME EPIRB2 : Essential Return Link Service EPIRB for sj\u00f8sikkerhet. Stol p\u00e5 p\u00e5litelig n\u00f8dsignalering. Kj\u00f8p n\u00e5 for trygghet!","robots":{"index":"index","follow":"follow","max-snippet":"max-snippet:-1","max-image-preview":"max-image-preview:large","max-video-preview":"max-video-preview:-1"},"canonical":"https:\/\/oceansignal.com\/pl\/products\/rescueme-epirb2\/","og_locale":"pl_PL","og_type":"article","og_title":"rescueME EPIRB2","og_description":"Ocean Signal rescueME EPIRB2 : Essential Return Link Service EPIRB for sj\u00f8sikkerhet. Stol p\u00e5 p\u00e5litelig n\u00f8dsignalering. Kj\u00f8p n\u00e5 for trygghet!","og_url":"https:\/\/oceansignal.com\/pl\/products\/rescueme-epirb2\/","og_site_name":"Ocean Signal","article_modified_time":"2026-01-21T19:54:00+00:00","og_image":[{"width":432,"height":432,"url":"https:\/\/oceansignal.com\/wp-content\/uploads\/2023\/09\/OSL-Phone-App-EPERB2-PRO-001-1.png","type":"image\/png"}],"twitter_card":"summary_large_image","twitter_misc":{"Szacowany czas czytania":"3 minuty"},"schema":{"@context":"https:\/\/schema.org","@graph":[{"@type":"WebPage","@id":"https:\/\/oceansignal.com\/pl\/products\/rescueme-epirb2\/","url":"https:\/\/oceansignal.com\/pl\/products\/rescueme-epirb2\/","name":"rescueME EPIRB2 - Ocean Signal","isPartOf":{"@id":"https:\/\/oceansignal.com\/pl\/#website"},"primaryImageOfPage":{"@id":"https:\/\/oceansignal.com\/pl\/products\/rescueme-epirb2\/#primaryimage"},"image":{"@id":"https:\/\/oceansignal.com\/pl\/products\/rescueme-epirb2\/#primaryimage"},"thumbnailUrl":"https:\/\/oceansignal.com\/wp-content\/uploads\/2023\/09\/OSL-Phone-App-EPERB2-PRO-001-1.png","datePublished":"2023-09-07T12:44:22+00:00","dateModified":"2026-01-21T19:54:00+00:00","description":"Ocean Signal rescueME EPIRB2 : Essential Return Link Service EPIRB for sj\u00f8sikkerhet. Stol p\u00e5 p\u00e5litelig n\u00f8dsignalering. Kj\u00f8p n\u00e5 for trygghet!","breadcrumb":{"@id":"https:\/\/oceansignal.com\/pl\/products\/rescueme-epirb2\/#breadcrumb"},"inLanguage":"pl-PL","potentialAction":[{"@type":"ReadAction","target":["https:\/\/oceansignal.com\/pl\/products\/rescueme-epirb2\/"]}]},{"@type":"ImageObject","inLanguage":"pl-PL","@id":"https:\/\/oceansignal.com\/pl\/products\/rescueme-epirb2\/#primaryimage","url":"https:\/\/oceansignal.com\/wp-content\/uploads\/2023\/09\/OSL-Phone-App-EPERB2-PRO-001-1.png","contentUrl":"https:\/\/oceansignal.com\/wp-content\/uploads\/2023\/09\/OSL-Phone-App-EPERB2-PRO-001-1.png","width":432,"height":432,"caption":"Sikre dine maritime eventyr med Ocean Signal SafeSea EPIRB3 Pro : P\u00e5litelig n\u00f8dfyr for rask n\u00f8drespons"},{"@type":"BreadcrumbList","@id":"https:\/\/oceansignal.com\/pl\/products\/rescueme-epirb2\/#breadcrumb","itemListElement":[{"@type":"ListItem","position":1,"name":"Produkt\u00f3w","item":"https:\/\/oceansignal.com\/pl\/produktow\/"},{"@type":"ListItem","position":2,"name":"rescueME EPIRB2"}]},{"@type":"WebSite","@id":"https:\/\/oceansignal.com\/pl\/#website","url":"https:\/\/oceansignal.com\/pl\/","name":"Ocean Signal","description":"A leading manufacturer of EPIRBs, AIS, SARTs, Personal Locator Beacons, Man Overboard Beacon for the Marine and Outdoor Markets.","potentialAction":[{"@type":"SearchAction","target":{"@type":"EntryPoint","urlTemplate":"https:\/\/oceansignal.com\/pl\/?s={search_term_string}"},"query-input":{"@type":"PropertyValueSpecification","valueRequired":true,"valueName":"search_term_string"}}],"inLanguage":"pl-PL"}]}},"_links":{"self":[{"href":"https:\/\/oceansignal.com\/pl\/wp-json\/wp\/v2\/product\/7834","targetHints":{"allow":["GET"]}}],"collection":[{"href":"https:\/\/oceansignal.com\/pl\/wp-json\/wp\/v2\/product"}],"about":[{"href":"https:\/\/oceansignal.com\/pl\/wp-json\/wp\/v2\/types\/product"}],"wp:featuredmedia":[{"embeddable":true,"href":"https:\/\/oceansignal.com\/pl\/wp-json\/wp\/v2\/media\/20475"}],"wp:attachment":[{"href":"https:\/\/oceansignal.com\/pl\/wp-json\/wp\/v2\/media?parent=7834"}],"wp:term":[{"taxonomy":"product_brand","embeddable":true,"href":"https:\/\/oceansignal.com\/pl\/wp-json\/wp\/v2\/product_brand?post=7834"},{"taxonomy":"product_cat","embeddable":true,"href":"https:\/\/oceansignal.com\/pl\/wp-json\/wp\/v2\/product_cat?post=7834"},{"taxonomy":"product_tag","embeddable":true,"href":"https:\/\/oceansignal.com\/pl\/wp-json\/wp\/v2\/product_tag?post=7834"}],"curies":[{"name":"wp","href":"https:\/\/api.w.org\/{rel}","templated":true}]}}