{"id":7857,"date":"2023-09-07T11:09:06","date_gmt":"2023-09-07T11:09:06","guid":{"rendered":"https:\/\/oceansignal.com\/products\/rescueme-epirb1\/"},"modified":"2026-01-21T19:36:26","modified_gmt":"2026-01-21T19:36:26","slug":"rescueme-epirb1","status":"publish","type":"product","link":"https:\/\/oceansignal.com\/pl\/products\/rescueme-epirb1\/","title":{"rendered":"rescueME EPIRB1"},"content":{"rendered":"<p>Sammendrag:<\/p>\n<p>rescueME EPIRB1 gir trygghet med en imponerende 10-\u00e5rs batterilevetid.<\/p>\n<p>Verdens mest kompakte n\u00f8dposisjonsindikerende radiofyr eller EPIRB kan alltid v\u00e6re tilgjengelig, siden dens lille st\u00f8rrelse gj\u00f8r at den enkelt kan holdes innenfor den manuelle hurtigutl\u00f8serbraketten eller plasseres i en n\u00f8dveske eller redningsfl\u00e5te. En enkel beskyttende flik over betjeningstastene forhindrer utilsiktet aktivering, men muliggj\u00f8r enkel betjening n\u00e5r det er n\u00f8dvendig. <\/p>\n<p>rescueME EPIRB1 har ogs\u00e5 to lysstyrkestrober for \u00e5 maksimere sikten under d\u00e5rlige lysforhold, og den uttrekkbare antennen gir maksimal beskyttelse og redusert omriss for oppbevaring. Ved behov kan antennen enkelt settes ut med et forsiktig trekk. <\/p>\n<p>Foresl\u00e5tt blogg: <a href=\"https:\/\/oceansignal.com\/pl\/news\/co-to-jest-awaryjna-radiolatarnia-wskazujaca-polozenie-lub-epirb\/\">Hva er en EPIRB ?<\/a><\/p>\n<p>Produktbeskrivelse:<\/p>\n<p>Vi introduserer Ocean Signal rescueME EPIRB1 \u2013 din p\u00e5litelige f\u00f8lgesvenn for maritim sikkerhet.<\/p>\n<p>Konstruert for raskt \u00e5 varsle s\u00f8ke- og redningsteam i tilfelle en n\u00f8dsituasjon p\u00e5 sj\u00f8en, er denne kompakte n\u00f8dposisjonsindikerende radiofyren ( EPIRB ) din livline p\u00e5 vannet. Enten du er en sj\u00f8mann, fisker eller eventyrer, s\u00f8rger rescueME EPIRB1 for at n\u00f8dsignalet ditt kringkastes med presisjon, noe som muliggj\u00f8r en rask respons p\u00e5 posisjonen din. Med sin banebrytende teknologi og brukervennlige design tilbyr denne essensielle enheten enest\u00e5ende trygghet, og gir deg mulighet til \u00e5 navigere p\u00e5 havet med selvtillit.  <\/p>\n<p>rescueME EPIRB1 leveres med en integrert 66-kanals GPS som standard, som gir n\u00f8yaktig posisjonsinformasjon til n\u00f8detatene for \u00e5 hjelpe til med rask redning. N\u00e5r den er aktivert, sender EPIRB1 din posisjon og unike ID til et redningssenter via satellittlink. Denne informasjonen videresendes deretter til de relevante lokale s\u00f8ke- og redningstjenestene, og informerer dem om din n\u00f8yaktige posisjon, takket v\u00e6re 66-kanals GPS.  <\/p>\n<p>Trenger du \u00e5 oppgradere til en AIS-aktivert EPIRB ? Sjekk ut den nye <a href=\"https:\/\/oceansignal.com\/products\/safesea-epirb3-pro\/\">EPIRB3<\/a> <\/p>\n<p>&nbsp;<\/p>\n<p><strong>Funksjoner:<\/strong><\/p>\n<ul>\n<li>30 % (type) mindre*<\/li>\n<li>10 \u00e5rs batterilevetid<\/li>\n<li>48+ timers driftslevetid<\/li>\n<li>2 \u00e5rs garanti \u2020 (kan utvide garantien til 5 \u00e5r via produktregistrering)<\/li>\n<li>Rask n\u00f8yaktig posisjonering med 66-kanals GPS<\/li>\n<li>Uttrekkbar antenne<\/li>\n<li>Hurtigutl\u00f8serbrakett<\/li>\n<li>Sikker snor<\/li>\n<li>Laget i Storbritannia (Storbritannia)<\/li>\n<\/ul>\n<p>&nbsp;<\/p>\n<p>*30 % mindre sammenlignet med andre produkter godkjent i henhold til anerkjente standarder (juli 2014)<\/p>\n<p>\u2020 Med forbehold om garantierkl\u00e6ring<\/p>\n<p>For lengre offshore- eller havpassasjer tilbyr Ocean Signal <a href=\"http:\/\/oceansignal.com\/products\/rescueme-epirb1-pro\/\">EPIRB1 Pro<\/a> et automatisk utl\u00f8serhus.<\/p>\n<p>&nbsp;<\/p>\n","protected":false},"excerpt":{"rendered":"<p>Verdens mest kompakte n\u00f8dposisjonsindikerende radiofyr ( EPIRB )<\/p>\n<p><strong>Funksjoner:<\/strong><\/p>\n<ul>\n<li>Engangskj\u00f8p. Ingen abonnementsavgift. <\/li>\n<li>10 \u00e5rs batterilevetid<\/li>\n<li>48+ timers driftslevetid<\/li>\n<li>Rask n\u00f8yaktig posisjonering med 66-kanals GPS og 406Mhz + 121,5Mhz<\/li>\n<li>2 \u00e5rs garanti \u2020 (kan utvide garantien til 5 \u00e5r via produktregistrering)<\/li>\n<li>Uttrekkbar antenne<\/li>\n<li>Hurtigutl\u00f8serbrakett<\/li>\n<li>Sikker snor<\/li>\n<li>Laget i Storbritannia (Storbritannia)<\/li>\n<\/ul>\n<p><a href=\"https:\/\/www.dropbox.com\/s\/fk04stqsp2hgk5f\/Prop%2065%20-%20DEHP.pdf?dl=0\">ADVARSEL: PROP 65<\/a><\/p>\n<p>&nbsp;<\/p>\n","protected":false},"featured_media":35485,"template":"","meta":{"_acf_changed":false,"om_disable_all_campaigns":false},"product_brand":[],"product_cat":[889,472],"product_tag":[890,915,916,917,914],"class_list":{"0":"post-7857","1":"product","2":"type-product","3":"status-publish","4":"has-post-thumbnail","6":"product_cat-epirb-pl","7":"product_cat-rescueme-pl","8":"product_tag-epirb-pl","9":"product_tag-epirb1-pl","10":"product_tag-gps-pl","11":"product_tag-marine-sikkerhet-pl","12":"product_tag-nodposisjon-som-indikerer-radio-becaon-pl","14":"first","15":"instock","16":"taxable","17":"shipping-taxable","18":"purchasable","19":"product-type-simple"},"acf":[],"yoast_head":"<!-- This site is optimized with the Yoast SEO Premium plugin v25.2 (Yoast SEO v26.4) - https:\/\/yoast.com\/wordpress\/plugins\/seo\/ -->\n<title>rescueME EPIRB1 - Ocean Signal<\/title>\n<meta name=\"description\" content=\"Hold deg trygg p\u00e5 sj\u00f8en med Ocean Signal rescueME EPIRB1 n\u00f8dposisjonsindikerende radiofyr. Kompakt og p\u00e5litelig, det er for maritime eventyr.\" \/>\n<meta name=\"robots\" content=\"index, follow, max-snippet:-1, max-image-preview:large, max-video-preview:-1\" \/>\n<link rel=\"canonical\" href=\"https:\/\/oceansignal.com\/pl\/products\/rescueme-epirb1\/\" \/>\n<meta property=\"og:locale\" content=\"pl_PL\" \/>\n<meta property=\"og:type\" content=\"article\" \/>\n<meta property=\"og:title\" content=\"rescueME EPIRB1\" \/>\n<meta property=\"og:description\" content=\"Hold deg trygg p\u00e5 sj\u00f8en med Ocean Signal rescueME EPIRB1 n\u00f8dposisjonsindikerende radiofyr. Kompakt og p\u00e5litelig, det er for maritime eventyr.\" \/>\n<meta property=\"og:url\" content=\"https:\/\/oceansignal.com\/pl\/products\/rescueme-epirb1\/\" \/>\n<meta property=\"og:site_name\" content=\"Ocean Signal\" \/>\n<meta property=\"article:modified_time\" content=\"2026-01-21T19:36:26+00:00\" \/>\n<meta property=\"og:image\" content=\"https:\/\/oceansignal.com\/wp-content\/uploads\/2023\/09\/Ocean-Signal-EPIRB-1-Front.webp\" \/>\n\t<meta property=\"og:image:width\" content=\"800\" \/>\n\t<meta property=\"og:image:height\" content=\"800\" \/>\n\t<meta property=\"og:image:type\" content=\"image\/webp\" \/>\n<meta name=\"twitter:card\" content=\"summary_large_image\" \/>\n<meta name=\"twitter:label1\" content=\"Szacowany czas czytania\" \/>\n\t<meta name=\"twitter:data1\" content=\"2 minuty\" \/>\n<script type=\"application\/ld+json\" class=\"yoast-schema-graph\">{\"@context\":\"https:\/\/schema.org\",\"@graph\":[{\"@type\":\"WebPage\",\"@id\":\"https:\/\/oceansignal.com\/pl\/products\/rescueme-epirb1\/\",\"url\":\"https:\/\/oceansignal.com\/pl\/products\/rescueme-epirb1\/\",\"name\":\"rescueME EPIRB1 - Ocean Signal\",\"isPartOf\":{\"@id\":\"https:\/\/oceansignal.com\/pl\/#website\"},\"primaryImageOfPage\":{\"@id\":\"https:\/\/oceansignal.com\/pl\/products\/rescueme-epirb1\/#primaryimage\"},\"image\":{\"@id\":\"https:\/\/oceansignal.com\/pl\/products\/rescueme-epirb1\/#primaryimage\"},\"thumbnailUrl\":\"https:\/\/oceansignal.com\/wp-content\/uploads\/2023\/09\/Ocean-Signal-EPIRB-1-Front.webp\",\"datePublished\":\"2023-09-07T11:09:06+00:00\",\"dateModified\":\"2026-01-21T19:36:26+00:00\",\"description\":\"Hold deg trygg p\u00e5 sj\u00f8en med Ocean Signal rescueME EPIRB1 n\u00f8dposisjonsindikerende radiofyr. Kompakt og p\u00e5litelig, det er for maritime eventyr.\",\"breadcrumb\":{\"@id\":\"https:\/\/oceansignal.com\/pl\/products\/rescueme-epirb1\/#breadcrumb\"},\"inLanguage\":\"pl-PL\",\"potentialAction\":[{\"@type\":\"ReadAction\",\"target\":[\"https:\/\/oceansignal.com\/pl\/products\/rescueme-epirb1\/\"]}]},{\"@type\":\"ImageObject\",\"inLanguage\":\"pl-PL\",\"@id\":\"https:\/\/oceansignal.com\/pl\/products\/rescueme-epirb1\/#primaryimage\",\"url\":\"https:\/\/oceansignal.com\/wp-content\/uploads\/2023\/09\/Ocean-Signal-EPIRB-1-Front.webp\",\"contentUrl\":\"https:\/\/oceansignal.com\/wp-content\/uploads\/2023\/09\/Ocean-Signal-EPIRB-1-Front.webp\",\"width\":800,\"height\":800},{\"@type\":\"BreadcrumbList\",\"@id\":\"https:\/\/oceansignal.com\/pl\/products\/rescueme-epirb1\/#breadcrumb\",\"itemListElement\":[{\"@type\":\"ListItem\",\"position\":1,\"name\":\"Produkt\u00f3w\",\"item\":\"https:\/\/oceansignal.com\/pl\/produktow\/\"},{\"@type\":\"ListItem\",\"position\":2,\"name\":\"rescueME EPIRB1\"}]},{\"@type\":\"WebSite\",\"@id\":\"https:\/\/oceansignal.com\/pl\/#website\",\"url\":\"https:\/\/oceansignal.com\/pl\/\",\"name\":\"Ocean Signal\",\"description\":\"A leading manufacturer of EPIRBs, AIS, SARTs, Personal Locator Beacons, Man Overboard Beacon for the Marine and Outdoor Markets.\",\"potentialAction\":[{\"@type\":\"SearchAction\",\"target\":{\"@type\":\"EntryPoint\",\"urlTemplate\":\"https:\/\/oceansignal.com\/pl\/?s={search_term_string}\"},\"query-input\":{\"@type\":\"PropertyValueSpecification\",\"valueRequired\":true,\"valueName\":\"search_term_string\"}}],\"inLanguage\":\"pl-PL\"}]}<\/script>\n<!-- \/ Yoast SEO Premium plugin. -->","yoast_head_json":{"title":"rescueME EPIRB1 - Ocean Signal","description":"Hold deg trygg p\u00e5 sj\u00f8en med Ocean Signal rescueME EPIRB1 n\u00f8dposisjonsindikerende radiofyr. Kompakt og p\u00e5litelig, det er for maritime eventyr.","robots":{"index":"index","follow":"follow","max-snippet":"max-snippet:-1","max-image-preview":"max-image-preview:large","max-video-preview":"max-video-preview:-1"},"canonical":"https:\/\/oceansignal.com\/pl\/products\/rescueme-epirb1\/","og_locale":"pl_PL","og_type":"article","og_title":"rescueME EPIRB1","og_description":"Hold deg trygg p\u00e5 sj\u00f8en med Ocean Signal rescueME EPIRB1 n\u00f8dposisjonsindikerende radiofyr. Kompakt og p\u00e5litelig, det er for maritime eventyr.","og_url":"https:\/\/oceansignal.com\/pl\/products\/rescueme-epirb1\/","og_site_name":"Ocean Signal","article_modified_time":"2026-01-21T19:36:26+00:00","og_image":[{"width":800,"height":800,"url":"https:\/\/oceansignal.com\/wp-content\/uploads\/2023\/09\/Ocean-Signal-EPIRB-1-Front.webp","type":"image\/webp"}],"twitter_card":"summary_large_image","twitter_misc":{"Szacowany czas czytania":"2 minuty"},"schema":{"@context":"https:\/\/schema.org","@graph":[{"@type":"WebPage","@id":"https:\/\/oceansignal.com\/pl\/products\/rescueme-epirb1\/","url":"https:\/\/oceansignal.com\/pl\/products\/rescueme-epirb1\/","name":"rescueME EPIRB1 - Ocean Signal","isPartOf":{"@id":"https:\/\/oceansignal.com\/pl\/#website"},"primaryImageOfPage":{"@id":"https:\/\/oceansignal.com\/pl\/products\/rescueme-epirb1\/#primaryimage"},"image":{"@id":"https:\/\/oceansignal.com\/pl\/products\/rescueme-epirb1\/#primaryimage"},"thumbnailUrl":"https:\/\/oceansignal.com\/wp-content\/uploads\/2023\/09\/Ocean-Signal-EPIRB-1-Front.webp","datePublished":"2023-09-07T11:09:06+00:00","dateModified":"2026-01-21T19:36:26+00:00","description":"Hold deg trygg p\u00e5 sj\u00f8en med Ocean Signal rescueME EPIRB1 n\u00f8dposisjonsindikerende radiofyr. Kompakt og p\u00e5litelig, det er for maritime eventyr.","breadcrumb":{"@id":"https:\/\/oceansignal.com\/pl\/products\/rescueme-epirb1\/#breadcrumb"},"inLanguage":"pl-PL","potentialAction":[{"@type":"ReadAction","target":["https:\/\/oceansignal.com\/pl\/products\/rescueme-epirb1\/"]}]},{"@type":"ImageObject","inLanguage":"pl-PL","@id":"https:\/\/oceansignal.com\/pl\/products\/rescueme-epirb1\/#primaryimage","url":"https:\/\/oceansignal.com\/wp-content\/uploads\/2023\/09\/Ocean-Signal-EPIRB-1-Front.webp","contentUrl":"https:\/\/oceansignal.com\/wp-content\/uploads\/2023\/09\/Ocean-Signal-EPIRB-1-Front.webp","width":800,"height":800},{"@type":"BreadcrumbList","@id":"https:\/\/oceansignal.com\/pl\/products\/rescueme-epirb1\/#breadcrumb","itemListElement":[{"@type":"ListItem","position":1,"name":"Produkt\u00f3w","item":"https:\/\/oceansignal.com\/pl\/produktow\/"},{"@type":"ListItem","position":2,"name":"rescueME EPIRB1"}]},{"@type":"WebSite","@id":"https:\/\/oceansignal.com\/pl\/#website","url":"https:\/\/oceansignal.com\/pl\/","name":"Ocean Signal","description":"A leading manufacturer of EPIRBs, AIS, SARTs, Personal Locator Beacons, Man Overboard Beacon for the Marine and Outdoor Markets.","potentialAction":[{"@type":"SearchAction","target":{"@type":"EntryPoint","urlTemplate":"https:\/\/oceansignal.com\/pl\/?s={search_term_string}"},"query-input":{"@type":"PropertyValueSpecification","valueRequired":true,"valueName":"search_term_string"}}],"inLanguage":"pl-PL"}]}},"_links":{"self":[{"href":"https:\/\/oceansignal.com\/pl\/wp-json\/wp\/v2\/product\/7857","targetHints":{"allow":["GET"]}}],"collection":[{"href":"https:\/\/oceansignal.com\/pl\/wp-json\/wp\/v2\/product"}],"about":[{"href":"https:\/\/oceansignal.com\/pl\/wp-json\/wp\/v2\/types\/product"}],"wp:featuredmedia":[{"embeddable":true,"href":"https:\/\/oceansignal.com\/pl\/wp-json\/wp\/v2\/media\/35485"}],"wp:attachment":[{"href":"https:\/\/oceansignal.com\/pl\/wp-json\/wp\/v2\/media?parent=7857"}],"wp:term":[{"taxonomy":"product_brand","embeddable":true,"href":"https:\/\/oceansignal.com\/pl\/wp-json\/wp\/v2\/product_brand?post=7857"},{"taxonomy":"product_cat","embeddable":true,"href":"https:\/\/oceansignal.com\/pl\/wp-json\/wp\/v2\/product_cat?post=7857"},{"taxonomy":"product_tag","embeddable":true,"href":"https:\/\/oceansignal.com\/pl\/wp-json\/wp\/v2\/product_tag?post=7857"}],"curies":[{"name":"wp","href":"https:\/\/api.w.org\/{rel}","templated":true}]}}