{"id":12870,"date":"2023-09-08T12:47:59","date_gmt":"2023-09-08T12:47:59","guid":{"rendered":"https:\/\/oceansignal.com\/products\/ais-alarm-2\/"},"modified":"2025-11-26T08:54:57","modified_gmt":"2025-11-26T08:54:57","slug":"ais-alarm-2","status":"publish","type":"product","link":"https:\/\/oceansignal.com\/sk\/products\/ais-alarm-2\/","title":{"rendered":"AIS Alarm"},"content":{"rendered":"<p>Ocean Signal AIS Alarm er vanntett og muliggj\u00f8r ekstern montering om \u00f8nskelig og har muligheten til \u00e5 programmeres av brukeren med opptil 30 individuelle MMSI-numre for \u00e5 gi visuelle og h\u00f8rbare alarmer (h\u00f8rbare alarmer har flere toner for \u00e5 identifisere kilden til AIS-signalet &#8211; MOB eller SART).  <span class=\"fontstyle0\">Et integrert rel\u00e9alternativ gj\u00f8r det mulig \u00e5 koble til en ekstern alarm eller fart\u00f8yets motoravbryter. Rel\u00e9et kan programmeres til \u00e5 aktiveres om n\u00f8dvendig. <\/span><\/p>\n<p>Par med Ocean Signal AIS <a href=\"https:\/\/oceansignal.com\/sk\/products\/rescueme-mob1\/\">MOB1<\/a> eller <a href=\"https:\/\/oceansignal.com\/products\/rescueme-plb3-ais-plb\/\">PLB3<\/a> for \u00e5 varsle mannskapet inne i kabinen om din mann over bord-alarm.<\/p>\n<p>Konfigurasjon av AIS Alarm kan oppn\u00e5s ved \u00e5 laste ned programvaren p\u00e5 lenken nedenfor:<\/p>\n<p>&nbsp;<\/p>\n<p><a href=\"https:\/\/oceansignal.com\/support\/product-programming\/ais-alarm-box-programming\/\">AIS Alarm<\/a><\/p>\n<p>&nbsp;<\/p>\n<p><em>Selv om alt er gjort for \u00e5 sikre at informasjonen p\u00e5 denne siden er n\u00f8yaktig, kan produkter og spesifikasjoner endres uten varsel.<\/em><\/p>\n","protected":false},"excerpt":{"rendered":"<p><strong>AIS-alarmboksen<\/strong> er utformet for \u00e5 sikre at det \u00f8yeblikket et AIS MOB eller AIS SART-signal mottas, utl\u00f8ses en 87dB h\u00f8rbar alarm som sikrer at alle p\u00e5 fart\u00f8yet blir varslet om en mulig MOB eller et mannskap som trenger redning. Dens enkle design, kompakte natur og bruk av NMEA 0183 betyr at det er enkelt \u00e5 integrere AIS Alarm Box i AIS-mottakeren og eksisterende nettverk. <\/p>\n<p><a href=\"https:\/\/www.dropbox.com\/s\/fk04stqsp2hgk5f\/Prop%2065%20-%20DEHP.pdf?dl=0\">ADVARSEL: PROP 65<\/a><\/p>\n","protected":false},"featured_media":20784,"template":"","meta":{"_acf_changed":false,"om_disable_all_campaigns":false},"product_brand":[],"product_cat":[620],"product_tag":[],"class_list":{"0":"post-12870","1":"product","2":"type-product","3":"status-publish","4":"has-post-thumbnail","6":"product_cat-ais-sk","8":"first","9":"instock","10":"taxable","11":"shipping-taxable","12":"purchasable","13":"product-type-simple"},"acf":[],"yoast_head":"<!-- This site is optimized with the Yoast SEO Premium plugin v25.2 (Yoast SEO v26.4) - https:\/\/yoast.com\/wordpress\/plugins\/seo\/ -->\n<title>AIS Alarm - Ocean Signal<\/title>\n<meta name=\"description\" content=\"Ocean Signal Alarm Box: P\u00e5litelig sj\u00f8sikkerhetsl\u00f8sning for umiddelbare varsler om en AIS Man overbord-n\u00f8dsituasjon. Sikre rask respons i n\u00f8dstilfeller.\" \/>\n<meta name=\"robots\" content=\"index, follow, max-snippet:-1, max-image-preview:large, max-video-preview:-1\" \/>\n<link rel=\"canonical\" href=\"https:\/\/oceansignal.com\/sk\/products\/ais-alarm-2\/\" \/>\n<meta property=\"og:locale\" content=\"sk_SK\" \/>\n<meta property=\"og:type\" content=\"article\" \/>\n<meta property=\"og:title\" content=\"AIS Alarm\" \/>\n<meta property=\"og:description\" content=\"Ocean Signal Alarm Box: P\u00e5litelig sj\u00f8sikkerhetsl\u00f8sning for umiddelbare varsler om en AIS Man overbord-n\u00f8dsituasjon. Sikre rask respons i n\u00f8dstilfeller.\" \/>\n<meta property=\"og:url\" content=\"https:\/\/oceansignal.com\/sk\/products\/ais-alarm-2\/\" \/>\n<meta property=\"og:site_name\" content=\"Ocean Signal\" \/>\n<meta property=\"article:modified_time\" content=\"2025-11-26T08:54:57+00:00\" \/>\n<meta property=\"og:image\" content=\"https:\/\/oceansignal.com\/wp-content\/uploads\/2023\/09\/OSL-AIS-Alarm-360_600x600.gif\" \/>\n\t<meta property=\"og:image:width\" content=\"600\" \/>\n\t<meta property=\"og:image:height\" content=\"600\" \/>\n\t<meta property=\"og:image:type\" content=\"image\/gif\" \/>\n<meta name=\"twitter:card\" content=\"summary_large_image\" \/>\n<meta name=\"twitter:label1\" content=\"Predpokladan\u00fd \u010das \u010d\u00edtania\" \/>\n\t<meta name=\"twitter:data1\" content=\"1 min\u00fata\" \/>\n<script type=\"application\/ld+json\" class=\"yoast-schema-graph\">{\"@context\":\"https:\/\/schema.org\",\"@graph\":[{\"@type\":\"WebPage\",\"@id\":\"https:\/\/oceansignal.com\/sk\/products\/ais-alarm-2\/\",\"url\":\"https:\/\/oceansignal.com\/sk\/products\/ais-alarm-2\/\",\"name\":\"AIS Alarm - Ocean Signal\",\"isPartOf\":{\"@id\":\"https:\/\/oceansignal.com\/sk\/#website\"},\"primaryImageOfPage\":{\"@id\":\"https:\/\/oceansignal.com\/sk\/products\/ais-alarm-2\/#primaryimage\"},\"image\":{\"@id\":\"https:\/\/oceansignal.com\/sk\/products\/ais-alarm-2\/#primaryimage\"},\"thumbnailUrl\":\"https:\/\/oceansignal.com\/wp-content\/uploads\/2023\/09\/OSL-AIS-Alarm-360_600x600.gif\",\"datePublished\":\"2023-09-08T12:47:59+00:00\",\"dateModified\":\"2025-11-26T08:54:57+00:00\",\"description\":\"Ocean Signal Alarm Box: P\u00e5litelig sj\u00f8sikkerhetsl\u00f8sning for umiddelbare varsler om en AIS Man overbord-n\u00f8dsituasjon. Sikre rask respons i n\u00f8dstilfeller.\",\"breadcrumb\":{\"@id\":\"https:\/\/oceansignal.com\/sk\/products\/ais-alarm-2\/#breadcrumb\"},\"inLanguage\":\"sk-SK\",\"potentialAction\":[{\"@type\":\"ReadAction\",\"target\":[\"https:\/\/oceansignal.com\/sk\/products\/ais-alarm-2\/\"]}]},{\"@type\":\"ImageObject\",\"inLanguage\":\"sk-SK\",\"@id\":\"https:\/\/oceansignal.com\/sk\/products\/ais-alarm-2\/#primaryimage\",\"url\":\"https:\/\/oceansignal.com\/wp-content\/uploads\/2023\/09\/OSL-AIS-Alarm-360_600x600.gif\",\"contentUrl\":\"https:\/\/oceansignal.com\/wp-content\/uploads\/2023\/09\/OSL-AIS-Alarm-360_600x600.gif\",\"width\":600,\"height\":600},{\"@type\":\"BreadcrumbList\",\"@id\":\"https:\/\/oceansignal.com\/sk\/products\/ais-alarm-2\/#breadcrumb\",\"itemListElement\":[{\"@type\":\"ListItem\",\"position\":1,\"name\":\"Shop\",\"item\":\"https:\/\/oceansignal.com\/sk\/shop\/\"},{\"@type\":\"ListItem\",\"position\":2,\"name\":\"AIS Alarm\"}]},{\"@type\":\"WebSite\",\"@id\":\"https:\/\/oceansignal.com\/sk\/#website\",\"url\":\"https:\/\/oceansignal.com\/sk\/\",\"name\":\"Ocean Signal\",\"description\":\"A leading manufacturer of EPIRBs, AIS, SARTs, Personal Locator Beacons, Man Overboard Beacon for the Marine and Outdoor Markets.\",\"potentialAction\":[{\"@type\":\"SearchAction\",\"target\":{\"@type\":\"EntryPoint\",\"urlTemplate\":\"https:\/\/oceansignal.com\/sk\/?s={search_term_string}\"},\"query-input\":{\"@type\":\"PropertyValueSpecification\",\"valueRequired\":true,\"valueName\":\"search_term_string\"}}],\"inLanguage\":\"sk-SK\"}]}<\/script>\n<!-- \/ Yoast SEO Premium plugin. -->","yoast_head_json":{"title":"AIS Alarm - Ocean Signal","description":"Ocean Signal Alarm Box: P\u00e5litelig sj\u00f8sikkerhetsl\u00f8sning for umiddelbare varsler om en AIS Man overbord-n\u00f8dsituasjon. Sikre rask respons i n\u00f8dstilfeller.","robots":{"index":"index","follow":"follow","max-snippet":"max-snippet:-1","max-image-preview":"max-image-preview:large","max-video-preview":"max-video-preview:-1"},"canonical":"https:\/\/oceansignal.com\/sk\/products\/ais-alarm-2\/","og_locale":"sk_SK","og_type":"article","og_title":"AIS Alarm","og_description":"Ocean Signal Alarm Box: P\u00e5litelig sj\u00f8sikkerhetsl\u00f8sning for umiddelbare varsler om en AIS Man overbord-n\u00f8dsituasjon. Sikre rask respons i n\u00f8dstilfeller.","og_url":"https:\/\/oceansignal.com\/sk\/products\/ais-alarm-2\/","og_site_name":"Ocean Signal","article_modified_time":"2025-11-26T08:54:57+00:00","og_image":[{"url":"https:\/\/oceansignal.com\/wp-content\/uploads\/2023\/09\/OSL-AIS-Alarm-360_600x600.gif","width":600,"height":600,"type":"image\/gif"}],"twitter_card":"summary_large_image","twitter_misc":{"Predpokladan\u00fd \u010das \u010d\u00edtania":"1 min\u00fata"},"schema":{"@context":"https:\/\/schema.org","@graph":[{"@type":"WebPage","@id":"https:\/\/oceansignal.com\/sk\/products\/ais-alarm-2\/","url":"https:\/\/oceansignal.com\/sk\/products\/ais-alarm-2\/","name":"AIS Alarm - Ocean Signal","isPartOf":{"@id":"https:\/\/oceansignal.com\/sk\/#website"},"primaryImageOfPage":{"@id":"https:\/\/oceansignal.com\/sk\/products\/ais-alarm-2\/#primaryimage"},"image":{"@id":"https:\/\/oceansignal.com\/sk\/products\/ais-alarm-2\/#primaryimage"},"thumbnailUrl":"https:\/\/oceansignal.com\/wp-content\/uploads\/2023\/09\/OSL-AIS-Alarm-360_600x600.gif","datePublished":"2023-09-08T12:47:59+00:00","dateModified":"2025-11-26T08:54:57+00:00","description":"Ocean Signal Alarm Box: P\u00e5litelig sj\u00f8sikkerhetsl\u00f8sning for umiddelbare varsler om en AIS Man overbord-n\u00f8dsituasjon. Sikre rask respons i n\u00f8dstilfeller.","breadcrumb":{"@id":"https:\/\/oceansignal.com\/sk\/products\/ais-alarm-2\/#breadcrumb"},"inLanguage":"sk-SK","potentialAction":[{"@type":"ReadAction","target":["https:\/\/oceansignal.com\/sk\/products\/ais-alarm-2\/"]}]},{"@type":"ImageObject","inLanguage":"sk-SK","@id":"https:\/\/oceansignal.com\/sk\/products\/ais-alarm-2\/#primaryimage","url":"https:\/\/oceansignal.com\/wp-content\/uploads\/2023\/09\/OSL-AIS-Alarm-360_600x600.gif","contentUrl":"https:\/\/oceansignal.com\/wp-content\/uploads\/2023\/09\/OSL-AIS-Alarm-360_600x600.gif","width":600,"height":600},{"@type":"BreadcrumbList","@id":"https:\/\/oceansignal.com\/sk\/products\/ais-alarm-2\/#breadcrumb","itemListElement":[{"@type":"ListItem","position":1,"name":"Shop","item":"https:\/\/oceansignal.com\/sk\/shop\/"},{"@type":"ListItem","position":2,"name":"AIS Alarm"}]},{"@type":"WebSite","@id":"https:\/\/oceansignal.com\/sk\/#website","url":"https:\/\/oceansignal.com\/sk\/","name":"Ocean Signal","description":"A leading manufacturer of EPIRBs, AIS, SARTs, Personal Locator Beacons, Man Overboard Beacon for the Marine and Outdoor Markets.","potentialAction":[{"@type":"SearchAction","target":{"@type":"EntryPoint","urlTemplate":"https:\/\/oceansignal.com\/sk\/?s={search_term_string}"},"query-input":{"@type":"PropertyValueSpecification","valueRequired":true,"valueName":"search_term_string"}}],"inLanguage":"sk-SK"}]}},"_links":{"self":[{"href":"https:\/\/oceansignal.com\/sk\/wp-json\/wp\/v2\/product\/12870","targetHints":{"allow":["GET"]}}],"collection":[{"href":"https:\/\/oceansignal.com\/sk\/wp-json\/wp\/v2\/product"}],"about":[{"href":"https:\/\/oceansignal.com\/sk\/wp-json\/wp\/v2\/types\/product"}],"wp:featuredmedia":[{"embeddable":true,"href":"https:\/\/oceansignal.com\/sk\/wp-json\/wp\/v2\/media\/20784"}],"wp:attachment":[{"href":"https:\/\/oceansignal.com\/sk\/wp-json\/wp\/v2\/media?parent=12870"}],"wp:term":[{"taxonomy":"product_brand","embeddable":true,"href":"https:\/\/oceansignal.com\/sk\/wp-json\/wp\/v2\/product_brand?post=12870"},{"taxonomy":"product_cat","embeddable":true,"href":"https:\/\/oceansignal.com\/sk\/wp-json\/wp\/v2\/product_cat?post=12870"},{"taxonomy":"product_tag","embeddable":true,"href":"https:\/\/oceansignal.com\/sk\/wp-json\/wp\/v2\/product_tag?post=12870"}],"curies":[{"name":"wp","href":"https:\/\/api.w.org\/{rel}","templated":true}]}}