{"id":12871,"date":"2023-09-08T12:12:42","date_gmt":"2023-09-08T12:12:42","guid":{"rendered":"https:\/\/oceansignal.com\/products\/ais-atb1-klasse-b-ais-pakke\/"},"modified":"2025-07-30T12:31:18","modified_gmt":"2025-07-30T12:31:18","slug":"ais-atb1-klasse-b-ais-pakke","status":"publish","type":"product","link":"https:\/\/oceansignal.com\/sk\/products\/ais-atb1-klasse-b-ais-pakke\/","title":{"rendered":"AIS ATB1 klasse B+ AIS-pakke"},"content":{"rendered":"<p>&nbsp;<\/p>\n<table>\n<tbody>\n<tr>\n<th><\/th>\n<th class=\"content-entry\">Den kompakte MOB1 er enkelt integrert i en redningsvest og kommuniserer med ATB1, samt AIS utstyrte b\u00e5ter innenfor en rekkevidde p\u00e5 omtrent fem mil, og vil gi to metoder for raskt \u00e5 videresende mannen over bords posisjon i en n\u00f8dsituasjon. For det f\u00f8rste sender den et varsel til alle AIS-mottakere og AIS-aktiverte plottere i n\u00e6rheten. For det andre vil MOB1 aktivere DSC-alarmen p\u00e5 fart\u00f8yets VHF-radio for \u00e5 varsle andre besetningsmedlemmer. Med mannskap som er i stand til \u00e5 spore personens posisjon mens restitusjonen utf\u00f8res, sikrer det integrerte strobelyset med st\u00f8pt linse at den overlevende lett blir oppdaget under d\u00e5rlige lysforhold.   <\/th>\n<\/tr>\n<tr>\n<th><\/th>\n<th><a href=\"https:\/\/oceansignal.com\/sk\/products\/rescueme-mob1\/\">Klikk her for mer informasjon om MOB1<\/a><\/p>\n<p>&nbsp;<\/th>\n<\/tr>\n<tr>\n<th><\/th>\n<th><\/th>\n<\/tr>\n<tr>\n<th><\/th>\n<th>Ocean Signal avanserte klasse B+ (SOTDMA) ATB1 AIS-transponder er designet for \u00e5 gi b\u00e5teiere \u00f8kt synlighet og navigasjonssikkerhet. Ved \u00e5 inkorporere den overlegne SOTDMA-teknologien, tilbyr ATB1 betydelige fordeler, inkludert \u00f8kt prioritet for posisjonsrapporter uten tap eller forsinkelse i overf\u00f8ringen, noe som forbedrer brukerens evne til \u00e5 bli sett av andre fart\u00f8y i travle farvann og unng\u00e5 kollisjon dag eller natt uansett forholdene. Den har en raskere rapporteringshastighet og h\u00f8yere utgangseffekt enn standard CSTDMA klasse B-enheter, og sender AIS-sendinger hvert femte sekund i stedet for CSTDMA to sendinger per minutt. Enhetens 5W utgangseffekt, sammenlignet med standard 2W, gj\u00f8r at overf\u00f8ringene kan n\u00e5 lenger.   <\/th>\n<\/tr>\n<tr>\n<th><\/th>\n<th><a href=\"https:\/\/oceansignal.com\/products\/atb1\/\">Klikk her for mer informasjon om ATB1<\/a><\/th>\n<\/tr>\n<\/tbody>\n<\/table>\n","protected":false},"excerpt":{"rendered":"<p>Den nye Ocean Signal ATB1 AIS-pakken forener det siste innen AIS Klasse B+-teknologi i ATB1-transponderen med to prisbel\u00f8nte rescueME MOB1 mann over bord beacons for \u00e5 sikre den beste sjansen for rask redning fra enten den overlevendes eget fart\u00f8y eller andre fart\u00f8yer i n\u00e6rheten hvis noen faller i vannet, AIS-settet bringer sikkerheten ombord til et nytt niv\u00e5.<\/p>\n","protected":false},"featured_media":19216,"template":"","meta":{"_acf_changed":false,"om_disable_all_campaigns":false},"product_brand":[],"product_cat":[984],"product_tag":[],"class_list":{"0":"post-12871","1":"product","2":"type-product","3":"status-publish","4":"has-post-thumbnail","6":"product_cat-avviklet","8":"first","9":"instock","10":"taxable","11":"shipping-taxable","12":"product-type-simple"},"acf":[],"yoast_head":"<!-- This site is optimized with the Yoast SEO Premium plugin v25.2 (Yoast SEO v26.4) - https:\/\/yoast.com\/wordpress\/plugins\/seo\/ -->\n<title>AIS ATB1 klasse B+ AIS-pakke - Ocean Signal<\/title>\n<meta name=\"robots\" content=\"index, follow, max-snippet:-1, max-image-preview:large, max-video-preview:-1\" \/>\n<link rel=\"canonical\" href=\"https:\/\/oceansignal.com\/sk\/products\/ais-atb1-klasse-b-ais-pakke\/\" \/>\n<meta property=\"og:locale\" content=\"sk_SK\" \/>\n<meta property=\"og:type\" content=\"article\" \/>\n<meta property=\"og:title\" content=\"AIS ATB1 klasse B+ AIS-pakke\" \/>\n<meta property=\"og:description\" content=\"Den nye Ocean Signal ATB1 AIS-pakken forener det siste innen AIS Klasse B+-teknologi i ATB1-transponderen med to prisbel\u00f8nte rescueME MOB1 mann over bord beacons for \u00e5 sikre den beste sjansen for rask redning fra enten den overlevendes eget fart\u00f8y eller andre fart\u00f8yer i n\u00e6rheten hvis noen faller i vannet, AIS-settet bringer sikkerheten ombord til et nytt niv\u00e5.\" \/>\n<meta property=\"og:url\" content=\"https:\/\/oceansignal.com\/sk\/products\/ais-atb1-klasse-b-ais-pakke\/\" \/>\n<meta property=\"og:site_name\" content=\"Ocean Signal\" \/>\n<meta property=\"article:modified_time\" content=\"2025-07-30T12:31:18+00:00\" \/>\n<meta property=\"og:image\" content=\"https:\/\/oceansignal.com\/wp-content\/uploads\/2023\/09\/OSL-ATB1-MOB-Bundle1-Left-Angle.png\" \/>\n\t<meta property=\"og:image:width\" content=\"720\" \/>\n\t<meta property=\"og:image:height\" content=\"720\" \/>\n\t<meta property=\"og:image:type\" content=\"image\/png\" \/>\n<meta name=\"twitter:card\" content=\"summary_large_image\" \/>\n<meta name=\"twitter:label1\" content=\"Predpokladan\u00fd \u010das \u010d\u00edtania\" \/>\n\t<meta name=\"twitter:data1\" content=\"1 min\u00fata\" \/>\n<script type=\"application\/ld+json\" class=\"yoast-schema-graph\">{\"@context\":\"https:\/\/schema.org\",\"@graph\":[{\"@type\":\"WebPage\",\"@id\":\"https:\/\/oceansignal.com\/sk\/products\/ais-atb1-klasse-b-ais-pakke\/\",\"url\":\"https:\/\/oceansignal.com\/sk\/products\/ais-atb1-klasse-b-ais-pakke\/\",\"name\":\"AIS ATB1 klasse B+ AIS-pakke - Ocean Signal\",\"isPartOf\":{\"@id\":\"https:\/\/oceansignal.com\/sk\/#website\"},\"primaryImageOfPage\":{\"@id\":\"https:\/\/oceansignal.com\/sk\/products\/ais-atb1-klasse-b-ais-pakke\/#primaryimage\"},\"image\":{\"@id\":\"https:\/\/oceansignal.com\/sk\/products\/ais-atb1-klasse-b-ais-pakke\/#primaryimage\"},\"thumbnailUrl\":\"https:\/\/oceansignal.com\/wp-content\/uploads\/2023\/09\/OSL-ATB1-MOB-Bundle1-Left-Angle.png\",\"datePublished\":\"2023-09-08T12:12:42+00:00\",\"dateModified\":\"2025-07-30T12:31:18+00:00\",\"breadcrumb\":{\"@id\":\"https:\/\/oceansignal.com\/sk\/products\/ais-atb1-klasse-b-ais-pakke\/#breadcrumb\"},\"inLanguage\":\"sk-SK\",\"potentialAction\":[{\"@type\":\"ReadAction\",\"target\":[\"https:\/\/oceansignal.com\/sk\/products\/ais-atb1-klasse-b-ais-pakke\/\"]}]},{\"@type\":\"ImageObject\",\"inLanguage\":\"sk-SK\",\"@id\":\"https:\/\/oceansignal.com\/sk\/products\/ais-atb1-klasse-b-ais-pakke\/#primaryimage\",\"url\":\"https:\/\/oceansignal.com\/wp-content\/uploads\/2023\/09\/OSL-ATB1-MOB-Bundle1-Left-Angle.png\",\"contentUrl\":\"https:\/\/oceansignal.com\/wp-content\/uploads\/2023\/09\/OSL-ATB1-MOB-Bundle1-Left-Angle.png\",\"width\":720,\"height\":720},{\"@type\":\"BreadcrumbList\",\"@id\":\"https:\/\/oceansignal.com\/sk\/products\/ais-atb1-klasse-b-ais-pakke\/#breadcrumb\",\"itemListElement\":[{\"@type\":\"ListItem\",\"position\":1,\"name\":\"Shop\",\"item\":\"https:\/\/oceansignal.com\/sk\/shop\/\"},{\"@type\":\"ListItem\",\"position\":2,\"name\":\"AIS ATB1 klasse B+ AIS-pakke\"}]},{\"@type\":\"WebSite\",\"@id\":\"https:\/\/oceansignal.com\/sk\/#website\",\"url\":\"https:\/\/oceansignal.com\/sk\/\",\"name\":\"Ocean Signal\",\"description\":\"A leading manufacturer of EPIRBs, AIS, SARTs, Personal Locator Beacons, Man Overboard Beacon for the Marine and Outdoor Markets.\",\"potentialAction\":[{\"@type\":\"SearchAction\",\"target\":{\"@type\":\"EntryPoint\",\"urlTemplate\":\"https:\/\/oceansignal.com\/sk\/?s={search_term_string}\"},\"query-input\":{\"@type\":\"PropertyValueSpecification\",\"valueRequired\":true,\"valueName\":\"search_term_string\"}}],\"inLanguage\":\"sk-SK\"}]}<\/script>\n<!-- \/ Yoast SEO Premium plugin. -->","yoast_head_json":{"title":"AIS ATB1 klasse B+ AIS-pakke - Ocean Signal","robots":{"index":"index","follow":"follow","max-snippet":"max-snippet:-1","max-image-preview":"max-image-preview:large","max-video-preview":"max-video-preview:-1"},"canonical":"https:\/\/oceansignal.com\/sk\/products\/ais-atb1-klasse-b-ais-pakke\/","og_locale":"sk_SK","og_type":"article","og_title":"AIS ATB1 klasse B+ AIS-pakke","og_description":"Den nye Ocean Signal ATB1 AIS-pakken forener det siste innen AIS Klasse B+-teknologi i ATB1-transponderen med to prisbel\u00f8nte rescueME MOB1 mann over bord beacons for \u00e5 sikre den beste sjansen for rask redning fra enten den overlevendes eget fart\u00f8y eller andre fart\u00f8yer i n\u00e6rheten hvis noen faller i vannet, AIS-settet bringer sikkerheten ombord til et nytt niv\u00e5.","og_url":"https:\/\/oceansignal.com\/sk\/products\/ais-atb1-klasse-b-ais-pakke\/","og_site_name":"Ocean Signal","article_modified_time":"2025-07-30T12:31:18+00:00","og_image":[{"width":720,"height":720,"url":"https:\/\/oceansignal.com\/wp-content\/uploads\/2023\/09\/OSL-ATB1-MOB-Bundle1-Left-Angle.png","type":"image\/png"}],"twitter_card":"summary_large_image","twitter_misc":{"Predpokladan\u00fd \u010das \u010d\u00edtania":"1 min\u00fata"},"schema":{"@context":"https:\/\/schema.org","@graph":[{"@type":"WebPage","@id":"https:\/\/oceansignal.com\/sk\/products\/ais-atb1-klasse-b-ais-pakke\/","url":"https:\/\/oceansignal.com\/sk\/products\/ais-atb1-klasse-b-ais-pakke\/","name":"AIS ATB1 klasse B+ AIS-pakke - Ocean Signal","isPartOf":{"@id":"https:\/\/oceansignal.com\/sk\/#website"},"primaryImageOfPage":{"@id":"https:\/\/oceansignal.com\/sk\/products\/ais-atb1-klasse-b-ais-pakke\/#primaryimage"},"image":{"@id":"https:\/\/oceansignal.com\/sk\/products\/ais-atb1-klasse-b-ais-pakke\/#primaryimage"},"thumbnailUrl":"https:\/\/oceansignal.com\/wp-content\/uploads\/2023\/09\/OSL-ATB1-MOB-Bundle1-Left-Angle.png","datePublished":"2023-09-08T12:12:42+00:00","dateModified":"2025-07-30T12:31:18+00:00","breadcrumb":{"@id":"https:\/\/oceansignal.com\/sk\/products\/ais-atb1-klasse-b-ais-pakke\/#breadcrumb"},"inLanguage":"sk-SK","potentialAction":[{"@type":"ReadAction","target":["https:\/\/oceansignal.com\/sk\/products\/ais-atb1-klasse-b-ais-pakke\/"]}]},{"@type":"ImageObject","inLanguage":"sk-SK","@id":"https:\/\/oceansignal.com\/sk\/products\/ais-atb1-klasse-b-ais-pakke\/#primaryimage","url":"https:\/\/oceansignal.com\/wp-content\/uploads\/2023\/09\/OSL-ATB1-MOB-Bundle1-Left-Angle.png","contentUrl":"https:\/\/oceansignal.com\/wp-content\/uploads\/2023\/09\/OSL-ATB1-MOB-Bundle1-Left-Angle.png","width":720,"height":720},{"@type":"BreadcrumbList","@id":"https:\/\/oceansignal.com\/sk\/products\/ais-atb1-klasse-b-ais-pakke\/#breadcrumb","itemListElement":[{"@type":"ListItem","position":1,"name":"Shop","item":"https:\/\/oceansignal.com\/sk\/shop\/"},{"@type":"ListItem","position":2,"name":"AIS ATB1 klasse B+ AIS-pakke"}]},{"@type":"WebSite","@id":"https:\/\/oceansignal.com\/sk\/#website","url":"https:\/\/oceansignal.com\/sk\/","name":"Ocean Signal","description":"A leading manufacturer of EPIRBs, AIS, SARTs, Personal Locator Beacons, Man Overboard Beacon for the Marine and Outdoor Markets.","potentialAction":[{"@type":"SearchAction","target":{"@type":"EntryPoint","urlTemplate":"https:\/\/oceansignal.com\/sk\/?s={search_term_string}"},"query-input":{"@type":"PropertyValueSpecification","valueRequired":true,"valueName":"search_term_string"}}],"inLanguage":"sk-SK"}]}},"_links":{"self":[{"href":"https:\/\/oceansignal.com\/sk\/wp-json\/wp\/v2\/product\/12871","targetHints":{"allow":["GET"]}}],"collection":[{"href":"https:\/\/oceansignal.com\/sk\/wp-json\/wp\/v2\/product"}],"about":[{"href":"https:\/\/oceansignal.com\/sk\/wp-json\/wp\/v2\/types\/product"}],"wp:featuredmedia":[{"embeddable":true,"href":"https:\/\/oceansignal.com\/sk\/wp-json\/wp\/v2\/media\/19216"}],"wp:attachment":[{"href":"https:\/\/oceansignal.com\/sk\/wp-json\/wp\/v2\/media?parent=12871"}],"wp:term":[{"taxonomy":"product_brand","embeddable":true,"href":"https:\/\/oceansignal.com\/sk\/wp-json\/wp\/v2\/product_brand?post=12871"},{"taxonomy":"product_cat","embeddable":true,"href":"https:\/\/oceansignal.com\/sk\/wp-json\/wp\/v2\/product_cat?post=12871"},{"taxonomy":"product_tag","embeddable":true,"href":"https:\/\/oceansignal.com\/sk\/wp-json\/wp\/v2\/product_tag?post=12871"}],"curies":[{"name":"wp","href":"https:\/\/api.w.org\/{rel}","templated":true}]}}