{"id":12881,"date":"2024-10-30T20:20:15","date_gmt":"2024-10-30T20:20:15","guid":{"rendered":"https:\/\/oceansignal.com\/products\/rescueme-edf2-flare\/"},"modified":"2025-11-24T16:38:40","modified_gmt":"2025-11-24T16:38:40","slug":"rescueme-edf2-flare","status":"publish","type":"product","link":"https:\/\/oceansignal.com\/sk\/products\/rescueme-edf2-flare\/","title":{"rendered":"rescueME EDF2 Flare"},"content":{"rendered":"<p><img loading=\"lazy\" decoding=\"async\" class=\"alignnone wp-image-26922 size-full\" src=\"https:\/\/oceansignal.com\/wp-content\/uploads\/2024\/10\/OSL-EDF2-Features-Group-001.jpeg\" alt=\"EDF2 Electronic Distress Flare IR LED STROBE, batteri som kan skiftes ut av bruker, 360 graders synlighet\" width=\"550\" height=\"310\" srcset=\"https:\/\/oceansignal.com\/wp-content\/uploads\/2024\/10\/OSL-EDF2-Features-Group-001.jpeg 550w, https:\/\/oceansignal.com\/wp-content\/uploads\/2024\/10\/OSL-EDF2-Features-Group-001-300x169.jpeg 300w, https:\/\/oceansignal.com\/wp-content\/uploads\/2024\/10\/OSL-EDF2-Features-Group-001-60x34.jpeg 60w, https:\/\/oceansignal.com\/wp-content\/uploads\/2024\/10\/OSL-EDF2-Features-Group-001-110x62.jpeg 110w\" sizes=\"auto, (max-width: 550px) 100vw, 550px\" \/><\/p>\n<p><img loading=\"lazy\" decoding=\"async\" class=\"alignnone wp-image-26938 size-full\" src=\"https:\/\/oceansignal.com\/wp-content\/uploads\/2024\/10\/OSL-EDF2-Features-Group-002.jpeg\" alt=\"EDF2 Familiesafe\" width=\"550\" height=\"310\" srcset=\"https:\/\/oceansignal.com\/wp-content\/uploads\/2024\/10\/OSL-EDF2-Features-Group-002.jpeg 550w, https:\/\/oceansignal.com\/wp-content\/uploads\/2024\/10\/OSL-EDF2-Features-Group-002-300x169.jpeg 300w, https:\/\/oceansignal.com\/wp-content\/uploads\/2024\/10\/OSL-EDF2-Features-Group-002-60x34.jpeg 60w, https:\/\/oceansignal.com\/wp-content\/uploads\/2024\/10\/OSL-EDF2-Features-Group-002-110x62.jpeg 110w\" sizes=\"auto, (max-width: 550px) 100vw, 550px\" \/><\/p>\n<p><img loading=\"lazy\" decoding=\"async\" class=\"alignnone wp-image-26954 size-full\" src=\"https:\/\/oceansignal.com\/wp-content\/uploads\/2024\/10\/OSL-EDF2-Features-Group-003.jpeg\" alt=\"EDF2 Innebygd h\u00f8yintensitets LED med oppdrift\" width=\"550\" height=\"310\" srcset=\"https:\/\/oceansignal.com\/wp-content\/uploads\/2024\/10\/OSL-EDF2-Features-Group-003.jpeg 550w, https:\/\/oceansignal.com\/wp-content\/uploads\/2024\/10\/OSL-EDF2-Features-Group-003-300x169.jpeg 300w, https:\/\/oceansignal.com\/wp-content\/uploads\/2024\/10\/OSL-EDF2-Features-Group-003-60x34.jpeg 60w, https:\/\/oceansignal.com\/wp-content\/uploads\/2024\/10\/OSL-EDF2-Features-Group-003-110x62.jpeg 110w\" sizes=\"auto, (max-width: 550px) 100vw, 550px\" \/><\/p>\n<p><strong>Sammendrag:<\/strong><\/p>\n<p>Som det neste fremskrittet innen elektronisk n\u00f8dbluss, introduserer EDF2 Electronic Boat Flare banebrytende SOS n\u00f8dsignaleringsteknologi. Ved \u00e5 bruke r\u00f8d-oransje og cyan lysdioder kombinert med en infrar\u00f8d (IR) komponent, tilbyr EDF2 betydelig driftslevetid (brenntid), samtidig som den forbedrer synlighetsniv\u00e5et betydelig. <\/p>\n<p>Selges med det medf\u00f8lgende n\u00f8dflagget p\u00e5 dagtid, EDF2 og medf\u00f8lgende flagg er sertifisert for \u00e5 oppfylle gjeldende US Coast Guard-krav, slik at de kan b\u00e6res i stedet for tradisjonelle pyrotekniske fakler i USA<\/p>\n<p><strong>Beskrivelse:<\/strong><\/p>\n<p>I henhold til kravene i RTCM 13200.00, er den flytende EDF2 elektroniske b\u00e5tflammen klassifisert som en Electronic Visual Distress Signal Device (eVDSD) og bruker flerfarget SOS n\u00f8dsignalering for \u00e5 produsere st\u00f8rre lysstyrke med vesentlig bedre lysfordeling. Bruken av r\u00f8d-oransje og cyan lysdioder gir \u00f8kt synlighet p\u00e5 vannet, mens tillegg av en infrar\u00f8d (IR) komponent f\u00f8rer til enda st\u00f8rre synlighet n\u00e5r Night Vision-utstyr er i bruk av Search and Rescue. <\/p>\n<p>EDF2 letter redning ved \u00e5 sende ut blitskarakteristikken for den internasjonale morsekoden for SOS, der den f\u00f8rste &#8222;S&#8220; er representert av tre r\u00f8d-oransje LED-blink, etterfulgt av &#8222;O&#8220; som er representert av tre cyan LED-blink, og den siste &#8222;S&#8220; som er representert av ytterligere tre r\u00f8d-oransje LED-blink. Samtidig med de synlige r\u00f8d-oransje og cyan blinkende LED-ene, blinker IR-komponenten det samme SOS-m\u00f8nsteret som er optimert for synlighet via Night Vision Goggles (NVG). Kanskje mest imponerende, selv med det omfattende antallet synlige og IR-blink som forekommer, det h\u00f8ye niv\u00e5et av lysintensitet som produseres og det betydelige lysfordelingsomr\u00e5det (lysvinkel \u2265 180\u00b0) som oppn\u00e5s, oppn\u00e5r EDF2 fortsatt en imponerende driftslevetid p\u00e5 minst tre timer (overskrider RTCM-kravene med 50%).  <\/p>\n<p><strong>MERK: F\u00f8r du installerer batterier, bruk den vedlagte snoren (finnes under borrel\u00e5sen), og fest toppdelen til festepunktet nederst i batterirommet.<\/strong><\/p>\n<h4>Hva er inkludert<\/h4>\n<p>EDF2 elektronisk b\u00e5tbluss er klassifisert som et godkjent visuelt n\u00f8dsignal om natten, og oppfyller ogs\u00e5 kravene i <a href=\"https:\/\/www.ecfr.gov\/current\/title-46\/chapter-I\/subchapter-Q\/part-161\/subpart-161.013?toc=1\">46 CFR 161.013<\/a> . Gitt at et n\u00f8dflagg, som oppfyller kravene i <a href=\"https:\/\/www.ecfr.gov\/current\/title-46\/chapter-I\/subchapter-Q\/part-160\/subpart-160.072\">46 CFR 160.072<\/a> , er inkludert i pakken med hver EDF2, f\u00e5r brukerne ogs\u00e5 et godkjent visuelt n\u00f8dsignal p\u00e5 dagtid (kravet om \u00e5 b\u00e6re godkjente visuelle n\u00f8dsignaler p\u00e5 dagtid og natt finnes i 33 CFR del 175). Det medf\u00f8lgende n\u00f8dflagget gir en rekke signaleringsalternativer i dagslys. Flagget kan heises ved \u00e5 festes til masten eller ganske enkelt til h\u00f8yest mulig punkt. Den kan ogs\u00e5 vises for h\u00e5nd, knyttes til og deretter viftes p\u00e5 gjenstander som en b\u00e5tkrok, padle eller fiskestang, eller den kan legges flatt p\u00e5 dekk for \u00e5 tiltrekke seg fly. Flagget skal kun brukes som et dagsignal, og n\u00e5r det vises riktig, skal den svarte firkanten v\u00e6re over den svarte sirkelen.<\/p>\n<p>I tillegg til n\u00f8dflagget er det ogs\u00e5 inkludert en brakett og tilh\u00f8rende monteringsutstyr som lar brukere enkelt montere produktet p\u00e5 fart\u00f8yet slik at EDF2 alltid er tilgjengelig n\u00e5r det trengs. En 1 meter snor kan ogs\u00e5 bli funnet skjult under den svarte borrel\u00e5sremmen rundt midten av produktet. Denne snoren kan brukes til \u00e5 feste EDF2 til en person eller redningsfl\u00e5te i en n\u00f8dsituasjon.  <\/p>\n<h4>Krav til vogn<\/h4>\n<p>I USA* gj\u00f8r transport av EDF2-b\u00e5tfakkel og n\u00f8dflagg sammen det mulig for b\u00e5tfolk \u00e5 gi avkall p\u00e5 kravet om tradisjonelle pyrotekniske fakler n\u00e5r de er p\u00e5 fritidsfart\u00f8yer p\u00e5 opptil 65 fot, b\u00e5tturer p\u00e5 Great Lakes, innenfor 12 miles fra amerikansk farvann, eller p\u00e5 et hvilket som helst vannomr\u00e5de med en passasje til sj\u00f8en som er minst to miles bred. Fart\u00f8y mindre enn 16&#8242; er ikke p\u00e5lagt \u00e5 b\u00e6re et visuelt dagslys, men m\u00e5 fortsatt b\u00e6re et nattvisuelt n\u00f8dsignal, noe som gj\u00f8r EDF2 til et mer enn levedyktig alternativ til pyrotekniske fakler ogs\u00e5 for fart\u00f8y av denne st\u00f8rrelsen. Merk: I Canada kan EDF2 b\u00e6res p\u00e5 fritidsfart\u00f8y i stedet for pyrotekniske fakler (Policy TP 13585 E) hvis den b\u00e6res med et godkjent r\u00f8yksignal (for varsling p\u00e5 dagtid).  <\/p>\n<p>Med konsistent lysfordeling over et betydelig omr\u00e5de** og en brenntid som er 15 ganger lengre enn gjennomsnittlig pyroteknisk fakkel***, er EDF2 helt klart det &#8222;lyseste&#8220; valget man kan gj\u00f8re.<\/p>\n<p>&nbsp;<\/p>\n<p>*For godkjenninger i andre land, se kravene fra gjeldende nasjonale myndighet til referanse<\/p>\n<p>deres spesifikke aksept av et eVDSD-m\u00f8te RTCM 13200.00<\/p>\n<p>**Lysvinkel \u2265 180\u00b0<\/p>\n<p>***Basert p\u00e5 transport av 4 pyrotekniske fakler med en gjennomsnittlig brenntid p\u00e5 3 minutter hver<\/p>\n<p>&nbsp;<\/p>\n<h4><strong>Funksjoner og fordeler:<\/strong><\/h4>\n<ul>\n<li>M\u00f8ter RTCM Standard 13200.0 for eVDSD-er<\/li>\n<li>EDF2 elektronisk b\u00e5tbluss og inkludert n\u00f8dflagg, n\u00e5r de b\u00e6res sammen, kvalifiserer som en erstatning for transport av USCG pyrotekniske fakler (kun USA)<\/li>\n<li>Kraftig lys i alle retninger (360\u00b0 synlighet og lysvinkel \u2265 180\u00b0)<\/li>\n<li>Retter seg automatisk og flyter n\u00e5r du er i vannet (ingen oppdrifts-\/flytering n\u00f8dvendig)<\/li>\n<li>Synlig over 8 miles<\/li>\n<li>Brukerutskiftbare 123 litiumbatterier (x8 &#8211; ikke inkludert)<\/li>\n<li>Maksimal lysintensitet&gt; 170 cd<\/li>\n<li>Gjennomsnittlig effektiv lysintensitet p\u00e5 50 cd<\/li>\n<li>Driftstid p\u00e5 3 timer (ved minimum 50 cd gjennomsnittlig effektiv lysintensitet) overstiger RTCM-kravene med 50 %<\/li>\n<li>Slitesterk design: Testet i henhold til gjeldende milj\u00f8ytelsesstandarder knyttet til t\u00f8rr varme, fuktig varme, lav temperatur, termisk sjokk, fall, vibrasjon, solstr\u00e5ling, regn og spray, korrosjon og EMC (i henhold til IEC 60945)<\/li>\n<li>Vanntett (IP67)<\/li>\n<li>Sertifisert under USCG 161.013 som et nattvisuelt n\u00f8dsignal<\/li>\n<li>Inkluderer n\u00f8dflagg (sertifisert under USCG 160.072 som Visual Distress Signal p\u00e5 dagtid), monteringsbrakett og 1 m snor (skjult under borrel\u00e5s)<\/li>\n<\/ul>\n<p>&nbsp;<\/p>\n<h4><strong>Fordeler med<\/strong> <strong>EDF2 Electronic Boat Flare<\/strong> <strong>vs. tradisjonelle pyrotekniske fakler:<\/strong><\/h4>\n<ul>\n<li>Ingen utl\u00f8psdato<\/li>\n<li>Familiesafe (ingen brennende flamme)<\/li>\n<li>Enkel \u00e5 betjene (slik at selv barna dine og f\u00f8rstegangsb\u00e5tfolk kan betjene den i n\u00f8dstilfeller)<\/li>\n<li>Ingen problemer med de eksisterende strenge obligatoriske deponeringskravene for pyrotekniske fakler (lovlig ansett som farlige materialer)<\/li>\n<li>Vanntett og flytende<\/li>\n<li>Engangskj\u00f8p (mindre kostnad over produktets levetid)<\/li>\n<li>2 distinkte metoder for n\u00f8dsignalering i ett produkt \u2013 LED-blits i flere farger og infrar\u00f8d LED-blits<\/li>\n<li>Evne til \u00e5 forlenge levetiden til produktet i en n\u00f8dsituasjon ved \u00e5 skifte batterier<\/li>\n<\/ul>\n<p>&nbsp;<\/p>\n<p>For informasjon om ytterligere viktige sj\u00f8sikkerhetsprodukter som forsterker transporten av EDF2, se bloggen v\u00e5r om <a href=\"https:\/\/oceansignal.com\/news\/strategies-for-a-safer-boating-season\/\">Strategier for en tryggere b\u00e5tsesong<\/a> .<\/p>\n","protected":false},"excerpt":{"rendered":"<p>EDF2: Det ultimate alternativet til tradisjonelle pyrotekniske fakler<\/p>\n<ul>\n<li>Langvarig og kostnadseffektiv \u2013 Ingen utl\u00f8psdato, engangskj\u00f8p og brukerutskiftbare litiumbatterier forlenger levetiden i n\u00f8dstilfeller<\/li>\n<li>Trygg og enkel \u00e5 bruke \u2013 Ingen flammer, familievennlig og enkel betjening for alle brukere, inkludert barn og f\u00f8rstegangsb\u00e5tfolk.<\/li>\n<li>Overlegen synlighet \u2013 Kraftig 360\u00b0 lys, synlig over 8 miles, og overg\u00e5r RTCMs driftslevetid med 50 %.<\/li>\n<li>Vanntett og flytende \u2013 Retter seg automatisk opp og flyter uten flytering.<\/li>\n<li>Slitesterk design: Testet i henhold til gjeldende milj\u00f8ytelsesstandarder knyttet til t\u00f8rr varme, fuktig varme, lav temperatur, termisk sjokk, fall, vibrasjon, solstr\u00e5ling, regn og spray, korrosjon og EMC (i henhold til IEC 60945)<\/li>\n<\/ul>\n<p><a href=\"https:\/\/www.dropbox.com\/s\/0ezw0kexbm120vv\/Prop%2065%20-%20Lead%20and%20Lead%20Compounds.pdf?dl=0\">ADVARSEL: PROP 65<\/a><\/p>\n","protected":false},"featured_media":38637,"template":"","meta":{"_acf_changed":false,"om_disable_all_campaigns":false},"product_brand":[],"product_cat":[691,602],"product_tag":[693,692,695],"class_list":{"0":"post-12881","1":"product","2":"type-product","3":"status-publish","4":"has-post-thumbnail","6":"product_cat-elektronisk-signalering-og-flare","7":"product_cat-rescueme-sk","8":"product_tag-edf2-sk","9":"product_tag-elektronisk-flare","10":"product_tag-signalfyr","12":"first","13":"instock","14":"taxable","15":"shipping-taxable","16":"purchasable","17":"product-type-simple"},"acf":[],"yoast_head":"<!-- This site is optimized with the Yoast SEO Premium plugin v25.2 (Yoast SEO v26.4) - https:\/\/yoast.com\/wordpress\/plugins\/seo\/ -->\n<title>rescueME EDF2 Flare - Ocean Signal EDF2 Electronic Boat Flare USCG RTCM Godkjent Ocean Signal<\/title>\n<meta name=\"description\" content=\"Hold deg trygg med Ocean Signal EDF2 elektroniske b\u00e5tbluss, en kraftig elektronisk n\u00f8dbluss designet for optimal synlighet og p\u00e5litelighet i n\u00f8dssituasjoner. Kompakt og holdbar, EDF2 er det perfekte valget for b\u00e5tfolk som s\u00f8ker et tryggere, milj\u00f8vennlig alternativ til tradisjonelle fakler.\" \/>\n<meta name=\"robots\" content=\"index, follow, max-snippet:-1, max-image-preview:large, max-video-preview:-1\" \/>\n<link rel=\"canonical\" href=\"https:\/\/oceansignal.com\/sk\/products\/rescueme-edf2-flare\/\" \/>\n<meta property=\"og:locale\" content=\"sk_SK\" \/>\n<meta property=\"og:type\" content=\"article\" \/>\n<meta property=\"og:title\" content=\"rescueME EDF2 Flare\" \/>\n<meta property=\"og:description\" content=\"Hold deg trygg med Ocean Signal EDF2 elektroniske b\u00e5tbluss, en kraftig elektronisk n\u00f8dbluss designet for optimal synlighet og p\u00e5litelighet i n\u00f8dssituasjoner. Kompakt og holdbar, EDF2 er det perfekte valget for b\u00e5tfolk som s\u00f8ker et tryggere, milj\u00f8vennlig alternativ til tradisjonelle fakler.\" \/>\n<meta property=\"og:url\" content=\"https:\/\/oceansignal.com\/sk\/products\/rescueme-edf2-flare\/\" \/>\n<meta property=\"og:site_name\" content=\"Ocean Signal\" \/>\n<meta property=\"article:modified_time\" content=\"2025-11-24T16:38:40+00:00\" \/>\n<meta property=\"og:image\" content=\"https:\/\/oceansignal.com\/wp-content\/uploads\/2025\/06\/EDF2-FRONT-e1752085297427.png\" \/>\n\t<meta property=\"og:image:width\" content=\"782\" \/>\n\t<meta property=\"og:image:height\" content=\"782\" \/>\n\t<meta property=\"og:image:type\" content=\"image\/png\" \/>\n<meta name=\"twitter:card\" content=\"summary_large_image\" \/>\n<meta name=\"twitter:label1\" content=\"Predpokladan\u00fd \u010das \u010d\u00edtania\" \/>\n\t<meta name=\"twitter:data1\" content=\"5 min\u00fat\" \/>\n<script type=\"application\/ld+json\" class=\"yoast-schema-graph\">{\"@context\":\"https:\/\/schema.org\",\"@graph\":[{\"@type\":\"WebPage\",\"@id\":\"https:\/\/oceansignal.com\/sk\/products\/rescueme-edf2-flare\/\",\"url\":\"https:\/\/oceansignal.com\/sk\/products\/rescueme-edf2-flare\/\",\"name\":\"rescueME EDF2 Flare - Ocean Signal EDF2 Electronic Boat Flare USCG RTCM Godkjent Ocean Signal\",\"isPartOf\":{\"@id\":\"https:\/\/oceansignal.com\/sk\/#website\"},\"primaryImageOfPage\":{\"@id\":\"https:\/\/oceansignal.com\/sk\/products\/rescueme-edf2-flare\/#primaryimage\"},\"image\":{\"@id\":\"https:\/\/oceansignal.com\/sk\/products\/rescueme-edf2-flare\/#primaryimage\"},\"thumbnailUrl\":\"https:\/\/oceansignal.com\/wp-content\/uploads\/2024\/10\/EDF2-FRONT_2025.png\",\"datePublished\":\"2024-10-30T20:20:15+00:00\",\"dateModified\":\"2025-11-24T16:38:40+00:00\",\"description\":\"Hold deg trygg med Ocean Signal EDF2 elektroniske b\u00e5tbluss, en kraftig elektronisk n\u00f8dbluss designet for optimal synlighet og p\u00e5litelighet i n\u00f8dssituasjoner. Kompakt og holdbar, EDF2 er det perfekte valget for b\u00e5tfolk som s\u00f8ker et tryggere, milj\u00f8vennlig alternativ til tradisjonelle fakler.\",\"breadcrumb\":{\"@id\":\"https:\/\/oceansignal.com\/sk\/products\/rescueme-edf2-flare\/#breadcrumb\"},\"inLanguage\":\"sk-SK\",\"potentialAction\":[{\"@type\":\"ReadAction\",\"target\":[\"https:\/\/oceansignal.com\/sk\/products\/rescueme-edf2-flare\/\"]}]},{\"@type\":\"ImageObject\",\"inLanguage\":\"sk-SK\",\"@id\":\"https:\/\/oceansignal.com\/sk\/products\/rescueme-edf2-flare\/#primaryimage\",\"url\":\"https:\/\/oceansignal.com\/wp-content\/uploads\/2024\/10\/EDF2-FRONT_2025.png\",\"contentUrl\":\"https:\/\/oceansignal.com\/wp-content\/uploads\/2024\/10\/EDF2-FRONT_2025.png\",\"width\":1000,\"height\":1000},{\"@type\":\"BreadcrumbList\",\"@id\":\"https:\/\/oceansignal.com\/sk\/products\/rescueme-edf2-flare\/#breadcrumb\",\"itemListElement\":[{\"@type\":\"ListItem\",\"position\":1,\"name\":\"Shop\",\"item\":\"https:\/\/oceansignal.com\/sk\/shop\/\"},{\"@type\":\"ListItem\",\"position\":2,\"name\":\"rescueME EDF2 Flare\"}]},{\"@type\":\"WebSite\",\"@id\":\"https:\/\/oceansignal.com\/sk\/#website\",\"url\":\"https:\/\/oceansignal.com\/sk\/\",\"name\":\"Ocean Signal\",\"description\":\"A leading manufacturer of EPIRBs, AIS, SARTs, Personal Locator Beacons, Man Overboard Beacon for the Marine and Outdoor Markets.\",\"potentialAction\":[{\"@type\":\"SearchAction\",\"target\":{\"@type\":\"EntryPoint\",\"urlTemplate\":\"https:\/\/oceansignal.com\/sk\/?s={search_term_string}\"},\"query-input\":{\"@type\":\"PropertyValueSpecification\",\"valueRequired\":true,\"valueName\":\"search_term_string\"}}],\"inLanguage\":\"sk-SK\"}]}<\/script>\n<!-- \/ Yoast SEO Premium plugin. -->","yoast_head_json":{"title":"rescueME EDF2 Flare - Ocean Signal EDF2 Electronic Boat Flare USCG RTCM Godkjent Ocean Signal","description":"Hold deg trygg med Ocean Signal EDF2 elektroniske b\u00e5tbluss, en kraftig elektronisk n\u00f8dbluss designet for optimal synlighet og p\u00e5litelighet i n\u00f8dssituasjoner. Kompakt og holdbar, EDF2 er det perfekte valget for b\u00e5tfolk som s\u00f8ker et tryggere, milj\u00f8vennlig alternativ til tradisjonelle fakler.","robots":{"index":"index","follow":"follow","max-snippet":"max-snippet:-1","max-image-preview":"max-image-preview:large","max-video-preview":"max-video-preview:-1"},"canonical":"https:\/\/oceansignal.com\/sk\/products\/rescueme-edf2-flare\/","og_locale":"sk_SK","og_type":"article","og_title":"rescueME EDF2 Flare","og_description":"Hold deg trygg med Ocean Signal EDF2 elektroniske b\u00e5tbluss, en kraftig elektronisk n\u00f8dbluss designet for optimal synlighet og p\u00e5litelighet i n\u00f8dssituasjoner. Kompakt og holdbar, EDF2 er det perfekte valget for b\u00e5tfolk som s\u00f8ker et tryggere, milj\u00f8vennlig alternativ til tradisjonelle fakler.","og_url":"https:\/\/oceansignal.com\/sk\/products\/rescueme-edf2-flare\/","og_site_name":"Ocean Signal","article_modified_time":"2025-11-24T16:38:40+00:00","og_image":[{"width":782,"height":782,"url":"https:\/\/oceansignal.com\/wp-content\/uploads\/2025\/06\/EDF2-FRONT-e1752085297427.png","type":"image\/png"}],"twitter_card":"summary_large_image","twitter_misc":{"Predpokladan\u00fd \u010das \u010d\u00edtania":"5 min\u00fat"},"schema":{"@context":"https:\/\/schema.org","@graph":[{"@type":"WebPage","@id":"https:\/\/oceansignal.com\/sk\/products\/rescueme-edf2-flare\/","url":"https:\/\/oceansignal.com\/sk\/products\/rescueme-edf2-flare\/","name":"rescueME EDF2 Flare - Ocean Signal EDF2 Electronic Boat Flare USCG RTCM Godkjent Ocean Signal","isPartOf":{"@id":"https:\/\/oceansignal.com\/sk\/#website"},"primaryImageOfPage":{"@id":"https:\/\/oceansignal.com\/sk\/products\/rescueme-edf2-flare\/#primaryimage"},"image":{"@id":"https:\/\/oceansignal.com\/sk\/products\/rescueme-edf2-flare\/#primaryimage"},"thumbnailUrl":"https:\/\/oceansignal.com\/wp-content\/uploads\/2024\/10\/EDF2-FRONT_2025.png","datePublished":"2024-10-30T20:20:15+00:00","dateModified":"2025-11-24T16:38:40+00:00","description":"Hold deg trygg med Ocean Signal EDF2 elektroniske b\u00e5tbluss, en kraftig elektronisk n\u00f8dbluss designet for optimal synlighet og p\u00e5litelighet i n\u00f8dssituasjoner. Kompakt og holdbar, EDF2 er det perfekte valget for b\u00e5tfolk som s\u00f8ker et tryggere, milj\u00f8vennlig alternativ til tradisjonelle fakler.","breadcrumb":{"@id":"https:\/\/oceansignal.com\/sk\/products\/rescueme-edf2-flare\/#breadcrumb"},"inLanguage":"sk-SK","potentialAction":[{"@type":"ReadAction","target":["https:\/\/oceansignal.com\/sk\/products\/rescueme-edf2-flare\/"]}]},{"@type":"ImageObject","inLanguage":"sk-SK","@id":"https:\/\/oceansignal.com\/sk\/products\/rescueme-edf2-flare\/#primaryimage","url":"https:\/\/oceansignal.com\/wp-content\/uploads\/2024\/10\/EDF2-FRONT_2025.png","contentUrl":"https:\/\/oceansignal.com\/wp-content\/uploads\/2024\/10\/EDF2-FRONT_2025.png","width":1000,"height":1000},{"@type":"BreadcrumbList","@id":"https:\/\/oceansignal.com\/sk\/products\/rescueme-edf2-flare\/#breadcrumb","itemListElement":[{"@type":"ListItem","position":1,"name":"Shop","item":"https:\/\/oceansignal.com\/sk\/shop\/"},{"@type":"ListItem","position":2,"name":"rescueME EDF2 Flare"}]},{"@type":"WebSite","@id":"https:\/\/oceansignal.com\/sk\/#website","url":"https:\/\/oceansignal.com\/sk\/","name":"Ocean Signal","description":"A leading manufacturer of EPIRBs, AIS, SARTs, Personal Locator Beacons, Man Overboard Beacon for the Marine and Outdoor Markets.","potentialAction":[{"@type":"SearchAction","target":{"@type":"EntryPoint","urlTemplate":"https:\/\/oceansignal.com\/sk\/?s={search_term_string}"},"query-input":{"@type":"PropertyValueSpecification","valueRequired":true,"valueName":"search_term_string"}}],"inLanguage":"sk-SK"}]}},"_links":{"self":[{"href":"https:\/\/oceansignal.com\/sk\/wp-json\/wp\/v2\/product\/12881","targetHints":{"allow":["GET"]}}],"collection":[{"href":"https:\/\/oceansignal.com\/sk\/wp-json\/wp\/v2\/product"}],"about":[{"href":"https:\/\/oceansignal.com\/sk\/wp-json\/wp\/v2\/types\/product"}],"wp:featuredmedia":[{"embeddable":true,"href":"https:\/\/oceansignal.com\/sk\/wp-json\/wp\/v2\/media\/38637"}],"wp:attachment":[{"href":"https:\/\/oceansignal.com\/sk\/wp-json\/wp\/v2\/media?parent=12881"}],"wp:term":[{"taxonomy":"product_brand","embeddable":true,"href":"https:\/\/oceansignal.com\/sk\/wp-json\/wp\/v2\/product_brand?post=12881"},{"taxonomy":"product_cat","embeddable":true,"href":"https:\/\/oceansignal.com\/sk\/wp-json\/wp\/v2\/product_cat?post=12881"},{"taxonomy":"product_tag","embeddable":true,"href":"https:\/\/oceansignal.com\/sk\/wp-json\/wp\/v2\/product_tag?post=12881"}],"curies":[{"name":"wp","href":"https:\/\/api.w.org\/{rel}","templated":true}]}}