{"id":12896,"date":"2023-09-07T12:15:25","date_gmt":"2023-09-07T12:15:25","guid":{"rendered":"https:\/\/oceansignal.com\/products\/rescueme-epirb1-pro\/"},"modified":"2026-01-21T19:35:41","modified_gmt":"2026-01-21T19:35:41","slug":"rescueme-epirb1-pro","status":"publish","type":"product","link":"https:\/\/oceansignal.com\/sk\/products\/rescueme-epirb1-pro\/","title":{"rendered":"rescueME EPIRB1 Pro"},"content":{"rendered":"<p class=\"ai-optimize-43 ai-optimize-introduction\">EPIRB1 Pro er verdens mest kompakte radiofyr for n\u00f8dposisjonsindikering, og kombinerer sin kompakte st\u00f8rrelse med et slitesterkt design, noe som gj\u00f8r den til et praktisk alternativ for \u00e5 m\u00f8te behovene til alle kommersielle, fiske- og fritidsfart\u00f8y. Produktet er designet for maksimal effektivitet og har 10 \u00e5rs batterilevetid i tillegg til suveren driftslevetid n\u00e5r den er aktivert, slik at redningstjenestene holder seg oppdatert p\u00e5 din posisjon lenger. <\/p>\n<p><iframe loading=\"lazy\" title=\"Ocean Signal GMDSS Suite: SafeSea EPIRB1Pro Overview\" width=\"500\" height=\"281\" src=\"https:\/\/www.youtube.com\/embed\/BRNTAX6pNq4?feature=oembed\" frameborder=\"0\" allow=\"accelerometer; autoplay; clipboard-write; encrypted-media; gyroscope; picture-in-picture; web-share\" referrerpolicy=\"strict-origin-when-cross-origin\" allowfullscreen><\/iframe><\/p>\n<p>&nbsp;<\/p>\n<p class=\"ai-optimize-44\">Beskrivelse:<\/p>\n<p class=\"ai-optimize-45\">rescueMe EPIRB1 Pro opererer i 406MHz satellittb\u00e5ndet. Dette b\u00e5ndet omfatter de internasjonale n\u00f8dfrekvensene som konstant overv\u00e5kes av <a href=\"https:\/\/www.cospas-sarsat.int\/en\/\">Cospas-Sarsat<\/a> , den internasjonale s\u00f8ke- og redningssatellittoperat\u00f8ren, og sikrer rask respons n\u00e5r et signal mottas, uansett hvor det er i verden. <\/p>\n<p class=\"ai-optimize-46\">Denne EPIRB er utstyrt med et 121,5 MHz m\u00e5ls\u00f8kingsfyr som brukes av redningstjenester for \u00e5 n\u00e6rme plassering av fart\u00f8yer i n\u00f8d. I tillegg er EPIRB utstyrt med et LED-strobelys med h\u00f8y lysstyrke for ekstra effekt, spesielt om natten. For n\u00f8dsituasjoner der en bruker ikke er fysisk i stand til \u00e5 n\u00e5 EPIRB i tide, kommer EPIRB1 Pro ogs\u00e5 komplett med et Kategori I Automatisk utl\u00f8serhus (ofte referert til som &#8222;float free&#8220;). Dette sikrer at EPIRB automatisk utplasseres fra braketten av den interne hydrostatiske utl\u00f8sningsenheten, og deretter aktiveres og flyter automatisk til overflaten for \u00e5 sende n\u00f8dmeldingen til satellittnettverket.   <\/p>\n<p class=\"ai-optimize-47\">Automatic Release Housing (ARH) inkluderer ogs\u00e5 en praktisk adapter som gir flere ettermonteringsalternativer. Bruk adapteren for enkelt \u00e5 montere ARH ved \u00e5 bruke de samme monteringshullene som tidligere ble brukt for eldre og st\u00f8rre EPIRBS som Ocean Signal E100\/E100G, Jotron Tron 60s og McMurdo E5\/G5. <\/p>\n<p class=\"ai-optimize-48\">Trenger du \u00e5 oppgradere til en AIS-aktivert EPIRB ? Sjekk ut den nye <a href=\"https:\/\/oceansignal.com\/products\/safesea-epirb3-pro\/\">EPIRB3<\/a> <\/p>\n<p class=\"ai-optimize-49\"><strong>Funksjoner:<\/strong><\/p>\n<ul>\n<li class=\"ai-optimize-50\">Samsvarer med MED (2014\/90\/EU)<\/li>\n<li class=\"ai-optimize-51\">406 MHz (kobling via satellitt til n\u00f8detatene)<\/li>\n<li class=\"ai-optimize-52\">121,5 MHz homingsignal (for \u00e5 hjelpe endelig lokalisering ved s\u00f8k og redning)<\/li>\n<li class=\"ai-optimize-53\">Strobe med h\u00f8y intensitet<\/li>\n<li class=\"ai-optimize-54\">30 % (typ) Mindre<\/li>\n<li class=\"ai-optimize-55\">10 \u00e5rs batterilevetid<\/li>\n<li class=\"ai-optimize-56\">2 \u00e5rs garanti (kan utvide garantien til 5 \u00e5r via produktregistrering hos Ocean Signal )<\/li>\n<li class=\"ai-optimize-57\">66-kanals GPS (n\u00f8yaktig posisjonering)<\/li>\n<\/ul>\n<h3 class=\"ai-optimize-58\">Bytte ut din McMurdo EPIRB med Ocean Signal EPIRB1<\/h3>\n<p><iframe loading=\"lazy\" title=\"Replacing your McMurdo with the EPIRB1\" width=\"500\" height=\"281\" src=\"https:\/\/www.youtube.com\/embed\/7o7i59BIpQs?feature=oembed\" frameborder=\"0\" allow=\"accelerometer; autoplay; clipboard-write; encrypted-media; gyroscope; picture-in-picture; web-share\" referrerpolicy=\"strict-origin-when-cross-origin\" allowfullscreen><\/iframe><\/p>\n","protected":false},"excerpt":{"rendered":"<p>Verdens mest kompakte EPIRB med kategori I automatisk utl\u00f8serhus<\/p>\n<ul>\n<li>Engangskj\u00f8p. Ingen abonnementsavgift <\/li>\n<li>Inkluderer kategori I automatisk utl\u00f8serhus (ofte referert til som &#8222;flytefritt&#8220;)<\/li>\n<li>Samsvarer med radioutstyrsdirektivet: 2014 \/ 53 \/ EU<\/li>\n<li>406 MHz (kobling via satellitt til n\u00f8detatene)<\/li>\n<li>121,5 MHz homingsignal (for \u00e5 hjelpe endelig lokalisering ved s\u00f8k og redning)<\/li>\n<li>Strobe med h\u00f8y intensitet<\/li>\n<li>30 % (typ) Mindre<\/li>\n<li>10 \u00e5rs batterilevetid<\/li>\n<li>2 \u00e5rs garanti (kan utvide garantien til 5 \u00e5r via produktregistrering hos Ocean Signal )<\/li>\n<li>66-kanals GPS (n\u00f8yaktig posisjonering)<\/li>\n<\/ul>\n<p><a href=\"https:\/\/www.dropbox.com\/s\/fk04stqsp2hgk5f\/Prop%2065%20-%20DEHP.pdf?dl=0\">ADVARSEL (USA\/CA): PROP 65<\/a><\/p>\n","protected":false},"featured_media":12442,"template":"","meta":{"_acf_changed":false,"om_disable_all_campaigns":false},"product_brand":[],"product_cat":[879,602],"product_tag":[1276,881,911,920,1274],"class_list":{"0":"post-12896","1":"product","2":"type-product","3":"status-publish","4":"has-post-thumbnail","6":"product_cat-epirb-sk","7":"product_cat-rescueme-sk","8":"product_tag-automatisk-utloserhus","9":"product_tag-epirb-sk","10":"product_tag-epirb1-sk","11":"product_tag-epirb1-pro-sk","12":"product_tag-kategori-1-sk","14":"first","15":"instock","16":"taxable","17":"shipping-taxable","18":"purchasable","19":"product-type-simple"},"acf":[],"yoast_head":"<!-- This site is optimized with the Yoast SEO Premium plugin v25.2 (Yoast SEO v26.4) - https:\/\/yoast.com\/wordpress\/plugins\/seo\/ -->\n<title>rescueME EPIRB1 Pro - Ocean Signal<\/title>\n<meta name=\"description\" content=\"Ocean Signal EPIRB1 Pro med flytefri brakett: Din p\u00e5litelige f\u00f8lgesvenn for sj\u00f8sikkerhet, som sikrer rask n\u00f8dsignalering til sj\u00f8s.\" \/>\n<meta name=\"robots\" content=\"index, follow, max-snippet:-1, max-image-preview:large, max-video-preview:-1\" \/>\n<link rel=\"canonical\" href=\"https:\/\/oceansignal.com\/sk\/products\/rescueme-epirb1-pro\/\" \/>\n<meta property=\"og:locale\" content=\"sk_SK\" \/>\n<meta property=\"og:type\" content=\"article\" \/>\n<meta property=\"og:title\" content=\"rescueME EPIRB1 Pro\" \/>\n<meta property=\"og:description\" content=\"Ocean Signal EPIRB1 Pro med flytefri brakett: Din p\u00e5litelige f\u00f8lgesvenn for sj\u00f8sikkerhet, som sikrer rask n\u00f8dsignalering til sj\u00f8s.\" \/>\n<meta property=\"og:url\" content=\"https:\/\/oceansignal.com\/sk\/products\/rescueme-epirb1-pro\/\" \/>\n<meta property=\"og:site_name\" content=\"Ocean Signal\" \/>\n<meta property=\"article:modified_time\" content=\"2026-01-21T19:35:41+00:00\" \/>\n<meta property=\"og:image\" content=\"https:\/\/oceansignal.com\/wp-content\/uploads\/2023\/09\/EPRIB1-PRO-Front.png\" \/>\n\t<meta property=\"og:image:width\" content=\"800\" \/>\n\t<meta property=\"og:image:height\" content=\"800\" \/>\n\t<meta property=\"og:image:type\" content=\"image\/png\" \/>\n<meta name=\"twitter:card\" content=\"summary_large_image\" \/>\n<meta name=\"twitter:label1\" content=\"Predpokladan\u00fd \u010das \u010d\u00edtania\" \/>\n\t<meta name=\"twitter:data1\" content=\"2 min\u00faty\" \/>\n<script type=\"application\/ld+json\" class=\"yoast-schema-graph\">{\"@context\":\"https:\/\/schema.org\",\"@graph\":[{\"@type\":\"WebPage\",\"@id\":\"https:\/\/oceansignal.com\/sk\/products\/rescueme-epirb1-pro\/\",\"url\":\"https:\/\/oceansignal.com\/sk\/products\/rescueme-epirb1-pro\/\",\"name\":\"rescueME EPIRB1 Pro - Ocean Signal\",\"isPartOf\":{\"@id\":\"https:\/\/oceansignal.com\/sk\/#website\"},\"primaryImageOfPage\":{\"@id\":\"https:\/\/oceansignal.com\/sk\/products\/rescueme-epirb1-pro\/#primaryimage\"},\"image\":{\"@id\":\"https:\/\/oceansignal.com\/sk\/products\/rescueme-epirb1-pro\/#primaryimage\"},\"thumbnailUrl\":\"https:\/\/oceansignal.com\/wp-content\/uploads\/2023\/09\/EPRIB1-PRO-Front.png\",\"datePublished\":\"2023-09-07T12:15:25+00:00\",\"dateModified\":\"2026-01-21T19:35:41+00:00\",\"description\":\"Ocean Signal EPIRB1 Pro med flytefri brakett: Din p\u00e5litelige f\u00f8lgesvenn for sj\u00f8sikkerhet, som sikrer rask n\u00f8dsignalering til sj\u00f8s.\",\"breadcrumb\":{\"@id\":\"https:\/\/oceansignal.com\/sk\/products\/rescueme-epirb1-pro\/#breadcrumb\"},\"inLanguage\":\"sk-SK\",\"potentialAction\":[{\"@type\":\"ReadAction\",\"target\":[\"https:\/\/oceansignal.com\/sk\/products\/rescueme-epirb1-pro\/\"]}]},{\"@type\":\"ImageObject\",\"inLanguage\":\"sk-SK\",\"@id\":\"https:\/\/oceansignal.com\/sk\/products\/rescueme-epirb1-pro\/#primaryimage\",\"url\":\"https:\/\/oceansignal.com\/wp-content\/uploads\/2023\/09\/EPRIB1-PRO-Front.png\",\"contentUrl\":\"https:\/\/oceansignal.com\/wp-content\/uploads\/2023\/09\/EPRIB1-PRO-Front.png\",\"width\":800,\"height\":800},{\"@type\":\"BreadcrumbList\",\"@id\":\"https:\/\/oceansignal.com\/sk\/products\/rescueme-epirb1-pro\/#breadcrumb\",\"itemListElement\":[{\"@type\":\"ListItem\",\"position\":1,\"name\":\"Shop\",\"item\":\"https:\/\/oceansignal.com\/sk\/shop\/\"},{\"@type\":\"ListItem\",\"position\":2,\"name\":\"rescueME EPIRB1 Pro\"}]},{\"@type\":\"WebSite\",\"@id\":\"https:\/\/oceansignal.com\/sk\/#website\",\"url\":\"https:\/\/oceansignal.com\/sk\/\",\"name\":\"Ocean Signal\",\"description\":\"A leading manufacturer of EPIRBs, AIS, SARTs, Personal Locator Beacons, Man Overboard Beacon for the Marine and Outdoor Markets.\",\"potentialAction\":[{\"@type\":\"SearchAction\",\"target\":{\"@type\":\"EntryPoint\",\"urlTemplate\":\"https:\/\/oceansignal.com\/sk\/?s={search_term_string}\"},\"query-input\":{\"@type\":\"PropertyValueSpecification\",\"valueRequired\":true,\"valueName\":\"search_term_string\"}}],\"inLanguage\":\"sk-SK\"}]}<\/script>\n<!-- \/ Yoast SEO Premium plugin. -->","yoast_head_json":{"title":"rescueME EPIRB1 Pro - Ocean Signal","description":"Ocean Signal EPIRB1 Pro med flytefri brakett: Din p\u00e5litelige f\u00f8lgesvenn for sj\u00f8sikkerhet, som sikrer rask n\u00f8dsignalering til sj\u00f8s.","robots":{"index":"index","follow":"follow","max-snippet":"max-snippet:-1","max-image-preview":"max-image-preview:large","max-video-preview":"max-video-preview:-1"},"canonical":"https:\/\/oceansignal.com\/sk\/products\/rescueme-epirb1-pro\/","og_locale":"sk_SK","og_type":"article","og_title":"rescueME EPIRB1 Pro","og_description":"Ocean Signal EPIRB1 Pro med flytefri brakett: Din p\u00e5litelige f\u00f8lgesvenn for sj\u00f8sikkerhet, som sikrer rask n\u00f8dsignalering til sj\u00f8s.","og_url":"https:\/\/oceansignal.com\/sk\/products\/rescueme-epirb1-pro\/","og_site_name":"Ocean Signal","article_modified_time":"2026-01-21T19:35:41+00:00","og_image":[{"width":800,"height":800,"url":"https:\/\/oceansignal.com\/wp-content\/uploads\/2023\/09\/EPRIB1-PRO-Front.png","type":"image\/png"}],"twitter_card":"summary_large_image","twitter_misc":{"Predpokladan\u00fd \u010das \u010d\u00edtania":"2 min\u00faty"},"schema":{"@context":"https:\/\/schema.org","@graph":[{"@type":"WebPage","@id":"https:\/\/oceansignal.com\/sk\/products\/rescueme-epirb1-pro\/","url":"https:\/\/oceansignal.com\/sk\/products\/rescueme-epirb1-pro\/","name":"rescueME EPIRB1 Pro - Ocean Signal","isPartOf":{"@id":"https:\/\/oceansignal.com\/sk\/#website"},"primaryImageOfPage":{"@id":"https:\/\/oceansignal.com\/sk\/products\/rescueme-epirb1-pro\/#primaryimage"},"image":{"@id":"https:\/\/oceansignal.com\/sk\/products\/rescueme-epirb1-pro\/#primaryimage"},"thumbnailUrl":"https:\/\/oceansignal.com\/wp-content\/uploads\/2023\/09\/EPRIB1-PRO-Front.png","datePublished":"2023-09-07T12:15:25+00:00","dateModified":"2026-01-21T19:35:41+00:00","description":"Ocean Signal EPIRB1 Pro med flytefri brakett: Din p\u00e5litelige f\u00f8lgesvenn for sj\u00f8sikkerhet, som sikrer rask n\u00f8dsignalering til sj\u00f8s.","breadcrumb":{"@id":"https:\/\/oceansignal.com\/sk\/products\/rescueme-epirb1-pro\/#breadcrumb"},"inLanguage":"sk-SK","potentialAction":[{"@type":"ReadAction","target":["https:\/\/oceansignal.com\/sk\/products\/rescueme-epirb1-pro\/"]}]},{"@type":"ImageObject","inLanguage":"sk-SK","@id":"https:\/\/oceansignal.com\/sk\/products\/rescueme-epirb1-pro\/#primaryimage","url":"https:\/\/oceansignal.com\/wp-content\/uploads\/2023\/09\/EPRIB1-PRO-Front.png","contentUrl":"https:\/\/oceansignal.com\/wp-content\/uploads\/2023\/09\/EPRIB1-PRO-Front.png","width":800,"height":800},{"@type":"BreadcrumbList","@id":"https:\/\/oceansignal.com\/sk\/products\/rescueme-epirb1-pro\/#breadcrumb","itemListElement":[{"@type":"ListItem","position":1,"name":"Shop","item":"https:\/\/oceansignal.com\/sk\/shop\/"},{"@type":"ListItem","position":2,"name":"rescueME EPIRB1 Pro"}]},{"@type":"WebSite","@id":"https:\/\/oceansignal.com\/sk\/#website","url":"https:\/\/oceansignal.com\/sk\/","name":"Ocean Signal","description":"A leading manufacturer of EPIRBs, AIS, SARTs, Personal Locator Beacons, Man Overboard Beacon for the Marine and Outdoor Markets.","potentialAction":[{"@type":"SearchAction","target":{"@type":"EntryPoint","urlTemplate":"https:\/\/oceansignal.com\/sk\/?s={search_term_string}"},"query-input":{"@type":"PropertyValueSpecification","valueRequired":true,"valueName":"search_term_string"}}],"inLanguage":"sk-SK"}]}},"_links":{"self":[{"href":"https:\/\/oceansignal.com\/sk\/wp-json\/wp\/v2\/product\/12896","targetHints":{"allow":["GET"]}}],"collection":[{"href":"https:\/\/oceansignal.com\/sk\/wp-json\/wp\/v2\/product"}],"about":[{"href":"https:\/\/oceansignal.com\/sk\/wp-json\/wp\/v2\/types\/product"}],"wp:featuredmedia":[{"embeddable":true,"href":"https:\/\/oceansignal.com\/sk\/wp-json\/wp\/v2\/media\/12442"}],"wp:attachment":[{"href":"https:\/\/oceansignal.com\/sk\/wp-json\/wp\/v2\/media?parent=12896"}],"wp:term":[{"taxonomy":"product_brand","embeddable":true,"href":"https:\/\/oceansignal.com\/sk\/wp-json\/wp\/v2\/product_brand?post=12896"},{"taxonomy":"product_cat","embeddable":true,"href":"https:\/\/oceansignal.com\/sk\/wp-json\/wp\/v2\/product_cat?post=12896"},{"taxonomy":"product_tag","embeddable":true,"href":"https:\/\/oceansignal.com\/sk\/wp-json\/wp\/v2\/product_tag?post=12896"}],"curies":[{"name":"wp","href":"https:\/\/api.w.org\/{rel}","templated":true}]}}