{"id":12899,"date":"2023-09-07T14:09:53","date_gmt":"2023-09-07T14:09:53","guid":{"rendered":"https:\/\/oceansignal.com\/products\/rescueme-plb3\/"},"modified":"2026-03-26T11:50:56","modified_gmt":"2026-03-26T11:50:56","slug":"rescueme-plb3","status":"publish","type":"product","link":"https:\/\/oceansignal.com\/sk\/products\/rescueme-plb3\/","title":{"rendered":"rescueME PLB3"},"content":{"rendered":"<p class=\"ai-optimize-42 ai-optimize-introduction\">Vi introduserer den <a href=\"https:\/\/oceansignal.com\/news\/ocean-signal-wins-overall-dame-design-award-2022-for-rescueme-plb3-ais-personal-locator-beacon\/\">prisbel\u00f8nte<\/a> Ocean Signal rescueME PLB3 AIS Personal Locator Beacon, n\u00e5 gratis mobilapp. PLB3 sender p\u00e5 det verdensomspennende <a href=\"https:\/\/www.cospas-sarsat.int\/en\/\">Cospas Sarsat<\/a> -satellittsystemet som inkluderer 3 forskjellige konstellasjoner for \u00e5 sikre at ditt 406 MHz n\u00f8dsignal umiddelbart n\u00e5r det globale nettverket av s\u00f8ke- og redningsstyrker med din posisjon n\u00f8yaktig innenfor 100 meter. Med flere niv\u00e5er av integrert signaleringsteknologi inkludert 406 MHz og GNSS (GPS, <a href=\"https:\/\/www.euspa.europa.eu\/european-space\/galileo\/services\/search-and-rescue-sar-galileo-service\">Galileo<\/a> , Glonass) posisjonering, sender PLB3 ogs\u00e5 et 121,5 MHz m\u00e5ls\u00f8kingssignal som leder s\u00f8ke- og redningstjenestene til beaconets n\u00e5v\u00e6rende plassering n\u00e5r de ankommer stedet, ettersom beaconet kan ha drevet fra den opprinnelige overf\u00f8ringsposisjonen. Tillegget av AIS-overf\u00f8ringer (Automatic Identification System) betyr at PLB3 AIS Personal Locator Beacon samtidig varsler alle fart\u00f8yer utstyrt med AIS-transpondere innenfor VHF-radiorekkevidden til PLB n\u00f8dposisjon. Dette \u00f8ker betraktelig b\u00e5de sannsynligheten og hastigheten for redning siden n\u00e6rliggende fart\u00f8yer mottar varslene. Umiddelbart etter utplassering av beaconet vises en AIS-sikkerhetsmelding eller MOB alarm med beaconets MMSI og plassering p\u00e5 alle AIS-skjermer innenfor rekkevidde. Dette gj\u00f8r det enkelt for n\u00e6rliggende fart\u00f8yer \u00e5 komme seg inn p\u00e5 beacon siden det er et aktivt AIS-m\u00e5l p\u00e5 skjermene deres.      <\/p>\n<p class=\"ai-optimize-44\">PLB3 vil lyse veien n\u00e5r redningsmann ankommer stedet med b\u00e5de en hvit synlig strobe og infrar\u00f8d strobe som gir redningsmenn den visuelle referansen de trenger under nattetid eller andre redningsoperasjoner med d\u00e5rlig sikt.<\/p>\n<p class=\"ai-optimize-45\"><strong>Smartphone-tilkobling ved bruk av n\u00e6rfeltskommunikasjon (NFC)<\/strong><\/p>\n<p class=\"ai-optimize-46\">Integrasjonen av <a href=\"https:\/\/www.youtube.com\/watch?v=MRXLii6r3n4\">NFC-teknologi<\/a> gir brukerne muligheten til \u00e5 enkelt f\u00e5 tilgang til beacon-data fra mobiltelefonen. Den enkle handlingen \u00e5 plassere en telefon i n\u00e6rheten av beacon \u00e5pner automatisk Ocean Signal Product-appen og gir tilgang til et vell av bruksdata, inkludert gjeldende batterilevetid, antall fullf\u00f8rte selvtester, antall fullf\u00f8rte GNSS-tester, og hvis aktuelt, hvor lenge beaconen har blitt aktivert. Detaljert informasjon om hver selvtest og GNSS-test utf\u00f8rt av beacon er ogs\u00e5 tilgjengelig hvis \u00f8nskelig. For hver vellykket GNSS-test kan brukere se et kart som viser n\u00f8yaktig hvor testen ble utf\u00f8rt, datoen og klokkeslettet for testen, tiden det tok beaconen \u00e5 f\u00e5 en fiksering p\u00e5 GNSS-koordinatene dine, antall satellitter beaconen brukte for \u00e5 oppn\u00e5 den rettelsen, og n\u00f8yaktigheten til plasseringen.   <\/p>\n<p class=\"ai-optimize-47\"><strong> <\/strong><\/p>\n<p class=\"ai-optimize-48\"><strong>Returkoblingstjeneste<\/strong><\/p>\n<p class=\"ai-optimize-49\">Returkoblingstjeneste eller RLS-funksjonalitet fungerer n\u00e5r Search and Rescue sender et signal tilbake gjennom <a href=\"https:\/\/www.euspa.europa.eu\/european-space\/galileo\/services\/search-and-rescue-sar-galileo-service\">Galileos satellittnettverk<\/a> for \u00e5 bekrefte til beacon-brukeren at n\u00f8dmeldingen deres er mottatt og deres plassering oppdaget. Brukerbekreftelse indikeres tydelig med et blinkende bl\u00e5tt lys p\u00e5 PLB3 . I tillegg til \u00e5 inkludere et omfattende funksjonssett, er PLB3 AIS Personal Locator Beacon bygget for komfort. Nyt tryggheten ved \u00e5 vite at n\u00f8dmeldingen din har blitt levert og at hjelp er p\u00e5 vei.   <\/p>\n<p>&nbsp;<\/p>\n<p class=\"ai-optimize-50\"><strong>Integrasjon av redningsvest<\/strong><\/p>\n<p class=\"ai-optimize-51\">PLB3 er designet for \u00e5 installeres i en redningsvest og aktiveres ved oppbl\u00e5sing av jakken (halvautomatisk). <a href=\"https:\/\/www.youtube.com\/watch?v=eeTKOFMkfxM\">Installasjonen gj\u00f8res enkel<\/a> ved \u00e5 bruke den medf\u00f8lgende orale oppbl\u00e5sningsr\u00f8rklemmen for \u00e5 feste PLB3 til redningsvesten med et b\u00e5nd koblet rundt bl\u00e6ren p\u00e5 redningsvesten. N\u00e5r den er riktig installert, utl\u00f8ser handlingen av at redningsvesten bl\u00e5ses opp utl\u00f8sning av antennen og aktivering av beacon. <\/p>\n<p class=\"ai-optimize-36\"><strong>Det anbefales \u00e5 konsultere redningsvestprodusenten f\u00f8r installasjon, da spesifikke modeller kan ha sin egen foretrukne monteringsmetode eller integreringsanbefalinger.<\/strong><\/p>\n<p class=\"ai-optimize-52\">Brukere som ikke \u00f8nsker \u00e5 installere PLB3 i en redningsvest har muligheten til \u00e5 bruke den medf\u00f8lgende b\u00e5ndklemmen for \u00e5 feste beacon til et belte av passende st\u00f8rrelse eller b\u00e5ndet til en flytende redningsvest.<\/p>\n<p>&nbsp;<\/p>\n<p class=\"ai-optimize-53\"><strong>Funksjoner:<\/strong><\/p>\n<ul>\n<li class=\"ai-optimize-54\">Ingen abonnement kreves<\/li>\n<li class=\"ai-optimize-55\">406 MHz <a href=\"https:\/\/www.cospas-sarsat.int\/en\/\">Cospas Sarsat<\/a> n\u00f8dsignal (MEOSAR-kompatibel)<\/li>\n<li class=\"ai-optimize-56\">121,5 MHz lokalt m\u00e5ls\u00f8kingssignal<\/li>\n<li class=\"ai-optimize-57\">AIS (Automatic Identification System) lokaliseringssignal<\/li>\n<li class=\"ai-optimize-58\">Smartphone-tilkobling via NFC (Near Field Communication)<\/li>\n<li class=\"ai-optimize-59\">Gratis Ocean Signal Beacon mobilapp (IOS og Android)<\/li>\n<li class=\"ai-optimize-60\">Return Link Service (RLS) funksjonalitet<\/li>\n<li class=\"ai-optimize-61\">GNSS via GPS og <a href=\"https:\/\/www.euspa.europa.eu\/european-space\/galileo\/services\/search-and-rescue-sar-galileo-service\">Galileo-<\/a> satellitter<\/li>\n<li class=\"ai-optimize-62\">Strobe og infrar\u00f8d strobelys<\/li>\n<li class=\"ai-optimize-63\">Global dekning<\/li>\n<li class=\"ai-optimize-64\">Enkelt PFD-feste<\/li>\n<li class=\"ai-optimize-65\">Designet for \u00e5 integreres med vanlige oppbl\u00e5sbare PFD-er<\/li>\n<li class=\"ai-optimize-66\">Multifunksjonsklipssystem inkludert<\/li>\n<li class=\"ai-optimize-67\">Liten og lett<\/li>\n<li class=\"ai-optimize-68\">Batterilevetid: 6 \u00e5r fra produksjonsdato eller 5 \u00e5r etter at beacon er tatt i bruk.<\/li>\n<li class=\"ai-optimize-69\">Over 24 timers driftslevetid<\/li>\n<\/ul>\n<p>&nbsp;<\/p>\n","protected":false},"excerpt":{"rendered":"<p class=\"ai-optimize-37\">Verdens <strong>F\u00d8RSTE<\/strong> PLB med AIS og verdens <strong>F\u00d8RSTE<\/strong> PLB som inkluderer NFC og mobilapp<\/p>\n<ul>\n<li class=\"ai-optimize-38\" data-start=\"71\" data-end=\"199\">\n<p class=\"ai-optimize-39\" data-start=\"73\" data-end=\"199\"><strong data-start=\"73\" data-end=\"97\">Trippelvarslingssystem:<\/strong> Sender globalt 406 MHz n\u00f8dsignal, AIS for fart\u00f8y i n\u00e6rheten og 121,5 MHz hjems\u00f8king for globale redningsmannskaper<\/p>\n<\/li>\n<li class=\"ai-optimize-40\" data-start=\"71\" data-end=\"199\"><strong data-start=\"406\" data-end=\"427\">Redningsvestklar design:<\/strong> Inkluderer en multifunksjonsklips og er designet for \u00e5 integreres s\u00f8ml\u00f8st med de fleste oppbl\u00e5sbare redningsvester<\/li>\n<li class=\"ai-optimize-41\" data-start=\"200\" data-end=\"302\">\n<p class=\"ai-optimize-42\" data-start=\"202\" data-end=\"302\"><strong data-start=\"202\" data-end=\"224\">Smart og tilkoblet:<\/strong> NFC-aktivert for oppsett og statussjekk via gratis mobilapp (iOS og Android)<\/p>\n<\/li>\n<li class=\"ai-optimize-43\" data-start=\"303\" data-end=\"403\">\n<p class=\"ai-optimize-44\" data-start=\"305\" data-end=\"403\"><strong data-start=\"305\" data-end=\"326\">Ingen abonnementer:<\/strong> Engangskj\u00f8p med 6 \u00e5rs batterilevetid og 24+ timers aktiveringstid<\/p>\n<\/li>\n<li class=\"ai-optimize-45\" data-start=\"303\" data-end=\"403\"><strong>Tilbud: GRATIS <a href=\"https:\/\/oceansignal.com\/sk\/products\/plb1-flytepose-copy\/\">PLB3 flytepose<\/a><\/strong> med hver PLB3. Bruk koden: PLB3Pouch i kassen <\/li>\n<\/ul>\n","protected":false},"featured_media":11876,"template":"","meta":{"_acf_changed":false,"om_disable_all_campaigns":false},"product_brand":[],"product_cat":[1989,940,602],"product_tag":[944,882,942,941,943,883],"class_list":{"0":"post-12899","1":"product","2":"type-product","3":"status-publish","4":"has-post-thumbnail","6":"product_cat-kompatibel-med-redningsvester","7":"product_cat-personlige-lokaliseringssignaler-sk","8":"product_cat-rescueme-sk","9":"product_tag-406mhz-sk","10":"product_tag-nfc-sk","11":"product_tag-personal-locator-beacon-sk","12":"product_tag-plb-sk","13":"product_tag-plb3-sk","14":"product_tag-rls-sk","16":"first","17":"instock","18":"taxable","19":"shipping-taxable","20":"purchasable","21":"product-type-simple"},"acf":[],"yoast_head":"<!-- This site is optimized with the Yoast SEO Premium plugin v25.2 (Yoast SEO v26.4) - https:\/\/yoast.com\/wordpress\/plugins\/seo\/ -->\n<title>rescueME PLB3 - Ocean Signal<\/title>\n<meta name=\"description\" content=\"Ocean Signal rescueME PLB3 AIS Personal Locator Beacon er den f\u00f8rste og eneste PLB med 406 MHz, returkoblingstjeneste og mobilapp. Kj\u00f8p n\u00e5.\" \/>\n<meta name=\"robots\" content=\"index, follow, max-snippet:-1, max-image-preview:large, max-video-preview:-1\" \/>\n<link rel=\"canonical\" href=\"https:\/\/oceansignal.com\/sk\/products\/rescueme-plb3\/\" \/>\n<meta property=\"og:locale\" content=\"sk_SK\" \/>\n<meta property=\"og:type\" content=\"article\" \/>\n<meta property=\"og:title\" content=\"rescueME PLB3\" \/>\n<meta property=\"og:description\" content=\"Ocean Signal rescueME PLB3 AIS Personal Locator Beacon er den f\u00f8rste og eneste PLB med 406 MHz, returkoblingstjeneste og mobilapp. Kj\u00f8p n\u00e5.\" \/>\n<meta property=\"og:url\" content=\"https:\/\/oceansignal.com\/sk\/products\/rescueme-plb3\/\" \/>\n<meta property=\"og:site_name\" content=\"Ocean Signal\" \/>\n<meta property=\"article:modified_time\" content=\"2026-03-26T11:50:56+00:00\" \/>\n<meta property=\"og:image\" content=\"https:\/\/oceansignal.com\/wp-content\/uploads\/2023\/09\/OSL-PLB3-Front.png\" \/>\n\t<meta property=\"og:image:width\" content=\"2000\" \/>\n\t<meta property=\"og:image:height\" content=\"2000\" \/>\n\t<meta property=\"og:image:type\" content=\"image\/png\" \/>\n<meta name=\"twitter:card\" content=\"summary_large_image\" \/>\n<meta name=\"twitter:label1\" content=\"Predpokladan\u00fd \u010das \u010d\u00edtania\" \/>\n\t<meta name=\"twitter:data1\" content=\"3 min\u00faty\" \/>\n<script type=\"application\/ld+json\" class=\"yoast-schema-graph\">{\"@context\":\"https:\/\/schema.org\",\"@graph\":[{\"@type\":\"WebPage\",\"@id\":\"https:\/\/oceansignal.com\/sk\/products\/rescueme-plb3\/\",\"url\":\"https:\/\/oceansignal.com\/sk\/products\/rescueme-plb3\/\",\"name\":\"rescueME PLB3 - Ocean Signal\",\"isPartOf\":{\"@id\":\"https:\/\/oceansignal.com\/sk\/#website\"},\"primaryImageOfPage\":{\"@id\":\"https:\/\/oceansignal.com\/sk\/products\/rescueme-plb3\/#primaryimage\"},\"image\":{\"@id\":\"https:\/\/oceansignal.com\/sk\/products\/rescueme-plb3\/#primaryimage\"},\"thumbnailUrl\":\"https:\/\/oceansignal.com\/wp-content\/uploads\/2023\/09\/OSL-PLB3-Front.png\",\"datePublished\":\"2023-09-07T14:09:53+00:00\",\"dateModified\":\"2026-03-26T11:50:56+00:00\",\"description\":\"Ocean Signal rescueME PLB3 AIS Personal Locator Beacon er den f\u00f8rste og eneste PLB med 406 MHz, returkoblingstjeneste og mobilapp. Kj\u00f8p n\u00e5.\",\"breadcrumb\":{\"@id\":\"https:\/\/oceansignal.com\/sk\/products\/rescueme-plb3\/#breadcrumb\"},\"inLanguage\":\"sk-SK\",\"potentialAction\":[{\"@type\":\"ReadAction\",\"target\":[\"https:\/\/oceansignal.com\/sk\/products\/rescueme-plb3\/\"]}]},{\"@type\":\"ImageObject\",\"inLanguage\":\"sk-SK\",\"@id\":\"https:\/\/oceansignal.com\/sk\/products\/rescueme-plb3\/#primaryimage\",\"url\":\"https:\/\/oceansignal.com\/wp-content\/uploads\/2023\/09\/OSL-PLB3-Front.png\",\"contentUrl\":\"https:\/\/oceansignal.com\/wp-content\/uploads\/2023\/09\/OSL-PLB3-Front.png\",\"width\":2000,\"height\":2000},{\"@type\":\"BreadcrumbList\",\"@id\":\"https:\/\/oceansignal.com\/sk\/products\/rescueme-plb3\/#breadcrumb\",\"itemListElement\":[{\"@type\":\"ListItem\",\"position\":1,\"name\":\"Shop\",\"item\":\"https:\/\/oceansignal.com\/sk\/shop\/\"},{\"@type\":\"ListItem\",\"position\":2,\"name\":\"rescueME PLB3\"}]},{\"@type\":\"WebSite\",\"@id\":\"https:\/\/oceansignal.com\/sk\/#website\",\"url\":\"https:\/\/oceansignal.com\/sk\/\",\"name\":\"Ocean Signal\",\"description\":\"A leading manufacturer of EPIRBs, AIS, SARTs, Personal Locator Beacons, Man Overboard Beacon for the Marine and Outdoor Markets.\",\"potentialAction\":[{\"@type\":\"SearchAction\",\"target\":{\"@type\":\"EntryPoint\",\"urlTemplate\":\"https:\/\/oceansignal.com\/sk\/?s={search_term_string}\"},\"query-input\":{\"@type\":\"PropertyValueSpecification\",\"valueRequired\":true,\"valueName\":\"search_term_string\"}}],\"inLanguage\":\"sk-SK\"}]}<\/script>\n<!-- \/ Yoast SEO Premium plugin. -->","yoast_head_json":{"title":"rescueME PLB3 - Ocean Signal","description":"Ocean Signal rescueME PLB3 AIS Personal Locator Beacon er den f\u00f8rste og eneste PLB med 406 MHz, returkoblingstjeneste og mobilapp. Kj\u00f8p n\u00e5.","robots":{"index":"index","follow":"follow","max-snippet":"max-snippet:-1","max-image-preview":"max-image-preview:large","max-video-preview":"max-video-preview:-1"},"canonical":"https:\/\/oceansignal.com\/sk\/products\/rescueme-plb3\/","og_locale":"sk_SK","og_type":"article","og_title":"rescueME PLB3","og_description":"Ocean Signal rescueME PLB3 AIS Personal Locator Beacon er den f\u00f8rste og eneste PLB med 406 MHz, returkoblingstjeneste og mobilapp. Kj\u00f8p n\u00e5.","og_url":"https:\/\/oceansignal.com\/sk\/products\/rescueme-plb3\/","og_site_name":"Ocean Signal","article_modified_time":"2026-03-26T11:50:56+00:00","og_image":[{"width":2000,"height":2000,"url":"https:\/\/oceansignal.com\/wp-content\/uploads\/2023\/09\/OSL-PLB3-Front.png","type":"image\/png"}],"twitter_card":"summary_large_image","twitter_misc":{"Predpokladan\u00fd \u010das \u010d\u00edtania":"3 min\u00faty"},"schema":{"@context":"https:\/\/schema.org","@graph":[{"@type":"WebPage","@id":"https:\/\/oceansignal.com\/sk\/products\/rescueme-plb3\/","url":"https:\/\/oceansignal.com\/sk\/products\/rescueme-plb3\/","name":"rescueME PLB3 - Ocean Signal","isPartOf":{"@id":"https:\/\/oceansignal.com\/sk\/#website"},"primaryImageOfPage":{"@id":"https:\/\/oceansignal.com\/sk\/products\/rescueme-plb3\/#primaryimage"},"image":{"@id":"https:\/\/oceansignal.com\/sk\/products\/rescueme-plb3\/#primaryimage"},"thumbnailUrl":"https:\/\/oceansignal.com\/wp-content\/uploads\/2023\/09\/OSL-PLB3-Front.png","datePublished":"2023-09-07T14:09:53+00:00","dateModified":"2026-03-26T11:50:56+00:00","description":"Ocean Signal rescueME PLB3 AIS Personal Locator Beacon er den f\u00f8rste og eneste PLB med 406 MHz, returkoblingstjeneste og mobilapp. Kj\u00f8p n\u00e5.","breadcrumb":{"@id":"https:\/\/oceansignal.com\/sk\/products\/rescueme-plb3\/#breadcrumb"},"inLanguage":"sk-SK","potentialAction":[{"@type":"ReadAction","target":["https:\/\/oceansignal.com\/sk\/products\/rescueme-plb3\/"]}]},{"@type":"ImageObject","inLanguage":"sk-SK","@id":"https:\/\/oceansignal.com\/sk\/products\/rescueme-plb3\/#primaryimage","url":"https:\/\/oceansignal.com\/wp-content\/uploads\/2023\/09\/OSL-PLB3-Front.png","contentUrl":"https:\/\/oceansignal.com\/wp-content\/uploads\/2023\/09\/OSL-PLB3-Front.png","width":2000,"height":2000},{"@type":"BreadcrumbList","@id":"https:\/\/oceansignal.com\/sk\/products\/rescueme-plb3\/#breadcrumb","itemListElement":[{"@type":"ListItem","position":1,"name":"Shop","item":"https:\/\/oceansignal.com\/sk\/shop\/"},{"@type":"ListItem","position":2,"name":"rescueME PLB3"}]},{"@type":"WebSite","@id":"https:\/\/oceansignal.com\/sk\/#website","url":"https:\/\/oceansignal.com\/sk\/","name":"Ocean Signal","description":"A leading manufacturer of EPIRBs, AIS, SARTs, Personal Locator Beacons, Man Overboard Beacon for the Marine and Outdoor Markets.","potentialAction":[{"@type":"SearchAction","target":{"@type":"EntryPoint","urlTemplate":"https:\/\/oceansignal.com\/sk\/?s={search_term_string}"},"query-input":{"@type":"PropertyValueSpecification","valueRequired":true,"valueName":"search_term_string"}}],"inLanguage":"sk-SK"}]}},"_links":{"self":[{"href":"https:\/\/oceansignal.com\/sk\/wp-json\/wp\/v2\/product\/12899","targetHints":{"allow":["GET"]}}],"collection":[{"href":"https:\/\/oceansignal.com\/sk\/wp-json\/wp\/v2\/product"}],"about":[{"href":"https:\/\/oceansignal.com\/sk\/wp-json\/wp\/v2\/types\/product"}],"wp:featuredmedia":[{"embeddable":true,"href":"https:\/\/oceansignal.com\/sk\/wp-json\/wp\/v2\/media\/11876"}],"wp:attachment":[{"href":"https:\/\/oceansignal.com\/sk\/wp-json\/wp\/v2\/media?parent=12899"}],"wp:term":[{"taxonomy":"product_brand","embeddable":true,"href":"https:\/\/oceansignal.com\/sk\/wp-json\/wp\/v2\/product_brand?post=12899"},{"taxonomy":"product_cat","embeddable":true,"href":"https:\/\/oceansignal.com\/sk\/wp-json\/wp\/v2\/product_cat?post=12899"},{"taxonomy":"product_tag","embeddable":true,"href":"https:\/\/oceansignal.com\/sk\/wp-json\/wp\/v2\/product_tag?post=12899"}],"curies":[{"name":"wp","href":"https:\/\/api.w.org\/{rel}","templated":true}]}}