{"id":12900,"date":"2023-09-07T13:28:52","date_gmt":"2023-09-07T13:28:52","guid":{"rendered":"https:\/\/oceansignal.com\/products\/rescueme-plb1\/"},"modified":"2025-11-12T10:40:09","modified_gmt":"2025-11-12T10:40:09","slug":"rescueme-plb1","status":"publish","type":"product","link":"https:\/\/oceansignal.com\/sk\/products\/rescueme-plb1\/","title":{"rendered":"rescueME PLB1 Personal Locator Beacon"},"content":{"rendered":"<p>FOR kunder i USA\/California: <a href=\"https:\/\/www.dropbox.com\/s\/fk04stqsp2hgk5f\/Prop%2065%20-%20DEHP.pdf?dl=0\">ADVARSEL: PROP 65<\/a><\/p>\n<h3>GRATIS <a href=\"https:\/\/oceansignal.com\/sk\/products\/plb1-flytepose\/\">PLB1 flytepose<\/a> verdt 19,99 med hver PLB1-bestilling. Bruk koden: Pouch2025 i handlekurven. <\/h3>\n<p><img loading=\"lazy\" decoding=\"async\" class=\"\" src=\"https:\/\/oceansignal.com\/wp-content\/uploads\/2025\/10\/Free-PLB1-Floatation-Pouch-with-every-order-Ocean-Signal.png\" width=\"129\" height=\"179\"><\/p>\n<p>&nbsp;<\/p>\n<p><strong>RescueMe PLB1<\/strong> kan betjenes med \u00e9n h\u00e5nd i selv de mest utfordrende situasjoner. En enkel fj\u00e6rbelastet klaff dekker aktiveringsknappen og forhindrer utilsiktet bruk. Det integrerte ultra-sterke strobelyset sikrer maksimal synlighet og antenneutplassering kunne ikke v\u00e6rt enklere, med et forsiktig trekk frigj\u00f8res antennen.  <\/p>\n<p><strong>rescueME PLB1<\/strong> fungerer med det eneste offisielt anerkjente verdensomspennende dedikerte s\u00f8ke- og redningssatellittnettverket (drevet av Cospas Sarsat). Siden dette er finansiert av myndighetene, er det INGEN KOSTNADER for \u00e5 bruke denne tjenesten. N\u00e5r den er aktivert, sender Personal Locator Beacon din posisjon og din ID til et redningskoordineringssenter via satellittlink. Redningstjenester n\u00e6rmest deg blir umiddelbart varslet om n\u00f8dssituasjonen og regelmessig informert om din n\u00e5v\u00e6rende posisjon for \u00e5 hjelpe til med rask redning.   <\/p>\n<p><strong>Funksjoner:<\/strong><\/p>\n<ul>\n<li>Gratis \u00e5 bruke, ingen abonnementskostnader<\/li>\n<li>30 % mindre (typ) etter volum<\/li>\n<li>Vanntett til 15 meter<\/li>\n<li>Vekt 116 gram<\/li>\n<li>Passer lett til redningsvest*<\/li>\n<li>Uttrekkbar antenne<\/li>\n<li>7 \u00e5rs batterilevetid<\/li>\n<li>24+ timers driftslevetid<\/li>\n<li>Strobelys med h\u00f8y lysstyrke&gt; 1 candela<\/li>\n<li>66 kanals GPS-mottaker<\/li>\n<li>Unik monteringsklips<\/li>\n<li>Opererer p\u00e5 det globale Cospas Sarsat redningssystemet<\/li>\n<\/ul>\n<p>rescueME PLB1 har en valgfri flytepose** for \u00e5 gj\u00f8re den i stand til \u00e5 flyte. V\u00e6r oppmerksom p\u00e5 at PLB ikke vil flyte i en driftsstilling i posen. S\u00f8rg for at PLB er godt festet til posen med den medf\u00f8lgende snoren, med egnede selvl\u00e5sende knuter.  <\/p>\n<p><em>* Se alltid til produsenten for spesifikke instruksjoner f\u00f8r du installerer dette produktet direkte p\u00e5 redningsvesten.<br \/>\n** For \u00e5 overholde nasjonal forskrift har PLB1 beacons levert til Australia og New Zealand en flytepose permanent festet<br \/>\n<\/em><\/p>\n","protected":false},"excerpt":{"rendered":"<p>Verdens mest kompakte PLB . Stolt konstruert og produsert i Storbritannia. <\/p>\n<ul>\n<li style=\"list-style-type: none;\">\n<ul>\n<li><strong>Gratis \u00e5 bruke, ingen abonnementsavgifter. Global dekning d\u00f8gnet rundt, \u00e5ret rundt. <\/strong><\/li>\n<\/ul>\n<\/li>\n<\/ul>\n<ul>\n<li style=\"list-style-type: none;\">\n<ul>\n<li><strong>Egnet for marine, luftfart og utend\u00f8rs bruk<\/strong><\/li>\n<\/ul>\n<\/li>\n<\/ul>\n<ul>\n<li style=\"list-style-type: none;\">\n<ul>\n<li><strong>121,5 MHz hjems\u00f8kende fyr + Dedikert 406 MHz n\u00f8dsignal med 66-kanals GPS<\/strong><\/li>\n<\/ul>\n<\/li>\n<\/ul>\n<ul>\n<li style=\"list-style-type: none;\">\n<ul>\n<li><strong>24+ timers driftslevetid etter aktivering<\/strong><\/li>\n<\/ul>\n<\/li>\n<\/ul>\n<ul>\n<li style=\"list-style-type: none;\">\n<ul>\n<li><strong>Robust, vanntett ned til 15 m<\/strong><\/li>\n<\/ul>\n<\/li>\n<\/ul>\n","protected":false},"featured_media":12459,"template":"","meta":{"_acf_changed":false,"om_disable_all_campaigns":false},"product_brand":[],"product_cat":[1989,940,602],"product_tag":[946,942,941,945],"class_list":{"0":"post-12900","1":"product","2":"type-product","3":"status-publish","4":"has-post-thumbnail","6":"product_cat-kompatibel-med-redningsvester","7":"product_cat-personlige-lokaliseringssignaler-sk","8":"product_cat-rescueme-sk","9":"product_tag-meosar-sk","10":"product_tag-personal-locator-beacon-sk","11":"product_tag-plb-sk","12":"product_tag-plb1-sk","14":"first","15":"instock","16":"taxable","17":"shipping-taxable","18":"purchasable","19":"product-type-simple"},"acf":[],"yoast_head":"<!-- This site is optimized with the Yoast SEO Premium plugin v25.2 (Yoast SEO v26.4) - https:\/\/yoast.com\/wordpress\/plugins\/seo\/ -->\n<title>rescueME PLB1 Personal Locator Beacon - Ocean Signal<\/title>\n<meta name=\"description\" content=\"Ocean Signal rescueME PLB1 : Ditt kompakte personlige lokaliseringsfyr for utend\u00f8rseventyr. P\u00e5litelig beacon-teknologi for p\u00e5litelig n\u00f8dsignalering. Kj\u00f8p n\u00e5!\" \/>\n<meta name=\"robots\" content=\"index, follow, max-snippet:-1, max-image-preview:large, max-video-preview:-1\" \/>\n<link rel=\"canonical\" href=\"https:\/\/oceansignal.com\/sk\/products\/rescueme-plb1\/\" \/>\n<meta property=\"og:locale\" content=\"sk_SK\" \/>\n<meta property=\"og:type\" content=\"article\" \/>\n<meta property=\"og:title\" content=\"rescueME PLB1 Personal Locator Beacon\" \/>\n<meta property=\"og:description\" content=\"Ocean Signal rescueME PLB1 : Ditt kompakte personlige lokaliseringsfyr for utend\u00f8rseventyr. P\u00e5litelig beacon-teknologi for p\u00e5litelig n\u00f8dsignalering. Kj\u00f8p n\u00e5!\" \/>\n<meta property=\"og:url\" content=\"https:\/\/oceansignal.com\/sk\/products\/rescueme-plb1\/\" \/>\n<meta property=\"og:site_name\" content=\"Ocean Signal\" \/>\n<meta property=\"article:modified_time\" content=\"2025-11-12T10:40:09+00:00\" \/>\n<meta property=\"og:image\" content=\"https:\/\/oceansignal.com\/wp-content\/uploads\/2023\/09\/Ocean-Signal-PLB1-Front-2.png\" \/>\n\t<meta property=\"og:image:width\" content=\"800\" \/>\n\t<meta property=\"og:image:height\" content=\"800\" \/>\n\t<meta property=\"og:image:type\" content=\"image\/png\" \/>\n<meta name=\"twitter:card\" content=\"summary_large_image\" \/>\n<meta name=\"twitter:label1\" content=\"Predpokladan\u00fd \u010das \u010d\u00edtania\" \/>\n\t<meta name=\"twitter:data1\" content=\"1 min\u00fata\" \/>\n<script type=\"application\/ld+json\" class=\"yoast-schema-graph\">{\"@context\":\"https:\/\/schema.org\",\"@graph\":[{\"@type\":\"WebPage\",\"@id\":\"https:\/\/oceansignal.com\/sk\/products\/rescueme-plb1\/\",\"url\":\"https:\/\/oceansignal.com\/sk\/products\/rescueme-plb1\/\",\"name\":\"rescueME PLB1 Personal Locator Beacon - Ocean Signal\",\"isPartOf\":{\"@id\":\"https:\/\/oceansignal.com\/sk\/#website\"},\"primaryImageOfPage\":{\"@id\":\"https:\/\/oceansignal.com\/sk\/products\/rescueme-plb1\/#primaryimage\"},\"image\":{\"@id\":\"https:\/\/oceansignal.com\/sk\/products\/rescueme-plb1\/#primaryimage\"},\"thumbnailUrl\":\"https:\/\/oceansignal.com\/wp-content\/uploads\/2023\/09\/Ocean-Signal-PLB1-Front-2.png\",\"datePublished\":\"2023-09-07T13:28:52+00:00\",\"dateModified\":\"2025-11-12T10:40:09+00:00\",\"description\":\"Ocean Signal rescueME PLB1 : Ditt kompakte personlige lokaliseringsfyr for utend\u00f8rseventyr. P\u00e5litelig beacon-teknologi for p\u00e5litelig n\u00f8dsignalering. Kj\u00f8p n\u00e5!\",\"breadcrumb\":{\"@id\":\"https:\/\/oceansignal.com\/sk\/products\/rescueme-plb1\/#breadcrumb\"},\"inLanguage\":\"sk-SK\",\"potentialAction\":[{\"@type\":\"ReadAction\",\"target\":[\"https:\/\/oceansignal.com\/sk\/products\/rescueme-plb1\/\"]}]},{\"@type\":\"ImageObject\",\"inLanguage\":\"sk-SK\",\"@id\":\"https:\/\/oceansignal.com\/sk\/products\/rescueme-plb1\/#primaryimage\",\"url\":\"https:\/\/oceansignal.com\/wp-content\/uploads\/2023\/09\/Ocean-Signal-PLB1-Front-2.png\",\"contentUrl\":\"https:\/\/oceansignal.com\/wp-content\/uploads\/2023\/09\/Ocean-Signal-PLB1-Front-2.png\",\"width\":800,\"height\":800},{\"@type\":\"BreadcrumbList\",\"@id\":\"https:\/\/oceansignal.com\/sk\/products\/rescueme-plb1\/#breadcrumb\",\"itemListElement\":[{\"@type\":\"ListItem\",\"position\":1,\"name\":\"Shop\",\"item\":\"https:\/\/oceansignal.com\/sk\/shop\/\"},{\"@type\":\"ListItem\",\"position\":2,\"name\":\"rescueME PLB1 Personal Locator Beacon\"}]},{\"@type\":\"WebSite\",\"@id\":\"https:\/\/oceansignal.com\/sk\/#website\",\"url\":\"https:\/\/oceansignal.com\/sk\/\",\"name\":\"Ocean Signal\",\"description\":\"A leading manufacturer of EPIRBs, AIS, SARTs, Personal Locator Beacons, Man Overboard Beacon for the Marine and Outdoor Markets.\",\"potentialAction\":[{\"@type\":\"SearchAction\",\"target\":{\"@type\":\"EntryPoint\",\"urlTemplate\":\"https:\/\/oceansignal.com\/sk\/?s={search_term_string}\"},\"query-input\":{\"@type\":\"PropertyValueSpecification\",\"valueRequired\":true,\"valueName\":\"search_term_string\"}}],\"inLanguage\":\"sk-SK\"}]}<\/script>\n<!-- \/ Yoast SEO Premium plugin. -->","yoast_head_json":{"title":"rescueME PLB1 Personal Locator Beacon - Ocean Signal","description":"Ocean Signal rescueME PLB1 : Ditt kompakte personlige lokaliseringsfyr for utend\u00f8rseventyr. P\u00e5litelig beacon-teknologi for p\u00e5litelig n\u00f8dsignalering. Kj\u00f8p n\u00e5!","robots":{"index":"index","follow":"follow","max-snippet":"max-snippet:-1","max-image-preview":"max-image-preview:large","max-video-preview":"max-video-preview:-1"},"canonical":"https:\/\/oceansignal.com\/sk\/products\/rescueme-plb1\/","og_locale":"sk_SK","og_type":"article","og_title":"rescueME PLB1 Personal Locator Beacon","og_description":"Ocean Signal rescueME PLB1 : Ditt kompakte personlige lokaliseringsfyr for utend\u00f8rseventyr. P\u00e5litelig beacon-teknologi for p\u00e5litelig n\u00f8dsignalering. Kj\u00f8p n\u00e5!","og_url":"https:\/\/oceansignal.com\/sk\/products\/rescueme-plb1\/","og_site_name":"Ocean Signal","article_modified_time":"2025-11-12T10:40:09+00:00","og_image":[{"width":800,"height":800,"url":"https:\/\/oceansignal.com\/wp-content\/uploads\/2023\/09\/Ocean-Signal-PLB1-Front-2.png","type":"image\/png"}],"twitter_card":"summary_large_image","twitter_misc":{"Predpokladan\u00fd \u010das \u010d\u00edtania":"1 min\u00fata"},"schema":{"@context":"https:\/\/schema.org","@graph":[{"@type":"WebPage","@id":"https:\/\/oceansignal.com\/sk\/products\/rescueme-plb1\/","url":"https:\/\/oceansignal.com\/sk\/products\/rescueme-plb1\/","name":"rescueME PLB1 Personal Locator Beacon - Ocean Signal","isPartOf":{"@id":"https:\/\/oceansignal.com\/sk\/#website"},"primaryImageOfPage":{"@id":"https:\/\/oceansignal.com\/sk\/products\/rescueme-plb1\/#primaryimage"},"image":{"@id":"https:\/\/oceansignal.com\/sk\/products\/rescueme-plb1\/#primaryimage"},"thumbnailUrl":"https:\/\/oceansignal.com\/wp-content\/uploads\/2023\/09\/Ocean-Signal-PLB1-Front-2.png","datePublished":"2023-09-07T13:28:52+00:00","dateModified":"2025-11-12T10:40:09+00:00","description":"Ocean Signal rescueME PLB1 : Ditt kompakte personlige lokaliseringsfyr for utend\u00f8rseventyr. P\u00e5litelig beacon-teknologi for p\u00e5litelig n\u00f8dsignalering. Kj\u00f8p n\u00e5!","breadcrumb":{"@id":"https:\/\/oceansignal.com\/sk\/products\/rescueme-plb1\/#breadcrumb"},"inLanguage":"sk-SK","potentialAction":[{"@type":"ReadAction","target":["https:\/\/oceansignal.com\/sk\/products\/rescueme-plb1\/"]}]},{"@type":"ImageObject","inLanguage":"sk-SK","@id":"https:\/\/oceansignal.com\/sk\/products\/rescueme-plb1\/#primaryimage","url":"https:\/\/oceansignal.com\/wp-content\/uploads\/2023\/09\/Ocean-Signal-PLB1-Front-2.png","contentUrl":"https:\/\/oceansignal.com\/wp-content\/uploads\/2023\/09\/Ocean-Signal-PLB1-Front-2.png","width":800,"height":800},{"@type":"BreadcrumbList","@id":"https:\/\/oceansignal.com\/sk\/products\/rescueme-plb1\/#breadcrumb","itemListElement":[{"@type":"ListItem","position":1,"name":"Shop","item":"https:\/\/oceansignal.com\/sk\/shop\/"},{"@type":"ListItem","position":2,"name":"rescueME PLB1 Personal Locator Beacon"}]},{"@type":"WebSite","@id":"https:\/\/oceansignal.com\/sk\/#website","url":"https:\/\/oceansignal.com\/sk\/","name":"Ocean Signal","description":"A leading manufacturer of EPIRBs, AIS, SARTs, Personal Locator Beacons, Man Overboard Beacon for the Marine and Outdoor Markets.","potentialAction":[{"@type":"SearchAction","target":{"@type":"EntryPoint","urlTemplate":"https:\/\/oceansignal.com\/sk\/?s={search_term_string}"},"query-input":{"@type":"PropertyValueSpecification","valueRequired":true,"valueName":"search_term_string"}}],"inLanguage":"sk-SK"}]}},"_links":{"self":[{"href":"https:\/\/oceansignal.com\/sk\/wp-json\/wp\/v2\/product\/12900","targetHints":{"allow":["GET"]}}],"collection":[{"href":"https:\/\/oceansignal.com\/sk\/wp-json\/wp\/v2\/product"}],"about":[{"href":"https:\/\/oceansignal.com\/sk\/wp-json\/wp\/v2\/types\/product"}],"wp:featuredmedia":[{"embeddable":true,"href":"https:\/\/oceansignal.com\/sk\/wp-json\/wp\/v2\/media\/12459"}],"wp:attachment":[{"href":"https:\/\/oceansignal.com\/sk\/wp-json\/wp\/v2\/media?parent=12900"}],"wp:term":[{"taxonomy":"product_brand","embeddable":true,"href":"https:\/\/oceansignal.com\/sk\/wp-json\/wp\/v2\/product_brand?post=12900"},{"taxonomy":"product_cat","embeddable":true,"href":"https:\/\/oceansignal.com\/sk\/wp-json\/wp\/v2\/product_cat?post=12900"},{"taxonomy":"product_tag","embeddable":true,"href":"https:\/\/oceansignal.com\/sk\/wp-json\/wp\/v2\/product_tag?post=12900"}],"curies":[{"name":"wp","href":"https:\/\/api.w.org\/{rel}","templated":true}]}}