{"id":12901,"date":"2023-09-08T08:24:00","date_gmt":"2023-09-08T08:24:00","guid":{"rendered":"https:\/\/oceansignal.com\/products\/rescueme-edf1-flare\/"},"modified":"2026-01-21T20:24:48","modified_gmt":"2026-01-21T20:24:48","slug":"rescueme-edf1-flare","status":"publish","type":"product","link":"https:\/\/oceansignal.com\/sk\/products\/rescueme-edf1-flare\/","title":{"rendered":"rescueME EDF1 Flare"},"content":{"rendered":"<p>Det elektroniske n\u00f8dblusset <strong>rescueME EDF1<\/strong> tilbyr brukerne en trygg og langvarig l\u00f8sning for visuell signalisering i en n\u00f8dsituasjon. Det unike linsedesignet kombinert med bruk av avanserte LED-er og sv\u00e6rt effektiv kretsteknologi sikrer et konstant lysniv\u00e5 gjennom hele levetiden til det brukerutskiftbare batteriet. <\/p>\n<p>Lysutbyttet er en str\u00e5le p\u00e5 over 30\u00b0 gjennom hele 360\u00b0-asimuten, noe som gir over 6 ganger mer lysdekning enn andre elektroniske bluss*. Lyset fordeles ogs\u00e5 over hele halvkulen over enheten for \u00e5 sikre sikt fra luften. <\/p>\n<p>I motsetning til engangs pyrotekniske bluss kan <strong>rescueME EDF1<\/strong> brukes gjentatte ganger i hvilken som helst av sine fire moduser, noe som sikrer kontinuerlig sikt over en lengre periode. Enheten er b\u00e5de trygg \u00e5 oppbevare og bruke, samtidig som den eliminerer bekymringer forbundet med avhending. Den kompakte st\u00f8rrelsen og det robuste designet gj\u00f8r at <strong>rescueME EDF1<\/strong> er det perfekte sikkerhetsproduktet for en gripeveske, redningsfl\u00e5te eller turryggsekk.  <\/p>\n<p><em>Erstatningsbatteripakken, LB10F, kan bestilles fra <a href=\"https:\/\/oceansignal.com\/support\/dealer-locator\/\">Ocean Signal-forhandlere<\/a> som har EDF1 p\u00e5 lager. Bestillingskoden er 751S-01771. <\/em><\/p>\n<p>Trenger du en godkjent USCG elektronisk bluss: <a href=\"https:\/\/www.acrartex.com\/products\/resqflare-boat-flare\/\">ACR ResQFlare<\/a><\/p>\n","protected":false},"excerpt":{"rendered":"<p>EDF1 LED-n\u00f8dbluss: et utmerket alternativ til tradisjonelle pyrotekniske bluss<\/p>\n<ul>\n<li>Avansert LED-teknologi \u2013 Sikker drift<\/li>\n<li>Enest\u00e5ende 360-graders sikt i Azimuth<\/li>\n<li>Opptil 6 timers batteribruk<\/li>\n<li>Fire driftsmoduser pluss SOS-signalering Enkelt utskiftbart batteri<\/li>\n<li>Rekkevidde opptil 11 km<\/li>\n<li>Batteritestfunksjon<\/li>\n<li>Kompakt, robust design<\/li>\n<li>Utmerket sikt for fly- og helikopter-SAR<\/li>\n<li>Konstant lysstyrke opprettholdes gjennom hele batteriets levetid<\/li>\n<li>Enkelt bytte av utskiftbart batteri<\/li>\n<li>Vanntett ned til 10 meter<\/li>\n<\/ul>\n","protected":false},"featured_media":12049,"template":"","meta":{"_acf_changed":false,"om_disable_all_campaigns":false},"product_brand":[],"product_cat":[691,602],"product_tag":[970,692,971],"class_list":{"0":"post-12901","1":"product","2":"type-product","3":"status-publish","4":"has-post-thumbnail","6":"product_cat-elektronisk-signalering-og-flare","7":"product_cat-rescueme-sk","8":"product_tag-edf1-sk","9":"product_tag-elektronisk-flare","10":"product_tag-flare","12":"first","13":"instock","14":"taxable","15":"shipping-taxable","16":"purchasable","17":"product-type-simple"},"acf":[],"yoast_head":"<!-- This site is optimized with the Yoast SEO Premium plugin v25.2 (Yoast SEO v26.4) - https:\/\/yoast.com\/wordpress\/plugins\/seo\/ -->\n<title>rescueME EDF1 Flare - Ocean Signal<\/title>\n<meta name=\"description\" content=\"Hold deg trygg til sj\u00f8s med Ocean Signal rescueME EDF1 elektronisk n\u00f8dbluss. Kompakt og p\u00e5litelig n\u00f8dsignalisering for maritime n\u00f8dsituasjoner. Kj\u00f8p n\u00e5!\" \/>\n<meta name=\"robots\" content=\"index, follow, max-snippet:-1, max-image-preview:large, max-video-preview:-1\" \/>\n<link rel=\"canonical\" href=\"https:\/\/oceansignal.com\/sk\/products\/rescueme-edf1-flare\/\" \/>\n<meta property=\"og:locale\" content=\"sk_SK\" \/>\n<meta property=\"og:type\" content=\"article\" \/>\n<meta property=\"og:title\" content=\"rescueME EDF1 Flare\" \/>\n<meta property=\"og:description\" content=\"Hold deg trygg til sj\u00f8s med Ocean Signal rescueME EDF1 elektronisk n\u00f8dbluss. Kompakt og p\u00e5litelig n\u00f8dsignalisering for maritime n\u00f8dsituasjoner. Kj\u00f8p n\u00e5!\" \/>\n<meta property=\"og:url\" content=\"https:\/\/oceansignal.com\/sk\/products\/rescueme-edf1-flare\/\" \/>\n<meta property=\"og:site_name\" content=\"Ocean Signal\" \/>\n<meta property=\"article:modified_time\" content=\"2026-01-21T20:24:48+00:00\" \/>\n<meta property=\"og:image\" content=\"https:\/\/oceansignal.com\/wp-content\/uploads\/2023\/09\/Ocean-Signal-EDF1.png\" \/>\n\t<meta property=\"og:image:width\" content=\"800\" \/>\n\t<meta property=\"og:image:height\" content=\"800\" \/>\n\t<meta property=\"og:image:type\" content=\"image\/png\" \/>\n<meta name=\"twitter:card\" content=\"summary_large_image\" \/>\n<meta name=\"twitter:label1\" content=\"Predpokladan\u00fd \u010das \u010d\u00edtania\" \/>\n\t<meta name=\"twitter:data1\" content=\"1 min\u00fata\" \/>\n<script type=\"application\/ld+json\" class=\"yoast-schema-graph\">{\"@context\":\"https:\/\/schema.org\",\"@graph\":[{\"@type\":\"WebPage\",\"@id\":\"https:\/\/oceansignal.com\/sk\/products\/rescueme-edf1-flare\/\",\"url\":\"https:\/\/oceansignal.com\/sk\/products\/rescueme-edf1-flare\/\",\"name\":\"rescueME EDF1 Flare - Ocean Signal\",\"isPartOf\":{\"@id\":\"https:\/\/oceansignal.com\/sk\/#website\"},\"primaryImageOfPage\":{\"@id\":\"https:\/\/oceansignal.com\/sk\/products\/rescueme-edf1-flare\/#primaryimage\"},\"image\":{\"@id\":\"https:\/\/oceansignal.com\/sk\/products\/rescueme-edf1-flare\/#primaryimage\"},\"thumbnailUrl\":\"https:\/\/oceansignal.com\/wp-content\/uploads\/2023\/09\/Ocean-Signal-EDF1.png\",\"datePublished\":\"2023-09-08T08:24:00+00:00\",\"dateModified\":\"2026-01-21T20:24:48+00:00\",\"description\":\"Hold deg trygg til sj\u00f8s med Ocean Signal rescueME EDF1 elektronisk n\u00f8dbluss. Kompakt og p\u00e5litelig n\u00f8dsignalisering for maritime n\u00f8dsituasjoner. Kj\u00f8p n\u00e5!\",\"breadcrumb\":{\"@id\":\"https:\/\/oceansignal.com\/sk\/products\/rescueme-edf1-flare\/#breadcrumb\"},\"inLanguage\":\"sk-SK\",\"potentialAction\":[{\"@type\":\"ReadAction\",\"target\":[\"https:\/\/oceansignal.com\/sk\/products\/rescueme-edf1-flare\/\"]}]},{\"@type\":\"ImageObject\",\"inLanguage\":\"sk-SK\",\"@id\":\"https:\/\/oceansignal.com\/sk\/products\/rescueme-edf1-flare\/#primaryimage\",\"url\":\"https:\/\/oceansignal.com\/wp-content\/uploads\/2023\/09\/Ocean-Signal-EDF1.png\",\"contentUrl\":\"https:\/\/oceansignal.com\/wp-content\/uploads\/2023\/09\/Ocean-Signal-EDF1.png\",\"width\":800,\"height\":800},{\"@type\":\"BreadcrumbList\",\"@id\":\"https:\/\/oceansignal.com\/sk\/products\/rescueme-edf1-flare\/#breadcrumb\",\"itemListElement\":[{\"@type\":\"ListItem\",\"position\":1,\"name\":\"Shop\",\"item\":\"https:\/\/oceansignal.com\/sk\/shop\/\"},{\"@type\":\"ListItem\",\"position\":2,\"name\":\"rescueME EDF1 Flare\"}]},{\"@type\":\"WebSite\",\"@id\":\"https:\/\/oceansignal.com\/sk\/#website\",\"url\":\"https:\/\/oceansignal.com\/sk\/\",\"name\":\"Ocean Signal\",\"description\":\"A leading manufacturer of EPIRBs, AIS, SARTs, Personal Locator Beacons, Man Overboard Beacon for the Marine and Outdoor Markets.\",\"potentialAction\":[{\"@type\":\"SearchAction\",\"target\":{\"@type\":\"EntryPoint\",\"urlTemplate\":\"https:\/\/oceansignal.com\/sk\/?s={search_term_string}\"},\"query-input\":{\"@type\":\"PropertyValueSpecification\",\"valueRequired\":true,\"valueName\":\"search_term_string\"}}],\"inLanguage\":\"sk-SK\"}]}<\/script>\n<!-- \/ Yoast SEO Premium plugin. -->","yoast_head_json":{"title":"rescueME EDF1 Flare - Ocean Signal","description":"Hold deg trygg til sj\u00f8s med Ocean Signal rescueME EDF1 elektronisk n\u00f8dbluss. Kompakt og p\u00e5litelig n\u00f8dsignalisering for maritime n\u00f8dsituasjoner. Kj\u00f8p n\u00e5!","robots":{"index":"index","follow":"follow","max-snippet":"max-snippet:-1","max-image-preview":"max-image-preview:large","max-video-preview":"max-video-preview:-1"},"canonical":"https:\/\/oceansignal.com\/sk\/products\/rescueme-edf1-flare\/","og_locale":"sk_SK","og_type":"article","og_title":"rescueME EDF1 Flare","og_description":"Hold deg trygg til sj\u00f8s med Ocean Signal rescueME EDF1 elektronisk n\u00f8dbluss. Kompakt og p\u00e5litelig n\u00f8dsignalisering for maritime n\u00f8dsituasjoner. Kj\u00f8p n\u00e5!","og_url":"https:\/\/oceansignal.com\/sk\/products\/rescueme-edf1-flare\/","og_site_name":"Ocean Signal","article_modified_time":"2026-01-21T20:24:48+00:00","og_image":[{"width":800,"height":800,"url":"https:\/\/oceansignal.com\/wp-content\/uploads\/2023\/09\/Ocean-Signal-EDF1.png","type":"image\/png"}],"twitter_card":"summary_large_image","twitter_misc":{"Predpokladan\u00fd \u010das \u010d\u00edtania":"1 min\u00fata"},"schema":{"@context":"https:\/\/schema.org","@graph":[{"@type":"WebPage","@id":"https:\/\/oceansignal.com\/sk\/products\/rescueme-edf1-flare\/","url":"https:\/\/oceansignal.com\/sk\/products\/rescueme-edf1-flare\/","name":"rescueME EDF1 Flare - Ocean Signal","isPartOf":{"@id":"https:\/\/oceansignal.com\/sk\/#website"},"primaryImageOfPage":{"@id":"https:\/\/oceansignal.com\/sk\/products\/rescueme-edf1-flare\/#primaryimage"},"image":{"@id":"https:\/\/oceansignal.com\/sk\/products\/rescueme-edf1-flare\/#primaryimage"},"thumbnailUrl":"https:\/\/oceansignal.com\/wp-content\/uploads\/2023\/09\/Ocean-Signal-EDF1.png","datePublished":"2023-09-08T08:24:00+00:00","dateModified":"2026-01-21T20:24:48+00:00","description":"Hold deg trygg til sj\u00f8s med Ocean Signal rescueME EDF1 elektronisk n\u00f8dbluss. Kompakt og p\u00e5litelig n\u00f8dsignalisering for maritime n\u00f8dsituasjoner. Kj\u00f8p n\u00e5!","breadcrumb":{"@id":"https:\/\/oceansignal.com\/sk\/products\/rescueme-edf1-flare\/#breadcrumb"},"inLanguage":"sk-SK","potentialAction":[{"@type":"ReadAction","target":["https:\/\/oceansignal.com\/sk\/products\/rescueme-edf1-flare\/"]}]},{"@type":"ImageObject","inLanguage":"sk-SK","@id":"https:\/\/oceansignal.com\/sk\/products\/rescueme-edf1-flare\/#primaryimage","url":"https:\/\/oceansignal.com\/wp-content\/uploads\/2023\/09\/Ocean-Signal-EDF1.png","contentUrl":"https:\/\/oceansignal.com\/wp-content\/uploads\/2023\/09\/Ocean-Signal-EDF1.png","width":800,"height":800},{"@type":"BreadcrumbList","@id":"https:\/\/oceansignal.com\/sk\/products\/rescueme-edf1-flare\/#breadcrumb","itemListElement":[{"@type":"ListItem","position":1,"name":"Shop","item":"https:\/\/oceansignal.com\/sk\/shop\/"},{"@type":"ListItem","position":2,"name":"rescueME EDF1 Flare"}]},{"@type":"WebSite","@id":"https:\/\/oceansignal.com\/sk\/#website","url":"https:\/\/oceansignal.com\/sk\/","name":"Ocean Signal","description":"A leading manufacturer of EPIRBs, AIS, SARTs, Personal Locator Beacons, Man Overboard Beacon for the Marine and Outdoor Markets.","potentialAction":[{"@type":"SearchAction","target":{"@type":"EntryPoint","urlTemplate":"https:\/\/oceansignal.com\/sk\/?s={search_term_string}"},"query-input":{"@type":"PropertyValueSpecification","valueRequired":true,"valueName":"search_term_string"}}],"inLanguage":"sk-SK"}]}},"_links":{"self":[{"href":"https:\/\/oceansignal.com\/sk\/wp-json\/wp\/v2\/product\/12901","targetHints":{"allow":["GET"]}}],"collection":[{"href":"https:\/\/oceansignal.com\/sk\/wp-json\/wp\/v2\/product"}],"about":[{"href":"https:\/\/oceansignal.com\/sk\/wp-json\/wp\/v2\/types\/product"}],"wp:featuredmedia":[{"embeddable":true,"href":"https:\/\/oceansignal.com\/sk\/wp-json\/wp\/v2\/media\/12049"}],"wp:attachment":[{"href":"https:\/\/oceansignal.com\/sk\/wp-json\/wp\/v2\/media?parent=12901"}],"wp:term":[{"taxonomy":"product_brand","embeddable":true,"href":"https:\/\/oceansignal.com\/sk\/wp-json\/wp\/v2\/product_brand?post=12901"},{"taxonomy":"product_cat","embeddable":true,"href":"https:\/\/oceansignal.com\/sk\/wp-json\/wp\/v2\/product_cat?post=12901"},{"taxonomy":"product_tag","embeddable":true,"href":"https:\/\/oceansignal.com\/sk\/wp-json\/wp\/v2\/product_tag?post=12901"}],"curies":[{"name":"wp","href":"https:\/\/api.w.org\/{rel}","templated":true}]}}