{"id":12903,"date":"2023-09-08T09:20:37","date_gmt":"2023-09-08T09:20:37","guid":{"rendered":"https:\/\/oceansignal.com\/products\/safesea-v100-vhf\/"},"modified":"2026-01-21T19:54:57","modified_gmt":"2026-01-21T19:54:57","slug":"safesea-v100-vhf","status":"publish","type":"product","link":"https:\/\/oceansignal.com\/sk\/products\/safesea-v100-vhf\/","title":{"rendered":"safeSEA V100 VHF"},"content":{"rendered":"<p>For rutinetesting av V100 er et alkalisk, ikke-oppladbart batteri (TB6V) tilgjengelig. Dette batteriet har begrenset levetid kun for testing og er ikke egnet for operativ bruk. I tillegg betyr den nye batteribeskyttelsestappen at prim\u00e6rbatteriet kan festes permanent til radioen uten frykt for \u00e5 miste ladningen. Radioen vil alltid v\u00e6re tilgjengelig for bruk i n\u00f8dssituasjoner uten behov for \u00e5 fjerne beskyttelsesetiketter eller lignende f\u00f8r bruk. Bare bryt av den r\u00f8de beskyttelsestappen og radioen er umiddelbart klar til \u00e5 sl\u00e5s p\u00e5.    <\/p>\n<h4>Funksjoner:<\/h4>\n<ul>\n<li>Lithium Polymer oppladbart batteri alternativ tilgjengelig med hurtiglader, for normal daglig bruk<\/li>\n<li>Helt vanntett, til og med 40C termisk sjokk<\/li>\n<li>H\u00f8yeffektiv sender for maksimal batterilevetid<\/li>\n<li>Robust design overg\u00e5r GMDSS VHF Radio milj\u00f8krav<\/li>\n<li>Litium prim\u00e6rbatteri for n\u00f8dbruk\n<ul>\n<li>Ny batteribeskyttelsesflik beskytter mot utilsiktet bruk<\/li>\n<li>Batteri klassifisert som ikke-farlig for forsendelse<\/li>\n<li>Batteriet gir mer enn 16 timers normal drift, selv ved -20\u00b0C. (10 % Tx, 10 % Rx, 80 % Squelched) <\/li>\n<\/ul>\n<\/li>\n<li>Laseretset n\u00f8kkelforklaring for holdbarhet<\/li>\n<li>H\u00f8y kontrast, bakgrunnsbelyst LCD og tastatur<\/li>\n<li>Robust tilbeh\u00f8rsuttak; vanntett til IP68 for bruk med headset, hjelmer, knyttnevemikser, etc.<\/li>\n<li>4 skannemoduser, D\/W, T\/W, skanning og minneskanning<\/li>\n<li>21 simplekskanaler i henhold til IMO SOLAs krav<\/li>\n<\/ul>\n<p>safeSEA V100 GMDSS VHF-radioen oppfyller de strenge kravene i konvensjonene om globalt maritimt n\u00f8d- og sikkerhetssystem (GMDSS), <a href=\"https:\/\/www.imo.org\/\">Den internasjonale sj\u00f8fartsorganisasjonen (IMO)<\/a> og sikkerhet for liv til sj\u00f8s (SOLAS). Den er i samsvar med internasjonale standarder og sikrer at fart\u00f8yet ditt overholder regelverket og er klar til maritime operasjoner.<\/p>\n<p>Fart\u00f8y som er underlagt <a href=\"https:\/\/www.navcen.uscg.gov\/global-maritime-distress-and-safety-system\">GMDSS<\/a> -forskriftene (Global Maritime Distress and Safety System) er vanligvis p\u00e5lagt \u00e5 ha en GMDSS VHF-radio.<br \/>\n Disse inkluderer:<\/p>\n<ol>\n<li>Passasjerskip, inkludert ferger og cruiseskip.<\/li>\n<li>Lasteskip p\u00e5 300 bruttotonnasje og oppover.<\/li>\n<li>Tankskip, inkludert olje-, kjemikalie- og flytende gassskip.<\/li>\n<li>H\u00f8yhastighetsfart\u00f8y (HSC) p\u00e5 500 bruttotonnasje og oppover.<\/li>\n<li>Offshoreinstallasjoner og mobile offshore boreenheter (MODUer).<\/li>\n<li>Enkelte statlige fart\u00f8yer engasjert i internasjonale reiser.<\/li>\n<\/ol>\n<p>I tillegg kan spesifikke regler gjelde avhengig av fart\u00f8yets flaggstat, operasjonsomr\u00e5de og reisens varighet. Det er viktig \u00e5 konsultere relevante maritime myndigheter og f\u00f8lge gjeldende regelverk for \u00e5 sikre samsvar. <\/p>\n<p>Trenger du \u00e5 oppgradere til en ny AIS EPIRB for \u00e5 v\u00e6re GMDSS-kompatibel? Sjekk ut den nye <a href=\"https:\/\/oceansignal.com\/products\/safesea-epirb3-pro\/\">safeSEA EPIRB3 Pro<\/a> <\/p>\n<p><strong>Viktig:<\/strong> Les denne <a href=\"http:\/\/oceansignal.com\/wp-content\/uploads\/2023\/09\/Service-Information-Letter-V100-Battery-Replacement.pdf\">servicebulletinen<\/a> som informerer om et gratis tilbud om batteribytte p\u00e5 batterier med utl\u00f8psdato som ikke overstiger september 2023.<br \/>\n Ce <a href=\"http:\/\/oceansignal.com\/wp-content\/uploads\/2023\/09\/Service-Information-Letter-V100-Battery-Replacement-Fr.pdf\">bulletin<\/a> est \u00e9galement disponible en langue fran\u00e7aise<\/p>\n","protected":false},"excerpt":{"rendered":"<p>Ocean Signal safeSEA V100 Survival VHF er omhyggelig konstruert for \u00e5 v\u00e6re den ultimate kommunikasjonsl\u00f8sningen for GMDSS-, IMO- og SOLAS-fart\u00f8y. Med sitt robuste design og avanserte funksjoner er denne GMDSS VHF-radioen din livline i n\u00f8dsituasjoner til sj\u00f8s. <\/p>\n<p>Den h\u00e5ndb\u00e6rbare VHF-radioen safeSEA V100 for redningsfart\u00f8y oppfyller alle IMO-kravene for transport p\u00e5 SOLAS-skip. V100 er designet for \u00e5 v\u00e6re ultrarobust og enkel \u00e5 bruke, b\u00e5de om bord og i n\u00f8dsituasjoner, og er det ideelle valget for obligatorisk og frivillig transport. <\/p>\n<p>I tillegg til prim\u00e6rbatteriet, som et alternativ for daglig bruk, tilbyr Ocean Signal et oppladbart litiumpolymerbatteri (RB5V). Hurtigladeren gir den ideelle l\u00f8sningen for \u00e5 holde batteriene fulladet. <\/p>\n<p><a href=\"https:\/\/www.dropbox.com\/s\/fk04stqsp2hgk5f\/Prop%2065%20-%20DEHP.pdf?dl=0\">ADVARSEL: PROP 65<\/a><\/p>\n<p>&nbsp;<\/p>\n<p>&nbsp;<\/p>\n","protected":false},"featured_media":20881,"template":"","meta":{"_acf_changed":false,"om_disable_all_campaigns":false},"product_brand":[],"product_cat":[609],"product_tag":[],"class_list":{"0":"post-12903","1":"product","2":"type-product","3":"status-publish","4":"has-post-thumbnail","6":"product_cat-safesea-sk","8":"first","9":"instock","10":"taxable","11":"shipping-taxable","12":"purchasable","13":"product-type-simple"},"acf":[],"yoast_head":"<!-- This site is optimized with the Yoast SEO Premium plugin v25.2 (Yoast SEO v26.4) - https:\/\/yoast.com\/wordpress\/plugins\/seo\/ -->\n<title>safeSEA V100 VHF - Ocean Signal<\/title>\n<meta name=\"description\" content=\"Ocean Signal safeSEA V100 VHF-radio: GMDSS-kompatibel for SOLAS-fart\u00f8y. Essensielt kommunikasjonsutstyr som sikrer maritim sikkerhet og samsvar med regelverk.\" \/>\n<meta name=\"robots\" content=\"index, follow, max-snippet:-1, max-image-preview:large, max-video-preview:-1\" \/>\n<link rel=\"canonical\" href=\"https:\/\/oceansignal.com\/sk\/products\/safesea-v100-vhf\/\" \/>\n<meta property=\"og:locale\" content=\"sk_SK\" \/>\n<meta property=\"og:type\" content=\"article\" \/>\n<meta property=\"og:title\" content=\"safeSEA V100 VHF\" \/>\n<meta property=\"og:description\" content=\"Ocean Signal safeSEA V100 VHF-radio: GMDSS-kompatibel for SOLAS-fart\u00f8y. Essensielt kommunikasjonsutstyr som sikrer maritim sikkerhet og samsvar med regelverk.\" \/>\n<meta property=\"og:url\" content=\"https:\/\/oceansignal.com\/sk\/products\/safesea-v100-vhf\/\" \/>\n<meta property=\"og:site_name\" content=\"Ocean Signal\" \/>\n<meta property=\"article:modified_time\" content=\"2026-01-21T19:54:57+00:00\" \/>\n<meta property=\"og:image\" content=\"https:\/\/oceansignal.com\/wp-content\/uploads\/2023\/09\/OSL-V100-360_600x600.gif\" \/>\n\t<meta property=\"og:image:width\" content=\"600\" \/>\n\t<meta property=\"og:image:height\" content=\"600\" \/>\n\t<meta property=\"og:image:type\" content=\"image\/gif\" \/>\n<meta name=\"twitter:card\" content=\"summary_large_image\" \/>\n<meta name=\"twitter:label1\" content=\"Predpokladan\u00fd \u010das \u010d\u00edtania\" \/>\n\t<meta name=\"twitter:data1\" content=\"2 min\u00faty\" \/>\n<script type=\"application\/ld+json\" class=\"yoast-schema-graph\">{\"@context\":\"https:\/\/schema.org\",\"@graph\":[{\"@type\":\"WebPage\",\"@id\":\"https:\/\/oceansignal.com\/sk\/products\/safesea-v100-vhf\/\",\"url\":\"https:\/\/oceansignal.com\/sk\/products\/safesea-v100-vhf\/\",\"name\":\"safeSEA V100 VHF - Ocean Signal\",\"isPartOf\":{\"@id\":\"https:\/\/oceansignal.com\/sk\/#website\"},\"primaryImageOfPage\":{\"@id\":\"https:\/\/oceansignal.com\/sk\/products\/safesea-v100-vhf\/#primaryimage\"},\"image\":{\"@id\":\"https:\/\/oceansignal.com\/sk\/products\/safesea-v100-vhf\/#primaryimage\"},\"thumbnailUrl\":\"https:\/\/oceansignal.com\/wp-content\/uploads\/2023\/09\/OSL-V100-360_600x600.gif\",\"datePublished\":\"2023-09-08T09:20:37+00:00\",\"dateModified\":\"2026-01-21T19:54:57+00:00\",\"description\":\"Ocean Signal safeSEA V100 VHF-radio: GMDSS-kompatibel for SOLAS-fart\u00f8y. Essensielt kommunikasjonsutstyr som sikrer maritim sikkerhet og samsvar med regelverk.\",\"breadcrumb\":{\"@id\":\"https:\/\/oceansignal.com\/sk\/products\/safesea-v100-vhf\/#breadcrumb\"},\"inLanguage\":\"sk-SK\",\"potentialAction\":[{\"@type\":\"ReadAction\",\"target\":[\"https:\/\/oceansignal.com\/sk\/products\/safesea-v100-vhf\/\"]}]},{\"@type\":\"ImageObject\",\"inLanguage\":\"sk-SK\",\"@id\":\"https:\/\/oceansignal.com\/sk\/products\/safesea-v100-vhf\/#primaryimage\",\"url\":\"https:\/\/oceansignal.com\/wp-content\/uploads\/2023\/09\/OSL-V100-360_600x600.gif\",\"contentUrl\":\"https:\/\/oceansignal.com\/wp-content\/uploads\/2023\/09\/OSL-V100-360_600x600.gif\",\"width\":600,\"height\":600,\"caption\":\"GMDSS VHF-radio\"},{\"@type\":\"BreadcrumbList\",\"@id\":\"https:\/\/oceansignal.com\/sk\/products\/safesea-v100-vhf\/#breadcrumb\",\"itemListElement\":[{\"@type\":\"ListItem\",\"position\":1,\"name\":\"Shop\",\"item\":\"https:\/\/oceansignal.com\/sk\/shop\/\"},{\"@type\":\"ListItem\",\"position\":2,\"name\":\"safeSEA V100 VHF\"}]},{\"@type\":\"WebSite\",\"@id\":\"https:\/\/oceansignal.com\/sk\/#website\",\"url\":\"https:\/\/oceansignal.com\/sk\/\",\"name\":\"Ocean Signal\",\"description\":\"A leading manufacturer of EPIRBs, AIS, SARTs, Personal Locator Beacons, Man Overboard Beacon for the Marine and Outdoor Markets.\",\"potentialAction\":[{\"@type\":\"SearchAction\",\"target\":{\"@type\":\"EntryPoint\",\"urlTemplate\":\"https:\/\/oceansignal.com\/sk\/?s={search_term_string}\"},\"query-input\":{\"@type\":\"PropertyValueSpecification\",\"valueRequired\":true,\"valueName\":\"search_term_string\"}}],\"inLanguage\":\"sk-SK\"}]}<\/script>\n<!-- \/ Yoast SEO Premium plugin. -->","yoast_head_json":{"title":"safeSEA V100 VHF - Ocean Signal","description":"Ocean Signal safeSEA V100 VHF-radio: GMDSS-kompatibel for SOLAS-fart\u00f8y. Essensielt kommunikasjonsutstyr som sikrer maritim sikkerhet og samsvar med regelverk.","robots":{"index":"index","follow":"follow","max-snippet":"max-snippet:-1","max-image-preview":"max-image-preview:large","max-video-preview":"max-video-preview:-1"},"canonical":"https:\/\/oceansignal.com\/sk\/products\/safesea-v100-vhf\/","og_locale":"sk_SK","og_type":"article","og_title":"safeSEA V100 VHF","og_description":"Ocean Signal safeSEA V100 VHF-radio: GMDSS-kompatibel for SOLAS-fart\u00f8y. Essensielt kommunikasjonsutstyr som sikrer maritim sikkerhet og samsvar med regelverk.","og_url":"https:\/\/oceansignal.com\/sk\/products\/safesea-v100-vhf\/","og_site_name":"Ocean Signal","article_modified_time":"2026-01-21T19:54:57+00:00","og_image":[{"url":"https:\/\/oceansignal.com\/wp-content\/uploads\/2023\/09\/OSL-V100-360_600x600.gif","width":600,"height":600,"type":"image\/gif"}],"twitter_card":"summary_large_image","twitter_misc":{"Predpokladan\u00fd \u010das \u010d\u00edtania":"2 min\u00faty"},"schema":{"@context":"https:\/\/schema.org","@graph":[{"@type":"WebPage","@id":"https:\/\/oceansignal.com\/sk\/products\/safesea-v100-vhf\/","url":"https:\/\/oceansignal.com\/sk\/products\/safesea-v100-vhf\/","name":"safeSEA V100 VHF - Ocean Signal","isPartOf":{"@id":"https:\/\/oceansignal.com\/sk\/#website"},"primaryImageOfPage":{"@id":"https:\/\/oceansignal.com\/sk\/products\/safesea-v100-vhf\/#primaryimage"},"image":{"@id":"https:\/\/oceansignal.com\/sk\/products\/safesea-v100-vhf\/#primaryimage"},"thumbnailUrl":"https:\/\/oceansignal.com\/wp-content\/uploads\/2023\/09\/OSL-V100-360_600x600.gif","datePublished":"2023-09-08T09:20:37+00:00","dateModified":"2026-01-21T19:54:57+00:00","description":"Ocean Signal safeSEA V100 VHF-radio: GMDSS-kompatibel for SOLAS-fart\u00f8y. Essensielt kommunikasjonsutstyr som sikrer maritim sikkerhet og samsvar med regelverk.","breadcrumb":{"@id":"https:\/\/oceansignal.com\/sk\/products\/safesea-v100-vhf\/#breadcrumb"},"inLanguage":"sk-SK","potentialAction":[{"@type":"ReadAction","target":["https:\/\/oceansignal.com\/sk\/products\/safesea-v100-vhf\/"]}]},{"@type":"ImageObject","inLanguage":"sk-SK","@id":"https:\/\/oceansignal.com\/sk\/products\/safesea-v100-vhf\/#primaryimage","url":"https:\/\/oceansignal.com\/wp-content\/uploads\/2023\/09\/OSL-V100-360_600x600.gif","contentUrl":"https:\/\/oceansignal.com\/wp-content\/uploads\/2023\/09\/OSL-V100-360_600x600.gif","width":600,"height":600,"caption":"GMDSS VHF-radio"},{"@type":"BreadcrumbList","@id":"https:\/\/oceansignal.com\/sk\/products\/safesea-v100-vhf\/#breadcrumb","itemListElement":[{"@type":"ListItem","position":1,"name":"Shop","item":"https:\/\/oceansignal.com\/sk\/shop\/"},{"@type":"ListItem","position":2,"name":"safeSEA V100 VHF"}]},{"@type":"WebSite","@id":"https:\/\/oceansignal.com\/sk\/#website","url":"https:\/\/oceansignal.com\/sk\/","name":"Ocean Signal","description":"A leading manufacturer of EPIRBs, AIS, SARTs, Personal Locator Beacons, Man Overboard Beacon for the Marine and Outdoor Markets.","potentialAction":[{"@type":"SearchAction","target":{"@type":"EntryPoint","urlTemplate":"https:\/\/oceansignal.com\/sk\/?s={search_term_string}"},"query-input":{"@type":"PropertyValueSpecification","valueRequired":true,"valueName":"search_term_string"}}],"inLanguage":"sk-SK"}]}},"_links":{"self":[{"href":"https:\/\/oceansignal.com\/sk\/wp-json\/wp\/v2\/product\/12903","targetHints":{"allow":["GET"]}}],"collection":[{"href":"https:\/\/oceansignal.com\/sk\/wp-json\/wp\/v2\/product"}],"about":[{"href":"https:\/\/oceansignal.com\/sk\/wp-json\/wp\/v2\/types\/product"}],"wp:featuredmedia":[{"embeddable":true,"href":"https:\/\/oceansignal.com\/sk\/wp-json\/wp\/v2\/media\/20881"}],"wp:attachment":[{"href":"https:\/\/oceansignal.com\/sk\/wp-json\/wp\/v2\/media?parent=12903"}],"wp:term":[{"taxonomy":"product_brand","embeddable":true,"href":"https:\/\/oceansignal.com\/sk\/wp-json\/wp\/v2\/product_brand?post=12903"},{"taxonomy":"product_cat","embeddable":true,"href":"https:\/\/oceansignal.com\/sk\/wp-json\/wp\/v2\/product_cat?post=12903"},{"taxonomy":"product_tag","embeddable":true,"href":"https:\/\/oceansignal.com\/sk\/wp-json\/wp\/v2\/product_tag?post=12903"}],"curies":[{"name":"wp","href":"https:\/\/api.w.org\/{rel}","templated":true}]}}