{"id":12906,"date":"2023-09-08T13:57:50","date_gmt":"2023-09-08T13:57:50","guid":{"rendered":"https:\/\/oceansignal.com\/products\/safesea-e100-e100g\/"},"modified":"2026-01-21T20:27:17","modified_gmt":"2026-01-21T20:27:17","slug":"safesea-e100-e100g","status":"publish","type":"product","link":"https:\/\/oceansignal.com\/sk\/products\/safesea-e100-e100g\/","title":{"rendered":"safeSEA E100\/E100G"},"content":{"rendered":"<p>safeSEA EPIRB-er opererer i 406 MHz-satellittb\u00e5ndet som overv\u00e5kes av Cospas-Sarsat, den internasjonale satellittoperat\u00f8ren, noe som sikrer at et signal kan lokaliseres uansett hvor det aktiveres p\u00e5 kloden. safeSEA EPIRB-er er ogs\u00e5 utstyrt med en 121,5 MHz-peilesender og et kraftig LED-strobelys for rask lokalisering p\u00e5 stedet. <\/p>\n<p>&nbsp;<\/p>\n<p>safeSEA E100G EPIRB har en dedikert innebygd GPS som sender en sv\u00e6rt n\u00f8yaktig posisjon, noe som reduserer s\u00f8ketiden betraktelig.<\/p>\n<p>&nbsp;<\/p>\n<p>Med den h\u00f8yeste batterilevetiden til safeSEA EPIRB i bransjen, holder en Ocean Signal EPIRB redningstjenestene oppdatert om posisjonen din lenger.<\/p>\n<p>&nbsp;<\/p>\n<p><strong>Funksjoner:<\/strong><\/p>\n<p>&nbsp;<\/p>\n<ul>\n<li>Valg av GPS- og ikke-GPS-modeller\n<ul>\n<li>E100G EPIRB har en toppmoderne 50-kanals GPS-mottaker for rask og n\u00f8yaktig posisjonsinnhenting<\/li>\n<\/ul>\n<\/li>\n<li>Manuell brakett, manuell utl\u00f8serhus og flytefritt husalternativer<\/li>\n<li>Ekstrem batterilevetid selv ved lave temperaturer\n<ul>\n<li>I over 96 timers drift<\/li>\n<\/ul>\n<\/li>\n<li>Brukerutskiftbare batterier med fem \u00e5rs utskiftingsintervall<\/li>\n<li>Intuitive betjeningselementer beskyttet mot utilsiktet aktivering<\/li>\n<li>M\u00f8ter eller overg\u00e5r alle internasjonale standarder<\/li>\n<li>Klasse 2 EPIRB (-20 \u00b0C \u2013 +55 \u00b0C) for generell bruk<\/li>\n<li>Ikke-farlig batteri<\/li>\n<\/ul>\n<p>&nbsp;<\/p>\n<p><strong>Viktig:<\/strong> Les denne <a href=\"http:\/\/oceansignal.com\/wp-content\/uploads\/2023\/09\/Service-Information-Letter-Ocean-Signal-E100-Self-Test-and-exchange.pdf\">servicebulletinen<\/a> som anbefaler at du utf\u00f8rer en selvtest p\u00e5 din safeSEA EPIRB.<\/p>\n<p>&nbsp;<\/p>\n<p><strong>Viktig:<\/strong> Veuillez lire svp ce <a href=\"http:\/\/oceansignal.com\/wp-content\/uploads\/2023\/09\/Bulletin-Technique-DInformation-Auto-Test-EPIRB-Ocean-Signal-E100-June.pdf\">bulletin d&#8217;information<\/a> qui recommande of faire un auto-test of the balise Ocean Signal E100\/E100G de la Gamme safeSEA.<\/p>\n","protected":false},"excerpt":{"rendered":"<p>safeSEA E100 og E100G EPIRB-ene er designet og konstruert for \u00e5 m\u00f8te behovene til alle kommersielle, fiske- og offshore fritidsfart\u00f8y.<\/p>\n<p> <strong>safeSEA E100 og E100G EPIRBS er utg\u00e5tt<\/strong><\/p>\n","protected":false},"featured_media":20812,"template":"","meta":{"_acf_changed":false,"om_disable_all_campaigns":false},"product_brand":[],"product_cat":[984],"product_tag":[],"class_list":{"0":"post-12906","1":"product","2":"type-product","3":"status-publish","4":"has-post-thumbnail","6":"product_cat-avviklet","8":"first","9":"outofstock","10":"taxable","11":"shipping-taxable","12":"product-type-simple"},"acf":[],"yoast_head":"<!-- This site is optimized with the Yoast SEO Premium plugin v25.2 (Yoast SEO v26.4) - https:\/\/yoast.com\/wordpress\/plugins\/seo\/ -->\n<title>safeSEA E100\/E100G - Ocean Signal<\/title>\n<meta name=\"description\" content=\"Ocean Signal E100 EPIRB: Viktig for maritim sikkerhet. \u00d8yeblikkelig n\u00f8dsignalering for rask respons. Forbedre sikkerheten om bord.\" \/>\n<meta name=\"robots\" content=\"index, follow, max-snippet:-1, max-image-preview:large, max-video-preview:-1\" \/>\n<link rel=\"canonical\" href=\"https:\/\/oceansignal.com\/sk\/products\/safesea-e100-e100g\/\" \/>\n<meta property=\"og:locale\" content=\"sk_SK\" \/>\n<meta property=\"og:type\" content=\"article\" \/>\n<meta property=\"og:title\" content=\"safeSEA E100\/E100G\" \/>\n<meta property=\"og:description\" content=\"Ocean Signal E100 EPIRB: Viktig for maritim sikkerhet. \u00d8yeblikkelig n\u00f8dsignalering for rask respons. Forbedre sikkerheten om bord.\" \/>\n<meta property=\"og:url\" content=\"https:\/\/oceansignal.com\/sk\/products\/safesea-e100-e100g\/\" \/>\n<meta property=\"og:site_name\" content=\"Ocean Signal\" \/>\n<meta property=\"article:modified_time\" content=\"2026-01-21T20:27:17+00:00\" \/>\n<meta property=\"og:image\" content=\"https:\/\/oceansignal.com\/wp-content\/uploads\/2023\/09\/OSL-E100-360_600x600.gif\" \/>\n\t<meta property=\"og:image:width\" content=\"600\" \/>\n\t<meta property=\"og:image:height\" content=\"600\" \/>\n\t<meta property=\"og:image:type\" content=\"image\/gif\" \/>\n<meta name=\"twitter:card\" content=\"summary_large_image\" \/>\n<meta name=\"twitter:label1\" content=\"Predpokladan\u00fd \u010das \u010d\u00edtania\" \/>\n\t<meta name=\"twitter:data1\" content=\"1 min\u00fata\" \/>\n<script type=\"application\/ld+json\" class=\"yoast-schema-graph\">{\"@context\":\"https:\/\/schema.org\",\"@graph\":[{\"@type\":\"WebPage\",\"@id\":\"https:\/\/oceansignal.com\/sk\/products\/safesea-e100-e100g\/\",\"url\":\"https:\/\/oceansignal.com\/sk\/products\/safesea-e100-e100g\/\",\"name\":\"safeSEA E100\/E100G - Ocean Signal\",\"isPartOf\":{\"@id\":\"https:\/\/oceansignal.com\/sk\/#website\"},\"primaryImageOfPage\":{\"@id\":\"https:\/\/oceansignal.com\/sk\/products\/safesea-e100-e100g\/#primaryimage\"},\"image\":{\"@id\":\"https:\/\/oceansignal.com\/sk\/products\/safesea-e100-e100g\/#primaryimage\"},\"thumbnailUrl\":\"https:\/\/oceansignal.com\/wp-content\/uploads\/2023\/09\/OSL-E100-360_600x600.gif\",\"datePublished\":\"2023-09-08T13:57:50+00:00\",\"dateModified\":\"2026-01-21T20:27:17+00:00\",\"description\":\"Ocean Signal E100 EPIRB: Viktig for maritim sikkerhet. \u00d8yeblikkelig n\u00f8dsignalering for rask respons. Forbedre sikkerheten om bord.\",\"breadcrumb\":{\"@id\":\"https:\/\/oceansignal.com\/sk\/products\/safesea-e100-e100g\/#breadcrumb\"},\"inLanguage\":\"sk-SK\",\"potentialAction\":[{\"@type\":\"ReadAction\",\"target\":[\"https:\/\/oceansignal.com\/sk\/products\/safesea-e100-e100g\/\"]}]},{\"@type\":\"ImageObject\",\"inLanguage\":\"sk-SK\",\"@id\":\"https:\/\/oceansignal.com\/sk\/products\/safesea-e100-e100g\/#primaryimage\",\"url\":\"https:\/\/oceansignal.com\/wp-content\/uploads\/2023\/09\/OSL-E100-360_600x600.gif\",\"contentUrl\":\"https:\/\/oceansignal.com\/wp-content\/uploads\/2023\/09\/OSL-E100-360_600x600.gif\",\"width\":600,\"height\":600},{\"@type\":\"BreadcrumbList\",\"@id\":\"https:\/\/oceansignal.com\/sk\/products\/safesea-e100-e100g\/#breadcrumb\",\"itemListElement\":[{\"@type\":\"ListItem\",\"position\":1,\"name\":\"Shop\",\"item\":\"https:\/\/oceansignal.com\/sk\/shop\/\"},{\"@type\":\"ListItem\",\"position\":2,\"name\":\"safeSEA E100\/E100G\"}]},{\"@type\":\"WebSite\",\"@id\":\"https:\/\/oceansignal.com\/sk\/#website\",\"url\":\"https:\/\/oceansignal.com\/sk\/\",\"name\":\"Ocean Signal\",\"description\":\"A leading manufacturer of EPIRBs, AIS, SARTs, Personal Locator Beacons, Man Overboard Beacon for the Marine and Outdoor Markets.\",\"potentialAction\":[{\"@type\":\"SearchAction\",\"target\":{\"@type\":\"EntryPoint\",\"urlTemplate\":\"https:\/\/oceansignal.com\/sk\/?s={search_term_string}\"},\"query-input\":{\"@type\":\"PropertyValueSpecification\",\"valueRequired\":true,\"valueName\":\"search_term_string\"}}],\"inLanguage\":\"sk-SK\"}]}<\/script>\n<!-- \/ Yoast SEO Premium plugin. -->","yoast_head_json":{"title":"safeSEA E100\/E100G - Ocean Signal","description":"Ocean Signal E100 EPIRB: Viktig for maritim sikkerhet. \u00d8yeblikkelig n\u00f8dsignalering for rask respons. Forbedre sikkerheten om bord.","robots":{"index":"index","follow":"follow","max-snippet":"max-snippet:-1","max-image-preview":"max-image-preview:large","max-video-preview":"max-video-preview:-1"},"canonical":"https:\/\/oceansignal.com\/sk\/products\/safesea-e100-e100g\/","og_locale":"sk_SK","og_type":"article","og_title":"safeSEA E100\/E100G","og_description":"Ocean Signal E100 EPIRB: Viktig for maritim sikkerhet. \u00d8yeblikkelig n\u00f8dsignalering for rask respons. Forbedre sikkerheten om bord.","og_url":"https:\/\/oceansignal.com\/sk\/products\/safesea-e100-e100g\/","og_site_name":"Ocean Signal","article_modified_time":"2026-01-21T20:27:17+00:00","og_image":[{"url":"https:\/\/oceansignal.com\/wp-content\/uploads\/2023\/09\/OSL-E100-360_600x600.gif","width":600,"height":600,"type":"image\/gif"}],"twitter_card":"summary_large_image","twitter_misc":{"Predpokladan\u00fd \u010das \u010d\u00edtania":"1 min\u00fata"},"schema":{"@context":"https:\/\/schema.org","@graph":[{"@type":"WebPage","@id":"https:\/\/oceansignal.com\/sk\/products\/safesea-e100-e100g\/","url":"https:\/\/oceansignal.com\/sk\/products\/safesea-e100-e100g\/","name":"safeSEA E100\/E100G - Ocean Signal","isPartOf":{"@id":"https:\/\/oceansignal.com\/sk\/#website"},"primaryImageOfPage":{"@id":"https:\/\/oceansignal.com\/sk\/products\/safesea-e100-e100g\/#primaryimage"},"image":{"@id":"https:\/\/oceansignal.com\/sk\/products\/safesea-e100-e100g\/#primaryimage"},"thumbnailUrl":"https:\/\/oceansignal.com\/wp-content\/uploads\/2023\/09\/OSL-E100-360_600x600.gif","datePublished":"2023-09-08T13:57:50+00:00","dateModified":"2026-01-21T20:27:17+00:00","description":"Ocean Signal E100 EPIRB: Viktig for maritim sikkerhet. \u00d8yeblikkelig n\u00f8dsignalering for rask respons. Forbedre sikkerheten om bord.","breadcrumb":{"@id":"https:\/\/oceansignal.com\/sk\/products\/safesea-e100-e100g\/#breadcrumb"},"inLanguage":"sk-SK","potentialAction":[{"@type":"ReadAction","target":["https:\/\/oceansignal.com\/sk\/products\/safesea-e100-e100g\/"]}]},{"@type":"ImageObject","inLanguage":"sk-SK","@id":"https:\/\/oceansignal.com\/sk\/products\/safesea-e100-e100g\/#primaryimage","url":"https:\/\/oceansignal.com\/wp-content\/uploads\/2023\/09\/OSL-E100-360_600x600.gif","contentUrl":"https:\/\/oceansignal.com\/wp-content\/uploads\/2023\/09\/OSL-E100-360_600x600.gif","width":600,"height":600},{"@type":"BreadcrumbList","@id":"https:\/\/oceansignal.com\/sk\/products\/safesea-e100-e100g\/#breadcrumb","itemListElement":[{"@type":"ListItem","position":1,"name":"Shop","item":"https:\/\/oceansignal.com\/sk\/shop\/"},{"@type":"ListItem","position":2,"name":"safeSEA E100\/E100G"}]},{"@type":"WebSite","@id":"https:\/\/oceansignal.com\/sk\/#website","url":"https:\/\/oceansignal.com\/sk\/","name":"Ocean Signal","description":"A leading manufacturer of EPIRBs, AIS, SARTs, Personal Locator Beacons, Man Overboard Beacon for the Marine and Outdoor Markets.","potentialAction":[{"@type":"SearchAction","target":{"@type":"EntryPoint","urlTemplate":"https:\/\/oceansignal.com\/sk\/?s={search_term_string}"},"query-input":{"@type":"PropertyValueSpecification","valueRequired":true,"valueName":"search_term_string"}}],"inLanguage":"sk-SK"}]}},"_links":{"self":[{"href":"https:\/\/oceansignal.com\/sk\/wp-json\/wp\/v2\/product\/12906","targetHints":{"allow":["GET"]}}],"collection":[{"href":"https:\/\/oceansignal.com\/sk\/wp-json\/wp\/v2\/product"}],"about":[{"href":"https:\/\/oceansignal.com\/sk\/wp-json\/wp\/v2\/types\/product"}],"wp:featuredmedia":[{"embeddable":true,"href":"https:\/\/oceansignal.com\/sk\/wp-json\/wp\/v2\/media\/20812"}],"wp:attachment":[{"href":"https:\/\/oceansignal.com\/sk\/wp-json\/wp\/v2\/media?parent=12906"}],"wp:term":[{"taxonomy":"product_brand","embeddable":true,"href":"https:\/\/oceansignal.com\/sk\/wp-json\/wp\/v2\/product_brand?post=12906"},{"taxonomy":"product_cat","embeddable":true,"href":"https:\/\/oceansignal.com\/sk\/wp-json\/wp\/v2\/product_cat?post=12906"},{"taxonomy":"product_tag","embeddable":true,"href":"https:\/\/oceansignal.com\/sk\/wp-json\/wp\/v2\/product_tag?post=12906"}],"curies":[{"name":"wp","href":"https:\/\/api.w.org\/{rel}","templated":true}]}}