{"id":29843,"date":"2025-11-12T21:58:44","date_gmt":"2025-11-12T21:58:44","guid":{"rendered":"https:\/\/oceansignal.com\/?post_type=product&#038;p=29843"},"modified":"2026-03-24T16:21:54","modified_gmt":"2026-03-24T16:21:54","slug":"safesea-s200-ais-sart","status":"publish","type":"product","link":"https:\/\/oceansignal.com\/sk\/products\/safesea-s200-ais-sart\/","title":{"rendered":"safeSEA S200 AIS SART"},"content":{"rendered":"<p>S200 SART er bygget p\u00e5 den velpr\u00f8vde designen til S100, og tilbyr forbedret n\u00f8dvarsling gjennom AIS-teknologi (Automatic Identification System), og g\u00e5r utover tradisjonelle radarbaserte systemer. Denne banebrytende enheten sender presise GNSS\/GPS-satellittkoordinater til alle AIS-utstyrte fart\u00f8y innenfor VHF-rekkevidde, noe som sikrer at n\u00f8dhjelp raskt sendes ut n\u00e5r det er n\u00f8dvendig. <\/p>\n<p>Med en gjennomsnittlig deteksjonsrekkevidde p\u00e5 5 nautiske mil integrerer S200 NFC-teknologi (Near Field Communication) for enkel produktregistrering og tilgang til testdata. Det h\u00f8ytytende litiumbatteriet gir opptil 96 timers driftslevetid, noe som sikrer utvidet p\u00e5litelighet under de t\u00f8ffeste forhold. Det AIS-baserte systemet gir ogs\u00e5 overlegen ytelse i d\u00e5rlig v\u00e6r, med redusert mottakelighet for forstyrrelser fra kraftig regn eller t\u00e5ke.  <\/p>\n<p>S200 er designet med tanke p\u00e5 bekvemmelighet, og inkluderer et elegant veggfeste for enkel tilgang i n\u00f8dstilfeller. En valgfri teleskopstang, som strekker seg 1 meter, kan festes for maksimal h\u00f8yde og synlighet n\u00e5r den er utl\u00f8st fra en redningsfart\u00f8y, og SART-en kan henges opp inne i fart\u00f8yet for h\u00e5ndfri bruk. <\/p>\n<p>S200 er bygget for \u00e5 t\u00e5le de t\u00f8ffeste maritime milj\u00f8ene, og er en p\u00e5litelig partner i enhver n\u00f8dsituasjon. Den sikrer at n\u00f8dsignalet ditt n\u00e5r alle AIS-utstyrte fart\u00f8y innen rekkevidde. Den robuste konstruksjonen garanterer at den vil v\u00e6re operativ n\u00e5r du trenger den som mest, noe som gir deg trygghet p\u00e5 vannet. <\/p>\n<p><strong>Krav til vogn<\/strong><\/p>\n<ul>\n<li>Alle IMO SOLAS-fart\u00f8y p\u00e5 internasjonale reiser er p\u00e5lagt \u00e5 ha med seg en SART-kode.<\/li>\n<li>Bruttoregistertonn (BRT) p\u00e5 300\u2013500 m\u00e5 ha minst \u00e9n SART<\/li>\n<li>Over 500 bruttoregistertonn (BRT) m\u00e5 det medbringes minst 2 SART-er<\/li>\n<li>1 SART for hver fjerde redningsfl\u00e5te p\u00e5 Ro-Ro-passasjerskip<\/li>\n<li>Passasjerskip av alle st\u00f8rrelser m\u00e5 ha minst to SART-er uavhengig av tonnasje.<\/li>\n<li>Livb\u00e5ter: SOLAS krever at minst \u00e9n SART skal v\u00e6re tilgjengelig for bruk i hver redningsfarkost.<\/li>\n<li>Redningsfl\u00e5ter: For passasjerskip, hvis det er mer enn to redningsfl\u00e5ter, b\u00f8r det finnes ekstra SART-er, slik at minst \u00e9n SART er tilgjengelig for hver andre redningsfl\u00e5ter.<\/li>\n<\/ul>\n<p>&nbsp;<\/p>\n","protected":false},"excerpt":{"rendered":"<p>S200 SART er en IMO SOLAS-kompatibel AIS-s\u00f8k- og redningssender (SART), som gir fart\u00f8y som er p\u00e5lagt \u00e5 overholde GMDSS-forskrifter en p\u00e5litelig l\u00f8sning for \u00e5 oppfylle obligatoriske SART-transportkrav. Ved \u00e5 bruke AIS klasse A-posisjonsrapporter, sender S200 \u00e5tte posisjonsrapportmeldinger per minutt, noe som muliggj\u00f8r sporing i sanntid i kritiske situasjoner. <\/p>\n<p><strong>Denne enheten er ikke autorisert i henhold til FCC-forskriftene. Denne enheten er ikke, og kan ikke, tilbys for salg eller leasing, eller selges eller leases, i USA f\u00f8r autorisasjon er innhentet. <\/strong><\/p>\n<p><a href=\"https:\/\/www.dropbox.com\/s\/fk04stqsp2hgk5f\/Prop%2065%20-%20DEHP.pdf?dl=0\">ADVARSEL: PROP 65<\/a><\/p>\n<p>&nbsp;<\/p>\n","protected":false},"featured_media":29812,"template":"","meta":{"_acf_changed":false,"om_disable_all_campaigns":false},"product_brand":[],"product_cat":[609],"product_tag":[],"class_list":{"0":"post-29843","1":"product","2":"type-product","3":"status-publish","4":"has-post-thumbnail","6":"product_cat-safesea-sk","8":"first","9":"instock","10":"taxable","11":"shipping-taxable","12":"purchasable","13":"product-type-simple"},"acf":[],"yoast_head":"<!-- This site is optimized with the Yoast SEO Premium plugin v25.2 (Yoast SEO v26.4) - https:\/\/yoast.com\/wordpress\/plugins\/seo\/ -->\n<title>Ocean Signal safeSEA S200 AIS SART - Ocean Signal<\/title>\n<meta name=\"description\" content=\"S200 AIS SART, eller s\u00f8k- og redningssender, for GMDSS- og SOLAS-fart\u00f8y forbedrer maritim sikkerhet og kommunikasjon i en n\u00f8dsituasjon.\" \/>\n<meta name=\"robots\" content=\"index, follow, max-snippet:-1, max-image-preview:large, max-video-preview:-1\" \/>\n<link rel=\"canonical\" href=\"https:\/\/oceansignal.com\/sk\/products\/safesea-s200-ais-sart\/\" \/>\n<meta property=\"og:locale\" content=\"sk_SK\" \/>\n<meta property=\"og:type\" content=\"article\" \/>\n<meta property=\"og:title\" content=\"safeSEA S200 AIS SART\" \/>\n<meta property=\"og:description\" content=\"S200 AIS SART, eller s\u00f8k- og redningssender, for GMDSS- og SOLAS-fart\u00f8y forbedrer maritim sikkerhet og kommunikasjon i en n\u00f8dsituasjon.\" \/>\n<meta property=\"og:url\" content=\"https:\/\/oceansignal.com\/sk\/products\/safesea-s200-ais-sart\/\" \/>\n<meta property=\"og:site_name\" content=\"Ocean Signal\" \/>\n<meta property=\"article:modified_time\" content=\"2026-03-24T16:21:54+00:00\" \/>\n<meta property=\"og:image\" content=\"https:\/\/oceansignal.com\/wp-content\/uploads\/2025\/06\/OSL-AIS-SART-Front-1024x1024.png\" \/>\n\t<meta property=\"og:image:width\" content=\"1024\" \/>\n\t<meta property=\"og:image:height\" content=\"1024\" \/>\n\t<meta property=\"og:image:type\" content=\"image\/png\" \/>\n<meta name=\"twitter:card\" content=\"summary_large_image\" \/>\n<meta name=\"twitter:label1\" content=\"Predpokladan\u00fd \u010das \u010d\u00edtania\" \/>\n\t<meta name=\"twitter:data1\" content=\"2 min\u00faty\" \/>\n<script type=\"application\/ld+json\" class=\"yoast-schema-graph\">{\"@context\":\"https:\/\/schema.org\",\"@graph\":[{\"@type\":\"WebPage\",\"@id\":\"https:\/\/oceansignal.com\/sk\/products\/safesea-s200-ais-sart\/\",\"url\":\"https:\/\/oceansignal.com\/sk\/products\/safesea-s200-ais-sart\/\",\"name\":\"Ocean Signal safeSEA S200 AIS SART - Ocean Signal\",\"isPartOf\":{\"@id\":\"https:\/\/oceansignal.com\/sk\/#website\"},\"primaryImageOfPage\":{\"@id\":\"https:\/\/oceansignal.com\/sk\/products\/safesea-s200-ais-sart\/#primaryimage\"},\"image\":{\"@id\":\"https:\/\/oceansignal.com\/sk\/products\/safesea-s200-ais-sart\/#primaryimage\"},\"thumbnailUrl\":\"https:\/\/oceansignal.com\/wp-content\/uploads\/2025\/06\/OSL-AIS-SART-Front.png\",\"datePublished\":\"2025-11-12T21:58:44+00:00\",\"dateModified\":\"2026-03-24T16:21:54+00:00\",\"description\":\"S200 AIS SART, eller s\u00f8k- og redningssender, for GMDSS- og SOLAS-fart\u00f8y forbedrer maritim sikkerhet og kommunikasjon i en n\u00f8dsituasjon.\",\"breadcrumb\":{\"@id\":\"https:\/\/oceansignal.com\/sk\/products\/safesea-s200-ais-sart\/#breadcrumb\"},\"inLanguage\":\"sk-SK\",\"potentialAction\":[{\"@type\":\"ReadAction\",\"target\":[\"https:\/\/oceansignal.com\/sk\/products\/safesea-s200-ais-sart\/\"]}]},{\"@type\":\"ImageObject\",\"inLanguage\":\"sk-SK\",\"@id\":\"https:\/\/oceansignal.com\/sk\/products\/safesea-s200-ais-sart\/#primaryimage\",\"url\":\"https:\/\/oceansignal.com\/wp-content\/uploads\/2025\/06\/OSL-AIS-SART-Front.png\",\"contentUrl\":\"https:\/\/oceansignal.com\/wp-content\/uploads\/2025\/06\/OSL-AIS-SART-Front.png\",\"width\":3850,\"height\":3850,\"caption\":\"S200 AIS SART eller s\u00f8k- og redningssender for GMDSS- og SOLAS-fart\u00f8y\"},{\"@type\":\"BreadcrumbList\",\"@id\":\"https:\/\/oceansignal.com\/sk\/products\/safesea-s200-ais-sart\/#breadcrumb\",\"itemListElement\":[{\"@type\":\"ListItem\",\"position\":1,\"name\":\"Shop\",\"item\":\"https:\/\/oceansignal.com\/sk\/shop\/\"},{\"@type\":\"ListItem\",\"position\":2,\"name\":\"safeSEA S200 AIS SART\"}]},{\"@type\":\"WebSite\",\"@id\":\"https:\/\/oceansignal.com\/sk\/#website\",\"url\":\"https:\/\/oceansignal.com\/sk\/\",\"name\":\"Ocean Signal\",\"description\":\"A leading manufacturer of EPIRBs, AIS, SARTs, Personal Locator Beacons, Man Overboard Beacon for the Marine and Outdoor Markets.\",\"potentialAction\":[{\"@type\":\"SearchAction\",\"target\":{\"@type\":\"EntryPoint\",\"urlTemplate\":\"https:\/\/oceansignal.com\/sk\/?s={search_term_string}\"},\"query-input\":{\"@type\":\"PropertyValueSpecification\",\"valueRequired\":true,\"valueName\":\"search_term_string\"}}],\"inLanguage\":\"sk-SK\"}]}<\/script>\n<!-- \/ Yoast SEO Premium plugin. -->","yoast_head_json":{"title":"Ocean Signal safeSEA S200 AIS SART - Ocean Signal","description":"S200 AIS SART, eller s\u00f8k- og redningssender, for GMDSS- og SOLAS-fart\u00f8y forbedrer maritim sikkerhet og kommunikasjon i en n\u00f8dsituasjon.","robots":{"index":"index","follow":"follow","max-snippet":"max-snippet:-1","max-image-preview":"max-image-preview:large","max-video-preview":"max-video-preview:-1"},"canonical":"https:\/\/oceansignal.com\/sk\/products\/safesea-s200-ais-sart\/","og_locale":"sk_SK","og_type":"article","og_title":"safeSEA S200 AIS SART","og_description":"S200 AIS SART, eller s\u00f8k- og redningssender, for GMDSS- og SOLAS-fart\u00f8y forbedrer maritim sikkerhet og kommunikasjon i en n\u00f8dsituasjon.","og_url":"https:\/\/oceansignal.com\/sk\/products\/safesea-s200-ais-sart\/","og_site_name":"Ocean Signal","article_modified_time":"2026-03-24T16:21:54+00:00","og_image":[{"width":1024,"height":1024,"url":"https:\/\/oceansignal.com\/wp-content\/uploads\/2025\/06\/OSL-AIS-SART-Front-1024x1024.png","type":"image\/png"}],"twitter_card":"summary_large_image","twitter_misc":{"Predpokladan\u00fd \u010das \u010d\u00edtania":"2 min\u00faty"},"schema":{"@context":"https:\/\/schema.org","@graph":[{"@type":"WebPage","@id":"https:\/\/oceansignal.com\/sk\/products\/safesea-s200-ais-sart\/","url":"https:\/\/oceansignal.com\/sk\/products\/safesea-s200-ais-sart\/","name":"Ocean Signal safeSEA S200 AIS SART - Ocean Signal","isPartOf":{"@id":"https:\/\/oceansignal.com\/sk\/#website"},"primaryImageOfPage":{"@id":"https:\/\/oceansignal.com\/sk\/products\/safesea-s200-ais-sart\/#primaryimage"},"image":{"@id":"https:\/\/oceansignal.com\/sk\/products\/safesea-s200-ais-sart\/#primaryimage"},"thumbnailUrl":"https:\/\/oceansignal.com\/wp-content\/uploads\/2025\/06\/OSL-AIS-SART-Front.png","datePublished":"2025-11-12T21:58:44+00:00","dateModified":"2026-03-24T16:21:54+00:00","description":"S200 AIS SART, eller s\u00f8k- og redningssender, for GMDSS- og SOLAS-fart\u00f8y forbedrer maritim sikkerhet og kommunikasjon i en n\u00f8dsituasjon.","breadcrumb":{"@id":"https:\/\/oceansignal.com\/sk\/products\/safesea-s200-ais-sart\/#breadcrumb"},"inLanguage":"sk-SK","potentialAction":[{"@type":"ReadAction","target":["https:\/\/oceansignal.com\/sk\/products\/safesea-s200-ais-sart\/"]}]},{"@type":"ImageObject","inLanguage":"sk-SK","@id":"https:\/\/oceansignal.com\/sk\/products\/safesea-s200-ais-sart\/#primaryimage","url":"https:\/\/oceansignal.com\/wp-content\/uploads\/2025\/06\/OSL-AIS-SART-Front.png","contentUrl":"https:\/\/oceansignal.com\/wp-content\/uploads\/2025\/06\/OSL-AIS-SART-Front.png","width":3850,"height":3850,"caption":"S200 AIS SART eller s\u00f8k- og redningssender for GMDSS- og SOLAS-fart\u00f8y"},{"@type":"BreadcrumbList","@id":"https:\/\/oceansignal.com\/sk\/products\/safesea-s200-ais-sart\/#breadcrumb","itemListElement":[{"@type":"ListItem","position":1,"name":"Shop","item":"https:\/\/oceansignal.com\/sk\/shop\/"},{"@type":"ListItem","position":2,"name":"safeSEA S200 AIS SART"}]},{"@type":"WebSite","@id":"https:\/\/oceansignal.com\/sk\/#website","url":"https:\/\/oceansignal.com\/sk\/","name":"Ocean Signal","description":"A leading manufacturer of EPIRBs, AIS, SARTs, Personal Locator Beacons, Man Overboard Beacon for the Marine and Outdoor Markets.","potentialAction":[{"@type":"SearchAction","target":{"@type":"EntryPoint","urlTemplate":"https:\/\/oceansignal.com\/sk\/?s={search_term_string}"},"query-input":{"@type":"PropertyValueSpecification","valueRequired":true,"valueName":"search_term_string"}}],"inLanguage":"sk-SK"}]}},"_links":{"self":[{"href":"https:\/\/oceansignal.com\/sk\/wp-json\/wp\/v2\/product\/29843","targetHints":{"allow":["GET"]}}],"collection":[{"href":"https:\/\/oceansignal.com\/sk\/wp-json\/wp\/v2\/product"}],"about":[{"href":"https:\/\/oceansignal.com\/sk\/wp-json\/wp\/v2\/types\/product"}],"wp:featuredmedia":[{"embeddable":true,"href":"https:\/\/oceansignal.com\/sk\/wp-json\/wp\/v2\/media\/29812"}],"wp:attachment":[{"href":"https:\/\/oceansignal.com\/sk\/wp-json\/wp\/v2\/media?parent=29843"}],"wp:term":[{"taxonomy":"product_brand","embeddable":true,"href":"https:\/\/oceansignal.com\/sk\/wp-json\/wp\/v2\/product_brand?post=29843"},{"taxonomy":"product_cat","embeddable":true,"href":"https:\/\/oceansignal.com\/sk\/wp-json\/wp\/v2\/product_cat?post=29843"},{"taxonomy":"product_tag","embeddable":true,"href":"https:\/\/oceansignal.com\/sk\/wp-json\/wp\/v2\/product_tag?post=29843"}],"curies":[{"name":"wp","href":"https:\/\/api.w.org\/{rel}","templated":true}]}}